{"id":41615,"date":"2025-07-02T00:17:15","date_gmt":"2025-07-01T16:17:15","guid":{"rendered":"https:\/\/aiviouvapes.com\/?post_type=product&#038;p=41615"},"modified":"2026-04-15T09:06:42","modified_gmt":"2026-04-15T01:06:42","slug":"bang-king-triple-flavors-85000","status":"publish","type":"product","link":"https:\/\/aiviouvapes.com\/pl\/product\/bang-king-triple-flavors-85000\/","title":{"rendered":"Bang King 85K 3-w-1 85000 Puffs | potr\u00f3jny smak jednorazowy vape luzem"},"content":{"rendered":"<h2>\ud83c\udf89 <strong>Dlaczego warto kupi\u0107 Bang King 85K?<\/strong><\/h2>\n<p>Je\u015bli pragniesz d\u0142ugotrwa\u0142ej, mocnej waporyzacji z najwy\u017csz\u0105 elastyczno\u015bci\u0105 smaku, Bang King 85K to tw\u00f3j nowy najlepszy przyjaciel. Ciesz si\u0119 <strong>85 000 zaci\u0105gni\u0119\u0107<\/strong>, ogromny <strong>63 ml<\/strong> Ca\u0142kowita pojemno\u015b\u0107 e-liquidu i swoboda prze\u0142\u0105czania mi\u0119dzy trzema regulowanymi smakami. Niezale\u017cnie od tego, czy lubisz mieszanki owocowe, lodowe czy inspirowane sod\u0105, ten vape z potr\u00f3jn\u0105 cewk\u0105 siatkow\u0105 zapewnia g\u0142adkie, sp\u00f3jne chmury przy ka\u017cdym uderzeniu. Idealny dla nabywc\u00f3w hurtowych, sprzedawc\u00f3w detalicznych lub intensywnych vaper\u00f3w poszukuj\u0105cych niezawodnych, satysfakcjonuj\u0105cych sesji.<\/p>\n<h3>\ud83d\udd0d <strong>Specyfikacje<\/strong><\/h3>\n<ul>\n<li><strong>Moc nikotyny:<\/strong> 0% \/ 2% \/ 3% \/ 5%<\/li>\n<li><strong>Liczba zaci\u0105gni\u0119\u0107:<\/strong> 85 000 zaci\u0105gni\u0119\u0107<\/li>\n<li><strong>Regulowane smaki:<\/strong> 3 regulowane smaki<\/li>\n<li><strong>Pojemno\u015b\u0107 e-liquidu:<\/strong> 21 ml \u00d7 3 (\u0142\u0105cznie 63 ml)<\/li>\n<li><strong>Pojemno\u015b\u0107 akumulatora:<\/strong> 600mAh akumulator<\/li>\n<li><strong>Typ cewki:<\/strong> Cewka z potr\u00f3jn\u0105 siatk\u0105 (1,0\u03a9)<\/li>\n<li><strong>Wy\u015bwietlacz:<\/strong> Ekran LED<\/li>\n<li><strong>\u0141adowanie:<\/strong> Typ-C<\/li>\n<li><strong>Opakowanie:<\/strong> 10 sztuk w opakowaniu<\/li>\n<li><strong>Opcje smakowe:<\/strong> 16 kombinacji o potr\u00f3jnym smaku<\/li>\n<\/ul>\n<h3>\ud83c\udf08 <strong>Opcje smakowe<\/strong><\/h3>\n<p>Poznaj te przepyszne kombinacje, kt\u00f3re zaspokoj\u0105 ka\u017cdy gust:<\/p>\n<ul>\n<li>Watermelon Ice &amp; Red Bull &amp; Strawberry Kiwi<\/li>\n<li>Cola truskawkowo-waniliowa &amp; Black Dragon Ice &amp; Peach Ice<\/li>\n<li>Blueberry Ice &amp; Lemon Lime &amp; Strawberry Watermelon<\/li>\n<li>Kiwi Passion Fruit Guava &amp; Lush Ice &amp; Straw Mango<\/li>\n<li>Banan truskawkowy &amp; R\u00f3\u017cowa lemoniada &amp; Arbuz malinowy<\/li>\n<li>Blue Razz Ice &amp; Strawberry Watermelon &amp; Watermelon Ice<\/li>\n<li>Peach Mango &amp; Blue Razz Cherry &amp; Cool Mint<\/li>\n<li>Berry Lemonade &amp; Strawberry Red Bull &amp; Strawberry Pomp<\/li>\n<li>Owoce tropikalne i cytryna Brzoskwinia i truskawka Arbuz<\/li>\n<li>Podw\u00f3jne jab\u0142ko i ananas Ice &amp; Fruity Fusion<\/li>\n<li>Ananasowo-kokosowy &amp; Blue Razz &amp; Truskawkowo-bananowy<\/li>\n<li>Cola Ice &amp; Cherry Cola &amp; Mr Blue<\/li>\n<li>Arbuz truskawkowy i potr\u00f3jny melon oraz l\u00f3d truskawkowy<\/li>\n<li>P\u0105czek truskawkowy &amp; Love 66 &amp; l\u00f3d bananowy<\/li>\n<li>Mieszane jagody i mango, brzoskwinia i l\u00f3d winogronowy<\/li>\n<li>Ice Tea Lemon Ice &amp; Lychee Ice &amp; Mango On Ice<\/li>\n<\/ul>","protected":false},"excerpt":{"rendered":"<p>Przygotuj si\u0119 na potr\u00f3jn\u0105 moc smaku! Nowy Bang King 85K zapewnia 85 000 zaci\u0105gni\u0119\u0107, 3 regulowane smaki i ogromn\u0105 pojemno\u015b\u0107 w jednym odwa\u017cnym, jednorazowym waporyzatorze wielokrotnego \u0142adowania.<\/p>","protected":false},"featured_media":41617,"comment_status":"open","ping_status":"closed","template":"","meta":[],"product_brand":[239],"product_cat":[37,336,242,320,90],"product_tag":[384,382,381,383,385],"class_list":{"0":"post-41615","1":"product","2":"type-product","3":"status-publish","4":"has-post-thumbnail","6":"product_brand-bang","7":"product_cat-bang","8":"product_cat-100k-puffs-disposable-vape","9":"product_cat-60000-puffs-disposable-vape","10":"product_cat-best-disposable-vapes","11":"product_cat-big-puffs-vapes","12":"product_tag-3-in-1-adjustable-flavor-vape","13":"product_tag-85000-puffs-triple-flavor-vape","14":"product_tag-bang-king-85k-disposable-vape","15":"product_tag-bulk-rechargeable-vape-device","16":"product_tag-long-lasting-mesh-coil-vape","18":"first","19":"instock","20":"shipping-taxable","21":"purchasable","22":"product-type-variable","23":"has-default-attributes"},"jetpack_sharing_enabled":true,"tiered_pricing_type":"fixed","tiered_pricing_fixed_rules":{"2000":5.37000000000000010658141036401502788066864013671875},"tiered_pricing_product_settings":{"layout":"default","base_unit_name":{"singular":null,"plural":null},"default_variation":null},"tiered_pricing_minimum_quantity":1000,"tiered_pricing_roles_data":[],"tiered_pricing_percentage_rules":[],"tiered_pricing_maximum_quantity":null,"tiered_pricing_quantity_step":"10","_links":{"self":[{"href":"https:\/\/aiviouvapes.com\/pl\/wp-json\/wp\/v2\/product\/41615","targetHints":{"allow":["GET"]}}],"collection":[{"href":"https:\/\/aiviouvapes.com\/pl\/wp-json\/wp\/v2\/product"}],"about":[{"href":"https:\/\/aiviouvapes.com\/pl\/wp-json\/wp\/v2\/types\/product"}],"replies":[{"embeddable":true,"href":"https:\/\/aiviouvapes.com\/pl\/wp-json\/wp\/v2\/comments?post=41615"}],"wp:featuredmedia":[{"embeddable":true,"href":"https:\/\/aiviouvapes.com\/pl\/wp-json\/wp\/v2\/media\/41617"}],"wp:attachment":[{"href":"https:\/\/aiviouvapes.com\/pl\/wp-json\/wp\/v2\/media?parent=41615"}],"wp:term":[{"taxonomy":"product_brand","embeddable":true,"href":"https:\/\/aiviouvapes.com\/pl\/wp-json\/wp\/v2\/product_brand?post=41615"},{"taxonomy":"product_cat","embeddable":true,"href":"https:\/\/aiviouvapes.com\/pl\/wp-json\/wp\/v2\/product_cat?post=41615"},{"taxonomy":"product_tag","embeddable":true,"href":"https:\/\/aiviouvapes.com\/pl\/wp-json\/wp\/v2\/product_tag?post=41615"}],"curies":[{"name":"wp","href":"https:\/\/api.w.org\/{rel}","templated":true}]}}