{"id":40311,"date":"2025-06-26T10:24:16","date_gmt":"2025-06-26T02:24:16","guid":{"rendered":"https:\/\/aiviouvapes.com\/?post_type=product&#038;p=40311"},"modified":"2026-04-17T13:00:48","modified_gmt":"2026-04-17T05:00:48","slug":"vozol-gear-shisha-25000","status":"publish","type":"product","link":"https:\/\/aiviouvapes.com\/pl\/product\/vozol-gear-shisha-25000\/","title":{"rendered":"Vozol GEAR SHISHA 25000 | 25k dual mode 25000 puff, smart screen bulk disposable vape"},"content":{"rendered":"<p><img data-recalc-dims=\"1\" loading=\"lazy\" decoding=\"async\" class=\"alignnone\" src=\"https:\/\/i0.wp.com\/sleekvape.com\/cdn-cgi\/image\/width%3D1015%2Cheight%3D599%2Cfit%3Dcrop%2Cquality%3D90%2Cgravity%3Dauto%2Csharpen%3D1%2Cmetadata%3Dnone%2Cformat%3Dauto%2Conerror%3Dredirect\/wp-content\/uploads\/2025\/04\/vozol-%E6%98%AF%E5%95%A5.png?resize=1020%2C602&#038;ssl=1\" alt=\"Obraz promocyjny przedstawiaj\u0105cy VozoL Pod System, podkre\u015blaj\u0105cy takie funkcje, jak pierwszy na \u015bwiecie jednorazowy DTL z interaktywnym d\u017awi\u0119kiem, wytrzyma\u0142a bateria 1000 mAh, inteligentny chip Si.L.C Tech, podw\u00f3jna cewka siatkowa, regulowany przep\u0142yw powietrza, kolorowy ekran oraz tryby eco i power dla odpowiednio 25000 i 18000 zaci\u0105gni\u0119\u0107.\" width=\"1020\" height=\"602\" title=\"\"><\/p>\n<h2>Vozol GEAR SHISHA 25000 - Inteligentny, wydajny i pe\u0142en smaku<\/h2>\n<p>\ud83d\udd25 Wprowadzenie <strong>Vozol GEAR SHISHA 25000<\/strong> - najlepszy jednorazowy vape zaprojektowany dla powa\u017cnych vaper\u00f3w i inteligentnych sprzedawc\u00f3w detalicznych. Z <strong>Podw\u00f3jne tryby<\/strong> (ECO &amp; Power), t\u0119tni\u0105cy \u017cyciem <strong>Kolorowy ekran o przek\u0105tnej 2,1 cala<\/strong>i inteligentny chip z obs\u0142ug\u0105 g\u0142osow\u0105, ten waporyzator nie tylko dzia\u0142a - on m\u00f3wi w Twoim j\u0119zyku. Niezale\u017cnie od tego, czy gonisz za chmurami, czy delektujesz si\u0119 smakiem, ta pot\u0119ga zapewnia za ka\u017cdym razem. \ud83d\udca8<\/p>\n<h3>Specyfikacje<\/h3>\n<table>\n<tbody>\n<tr>\n<th>Nazwa produktu<\/th>\n<td>Vozol GEAR SHISHA 25000<\/td>\n<\/tr>\n<tr>\n<th>Pojemno\u015b\u0107 puff\u00f3w<\/th>\n<td>25 000 (tryb ECO) \/ 18 000 (tryb zasilania)<\/td>\n<\/tr>\n<tr>\n<th>Pojemno\u015b\u0107 e-liquidu<\/th>\n<td>25 ml<\/td>\n<\/tr>\n<tr>\n<th>Bateria<\/th>\n<td>1000 mAh (akumulator, typ C)<\/td>\n<\/tr>\n<tr>\n<th>Typ cewki<\/th>\n<td>Podw\u00f3jna cewka siatkowa<\/td>\n<\/tr>\n<tr>\n<th>Opcje nikotyny<\/th>\n<td>5%<\/td>\n<\/tr>\n<tr>\n<th>Wy\u015bwietlacz<\/th>\n<td>2,1-calowy kolorowy inteligentny ekran<\/td>\n<\/tr>\n<tr>\n<th>Projekt<\/th>\n<td>Odporny na przecieki, interaktywny d\u017awi\u0119k, regulowany przep\u0142yw powietrza<\/td>\n<\/tr>\n<\/tbody>\n<\/table>\n<h3>Kombinacje smak\u00f3w<\/h3>\n<table>\n<tbody>\n<tr>\n<th>Komora A<\/th>\n<th>Komora B<\/th>\n<\/tr>\n<tr>\n<td>Dwa jab\u0142ka<\/td>\n<td>Arbuzowy l\u00f3d<\/td>\n<\/tr>\n<tr>\n<td>Mango Freeze<\/td>\n<td>Mango Brzoskwinia<\/td>\n<\/tr>\n<tr>\n<td>L\u00f3d jagodowy<\/td>\n<td>Perfumy Lemon<\/td>\n<\/tr>\n<tr>\n<td>Blue Razz Ice<\/td>\n<td>L\u00f3d winogronowy<\/td>\n<\/tr>\n<tr>\n<td>Truskawka Kiwi<\/td>\n<td>Arbuz jagodowy<\/td>\n<\/tr>\n<tr>\n<td>Cherry Cola<\/td>\n<td>Niebieskie Mojito<\/td>\n<\/tr>\n<tr>\n<td>Love 777<\/td>\n<td>Moskiewskie wieczory<\/td>\n<\/tr>\n<tr>\n<td>Maiden Killer<\/td>\n<td>Cherry Ice<\/td>\n<\/tr>\n<tr>\n<td>L\u00f3d brzoskwiniowy<\/td>\n<td>S\u0142odki owoc m\u0119czennicy<\/td>\n<\/tr>\n<tr>\n<td>Mro\u017cona truskawka kiwi<\/td>\n<td>Marakuja Liczi Pomara\u0144cza<\/td>\n<\/tr>\n<tr>\n<td colspan=\"2\">Smoczy owoc Banan Wi\u015bnia<\/td>\n<\/tr>\n<\/tbody>\n<\/table>\n<h3>Dlaczego warto wybra\u0107 Vozol GEAR SHISHA 25000?<\/h3>\n<ul>\n<li>Do 25 000 zaci\u0105gni\u0119\u0107 w trybie ECO dla d\u0142u\u017cszego u\u017cytkowania<\/li>\n<li>\ud83d\udca8 Tryb zasilania z intensywn\u0105 par\u0105 dla poszukiwaczy chmur<\/li>\n<li>Podw\u00f3jna cewka siatkowa zapewnia bogaty, sp\u00f3jny smak<\/li>\n<li>Bateria 1000 mAh z szybkim \u0142adowaniem typu C<\/li>\n<li>Inteligentny ekran 2,1\u2033 pokazuje liczb\u0119 dmuchni\u0119\u0107, tryb i bateri\u0119<\/li>\n<li>Audio-interaktywny uk\u0142ad zapewnia g\u0142osowe informacje zwrotne w czasie rzeczywistym<\/li>\n<li>\ud83c\udf2c\ufe0f Regulowany przep\u0142yw powietrza i dynamika p\u0142yn\u00f3w w drogach oddechowych zapewniaj\u0105 p\u0142ynny ci\u0105g<\/li>\n<li>\ud83d\udeab Odporna na przeciekanie konstrukcja zapewniaj\u0105ca czyst\u0105 waporyzacj\u0119 bez ba\u0142aganu<\/li>\n<li>Ponad 21 odwa\u017cnych smak\u00f3w, aby zaspokoi\u0107 ka\u017cdy gust<\/li>\n<\/ul>\n<p>Niezale\u017cnie od tego, czy jeste\u015b oddanym entuzjast\u0105 smaku, kupujesz hurtowo, czy prowadzisz sklep vape, kt\u00f3ry wymaga wyr\u00f3\u017cniaj\u0105cych si\u0119 produkt\u00f3w, <strong>Vozol GEAR SHISHA 25000<\/strong> zapewnia styl, technologi\u0119 i wydajno\u015b\u0107 w jednym kompaktowym urz\u0105dzeniu. Stworzony z my\u015bl\u0105 o du\u017cych ilo\u015bciach u\u017cytkownik\u00f3w i zaprojektowany tak, aby imponowa\u0107 zar\u00f3wno w \u015brodowiskach hurtowych, jak i detalicznych. \ud83d\udd04\ud83d\udcbc<\/p>","protected":false},"excerpt":{"rendered":"<p>Kup Vozol GEAR SHISHA 25000 - wysokowydajny waporyzator jednorazowy z 25 000 zaci\u0105gni\u0119\u0107, podw\u00f3jnymi cewkami siatkowymi, inteligentnym ekranem i 21 opcjami smakowymi. Idealny dla intensywnych u\u017cytkownik\u00f3w i nabywc\u00f3w hurtowych.<\/p>","protected":false},"featured_media":39968,"comment_status":"open","ping_status":"closed","template":"","meta":[],"product_brand":[250],"product_cat":[249],"product_tag":[],"class_list":{"0":"post-40311","1":"product","2":"type-product","3":"status-publish","4":"has-post-thumbnail","6":"product_brand-vozol","7":"product_cat-vozol","9":"first","10":"instock","11":"shipping-taxable","12":"purchasable","13":"product-type-variable","14":"has-default-attributes"},"jetpack_sharing_enabled":true,"tiered_pricing_type":"fixed","tiered_pricing_fixed_rules":{"2000":6.71999999999999975131004248396493494510650634765625},"tiered_pricing_product_settings":{"layout":"default","base_unit_name":{"singular":null,"plural":null},"default_variation":null},"tiered_pricing_minimum_quantity":1000,"tiered_pricing_roles_data":[],"tiered_pricing_percentage_rules":[],"tiered_pricing_maximum_quantity":null,"tiered_pricing_quantity_step":"100","_links":{"self":[{"href":"https:\/\/aiviouvapes.com\/pl\/wp-json\/wp\/v2\/product\/40311","targetHints":{"allow":["GET"]}}],"collection":[{"href":"https:\/\/aiviouvapes.com\/pl\/wp-json\/wp\/v2\/product"}],"about":[{"href":"https:\/\/aiviouvapes.com\/pl\/wp-json\/wp\/v2\/types\/product"}],"replies":[{"embeddable":true,"href":"https:\/\/aiviouvapes.com\/pl\/wp-json\/wp\/v2\/comments?post=40311"}],"wp:featuredmedia":[{"embeddable":true,"href":"https:\/\/aiviouvapes.com\/pl\/wp-json\/wp\/v2\/media\/39968"}],"wp:attachment":[{"href":"https:\/\/aiviouvapes.com\/pl\/wp-json\/wp\/v2\/media?parent=40311"}],"wp:term":[{"taxonomy":"product_brand","embeddable":true,"href":"https:\/\/aiviouvapes.com\/pl\/wp-json\/wp\/v2\/product_brand?post=40311"},{"taxonomy":"product_cat","embeddable":true,"href":"https:\/\/aiviouvapes.com\/pl\/wp-json\/wp\/v2\/product_cat?post=40311"},{"taxonomy":"product_tag","embeddable":true,"href":"https:\/\/aiviouvapes.com\/pl\/wp-json\/wp\/v2\/product_tag?post=40311"}],"curies":[{"name":"wp","href":"https:\/\/api.w.org\/{rel}","templated":true}]}}