{"id":39912,"date":"2025-06-24T16:09:54","date_gmt":"2025-06-24T08:09:54","guid":{"rendered":"https:\/\/aiviouvapes.com\/?post_type=product&#038;p=39912"},"modified":"2026-03-24T11:26:14","modified_gmt":"2026-03-24T03:26:14","slug":"uwin-crystal-twins-40k","status":"publish","type":"product","link":"https:\/\/aiviouvapes.com\/pl\/product\/uwin-crystal-twins-40k\/","title":{"rendered":"Uwin Crystal Twins 40K | podw\u00f3jny smak 40000 zaci\u0105gni\u0119\u0107, cewka siatkowa luzem jednorazowy vape"},"content":{"rendered":"<p><img data-recalc-dims=\"1\" loading=\"lazy\" decoding=\"async\" class=\"aligncenter wp-image-40419 size-full\" src=\"https:\/\/i0.wp.com\/aiviouvapes.com\/wp-content\/uploads\/2025\/06\/%E6%B5%B7%E6%8A%A5%E6%A8%AA%E5%B9%85.jpg?resize=1020%2C510&#038;ssl=1\" alt=\",\" width=\"1020\" height=\"510\" title=\"\" srcset=\"https:\/\/i0.wp.com\/aiviouvapes.com\/wp-content\/uploads\/2025\/06\/%E6%B5%B7%E6%8A%A5%E6%A8%AA%E5%B9%85.jpg?w=1920&amp;ssl=1 1920w, https:\/\/i0.wp.com\/aiviouvapes.com\/wp-content\/uploads\/2025\/06\/%E6%B5%B7%E6%8A%A5%E6%A8%AA%E5%B9%85.jpg?resize=300%2C150&amp;ssl=1 300w, https:\/\/i0.wp.com\/aiviouvapes.com\/wp-content\/uploads\/2025\/06\/%E6%B5%B7%E6%8A%A5%E6%A8%AA%E5%B9%85.jpg?resize=1024%2C512&amp;ssl=1 1024w, https:\/\/i0.wp.com\/aiviouvapes.com\/wp-content\/uploads\/2025\/06\/%E6%B5%B7%E6%8A%A5%E6%A8%AA%E5%B9%85.jpg?resize=768%2C384&amp;ssl=1 768w, https:\/\/i0.wp.com\/aiviouvapes.com\/wp-content\/uploads\/2025\/06\/%E6%B5%B7%E6%8A%A5%E6%A8%AA%E5%B9%85.jpg?resize=1536%2C768&amp;ssl=1 1536w, https:\/\/i0.wp.com\/aiviouvapes.com\/wp-content\/uploads\/2025\/06\/%E6%B5%B7%E6%8A%A5%E6%A8%AA%E5%B9%85.jpg?resize=18%2C9&amp;ssl=1 18w, https:\/\/i0.wp.com\/aiviouvapes.com\/wp-content\/uploads\/2025\/06\/%E6%B5%B7%E6%8A%A5%E6%A8%AA%E5%B9%85.jpg?resize=1320%2C660&amp;ssl=1 1320w, https:\/\/i0.wp.com\/aiviouvapes.com\/wp-content\/uploads\/2025\/06\/%E6%B5%B7%E6%8A%A5%E6%A8%AA%E5%B9%85.jpg?resize=800%2C400&amp;ssl=1 800w\" sizes=\"auto, (max-width: 1020px) 100vw, 1020px\" \/><\/p>\n<h2>Uwin Crystal Twins 40k - podw\u00f3jny smak, masywne pufy<\/h2>\n<p>The <strong>Uwin Crystal Twins 40k<\/strong> przenosi waporyzacj\u0119 jednorazow\u0105 na wy\u017cszy poziom dzi\u0119ki stylowemu, krystalicznie czystemu designowi, konfiguracji dw\u00f3ch smak\u00f3w i zaawansowanej technologii. Niezale\u017cnie od tego, czy jeste\u015b mi\u0142o\u015bnikiem chmur, czy mi\u0142o\u015bnikiem smak\u00f3w, ten waporyzator zapewnia do <strong>40 000 zaci\u0105gni\u0119\u0107<\/strong>, a <strong>inteligentny wy\u015bwietlacz<\/strong>i konfigurowalny <strong>moc nikotyny<\/strong> od <strong>0% do 5%<\/strong>dzi\u0119ki czemu jest idealny dla ka\u017cdego u\u017cytkownika.<\/p>\n<p>Nie trzeba i\u015b\u0107 na kompromis -<strong>dwa niesamowite smaki w jednym urz\u0105dzeniu<\/strong>w po\u0142\u0105czeniu z <strong>Siatkowa cewka zapewniaj\u0105ca bogate, p\u0142ynne uderzenia<\/strong> za ka\u017cdym razem.<\/p>\n<h3>\ud83d\udd27 <strong>Specyfikacje<\/strong><\/h3>\n<table>\n<thead>\n<tr>\n<th>Cecha<\/th>\n<th>Szczeg\u00f3\u0142y<\/th>\n<\/tr>\n<\/thead>\n<tbody>\n<tr>\n<td><strong>Pojemno\u015b\u0107 puff\u00f3w<\/strong><\/td>\n<td>Do 40 000 zaci\u0105gni\u0119\u0107<\/td>\n<\/tr>\n<tr>\n<td><strong>Pojemno\u015b\u0107 e-liquidu<\/strong><\/td>\n<td>32 ml<\/td>\n<\/tr>\n<tr>\n<td><strong>Si\u0142a nikotyny<\/strong><\/td>\n<td>0%, 2%, 3%, 5%<\/td>\n<\/tr>\n<tr>\n<td><strong>Bateria<\/strong><\/td>\n<td>850 mAh, akumulator typu C<\/td>\n<\/tr>\n<tr>\n<td><strong>Typ cewki<\/strong><\/td>\n<td>Zaawansowana cewka siatkowa 0,6\u03a9<\/td>\n<\/tr>\n<tr>\n<td><strong>Wy\u015bwietlacz<\/strong><\/td>\n<td>Inteligentny ekran (bateria i e-ciecz)<\/td>\n<\/tr>\n<tr>\n<td><strong>Projekt<\/strong><\/td>\n<td>Elegancki, krystalicznie przezroczysty korpus<\/td>\n<\/tr>\n<\/tbody>\n<\/table>\n<h3>\ud83c\udf08 <strong>Kombinacje smakowe - odmiana z podw\u00f3jn\u0105 komor\u0105<\/strong><\/h3>\n<table>\n<thead>\n<tr>\n<th>Komora A<\/th>\n<th>Komora B<\/th>\n<\/tr>\n<\/thead>\n<tbody>\n<tr>\n<td>Jagoda na lodzie<\/td>\n<td>Letni l\u00f3d brzoskwiniowy<\/td>\n<\/tr>\n<tr>\n<td>Kiwi Passion Fruit Guava<\/td>\n<td>Bor\u00f3wka Malina<\/td>\n<\/tr>\n<tr>\n<td>Truskawka Kiwi<\/td>\n<td>L\u00f3d winogronowy<\/td>\n<\/tr>\n<tr>\n<td>Kiwi Passion Fruit Guava<\/td>\n<td>Dwa jab\u0142ka<\/td>\n<\/tr>\n<tr>\n<td>Arbuz truskawkowy<\/td>\n<td>Cytryna Limonka<\/td>\n<\/tr>\n<tr>\n<td>Bor\u00f3wka Malina<\/td>\n<td>Cherry Ice<\/td>\n<\/tr>\n<tr>\n<td>Truskawka Malina Wi\u015bnia<\/td>\n<td>Mr Blue<\/td>\n<\/tr>\n<tr>\n<td>Brzoskwinia Mango Ananas<\/td>\n<td>Red Bull<\/td>\n<\/tr>\n<tr>\n<td>Arbuzowy l\u00f3d<\/td>\n<td>Jagody mieszane<\/td>\n<\/tr>\n<tr>\n<td>Banan truskawkowy<\/td>\n<td>Love 66<\/td>\n<\/tr>\n<tr>\n<td>Smoczy owoc Banan Wi\u015bnia<\/td>\n<td>R\u00f3\u017cowa Lemoniada<\/td>\n<\/tr>\n<tr>\n<td>Brzoskwinia Mango<\/td>\n<td>Cherry Cola<\/td>\n<\/tr>\n<tr>\n<td>L\u00f3d truskawkowy<\/td>\n<td>Mango na lodzie<\/td>\n<\/tr>\n<tr>\n<td>Blue Razz Ice<\/td>\n<td>Dragon Fruit Ice<\/td>\n<\/tr>\n<tr>\n<td>Truskawkowy Red Bull<\/td>\n<td>Cherry Ice<\/td>\n<\/tr>\n<\/tbody>\n<\/table>\n<h3>Dlaczego warto wybra\u0107 Uwin Crystal Twins 40k?<\/h3>\n<ul>\n<li><strong>Str\u0105ki o podw\u00f3jnym smaku<\/strong> pozwalaj\u0105 bez wysi\u0142ku zmienia\u0107 smaki.<\/li>\n<li><strong>Opcja zero-nic<\/strong> dost\u0119pne dla przyjemno\u015bci bez nikotyny.<\/li>\n<li><strong>Szybkie \u0142adowanie typu C<\/strong> oznacza mniej przestoj\u00f3w, wi\u0119cej wapowania.<\/li>\n<li><strong>Technologia cewki siatkowej<\/strong> zapewnia czysty, sp\u00f3jny smak i par\u0119.<\/li>\n<li><strong>Inteligentny wy\u015bwietlacz<\/strong> informuje na bie\u017c\u0105co - koniec ze zgadywaniem.<\/li>\n<li><strong>Krystalicznie czysta konstrukcja<\/strong> nadaje urz\u0105dzeniu nowoczesny wygl\u0105d klasy premium.<\/li>\n<\/ul>\n<p>Idealny dla intensywnych u\u017cytkownik\u00f3w, odkrywc\u00f3w smak\u00f3w i w\u0142a\u015bcicieli sklep\u00f3w z waporyzatorami, Uwin Crystal Twins 40k to nowy, wszechstronny jednorazowy zasilacz - idealny do masowych zam\u00f3wie\u0144 waporyzator\u00f3w i dystrybucji hurtowej.<\/p>","protected":false},"excerpt":{"rendered":"<p data-start=\"212\" data-end=\"391\">Waporyzator Uwin Crystal Twins 40000 puff\u00f3w oferuje podw\u00f3jne smaki, opcje nikotyny 0-5%, 32 ml e-liquidu, akumulator 850 mAh, cewk\u0119 siatkow\u0105 i inteligentny wy\u015bwietlacz w eleganckim kryszta\u0142owym designie.<\/p>","protected":false},"featured_media":39913,"comment_status":"open","ping_status":"closed","template":"","meta":[],"product_brand":[247],"product_cat":[224],"product_tag":[],"class_list":{"0":"post-39912","1":"product","2":"type-product","3":"status-publish","4":"has-post-thumbnail","6":"product_brand-uwin","7":"product_cat-uwin","9":"first","10":"instock","11":"shipping-taxable","12":"purchasable","13":"product-type-variable","14":"has-default-attributes"},"jetpack_sharing_enabled":true,"tiered_pricing_type":"fixed","tiered_pricing_fixed_rules":{"30":7.96999999999999975131004248396493494510650634765625,"50":6.519999999999999573674358543939888477325439453125,"100":6.2599999999999997868371792719699442386627197265625,"200":5.87000000000000010658141036401502788066864013671875,"400":5.29000000000000003552713678800500929355621337890625},"tiered_pricing_product_settings":{"layout":"default","base_unit_name":{"singular":null,"plural":null},"default_variation":null},"tiered_pricing_minimum_quantity":10,"tiered_pricing_roles_data":[],"tiered_pricing_percentage_rules":[],"tiered_pricing_maximum_quantity":null,"tiered_pricing_quantity_step":"10","_links":{"self":[{"href":"https:\/\/aiviouvapes.com\/pl\/wp-json\/wp\/v2\/product\/39912","targetHints":{"allow":["GET"]}}],"collection":[{"href":"https:\/\/aiviouvapes.com\/pl\/wp-json\/wp\/v2\/product"}],"about":[{"href":"https:\/\/aiviouvapes.com\/pl\/wp-json\/wp\/v2\/types\/product"}],"replies":[{"embeddable":true,"href":"https:\/\/aiviouvapes.com\/pl\/wp-json\/wp\/v2\/comments?post=39912"}],"wp:featuredmedia":[{"embeddable":true,"href":"https:\/\/aiviouvapes.com\/pl\/wp-json\/wp\/v2\/media\/39913"}],"wp:attachment":[{"href":"https:\/\/aiviouvapes.com\/pl\/wp-json\/wp\/v2\/media?parent=39912"}],"wp:term":[{"taxonomy":"product_brand","embeddable":true,"href":"https:\/\/aiviouvapes.com\/pl\/wp-json\/wp\/v2\/product_brand?post=39912"},{"taxonomy":"product_cat","embeddable":true,"href":"https:\/\/aiviouvapes.com\/pl\/wp-json\/wp\/v2\/product_cat?post=39912"},{"taxonomy":"product_tag","embeddable":true,"href":"https:\/\/aiviouvapes.com\/pl\/wp-json\/wp\/v2\/product_tag?post=39912"}],"curies":[{"name":"wp","href":"https:\/\/api.w.org\/{rel}","templated":true}]}}