{"id":39911,"date":"2025-06-27T09:58:09","date_gmt":"2025-06-27T01:58:09","guid":{"rendered":"https:\/\/aiviouvapes.com\/?post_type=product&#038;p=39911"},"modified":"2026-03-24T11:26:23","modified_gmt":"2026-03-24T03:26:23","slug":"uwin-randm-tornado-beat-35k","status":"publish","type":"product","link":"https:\/\/aiviouvapes.com\/pl\/product\/uwin-randm-tornado-beat-35k\/","title":{"rendered":"Uwin Randm Tornado Beat 35K | \u015bwiat\u0142o muzyczne, 35000 zaci\u0105gni\u0119\u0107 jednorazowych vape luzem"},"content":{"rendered":"<p><img data-recalc-dims=\"1\" loading=\"lazy\" decoding=\"async\" class=\"alignnone wp-image-40422 size-full\" src=\"https:\/\/i0.wp.com\/aiviouvapes.com\/wp-content\/uploads\/2025\/06\/%E6%A8%AA%E5%B9%85.jpg?resize=1020%2C558&#038;ssl=1\" alt=\",\" width=\"1020\" height=\"558\" title=\"\" srcset=\"https:\/\/i0.wp.com\/aiviouvapes.com\/wp-content\/uploads\/2025\/06\/%E6%A8%AA%E5%B9%85.jpg?w=1330&amp;ssl=1 1330w, https:\/\/i0.wp.com\/aiviouvapes.com\/wp-content\/uploads\/2025\/06\/%E6%A8%AA%E5%B9%85.jpg?resize=300%2C164&amp;ssl=1 300w, https:\/\/i0.wp.com\/aiviouvapes.com\/wp-content\/uploads\/2025\/06\/%E6%A8%AA%E5%B9%85.jpg?resize=1024%2C560&amp;ssl=1 1024w, https:\/\/i0.wp.com\/aiviouvapes.com\/wp-content\/uploads\/2025\/06\/%E6%A8%AA%E5%B9%85.jpg?resize=768%2C420&amp;ssl=1 768w, https:\/\/i0.wp.com\/aiviouvapes.com\/wp-content\/uploads\/2025\/06\/%E6%A8%AA%E5%B9%85.jpg?resize=18%2C10&amp;ssl=1 18w, https:\/\/i0.wp.com\/aiviouvapes.com\/wp-content\/uploads\/2025\/06\/%E6%A8%AA%E5%B9%85.jpg?resize=1320%2C722&amp;ssl=1 1320w, https:\/\/i0.wp.com\/aiviouvapes.com\/wp-content\/uploads\/2025\/06\/%E6%A8%AA%E5%B9%85.jpg?resize=800%2C437&amp;ssl=1 800w\" sizes=\"auto, (max-width: 1020px) 100vw, 1020px\" \/><br \/>\n<img data-recalc-dims=\"1\" loading=\"lazy\" decoding=\"async\" class=\"alignnone wp-image-40421 size-full\" src=\"https:\/\/i0.wp.com\/aiviouvapes.com\/wp-content\/uploads\/2025\/06\/%E5%8F%A3%E5%91%B3%E6%B5%B7%E6%8A%A5.jpg?resize=1020%2C815&#038;ssl=1\" alt=\",\" width=\"1020\" height=\"815\" title=\"\" srcset=\"https:\/\/i0.wp.com\/aiviouvapes.com\/wp-content\/uploads\/2025\/06\/%E5%8F%A3%E5%91%B3%E6%B5%B7%E6%8A%A5.jpg?w=1920&amp;ssl=1 1920w, https:\/\/i0.wp.com\/aiviouvapes.com\/wp-content\/uploads\/2025\/06\/%E5%8F%A3%E5%91%B3%E6%B5%B7%E6%8A%A5.jpg?resize=300%2C240&amp;ssl=1 300w, https:\/\/i0.wp.com\/aiviouvapes.com\/wp-content\/uploads\/2025\/06\/%E5%8F%A3%E5%91%B3%E6%B5%B7%E6%8A%A5.jpg?resize=1024%2C819&amp;ssl=1 1024w, https:\/\/i0.wp.com\/aiviouvapes.com\/wp-content\/uploads\/2025\/06\/%E5%8F%A3%E5%91%B3%E6%B5%B7%E6%8A%A5.jpg?resize=768%2C614&amp;ssl=1 768w, https:\/\/i0.wp.com\/aiviouvapes.com\/wp-content\/uploads\/2025\/06\/%E5%8F%A3%E5%91%B3%E6%B5%B7%E6%8A%A5.jpg?resize=1536%2C1228&amp;ssl=1 1536w, https:\/\/i0.wp.com\/aiviouvapes.com\/wp-content\/uploads\/2025\/06\/%E5%8F%A3%E5%91%B3%E6%B5%B7%E6%8A%A5.jpg?resize=15%2C12&amp;ssl=1 15w, https:\/\/i0.wp.com\/aiviouvapes.com\/wp-content\/uploads\/2025\/06\/%E5%8F%A3%E5%91%B3%E6%B5%B7%E6%8A%A5.jpg?resize=1320%2C1055&amp;ssl=1 1320w, https:\/\/i0.wp.com\/aiviouvapes.com\/wp-content\/uploads\/2025\/06\/%E5%8F%A3%E5%91%B3%E6%B5%B7%E6%8A%A5.jpg?resize=800%2C640&amp;ssl=1 800w\" sizes=\"auto, (max-width: 1020px) 100vw, 1020px\" \/><\/p>\n<h2>Roz\u015bwietl swoj\u0105 gr\u0119 Vape - Uwin Randm Tornado Beat 35K<\/h2>\n<p>Przygotuj si\u0119 na podkr\u0119cenie wibracji dzi\u0119ki Uwin Randm Tornado Beat 35K! Ten jednorazowy waporyzator o du\u017cej pojemno\u015bci to nie tylko zaci\u0105ganie si\u0119 - to pe\u0142ne doznanie sensoryczne. Dzi\u0119ki <strong>\u015bwiat\u0142a LED zsynchronizowane z muzyk\u0105<\/strong>Dzi\u0119ki odwa\u017cnym kombinacjom smakowym i spersonalizowanej mocy nikotyny jest przeznaczony dla waper\u00f3w, kt\u00f3rzy kochaj\u0105 wydajno\u015b\u0107 i osobowo\u015b\u0107 w ka\u017cdym uderzeniu.<\/p>\n<h3>Specyfikacje<\/h3>\n<table>\n<tbody>\n<tr>\n<th>Pojemno\u015b\u0107 puff\u00f3w<\/th>\n<td>Do 35 000 zaci\u0105gni\u0119\u0107<\/td>\n<\/tr>\n<tr>\n<th>Pojemno\u015b\u0107 e-liquidu<\/th>\n<td>Nie okre\u015blono<\/td>\n<\/tr>\n<tr>\n<th>Bateria<\/th>\n<td>600 mAh (akumulator typu C)<\/td>\n<\/tr>\n<tr>\n<th>Typ cewki<\/th>\n<td>Cewka o oczkach 1,0\u03a9<\/td>\n<\/tr>\n<tr>\n<th>Opcje nikotyny<\/th>\n<td>0%, 2%, 3%, 5%<\/td>\n<\/tr>\n<tr>\n<th>Wy\u015bwietlacz<\/th>\n<td>\u015awiat\u0142a LED zsynchronizowane z muzyk\u0105<\/td>\n<\/tr>\n<tr>\n<th>Projekt<\/th>\n<td>Lekki i przeno\u015bny<\/td>\n<\/tr>\n<\/tbody>\n<\/table>\n<p><!-- Flavor Combos Table --><\/p>\n<h3>Kombinacje smak\u00f3w<\/h3>\n<table>\n<tbody>\n<tr>\n<th>Smak<\/th>\n<th>Opis<\/th>\n<\/tr>\n<tr>\n<td>Bor\u00f3wka Malina<\/td>\n<td>S\u0142odkie i pikantne po\u0142\u0105czenie jag\u00f3d<\/td>\n<\/tr>\n<tr>\n<td>Arbuz truskawkowy<\/td>\n<td>Orze\u017awiaj\u0105ca letnia mieszanka<\/td>\n<\/tr>\n<tr>\n<td>Jagoda na lodzie<\/td>\n<td>Fajna wariacja na temat klasycznego faworyta<\/td>\n<\/tr>\n<tr>\n<td>Arbuzowy l\u00f3d<\/td>\n<td>Sch\u0142odzony soczysty arbuz<\/td>\n<\/tr>\n<tr>\n<td>Letni l\u00f3d brzoskwiniowy<\/td>\n<td>Brzoskwiniowy ch\u0142\u00f3d z owocow\u0105 nut\u0105<\/td>\n<\/tr>\n<tr>\n<td>Cherry Ice<\/td>\n<td>Mro\u017cona wi\u015bniowa rozkosz<\/td>\n<\/tr>\n<tr>\n<td>L\u00f3d truskawkowo-malinowo-wi\u015bniowy<\/td>\n<td>Potr\u00f3jna eksplozja jag\u00f3d<\/td>\n<\/tr>\n<tr>\n<td>Kiwi Passion Fruit Guava<\/td>\n<td>Koktajl z owoc\u00f3w tropikalnych<\/td>\n<\/tr>\n<tr>\n<td>L\u00f3d truskawkowy<\/td>\n<td>Mro\u017any i owocowy klasyk<\/td>\n<\/tr>\n<tr>\n<td>Cherry Cola<\/td>\n<td>S\u0142odka iskra sodowa<\/td>\n<\/tr>\n<tr>\n<td>Jagody mieszane<\/td>\n<td>Jagodowa mieszanka do ca\u0142odziennego waporyzowania<\/td>\n<\/tr>\n<tr>\n<td>Mr Blue<\/td>\n<td>Tajemnicza mieszanka ch\u0142odu i s\u0142odyczy<\/td>\n<\/tr>\n<\/tbody>\n<\/table>\n<p><!-- Selling Points --><\/p>\n<h3>Dlaczego warto wybra\u0107 Uwin Randm Tornado Beat 35?<\/h3>\n<ul>\n<li>Ogromna pojemno\u015b\u0107 35 000 zaci\u0105gni\u0119\u0107 - mniej uzupe\u0142nie\u0144, wi\u0119cej sesji<\/li>\n<li>Szybkie \u0142adowanie typu C z bateri\u0105 600 mAh dla wygody<\/li>\n<li>\ud83c\udfa7 O\u015bwietlenie LED reaguj\u0105ce na muzyk\u0119 - idealne dla poszukiwaczy nocnego \u017cycia i wibracji<\/li>\n<li>Dost\u0119pny w 12 wyrazistych smakach, aby zaspokoi\u0107 ka\u017cdy gust<\/li>\n<li>Siatkowa cewka zapewnia p\u0142ynniejsze uderzenia i bogaty smak.<\/li>\n<li>\ud83d\udecd\ufe0f Idealny do ekspozycji detalicznych, zakup\u00f3w impulsowych i wysokomar\u017cowej sprzeda\u017cy hurtowej.<\/li>\n<li>Opcje nikotynowe 0-5% s\u0105 atrakcyjne dla ka\u017cdego segmentu klient\u00f3w.<\/li>\n<\/ul>\n<p>Uwin Randm Tornado Beat 35K to co\u015b wi\u0119cej ni\u017c tylko jednorazowy waporyzator - to do\u015bwiadczenie stworzone zar\u00f3wno dla poszukiwaczy smak\u00f3w, zwyk\u0142ych palaczy, jak i wymagaj\u0105cych u\u017cytkownik\u00f3w. Niezale\u017cnie od tego, czy uzupe\u0142niasz p\u00f3\u0142ki w zat\u0142oczonym sklepie z waporyzatorami, czy te\u017c zaopatrujesz si\u0119 w hurtow\u0105 dystrybucj\u0119 hurtow\u0105, ta kompaktowa moc uderza we wszystkie w\u0142a\u015bciwe nuty zar\u00f3wno pod wzgl\u0119dem wydajno\u015bci, jak i atrakcyjno\u015bci. Zapal go, wapuj i zmie\u0144 sw\u00f3j sklep w hotspot dla spragnionych smaku klient\u00f3w.<\/p>","protected":false},"excerpt":{"rendered":"<p>Roz\u015bwietl swoje sesje vape dzi\u0119ki Uwin Randm Tornado Beat 35k - 35000 zaci\u0105gni\u0119\u0107, odwa\u017cne smaki i reaguj\u0105ce na muzyk\u0119 \u015bwiat\u0142a ledowe zapewniaj\u0105 najwy\u017csz\u0105 jako\u015b\u0107 jednorazowego vape.<\/p>","protected":false},"featured_media":39885,"comment_status":"open","ping_status":"closed","template":"","meta":[],"product_brand":[247],"product_cat":[224],"product_tag":[],"class_list":{"0":"post-39911","1":"product","2":"type-product","3":"status-publish","4":"has-post-thumbnail","6":"product_brand-uwin","7":"product_cat-uwin","9":"first","10":"instock","11":"shipping-taxable","12":"purchasable","13":"product-type-variable","14":"has-default-attributes"},"jetpack_sharing_enabled":true,"tiered_pricing_type":"fixed","tiered_pricing_fixed_rules":{"30":8.6199999999999992184029906638897955417633056640625,"50":6.67999999999999971578290569595992565155029296875,"100":6.03000000000000024868995751603506505489349365234375,"200":5.63999999999999968025576890795491635799407958984375,"400":5.19000000000000039079850466805510222911834716796875},"tiered_pricing_product_settings":{"layout":"default","base_unit_name":{"singular":null,"plural":null},"default_variation":null},"tiered_pricing_minimum_quantity":10,"tiered_pricing_roles_data":[],"tiered_pricing_percentage_rules":[],"tiered_pricing_maximum_quantity":null,"tiered_pricing_quantity_step":"10","_links":{"self":[{"href":"https:\/\/aiviouvapes.com\/pl\/wp-json\/wp\/v2\/product\/39911","targetHints":{"allow":["GET"]}}],"collection":[{"href":"https:\/\/aiviouvapes.com\/pl\/wp-json\/wp\/v2\/product"}],"about":[{"href":"https:\/\/aiviouvapes.com\/pl\/wp-json\/wp\/v2\/types\/product"}],"replies":[{"embeddable":true,"href":"https:\/\/aiviouvapes.com\/pl\/wp-json\/wp\/v2\/comments?post=39911"}],"wp:featuredmedia":[{"embeddable":true,"href":"https:\/\/aiviouvapes.com\/pl\/wp-json\/wp\/v2\/media\/39885"}],"wp:attachment":[{"href":"https:\/\/aiviouvapes.com\/pl\/wp-json\/wp\/v2\/media?parent=39911"}],"wp:term":[{"taxonomy":"product_brand","embeddable":true,"href":"https:\/\/aiviouvapes.com\/pl\/wp-json\/wp\/v2\/product_brand?post=39911"},{"taxonomy":"product_cat","embeddable":true,"href":"https:\/\/aiviouvapes.com\/pl\/wp-json\/wp\/v2\/product_cat?post=39911"},{"taxonomy":"product_tag","embeddable":true,"href":"https:\/\/aiviouvapes.com\/pl\/wp-json\/wp\/v2\/product_tag?post=39911"}],"curies":[{"name":"wp","href":"https:\/\/api.w.org\/{rel}","templated":true}]}}