{"id":39475,"date":"2025-07-02T10:19:59","date_gmt":"2025-07-02T02:19:59","guid":{"rendered":"https:\/\/aiviouvapes.com\/?post_type=product&#038;p=39475"},"modified":"2026-04-17T13:00:43","modified_gmt":"2026-04-17T05:00:43","slug":"mrvi-growing-60k-3t-spin","status":"publish","type":"product","link":"https:\/\/aiviouvapes.com\/pl\/product\/mrvi-growing-60k-3t-spin\/","title":{"rendered":"MRVI GROWING 60K 3T SPIN 60000 Puffs | potr\u00f3jny smak luzem jednorazowe vape"},"content":{"rendered":"<h2>Dlaczego warto wybra\u0107 MRVI GROWING 60K 3T SPIN?<\/h2>\n<ul>\n<li>Do 60 000 zaci\u0105gni\u0119\u0107 dla niesamowitej trwa\u0142o\u015bci<\/li>\n<li>Potr\u00f3jny prze\u0142\u0105cznik smaku dla nieko\u0144cz\u0105cych si\u0119 przyg\u00f3d smakowych<\/li>\n<li>Szybkie \u0142adowanie typu C zapewnia ci\u0105g\u0142o\u015b\u0107 pracy<\/li>\n<li>Pojemno\u015b\u0107 48 ml e-liquidu dla mniejszej liczby wymian<\/li>\n<li>\ud83d\udda5\ufe0f Inteligentny ekran do monitorowania zasilania i poziomu e-liquidu<\/li>\n<li>Krystalicznie czysta obudowa o wysokiej jako\u015bci wzornictwie<\/li>\n<li>Opakowanie przyjazne dla sprzeda\u017cy hurtowej: 1 sztuka w pude\u0142ku, 10 sztuk na wy\u015bwietlacz<\/li>\n<\/ul>\n<p>Je\u015bli szukasz pot\u0119\u017cnego, wszechstronnego jednorazowego waporyzatora, kt\u00f3ry spe\u0142nia wszystkie wymagania, MRVI GROWING 60K 3T SPIN to najlepszy wyb\u00f3r. Stworzone z my\u015bl\u0105 o intensywnych u\u017cytkownikach, mi\u0142o\u015bnikach aromat\u00f3w, sklepach vape i dystrybutorach hurtowych, urz\u0105dzenie to gwarantuje wysokie obroty i zadowolonych klient\u00f3w. Nie przegap nowej generacji jednorazowego wapowania!<\/p>\n<h3>Do\u015bwiadcz potr\u00f3jnej wolno\u015bci smaku dzi\u0119ki MRVI GROWING 60K 3T SPIN!<\/h3>\n<p>Gotowy, aby przenie\u015b\u0107 swoj\u0105 gr\u0119 vaping na wy\u017cszy poziom? The <strong>MRVI ROSN\u0104CY 60K 3T SPIN<\/strong> to najlepszy jednorazowy waporyzator typu bulk, stworzony dla powa\u017cnych waper\u00f3w i w\u0142a\u015bcicieli sklep\u00f3w, kt\u00f3rzy wymagaj\u0105 tego, co najlepsze. Wyposa\u017cony w potr\u00f3jn\u0105 rotacj\u0119 smak\u00f3w, ogromn\u0105 pojemno\u015b\u0107 60 000 zaci\u0105gni\u0119\u0107 oraz inteligentny ekran zasilania i e-liquidu, jest to jednorazowy produkt nowej generacji, na kt\u00f3ry czeka\u0142e\u015b. Od krystalicznie czystego korpusu po p\u0142ynne \u0142adowanie typu C, MRVI GROWING 60K 3T SPIN oferuje niezr\u00f3wnan\u0105 satysfakcj\u0119 zar\u00f3wno mi\u0142o\u015bnikom smak\u00f3w, jak i ci\u0119\u017ckim u\u017cytkownikom. \ud83c\udf1f<\/p>\n<h3>Specyfikacje<\/h3>\n<table>\n<tbody>\n<tr>\n<td><strong>Pojemno\u015b\u0107 puff\u00f3w<\/strong><\/td>\n<td>60 000 zaci\u0105gni\u0119\u0107<\/td>\n<\/tr>\n<tr>\n<td><strong>Pojemno\u015b\u0107 e-liquidu<\/strong><\/td>\n<td>48 ml<\/td>\n<\/tr>\n<tr>\n<td><strong>Bateria<\/strong><\/td>\n<td>650 mAh, akumulator typu C<\/td>\n<\/tr>\n<tr>\n<td><strong>Typ cewki<\/strong><\/td>\n<td>Podw\u00f3jna cewka siatkowa<\/td>\n<\/tr>\n<tr>\n<td><strong>Opcje nikotyny<\/strong><\/td>\n<td>2%, 5%<\/td>\n<\/tr>\n<tr>\n<td><strong>Wy\u015bwietlacz<\/strong><\/td>\n<td>Inteligentny ekran zasilania i e-p\u0142ynu<\/td>\n<\/tr>\n<tr>\n<td><strong>Projekt<\/strong><\/td>\n<td>Krystalicznie czysty korpus<\/td>\n<\/tr>\n<\/tbody>\n<\/table>\n<h3>Kombinacje smak\u00f3w<\/h3>\n<table>\n<tbody>\n<tr>\n<th>Komora A<\/th>\n<th>Komora B<\/th>\n<th>Komora C<\/th>\n<\/tr>\n<tr>\n<td>Arbuzowy l\u00f3d<\/td>\n<td>Red Bull<\/td>\n<td>Truskawka Kiwi<\/td>\n<\/tr>\n<tr>\n<td>Cytryna Limonka<\/td>\n<td>Arbuz truskawkowy<\/td>\n<td>L\u00f3d jagodowy<\/td>\n<\/tr>\n<tr>\n<td>Ananas Kokos<\/td>\n<td>Banan<\/td>\n<td>Blue Razz Ice<\/td>\n<\/tr>\n<tr>\n<td>Arbuz malinowy<\/td>\n<td>Cola Lodowa<\/td>\n<td>Kwa\u015bne jab\u0142ko<\/td>\n<\/tr>\n<tr>\n<td>Tropical Mix<\/td>\n<td>Lody truskawkowe<\/td>\n<td>Mango Ice<\/td>\n<\/tr>\n<tr>\n<td>Truskawka Malina Wi\u015bnia<\/td>\n<td>Love 666<\/td>\n<td>Cherry Candy Ice<\/td>\n<\/tr>\n<tr>\n<td>Jagody mieszane<\/td>\n<td>Gummy Bear<\/td>\n<td>L\u00f3d brzoskwiniowy<\/td>\n<\/tr>\n<tr>\n<td>L\u00f3d winogronowy<\/td>\n<td>Cukierki truskawkowe<\/td>\n<td>Ice Pop<\/td>\n<\/tr>\n<\/tbody>\n<\/table>\n<p><img data-recalc-dims=\"1\" loading=\"lazy\" decoding=\"async\" class=\"alignnone wp-image-42240 size-full\" src=\"https:\/\/i0.wp.com\/aiviouvapes.com\/wp-content\/uploads\/2025\/06\/%E5%85%A8%E5%AE%B6%E7%A6%8F_%E7%94%BB%E6%9D%BF-1-%E5%89%AF%E6%9C%AC-1.jpg?resize=1020%2C1442&#038;ssl=1\" alt=\",\" width=\"1020\" height=\"1442\" title=\"\" srcset=\"https:\/\/i0.wp.com\/aiviouvapes.com\/wp-content\/uploads\/2025\/06\/%E5%85%A8%E5%AE%B6%E7%A6%8F_%E7%94%BB%E6%9D%BF-1-%E5%89%AF%E6%9C%AC-1.jpg?w=1358&amp;ssl=1 1358w, https:\/\/i0.wp.com\/aiviouvapes.com\/wp-content\/uploads\/2025\/06\/%E5%85%A8%E5%AE%B6%E7%A6%8F_%E7%94%BB%E6%9D%BF-1-%E5%89%AF%E6%9C%AC-1.jpg?resize=212%2C300&amp;ssl=1 212w, https:\/\/i0.wp.com\/aiviouvapes.com\/wp-content\/uploads\/2025\/06\/%E5%85%A8%E5%AE%B6%E7%A6%8F_%E7%94%BB%E6%9D%BF-1-%E5%89%AF%E6%9C%AC-1.jpg?resize=724%2C1024&amp;ssl=1 724w, https:\/\/i0.wp.com\/aiviouvapes.com\/wp-content\/uploads\/2025\/06\/%E5%85%A8%E5%AE%B6%E7%A6%8F_%E7%94%BB%E6%9D%BF-1-%E5%89%AF%E6%9C%AC-1.jpg?resize=768%2C1086&amp;ssl=1 768w, https:\/\/i0.wp.com\/aiviouvapes.com\/wp-content\/uploads\/2025\/06\/%E5%85%A8%E5%AE%B6%E7%A6%8F_%E7%94%BB%E6%9D%BF-1-%E5%89%AF%E6%9C%AC-1.jpg?resize=1086%2C1536&amp;ssl=1 1086w, https:\/\/i0.wp.com\/aiviouvapes.com\/wp-content\/uploads\/2025\/06\/%E5%85%A8%E5%AE%B6%E7%A6%8F_%E7%94%BB%E6%9D%BF-1-%E5%89%AF%E6%9C%AC-1.jpg?resize=8%2C12&amp;ssl=1 8w, https:\/\/i0.wp.com\/aiviouvapes.com\/wp-content\/uploads\/2025\/06\/%E5%85%A8%E5%AE%B6%E7%A6%8F_%E7%94%BB%E6%9D%BF-1-%E5%89%AF%E6%9C%AC-1.jpg?resize=1320%2C1866&amp;ssl=1 1320w, https:\/\/i0.wp.com\/aiviouvapes.com\/wp-content\/uploads\/2025\/06\/%E5%85%A8%E5%AE%B6%E7%A6%8F_%E7%94%BB%E6%9D%BF-1-%E5%89%AF%E6%9C%AC-1.jpg?resize=800%2C1131&amp;ssl=1 800w\" sizes=\"auto, (max-width: 1020px) 100vw, 1020px\" \/><\/p>","protected":false},"excerpt":{"rendered":"<p>Jednorazowy waporyzator MRVI GROWING 60K 3T SPIN zapewnia do 60 000 zaci\u0105gni\u0119\u0107 z potr\u00f3jnym prze\u0142\u0105czaniem smak\u00f3w, 48 ml e-liquidu i moc\u0105 podw\u00f3jnej cewki siatkowej - idealny do hurtowej dystrybucji waporyzator\u00f3w.<\/p>","protected":false},"featured_media":39477,"comment_status":"open","ping_status":"closed","template":"","meta":[],"product_brand":[229],"product_cat":[33,137,146,138,141,143],"product_tag":[],"class_list":{"0":"post-39475","1":"product","2":"type-product","3":"status-publish","4":"has-post-thumbnail","6":"product_brand-mrvi","7":"product_cat-mrvi","8":"product_cat-disposable-vapes-in-germany","9":"product_cat-disposable-vapes-in-hungary","10":"product_cat-disposable-vapes-in-ltaly","11":"product_cat-disposable-vapes-in-poland","12":"product_cat-disposable-vapes-in-spain","14":"first","15":"instock","16":"shipping-taxable","17":"purchasable","18":"product-type-variable","19":"has-default-attributes"},"jetpack_sharing_enabled":true,"tiered_pricing_type":"fixed","tiered_pricing_fixed_rules":{"100":6.910000000000000142108547152020037174224853515625,"200":6.54000000000000003552713678800500929355621337890625,"400":6.11000000000000031974423109204508364200592041015625},"tiered_pricing_product_settings":{"layout":"default","base_unit_name":{"singular":null,"plural":null},"default_variation":null},"tiered_pricing_minimum_quantity":50,"tiered_pricing_roles_data":[],"tiered_pricing_percentage_rules":[],"tiered_pricing_maximum_quantity":null,"tiered_pricing_quantity_step":"10","_links":{"self":[{"href":"https:\/\/aiviouvapes.com\/pl\/wp-json\/wp\/v2\/product\/39475","targetHints":{"allow":["GET"]}}],"collection":[{"href":"https:\/\/aiviouvapes.com\/pl\/wp-json\/wp\/v2\/product"}],"about":[{"href":"https:\/\/aiviouvapes.com\/pl\/wp-json\/wp\/v2\/types\/product"}],"replies":[{"embeddable":true,"href":"https:\/\/aiviouvapes.com\/pl\/wp-json\/wp\/v2\/comments?post=39475"}],"wp:featuredmedia":[{"embeddable":true,"href":"https:\/\/aiviouvapes.com\/pl\/wp-json\/wp\/v2\/media\/39477"}],"wp:attachment":[{"href":"https:\/\/aiviouvapes.com\/pl\/wp-json\/wp\/v2\/media?parent=39475"}],"wp:term":[{"taxonomy":"product_brand","embeddable":true,"href":"https:\/\/aiviouvapes.com\/pl\/wp-json\/wp\/v2\/product_brand?post=39475"},{"taxonomy":"product_cat","embeddable":true,"href":"https:\/\/aiviouvapes.com\/pl\/wp-json\/wp\/v2\/product_cat?post=39475"},{"taxonomy":"product_tag","embeddable":true,"href":"https:\/\/aiviouvapes.com\/pl\/wp-json\/wp\/v2\/product_tag?post=39475"}],"curies":[{"name":"wp","href":"https:\/\/api.w.org\/{rel}","templated":true}]}}