{"id":39442,"date":"2025-06-27T10:05:05","date_gmt":"2025-06-27T02:05:05","guid":{"rendered":"https:\/\/aiviouvapes.com\/?post_type=product&#038;p=39442"},"modified":"2026-04-17T13:00:47","modified_gmt":"2026-04-17T05:00:47","slug":"uzy-triple-flavors-60000","status":"publish","type":"product","link":"https:\/\/aiviouvapes.com\/pl\/product\/uzy-triple-flavors-60000\/","title":{"rendered":"UZY Triple Flavors 60000 | potr\u00f3jny smak 60K puff 3 w 1 jednorazowy vape luzem"},"content":{"rendered":"<h3>Dlaczego warto wybra\u0107 UZY Triple Flavors 60000?<\/h3>\n<ul>\n<li>\ud83d\ude80 <strong>System potr\u00f3jnego smaku<\/strong> - Ciesz si\u0119 3 r\u00f3\u017cnymi smakami w jednym urz\u0105dzeniu<\/li>\n<li>\ud83d\udca7 <strong>Ogromna pojemno\u015b\u0107 54 ml<\/strong> - D\u0142uga \u017cywotno\u015b\u0107 przy mniejszej liczbie wymian<\/li>\n<li>\ud83d\udd25 <strong>Cewki z potr\u00f3jn\u0105 siatk\u0105<\/strong> - Maksymalna intensywno\u015b\u0107 pary i smaku<\/li>\n<li>\ud83d\udd0b <strong>Akumulator 850 mAh<\/strong> - Z szybkim \u0142adowaniem typu C<\/li>\n<li>\ud83d\udcca <strong>Inteligentny wy\u015bwietlacz LED<\/strong> - Monitorowanie baterii i zu\u017cycia energii w czasie rzeczywistym<\/li>\n<li>\ud83c\udfaf <strong>Tryby zasilania Pro i Max<\/strong> - Dostosowane do potrzeb do\u015bwiadczenie pary<\/li>\n<li>\ud83d\udcbc <strong>Przyjazny dla sprzeda\u017cy hurtowej<\/strong> - Idealny dla zam\u00f3wie\u0144 hurtowych i odsprzedawc\u00f3w<\/li>\n<\/ul>\n<p>Od najnowocze\u015bniejszego systemu potr\u00f3jnych zbiornik\u00f3w po du\u017c\u0105 liczb\u0119 zaci\u0105gni\u0119\u0107 i pe\u0142ne smaku kombinacje <strong>UZY Triple Flavors 60000<\/strong> zosta\u0142 stworzony dla tych, kt\u00f3rzy pragn\u0105 wyboru i wydajno\u015bci. Niezale\u017cnie od tego, czy jeste\u015b intensywnym u\u017cytkownikiem, odkrywc\u0105 smak\u00f3w, czy zaopatrujesz sklep vape, to urz\u0105dzenie zapewnia niezr\u00f3wnan\u0105 warto\u015b\u0107 i satysfakcj\u0119.<\/p>\n<h2>UZY Triple Flavors 60000 - moc, smak i elastyczno\u015b\u0107 w jednym urz\u0105dzeniu<\/h2>\n<p>Do\u015bwiadcz waporyzacji na najwy\u017cszym poziomie dzi\u0119ki <strong>UZY Triple Flavors 60000<\/strong> - najlepszy jednorazowy waporyzator 3 w 1 stworzony z my\u015bl\u0105 o mi\u0142o\u015bnikach smaku i wymagaj\u0105cych u\u017cytkownikach. Z osza\u0142amiaj\u0105cym <strong>60 000 zaci\u0105gni\u0119\u0107<\/strong>, <strong>54 ml e-liquidu<\/strong> pojemno\u015b\u0107 i zaawansowany <strong>Inteligentny wy\u015bwietlacz LED<\/strong>To urz\u0105dzenie zosta\u0142o zaprojektowane z my\u015bl\u0105 o wydajno\u015bci, stylu i wygodzie. Niezale\u017cnie od tego, czy prze\u0142\u0105czasz si\u0119 mi\u0119dzy smakami, czy gonisz za chmurami, UZY zapewnia wra\u017cenia z potr\u00f3jnego zbiornika, kt\u00f3re s\u0105 odwa\u017cne, d\u0142ugotrwa\u0142e i \u0142atwe w u\u017cyciu. \ud83d\udca8\ud83d\udd0b\ud83c\udf53<\/p>\n<h3>Specyfikacje<\/h3>\n<table>\n<tbody>\n<tr>\n<td><strong>Pojemno\u015b\u0107 puff\u00f3w<\/strong><\/td>\n<td>60 000 zaci\u0105gni\u0119\u0107<\/td>\n<\/tr>\n<tr>\n<td><strong>Pojemno\u015b\u0107 e-liquidu<\/strong><\/td>\n<td>54 ml (18 ml \u00d7 3 smaki)<\/td>\n<\/tr>\n<tr>\n<td><strong>Bateria<\/strong><\/td>\n<td>Akumulator 850 mAh, typ C<\/td>\n<\/tr>\n<tr>\n<td><strong>Typ cewki<\/strong><\/td>\n<td>Cewka z potr\u00f3jn\u0105 siatk\u0105<\/td>\n<\/tr>\n<tr>\n<td><strong>Opcje nikotyny<\/strong><\/td>\n<td>0%, 2%, 3%, 5%<\/td>\n<\/tr>\n<tr>\n<td><strong>Wy\u015bwietlacz<\/strong><\/td>\n<td>Inteligentny ekran LED<\/td>\n<\/tr>\n<tr>\n<td><strong>Projekt<\/strong><\/td>\n<td>Krystalicznie czysty korpus<\/td>\n<\/tr>\n<tr>\n<td><strong>Tryby zasilania<\/strong><\/td>\n<td>Pro &amp; Max<\/td>\n<\/tr>\n<\/tbody>\n<\/table>\n<h3>Kombinacje smak\u00f3w<\/h3>\n<table>\n<tbody>\n<tr>\n<th>Komora A<\/th>\n<th>Komora B<\/th>\n<th>Komora C<\/th>\n<\/tr>\n<tr>\n<td>Bor\u00f3wka Malina<\/td>\n<td>Truskawka Kiwi<\/td>\n<td>Cytryna Limonka<\/td>\n<\/tr>\n<tr>\n<td>Kiwi Passion Fruit Guava<\/td>\n<td>L\u00f3d jagodowy<\/td>\n<td>Brzoskwinia Mango<\/td>\n<\/tr>\n<tr>\n<td>Arbuz truskawkowy<\/td>\n<td>Cola Lodowa<\/td>\n<td>Cherry Cola<\/td>\n<\/tr>\n<tr>\n<td>L\u00f3d brzoskwiniowy<\/td>\n<td>L\u00f3d truskawkowo-malinowo-wi\u015bniowy<\/td>\n<td>Dwa jab\u0142ka lodu<\/td>\n<\/tr>\n<tr>\n<td>L\u00f3d winogronowy<\/td>\n<td>Love 666<\/td>\n<td>Truskawkowy Red Bull<\/td>\n<\/tr>\n<tr>\n<td>Mr Blue<\/td>\n<td>Gummy Bear<\/td>\n<td>Red Bull lodowy<\/td>\n<\/tr>\n<tr>\n<td>Brzoskwinia Mango Ananas<\/td>\n<td>Blue Razz Ice<\/td>\n<td>Arbuz malinowy<\/td>\n<\/tr>\n<tr>\n<td>Arbuzowy l\u00f3d<\/td>\n<td>Potr\u00f3jny l\u00f3d melonowy<\/td>\n<td>Banan truskawkowy<\/td>\n<\/tr>\n<tr>\n<td>Letni l\u00f3d brzoskwiniowy<\/td>\n<td>L\u00f3d truskawkowy<\/td>\n<td>Blue Razz Ice<\/td>\n<\/tr>\n<tr>\n<td>Cherry Ice<\/td>\n<td>Jagody mieszane<\/td>\n<td>Lodowy Czarny Smok<\/td>\n<\/tr>\n<\/tbody>\n<\/table>\n<p>UZY Triple Flavors 60000 zaci\u0105gni\u0119\u0107 jednorazowego waporyzatora - smak 3 w 1, ogromna pojemno\u015b\u0107 54 ml i inteligentny wy\u015bwietlacz LED. Idealny dla kupuj\u0105cych hurtowo, sklep\u00f3w vape i powa\u017cnych vaper\u00f3w.<\/p>","protected":false},"excerpt":{"rendered":"<p>Triple Flavors 60000 - jednorazowy waporyzator 3 w 1 z 54 ml e-liquidu, inteligentnym ekranem LED i potr\u00f3jnymi cewkami siatkowymi zapewniaj\u0105cymi odwa\u017cny smak i ogromne chmury. idealny do sprzeda\u017cy hurtowej i hurtowej.<\/p>","protected":false},"featured_media":39443,"comment_status":"open","ping_status":"closed","template":"","meta":[],"product_brand":[254],"product_cat":[253,572],"product_tag":[],"class_list":{"0":"post-39442","1":"product","2":"type-product","3":"status-publish","4":"has-post-thumbnail","6":"product_brand-uzy","7":"product_cat-uzy","8":"product_cat-new-2","10":"first","11":"instock","12":"shipping-taxable","13":"purchasable","14":"product-type-variable","15":"has-default-attributes"},"jetpack_sharing_enabled":true,"tiered_pricing_type":"fixed","tiered_pricing_fixed_rules":{"30":9.7200000000000006394884621840901672840118408203125,"50":7.78000000000000024868995751603506505489349365234375,"100":7.12999999999999989341858963598497211933135986328125,"200":6.7400000000000002131628207280300557613372802734375,"400":6.29000000000000003552713678800500929355621337890625},"tiered_pricing_product_settings":{"layout":"default","base_unit_name":{"singular":null,"plural":null},"default_variation":null},"tiered_pricing_minimum_quantity":10,"tiered_pricing_roles_data":[],"tiered_pricing_percentage_rules":[],"tiered_pricing_maximum_quantity":null,"tiered_pricing_quantity_step":"10","_links":{"self":[{"href":"https:\/\/aiviouvapes.com\/pl\/wp-json\/wp\/v2\/product\/39442","targetHints":{"allow":["GET"]}}],"collection":[{"href":"https:\/\/aiviouvapes.com\/pl\/wp-json\/wp\/v2\/product"}],"about":[{"href":"https:\/\/aiviouvapes.com\/pl\/wp-json\/wp\/v2\/types\/product"}],"replies":[{"embeddable":true,"href":"https:\/\/aiviouvapes.com\/pl\/wp-json\/wp\/v2\/comments?post=39442"}],"wp:featuredmedia":[{"embeddable":true,"href":"https:\/\/aiviouvapes.com\/pl\/wp-json\/wp\/v2\/media\/39443"}],"wp:attachment":[{"href":"https:\/\/aiviouvapes.com\/pl\/wp-json\/wp\/v2\/media?parent=39442"}],"wp:term":[{"taxonomy":"product_brand","embeddable":true,"href":"https:\/\/aiviouvapes.com\/pl\/wp-json\/wp\/v2\/product_brand?post=39442"},{"taxonomy":"product_cat","embeddable":true,"href":"https:\/\/aiviouvapes.com\/pl\/wp-json\/wp\/v2\/product_cat?post=39442"},{"taxonomy":"product_tag","embeddable":true,"href":"https:\/\/aiviouvapes.com\/pl\/wp-json\/wp\/v2\/product_tag?post=39442"}],"curies":[{"name":"wp","href":"https:\/\/api.w.org\/{rel}","templated":true}]}}