{"id":39345,"date":"2025-06-26T10:15:51","date_gmt":"2025-06-26T02:15:51","guid":{"rendered":"https:\/\/aiviouvapes.com\/?post_type=product&#038;p=39345"},"modified":"2026-03-24T11:26:20","modified_gmt":"2026-03-24T03:26:20","slug":"fihp-60k-triple-3-in-1","status":"publish","type":"product","link":"https:\/\/aiviouvapes.com\/pl\/product\/fihp-60k-triple-3-in-1\/","title":{"rendered":"FIHP 60K Potr\u00f3jny 3 w 1 | 60000 zaci\u0105gni\u0119\u0107 potr\u00f3jny smak jednorazowy vape hurtownia"},"content":{"rendered":"<p><img data-recalc-dims=\"1\" loading=\"lazy\" decoding=\"async\" class=\"wp-image-40631 size-full\" src=\"https:\/\/i0.wp.com\/aiviouvapes.com\/wp-content\/uploads\/2025\/06\/%E5%A8%B4%E9%94%8B%E5%A7%A4%E9%8D%A5%E7%B6%BAA-6.jpg?resize=1020%2C1445&#038;ssl=1\" alt=\",\" width=\"1020\" height=\"1445\" data-wp-editing=\"1\" title=\"\" srcset=\"https:\/\/i0.wp.com\/aiviouvapes.com\/wp-content\/uploads\/2025\/06\/%E5%A8%B4%E9%94%8B%E5%A7%A4%E9%8D%A5%E7%B6%BAA-6.jpg?w=1200&amp;ssl=1 1200w, https:\/\/i0.wp.com\/aiviouvapes.com\/wp-content\/uploads\/2025\/06\/%E5%A8%B4%E9%94%8B%E5%A7%A4%E9%8D%A5%E7%B6%BAA-6.jpg?resize=212%2C300&amp;ssl=1 212w, https:\/\/i0.wp.com\/aiviouvapes.com\/wp-content\/uploads\/2025\/06\/%E5%A8%B4%E9%94%8B%E5%A7%A4%E9%8D%A5%E7%B6%BAA-6.jpg?resize=723%2C1024&amp;ssl=1 723w, https:\/\/i0.wp.com\/aiviouvapes.com\/wp-content\/uploads\/2025\/06\/%E5%A8%B4%E9%94%8B%E5%A7%A4%E9%8D%A5%E7%B6%BAA-6.jpg?resize=768%2C1088&amp;ssl=1 768w, https:\/\/i0.wp.com\/aiviouvapes.com\/wp-content\/uploads\/2025\/06\/%E5%A8%B4%E9%94%8B%E5%A7%A4%E9%8D%A5%E7%B6%BAA-6.jpg?resize=1084%2C1536&amp;ssl=1 1084w, https:\/\/i0.wp.com\/aiviouvapes.com\/wp-content\/uploads\/2025\/06\/%E5%A8%B4%E9%94%8B%E5%A7%A4%E9%8D%A5%E7%B6%BAA-6.jpg?resize=8%2C12&amp;ssl=1 8w, https:\/\/i0.wp.com\/aiviouvapes.com\/wp-content\/uploads\/2025\/06\/%E5%A8%B4%E9%94%8B%E5%A7%A4%E9%8D%A5%E7%B6%BAA-6.jpg?resize=800%2C1133&amp;ssl=1 800w\" sizes=\"auto, (max-width: 1020px) 100vw, 1020px\" \/><\/p>\n<p>&nbsp;<\/p>\n<h2>FIHP 60000 Triple 3-in-1 - potr\u00f3jny smak, potr\u00f3jna moc \ud83d\udca8<\/h2>\n<p>Przenie\u015b swoje jednorazowe do\u015bwiadczenie vape na nowy poziom dzi\u0119ki <strong>FIHP 60000 Triple 3-in-1<\/strong>. Ta pot\u0119ga zapewnia niesamowit\u0105 <strong>60 000 zaci\u0105gni\u0119\u0107<\/strong> wspierany przez wysokowydajny <strong>Zbiornik e-liquidu o pojemno\u015bci 54 ml<\/strong> i <strong>podw\u00f3jne cewki siatkowe<\/strong> dla niezr\u00f3wnanego smaku i produkcji chmury. Z <strong>trzy obracaj\u0105ce si\u0119 smaki<\/strong> w jednym zgrabnym urz\u0105dzeniu <strong>Inteligentny wy\u015bwietlacz LED<\/strong>i szybko <strong>\u0141adowanie typu C<\/strong>Jest to najlepszy wyb\u00f3r dla poszukiwaczy smak\u00f3w, intensywnych u\u017cytkownik\u00f3w i powa\u017cnych sprzedawc\u00f3w. \ud83d\udd25<\/p>\n<h3>Specyfikacja<\/h3>\n<table>\n<tbody>\n<tr>\n<td><strong>Pojemno\u015b\u0107 puff\u00f3w<\/strong><\/td>\n<td>60 000 zaci\u0105gni\u0119\u0107<\/td>\n<\/tr>\n<tr>\n<td><strong>Pojemno\u015b\u0107 e-liquidu<\/strong><\/td>\n<td>54 ml (potr\u00f3jne smaki)<\/td>\n<\/tr>\n<tr>\n<td><strong>Bateria<\/strong><\/td>\n<td>850 mAh, akumulator (typ C)<\/td>\n<\/tr>\n<tr>\n<td><strong>Typ cewki<\/strong><\/td>\n<td>Podw\u00f3jna cewka siatkowa (0,9\u03a9)<\/td>\n<\/tr>\n<tr>\n<td><strong>Si\u0142a nikotyny<\/strong><\/td>\n<td>2% \/ 5%<\/td>\n<\/tr>\n<tr>\n<td><strong>Wy\u015bwietlacz<\/strong><\/td>\n<td>Inteligentny ekran LED<\/td>\n<\/tr>\n<tr>\n<td><strong>Projekt<\/strong><\/td>\n<td>Kompaktowy, odwa\u017cny, ergonomiczny<\/td>\n<\/tr>\n<tr>\n<td><strong>Rozmiar produktu<\/strong><\/td>\n<td>42\u00d742\u00d7110mm<\/td>\n<\/tr>\n<tr>\n<td><strong>Informacje o kartonie<\/strong><\/td>\n<td>160szt \/ 470\u00d7390\u00d7260mm<\/td>\n<\/tr>\n<\/tbody>\n<\/table>\n<h3>Kombinacje smakowe<\/h3>\n<table>\n<tbody>\n<tr>\n<th>Komora A<\/th>\n<th>Komora B<\/th>\n<th>Komora C<\/th>\n<\/tr>\n<tr>\n<td>Arbuzowy l\u00f3d<\/td>\n<td>Red Bull<\/td>\n<td>Truskawka Kiwi<\/td>\n<\/tr>\n<tr>\n<td>Cytryna Limonka<\/td>\n<td>Arbuz truskawkowy<\/td>\n<td>L\u00f3d jagodowy<\/td>\n<\/tr>\n<tr>\n<td>Banan truskawkowy<\/td>\n<td>Podw\u00f3jne jab\u0142ko<\/td>\n<td>Arbuz malinowy<\/td>\n<\/tr>\n<tr>\n<td>Truskawka Kiwi<\/td>\n<td>Kwa\u015bny ananas z mango<\/td>\n<td>Red Bull<\/td>\n<\/tr>\n<tr>\n<td>Owoce tropikalne<\/td>\n<td>Arbuz truskawkowy<\/td>\n<td>Brzoskwinia cytrynowa<\/td>\n<\/tr>\n<tr>\n<td>Ananas Kokos<\/td>\n<td>Blue Razz<\/td>\n<td>Banan truskawkowy<\/td>\n<\/tr>\n<tr>\n<td>Truskawka Malina<\/td>\n<td>Potr\u00f3jny Melon<\/td>\n<td>Kwa\u015bny ananas z mango<\/td>\n<\/tr>\n<tr>\n<td>Jagody mieszane<\/td>\n<td>Arbuz malinowy<\/td>\n<td>Mango Brzoskwinia<\/td>\n<\/tr>\n<tr>\n<td>Bor\u00f3wka Malina<\/td>\n<td>Truskawkowo-waniliowa cola<\/td>\n<td>Cytryna Limonka<\/td>\n<\/tr>\n<tr>\n<td>Arbuzowy l\u00f3d<\/td>\n<td>Peach Berry<\/td>\n<td>Potr\u00f3jny Melon<\/td>\n<\/tr>\n<\/tbody>\n<\/table>\n<h3>Dlaczego warto wybra\u0107 FIHP 60000 Triple?<\/h3>\n<ul>\n<li>\u26a1 <strong>Konstrukcja z trzema komorami<\/strong> - Ciesz si\u0119 trzema obrotowymi smakami w jednym urz\u0105dzeniu.<\/li>\n<li>\ud83d\udd25 <strong>Ogromna liczba zaci\u0105gni\u0119\u0107<\/strong> - Do 60 000 zaci\u0105gni\u0119\u0107 dla d\u0142ugotrwa\u0142ej satysfakcji.<\/li>\n<li>\ud83c\udf00 <strong>Cewki z podw\u00f3jn\u0105 siatk\u0105<\/strong> - G\u0142adka, bogata para o intensywnym smaku.<\/li>\n<li>\ud83d\udd0b <strong>Mo\u017cliwo\u015b\u0107 \u0142adowania przez Type-C<\/strong> - Szybkie \u0142adowanie, zero przestoj\u00f3w.<\/li>\n<li>\ud83d\udcfa <strong>Inteligentny wy\u015bwietlacz LED<\/strong> - B\u0105d\u017a na bie\u017c\u0105co dzi\u0119ki funkcji \u015bledzenia baterii i zaci\u0105gni\u0119\u0107.<\/li>\n<li>\ud83d\udcbc <strong>Idealny do odsprzeda\u017cy<\/strong> - Rozmiar przyjazny dla kartonu, 160 sztuk w pude\u0142ku.<\/li>\n<li>\ud83d\udce6 <strong>Wholesale Ready<\/strong> - Zaprojektowany do wysokonak\u0142adowej dystrybucji B2B.<\/li>\n<\/ul>\n<p>Je\u015bli jeste\u015b zapalonym vaperem, entuzjast\u0105 smak\u00f3w lub prowadzisz firm\u0119 zajmuj\u0105c\u0105 si\u0119 waporyzacj\u0105, to <strong>FIHP 60000 Triple 3-in-1<\/strong> to pozycja obowi\u0105zkowa. Dzi\u0119ki ogromnej liczbie puff\u00f3w, elastyczno\u015bci smaku i inteligentnej konstrukcji, jest zbudowany tak, aby dostarcza\u0107 na ka\u017cdym poziomie. Zaopatrz si\u0119 ju\u017c teraz i zapewnij potr\u00f3jn\u0105 satysfakcj\u0119 swoim p\u00f3\u0142kom lub klientom.<\/p>","protected":false},"excerpt":{"rendered":"<p>FIHP 60000 triple vape - 60 000 zaci\u0105gni\u0119\u0107, potr\u00f3jna rotacja smak\u00f3w, podw\u00f3jne cewki siatkowe i wysoka wydajno\u015b\u0107. Stworzony dla profesjonalist\u00f3w i idealny do sprzeda\u017cy hurtowej!<\/p>","protected":false},"featured_media":39346,"comment_status":"open","ping_status":"closed","template":"","meta":[],"product_brand":[236],"product_cat":[18,242,90,117,81,76,134,135,133,136,137,146,138,139,140,141,142,143,144,145,82],"product_tag":[],"class_list":{"0":"post-39345","1":"product","2":"type-product","3":"status-publish","4":"has-post-thumbnail","6":"product_brand-fihp","7":"product_cat-fihp","8":"product_cat-60000-puffs-disposable-vape","9":"product_cat-big-puffs-vapes","10":"product_cat-different-puffs-of-diposable-vapes","11":"product_cat-digital-box-vapes","12":"product_cat-disposable-vape-types","13":"product_cat-disposable-vapes-in-austria","14":"product_cat-disposable-vapes-in-belgium","15":"product_cat-disposable-vapes-in-europe","16":"product_cat-disposable-vapes-in-france","17":"product_cat-disposable-vapes-in-germany","18":"product_cat-disposable-vapes-in-hungary","19":"product_cat-disposable-vapes-in-ltaly","20":"product_cat-disposable-vapes-in-netherlands","21":"product_cat-disposable-vapes-in-norway","22":"product_cat-disposable-vapes-in-poland","23":"product_cat-disposable-vapes-in-portugal","24":"product_cat-disposable-vapes-in-spain","25":"product_cat-disposable-vapes-in-sweden","26":"product_cat-disposable-vapes-in-switzerland","27":"product_cat-smart-screen-vapes","29":"first","30":"instock","31":"shipping-taxable","32":"purchasable","33":"product-type-variable","34":"has-default-attributes"},"jetpack_sharing_enabled":true,"tiered_pricing_type":"fixed","tiered_pricing_fixed_rules":{"30":9.3300000000000000710542735760100185871124267578125,"50":7.519999999999999573674358543939888477325439453125,"100":6.87000000000000010658141036401502788066864013671875,"200":6.6699999999999999289457264239899814128875732421875,"400":6.03000000000000024868995751603506505489349365234375},"tiered_pricing_product_settings":{"layout":"default","base_unit_name":{"singular":null,"plural":null},"default_variation":null},"tiered_pricing_minimum_quantity":10,"tiered_pricing_roles_data":[],"tiered_pricing_percentage_rules":[],"tiered_pricing_maximum_quantity":null,"tiered_pricing_quantity_step":"10","_links":{"self":[{"href":"https:\/\/aiviouvapes.com\/pl\/wp-json\/wp\/v2\/product\/39345","targetHints":{"allow":["GET"]}}],"collection":[{"href":"https:\/\/aiviouvapes.com\/pl\/wp-json\/wp\/v2\/product"}],"about":[{"href":"https:\/\/aiviouvapes.com\/pl\/wp-json\/wp\/v2\/types\/product"}],"replies":[{"embeddable":true,"href":"https:\/\/aiviouvapes.com\/pl\/wp-json\/wp\/v2\/comments?post=39345"}],"wp:featuredmedia":[{"embeddable":true,"href":"https:\/\/aiviouvapes.com\/pl\/wp-json\/wp\/v2\/media\/39346"}],"wp:attachment":[{"href":"https:\/\/aiviouvapes.com\/pl\/wp-json\/wp\/v2\/media?parent=39345"}],"wp:term":[{"taxonomy":"product_brand","embeddable":true,"href":"https:\/\/aiviouvapes.com\/pl\/wp-json\/wp\/v2\/product_brand?post=39345"},{"taxonomy":"product_cat","embeddable":true,"href":"https:\/\/aiviouvapes.com\/pl\/wp-json\/wp\/v2\/product_cat?post=39345"},{"taxonomy":"product_tag","embeddable":true,"href":"https:\/\/aiviouvapes.com\/pl\/wp-json\/wp\/v2\/product_tag?post=39345"}],"curies":[{"name":"wp","href":"https:\/\/api.w.org\/{rel}","templated":true}]}}