{"id":37388,"date":"2025-06-12T23:18:34","date_gmt":"2025-06-12T15:18:34","guid":{"rendered":"https:\/\/aiviouvapes.com\/?post_type=product&#038;p=37388"},"modified":"2026-03-17T14:12:48","modified_gmt":"2026-03-17T06:12:48","slug":"bang-leader-80k","status":"publish","type":"product","link":"https:\/\/aiviouvapes.com\/pl\/product\/bang-leader-80k\/","title":{"rendered":"Bang Leader 80K | 80000 zaci\u0105gni\u0119\u0107, potr\u00f3jny smak, podw\u00f3jna siatka, akumulator typu C, jednorazowy vape luzem"},"content":{"rendered":"<p><!-- SEO Meta Description --><\/p>\n<p><!-- Product Title --><\/p>\n<h2>Bang Leader 80K Puffs Jednorazowy Vape | System smak\u00f3w 3 w 1, podw\u00f3jna siatka, \u0142adowanie typu C<\/h2>\n<p><!-- Key Features Section --><\/p>\n<h2>Kluczowe cechy jednorazowych urz\u0105dze\u0144 Vape Bang Leader 80K<\/h2>\n<ul>\n<li><strong>System potr\u00f3jnego smaku:<\/strong> Natychmiastowe prze\u0142\u0105czanie mi\u0119dzy trzema smakami premium w jednym urz\u0105dzeniu.<\/li>\n<li><strong>Ogromna liczba zaci\u0105gni\u0119\u0107:<\/strong> Zapewnia do 80 000 zaci\u0105gni\u0119\u0107 dla niezr\u00f3wnanej trwa\u0142o\u015bci.<\/li>\n<li><strong>Elastyczno\u015b\u0107 nikotyny:<\/strong> Dost\u0119pne w wersjach 0%, 2%, 3% i 5%, aby dopasowa\u0107 si\u0119 do preferencji ka\u017cdego wapera.<\/li>\n<li><strong>Podw\u00f3jna cewka siatkowa:<\/strong> Ulepszony smak, szybsze nagrzewanie i g\u0119sta para przy ka\u017cdym zaci\u0105gni\u0119ciu.<\/li>\n<li><strong>Akumulator typu C:<\/strong> Szybsze i bardziej niezawodne \u0142adowanie dzi\u0119ki do\u0142\u0105czonemu portowi Type-C.<\/li>\n<li><strong>Pojemno\u015b\u0107 akumulatora:<\/strong> Wbudowana bateria 850 mAh zapewnia wydajno\u015b\u0107 przez ca\u0142y dzie\u0144.<\/li>\n<li><strong>Przyjazny dla hurtownik\u00f3w:<\/strong> Ka\u017cde pude\u0142ko zawiera 10 sztuk - idealne do zakup\u00f3w hurtowych i odsprzeda\u017cy.<\/li>\n<\/ul>\n<p><!-- Why Choose Section --><\/p>\n<h2>Dlaczego warto wybra\u0107 Bang Leader 80K Puffs Vape?<\/h2>\n<ul>\n<li><strong>Najwy\u017csza d\u0142ugowieczno\u015b\u0107:<\/strong> Do 80 000 zaci\u0105gni\u0119\u0107 oznacza rzadsze wymiany i d\u0142u\u017csz\u0105 rado\u015b\u0107 z u\u017cytkowania.<\/li>\n<li><strong>R\u00f3\u017cnorodno\u015b\u0107 smak\u00f3w:<\/strong> Ciesz si\u0119 opcjami smakowymi 3 w 1 dla dynamicznych wra\u017ce\u0144 z waporyzacji w dowolnym momencie.<\/li>\n<li><strong>Nikotyna dostosowana do potrzeb:<\/strong> Cztery opcje si\u0142y s\u0105 odpowiednie zar\u00f3wno dla pocz\u0105tkuj\u0105cych, jak i do\u015bwiadczonych u\u017cytkownik\u00f3w.<\/li>\n<li><strong>Wygoda \u0142adowania:<\/strong> Port typu C umo\u017cliwia szybkie i \u0142atwe \u0142adowanie.<\/li>\n<li><strong>Premium Coil Tech:<\/strong> Podw\u00f3jne cewki siatkowe poprawiaj\u0105 zar\u00f3wno smak, jak i jako\u015b\u0107 pary.<\/li>\n<li><strong>Wszechstronny dla wszystkich u\u017cytkownik\u00f3w:<\/strong> Niezale\u017cnie od tego, czy chodzi o zwyk\u0142e u\u017cytkowanie, czy zakup hurtowy, ten waporyzator zapewni Ci ochron\u0119.<\/li>\n<\/ul>\n<p><!-- Flavor List Section --><\/p>\n<h2>Dost\u0119pne kombinacje smak\u00f3w<\/h2>\n<ul>\n<li>L\u00f3d arbuzowy + truskawka i mango + banan<\/li>\n<li>Raspberry Mojito Peach Ice + Strawberry and Watermelon + Kiwi Passion Fruit Guava<\/li>\n<li>Arbuz truskawkowy + l\u00f3d winogronowy + t\u0119czowe cukierki<\/li>\n<li>Cola Ice + Blueberry Raspberry + Peach Mango Watermelon<\/li>\n<li>Jagoda Arbuz + Truskawka Mango + Czarna porzeczka<\/li>\n<li>Blueberry Ice + Black Dragon Ice + Mango Peach<\/li>\n<li>L\u00f3d jagodowy + truskawka i banan + mieszanka jag\u00f3d<\/li>\n<li>Red Bull + arbuz jagodowy + gruszka jab\u0142kowa<\/li>\n<li>Red Bull + arbuzowe cukierki b\u0105belkowe + lody truskawkowe<\/li>\n<li>Strawberry Kiwi + Peach Ice + Cherry Cola<\/li>\n<li>Kiwi Guava + Lychee Ice + Mango Peach Pineapple<\/li>\n<li>Avocado Ice + Lemon Lime + Watermelon Raspberry<\/li>\n<\/ul>\n<p><!-- Nicotine Section --><\/p>\n<h2>Opcje mocy nikotyny<\/h2>\n<p>Wybierz preferowany poziom nikotyny: <strong>0%, 2%, 3% lub 5%<\/strong> - idealny do ka\u017cdego stylu waporyzacji.<\/p>","protected":false},"excerpt":{"rendered":"<p>Ciesz si\u0119 80 000 zaci\u0105gni\u0119\u0107 dzi\u0119ki jednorazowemu waporyzatorowi Bang Leader 80K - potr\u00f3jne smaki, podw\u00f3jna cewka siatkowa, \u0142adowanie typu C i wiele opcji nikotyny dla najlepszych wra\u017ce\u0144 z waporyzacji jednorazowej.<\/p>","protected":false},"featured_media":37392,"comment_status":"open","ping_status":"closed","template":"","meta":[],"product_brand":[239],"product_cat":[37,242,137,146,138,141,143],"product_tag":[],"class_list":{"0":"post-37388","1":"product","2":"type-product","3":"status-publish","4":"has-post-thumbnail","6":"product_brand-bang","7":"product_cat-bang","8":"product_cat-60000-puffs-disposable-vape","9":"product_cat-disposable-vapes-in-germany","10":"product_cat-disposable-vapes-in-hungary","11":"product_cat-disposable-vapes-in-ltaly","12":"product_cat-disposable-vapes-in-poland","13":"product_cat-disposable-vapes-in-spain","15":"first","16":"instock","17":"featured","18":"shipping-taxable","19":"purchasable","20":"product-type-variable","21":"has-default-attributes"},"jetpack_sharing_enabled":true,"tiered_pricing_type":"fixed","tiered_pricing_fixed_rules":{"30":8.42999999999999971578290569595992565155029296875,"50":7.2599999999999997868371792719699442386627197265625,"100":6.3499999999999996447286321199499070644378662109375,"200":5.95999999999999996447286321199499070644378662109375,"400":5.37999999999999989341858963598497211933135986328125},"tiered_pricing_product_settings":{"layout":"default","base_unit_name":{"singular":null,"plural":null},"default_variation":null},"tiered_pricing_minimum_quantity":10,"tiered_pricing_roles_data":[],"tiered_pricing_percentage_rules":[],"tiered_pricing_maximum_quantity":null,"tiered_pricing_quantity_step":"10","_links":{"self":[{"href":"https:\/\/aiviouvapes.com\/pl\/wp-json\/wp\/v2\/product\/37388","targetHints":{"allow":["GET"]}}],"collection":[{"href":"https:\/\/aiviouvapes.com\/pl\/wp-json\/wp\/v2\/product"}],"about":[{"href":"https:\/\/aiviouvapes.com\/pl\/wp-json\/wp\/v2\/types\/product"}],"replies":[{"embeddable":true,"href":"https:\/\/aiviouvapes.com\/pl\/wp-json\/wp\/v2\/comments?post=37388"}],"wp:featuredmedia":[{"embeddable":true,"href":"https:\/\/aiviouvapes.com\/pl\/wp-json\/wp\/v2\/media\/37392"}],"wp:attachment":[{"href":"https:\/\/aiviouvapes.com\/pl\/wp-json\/wp\/v2\/media?parent=37388"}],"wp:term":[{"taxonomy":"product_brand","embeddable":true,"href":"https:\/\/aiviouvapes.com\/pl\/wp-json\/wp\/v2\/product_brand?post=37388"},{"taxonomy":"product_cat","embeddable":true,"href":"https:\/\/aiviouvapes.com\/pl\/wp-json\/wp\/v2\/product_cat?post=37388"},{"taxonomy":"product_tag","embeddable":true,"href":"https:\/\/aiviouvapes.com\/pl\/wp-json\/wp\/v2\/product_tag?post=37388"}],"curies":[{"name":"wp","href":"https:\/\/api.w.org\/{rel}","templated":true}]}}