{"id":37374,"date":"2025-06-12T22:50:24","date_gmt":"2025-06-12T14:50:24","guid":{"rendered":"https:\/\/aiviouvapes.com\/?post_type=product&#038;p=37374"},"modified":"2026-03-17T10:36:08","modified_gmt":"2026-03-17T02:36:08","slug":"bang-blaze-40k","status":"publish","type":"product","link":"https:\/\/aiviouvapes.com\/pl\/product\/bang-blaze-40k\/","title":{"rendered":"Bang Blaze 40K 40000 Puffs | podw\u00f3jny smak, 40 ml, 32 smaki, jednorazowy vape z mo\u017cliwo\u015bci\u0105 wielokrotnego \u0142adowania"},"content":{"rendered":"<p><!-- SEO Meta Description (First 30 Words) --><\/p>\n<p><!-- Product Title --><\/p>\n<h2>Bang Blaze 40K jednorazowy Vape - podw\u00f3jny smak, 40 000 zaci\u0105gni\u0119\u0107, 32 opcje smakowe<\/h2>\n<p><!-- Key Features Section --><\/p>\n<h2>Kluczowe cechy jednorazowych urz\u0105dze\u0144 Vape Bang Blaze 40K<\/h2>\n<ul>\n<li><strong>Ogromna pojemno\u015b\u0107 dmuchawy:<\/strong> Do 40 000 zaci\u0105gni\u0119\u0107 - idealny na tygodnie nieprzerwanego wapowania.<\/li>\n<li><strong>Podw\u00f3jny prze\u0142\u0105cznik smaku:<\/strong> Funkcja Slide-to-Switch umo\u017cliwia natychmiastowe prze\u0142\u0105czanie mi\u0119dzy dwoma smakami.<\/li>\n<li><strong>Du\u017ca pojemno\u015b\u0107 e-p\u0142ynu:<\/strong> Wst\u0119pnie nape\u0142niony 40 ml wysokiej jako\u015bci e-liquidu dla d\u0142ugotrwa\u0142ej przyjemno\u015bci.<\/li>\n<li><strong>R\u00f3\u017cne st\u0119\u017cenia nikotyny:<\/strong> Wybierz nikotyn\u0119 0%, 2%, 3% lub 5% zgodnie z w\u0142asnymi preferencjami.<\/li>\n<li><strong>Akumulator:<\/strong> Niezawodna bateria 650 mAh zapewnia d\u0142ugie sesje.<\/li>\n<li><strong>Podw\u00f3jna cewka siatkowa (1,2\u03a9):<\/strong> Wytwarza g\u0142adk\u0105 par\u0119 i bogaty, sp\u00f3jny smak za ka\u017cdym razem.<\/li>\n<li><strong>Szybkie \u0142adowanie przez USB-C:<\/strong> Port typu C zapewnia szybkie i wydajne \u0142adowanie.<\/li>\n<\/ul>\n<p><!-- Why Choose Section --><\/p>\n<h2>Dlaczego warto wybra\u0107 Bang Blaze 40K Vape?<\/h2>\n<ul>\n<li><strong>Niezr\u00f3wnana trwa\u0142o\u015b\u0107:<\/strong> \u017bywotno\u015b\u0107 40 000 zaci\u0105gni\u0119\u0107 i zbiornik o pojemno\u015bci 40 ml oznaczaj\u0105 mniejsz\u0105 liczb\u0119 wymian i wi\u0119ksz\u0105 satysfakcj\u0119.<\/li>\n<li><strong>Wygoda podw\u00f3jnego smaku:<\/strong> Nie zadowalaj si\u0119 jednym - b\u0142yskawicznie zmieniaj smaki za pomoc\u0105 mechanizmu suwakowego.<\/li>\n<li><strong>Dostosowane do potrzeb doznania nikotynowe:<\/strong> Od zera do silnego - wybierz swoj\u0105 si\u0142\u0119 spo\u015br\u00f3d 0%, 2%, 3% lub 5%.<\/li>\n<li><strong>Jedwabista jako\u015b\u0107 pary:<\/strong> Podw\u00f3jna cewka siatkowa zapewnia g\u0142adkie, aromatyczne zaci\u0105gni\u0119cia za ka\u017cdym razem.<\/li>\n<li><strong>Kompaktowy i \u0142adowalny:<\/strong> Zabierz go ze sob\u0105 wsz\u0119dzie - szybkie \u0142adowanie typu C i przyjazna dla kieszeni konstrukcja.<\/li>\n<\/ul>\n<p>Niezale\u017cnie od tego, czy jeste\u015b \u0142owc\u0105 smak\u00f3w, poszukiwaczem chmur, czy nabywc\u0105 hurtowym, Bang Blaze 40K Disposable Vape zapewnia najwy\u017csz\u0105 wydajno\u015b\u0107, niezr\u00f3wnan\u0105 wygod\u0119 i prawdziwie aromatyczn\u0105 podr\u00f3\u017c waporyzacyjn\u0105.<\/p>\n<p><!-- Flavor List Section --><\/p>\n<h2>Lista smak\u00f3w - poznaj 32 unikalne kombinacje podw\u00f3jnych smak\u00f3w<\/h2>\n<ul>\n<li data-start=\"71\" data-end=\"108\">\n<p data-start=\"74\" data-end=\"108\">Arbuz\/ Arbuz truskawkowy<\/p>\n<\/li>\n<li data-start=\"109\" data-end=\"147\">\n<p data-start=\"112\" data-end=\"147\">Blueberry Ice\/Blueberry Raspberry<\/p>\n<\/li>\n<li data-start=\"148\" data-end=\"179\">\n<p data-start=\"151\" data-end=\"179\">Mango Ice\/Truskawka Mango<\/p>\n<\/li>\n<li data-start=\"180\" data-end=\"216\">\n<p data-start=\"183\" data-end=\"216\">Watermelon\/Watermelon Bubblegum<\/p>\n<\/li>\n<li data-start=\"217\" data-end=\"253\">\n<p data-start=\"220\" data-end=\"253\">L\u00f3d ananasowy\/kokos ananasowy<\/p>\n<\/li>\n<li data-start=\"254\" data-end=\"283\">\n<p data-start=\"257\" data-end=\"283\">Mieszane owoce\/potr\u00f3jne jagody<\/p>\n<\/li>\n<li data-start=\"284\" data-end=\"310\">\n<p data-start=\"287\" data-end=\"310\">Peach Ice\/Mango Peach<\/p>\n<\/li>\n<li data-start=\"311\" data-end=\"334\">\n<p data-start=\"314\" data-end=\"334\">Cherry\/Cherry Coke<\/p>\n<\/li>\n<li data-start=\"335\" data-end=\"361\">\n<p data-start=\"338\" data-end=\"361\">Grape\/Blueberry Grape<\/p>\n<\/li>\n<li data-start=\"362\" data-end=\"387\">\n<p data-start=\"366\" data-end=\"387\">Mi\u0119ta\/Bor\u00f3wka Mi\u0119ta<\/p>\n<\/li>\n<li data-start=\"388\" data-end=\"419\">\n<p data-start=\"392\" data-end=\"419\">Black Dragon Ice\/Red Bull<\/p>\n<\/li>\n<li data-start=\"420\" data-end=\"456\">\n<p data-start=\"424\" data-end=\"456\">Strawberry Ice\/Strawberry Kiwi<\/p>\n<\/li>\n<li data-start=\"457\" data-end=\"496\">\n<p data-start=\"461\" data-end=\"496\">Owoce tropikalne\/potr\u00f3jny arbuz<\/p>\n<\/li>\n<li data-start=\"497\" data-end=\"534\">\n<p data-start=\"501\" data-end=\"534\">Kwa\u015bne mango\/ananas\/cytryna\/limonka<\/p>\n<\/li>\n<li data-start=\"535\" data-end=\"562\">\n<p data-start=\"539\" data-end=\"562\">Summer Time\/Apple Ice<\/p>\n<\/li>\n<li data-start=\"563\" data-end=\"598\">\n<p data-start=\"567\" data-end=\"598\">Rainbow Candy\/Arctic Freezing<\/p>\n<\/li>\n<li data-start=\"599\" data-end=\"635\">\n<p data-start=\"603\" data-end=\"635\">Arbuz malinowy\/Jieshuang<\/p>\n<\/li>\n<li data-start=\"636\" data-end=\"673\">\n<p data-start=\"640\" data-end=\"673\">Lemon Romance\/California Cherry<\/p>\n<\/li>\n<li data-start=\"674\" data-end=\"713\">\n<p data-start=\"678\" data-end=\"713\">Mango Brzoskwinia Morela\/Bia\u0142e \u017belki<\/p>\n<\/li>\n<li data-start=\"714\" data-end=\"753\">\n<p data-start=\"718\" data-end=\"753\">Mary\u2019s Dream\/Aloe Mango Melon Ice<\/p>\n<\/li>\n<li data-start=\"754\" data-end=\"804\">\n<p data-start=\"758\" data-end=\"804\">Jagoda \u017burawina Wi\u015bnia Arbuz Wi\u015bnia<\/p>\n<\/li>\n<li data-start=\"805\" data-end=\"848\">\n<p data-start=\"809\" data-end=\"848\">L\u00f3d ananasowo-mango\/ananasowo-kokosowy<\/p>\n<\/li>\n<li data-start=\"849\" data-end=\"891\">\n<p data-start=\"853\" data-end=\"891\">Malina, arbuz, aloes, winogrono<\/p>\n<\/li>\n<li data-start=\"892\" data-end=\"926\">\n<p data-start=\"896\" data-end=\"926\">Lychee Ice\/Truskawka Lychee<\/p>\n<\/li>\n<li data-start=\"927\" data-end=\"972\">\n<p data-start=\"931\" data-end=\"972\">Lody truskawkowe\/truskawkowo-waniliowe<\/p>\n<\/li>\n<li data-start=\"973\" data-end=\"1013\">\n<p data-start=\"977\" data-end=\"1013\">Gummy Bear\/Raspberry Black Glitter<\/p>\n<\/li>\n<li data-start=\"1014\" data-end=\"1054\">\n<p data-start=\"1018\" data-end=\"1054\">Jagody Cool\/Arbuz Kwa\u015bna brzoskwinia<\/p>\n<\/li>\n<\/ul>","protected":false},"excerpt":{"rendered":"<p>Jednorazowy vape Bang Blaze 40K oferuje 40 000 zaci\u0105gni\u0119\u0107, podw\u00f3jne smaki, 40 ml e-liquidu, 32 opcje smakowe i do 5% nikotyny. Akumulatorowy, wysokowydajny jednorazowy vape dla mi\u0142o\u015bnik\u00f3w smak\u00f3w.<\/p>","protected":false},"featured_media":37387,"comment_status":"open","ping_status":"closed","template":"","meta":[],"product_brand":[239],"product_cat":[37,219,137,146,138,141,143],"product_tag":[],"class_list":{"0":"post-37374","1":"product","2":"type-product","3":"status-publish","4":"has-post-thumbnail","6":"product_brand-bang","7":"product_cat-bang","8":"product_cat-40000-puffs-disposable-vape","9":"product_cat-disposable-vapes-in-germany","10":"product_cat-disposable-vapes-in-hungary","11":"product_cat-disposable-vapes-in-ltaly","12":"product_cat-disposable-vapes-in-poland","13":"product_cat-disposable-vapes-in-spain","15":"first","16":"instock","17":"shipping-taxable","18":"purchasable","19":"product-type-variable","20":"has-default-attributes"},"jetpack_sharing_enabled":true,"tiered_pricing_type":"fixed","tiered_pricing_fixed_rules":{"30":7.78000000000000024868995751603506505489349365234375,"50":6.61000000000000031974423109204508364200592041015625,"100":5.70000000000000017763568394002504646778106689453125,"200":5.30999999999999960920149533194489777088165283203125,"400":4.730000000000000426325641456060111522674560546875},"tiered_pricing_product_settings":{"layout":"default","base_unit_name":{"singular":null,"plural":null},"default_variation":null},"tiered_pricing_minimum_quantity":10,"tiered_pricing_roles_data":[],"tiered_pricing_percentage_rules":[],"tiered_pricing_maximum_quantity":null,"tiered_pricing_quantity_step":"10","_links":{"self":[{"href":"https:\/\/aiviouvapes.com\/pl\/wp-json\/wp\/v2\/product\/37374","targetHints":{"allow":["GET"]}}],"collection":[{"href":"https:\/\/aiviouvapes.com\/pl\/wp-json\/wp\/v2\/product"}],"about":[{"href":"https:\/\/aiviouvapes.com\/pl\/wp-json\/wp\/v2\/types\/product"}],"replies":[{"embeddable":true,"href":"https:\/\/aiviouvapes.com\/pl\/wp-json\/wp\/v2\/comments?post=37374"}],"wp:featuredmedia":[{"embeddable":true,"href":"https:\/\/aiviouvapes.com\/pl\/wp-json\/wp\/v2\/media\/37387"}],"wp:attachment":[{"href":"https:\/\/aiviouvapes.com\/pl\/wp-json\/wp\/v2\/media?parent=37374"}],"wp:term":[{"taxonomy":"product_brand","embeddable":true,"href":"https:\/\/aiviouvapes.com\/pl\/wp-json\/wp\/v2\/product_brand?post=37374"},{"taxonomy":"product_cat","embeddable":true,"href":"https:\/\/aiviouvapes.com\/pl\/wp-json\/wp\/v2\/product_cat?post=37374"},{"taxonomy":"product_tag","embeddable":true,"href":"https:\/\/aiviouvapes.com\/pl\/wp-json\/wp\/v2\/product_tag?post=37374"}],"curies":[{"name":"wp","href":"https:\/\/api.w.org\/{rel}","templated":true}]}}