{"id":37337,"date":"2025-06-12T23:06:52","date_gmt":"2025-06-12T15:06:52","guid":{"rendered":"https:\/\/aiviouvapes.com\/?post_type=product&#038;p=37337"},"modified":"2026-03-07T11:31:06","modified_gmt":"2026-03-07T03:31:06","slug":"vopk-triple-60k","status":"publish","type":"product","link":"https:\/\/aiviouvapes.com\/pl\/product\/vopk-triple-60k\/","title":{"rendered":"Vopk Triple 60K 60000 Puffs | Smak 3 w 1, 54 ml, ekran LED, potr\u00f3jna siatka, jednorazowy vape luzem"},"content":{"rendered":"<p><!-- SEO Meta Description --><\/p>\n<p><!-- Product Description --><\/p>\n<h2>Vopk Triple 60000 Puffs Jednorazowe Vape - najlepsze doznania z potr\u00f3jnym smakiem<\/h2>\n<p>The <strong>Vopk Triple 60K<\/strong> to jednorazowy vape nowej generacji wyposa\u017cony w <strong>60 000 zaci\u0105gni\u0119\u0107<\/strong>, a <strong>Zbiornik e-liquidu o pojemno\u015bci 54 ml<\/strong>oraz <strong>Potr\u00f3jne cewki o oczkach 0,9\u03a9<\/strong>. Z jego <strong>Rotacja smak\u00f3w 3 w 1<\/strong> to urz\u0105dzenie zapewnia nieprzerwan\u0105 r\u00f3\u017cnorodno\u015b\u0107, g\u0142adkie chmury i wyrazisty smak. Wyposa\u017cony w <strong>Inteligentny ekran LED<\/strong>, <strong>Akumulator 650 mAh<\/strong>oraz <strong>Szybkie \u0142adowanie typu C<\/strong>Jest to idealne urz\u0105dzenie typu \"wszystko w jednym\" dla powa\u017cnych vaper\u00f3w.<\/p>\n<p><!-- Key Features --><\/p>\n<h3>Kluczowe cechy Vopk Triple 60K Vape<\/h3>\n<ul>\n<li><strong>Wydajno\u015b\u0107 60 000 zaci\u0105gni\u0119\u0107<\/strong> - Ciesz si\u0119 d\u0142ugotrwa\u0142ym u\u017cytkowaniem bez konieczno\u015bci ci\u0105g\u0142ej wymiany.<\/li>\n<li><strong>2% \/ 5% Opcje nikotyny<\/strong> - Elastyczna moc dla lekkiej lub intensywnej satysfakcji.<\/li>\n<li><strong>Potr\u00f3jne cewki siatkowe 0,9\u03a9<\/strong> - Zwi\u0119kszona g\u0119sto\u015b\u0107 pary, szybsze nagrzewanie i mocniejszy smak.<\/li>\n<li><strong>Pojemno\u015b\u0107 54 ml e-p\u0142ynu<\/strong> - Bardzo wysoka g\u0142o\u015bno\u015b\u0107 dla d\u0142u\u017cszych sesji waporyzacji.<\/li>\n<li><strong>Akumulator 650 mAh<\/strong> - Ma\u0142y, ale pot\u0119\u017cny, zapewniaj\u0105cy ci\u0105g\u0142o\u015b\u0107 dzia\u0142ania przez ca\u0142y dzie\u0144.<\/li>\n<li><strong>Szybkie \u0142adowanie typu C<\/strong> - Szybkie \u0142adowanie minimalizuje przestoje mi\u0119dzy kolejnymi u\u017cyciami.<\/li>\n<li><strong>Inteligentny wy\u015bwietlacz LED<\/strong> - \u015aledzenie poziomu baterii i e-cieczy w czasie rzeczywistym.<\/li>\n<li><strong>Prze\u0142\u0105cznik smaku 3 w 1<\/strong> - Obracaj mi\u0119dzy trzema smakami w jednym urz\u0105dzeniu - bez konieczno\u015bci wymiany.<\/li>\n<li><strong>Szeroki wyb\u00f3r smak\u00f3w<\/strong> - Do wyboru jest 10 wst\u0119pnie zmieszanych profili o potr\u00f3jnym smaku.<\/li>\n<\/ul>\n<p><!-- Why Choose --><\/p>\n<h3>Dlaczego warto wybra\u0107 Vopk Triple 60000 Puffs?<\/h3>\n<ul>\n<li><strong>Elastyczno\u015b\u0107 nikotyny:<\/strong> Wybierz pomi\u0119dzy <em>2%<\/em> i <em>5%<\/em> aby dopasowa\u0107 je do swoich preferencji.<\/li>\n<li><strong>Innowacja smakowa:<\/strong> System 3 w 1 oznacza, \u017ce nigdy si\u0119 nie znudzisz - obracaj natychmiast.<\/li>\n<li><strong>Jako\u015b\u0107 opar\u00f3w:<\/strong> Cewki z potr\u00f3jn\u0105 siatk\u0105 zapewniaj\u0105 niezmiennie g\u0119ste i aromatyczne chmury.<\/li>\n<li><strong>Ogromna pojemno\u015b\u0107 e-p\u0142ynu:<\/strong> Dzi\u0119ki 54 ml na pok\u0142adzie jeste\u015b gotowy na d\u0142ug\u0105 podr\u00f3\u017c.<\/li>\n<li><strong>Wygodne \u0142adowanie:<\/strong> Typ C umo\u017cliwia szybkie i niezawodne zasilanie.<\/li>\n<li><strong>Inteligentny wy\u015bwietlacz LED:<\/strong> Natychmiastowe sprawdzanie poziomu na\u0142adowania baterii i energii.<\/li>\n<li><strong>R\u00f3\u017cnorodno\u015b\u0107 smak\u00f3w:<\/strong> Dziesi\u0119\u0107 unikalnych, potr\u00f3jnych kombinacji smakowych, doskonale zbalansowanych dla ka\u017cdego podniebienia.<\/li>\n<\/ul>\n<p><!-- Flavor List --><\/p>\n<h3>Dost\u0119pne kombinacje trzech smak\u00f3w<\/h3>\n<ul>\n<li>Lody arbuzowe i potr\u00f3jne lody arbuzowe oraz lody truskawkowe<\/li>\n<li>Truskawka Banan &amp; Malina Arbuz &amp; Ananas Kokos<\/li>\n<li>Peach Berry &amp; Blue Razz Ice &amp; Watermelon Peach Mango<\/li>\n<li>Sour Mango Pineapple &amp; Red Bull Strawberry &amp; Black Currant Ice<\/li>\n<li>Kiwi Passion Fruit &amp; Strawberry Cherry &amp; Love 66<\/li>\n<li>Double Apple Ice &amp; Tropical Fruit &amp; Strawberry Watermelon Bubblegum<\/li>\n<li>Grape Ice &amp; Strawberry Kiwi &amp; Watermelon Red Bull<\/li>\n<li>Truskawka Arbuz &amp; Jagoda Malina &amp; Cytryna Limonka<\/li>\n<li>Banan Ananas &amp; Red Bull Ice &amp; Truskawka Mango<\/li>\n<li>Gummy Bear &amp; Strawberry Vanilla Coke &amp; Blueberry Cotton Candy<\/li>\n<\/ul>","protected":false},"excerpt":{"rendered":"<div class=\"woocommerce-product-details__short-description\">\n<p>Jednorazowy waporyzator Vopk Triple 60000 puffs oferuje rotacj\u0119 smak\u00f3w 3 w 1, 54 ml e-liquidu, potr\u00f3jne cewki siatkowe, wy\u015bwietlacz LED i do 60 000 zaci\u0105gni\u0119\u0107 w jednorazowym urz\u0105dzeniu o wysokiej wydajno\u015bci.<\/p>\n<\/div>","protected":false},"featured_media":40849,"comment_status":"open","ping_status":"closed","template":"","meta":[],"product_brand":[245],"product_cat":[39,242,90,78,81,76],"product_tag":[],"class_list":{"0":"post-37337","1":"product","2":"type-product","3":"status-publish","4":"has-post-thumbnail","6":"product_brand-vopk","7":"product_cat-vopk","8":"product_cat-60000-puffs-disposable-vape","9":"product_cat-big-puffs-vapes","10":"product_cat-crystal-vapes","11":"product_cat-digital-box-vapes","12":"product_cat-disposable-vape-types","14":"first","15":"instock","16":"featured","17":"shipping-taxable","18":"purchasable","19":"product-type-variable","20":"has-default-attributes"},"jetpack_sharing_enabled":true,"tiered_pricing_type":"fixed","tiered_pricing_fixed_rules":[],"tiered_pricing_product_settings":{"layout":"default","base_unit_name":{"singular":null,"plural":null},"default_variation":null},"tiered_pricing_minimum_quantity":1000,"tiered_pricing_roles_data":[],"tiered_pricing_percentage_rules":[],"tiered_pricing_maximum_quantity":null,"tiered_pricing_quantity_step":"10","_links":{"self":[{"href":"https:\/\/aiviouvapes.com\/pl\/wp-json\/wp\/v2\/product\/37337","targetHints":{"allow":["GET"]}}],"collection":[{"href":"https:\/\/aiviouvapes.com\/pl\/wp-json\/wp\/v2\/product"}],"about":[{"href":"https:\/\/aiviouvapes.com\/pl\/wp-json\/wp\/v2\/types\/product"}],"replies":[{"embeddable":true,"href":"https:\/\/aiviouvapes.com\/pl\/wp-json\/wp\/v2\/comments?post=37337"}],"wp:featuredmedia":[{"embeddable":true,"href":"https:\/\/aiviouvapes.com\/pl\/wp-json\/wp\/v2\/media\/40849"}],"wp:attachment":[{"href":"https:\/\/aiviouvapes.com\/pl\/wp-json\/wp\/v2\/media?parent=37337"}],"wp:term":[{"taxonomy":"product_brand","embeddable":true,"href":"https:\/\/aiviouvapes.com\/pl\/wp-json\/wp\/v2\/product_brand?post=37337"},{"taxonomy":"product_cat","embeddable":true,"href":"https:\/\/aiviouvapes.com\/pl\/wp-json\/wp\/v2\/product_cat?post=37337"},{"taxonomy":"product_tag","embeddable":true,"href":"https:\/\/aiviouvapes.com\/pl\/wp-json\/wp\/v2\/product_tag?post=37337"}],"curies":[{"name":"wp","href":"https:\/\/api.w.org\/{rel}","templated":true}]}}