{"id":37177,"date":"2025-06-16T11:29:01","date_gmt":"2025-06-16T03:29:01","guid":{"rendered":"https:\/\/aiviouvapes.com\/?post_type=product&#038;p=37177"},"modified":"2026-04-17T13:00:52","modified_gmt":"2026-04-17T05:00:52","slug":"vapsolo-triple-30000-puffs","status":"publish","type":"product","link":"https:\/\/aiviouvapes.com\/pl\/product\/vapsolo-triple-30000-puffs\/","title":{"rendered":"Vapsolo Triple 30000 Puffs | smak 3 w 1, 36 ml e-liquidu, ekran LCD, jednorazowy vape luzem"},"content":{"rendered":"<h2>Kluczowe cechy VapSolo Triple 30000 Puffs Vape jednorazowego u\u017cytku<\/h2>\n<ul>\n<li><strong>Do 30 000 zaci\u0105gni\u0119\u0107:<\/strong> D\u0142ugotrwa\u0142e dzia\u0142anie dla d\u0142u\u017cszego u\u017cytkowania bez konieczno\u015bci cz\u0119stej wymiany.<\/li>\n<li><strong>System potr\u00f3jnego smaku:<\/strong> Ciesz si\u0119 trzema r\u00f3\u017cnymi smakami w jednym urz\u0105dzeniu - idealnym dla tych, kt\u00f3rzy pragn\u0105 r\u00f3\u017cnorodno\u015bci.<\/li>\n<li><strong>Ogromna pojemno\u015b\u0107 45 ml e-p\u0142ynu:<\/strong> 15 ml na smak, zapewniaj\u0105c sp\u00f3jne sesje waporyzacji bez wysychania.<\/li>\n<li><strong>Cewka Triple Mesh 1,0\u03a9:<\/strong> Doskona\u0142a produkcja pary i aromatu przy ka\u017cdym zaci\u0105gni\u0119ciu.<\/li>\n<li><strong>Akumulator 650 mAh:<\/strong> Niezawodne zasilanie z szybkim \u0142adowaniem typu C dla wygody.<\/li>\n<li><strong>Inteligentny wy\u015bwietlacz LCD:<\/strong> Monitorowanie w czasie rzeczywistym liczby zaci\u0105gni\u0119\u0107, \u017cywotno\u015bci baterii i aktywnego smaku.<\/li>\n<li><strong>Stabilne napi\u0119cie przy 3,6 V:<\/strong> Zapewnia sta\u0142\u0105 wydajno\u015b\u0107 waporyzacji od pocz\u0105tku do ko\u0144ca.<\/li>\n<li><strong>Kompaktowa i lekka konstrukcja:<\/strong> Kieszonkowa i \u0142atwa do przenoszenia do u\u017cytku w podr\u00f3\u017cy.<\/li>\n<li><strong>Opcje nikotynowe:<\/strong> Dost\u0119pne w wersjach 2% i 5%, aby zadowoli\u0107 zar\u00f3wno lekkich, jak i do\u015bwiadczonych waper\u00f3w.<\/li>\n<\/ul>\n<h2>Dlaczego warto wybra\u0107 VapSolo Triple 30K Disposable Vape?<\/h2>\n<p>VapSolo Triple 30000 to najlepszy jednorazowy waporyzator dla u\u017cytkownik\u00f3w wymagaj\u0105cych r\u00f3\u017cnorodno\u015bci, wygody i wysokiej wydajno\u015bci. Dzi\u0119ki funkcji potr\u00f3jnego smaku, du\u017cemu zbiornikowi e-liquidu i akumulatorowi, to urz\u0105dzenie jest stworzone do satysfakcji. Niezale\u017cnie od tego, czy jeste\u015b smakoszem, czy zwyk\u0142ym waperem, VapSolo Triple oferuje p\u0142ynne, bogate i nieprzerwane doznania podczas wapowania, a tak\u017ce cyfrowy wy\u015bwietlacz, kt\u00f3ry utrzymuje wszystko w ryzach. Elegancka konstrukcja i ogromna liczba zaci\u0105gni\u0119\u0107 sprawiaj\u0105, \u017ce jest to niezawodny codzienny towarzysz dla ka\u017cdego wapera.<\/p>\n<h2>Dost\u0119pne kombinacje smak\u00f3w<\/h2>\n<ul>\n<li>1. Watermelon Ice &amp; Strawberry Kiwi &amp; Lemon Mint<\/li>\n<li>2. Blue Razz Ice &amp; Mango Peach &amp; Grape Ice<\/li>\n<li>3. Cola Ice &amp; Cherry Pomegranate &amp; Sour Apple<\/li>\n<li>4. Truskawka Banan &amp; Malina Arbuz &amp; Ananas Kokos<\/li>\n<li>5. Tropikalny poncz, lody truskawkowe i zielone jab\u0142ko<\/li>\n<li>6. Blueberry Mint &amp; Love 66 &amp; Double Apple<\/li>\n<li>7. Kiwi Passion Fruit Guava &amp; Strawberry Cherry &amp; Lush Ice<\/li>\n<li>8. L\u00f3d z czarnej porzeczki i liczi Arbuz i mieszanka owoc\u00f3w<\/li>\n<li>9. Red Bull &amp; Truskawka Winogrono &amp; Jagoda Malina<\/li>\n<li>10. Nap\u00f3j energetyczny z lodem brzoskwiniowym i ch\u0142odn\u0105 mi\u0119t\u0105<\/li>\n<\/ul>\n<p><img data-recalc-dims=\"1\" loading=\"lazy\" decoding=\"async\" class=\"alignnone size-full wp-image-46143\" src=\"https:\/\/i0.wp.com\/aiviouvapes.com\/wp-content\/uploads\/2025\/06\/VapSolo-30000-Puffs.jpg?resize=1000%2C1000&#038;ssl=1\" alt=\",\" width=\"1000\" height=\"1000\" title=\"\" srcset=\"https:\/\/i0.wp.com\/aiviouvapes.com\/wp-content\/uploads\/2025\/06\/VapSolo-30000-Puffs.jpg?w=1000&amp;ssl=1 1000w, https:\/\/i0.wp.com\/aiviouvapes.com\/wp-content\/uploads\/2025\/06\/VapSolo-30000-Puffs.jpg?resize=300%2C300&amp;ssl=1 300w, https:\/\/i0.wp.com\/aiviouvapes.com\/wp-content\/uploads\/2025\/06\/VapSolo-30000-Puffs.jpg?resize=150%2C150&amp;ssl=1 150w, https:\/\/i0.wp.com\/aiviouvapes.com\/wp-content\/uploads\/2025\/06\/VapSolo-30000-Puffs.jpg?resize=768%2C768&amp;ssl=1 768w, https:\/\/i0.wp.com\/aiviouvapes.com\/wp-content\/uploads\/2025\/06\/VapSolo-30000-Puffs.jpg?resize=12%2C12&amp;ssl=1 12w, https:\/\/i0.wp.com\/aiviouvapes.com\/wp-content\/uploads\/2025\/06\/VapSolo-30000-Puffs.jpg?resize=400%2C400&amp;ssl=1 400w, https:\/\/i0.wp.com\/aiviouvapes.com\/wp-content\/uploads\/2025\/06\/VapSolo-30000-Puffs.jpg?resize=800%2C800&amp;ssl=1 800w, https:\/\/i0.wp.com\/aiviouvapes.com\/wp-content\/uploads\/2025\/06\/VapSolo-30000-Puffs.jpg?resize=100%2C100&amp;ssl=1 100w\" sizes=\"auto, (max-width: 1000px) 100vw, 1000px\" \/> <img data-recalc-dims=\"1\" loading=\"lazy\" decoding=\"async\" class=\"alignnone size-full wp-image-46144\" src=\"https:\/\/i0.wp.com\/aiviouvapes.com\/wp-content\/uploads\/2025\/06\/VapSolo-30000-Puffs-2.jpg?resize=1000%2C1000&#038;ssl=1\" alt=\",\" width=\"1000\" height=\"1000\" title=\"\" srcset=\"https:\/\/i0.wp.com\/aiviouvapes.com\/wp-content\/uploads\/2025\/06\/VapSolo-30000-Puffs-2.jpg?w=1000&amp;ssl=1 1000w, https:\/\/i0.wp.com\/aiviouvapes.com\/wp-content\/uploads\/2025\/06\/VapSolo-30000-Puffs-2.jpg?resize=300%2C300&amp;ssl=1 300w, https:\/\/i0.wp.com\/aiviouvapes.com\/wp-content\/uploads\/2025\/06\/VapSolo-30000-Puffs-2.jpg?resize=150%2C150&amp;ssl=1 150w, https:\/\/i0.wp.com\/aiviouvapes.com\/wp-content\/uploads\/2025\/06\/VapSolo-30000-Puffs-2.jpg?resize=768%2C768&amp;ssl=1 768w, https:\/\/i0.wp.com\/aiviouvapes.com\/wp-content\/uploads\/2025\/06\/VapSolo-30000-Puffs-2.jpg?resize=12%2C12&amp;ssl=1 12w, https:\/\/i0.wp.com\/aiviouvapes.com\/wp-content\/uploads\/2025\/06\/VapSolo-30000-Puffs-2.jpg?resize=400%2C400&amp;ssl=1 400w, https:\/\/i0.wp.com\/aiviouvapes.com\/wp-content\/uploads\/2025\/06\/VapSolo-30000-Puffs-2.jpg?resize=800%2C800&amp;ssl=1 800w, https:\/\/i0.wp.com\/aiviouvapes.com\/wp-content\/uploads\/2025\/06\/VapSolo-30000-Puffs-2.jpg?resize=100%2C100&amp;ssl=1 100w\" sizes=\"auto, (max-width: 1000px) 100vw, 1000px\" \/> <img data-recalc-dims=\"1\" loading=\"lazy\" decoding=\"async\" class=\"alignnone size-full wp-image-46145\" src=\"https:\/\/i0.wp.com\/aiviouvapes.com\/wp-content\/uploads\/2025\/06\/VapSolo-30000-Puffs-3.jpg?resize=1000%2C1000&#038;ssl=1\" alt=\",\" width=\"1000\" height=\"1000\" title=\"\" srcset=\"https:\/\/i0.wp.com\/aiviouvapes.com\/wp-content\/uploads\/2025\/06\/VapSolo-30000-Puffs-3.jpg?w=1000&amp;ssl=1 1000w, https:\/\/i0.wp.com\/aiviouvapes.com\/wp-content\/uploads\/2025\/06\/VapSolo-30000-Puffs-3.jpg?resize=300%2C300&amp;ssl=1 300w, https:\/\/i0.wp.com\/aiviouvapes.com\/wp-content\/uploads\/2025\/06\/VapSolo-30000-Puffs-3.jpg?resize=150%2C150&amp;ssl=1 150w, https:\/\/i0.wp.com\/aiviouvapes.com\/wp-content\/uploads\/2025\/06\/VapSolo-30000-Puffs-3.jpg?resize=768%2C768&amp;ssl=1 768w, https:\/\/i0.wp.com\/aiviouvapes.com\/wp-content\/uploads\/2025\/06\/VapSolo-30000-Puffs-3.jpg?resize=12%2C12&amp;ssl=1 12w, https:\/\/i0.wp.com\/aiviouvapes.com\/wp-content\/uploads\/2025\/06\/VapSolo-30000-Puffs-3.jpg?resize=400%2C400&amp;ssl=1 400w, https:\/\/i0.wp.com\/aiviouvapes.com\/wp-content\/uploads\/2025\/06\/VapSolo-30000-Puffs-3.jpg?resize=800%2C800&amp;ssl=1 800w, https:\/\/i0.wp.com\/aiviouvapes.com\/wp-content\/uploads\/2025\/06\/VapSolo-30000-Puffs-3.jpg?resize=100%2C100&amp;ssl=1 100w\" sizes=\"auto, (max-width: 1000px) 100vw, 1000px\" \/><\/p>","protected":false},"excerpt":{"rendered":"<p>Jednorazowy waporyzator VapSolo Triple 30K to potr\u00f3jna dawka smaku i a\u017c do 30 000 zaci\u0105gni\u0119\u0107 - mocny, aromatyczny i bogaty w funkcje waporyzator zaprojektowany z my\u015bl\u0105 o d\u0142ugotrwa\u0142ej satysfakcji.<\/p>\n<a href=\"https:\/\/aiviouvapes.com\/pl\/why-waspe-100k-4-in-1-outshines-vapsolo-triple-30k\/\" target=\"_blank\" class=\"button secondary is-secondary is-medium hide-this-btn1\" rel=\"noopener\" >\n\t\t<span>\ud83d\udc51 Odkryj, dlaczego inteligentni vaperzy wybieraj\u0105 WASPE 100K zamiast VapSolo \u2705<\/span>\n\t<\/a>","protected":false},"featured_media":37178,"comment_status":"open","ping_status":"closed","template":"","meta":[],"product_brand":[228],"product_cat":[48,131,573,572],"product_tag":[],"class_list":{"0":"post-37177","1":"product","2":"type-product","3":"status-publish","4":"has-post-thumbnail","6":"product_brand-vapsolo","7":"product_cat-vapsolo","8":"product_cat-30000-puffs-disposable-vape","9":"product_cat-new-3","10":"product_cat-new-2","12":"first","13":"instock","14":"shipping-taxable","15":"purchasable","16":"product-type-variable","17":"has-default-attributes"},"jetpack_sharing_enabled":true,"tiered_pricing_type":"fixed","tiered_pricing_fixed_rules":{"2000":7.6500000000000003552713678800500929355621337890625},"tiered_pricing_product_settings":{"layout":"default","base_unit_name":{"singular":null,"plural":null},"default_variation":null},"tiered_pricing_minimum_quantity":1000,"tiered_pricing_roles_data":[],"tiered_pricing_percentage_rules":[],"tiered_pricing_maximum_quantity":null,"tiered_pricing_quantity_step":"10","_links":{"self":[{"href":"https:\/\/aiviouvapes.com\/pl\/wp-json\/wp\/v2\/product\/37177","targetHints":{"allow":["GET"]}}],"collection":[{"href":"https:\/\/aiviouvapes.com\/pl\/wp-json\/wp\/v2\/product"}],"about":[{"href":"https:\/\/aiviouvapes.com\/pl\/wp-json\/wp\/v2\/types\/product"}],"replies":[{"embeddable":true,"href":"https:\/\/aiviouvapes.com\/pl\/wp-json\/wp\/v2\/comments?post=37177"}],"wp:featuredmedia":[{"embeddable":true,"href":"https:\/\/aiviouvapes.com\/pl\/wp-json\/wp\/v2\/media\/37178"}],"wp:attachment":[{"href":"https:\/\/aiviouvapes.com\/pl\/wp-json\/wp\/v2\/media?parent=37177"}],"wp:term":[{"taxonomy":"product_brand","embeddable":true,"href":"https:\/\/aiviouvapes.com\/pl\/wp-json\/wp\/v2\/product_brand?post=37177"},{"taxonomy":"product_cat","embeddable":true,"href":"https:\/\/aiviouvapes.com\/pl\/wp-json\/wp\/v2\/product_cat?post=37177"},{"taxonomy":"product_tag","embeddable":true,"href":"https:\/\/aiviouvapes.com\/pl\/wp-json\/wp\/v2\/product_tag?post=37177"}],"curies":[{"name":"wp","href":"https:\/\/api.w.org\/{rel}","templated":true}]}}