{"id":36829,"date":"2025-06-24T15:51:22","date_gmt":"2025-06-24T07:51:22","guid":{"rendered":"https:\/\/aiviouvapes.com\/?post_type=product&#038;p=36829"},"modified":"2026-03-17T23:57:03","modified_gmt":"2026-03-17T15:57:03","slug":"okso-shisha-max-40000-puffs","status":"publish","type":"product","link":"https:\/\/aiviouvapes.com\/pl\/product\/okso-shisha-max-40000-puffs\/","title":{"rendered":"OKSO Shisha Max 40000 Puffs | cewka siatkowa 36 ml, wy\u015bwietlacz LED, kontrola przep\u0142ywu powietrza, blokada przed dzie\u0107mi, hurtowa sprzeda\u017c jednorazowych vape"},"content":{"rendered":"<p><!-- SEO Meta Description --><\/p>\n<p><!-- Product Title --><\/p>\n<h2>OKSO Shisha Max 40K | 40 000 zaci\u0105gni\u0119\u0107, cewka siatkowa, wy\u015bwietlacz LED Vape jednorazowego u\u017cytku<\/h2>\n<p><!-- Key Features of OKSO Shisha Max 40K --><\/p>\n<h2>Kluczowe cechy<\/h2>\n<ul>\n<li><strong>Ogromna pojemno\u015b\u0107 dmuchawy:<\/strong> Ciesz si\u0119 nawet 40 000 satysfakcjonuj\u0105cych zaci\u0105gni\u0119\u0107 na jedno urz\u0105dzenie.<\/li>\n<li><strong>Cewka siatkowa (0,6\u03a9):<\/strong> Zapewnia bogaty, sp\u00f3jny smak i g\u0142adk\u0105 par\u0119.<\/li>\n<li><strong>Du\u017ca obj\u0119to\u015b\u0107 e-liquidu:<\/strong> Wst\u0119pnie nape\u0142niony 36 ml wysokiej jako\u015bci soku vape.<\/li>\n<li><strong>Opcje nikotynowe:<\/strong> Dost\u0119pne w wersjach 0%, 2%, 3% lub 5% - wybierz swoj\u0105 si\u0142\u0119.<\/li>\n<li><strong>Akumulator:<\/strong> Pojemno\u015b\u0107 800 mAh z szybkim \u0142adowaniem typu C.<\/li>\n<li><strong>Wy\u015bwietlacz LED:<\/strong> Czytelny ekran pokazuje informacje o baterii i dmuchaniu.<\/li>\n<li><strong>Regulowana moc i przep\u0142yw powietrza:<\/strong> Dostosuj sw\u00f3j hit do perfekcji.<\/li>\n<li><strong>Blokada dzieci\u0119ca:<\/strong> Wbudowany mechanizm bezpiecze\u0144stwa zapewnia spok\u00f3j ducha.<\/li>\n<\/ul>\n<p><!-- Why Choose OKSO Shisha Max 40K --><\/p>\n<h2>Dlaczego warto wybra\u0107 OKSO Shisha Max 40K?<\/h2>\n<p>OKSO Shisha Max 40K to nie tylko kolejna jednoraz\u00f3wka - to wysokiej klasy do\u015bwiadczenie w kieszeni. Dzi\u0119ki regulowanej mocy, kontroli przep\u0142ywu powietrza i \u017cywemu wy\u015bwietlaczowi LED masz kontrol\u0119 nad ka\u017cdym zaci\u0105gni\u0119ciem. Niezale\u017cnie od tego, czy gonisz za chmurami, smakiem czy wolno\u015bci\u0105 od nikotyny, ten waporyzator zosta\u0142 zaprojektowany tak, aby zadowoli\u0107 ka\u017cdy rodzaj wapera przez wiele dni.<\/p>\n<p><!-- Flavor List --><\/p>\n<h2>Dost\u0119pne smaki<\/h2>\n<ul>\n<li>Dwa jab\u0142ka<\/li>\n<li>Mi\u0119ta winogronowa<\/li>\n<li>Wi\u015bniowa fiesta<\/li>\n<li>L\u00f3d brzoskwiniowy<\/li>\n<li>Magiczna mi\u0142o\u015b\u0107<\/li>\n<li>Poncz truskawkowy<\/li>\n<li>Blue Razz Ice<\/li>\n<li>Lush Ice<\/li>\n<li>Arbuz truskawkowy<\/li>\n<li>Berry Mint<\/li>\n<\/ul>\n<p><img data-recalc-dims=\"1\" loading=\"lazy\" decoding=\"async\" class=\"alignnone size-full wp-image-37044\" src=\"https:\/\/i0.wp.com\/aiviouvapes.com\/wp-content\/uploads\/2025\/06\/OKSO-Shisha-Max-40k-5.jpg?resize=1020%2C573&#038;ssl=1\" alt=\",\" width=\"1020\" height=\"573\" title=\"\" srcset=\"https:\/\/i0.wp.com\/aiviouvapes.com\/wp-content\/uploads\/2025\/06\/OKSO-Shisha-Max-40k-5.jpg?w=1920&amp;ssl=1 1920w, https:\/\/i0.wp.com\/aiviouvapes.com\/wp-content\/uploads\/2025\/06\/OKSO-Shisha-Max-40k-5.jpg?resize=300%2C169&amp;ssl=1 300w, https:\/\/i0.wp.com\/aiviouvapes.com\/wp-content\/uploads\/2025\/06\/OKSO-Shisha-Max-40k-5.jpg?resize=1024%2C575&amp;ssl=1 1024w, https:\/\/i0.wp.com\/aiviouvapes.com\/wp-content\/uploads\/2025\/06\/OKSO-Shisha-Max-40k-5.jpg?resize=768%2C432&amp;ssl=1 768w, https:\/\/i0.wp.com\/aiviouvapes.com\/wp-content\/uploads\/2025\/06\/OKSO-Shisha-Max-40k-5.jpg?resize=1536%2C863&amp;ssl=1 1536w, https:\/\/i0.wp.com\/aiviouvapes.com\/wp-content\/uploads\/2025\/06\/OKSO-Shisha-Max-40k-5.jpg?resize=18%2C10&amp;ssl=1 18w, https:\/\/i0.wp.com\/aiviouvapes.com\/wp-content\/uploads\/2025\/06\/OKSO-Shisha-Max-40k-5.jpg?resize=1320%2C742&amp;ssl=1 1320w, https:\/\/i0.wp.com\/aiviouvapes.com\/wp-content\/uploads\/2025\/06\/OKSO-Shisha-Max-40k-5.jpg?resize=800%2C450&amp;ssl=1 800w\" sizes=\"auto, (max-width: 1020px) 100vw, 1020px\" \/><\/p>","protected":false},"excerpt":{"rendered":"<p>Jednorazowa fajka wodna OKSO Shisha Max 40K zapewnia do 40 000 zaci\u0105gni\u0119\u0107 z kontrol\u0105 mocy, regulacj\u0105 przep\u0142ywu powietrza i 10 bogatymi smakami - stworzonymi z my\u015bl\u0105 o d\u0142ugotrwa\u0142ej, konfigurowalnej i aromatycznej przyjemno\u015bci z waporyzacji.<\/p>","protected":false},"featured_media":37001,"comment_status":"open","ping_status":"closed","template":"","meta":[],"product_brand":[244],"product_cat":[243,219],"product_tag":[],"class_list":{"0":"post-36829","1":"product","2":"type-product","3":"status-publish","4":"has-post-thumbnail","6":"product_brand-okso","7":"product_cat-okso","8":"product_cat-40000-puffs-disposable-vape","10":"first","11":"instock","12":"shipping-taxable","13":"purchasable","14":"product-type-variable","15":"has-default-attributes"},"jetpack_sharing_enabled":true,"tiered_pricing_type":"fixed","tiered_pricing_fixed_rules":{"30":8.660000000000000142108547152020037174224853515625,"50":6.839999999999999857891452847979962825775146484375,"100":6.20000000000000017763568394002504646778106689453125,"200":5.80999999999999960920149533194489777088165283203125,"400":5.3499999999999996447286321199499070644378662109375},"tiered_pricing_product_settings":{"layout":"default","base_unit_name":{"singular":null,"plural":null},"default_variation":null},"tiered_pricing_minimum_quantity":10,"tiered_pricing_roles_data":[],"tiered_pricing_percentage_rules":[],"tiered_pricing_maximum_quantity":null,"tiered_pricing_quantity_step":"10","_links":{"self":[{"href":"https:\/\/aiviouvapes.com\/pl\/wp-json\/wp\/v2\/product\/36829","targetHints":{"allow":["GET"]}}],"collection":[{"href":"https:\/\/aiviouvapes.com\/pl\/wp-json\/wp\/v2\/product"}],"about":[{"href":"https:\/\/aiviouvapes.com\/pl\/wp-json\/wp\/v2\/types\/product"}],"replies":[{"embeddable":true,"href":"https:\/\/aiviouvapes.com\/pl\/wp-json\/wp\/v2\/comments?post=36829"}],"wp:featuredmedia":[{"embeddable":true,"href":"https:\/\/aiviouvapes.com\/pl\/wp-json\/wp\/v2\/media\/37001"}],"wp:attachment":[{"href":"https:\/\/aiviouvapes.com\/pl\/wp-json\/wp\/v2\/media?parent=36829"}],"wp:term":[{"taxonomy":"product_brand","embeddable":true,"href":"https:\/\/aiviouvapes.com\/pl\/wp-json\/wp\/v2\/product_brand?post=36829"},{"taxonomy":"product_cat","embeddable":true,"href":"https:\/\/aiviouvapes.com\/pl\/wp-json\/wp\/v2\/product_cat?post=36829"},{"taxonomy":"product_tag","embeddable":true,"href":"https:\/\/aiviouvapes.com\/pl\/wp-json\/wp\/v2\/product_tag?post=36829"}],"curies":[{"name":"wp","href":"https:\/\/api.w.org\/{rel}","templated":true}]}}