{"id":36827,"date":"2025-06-24T15:43:59","date_gmt":"2025-06-24T07:43:59","guid":{"rendered":"https:\/\/aiviouvapes.com\/?post_type=product&#038;p=36827"},"modified":"2026-03-17T23:57:15","modified_gmt":"2026-03-17T15:57:15","slug":"okso-crystal-bar-800","status":"publish","type":"product","link":"https:\/\/aiviouvapes.com\/pl\/product\/okso-crystal-bar-800\/","title":{"rendered":"OKSO Crystal Bar 800 Puffs | cewka siatkowa, dioda LED RGB, 0-5% nikotyna luzem jednorazowe vape"},"content":{"rendered":"<h2>Kluczowe cechy jednorazowego vape OKSO Crystal Bar 800<\/h2>\n<ul>\n<li><strong>800 Puffs:<\/strong> Idealny dla zwyk\u0142ych i umiarkowanych u\u017cytkownik\u00f3w, oferuj\u0105cy du\u017c\u0105 trwa\u0142o\u015b\u0107 w ma\u0142ym opakowaniu.<\/li>\n<li><strong>Technologia cewki siatkowej:<\/strong> Zapewnia sp\u00f3jny, bogaty smak przy ka\u017cdym zaci\u0105gni\u0119ciu.<\/li>\n<li><strong>Pojemno\u015b\u0107 e-liquidu 2 ml:<\/strong> Wst\u0119pnie nape\u0142niony dla wygody - nie wymaga uzupe\u0142niania.<\/li>\n<li><strong>R\u00f3\u017cne opcje nikotynowe:<\/strong> Do wyboru s\u0105 modele 0%, 2%, 3% lub 5%.<\/li>\n<li><strong>Bateria 400 mAh:<\/strong> Wytrzymuje wszystkie 800 zaci\u0105gni\u0119\u0107 ze stabiln\u0105 moc\u0105.<\/li>\n<li><strong>O\u015bwietlenie LED RGB:<\/strong> Dodaje \u017cywy akcent wizualny z ka\u017cdym zaci\u0105gni\u0119ciem.<\/li>\n<li><strong>Ultralekka konstrukcja:<\/strong> Wa\u017cy zaledwie 36 g - elegancka, dyskretna i \u0142atwa do przenoszenia.<\/li>\n<\/ul>\n<h2>Dlaczego warto wybra\u0107 OKSO Crystal Bar 800?<\/h2>\n<p>OKSO Crystal Bar 800 to kompaktowy, aromatyczny i \u017cywy jednorazowy waporyzator stworzony z my\u015bl\u0105 o prostocie i satysfakcji. Niezale\u017cnie od tego, czy szukasz intensywnego smaku, czy elastyczno\u015bci nikotyny, to urz\u0105dzenie ma to wszystko w krystalicznie czystej obudowie z efektownym RGB. Idealny zar\u00f3wno dla pocz\u0105tkuj\u0105cych, jak i do\u015bwiadczonych waper\u00f3w, kt\u00f3rzy ceni\u0105 sobie przeno\u015bno\u015b\u0107 bez po\u015bwi\u0119cania jako\u015bci.<\/p>\n<h2>Dost\u0119pne smaki<\/h2>\n<ul>\n<li>Mi\u0119ta<\/li>\n<li>L\u00f3d brzoskwiniowy<\/li>\n<li>R\u00f3\u017cowa cytryna<\/li>\n<li>Tygrysia Krew<\/li>\n<li>L\u00f3d winogronowy<\/li>\n<li>Arbuzowy l\u00f3d<\/li>\n<li>Blue Razz Ice<\/li>\n<li>Brzoskwinia Mango Arbuz<\/li>\n<li>Cherry Ice<\/li>\n<li>L\u00f3d truskawkowy<\/li>\n<\/ul>\n<p>&nbsp;<\/p>\n<p>&nbsp;<\/p>\n<p>&nbsp;<\/p>","protected":false},"excerpt":{"rendered":"<p>Jednorazowy waporyzator OKSO Crystal Bar 800 zapewnia 800 g\u0142adkich zaci\u0105gni\u0119\u0107, efekty LED RGB i 10 wyrazistych smak\u00f3w w kompaktowej, stylowej konstrukcji - idealnej do codziennego wapowania w podr\u00f3\u017cy.<\/p>","protected":false},"featured_media":36832,"comment_status":"open","ping_status":"closed","template":"","meta":[],"product_brand":[244],"product_cat":[243,118],"product_tag":[],"class_list":{"0":"post-36827","1":"product","2":"type-product","3":"status-publish","4":"has-post-thumbnail","6":"product_brand-okso","7":"product_cat-okso","8":"product_cat-800-puffs-disposable-vape","10":"first","11":"instock","12":"shipping-taxable","13":"purchasable","14":"product-type-variable","15":"has-default-attributes"},"jetpack_sharing_enabled":true,"tiered_pricing_type":"fixed","tiered_pricing_fixed_rules":{"30":5.19000000000000039079850466805510222911834716796875,"50":3.62999999999999989341858963598497211933135986328125,"100":3.04999999999999982236431605997495353221893310546875,"200":2.850000000000000088817841970012523233890533447265625,"400":2.45999999999999996447286321199499070644378662109375},"tiered_pricing_product_settings":{"layout":"default","base_unit_name":{"singular":null,"plural":null},"default_variation":null},"tiered_pricing_minimum_quantity":10,"tiered_pricing_roles_data":[],"tiered_pricing_percentage_rules":[],"tiered_pricing_maximum_quantity":null,"tiered_pricing_quantity_step":"10","_links":{"self":[{"href":"https:\/\/aiviouvapes.com\/pl\/wp-json\/wp\/v2\/product\/36827","targetHints":{"allow":["GET"]}}],"collection":[{"href":"https:\/\/aiviouvapes.com\/pl\/wp-json\/wp\/v2\/product"}],"about":[{"href":"https:\/\/aiviouvapes.com\/pl\/wp-json\/wp\/v2\/types\/product"}],"replies":[{"embeddable":true,"href":"https:\/\/aiviouvapes.com\/pl\/wp-json\/wp\/v2\/comments?post=36827"}],"wp:featuredmedia":[{"embeddable":true,"href":"https:\/\/aiviouvapes.com\/pl\/wp-json\/wp\/v2\/media\/36832"}],"wp:attachment":[{"href":"https:\/\/aiviouvapes.com\/pl\/wp-json\/wp\/v2\/media?parent=36827"}],"wp:term":[{"taxonomy":"product_brand","embeddable":true,"href":"https:\/\/aiviouvapes.com\/pl\/wp-json\/wp\/v2\/product_brand?post=36827"},{"taxonomy":"product_cat","embeddable":true,"href":"https:\/\/aiviouvapes.com\/pl\/wp-json\/wp\/v2\/product_cat?post=36827"},{"taxonomy":"product_tag","embeddable":true,"href":"https:\/\/aiviouvapes.com\/pl\/wp-json\/wp\/v2\/product_tag?post=36827"}],"curies":[{"name":"wp","href":"https:\/\/api.w.org\/{rel}","templated":true}]}}