{"id":35443,"date":"2025-06-02T23:12:50","date_gmt":"2025-06-02T15:12:50","guid":{"rendered":"https:\/\/aiviouvapes.com\/?post_type=product&#038;p=35443"},"modified":"2026-03-17T10:38:52","modified_gmt":"2026-03-17T02:38:52","slug":"bang-blaze-60000-60k","status":"publish","type":"product","link":"https:\/\/aiviouvapes.com\/pl\/product\/bang-blaze-60000-60k\/","title":{"rendered":"Bang Blaze 4-w-1 60000 Puffs | smak d\u0142ugotrwa\u0142y 60k puff luzem jednorazowe vape"},"content":{"rendered":"<p><!-- SEO Meta Description --><\/p>\n<p><!-- Product Description --><\/p>\n<h2>Bang Blaze 60K jednorazowy Vape - 60 000 zaci\u0105gni\u0119\u0107, 4 smaki w 1, inteligentny wy\u015bwietlacz<\/h2>\n<p>Szukasz niezr\u00f3wnanej elastyczno\u015bci smaku i d\u0142ugowieczno\u015bci waporyzacji? The <strong>Bang Blaze 60K jednorazowy Vape<\/strong> to urz\u0105dzenie, kt\u00f3re oferuje do 60 000 zaci\u0105gni\u0119\u0107, zbiornik na e-liquid o pojemno\u015bci 60 ml i unikalny system prze\u0142\u0105czania 4 smak\u00f3w. Niezale\u017cnie od tego, czy jeste\u015b poszukiwaczem chmur, czy odkrywc\u0105 smak\u00f3w, to urz\u0105dzenie sprawia, \u017ce wapowanie jest \u0142atwe i ekscytuj\u0105ce.<\/p>\n<h3>Kluczowe cechy Bang Blaze 60K<\/h3>\n<ul>\n<li><strong>Ogromne 60 000 puff\u00f3w:<\/strong> Vapuje d\u0142u\u017cej, mocniej i inteligentniej bez konieczno\u015bci cz\u0119stej wymiany.<\/li>\n<li><strong>Prze\u0142\u0105cznik smaku 4 w 1:<\/strong> B\u0142yskawicznie zmieniaj pomi\u0119dzy czterema niesamowitymi wst\u0119pnie za\u0142adowanymi smakami w ka\u017cdym urz\u0105dzeniu.<\/li>\n<li><strong>Wst\u0119pnie nape\u0142niony e-liquid o pojemno\u015bci 60 ml:<\/strong> Ogromny zbiornik oznacza d\u0142u\u017csze u\u017cytkowanie i brak konieczno\u015bci uzupe\u0142niania.<\/li>\n<li><strong>Inteligentny wy\u015bwietlacz cyfrowy:<\/strong> Monitorowanie poziomu baterii i e-cieczy w czasie rzeczywistym dla pe\u0142nej kontroli.<\/li>\n<li><strong>Akumulator typu C:<\/strong> Bateria 650 mAh z szybkim \u0142adowaniem, dzi\u0119ki czemu nigdy nie zabraknie Ci energii.<\/li>\n<li><strong>Cewka siatkowa 1,0\u03a9:<\/strong> Wytwarza bogat\u0105, g\u0142adk\u0105 par\u0119 o wyrazistym, czystym smaku w ka\u017cdym zaci\u0105gni\u0119ciu.<\/li>\n<li><strong>Opcje nikotynowe:<\/strong> Dost\u0119pne w wersjach 0%, 2%, 3% i 5%, aby dopasowa\u0107 si\u0119 do Twojego stylu \u017cycia i preferencji.<\/li>\n<\/ul>\n<h3>Dlaczego warto wybra\u0107 Bang Blaze 60K?<\/h3>\n<ul>\n<li><strong>Wszystko w jednym - wygoda:<\/strong> Cztery smaki w jednym - idealne do zmiany w podr\u00f3\u017cy bez konieczno\u015bci wymiany kapsu\u0142ek.<\/li>\n<li><strong>D\u0142ugotrwa\u0142e wapowanie:<\/strong> Ciesz si\u0119 nawet 60 000 zaci\u0105gni\u0119\u0107 - wi\u0119cej wapowania, mniej wymiany.<\/li>\n<li><strong>Elastyczno\u015b\u0107 nikotyny:<\/strong> Niezale\u017cnie od tego, czy rzucasz nikotyn\u0119, czy chcesz mocnego uderzenia, wybierz to, co jest dla Ciebie najlepsze.<\/li>\n<li><strong>Konstrukcja przyjazna dla u\u017cytkownika:<\/strong> Bez uzupe\u0142niania, bez komplikacji - po prostu wybierz smak i wapuj.<\/li>\n<\/ul>\n<h3>12 najlepszych kombinacji smakowych<\/h3>\n<ul>\n<li>Watermelon Ice \/ Blueberry Mint \/ Fuji Ice \/ Lime Romance<\/li>\n<li>Watermelon Ice \/ Blueberry Cherry \/ Summer Time \/ Sour Mango Pineapple<\/li>\n<li>Blueberry Ice \/ Peach Ice \/ Rainbow Candy \/ Lemon Sour Orange<\/li>\n<li>Blueberry Ice \/ Peach Mango Watermelon \/ Passion Kiss \/ Melon Apple<\/li>\n<li>Blueberry Raspberry \/ Mixed Berry \/ California Cherry \/ Passion Fruit Mango<\/li>\n<li>Blueberry Raspberry \/ Grape Ice \/ Berry Ice \/ Aloe Mango Melon<\/li>\n<li>Nap\u00f3j energetyczny \/ truskawka banan \/ mango brzoskwinia morela \/ marakuja kiwi limonka<\/li>\n<li>Nap\u00f3j energetyczny \/ Jagoda arbuz \/ Kwa\u015bne jab\u0142ko malina \/ Gummy Bear<\/li>\n<li>Strawberry Mango \/ Watermelon Bubble Gum \/ Red Mojito \/ Love66<\/li>\n<li>Truskawka Mango \/ Truskawka Kiwi \/ Jab\u0142ko Winogrono \/ Arbuz Smoczy Owoc<\/li>\n<li>Arbuz truskawkowy \/ Czarny l\u00f3d \/ Trzynasty melon \/ Winogrono \u017curawinowe<\/li>\n<li>Arbuz truskawkowy \/ Kiwi Passion Fruit Guawa \/ Mango Ice \/ Arbuz Kwa\u015bna brzoskwinia<\/li>\n<\/ul>\n<p><strong>Bang Blaze 60K<\/strong> na nowo definiuje jednorazowe waporyzatory, oferuj\u0105c wi\u0119cej smak\u00f3w, wi\u0119cej mocy i wi\u0119cej wygody. Wypr\u00f3buj go teraz i podnie\u015b poziom swojej gry!<\/p>","protected":false},"excerpt":{"rendered":"<p>Jednorazowy waporyzator Bang Blaze 60000 puffs zapewnia 60 ml e-liquidu, 60 000 zaci\u0105gni\u0119\u0107, prze\u0142\u0105cznik smak\u00f3w 4 w 1, inteligentny ekran cyfrowy, wiele mocy nikotyny i cewk\u0119 siatkow\u0105 - najlepsze rozwi\u0105zanie do waporyzacji typu \"wszystko w jednym\".<\/p>","protected":false},"featured_media":35453,"comment_status":"open","ping_status":"closed","template":"","meta":[],"product_brand":[239],"product_cat":[37,242],"product_tag":[],"class_list":{"0":"post-35443","1":"product","2":"type-product","3":"status-publish","4":"has-post-thumbnail","6":"product_brand-bang","7":"product_cat-bang","8":"product_cat-60000-puffs-disposable-vape","10":"first","11":"instock","12":"shipping-taxable","13":"purchasable","14":"product-type-variable","15":"has-default-attributes"},"jetpack_sharing_enabled":true,"tiered_pricing_type":"fixed","tiered_pricing_fixed_rules":{"30":9.8499999999999996447286321199499070644378662109375,"50":8.5600000000000004973799150320701301097869873046875,"100":7.78000000000000024868995751603506505489349365234375,"200":7.38999999999999968025576890795491635799407958984375,"400":6.80999999999999960920149533194489777088165283203125},"tiered_pricing_product_settings":{"layout":"default","base_unit_name":{"singular":null,"plural":null},"default_variation":null},"tiered_pricing_minimum_quantity":10,"tiered_pricing_roles_data":[],"tiered_pricing_percentage_rules":[],"tiered_pricing_maximum_quantity":null,"tiered_pricing_quantity_step":"10","_links":{"self":[{"href":"https:\/\/aiviouvapes.com\/pl\/wp-json\/wp\/v2\/product\/35443","targetHints":{"allow":["GET"]}}],"collection":[{"href":"https:\/\/aiviouvapes.com\/pl\/wp-json\/wp\/v2\/product"}],"about":[{"href":"https:\/\/aiviouvapes.com\/pl\/wp-json\/wp\/v2\/types\/product"}],"replies":[{"embeddable":true,"href":"https:\/\/aiviouvapes.com\/pl\/wp-json\/wp\/v2\/comments?post=35443"}],"wp:featuredmedia":[{"embeddable":true,"href":"https:\/\/aiviouvapes.com\/pl\/wp-json\/wp\/v2\/media\/35453"}],"wp:attachment":[{"href":"https:\/\/aiviouvapes.com\/pl\/wp-json\/wp\/v2\/media?parent=35443"}],"wp:term":[{"taxonomy":"product_brand","embeddable":true,"href":"https:\/\/aiviouvapes.com\/pl\/wp-json\/wp\/v2\/product_brand?post=35443"},{"taxonomy":"product_cat","embeddable":true,"href":"https:\/\/aiviouvapes.com\/pl\/wp-json\/wp\/v2\/product_cat?post=35443"},{"taxonomy":"product_tag","embeddable":true,"href":"https:\/\/aiviouvapes.com\/pl\/wp-json\/wp\/v2\/product_tag?post=35443"}],"curies":[{"name":"wp","href":"https:\/\/api.w.org\/{rel}","templated":true}]}}