{"id":33282,"date":"2025-04-24T17:00:12","date_gmt":"2025-04-24T09:00:12","guid":{"rendered":"https:\/\/aiviouvapes.com\/?post_type=product&#038;p=33282"},"modified":"2026-03-17T23:58:55","modified_gmt":"2026-03-17T15:58:55","slug":"mrvi-df-40k-puff","status":"publish","type":"product","link":"https:\/\/aiviouvapes.com\/pl\/product\/mrvi-df-40k-puff\/","title":{"rendered":"MRVI DF 40000 Puffs | podw\u00f3jny smak, 40 ml e-liquidu jednorazowego vape hurtowo"},"content":{"rendered":"<p><strong>MRVI DF 40000 Vape jednorazowe o podw\u00f3jnym smaku<\/strong> - Podw\u00f3jny smak, podw\u00f3jna zabawa.<\/p>\n<p>Poznaj <strong>MRVI DF 40000<\/strong>jednorazowy vape, kt\u00f3ry zapewnia podw\u00f3jny smak i podw\u00f3jn\u0105 przyjemno\u015b\u0107. Z maksymalnie <strong>40 000 zaci\u0105gni\u0119\u0107<\/strong>masywny <strong>Zbiornik e-liquidu o pojemno\u015bci 40 ml<\/strong>i najnowocze\u015bniejsze <strong>podw\u00f3jna cewka siatkowa<\/strong> Technologia ta zosta\u0142a zaprojektowana z my\u015bl\u0105 o p\u0142ynnej, bogatej parze, kt\u00f3ra utrzymuje si\u0119 d\u0142u\u017cej ni\u017c kiedykolwiek my\u015bla\u0142e\u015b. Niezale\u017cnie od tego, czy jeste\u015b zwyk\u0142ym waporyzatorem, czy nabywc\u0105 hurtowym, MRVI DF 40000 zawiera wszystko, czego potrzebujesz, w jednym eleganckim, przyjaznym dla kieszeni urz\u0105dzeniu.<\/p>\n<p>Wyposa\u017cony w <strong>Akumulator o pojemno\u015bci 850 mAh<\/strong> i <strong>\u0141adowanie typu C<\/strong> do szybkiego tankowania, to urz\u0105dzenie jest r\u00f3wnie wydajne, co wygodne. Do wyboru <strong>Moc nikotyny 5% lub 2%<\/strong> aby dostosowa\u0107 swoje wra\u017cenia. Plus, z <strong>10 unikalnych kombinacji dw\u00f3ch smak\u00f3w<\/strong>zawsze jest co\u015b nowego do wypr\u00f3bowania.<\/p>\n<p>Idealny do u\u017cytku osobistego lub zaopatrywania si\u0119 w celu odsprzeda\u017cy, MRVI DF 40000 to vape, kt\u00f3ry zapewnia jako\u015b\u0107 i ilo\u015b\u0107.<\/p>\n<h3><strong>MRVI DF 40000 Cechy:<\/strong><\/h3>\n<ul>\n<li><strong>Ogromna liczba zaci\u0105gni\u0119\u0107:<\/strong> Do 40 000 zaci\u0105gni\u0119\u0107 na urz\u0105dzenie<\/li>\n<li><strong>Du\u017ca pojemno\u015b\u0107 e-liquidu:<\/strong> 40 ml najwy\u017cszej jako\u015bci e-liquidu<\/li>\n<li><strong>Wydajny akumulator:<\/strong> Akumulator o pojemno\u015bci 850 mAh<\/li>\n<li><strong>Szybkie \u0142adowanie:<\/strong> Port typu C (pe\u0142ne na\u0142adowanie w 2 godziny)<\/li>\n<li><strong>Podw\u00f3jna cewka siatkowa:<\/strong> G\u0142adka, bogata para przy ka\u017cdym zaci\u0105gni\u0119ciu<\/li>\n<li><strong>Opcje nikotynowe:<\/strong> 5% lub 2% bez nikotyny tytoniowej<\/li>\n<li><strong>R\u00f3\u017cnorodno\u015b\u0107 smak\u00f3w:<\/strong> 10 ekscytuj\u0105cych kombinacji dw\u00f3ch smak\u00f3w<\/li>\n<li><strong>\u0141atwa aktywacja:<\/strong> Wdech w celu aktywacji - nie s\u0105 wymagane \u017cadne przyciski<\/li>\n<li><strong>Kompaktowa konstrukcja:<\/strong> Kieszonkowy i ergonomiczny (92*41*19mm)<\/li>\n<li><strong>Przyjazny dla hurtownik\u00f3w:<\/strong> 10 SZTUK na pude\u0142ko ekspozycyjne<\/li>\n<\/ul>","protected":false},"excerpt":{"rendered":"<p class=\"\" data-start=\"97\" data-end=\"366\">Jednorazowy waporyzator MRVI DF 40000 oferuje do 40 000 zaci\u0105gni\u0119\u0107, podw\u00f3jne cewki siatkowe, 40 ml e-liquidu i 10 dynamicznych kombinacji smakowych. Idealny do d\u0142ugotrwa\u0142ego, bezproblemowego wapowania, idealny do u\u017cytku osobistego lub hurtowego.<\/p>","protected":false},"featured_media":33307,"comment_status":"open","ping_status":"closed","template":"","meta":[],"product_brand":[229],"product_cat":[33,219,80,79],"product_tag":[],"class_list":{"0":"post-33282","1":"product","2":"type-product","3":"status-publish","4":"has-post-thumbnail","6":"product_brand-mrvi","7":"product_cat-mrvi","8":"product_cat-40000-puffs-disposable-vape","9":"product_cat-dual-flavor-vapes","10":"product_cat-dual-mesh-vapes","12":"first","13":"instock","14":"shipping-taxable","15":"purchasable","16":"product-type-variable","17":"has-default-attributes"},"jetpack_sharing_enabled":true,"tiered_pricing_type":"fixed","tiered_pricing_fixed_rules":{"100":7.05999999999999960920149533194489777088165283203125,"200":6.4199999999999999289457264239899814128875732421875,"400":6.089999999999999857891452847979962825775146484375},"tiered_pricing_product_settings":{"layout":"default","base_unit_name":{"singular":null,"plural":null},"default_variation":null},"tiered_pricing_minimum_quantity":50,"tiered_pricing_roles_data":[],"tiered_pricing_percentage_rules":[],"tiered_pricing_maximum_quantity":null,"tiered_pricing_quantity_step":"10","_links":{"self":[{"href":"https:\/\/aiviouvapes.com\/pl\/wp-json\/wp\/v2\/product\/33282","targetHints":{"allow":["GET"]}}],"collection":[{"href":"https:\/\/aiviouvapes.com\/pl\/wp-json\/wp\/v2\/product"}],"about":[{"href":"https:\/\/aiviouvapes.com\/pl\/wp-json\/wp\/v2\/types\/product"}],"replies":[{"embeddable":true,"href":"https:\/\/aiviouvapes.com\/pl\/wp-json\/wp\/v2\/comments?post=33282"}],"wp:featuredmedia":[{"embeddable":true,"href":"https:\/\/aiviouvapes.com\/pl\/wp-json\/wp\/v2\/media\/33307"}],"wp:attachment":[{"href":"https:\/\/aiviouvapes.com\/pl\/wp-json\/wp\/v2\/media?parent=33282"}],"wp:term":[{"taxonomy":"product_brand","embeddable":true,"href":"https:\/\/aiviouvapes.com\/pl\/wp-json\/wp\/v2\/product_brand?post=33282"},{"taxonomy":"product_cat","embeddable":true,"href":"https:\/\/aiviouvapes.com\/pl\/wp-json\/wp\/v2\/product_cat?post=33282"},{"taxonomy":"product_tag","embeddable":true,"href":"https:\/\/aiviouvapes.com\/pl\/wp-json\/wp\/v2\/product_tag?post=33282"}],"curies":[{"name":"wp","href":"https:\/\/api.w.org\/{rel}","templated":true}]}}