{"id":30767,"date":"2025-03-21T12:56:55","date_gmt":"2025-03-21T04:56:55","guid":{"rendered":"https:\/\/aiviouvapes.com\/?post_type=product&#038;p=30767"},"modified":"2026-04-02T18:23:44","modified_gmt":"2026-04-02T10:23:44","slug":"waspe-60k-3-in-1-60000-puffs","status":"publish","type":"product","link":"https:\/\/aiviouvapes.com\/pl\/product\/waspe-60k-3-in-1-60000-puffs\/","title":{"rendered":"WASPE 60K | 3-w-1 60000 zaci\u0105gni\u0119\u0107, potr\u00f3jny smak, jednorazowy vape luzem"},"content":{"rendered":"<p><img data-recalc-dims=\"1\" loading=\"lazy\" decoding=\"async\" class=\"alignnone wp-image-33901\" src=\"https:\/\/i0.wp.com\/aiviouvapes.com\/wp-content\/uploads\/2025\/03\/%E5%BE%AE%E4%BF%A1%E5%9B%BE%E7%89%87_20250502143652-e1746694635211.jpg?resize=1000%2C591&#038;ssl=1\" alt=\",\" width=\"1000\" height=\"591\" title=\"\" srcset=\"https:\/\/i0.wp.com\/aiviouvapes.com\/wp-content\/uploads\/2025\/03\/%E5%BE%AE%E4%BF%A1%E5%9B%BE%E7%89%87_20250502143652-e1746694635211.jpg?w=1280&amp;ssl=1 1280w, https:\/\/i0.wp.com\/aiviouvapes.com\/wp-content\/uploads\/2025\/03\/%E5%BE%AE%E4%BF%A1%E5%9B%BE%E7%89%87_20250502143652-e1746694635211.jpg?resize=300%2C177&amp;ssl=1 300w, https:\/\/i0.wp.com\/aiviouvapes.com\/wp-content\/uploads\/2025\/03\/%E5%BE%AE%E4%BF%A1%E5%9B%BE%E7%89%87_20250502143652-e1746694635211.jpg?resize=1024%2C606&amp;ssl=1 1024w, https:\/\/i0.wp.com\/aiviouvapes.com\/wp-content\/uploads\/2025\/03\/%E5%BE%AE%E4%BF%A1%E5%9B%BE%E7%89%87_20250502143652-e1746694635211.jpg?resize=768%2C454&amp;ssl=1 768w, https:\/\/i0.wp.com\/aiviouvapes.com\/wp-content\/uploads\/2025\/03\/%E5%BE%AE%E4%BF%A1%E5%9B%BE%E7%89%87_20250502143652-e1746694635211.jpg?resize=18%2C12&amp;ssl=1 18w, https:\/\/i0.wp.com\/aiviouvapes.com\/wp-content\/uploads\/2025\/03\/%E5%BE%AE%E4%BF%A1%E5%9B%BE%E7%89%87_20250502143652-e1746694635211.jpg?resize=800%2C473&amp;ssl=1 800w\" sizes=\"auto, (max-width: 1000px) 100vw, 1000px\" \/> <img data-recalc-dims=\"1\" loading=\"lazy\" decoding=\"async\" class=\"alignnone wp-image-33902\" src=\"https:\/\/i0.wp.com\/aiviouvapes.com\/wp-content\/uploads\/2025\/03\/%E5%BE%AE%E4%BF%A1%E5%9B%BE%E7%89%87_20250502143744.jpg?resize=1000%2C750&#038;ssl=1\" alt=\",\" width=\"1000\" height=\"750\" title=\"\" srcset=\"https:\/\/i0.wp.com\/aiviouvapes.com\/wp-content\/uploads\/2025\/03\/%E5%BE%AE%E4%BF%A1%E5%9B%BE%E7%89%87_20250502143744.jpg?w=1707&amp;ssl=1 1707w, https:\/\/i0.wp.com\/aiviouvapes.com\/wp-content\/uploads\/2025\/03\/%E5%BE%AE%E4%BF%A1%E5%9B%BE%E7%89%87_20250502143744.jpg?resize=300%2C225&amp;ssl=1 300w, https:\/\/i0.wp.com\/aiviouvapes.com\/wp-content\/uploads\/2025\/03\/%E5%BE%AE%E4%BF%A1%E5%9B%BE%E7%89%87_20250502143744.jpg?resize=1024%2C768&amp;ssl=1 1024w, https:\/\/i0.wp.com\/aiviouvapes.com\/wp-content\/uploads\/2025\/03\/%E5%BE%AE%E4%BF%A1%E5%9B%BE%E7%89%87_20250502143744.jpg?resize=768%2C576&amp;ssl=1 768w, https:\/\/i0.wp.com\/aiviouvapes.com\/wp-content\/uploads\/2025\/03\/%E5%BE%AE%E4%BF%A1%E5%9B%BE%E7%89%87_20250502143744.jpg?resize=1536%2C1152&amp;ssl=1 1536w, https:\/\/i0.wp.com\/aiviouvapes.com\/wp-content\/uploads\/2025\/03\/%E5%BE%AE%E4%BF%A1%E5%9B%BE%E7%89%87_20250502143744.jpg?resize=16%2C12&amp;ssl=1 16w, https:\/\/i0.wp.com\/aiviouvapes.com\/wp-content\/uploads\/2025\/03\/%E5%BE%AE%E4%BF%A1%E5%9B%BE%E7%89%87_20250502143744.jpg?resize=1320%2C990&amp;ssl=1 1320w, https:\/\/i0.wp.com\/aiviouvapes.com\/wp-content\/uploads\/2025\/03\/%E5%BE%AE%E4%BF%A1%E5%9B%BE%E7%89%87_20250502143744.jpg?resize=800%2C600&amp;ssl=1 800w\" sizes=\"auto, (max-width: 1000px) 100vw, 1000px\" \/><\/p>\n<p><iframe title=\"Odtwarzacz wideo VideoPress\" aria-label='Odtwarzacz wideo VideoPress' width='1020' height='574' src='https:\/\/videopress.com\/embed\/ejPBp6IM?hd=0&amp;cover=1' frameborder='0' allowfullscreen allow='clipboard-write'><\/iframe><script src='https:\/\/v0.wordpress.com\/js\/next\/videopress-iframe.js?m=1770107250'><\/script><\/p>\n<h2>\ud83c\udf53 WASPE 60K Potr\u00f3jne kombinacje smakowe<\/h2>\n<p>Ka\u017cdy WASPE AIVIOU 60000 oferuje <strong>3 unikalne smaki w 1 urz\u0105dzeniu<\/strong>, dzi\u0119ki czemu mo\u017cna go zmieni\u0107 bez konieczno\u015bci zakupu nowego vape.<\/p>\n<table class=\"w-fit min-w-(--thread-content-width)\">\n<thead>\n<tr>\n<th>Combo No.<\/th>\n<th>Flavour Trio<\/th>\n<\/tr>\n<\/thead>\n<tbody>\n<tr>\n<td>1<\/td>\n<td><strong>Arbuzowy l\u00f3d<\/strong>, <strong>Truskawka Kiwi<\/strong>, <strong>Cytryna Limonka<\/strong><\/td>\n<\/tr>\n<tr>\n<td>2<\/td>\n<td><strong>Arbuz truskawkowy<\/strong>, <strong>Cukierki truskawkowo-malinowe<\/strong>, <strong>L\u00f3d winogronowy<\/strong><\/td>\n<\/tr>\n<tr>\n<td>3<\/td>\n<td><strong>L\u00f3d jagodowy<\/strong>, <strong>Lodowy Czarny Smok<\/strong>, <strong>Fizzy Cherry Ice<\/strong><\/td>\n<\/tr>\n<tr>\n<td>4<\/td>\n<td><strong>Truskawka Malina Wi\u015bnia<\/strong>, <strong>Love 666<\/strong>, <strong>Cherry Candy Ice<\/strong><\/td>\n<\/tr>\n<tr>\n<td>5<\/td>\n<td><strong>L\u00f3d brzoskwiniowy<\/strong>, <strong>Ananas Mango Brzoskwinia<\/strong>, <strong>\u017burawina z cytryn\u0105<\/strong><\/td>\n<\/tr>\n<tr>\n<td>6<\/td>\n<td><strong>Red Bull lodowy<\/strong>, <strong>Mango truskawkowe<\/strong>, <strong>Truskawkowy arbuz Guma balonowa<\/strong><\/td>\n<\/tr>\n<tr>\n<td>7<\/td>\n<td><strong>Jagody mieszane<\/strong>, <strong>Gummy Bear<\/strong>, <strong>Owoce mieszane<\/strong><\/td>\n<\/tr>\n<tr>\n<td>8<\/td>\n<td><strong>Potr\u00f3jny l\u00f3d melonowy<\/strong>, <strong>T\u0119czowe cukierki<\/strong>, <strong>Cukierki jagodowe<\/strong><\/td>\n<\/tr>\n<tr>\n<td>9<\/td>\n<td><strong>L\u00f3d winogronowy<\/strong>, <strong>Cukierki truskawkowe<\/strong>, <strong>Truskawka Malina Wi\u015bnia<\/strong><\/td>\n<\/tr>\n<tr>\n<td>10<\/td>\n<td><strong>Banan truskawkowy<\/strong>, <strong>L\u00f3d ananasowo-kokosowy<\/strong>, <strong>Mango Ice<\/strong><\/td>\n<\/tr>\n<tr>\n<td>11<\/td>\n<td><strong>Wi\u015bnia cola lodowa<\/strong>, <strong>Truskawkowa Cola<\/strong>, <strong>Cola Lodowa<\/strong><\/td>\n<\/tr>\n<tr>\n<td>12<\/td>\n<td><strong>Bor\u00f3wka Malina<\/strong>, <strong>Wata cukrowa z jagodami<\/strong>, <strong>Podw\u00f3jny l\u00f3d jab\u0142kowy<\/strong><\/td>\n<\/tr>\n<\/tbody>\n<\/table>\n<p>\ud83c\udf00 Niezale\u017cnie od tego, czy lubisz waporyzacj\u0119 owocow\u0105, lodow\u0105 czy inspirowan\u0105 cukierkami - ka\u017cdy znajdzie co\u015b dla siebie.<\/p>\n<h2>\ud83d\udce6 WASPE AIVIOU 60000 Puffs - kluczowe specyfikacje<\/h2>\n<table class=\"w-fit min-w-(--thread-content-width)\">\n<thead>\n<tr>\n<th>Cecha<\/th>\n<th>Opis<\/th>\n<\/tr>\n<\/thead>\n<tbody>\n<tr>\n<td><strong>Total Puffs<\/strong><\/td>\n<td>A\u017c do <strong>60 000 zaci\u0105gni\u0119\u0107<\/strong> - D\u0142ugotrwa\u0142y i idealny do d\u0142ugotrwa\u0142ego u\u017cytkowania<\/td>\n<\/tr>\n<tr>\n<td><strong>Opcje smakowe<\/strong><\/td>\n<td><strong>3 w 1<\/strong> - prze\u0142\u0105czanie mi\u0119dzy trzema wbudowanymi smakami w jednym urz\u0105dzeniu<\/td>\n<\/tr>\n<tr>\n<td><strong>Moce nikotyny<\/strong><\/td>\n<td>Dost\u0119pne w <strong>0%, 2% lub 5% nikotyna<\/strong> - Wybierz preferowan\u0105 si\u0142\u0119<\/td>\n<\/tr>\n<tr>\n<td><strong>Pojemno\u015b\u0107 e-liquidu<\/strong><\/td>\n<td><strong>54 ml<\/strong> - Du\u017ca ilo\u015b\u0107 p\u0142ynu do ca\u0142odziennego waporyzowania<\/td>\n<\/tr>\n<tr>\n<td><strong>Wy\u015bwietlacz<\/strong><\/td>\n<td><strong>Ekran LED<\/strong> Wyra\u017anie pokazuje poziom na\u0142adowania baterii i stan e-cieczy<\/td>\n<\/tr>\n<tr>\n<td><strong>Cewki<\/strong><\/td>\n<td><strong>Cewki z potr\u00f3jn\u0105 siatk\u0105<\/strong> - dla lepszego smaku i p\u0142ynnej produkcji pary<\/td>\n<\/tr>\n<tr>\n<td><strong>\u0141adowanie<\/strong><\/td>\n<td><strong>Akumulator typu C<\/strong> - szybkie, wygodne \u0142adowanie<\/td>\n<\/tr>\n<tr>\n<td><strong>Przeno\u015bno\u015b\u0107<\/strong><\/td>\n<td>Kompaktowy rozmiar: <strong>47 mm x 47 mm x 116 mm<\/strong> - \u0142atwo mie\u015bci si\u0119 w d\u0142oni lub kieszeni<\/td>\n<\/tr>\n<tr>\n<td><strong>Idealny dla<\/strong><\/td>\n<td><strong>Sprzeda\u017c hurtowa i detaliczna<\/strong> w Holandii, Niemczech, Belgii i Hiszpanii<\/td>\n<\/tr>\n<\/tbody>\n<\/table>\n<h3>\u2753 Cz\u0119sto zadawane pytania - WASPE AIVIOU 60000 Puffs jednorazowe Vape<\/h3>\n<h4>\u2705 Co sprawia, \u017ce WASPE AIVIOU 60000 Puffs to dobry wyb\u00f3r?<\/h4>\n<p>Model WASPE 60K wyr\u00f3\u017cnia si\u0119 nast\u0119puj\u0105cymi cechami <strong>Pojemno\u015b\u0107 60 000 puff\u00f3w<\/strong>, <strong>System aromat\u00f3w 3 w 1<\/strong>oraz <strong>Wy\u015bwietlacz LED<\/strong>. Zosta\u0142 stworzony z my\u015bl\u0105 o u\u017cytkownikach, kt\u00f3rzy oczekuj\u0105 d\u0142u\u017cszego i bardziej aromatycznego vape. Ponadto jest przyjazny dla pocz\u0105tkuj\u0105cych i \u0142atwy do \u0142adowania za pomoc\u0105 kabla typu C.<\/p>\n<h4>\ud83c\udf53 Ile smak\u00f3w zawiera jeden vape WASPE 60K?<\/h4>\n<p>Ka\u017cde urz\u0105dzenie WASPE AIVIOU 60000 Puffs jest dostarczane z <strong>trzy r\u00f3\u017cne wbudowane smaki<\/strong>. Mo\u017cesz prze\u0142\u0105cza\u0107 si\u0119 mi\u0119dzy nimi dla urozmaicenia bez zmiany vape. Dost\u0119pne s\u0105 <strong>12 r\u00f3\u017cnych kombinacji smakowych<\/strong> dost\u0119pne dla wszystkich gust\u00f3w.<\/p>\n<h4>\ud83d\udd0b Czy WASPE 60K mo\u017cna \u0142adowa\u0107?<\/h4>\n<p>Tak. Urz\u0105dzenie jest dostarczane z <strong>akumulator<\/strong> i <strong>Port \u0142adowania typu C<\/strong>zapewniaj\u0105c szybsze \u0142adowanie i d\u0142u\u017csze u\u017cytkowanie.<\/p>\n<h4>\ud83d\udce6 Jak pakowany jest vape WASPE 60K w przypadku zam\u00f3wie\u0144 hurtowych?<\/h4>\n<p>WASPE AIVIOU 60K jest dost\u0119pny w dw\u00f3ch opcjach pakowania:<\/p>\n<ul>\n<li><strong>Box:<\/strong> 10 sztuk w opakowaniu<\/li>\n<li><strong>Karton:<\/strong> 160 sztuk w kartonie (ok. 21 kg)<br \/>\nOba s\u0105 odpowiednie dla <strong>Zam\u00f3wienia hurtowe i szybka dostawa<\/strong>.<\/li>\n<\/ul>\n<h4>\ud83c\udf0d Gdzie mog\u0119 sprzeda\u0107 vape WASPE AIVIOU 60000 Puffs?<\/h4>\n<p>Jest to idealne rozwi\u0105zanie dla <strong>sprzeda\u017c hurtowa i detaliczna<\/strong> w <strong>Holandia<\/strong>, <strong>Niemcy<\/strong>, <strong>Belgia<\/strong>oraz <strong>Hiszpania<\/strong>. Niezale\u017cnie od tego, czy masz sklep stacjonarny, czy sprzedajesz online, ten produkt jest zoptymalizowany pod k\u0105tem rynk\u00f3w UE.<\/p>\n<h4>\ud83d\uded2 Dlaczego warto kupowa\u0107 w AiviouVape?<\/h4>\n<p><strong>AiviouVape<\/strong> jest zaufanym <strong>hurtownia vape<\/strong> wsp\u00f3\u0142praca bezpo\u015brednio z producentami w celu oferowania:<\/p>\n<ul>\n<li>\u2705 Konkurencyjne ceny<\/li>\n<li>\u2705 Autentyczne, bezpieczne produkty<\/li>\n<li>\u2705 Szybka wysy\u0142ka, nawet w przypadku du\u017cych zam\u00f3wie\u0144<\/li>\n<li>\u2705 Doskona\u0142e wsparcie dla w\u0142a\u015bcicieli sklep\u00f3w i sprzedawc\u00f3w<\/li>\n<\/ul>\n<h4>\ud83d\udccf Jakie s\u0105 wymiary urz\u0105dzenia WASPE 60K?<\/h4>\n<p>Ka\u017cdy vape mierzy <strong>47 mm x 47 mm x 116 mm<\/strong>, dzi\u0119ki czemu jest lekki i przyjazny dla kieszeni.<\/p>\n<p><img data-recalc-dims=\"1\" loading=\"lazy\" decoding=\"async\" class=\"alignnone size-full wp-image-33904\" src=\"https:\/\/i0.wp.com\/aiviouvapes.com\/wp-content\/uploads\/2025\/03\/%E5%8C%85%E8%A3%85%E5%9B%BE-140000.jpg?resize=1020%2C612&#038;ssl=1\" alt=\",\" width=\"1020\" height=\"612\" title=\"\" srcset=\"https:\/\/i0.wp.com\/aiviouvapes.com\/wp-content\/uploads\/2025\/03\/%E5%8C%85%E8%A3%85%E5%9B%BE-140000.jpg?w=1920&amp;ssl=1 1920w, https:\/\/i0.wp.com\/aiviouvapes.com\/wp-content\/uploads\/2025\/03\/%E5%8C%85%E8%A3%85%E5%9B%BE-140000.jpg?resize=300%2C180&amp;ssl=1 300w, https:\/\/i0.wp.com\/aiviouvapes.com\/wp-content\/uploads\/2025\/03\/%E5%8C%85%E8%A3%85%E5%9B%BE-140000.jpg?resize=1024%2C614&amp;ssl=1 1024w, https:\/\/i0.wp.com\/aiviouvapes.com\/wp-content\/uploads\/2025\/03\/%E5%8C%85%E8%A3%85%E5%9B%BE-140000.jpg?resize=768%2C461&amp;ssl=1 768w, https:\/\/i0.wp.com\/aiviouvapes.com\/wp-content\/uploads\/2025\/03\/%E5%8C%85%E8%A3%85%E5%9B%BE-140000.jpg?resize=1536%2C922&amp;ssl=1 1536w, https:\/\/i0.wp.com\/aiviouvapes.com\/wp-content\/uploads\/2025\/03\/%E5%8C%85%E8%A3%85%E5%9B%BE-140000.jpg?resize=18%2C12&amp;ssl=1 18w, https:\/\/i0.wp.com\/aiviouvapes.com\/wp-content\/uploads\/2025\/03\/%E5%8C%85%E8%A3%85%E5%9B%BE-140000.jpg?resize=1320%2C792&amp;ssl=1 1320w, https:\/\/i0.wp.com\/aiviouvapes.com\/wp-content\/uploads\/2025\/03\/%E5%8C%85%E8%A3%85%E5%9B%BE-140000.jpg?resize=800%2C480&amp;ssl=1 800w\" sizes=\"auto, (max-width: 1020px) 100vw, 1020px\" \/>\u00a0<img data-recalc-dims=\"1\" loading=\"lazy\" decoding=\"async\" class=\"alignnone wp-image-30768 size-full\" src=\"https:\/\/i0.wp.com\/aiviouvapes.com\/wp-content\/uploads\/2025\/03\/WASPE-60k-3-in-1-60000-Puffs-1.jpg?resize=1020%2C574&#038;ssl=1\" alt=\",\" width=\"1020\" height=\"574\" title=\"\" srcset=\"https:\/\/i0.wp.com\/aiviouvapes.com\/wp-content\/uploads\/2025\/03\/WASPE-60k-3-in-1-60000-Puffs-1.jpg?w=1920&amp;ssl=1 1920w, https:\/\/i0.wp.com\/aiviouvapes.com\/wp-content\/uploads\/2025\/03\/WASPE-60k-3-in-1-60000-Puffs-1.jpg?resize=300%2C169&amp;ssl=1 300w, https:\/\/i0.wp.com\/aiviouvapes.com\/wp-content\/uploads\/2025\/03\/WASPE-60k-3-in-1-60000-Puffs-1.jpg?resize=1024%2C576&amp;ssl=1 1024w, https:\/\/i0.wp.com\/aiviouvapes.com\/wp-content\/uploads\/2025\/03\/WASPE-60k-3-in-1-60000-Puffs-1.jpg?resize=768%2C432&amp;ssl=1 768w, https:\/\/i0.wp.com\/aiviouvapes.com\/wp-content\/uploads\/2025\/03\/WASPE-60k-3-in-1-60000-Puffs-1.jpg?resize=1536%2C864&amp;ssl=1 1536w, https:\/\/i0.wp.com\/aiviouvapes.com\/wp-content\/uploads\/2025\/03\/WASPE-60k-3-in-1-60000-Puffs-1.jpg?resize=18%2C10&amp;ssl=1 18w, https:\/\/i0.wp.com\/aiviouvapes.com\/wp-content\/uploads\/2025\/03\/WASPE-60k-3-in-1-60000-Puffs-1.jpg?resize=750%2C422&amp;ssl=1 750w\" sizes=\"auto, (max-width: 1020px) 100vw, 1020px\" \/><img data-recalc-dims=\"1\" loading=\"lazy\" decoding=\"async\" class=\"alignnone size-full wp-image-30772\" src=\"https:\/\/i0.wp.com\/aiviouvapes.com\/wp-content\/uploads\/2025\/03\/WASPE-60k-3-in-1-60000-Puffs-5.jpg?resize=1020%2C543&#038;ssl=1\" alt=\",\" width=\"1020\" height=\"543\" title=\"\" srcset=\"https:\/\/i0.wp.com\/aiviouvapes.com\/wp-content\/uploads\/2025\/03\/WASPE-60k-3-in-1-60000-Puffs-5.jpg?w=1920&amp;ssl=1 1920w, https:\/\/i0.wp.com\/aiviouvapes.com\/wp-content\/uploads\/2025\/03\/WASPE-60k-3-in-1-60000-Puffs-5.jpg?resize=300%2C160&amp;ssl=1 300w, https:\/\/i0.wp.com\/aiviouvapes.com\/wp-content\/uploads\/2025\/03\/WASPE-60k-3-in-1-60000-Puffs-5.jpg?resize=1024%2C546&amp;ssl=1 1024w, https:\/\/i0.wp.com\/aiviouvapes.com\/wp-content\/uploads\/2025\/03\/WASPE-60k-3-in-1-60000-Puffs-5.jpg?resize=768%2C409&amp;ssl=1 768w, https:\/\/i0.wp.com\/aiviouvapes.com\/wp-content\/uploads\/2025\/03\/WASPE-60k-3-in-1-60000-Puffs-5.jpg?resize=1536%2C818&amp;ssl=1 1536w, https:\/\/i0.wp.com\/aiviouvapes.com\/wp-content\/uploads\/2025\/03\/WASPE-60k-3-in-1-60000-Puffs-5.jpg?resize=18%2C10&amp;ssl=1 18w, https:\/\/i0.wp.com\/aiviouvapes.com\/wp-content\/uploads\/2025\/03\/WASPE-60k-3-in-1-60000-Puffs-5.jpg?resize=750%2C400&amp;ssl=1 750w\" sizes=\"auto, (max-width: 1020px) 100vw, 1020px\" \/><\/p>","protected":false},"excerpt":{"rendered":"<p class=\"translation-block\">Przygotuj si\u0119 na potr\u00f3jn\u0105 zabaw\u0119 smakami! Ulepszona WASPE 60K pozwala cieszy\u0107 si\u0119 trzema wspania\u0142ymi smakami w jednym eleganckim vape. Bazuje na uwielbianym przez fan\u00f3w <span style=\"color: #000000\"><a style=\"color: #000000\" href=\"https:\/\/aiviouvapes.com\/pl\/produkt\/waspe-crystal-40k-double-flavor-40000-puffs-rechargeable-bulk-buy-disposable-vape-wholesale\/\" target=\"_self\">WASPE Crystal<\/a><\/span>.<\/p>","protected":false},"featured_media":30783,"comment_status":"open","ping_status":"closed","template":"","meta":[],"product_brand":[227],"product_cat":[19,219,242,320,280,505],"product_tag":[306,308,303,305,304,302],"class_list":{"0":"post-30767","1":"product","2":"type-product","3":"status-publish","4":"has-post-thumbnail","6":"product_brand-waspe","7":"product_cat-waspe","8":"product_cat-40000-puffs-disposable-vape","9":"product_cat-60000-puffs-disposable-vape","10":"product_cat-best-disposable-vapes","11":"product_cat-cheap-rechargeable-disposable-vapes","12":"product_cat-in-stock-at-eu-warehouse","13":"product_tag-best-disposable-vapes","14":"product_tag-disposable-vape-in-europe","15":"product_tag-screen-vape","16":"product_tag-vape-suppliers","17":"product_tag-wholesale-vapes","18":"product_tag-wholesale-vapor","20":"first","21":"instock","22":"shipping-taxable","23":"purchasable","24":"product-type-variable","25":"has-default-attributes"},"jetpack_sharing_enabled":true,"tiered_pricing_type":"fixed","tiered_pricing_fixed_rules":{"30":9.07000000000000028421709430404007434844970703125,"50":7.910000000000000142108547152020037174224853515625,"100":7.38999999999999968025576890795491635799407958984375,"200":6.7400000000000002131628207280300557613372802734375,"400":6.4199999999999999289457264239899814128875732421875},"tiered_pricing_product_settings":{"layout":"default","base_unit_name":{"singular":null,"plural":null},"default_variation":null},"tiered_pricing_minimum_quantity":10,"tiered_pricing_roles_data":[],"tiered_pricing_percentage_rules":[],"tiered_pricing_maximum_quantity":null,"tiered_pricing_quantity_step":"10","_links":{"self":[{"href":"https:\/\/aiviouvapes.com\/pl\/wp-json\/wp\/v2\/product\/30767","targetHints":{"allow":["GET"]}}],"collection":[{"href":"https:\/\/aiviouvapes.com\/pl\/wp-json\/wp\/v2\/product"}],"about":[{"href":"https:\/\/aiviouvapes.com\/pl\/wp-json\/wp\/v2\/types\/product"}],"replies":[{"embeddable":true,"href":"https:\/\/aiviouvapes.com\/pl\/wp-json\/wp\/v2\/comments?post=30767"}],"wp:featuredmedia":[{"embeddable":true,"href":"https:\/\/aiviouvapes.com\/pl\/wp-json\/wp\/v2\/media\/30783"}],"wp:attachment":[{"href":"https:\/\/aiviouvapes.com\/pl\/wp-json\/wp\/v2\/media?parent=30767"}],"wp:term":[{"taxonomy":"product_brand","embeddable":true,"href":"https:\/\/aiviouvapes.com\/pl\/wp-json\/wp\/v2\/product_brand?post=30767"},{"taxonomy":"product_cat","embeddable":true,"href":"https:\/\/aiviouvapes.com\/pl\/wp-json\/wp\/v2\/product_cat?post=30767"},{"taxonomy":"product_tag","embeddable":true,"href":"https:\/\/aiviouvapes.com\/pl\/wp-json\/wp\/v2\/product_tag?post=30767"}],"curies":[{"name":"wp","href":"https:\/\/api.w.org\/{rel}","templated":true}]}}