{"id":30165,"date":"2025-03-14T17:40:59","date_gmt":"2025-03-14T09:40:59","guid":{"rendered":"https:\/\/aiviouvapes.com\/?post_type=product&#038;p=30165"},"modified":"2026-04-15T09:05:04","modified_gmt":"2026-04-15T01:05:04","slug":"uwin-crystal-10000-puffs","status":"publish","type":"product","link":"https:\/\/aiviouvapes.com\/pl\/product\/uwin-crystal-10000-puffs\/","title":{"rendered":"Uwin Crystal 10K | 10000 zaci\u0105gni\u0119\u0107, nikotyna 0-5%, hurtowe jednorazowe vape"},"content":{"rendered":"<h2>Jednorazowy waporyzator Uwin Crystal 10000 Puffs: Niezr\u00f3wnany smak i trwa\u0142o\u015b\u0107<\/h2>\n<p>Odkryj szczyt jednorazowej technologii vape dzi\u0119ki <strong>Uwin Crystal 10000 Puffs jednorazowy akumulator Vape<\/strong>dost\u0119pny wy\u0142\u0105cznie w AiviouVape. Zaprojektowane zar\u00f3wno dla zwyk\u0142ych, jak i powa\u017cnych waper\u00f3w, to urz\u0105dzenie o du\u017cej pojemno\u015bci zapewnia wyj\u0105tkow\u0105 r\u00f3wnowag\u0119 smaku, wygody i trwa\u0142o\u015bci. Idealny do zakup\u00f3w hurtowych, Uwin Crystal to pozycja obowi\u0105zkowa dla ka\u017cdego sklepu vape lub punktu sprzeda\u017cy detalicznej.<\/p>\n<h2>Niezr\u00f3wnana liczba zaci\u0105gni\u0119\u0107 i wydajno\u015b\u0107<\/h2>\n<p>Uwin Crystal zosta\u0142 zaprojektowany tak, aby zapewni\u0107 do <strong>10 000 zaci\u0105gni\u0119\u0107<\/strong>wyznaczaj\u0105c nowy standard na rynku jednorazowych urz\u0105dze\u0144 vape. Ka\u017cde urz\u0105dzenie jest wst\u0119pnie nape\u0142nione <strong>18 ml najwy\u017cszej jako\u015bci e-liquidu<\/strong> i zasilany przez <strong>Akumulator kobaltowy o pojemno\u015bci 650 mAh<\/strong>zapewniaj\u0105c sta\u0142\u0105 wydajno\u015b\u0107 od pocz\u0105tku do ko\u0144ca. The <strong>Port \u0142adowania typu C<\/strong> umo\u017cliwia szybkie i wydajne \u0142adowanie, dzi\u0119ki czemu jest to wyb\u00f3r przyjazny dla \u015brodowiska.<\/p>\n<h2>Przewaga sprzeda\u017cy hurtowej z AiviouVape<\/h2>\n<p>Jako wiod\u0105ca internetowa platforma hurtowa, AiviouVape oferuje Uwin Crystal w opcjach zakupu hurtowego, zaspokajaj\u0105c potrzeby w\u0142a\u015bcicieli sklep\u00f3w vape i dystrybutor\u00f3w. Ka\u017cdy karton zawiera <strong>200 sztuk (10 sztuk w pude\u0142ku)<\/strong>zapewniaj\u0105c elastyczne rozmiary zam\u00f3wie\u0144 i usprawnione zarz\u0105dzanie zapasami.<\/p>\n<h2>Kluczowe cechy puf Uwin Crystal 10000 Puffs<\/h2>\n<ul>\n<li><strong>Opcje mocy nikotyny:<\/strong> 0%, 2%, 3%, 5%<\/li>\n<li><strong>Puffy:<\/strong> Do 10 000 zaci\u0105gni\u0119\u0107<\/li>\n<li><strong>Pojemno\u015b\u0107 E-Liquid:<\/strong> 18 ml<\/li>\n<li><strong>Bateria:<\/strong> Akumulator kobaltowy o pojemno\u015bci 650 mAh<\/li>\n<li><strong>\u0141adowanie:<\/strong> Szybkie \u0142adowanie typu C<\/li>\n<li><strong>Cewka:<\/strong> Siatkowa cewka 0,8\u03a9 zapewniaj\u0105ca doskona\u0142y smak<\/li>\n<li><strong>Opakowanie:<\/strong> 200 sztuk w kartonie (10 sztuk w pude\u0142ku)<\/li>\n<li><strong>Waga:<\/strong> 17,3 kg w kartonie<\/li>\n<li><strong>Wymiary:<\/strong> 36,5 x 36,7 x 31,5 cm (karton)<\/li>\n<li><strong>Cechy:<\/strong> O\u015bwietlenie RGB zapewniaj\u0105ce stylowe wra\u017cenia<\/li>\n<\/ul>\n<p><iframe title=\"Odtwarzacz wideo VideoPress\" aria-label='Odtwarzacz wideo VideoPress' width='562' height='1000' src='https:\/\/videopress.com\/embed\/TT81Wr9Y?hd=0&amp;cover=1' frameborder='0' allowfullscreen allow='clipboard-write'><\/iframe><script src='https:\/\/v0.wordpress.com\/js\/next\/videopress-iframe.js?m=1770107250'><\/script><\/p>\n<h2>Poznaj 15 wy\u015bmienitych smak\u00f3w<\/h2>\n<p>Uwin Crystal oferuje 15 starannie opracowanych smak\u00f3w, zaprojektowanych tak, aby zaspokoi\u0107 ka\u017cde podniebienie:<\/p>\n<ul>\n<li><strong>Blueberry Raspberry:<\/strong> Rozkoszny taniec s\u0142odkich, dojrza\u0142ych w s\u0142o\u0144cu jag\u00f3d i pikantnych, soczystych malin. Z ka\u017cdym wdechem poczujesz przyp\u0142yw owocowej \u015bwie\u017co\u015bci.<\/li>\n<li><strong>Grape Ice:<\/strong> Rozkoszuj si\u0119 bogatym, soczystym smakiem pulchnych, fioletowych winogron, doskonale sch\u0142odzonych z orze\u017awiaj\u0105cym, lodowatym wydechem. S\u0142odka i mro\u017ana uczta.<\/li>\n<li><strong>Strawberry Watermelon:<\/strong> Letnia symfonia soczystego arbuza i s\u0142odkich, dojrza\u0142ych truskawek. Orze\u017awiaj\u0105ce i nawil\u017caj\u0105ce doznanie.<\/li>\n<li><strong>Blueberry on Ice:<\/strong> Chrupi\u0105cy, ch\u0142odny mentol \u0142\u0105czy si\u0119 ze s\u0142odkim, \u017cywym smakiem \u015bwie\u017co zebranych jag\u00f3d. Doskonale zbalansowane doznanie lodowatych owoc\u00f3w.<\/li>\n<li><strong>Watermelon Ice:<\/strong> Zanurz si\u0119 w orze\u017awiaj\u0105cym smaku ch\u0142odnego, chrupi\u0105cego arbuza, wzmocnionym orze\u017awiaj\u0105cym lodowatym mentolowym wyko\u0144czeniem. Idealny na gor\u0105cy letni dzie\u0144.<\/li>\n<li><strong>Cherry Ice:<\/strong> Do\u015bwiadcz odwa\u017cnego, s\u0142odko-cierpkiego smaku dojrza\u0142ych wi\u015bni, uzupe\u0142nionego ch\u0142odz\u0105cym podmuchem mentolu. O\u017cywczy i owocowy smak.<\/li>\n<li><strong>Strawberry Raspberry Cherry:<\/strong> Jagodowa bonanza! S\u0142odkie truskawki, cierpkie maliny i soczyste wi\u015bnie harmonijnie \u0142\u0105cz\u0105 si\u0119, tworz\u0105c z\u0142o\u017con\u0105 i satysfakcjonuj\u0105c\u0105 owocow\u0105 mieszank\u0119.<\/li>\n<li><strong>Kiwi Passion Fruit Guava:<\/strong> Ucieknij do tropikalnego raju dzi\u0119ki tej egzotycznej mieszance pikantnego kiwi, s\u0142odkiej marakui i soczystej guawy. Prawdziwie \u017cywy i orze\u017awiaj\u0105cy aromat.<\/li>\n<li><strong>Strawberry Ice:<\/strong> Klasyczna s\u0142odycz dojrza\u0142ych truskawek, doskonale sch\u0142odzona ch\u0142odn\u0105 mentolow\u0105 bryz\u0105. Prosty, ale satysfakcjonuj\u0105cy smak lodowych owoc\u00f3w.<\/li>\n<li><strong>Peach Ice:<\/strong> Soczyste, soczyste brzoskwinie spotykaj\u0105 si\u0119 z orze\u017awiaj\u0105cym mentolowym ch\u0142odem. G\u0142adki i s\u0142odki aromat z ch\u0142odnym, orze\u017awiaj\u0105cym finiszem.<\/li>\n<li><strong>Strawberry Kiwi:<\/strong> Harmonijne po\u0142\u0105czenie s\u0142odkich truskawek i pikantnego kiwi. Doskonale zbalansowana owocowa mieszanka, kt\u00f3ra jest zar\u00f3wno s\u0142odka, jak i orze\u017awiaj\u0105ca.<\/li>\n<li><strong>Peach Berry:<\/strong> S\u0142odki, aksamitny smak dojrza\u0142ych brzoskwi\u0144 zmieszany z mieszank\u0105 soczystych jag\u00f3d. G\u0142adka i aromatyczna mieszanka.<\/li>\n<li><strong>Cherry Cola:<\/strong> Nostalgiczny smak gazowanej coli ze s\u0142odk\u0105, dojrza\u0142\u0105 wi\u015bni\u0105. S\u0142odkie, musuj\u0105ce i orze\u017awiaj\u0105ce doznanie.<\/li>\n<li><strong>Mixed Berry:<\/strong> Wibruj\u0105ca mieszanka ulubionych jag\u00f3d, tworz\u0105ca z\u0142o\u017cony i wielowarstwowy profil smakowy. Bogaty i satysfakcjonuj\u0105cy smak.<\/li>\n<li><strong>Mr. Blue:<\/strong> Tajemnicza i intryguj\u0105ca mieszanka s\u0142odkich i pikantnych owoc\u00f3w. Wyj\u0105tkowe i urzekaj\u0105ce doznanie smakowe.<\/li>\n<li><strong>Peach Mango Pineapple:<\/strong> Tropikalne trio soczystych brzoskwi\u0144, dojrza\u0142ego mango i s\u0142odkiego ananasa. Przepysznie egzotyczny i mu\u015bni\u0119ty s\u0142o\u0144cem aromat.<\/li>\n<li><strong>Two Apple:<\/strong> Chrupi\u0105ca i orze\u017awiaj\u0105ca mieszanka s\u0142odkich czerwonych i cierpkich zielonych jab\u0142ek. Zr\u00f3wnowa\u017cona i orze\u017awiaj\u0105ca owocowa mieszanka.<\/li>\n<li><strong>Strawberry Cranberry Cherry:<\/strong> \u017bywa i pikantna mieszanka s\u0142odkich truskawek, cierpkiej \u017curawiny i soczystych wi\u015bni. Z\u0142o\u017cona i orze\u017awiaj\u0105ca mieszanka jag\u00f3d.<\/li>\n<li><strong>Strawberry Banana:<\/strong> Klasyczna, kremowa mieszanka s\u0142odkich truskawek i dojrza\u0142ych banan\u00f3w. G\u0142adka, s\u0142odka i pocieszaj\u0105ca mieszanka.<\/li>\n<li><strong>Lady Killa:<\/strong> Odwa\u017cna i urzekaj\u0105ca mieszanka egzotycznych owoc\u00f3w tropikalnych ze s\u0142odkim, nieodpartym kopem. Naprawd\u0119 wyj\u0105tkowy i niezapomniany smak.<\/li>\n<li><strong>Blue Razz Lemonade:<\/strong> S\u0142odka i pikantna mieszanka niebieskich malin i orze\u017awiaj\u0105cej lemoniady. Idealna r\u00f3wnowaga nut owocowych i cytrusowych.<\/li>\n<li><strong>Red Bull:<\/strong> Kultowy smak napoju energetycznego, oferuj\u0105cy s\u0142odkie, pikantne i orze\u017awiaj\u0105ce doznania podczas waporyzacji. Zastrzyk owocowej energii.<\/li>\n<li><strong>Strawberry Grape:<\/strong> S\u0142odka i soczysta mieszanka dojrza\u0142ych truskawek i dorodnych winogron. Klasyczne i satysfakcjonuj\u0105ce owocowe po\u0142\u0105czenie.<\/li>\n<li><strong>Cherry Berry:<\/strong> Zachwycaj\u0105ca mieszanka s\u0142odkich wi\u015bni i pikantnych jag\u00f3d. Aromatyczna i orze\u017awiaj\u0105ca mieszanka jag\u00f3d.<\/li>\n<li><strong>Love 66:<\/strong> Unikalna i z\u0142o\u017cona mieszanka s\u0142odkich i pikantnych owoc\u00f3w. Urzekaj\u0105cy i intryguj\u0105cy smak.<\/li>\n<li><strong>Passion Fruit Ice:<\/strong> Egzotyczny i tropikalny smak marakui, sch\u0142odzony z orze\u017awiaj\u0105cym mentolowym wyko\u0144czeniem. Wibruj\u0105cy i lodowaty aromat.<\/li>\n<li><strong>Cola Ice:<\/strong> Klasyczny smak gazowanej coli wzmocniony ch\u0142odnym mentolowym podmuchem. S\u0142odki, b\u0105belkowy i lodowaty smako\u0142yk.<\/li>\n<li><strong>Miami Mint:<\/strong> Wyra\u017any i orze\u017awiaj\u0105cy mi\u0119towy smak, przypominaj\u0105cy ch\u0142odn\u0105 oceaniczn\u0105 bryz\u0119. Czysty i orze\u017awiaj\u0105cy smak.<\/li>\n<li><strong>Vanilla Ice:<\/strong> G\u0142adka i kremowa wanilia, sch\u0142odzona z orze\u017awiaj\u0105cym mentolowym wyko\u0144czeniem. S\u0142odki, ch\u0142odny i satysfakcjonuj\u0105cy aromat.<\/li>\n<li><strong>Lemon Lime:<\/strong> Pikantna i orze\u017awiaj\u0105ca mieszanka pikantnej cytryny i limonki. Jasny i orze\u017awiaj\u0105cy aromat cytrusowy.<\/li>\n<\/ul>\n<p><a href=\"https:\/\/i0.wp.com\/aiviouvapes.com\/wp-content\/uploads\/2025\/03\/Uwin-Crystal-10000-Puffs-10K-0-2-3-5-Low-Nicotine-p-8-scaled-1.jpg?ssl=1\"><img data-recalc-dims=\"1\" loading=\"lazy\" decoding=\"async\" class=\"alignnone size-full wp-image-30251\" src=\"https:\/\/i0.wp.com\/aiviouvapes.com\/wp-content\/uploads\/2025\/03\/Uwin-Crystal-10000-Puffs-10K-0-2-3-5-Low-Nicotine-p-8-scaled-1.jpg?resize=884%2C1920&#038;ssl=1\" alt=\",\" width=\"884\" height=\"1920\" title=\"\" srcset=\"https:\/\/i0.wp.com\/aiviouvapes.com\/wp-content\/uploads\/2025\/03\/Uwin-Crystal-10000-Puffs-10K-0-2-3-5-Low-Nicotine-p-8-scaled-1.jpg?w=884&amp;ssl=1 884w, https:\/\/i0.wp.com\/aiviouvapes.com\/wp-content\/uploads\/2025\/03\/Uwin-Crystal-10000-Puffs-10K-0-2-3-5-Low-Nicotine-p-8-scaled-1.jpg?resize=138%2C300&amp;ssl=1 138w, https:\/\/i0.wp.com\/aiviouvapes.com\/wp-content\/uploads\/2025\/03\/Uwin-Crystal-10000-Puffs-10K-0-2-3-5-Low-Nicotine-p-8-scaled-1.jpg?resize=471%2C1024&amp;ssl=1 471w, https:\/\/i0.wp.com\/aiviouvapes.com\/wp-content\/uploads\/2025\/03\/Uwin-Crystal-10000-Puffs-10K-0-2-3-5-Low-Nicotine-p-8-scaled-1.jpg?resize=768%2C1668&amp;ssl=1 768w, https:\/\/i0.wp.com\/aiviouvapes.com\/wp-content\/uploads\/2025\/03\/Uwin-Crystal-10000-Puffs-10K-0-2-3-5-Low-Nicotine-p-8-scaled-1.jpg?resize=707%2C1536&amp;ssl=1 707w, https:\/\/i0.wp.com\/aiviouvapes.com\/wp-content\/uploads\/2025\/03\/Uwin-Crystal-10000-Puffs-10K-0-2-3-5-Low-Nicotine-p-8-scaled-1.jpg?resize=6%2C12&amp;ssl=1 6w, https:\/\/i0.wp.com\/aiviouvapes.com\/wp-content\/uploads\/2025\/03\/Uwin-Crystal-10000-Puffs-10K-0-2-3-5-Low-Nicotine-p-8-scaled-1.jpg?resize=750%2C1629&amp;ssl=1 750w\" sizes=\"auto, (max-width: 884px) 100vw, 884px\" \/><\/a><\/p>\n<h2>Dlaczego warto wybra\u0107 AiviouVape?<\/h2>\n<p>Jako najwi\u0119ksza internetowa platforma hurtowa dla jednorazowych vape w Holandii, Niemczech, Belgii i Hiszpanii, AiviouVape oferuje:<\/p>\n<ul>\n<li><strong>Produkty wysokiej jako\u015bci:<\/strong> Zapewnienie niezawodno\u015bci i satysfakcji klienta.<\/li>\n<li><strong>Konkurencyjne ceny:<\/strong> Maksymalizacja mar\u017cy zysku.<\/li>\n<li><strong>Szybka i niezawodna wysy\u0142ka:<\/strong> Zapewnienie terminowej dostawy.<\/li>\n<li><strong>Wyj\u0105tkowa obs\u0142uga klienta:<\/strong> Pomagamy na ka\u017cdym kroku.<\/li>\n<\/ul>\n<p>Podnie\u015b swoj\u0105 ofert\u0119 produkt\u00f3w dzi\u0119ki Uwin Crystal 10000 Puffs Rechargeable Disposable Vape, sk\u0142adaj\u0105c zam\u00f3wienie na tej stronie.<\/p>\n<p>&nbsp;<\/p>","protected":false},"excerpt":{"rendered":"<p>Do\u015bwiadcz 10 000 zaci\u0105gni\u0119\u0107 czystym smakiem dzi\u0119ki jednorazowemu waporyzatorowi akumulatorowemu Uwin Crystal. Dost\u0119pne w wersjach 0%, 2%, 3% i 5% nikotyny, 15 smakach premium i hurtowych opcjach hurtowych. Idealny dla sklep\u00f3w vape i dystrybutor\u00f3w.<\/p>","protected":false},"featured_media":30267,"comment_status":"open","ping_status":"closed","template":"","meta":[],"product_brand":[247],"product_cat":[122,320,224],"product_tag":[],"class_list":{"0":"post-30165","1":"product","2":"type-product","3":"status-publish","4":"has-post-thumbnail","6":"product_brand-uwin","7":"product_cat-10000-puffs-disposable-vape","8":"product_cat-best-disposable-vapes","9":"product_cat-uwin","11":"first","12":"instock","13":"featured","14":"shipping-taxable","15":"purchasable","16":"product-type-variable","17":"has-default-attributes"},"jetpack_sharing_enabled":true,"tiered_pricing_type":"fixed","tiered_pricing_fixed_rules":{"30":6.03000000000000024868995751603506505489349365234375,"50":4.9900000000000002131628207280300557613372802734375,"100":4.37000000000000010658141036401502788066864013671875,"200":4.17999999999999971578290569595992565155029296875,"400":3.7599999999999997868371792719699442386627197265625},"tiered_pricing_product_settings":{"layout":"default","base_unit_name":{"singular":null,"plural":null},"default_variation":null},"tiered_pricing_minimum_quantity":10,"tiered_pricing_roles_data":[],"tiered_pricing_percentage_rules":[],"tiered_pricing_maximum_quantity":null,"tiered_pricing_quantity_step":"10","_links":{"self":[{"href":"https:\/\/aiviouvapes.com\/pl\/wp-json\/wp\/v2\/product\/30165","targetHints":{"allow":["GET"]}}],"collection":[{"href":"https:\/\/aiviouvapes.com\/pl\/wp-json\/wp\/v2\/product"}],"about":[{"href":"https:\/\/aiviouvapes.com\/pl\/wp-json\/wp\/v2\/types\/product"}],"replies":[{"embeddable":true,"href":"https:\/\/aiviouvapes.com\/pl\/wp-json\/wp\/v2\/comments?post=30165"}],"wp:featuredmedia":[{"embeddable":true,"href":"https:\/\/aiviouvapes.com\/pl\/wp-json\/wp\/v2\/media\/30267"}],"wp:attachment":[{"href":"https:\/\/aiviouvapes.com\/pl\/wp-json\/wp\/v2\/media?parent=30165"}],"wp:term":[{"taxonomy":"product_brand","embeddable":true,"href":"https:\/\/aiviouvapes.com\/pl\/wp-json\/wp\/v2\/product_brand?post=30165"},{"taxonomy":"product_cat","embeddable":true,"href":"https:\/\/aiviouvapes.com\/pl\/wp-json\/wp\/v2\/product_cat?post=30165"},{"taxonomy":"product_tag","embeddable":true,"href":"https:\/\/aiviouvapes.com\/pl\/wp-json\/wp\/v2\/product_tag?post=30165"}],"curies":[{"name":"wp","href":"https:\/\/api.w.org\/{rel}","templated":true}]}}