{"id":30076,"date":"2025-03-14T16:37:29","date_gmt":"2025-03-14T08:37:29","guid":{"rendered":"https:\/\/aiviouvapes.com\/?post_type=product&#038;p=30076"},"modified":"2026-04-17T13:00:57","modified_gmt":"2026-04-17T05:00:57","slug":"fizzy-nova-20000-puffs","status":"publish","type":"product","link":"https:\/\/aiviouvapes.com\/pl\/product\/fizzy-nova-20000-puffs\/","title":{"rendered":"Fizzy Nova 20000 Puffs | podw\u00f3jna cewka siatkowa, ekran LCD, jednorazowy akumulator vape luzem i hurtowo"},"content":{"rendered":"<p>Do\u015bwiadcz szczytu technologii waporyzacji dzi\u0119ki <strong>Fizzy Nova 20000 Puffs jednorazowy akumulator Vape<\/strong>. Urz\u0105dzenie to oferuje niezr\u00f3wnane po\u0142\u0105czenie wydajno\u015bci, wygody i stylu. Dost\u0119pne ju\u017c teraz w sprzeda\u017cy hurtowej w AiviouVape, wiod\u0105cym internetowym dystrybutorze waporyzator\u00f3w w Holandii, Niemczech, Belgii i Hiszpanii.<\/p>\n<h2>Dlaczego Fizzy Nova 20000 Puffs si\u0119 wyr\u00f3\u017cnia:<\/h2>\n<ul>\n<li><strong>Niespotykana pojemno\u015b\u0107 20000 puff\u00f3w:<\/strong> Ciesz si\u0119 d\u0142u\u017cszymi sesjami waporyzacji bez konieczno\u015bci cz\u0119stej wymiany.<\/li>\n<li><strong>Zaawansowana technologia podw\u00f3jnej cewki siatkowej:<\/strong> Do\u015bwiadcz bogatego, sp\u00f3jnego smaku i g\u0119stej produkcji pary przy ka\u017cdym zaci\u0105gni\u0119ciu.<\/li>\n<li><strong>D\u0142ugotrwa\u0142y akumulator o pojemno\u015bci 850 mAh:<\/strong> Po\u017cegnaj si\u0119 z niepokojem o bateri\u0119 dzi\u0119ki wydajnemu akumulatorowi.<\/li>\n<li><strong>Intuicyjny ekran LCD:<\/strong> Na bie\u017c\u0105co informuj o \u017cywotno\u015bci baterii i poziomie e-liquidu.<\/li>\n<li><strong>Konfigurowalne tryby Eco i Turbo:<\/strong> Dostosuj waporyzacj\u0119 do swoich preferencji, niezale\u017cnie od tego, czy wolisz d\u0142u\u017cszy czas pracy baterii, czy intensywny smak.<\/li>\n<li><strong>Podw\u00f3jna moc nikotyny:<\/strong> Dost\u0119pne w wersjach z nikotyn\u0105 2% i 5%, aby zaspokoi\u0107 szeroki zakres preferencji klient\u00f3w.<\/li>\n<li><strong>Metalowa konstrukcja klasy premium:<\/strong> Ciesz si\u0119 eleganckim, trwa\u0142ym i luksusowym pi\u00f3rem vape z wysokiej klasy metalowym wyko\u0144czeniem.<\/li>\n<li><strong>Szeroki wyb\u00f3r smak\u00f3w:<\/strong> Zanurz si\u0119 w r\u00f3\u017cnorodnej gamie starannie dopracowanych smak\u00f3w.<\/li>\n<\/ul>\n<p><iframe title=\"Odtwarzacz wideo VideoPress\" aria-label='Odtwarzacz wideo VideoPress' width='1020' height='574' src='https:\/\/videopress.com\/embed\/5n4svF8i?hd=0&amp;cover=1' frameborder='0' allowfullscreen allow='clipboard-write'><\/iframe><script src='https:\/\/v0.wordpress.com\/js\/next\/videopress-iframe.js?m=1739540970'><\/script><\/p>\n<h3>Cechy szczeg\u00f3\u0142owe:<\/h3>\n<h4>Technologia podw\u00f3jnej siatki cewek<\/h4>\n<p>Fizzy Nova 20000 Puffs wykorzystuje zaawansowan\u0105 technologi\u0119 podw\u00f3jnej cewki siatkowej, zapewniaj\u0105c zwi\u0119kszon\u0105 powierzchni\u0119 dla lepszego dostarczania smaku i produkcji pary. Zapewnia to niezmiennie satysfakcjonuj\u0105ce wra\u017cenia z waporyzacji od pierwszego do ostatniego zaci\u0105gni\u0119cia.<\/p>\n<h4>Tryby Eco i Turbo<\/h4>\n<p>Dostosuj swoje sesje waporyzacji dzi\u0119ki unikalnym trybom Eco i Turbo w Fizzy Nova. Tryb Eco optymalizuje \u017cywotno\u015b\u0107 baterii i zu\u017cycie e-cieczy w przypadku d\u0142u\u017cszego u\u017cytkowania, podczas gdy tryb Turbo zapewnia bardziej intensywne i mocne doznania podczas waporyzacji.<\/p>\n<h4>Akumulator 850 mAh<\/h4>\n<p>Wyposa\u017cony w pot\u0119\u017cny akumulator 850 mAh, Fizzy Nova 20000 Puffs zapewnia d\u0142ugotrwa\u0142\u0105 wydajno\u015b\u0107, pozwalaj\u0105c cieszy\u0107 si\u0119 waporyzacj\u0105 bez konieczno\u015bci cz\u0119stego \u0142adowania.<\/p>\n<h4>Ekran LCD ze wska\u017anikami<\/h4>\n<p>Zintegrowany ekran LCD dostarcza w czasie rzeczywistym informacji o \u017cywotno\u015bci baterii i poziomie e-liquidu, zapewniaj\u0105c, \u017ce zawsze jeste\u015b przygotowany i nigdy nie zostaniesz zaskoczony.<\/p>\n<h4>Najwy\u017cszej jako\u015bci wykonanie z metalu<\/h4>\n<p>Wykonany z wysokiej jako\u015bci metalu, Fizzy Nova 20000 Puffs mo\u017ce pochwali\u0107 si\u0119 eleganckim i stylowym designem, kt\u00f3ry jest zar\u00f3wno trwa\u0142y, jak i atrakcyjny wizualnie.<\/p>\n<h3>Poznaj nasz\u0105 szerok\u0105 gam\u0119 smak\u00f3w:<\/h3>\n<ul>\n<li><strong>Owocowe przysmaki:<\/strong> Lemon Lime, Mixed Berry, Strawberry Kiwi, Watermelon, Strawberry, Blueberry, Grape, Raspberry Lemon, Pineapple Peach Passion Fruit, Kiwi Passion Fruit Guava<\/li>\n<li><strong>S\u0142odkie doznania:<\/strong> Fizzy Cherry, Pink Lemonade, Peach, Blueberry Coconut<\/li>\n<li><strong>Cierpki i orze\u017awiaj\u0105cy:<\/strong> Kwa\u015bne jab\u0142ko<\/li>\n<\/ul>\n<h3>Dlaczego warto wybra\u0107 AiviouVape do sprzeda\u017cy hurtowej?<\/h3>\n<ul>\n<li><strong>Najwi\u0119ksza internetowa platforma hurtowa:<\/strong> Obs\u0142uguje Holandi\u0119, Niemcy, Belgi\u0119 i Hiszpani\u0119.<\/li>\n<li><strong>Konkurencyjne ceny hurtowe:<\/strong> Zmaksymalizuj mar\u017ce zysku dzi\u0119ki naszym atrakcyjnym stawkom hurtowym.<\/li>\n<li><strong>Szybka i niezawodna wysy\u0142ka:<\/strong> Zapewnij terminow\u0105 dostaw\u0119, aby spe\u0142ni\u0107 wymagania klient\u00f3w.<\/li>\n<li><strong>Doskona\u0142a obs\u0142uga klienta:<\/strong> Nasz zesp\u00f3\u0142 zapewnia wyj\u0105tkow\u0105 obs\u0142ug\u0119.<\/li>\n<li><strong>Oryginalne produkty fabryczne:<\/strong> Zagwarantuj swoim klientom najwy\u017csz\u0105 jako\u015b\u0107 i autentyczno\u015b\u0107.<\/li>\n<\/ul>\n<p>Zapraszamy do z\u0142o\u017cenia zam\u00f3wienia hurtowego Fizzy Nova 20000 Puffs na tej stronie i podniesienia poziomu oferty produkt\u00f3w vape!<\/p>","protected":false},"excerpt":{"rendered":"<p>Fizzy Nova 20000 Puffs! Zawiera <strong data-start=\"457\" data-end=\"476\">podw\u00f3jne cewki siatkowe<\/strong> dla lepszego smaku, a <strong>formu\u0142a o niskiej zawarto\u015bci nikotyny<\/strong> dla p\u0142ynniejszych uderze\u0144 i <strong data-start=\"550\" data-end=\"570\">czytelny ekran LCD<\/strong> do monitorowania poziomu baterii i e-cieczy. Ten jednorazowy vape z mo\u017cliwo\u015bci\u0105 \u0142adowania jest idealny dla nabywc\u00f3w hurtowych poszukuj\u0105cych wysokiej jako\u015bci opcji w przyst\u0119pnych cenach.<\/p>","protected":false},"featured_media":30095,"comment_status":"open","ping_status":"closed","template":"","meta":[],"product_brand":[248],"product_cat":[129,223],"product_tag":[],"class_list":{"0":"post-30076","1":"product","2":"type-product","3":"status-publish","4":"has-post-thumbnail","6":"product_brand-fizzy","7":"product_cat-20000-puffs-disposable-vape","8":"product_cat-fizzy","10":"first","11":"instock","12":"shipping-taxable","13":"purchasable","14":"product-type-variable","15":"has-default-attributes"},"jetpack_sharing_enabled":true,"tiered_pricing_type":"fixed","tiered_pricing_fixed_rules":{"200":6.5999999999999996447286321199499070644378662109375,"500":5.9000000000000003552713678800500929355621337890625},"tiered_pricing_product_settings":{"layout":"default","base_unit_name":{"singular":null,"plural":null},"default_variation":null},"tiered_pricing_minimum_quantity":100,"tiered_pricing_roles_data":[],"tiered_pricing_percentage_rules":[],"tiered_pricing_maximum_quantity":null,"tiered_pricing_quantity_step":"10","_links":{"self":[{"href":"https:\/\/aiviouvapes.com\/pl\/wp-json\/wp\/v2\/product\/30076","targetHints":{"allow":["GET"]}}],"collection":[{"href":"https:\/\/aiviouvapes.com\/pl\/wp-json\/wp\/v2\/product"}],"about":[{"href":"https:\/\/aiviouvapes.com\/pl\/wp-json\/wp\/v2\/types\/product"}],"replies":[{"embeddable":true,"href":"https:\/\/aiviouvapes.com\/pl\/wp-json\/wp\/v2\/comments?post=30076"}],"wp:featuredmedia":[{"embeddable":true,"href":"https:\/\/aiviouvapes.com\/pl\/wp-json\/wp\/v2\/media\/30095"}],"wp:attachment":[{"href":"https:\/\/aiviouvapes.com\/pl\/wp-json\/wp\/v2\/media?parent=30076"}],"wp:term":[{"taxonomy":"product_brand","embeddable":true,"href":"https:\/\/aiviouvapes.com\/pl\/wp-json\/wp\/v2\/product_brand?post=30076"},{"taxonomy":"product_cat","embeddable":true,"href":"https:\/\/aiviouvapes.com\/pl\/wp-json\/wp\/v2\/product_cat?post=30076"},{"taxonomy":"product_tag","embeddable":true,"href":"https:\/\/aiviouvapes.com\/pl\/wp-json\/wp\/v2\/product_tag?post=30076"}],"curies":[{"name":"wp","href":"https:\/\/api.w.org\/{rel}","templated":true}]}}