{"id":29120,"date":"2025-02-21T15:04:17","date_gmt":"2025-02-21T07:04:17","guid":{"rendered":"https:\/\/aiviouvapes.com\/?post_type=product&#038;p=29120"},"modified":"2026-03-23T13:30:00","modified_gmt":"2026-03-23T05:30:00","slug":"mystery-vape-blind-box","status":"publish","type":"product","link":"https:\/\/aiviouvapes.com\/pl\/product\/mystery-vape-blind-box\/","title":{"rendered":"Tajemnicze Jednorazowe Pude\u0142ko Vape - paczka niespodzianka dla odwa\u017cnych!"},"content":{"rendered":"<p>Przygotuj si\u0119 na ekscytuj\u0105c\u0105 przygod\u0119 z naszym <strong>Tajemnicze jednorazowe pude\u0142ko Vape<\/strong>gdzie ka\u017cde rozpakowanie przynosi zachwycaj\u0105c\u0105 niespodziank\u0119. Wewn\u0105trz znajdziesz starannie wyselekcjonowany wyb\u00f3r smak\u00f3w e-papieros\u00f3w, od ponadczasowych klasyk\u00f3w po odwa\u017cne, egzotyczne mieszanki. Niezale\u017cnie od tego, czy pragniesz orze\u017awiaj\u0105cych, orze\u017awiaj\u0105cych nut, czy bogatej, satysfakcjonuj\u0105cej intensywno\u015bci, ka\u017cde pude\u0142ko oferuje nowe doznania smakowe, kt\u00f3re sprawi\u0105, \u017ce wr\u00f3cisz po wi\u0119cej.<\/p>\n<p>Idealny dla \u017c\u0105dnych przyg\u00f3d waper\u00f3w lub ka\u017cdego, kto uwielbia dreszczyk emocji zwi\u0105zany z niespodziewanymi zakupami. <strong>Tajemnicze jednorazowe pude\u0142ko Vape<\/strong> to emocje zwi\u0105zane z odkrywaniem nowych, losowo wybranych smak\u00f3w. Ka\u017cdy puff to nieoczekiwana podr\u00f3\u017c!<\/p>\n<h3>Jak dzia\u0142a Mystery Box<\/h3>\n<p>Przygotuj si\u0119 na ostateczn\u0105 przygod\u0119 z waporyzacj\u0105 dzi\u0119ki naszej ofercie <strong>Tajemnicze jednorazowe pude\u0142ko Vape<\/strong>! Ka\u017cde pude\u0142ko zawiera 10 wysokiej jako\u015bci jednorazowych waporyzator\u00f3w, wype\u0142nionych mieszank\u0105 ekscytuj\u0105cych i r\u00f3\u017cnorodnych smak\u00f3w. Chocia\u017c nie mo\u017cemy zagwarantowa\u0107 konkretnych smak\u00f3w, mo\u017cesz spodziewa\u0107 si\u0119 ekscytuj\u0105cej niespodzianki w ka\u017cdym pude\u0142ku, w tym popularnych modeli, takich jak <strong>WASPE,UWIN,ELF-WORLD,VOPK,Randm,MRVI<\/strong>\u00a0- z ponad 100 unikalnymi profilami smakowymi do odkrycia!<\/p>\n<ul>\n<li><strong>Wszystkie transakcje sprzeda\u017cy s\u0105 ostateczne<\/strong>: Ze wzgl\u0119du na charakter produktu nie mo\u017cemy zaoferowa\u0107 zwrot\u00f3w ani wymian, chyba \u017ce wyst\u0105pi problem z jako\u015bci\u0105 produktu.<\/li>\n<li><strong>Bezp\u0142atna wysy\u0142ka<\/strong>: Bezp\u0142atna wysy\u0142ka wszystkich zam\u00f3wie\u0144 <strong>Tajemnicze jednorazowe pude\u0142ko Vape<\/strong>.<\/li>\n<li><strong>Wymagany wiek<\/strong>: Klienci musz\u0105 by\u0107 w wieku uprawniaj\u0105cym do palenia tytoniu w ich jurysdykcji, aby m\u00f3c kupi\u0107 i u\u017cywa\u0107 tego produktu.<\/li>\n<li>Poprzez zakup <strong>Tajemnicze jednorazowe pude\u0142ko Vape<\/strong>u\u017cytkownik wyra\u017ca zgod\u0119 na niniejsze warunki.<\/li>\n<\/ul>\n<h3>Metody wysy\u0142ki<\/h3>\n<p>Wsp\u00f3\u0142pracujemy z zaufanymi przewo\u017anikami, takimi jak UPS, DHL, FedEx i DPD, aby zapewni\u0107 szybk\u0105 dostaw\u0119 zam\u00f3wienia. Metoda wysy\u0142ki zostanie wybrana na podstawie lokalizacji dostawy, aby zapewni\u0107 najszybsz\u0105 i najbardziej niezawodn\u0105 us\u0142ug\u0119.<\/p>\n<ul>\n<li><strong>Kraje europejskie<\/strong>: Zwykle dostarczane w ci\u0105gu 12-15 dni.<\/li>\n<li><strong>Stany Zjednoczone<\/strong>: Zazwyczaj dociera w ci\u0105gu 10 dni.<\/li>\n<li><strong>\u015aledzenie w czasie rzeczywistym<\/strong>: B\u0119dziemy na bie\u017c\u0105co informowa\u0107 Ci\u0119 o logistyce na ka\u017cdym etapie.<\/li>\n<\/ul>\n<p>Zapewniamy, \u017ce zajmiemy si\u0119 wszystkimi procedurami odprawy celnej w Twoim imieniu, zapewniaj\u0105c p\u0142ynne i bezproblemowe do\u015bwiadczenie. Ponadto nie zostan\u0105 naliczone \u017cadne dodatkowe op\u0142aty podatkowe, a my gwarantujemy, \u017ce <strong>100% naszych produkt\u00f3w przejdzie odpraw\u0119 celn\u0105<\/strong>.<\/p>\n<style>.tier-pricing-summary-table {display:none !important}<br \/>.mysterybox1 {display:none}<br \/><\/style>","protected":false},"excerpt":{"rendered":"<p>Rozpakuj ostateczn\u0105 niespodziank\u0119 vape z naszym <strong>Tajemnicze jednorazowe pude\u0142ko Vape<\/strong> - dost\u0119pny teraz z bezkonkurencyjn\u0105 zni\u017ck\u0105, bez kodu kuponu! Zawiera <strong>10 jednorazowych waporyzator\u00f3w premium<\/strong>Ka\u017cde pude\u0142ko zawiera mieszank\u0119 ekscytuj\u0105cych smak\u00f3w, w tym ulubione, takie jak <strong>WASPE, UWIN, ELFWORLD, VOPK, Randm, MRVI<\/strong>. Ka\u017cde zaci\u0105gni\u0119cie przynosi now\u0105 przygod\u0119 z ponad 100 r\u00f3\u017cnymi profilami smakowymi do odkrycia!<\/p>","protected":false},"featured_media":29126,"comment_status":"open","ping_status":"closed","template":"","meta":[],"product_brand":[],"product_cat":[133,280],"product_tag":[306,308,303,305,304,302],"class_list":{"0":"post-29120","1":"product","2":"type-product","3":"status-publish","4":"has-post-thumbnail","6":"product_cat-disposable-vapes-in-europe","7":"product_cat-cheap-rechargeable-disposable-vapes","8":"product_tag-best-disposable-vapes","9":"product_tag-disposable-vape-in-europe","10":"product_tag-screen-vape","11":"product_tag-vape-suppliers","12":"product_tag-wholesale-vapes","13":"product_tag-wholesale-vapor","15":"first","16":"instock","17":"sale","18":"shipping-taxable","19":"purchasable","20":"product-type-simple"},"jetpack_sharing_enabled":true,"tiered_pricing_type":"fixed","tiered_pricing_fixed_rules":[],"tiered_pricing_product_settings":{"layout":"default","base_unit_name":{"singular":null,"plural":null},"default_variation":null},"tiered_pricing_minimum_quantity":null,"tiered_pricing_roles_data":[],"tiered_pricing_percentage_rules":[],"tiered_pricing_maximum_quantity":null,"tiered_pricing_quantity_step":null,"_links":{"self":[{"href":"https:\/\/aiviouvapes.com\/pl\/wp-json\/wp\/v2\/product\/29120","targetHints":{"allow":["GET"]}}],"collection":[{"href":"https:\/\/aiviouvapes.com\/pl\/wp-json\/wp\/v2\/product"}],"about":[{"href":"https:\/\/aiviouvapes.com\/pl\/wp-json\/wp\/v2\/types\/product"}],"replies":[{"embeddable":true,"href":"https:\/\/aiviouvapes.com\/pl\/wp-json\/wp\/v2\/comments?post=29120"}],"wp:featuredmedia":[{"embeddable":true,"href":"https:\/\/aiviouvapes.com\/pl\/wp-json\/wp\/v2\/media\/29126"}],"wp:attachment":[{"href":"https:\/\/aiviouvapes.com\/pl\/wp-json\/wp\/v2\/media?parent=29120"}],"wp:term":[{"taxonomy":"product_brand","embeddable":true,"href":"https:\/\/aiviouvapes.com\/pl\/wp-json\/wp\/v2\/product_brand?post=29120"},{"taxonomy":"product_cat","embeddable":true,"href":"https:\/\/aiviouvapes.com\/pl\/wp-json\/wp\/v2\/product_cat?post=29120"},{"taxonomy":"product_tag","embeddable":true,"href":"https:\/\/aiviouvapes.com\/pl\/wp-json\/wp\/v2\/product_tag?post=29120"}],"curies":[{"name":"wp","href":"https:\/\/api.w.org\/{rel}","templated":true}]}}