{"id":2719,"date":"2024-08-17T03:11:51","date_gmt":"2024-08-17T03:11:51","guid":{"rendered":"https:\/\/aiviouvapes.com\/?post_type=product&#038;p=2719"},"modified":"2026-03-17T10:47:23","modified_gmt":"2026-03-17T02:47:23","slug":"bang-vape-20000-puffs-bang-box-nicotine-led-display-rechargeable-bulk-buy-disposable-vape-wholesale","status":"publish","type":"product","link":"https:\/\/aiviouvapes.com\/pl\/product\/bang-vape-20000-puffs-bang-box-nicotine-led-display-rechargeable-bulk-buy-disposable-vape-wholesale\/","title":{"rendered":"Bang King 20000 Puffs | podw\u00f3jna siatka 0%-5% nikotyna, wy\u015bwietlacz LED, jednorazowe vape luzem"},"content":{"rendered":"<h2>Bang King Dual Mesh 20000 zaci\u0105gni\u0119\u0107 | 0% 2% 3% 5% nikotyna wy\u015bwietlacz LED akumulator zakup hurtowy jednorazowe vape sprzeda\u017c hurtowa<\/h2>\n<h3>Bang Vape 20000 Puffs Przegl\u0105d i funkcje<\/h3>\n<p>Zaprojektowany z my\u015bl\u0105 o d\u0142ugotrwa\u0142ej wydajno\u015bci, Bang Vape 20000 Puffs jest przeznaczony dla waper\u00f3w, kt\u00f3rzy szukaj\u0105 zar\u00f3wno ilo\u015bci, jak i jako\u015bci. Dzi\u0119ki imponuj\u0105cym 20 000 zaci\u0105gni\u0119\u0107 i pojemno\u015bci 25 ml e-liquidu, urz\u0105dzenie to zmniejsza potrzeb\u0119 cz\u0119stego uzupe\u0142niania, zapewniaj\u0105c p\u0142ynne i przyjemne wra\u017cenia. Zasilany bateri\u0105 650 mAh i wyposa\u017cony w \u0142adowanie typu C, Bang Vape umo\u017cliwia szybkie, wydajne \u0142adowanie. Jego cyfrowy wy\u015bwietlacz LED oferuje aktualizacje w czasie rzeczywistym dotycz\u0105ce \u017cywotno\u015bci baterii i liczby zaci\u0105gni\u0119\u0107, co dodaje dodatkow\u0105 warstw\u0119 wygody. Dost\u0119pny w st\u0119\u017ceniach nikotyny 0%, 2%, 3% i 5%, jest zaprojektowany tak, aby zaspokoi\u0107 r\u00f3\u017cne preferencje.<\/p>\n<ul>\n<li><strong>Do 20 000 zaci\u0105gni\u0119\u0107<\/strong>:Zapewnia d\u0142ugotrwa\u0142e u\u017cytkowanie z minimalnymi przerwami.<\/li>\n<li><strong>Pojemno\u015b\u0107 e-liquidu 25 ml<\/strong>:Du\u017ce rozmiary zmniejszaj\u0105 cz\u0119stotliwo\u015b\u0107 uzupe\u0142niania.<\/li>\n<li><strong>Akumulator 650 mAh<\/strong>:Zapewnia niezawodn\u0105 moc i ca\u0142odzienn\u0105 wydajno\u015b\u0107.<\/li>\n<li><strong>Opcje nikotyny<\/strong>: Dost\u0119pne w wersjach 0%, 2%, 3% i 5% dla indywidualnych preferencji.<\/li>\n<li><strong>Cewka siatkowa 0,8\u03a9<\/strong>:Poprawia smak i g\u0142adko\u015b\u0107 pary.<\/li>\n<li><strong>Wy\u015bwietlacz LED<\/strong>:\u0141atwe monitorowanie poziomu na\u0142adowania baterii i ilo\u015bci zaci\u0105gni\u0119\u0107 zapewnia wygod\u0119 korzystania z e-papierosa.<\/li>\n<\/ul>\n<h3>Bang Vape 20000 smak\u00f3w zaci\u0105gni\u0119\u0107 w magazynie:<\/h3>\n<p>Mi\u0119ta, Truskawka-Liczi, Truskawka-Kiwi, Truskawka-Arbuz, Red Bull, Mieszane Owoce, L\u00f3d Bor\u00f3wkowy, Bor\u00f3wka-Malina, Bor\u00f3wka-Arbuz, L\u00f3d Winogronowy, L\u00f3d Brzoskwiniowy, Arbuz, Malina-Arbuz, Truskawka-Mango, Podw\u00f3jne Jab\u0142ko, Mango-Brzoskwinia-Arbuz.<\/p>\n<h3>Dlaczego warto wybra\u0107 Bang Vape 20000 Puffs?<\/h3>\n<p>Bang Vape 20000 Puffs oferuje wysokiej jako\u015bci wra\u017cenia z wapowania z szerok\u0105 gam\u0105 smak\u00f3w i zaawansowanymi funkcjami, takimi jak wy\u015bwietlacz cyfrowy i grza\u0142ka typu mesh 0,8\u03a9. Kompaktowa, ale mocna konstrukcja w po\u0142\u0105czeniu z wygod\u0105 \u0142adowania typu C sprawia, \u017ce jest to najlepszy wyb\u00f3r do wapowania w podr\u00f3\u017cy. Idealny dla sprzedawc\u00f3w detalicznych i dystrybutor\u00f3w, Bang Vape zapewnia wyj\u0105tkow\u0105 warto\u015b\u0107 i jako\u015b\u0107, gwarantuj\u0105c satysfakcj\u0119 z ka\u017cdego zaci\u0105gni\u0119cia. Dost\u0119pny w hurtowych ilo\u015bciach, jest wszechstronnym wyborem zar\u00f3wno dla nowych, jak i do\u015bwiadczonych waper\u00f3w poszukuj\u0105cych produktu premium.<\/p>\n<p><img data-recalc-dims=\"1\" loading=\"lazy\" decoding=\"async\" class=\"alignnone wp-image-7378 size-full\" title=\"Bang Vape 20000 Puffs 0% 2% 3% 5% Bang box Nikotyna Wy\u015bwietlacz LED Akumulator Kupuj hurtowo Jednorazowe Vape Hurtowo\" src=\"https:\/\/i0.wp.com\/aiviouvapes.com\/wp-content\/uploads\/2024\/08\/mmexport1709033658372.jpg?resize=1020%2C2038&#038;ssl=1\" alt=\"Bang Vape 20000 Puffs 0% 2% 3% 5% Bang box Nikotyna Wy\u015bwietlacz LED Akumulator Kupuj hurtowo Jednorazowe Vape Hurtowo\" width=\"1020\" height=\"2038\" srcset=\"https:\/\/i0.wp.com\/aiviouvapes.com\/wp-content\/uploads\/2024\/08\/mmexport1709033658372.jpg?w=1080&amp;ssl=1 1080w, https:\/\/i0.wp.com\/aiviouvapes.com\/wp-content\/uploads\/2024\/08\/mmexport1709033658372.jpg?resize=150%2C300&amp;ssl=1 150w, https:\/\/i0.wp.com\/aiviouvapes.com\/wp-content\/uploads\/2024\/08\/mmexport1709033658372.jpg?resize=512%2C1024&amp;ssl=1 512w, https:\/\/i0.wp.com\/aiviouvapes.com\/wp-content\/uploads\/2024\/08\/mmexport1709033658372.jpg?resize=768%2C1535&amp;ssl=1 768w, https:\/\/i0.wp.com\/aiviouvapes.com\/wp-content\/uploads\/2024\/08\/mmexport1709033658372.jpg?resize=769%2C1536&amp;ssl=1 769w, https:\/\/i0.wp.com\/aiviouvapes.com\/wp-content\/uploads\/2024\/08\/mmexport1709033658372.jpg?resize=1025%2C2048&amp;ssl=1 1025w, https:\/\/i0.wp.com\/aiviouvapes.com\/wp-content\/uploads\/2024\/08\/mmexport1709033658372.jpg?resize=6%2C12&amp;ssl=1 6w, https:\/\/i0.wp.com\/aiviouvapes.com\/wp-content\/uploads\/2024\/08\/mmexport1709033658372.jpg?resize=800%2C1599&amp;ssl=1 800w\" sizes=\"auto, (max-width: 1020px) 100vw, 1020px\" \/><\/p>\n<h3>Dlaczego warto wybra\u0107 AiviouVapes<\/h3>\n<p>Witamy w <a href=\"https:\/\/aiviouvapes.com\/pl\/\">AiviouVapes<\/a> - Zaufane \u017ar\u00f3d\u0142o wysokiej jako\u015bci, przyst\u0119pnych cen <a href=\"https:\/\/aiviouvapes.com\/pl\/shop\/\">hurtowe waporyzatory jednorazowe<\/a> w naprawd\u0119 niskich cenach. Dzi\u0119ki ponad pi\u0119cioletniemu do\u015bwiadczeniu w bran\u017cy vape, z dum\u0105 oferujemy starannie wyselekcjonowany wyb\u00f3r wiod\u0105cych marek, w tym <a href=\"https:\/\/aiviouvapes.com\/pl\/kategoria-produktu\/waspe\/\">WASPE<\/a>, <a href=\"https:\/\/aiviouvapes.com\/pl\/kategoria-produktu\/bang\/\">Bang Vape<\/a>, <a href=\"https:\/\/aiviouvapes.com\/pl\/kategoria-produktu\/vapme-vapes\/\">Vapme<\/a>oraz <a href=\"https:\/\/aiviouvapes.com\/pl\/kategoria-produktu\/mrvi\/\">MRVI<\/a>.<\/p>\n<p>Od urz\u0105dze\u0144 o wysokiej wydajno\u015bci, takich jak <a href=\"https:\/\/aiviouvapes.com\/pl\/produkt\/waspe-4-in-1-100000-puffs\/\">WASPE 100K 4 w 1 Smak<\/a> do odwa\u017cnych faworyt\u00f3w, takich jak <a href=\"https:\/\/aiviouvapes.com\/pl\/produkt\/bang-king-triple-flavors-85000\/\">Bang 85,000 Triple Puff<\/a>a nawet ekscytuj\u0105ce <a class=\"woocommerce-LoopProduct-link woocommerce-loop-product__link\" href=\"https:\/\/aiviouvapes.com\/pl\/produkt\/mystery-vape-blind-box\/\">Tajemnicze jednorazowe pude\u0142ko Vape<\/a>Ka\u017cdy produkt jest wybierany ze wzgl\u0119du na najwy\u017csz\u0105 jako\u015b\u0107 i bezkonkurencyjn\u0105 warto\u015b\u0107. W AiviouVapes b\u0119dziesz cieszy\u0107 si\u0119 doskona\u0142\u0105 obs\u0142ug\u0105, hurtowymi oszcz\u0119dno\u015bciami i kolekcj\u0105 zaprojektowan\u0105 tak, aby pasowa\u0142a do Twoich potrzeb w zakresie waporyzacji.<\/p>\n<div class=\"row row-large row-full-width align-middle\"  id=\"row-744724221\">\n\n\n\t<div id=\"col-1388650844\" class=\"col medium-3 small-6 large-3\"  >\n\t\t\t\t<div class=\"col-inner text-center\"  >\n\t\t\t\n\t\t\t\n\n\n\t\t<div class=\"icon-box featured-box icon-box-top text-left\"  >\n\t\t\t\t\t<div class=\"icon-box-img\" style=\"width: 90px\">\n\t\t\t\t<div class=\"icon\">\n\t\t\t\t\t<div class=\"icon-inner\" >\n\t\t\t\t\t\t<img loading=\"lazy\" decoding=\"async\" width=\"200\" height=\"200\" src=\"https:\/\/i0.wp.com\/aiviouvapes.com\/wp-content\/uploads\/2024\/08\/vape-1-1.png?fit=200%2C200&amp;ssl=1\" class=\"attachment-medium size-medium\" alt=\"Dlaczego warto wybra\u0107 AIVIOUVAPES\" srcset=\"https:\/\/i0.wp.com\/aiviouvapes.com\/wp-content\/uploads\/2024\/08\/vape-1-1.png?w=200&amp;ssl=1 200w, https:\/\/i0.wp.com\/aiviouvapes.com\/wp-content\/uploads\/2024\/08\/vape-1-1.png?resize=150%2C150&amp;ssl=1 150w, https:\/\/i0.wp.com\/aiviouvapes.com\/wp-content\/uploads\/2024\/08\/vape-1-1.png?resize=12%2C12&amp;ssl=1 12w, https:\/\/i0.wp.com\/aiviouvapes.com\/wp-content\/uploads\/2024\/08\/vape-1-1.png?resize=100%2C100&amp;ssl=1 100w\" sizes=\"auto, (max-width: 200px) 100vw, 200px\" title=\"\">\t\t\t\t\t<\/div>\n\t\t\t\t<\/div>\n\t\t\t<\/div>\n\t\t\t\t<div class=\"icon-box-text last-reset\">\n\t\t\t\t\t\t\t\t\t\n\n\t<div id=\"text-3279793218\" class=\"text\">\n\t\t\n\n<h3 style=\"text-align: center;\">Szeroka gama produkt\u00f3w Vape<\/h3>\n<p style=\"text-align: center;\">Odkryj nasz\u0105 szerok\u0105 ofert\u0119 produkt\u00f3w, zaprojektowanych tak, aby spe\u0142ni\u0107 wszelkie preferencje.<\/p>\n\t\t\n<style>\n#text-3279793218 {\n  font-size: 0.9rem;\n}\n<\/style>\n\t<\/div>\n\t\n\n\t\t<\/div>\n\t<\/div>\n\t\n\t\n\n\t\t<\/div>\n\t\t\t\t\t<\/div>\n\n\t\n\n\t<div id=\"col-867392555\" class=\"col medium-3 small-6 large-3\"  >\n\t\t\t\t<div class=\"col-inner text-center\"  >\n\t\t\t\n\t\t\t\n\n\n\t\t<div class=\"icon-box featured-box icon-box-top text-left\"  >\n\t\t\t\t\t<div class=\"icon-box-img\" style=\"width: 90px\">\n\t\t\t\t<div class=\"icon\">\n\t\t\t\t\t<div class=\"icon-inner\" >\n\t\t\t\t\t\t<img loading=\"lazy\" decoding=\"async\" width=\"200\" height=\"200\" src=\"https:\/\/i0.wp.com\/aiviouvapes.com\/wp-content\/uploads\/2024\/08\/save-money-1-1-1.png?fit=200%2C200&amp;ssl=1\" class=\"attachment-medium size-medium\" alt=\"Dlaczego warto wybra\u0107 AIVIOUVAPES\" srcset=\"https:\/\/i0.wp.com\/aiviouvapes.com\/wp-content\/uploads\/2024\/08\/save-money-1-1-1.png?w=200&amp;ssl=1 200w, https:\/\/i0.wp.com\/aiviouvapes.com\/wp-content\/uploads\/2024\/08\/save-money-1-1-1.png?resize=150%2C150&amp;ssl=1 150w, https:\/\/i0.wp.com\/aiviouvapes.com\/wp-content\/uploads\/2024\/08\/save-money-1-1-1.png?resize=12%2C12&amp;ssl=1 12w, https:\/\/i0.wp.com\/aiviouvapes.com\/wp-content\/uploads\/2024\/08\/save-money-1-1-1.png?resize=100%2C100&amp;ssl=1 100w\" sizes=\"auto, (max-width: 200px) 100vw, 200px\" title=\"\">\t\t\t\t\t<\/div>\n\t\t\t\t<\/div>\n\t\t\t<\/div>\n\t\t\t\t<div class=\"icon-box-text last-reset\">\n\t\t\t\t\t\t\t\t\t\n\n\t<div id=\"text-3349606012\" class=\"text\">\n\t\t\n\n<h3 style=\"text-align: center;\">Niezr\u00f3wnana warto\u015b\u0107<\/h3>\n<p style=\"text-align: center;\">Ciesz si\u0119 produktami najwy\u017cszej jako\u015bci w cenach dostosowanych do Twojego bud\u017cetu.<\/p>\n\t\t\n<style>\n#text-3349606012 {\n  font-size: 0.9rem;\n}\n<\/style>\n\t<\/div>\n\t\n\n\t\t<\/div>\n\t<\/div>\n\t\n\t\n\n\t\t<\/div>\n\t\t\t\t\t<\/div>\n\n\t\n\n\t<div id=\"col-1981637103\" class=\"col medium-3 small-6 large-3\"  >\n\t\t\t\t<div class=\"col-inner text-center\"  >\n\t\t\t\n\t\t\t\n\n\n\t\t<div class=\"icon-box featured-box icon-box-top text-left\"  >\n\t\t\t\t\t<div class=\"icon-box-img\" style=\"width: 90px\">\n\t\t\t\t<div class=\"icon\">\n\t\t\t\t\t<div class=\"icon-inner\" >\n\t\t\t\t\t\t<img loading=\"lazy\" decoding=\"async\" width=\"200\" height=\"200\" src=\"https:\/\/i0.wp.com\/aiviouvapes.com\/wp-content\/uploads\/2024\/08\/delivery-truck-1-1.png?fit=200%2C200&amp;ssl=1\" class=\"attachment-medium size-medium\" alt=\"Dlaczego warto wybra\u0107 AIVIOUVAPES\" srcset=\"https:\/\/i0.wp.com\/aiviouvapes.com\/wp-content\/uploads\/2024\/08\/delivery-truck-1-1.png?w=200&amp;ssl=1 200w, https:\/\/i0.wp.com\/aiviouvapes.com\/wp-content\/uploads\/2024\/08\/delivery-truck-1-1.png?resize=150%2C150&amp;ssl=1 150w, https:\/\/i0.wp.com\/aiviouvapes.com\/wp-content\/uploads\/2024\/08\/delivery-truck-1-1.png?resize=12%2C12&amp;ssl=1 12w, https:\/\/i0.wp.com\/aiviouvapes.com\/wp-content\/uploads\/2024\/08\/delivery-truck-1-1.png?resize=100%2C100&amp;ssl=1 100w\" sizes=\"auto, (max-width: 200px) 100vw, 200px\" title=\"\">\t\t\t\t\t<\/div>\n\t\t\t\t<\/div>\n\t\t\t<\/div>\n\t\t\t\t<div class=\"icon-box-text last-reset\">\n\t\t\t\t\t\t\t\t\t\n\n\t<div id=\"text-2359466631\" class=\"text\">\n\t\t\n\n<h3 style=\"text-align: center;\">Szybka wysy\u0142ka na ca\u0142y \u015bwiat<\/h3>\n<p style=\"text-align: center;\">Dostarczamy przesy\u0142ki na ca\u0142y \u015bwiat, gwarantuj\u0105c odpraw\u0119 celn\u0105, co zapewnia bezproblemow\u0105 realizacj\u0119 zam\u00f3wienia.<\/p>\n\t\t\n<style>\n#text-2359466631 {\n  font-size: 0.9rem;\n}\n<\/style>\n\t<\/div>\n\t\n\n\t\t<\/div>\n\t<\/div>\n\t\n\t\n\n\t\t<\/div>\n\t\t\t\t\t<\/div>\n\n\t\n\n\t<div id=\"col-1739724323\" class=\"col medium-3 small-6 large-3\"  >\n\t\t\t\t<div class=\"col-inner text-center\"  >\n\t\t\t\n\t\t\t\n\n\n\t\t<div class=\"icon-box featured-box icon-box-top text-left\"  >\n\t\t\t\t\t<div class=\"icon-box-img\" style=\"width: 90px\">\n\t\t\t\t<div class=\"icon\">\n\t\t\t\t\t<div class=\"icon-inner\" >\n\t\t\t\t\t\t<img loading=\"lazy\" decoding=\"async\" width=\"200\" height=\"200\" src=\"https:\/\/i0.wp.com\/aiviouvapes.com\/wp-content\/uploads\/2024\/08\/support-1-1.png?fit=200%2C200&amp;ssl=1\" class=\"attachment-medium size-medium\" alt=\"Dlaczego warto wybra\u0107 AIVIOUVAPES\" srcset=\"https:\/\/i0.wp.com\/aiviouvapes.com\/wp-content\/uploads\/2024\/08\/support-1-1.png?w=200&amp;ssl=1 200w, https:\/\/i0.wp.com\/aiviouvapes.com\/wp-content\/uploads\/2024\/08\/support-1-1.png?resize=150%2C150&amp;ssl=1 150w, https:\/\/i0.wp.com\/aiviouvapes.com\/wp-content\/uploads\/2024\/08\/support-1-1.png?resize=12%2C12&amp;ssl=1 12w, https:\/\/i0.wp.com\/aiviouvapes.com\/wp-content\/uploads\/2024\/08\/support-1-1.png?resize=100%2C100&amp;ssl=1 100w\" sizes=\"auto, (max-width: 200px) 100vw, 200px\" title=\"\">\t\t\t\t\t<\/div>\n\t\t\t\t<\/div>\n\t\t\t<\/div>\n\t\t\t\t<div class=\"icon-box-text last-reset\">\n\t\t\t\t\t\t\t\t\t\n\n\t<div id=\"text-3468438526\" class=\"text\">\n\t\t\n\n<h3 style=\"text-align: center;\">Pomoc ca\u0142odobowa<\/h3>\n<p style=\"text-align: center;\">Mo\u017cesz skontaktowa\u0107 si\u0119 z naszym zespo\u0142em wsparcia o ka\u017cdej porze, 24 godziny na dob\u0119, 7 dni w tygodniu, za po\u015brednictwem WhatsApp lub poczty e-mail.<\/p>\n\t\t\n<style>\n#text-3468438526 {\n  font-size: 0.9rem;\n}\n<\/style>\n\t<\/div>\n\t\n\n\t\t<\/div>\n\t<\/div>\n\t\n\t\n\n\t\t<\/div>\n\t\t\t\t\t<\/div>\n\n\t\n\n<\/div>\n<div class=\"row row-full-width align-middle\"  id=\"row-1924561522\">\n\n\n\t<div id=\"col-857309207\" class=\"col medium-6 small-12 large-6\"  >\n\t\t\t\t<div class=\"col-inner\"  >\n\t\t\t\n\t\t\t\n\n\t<div class=\"img has-hover x md-x lg-x y md-y lg-y\" id=\"image_2063987352\">\n\t\t\t\t\t\t\t\t<div class=\"img-inner dark\" >\n\t\t\t<img loading=\"lazy\" decoding=\"async\" width=\"930\" height=\"1024\" src=\"https:\/\/i0.wp.com\/aiviouvapes.com\/wp-content\/uploads\/2024\/08\/%E6%8B%BC%E5%9B%BE.jpg?fit=930%2C1024&amp;ssl=1\" class=\"attachment-large size-large\" alt=\"Dlaczego warto wybra\u0107 AIVIOUVAPES\" title=\"\">\t\t\t\t\t\t\n\t\t\t\t\t<\/div>\n\t\t\t\t\t\t\t\t\n<style>\n#image_2063987352 {\n  width: 100%;\n}\n<\/style>\n\t<\/div>\n\t\n\n\n\t\t<\/div>\n\t\t\t\t\t<\/div>\n\n\t\n\n\t<div id=\"col-2146810533\" class=\"col medium-6 small-12 large-6\"  >\n\t\t\t\t<div class=\"col-inner\"  >\n\t\t\t\n\t\t\t\n\n<div class=\"container section-title-container\" ><h4 class=\"section-title section-title-normal\"><b aria-hidden=\"true\"><\/b><span class=\"section-title-main\" style=\"font-size:91%;\">Nasze zalety<\/span><b aria-hidden=\"true\"><\/b><\/h4><\/div>\n\n<div class=\"accordion\">\n\n\t<div id=\"accordion-721510990\" class=\"accordion-item\">\n\t\t<a id=\"accordion-721510990-label\" class=\"accordion-title plain\" href=\"#accordion-item-commitment-to-quality\" aria-expanded=\"false\" aria-controls=\"accordion-721510990-content\">\n\t\t\t<button class=\"toggle\" aria-label=\"Prze\u0142\u0105cznik\"><i class=\"icon-angle-down\" aria-hidden=\"true\"><\/i><\/button>\n\t\t\t<span>Zaanga\u017cowanie w jako\u015b\u0107<\/span>\n\t\t<\/a>\n\t\t<div id=\"accordion-721510990-content\" class=\"accordion-inner\" aria-labelledby=\"accordion-721510990-label\">\n\t\t\t\n\n<p>Przy <a href=\"https:\/\/aiviouvapes.com\/pl\/\">AiviouVape<\/a>, jako\u015b\u0107 nap\u0119dza wszystko, co robimy. Nasze jednorazowe waporyzatory s\u0105 starannie wykonane i rygorystycznie testowane, aby spe\u0142nia\u0107 najwy\u017csze standardy, zapewniaj\u0105c p\u0142ynne, niezawodne wra\u017cenia z wapowania za ka\u017cdym razem. Dzi\u0119ki naszemu zaanga\u017cowaniu w zerow\u0105 liczb\u0119 wad i zerow\u0105 liczb\u0119 reklamacji mo\u017cesz by\u0107 pewien, \u017ce otrzymujesz to, co najlepsze.<\/p>\n\n\t\t<\/div>\n\t<\/div>\n\t\n\t<div id=\"accordion-792277470\" class=\"accordion-item\">\n\t\t<a id=\"accordion-792277470-label\" class=\"accordion-title plain\" href=\"#accordion-item-diverse-range-of-products\" aria-expanded=\"false\" aria-controls=\"accordion-792277470-content\">\n\t\t\t<button class=\"toggle\" aria-label=\"Prze\u0142\u0105cznik\"><i class=\"icon-angle-down\" aria-hidden=\"true\"><\/i><\/button>\n\t\t\t<span>Zr\u00f3\u017cnicowany zakres produkt\u00f3w<\/span>\n\t\t<\/a>\n\t\t<div id=\"accordion-792277470-content\" class=\"accordion-inner\" aria-labelledby=\"accordion-792277470-label\">\n\t\t\t\n\n<p>Jeste\u015bmy dumni z oferowania szerokiej gamy wysokiej jako\u015bci waporyzator\u00f3w jednorazowych, kt\u00f3re zaspokoj\u0105 ka\u017cde preferencje. Od najnowszych innowacji po d\u0142ugoletnich ulubie\u0144c\u00f3w fan\u00f3w, nasz wyb\u00f3r obejmuje zaufane marki, takie jak Waspe, Vapme, RandM Tornado, Bang Box, ELF Box i Bang King. Niezale\u017cnie od tego, czy szukasz odwa\u017cnych smak\u00f3w Vapme, czy eleganckiego designu RandM Tornado, nasza kolekcja zosta\u0142a stworzona, aby pom\u00f3c Ci odkry\u0107 idealny waporyzator pasuj\u0105cy do Twojego gustu i stylu \u017cycia.<\/p>\n\n\n\t\t<\/div>\n\t<\/div>\n\t\n\t<div id=\"accordion-1220305597\" class=\"accordion-item\">\n\t\t<a id=\"accordion-1220305597-label\" class=\"accordion-title plain\" href=\"#accordion-item-wholesale-and-retail-solutions\" aria-expanded=\"false\" aria-controls=\"accordion-1220305597-content\">\n\t\t\t<button class=\"toggle\" aria-label=\"Prze\u0142\u0105cznik\"><i class=\"icon-angle-down\" aria-hidden=\"true\"><\/i><\/button>\n\t\t\t<span>Rozwi\u0105zania hurtowe i detaliczne<\/span>\n\t\t<\/a>\n\t\t<div id=\"accordion-1220305597-content\" class=\"accordion-inner\" aria-labelledby=\"accordion-1220305597-label\">\n\t\t\t\n\n<p>AiviouVape spe\u0142nia wymagania zar\u00f3wno klient\u00f3w detalicznych, jak i hurtowych, dostarczaj\u0105c wyj\u0105tkowe produkty i us\u0142ugi za ka\u017cdym razem. Je\u015bli jeste\u015b u nas nowy, zalecamy rozpocz\u0119cie od ma\u0142ej partii, aby do\u015bwiadczy\u0107 naszej jako\u015bci z pierwszej r\u0119ki. Dzi\u0119ki konkurencyjnym cenom i najwy\u017cszym standardom jeste\u015bmy zaufanym wyborem w bran\u017cy jednorazowych waporyzator\u00f3w.\u00a0<\/p>\n\n\t\t<\/div>\n\t<\/div>\n\t\n\t<div id=\"accordion-2167102520\" class=\"accordion-item\">\n\t\t<a id=\"accordion-2167102520-label\" class=\"accordion-title plain\" href=\"#accordion-item-continuous-improvement\" aria-expanded=\"false\" aria-controls=\"accordion-2167102520-content\">\n\t\t\t<button class=\"toggle\" aria-label=\"Prze\u0142\u0105cznik\"><i class=\"icon-angle-down\" aria-hidden=\"true\"><\/i><\/button>\n\t\t\t<span>Ci\u0105g\u0142e doskonalenie<\/span>\n\t\t<\/a>\n\t\t<div id=\"accordion-2167102520-content\" class=\"accordion-inner\" aria-labelledby=\"accordion-2167102520-label\">\n\t\t\t\n\n<p>To, co wyr\u00f3\u017cnia AiviouVape, to nasze oddanie wyj\u0105tkowej obs\u0142udze klienta. Niezale\u017cnie od tego, czy potrzebujesz porady przed zakupem, czy pomocy przy zam\u00f3wieniu, nasz zesp\u00f3\u0142 jest zawsze dost\u0119pny za po\u015brednictwem WhatsApp lub poczty e-mail. Staramy si\u0119 budowa\u0107 trwa\u0142e relacje z naszymi klientami, zapewniaj\u0105c satysfakcj\u0119 na ka\u017cdym etapie.<\/p>\n\n\t\t<\/div>\n\t<\/div>\n\t\n\t<div id=\"accordion-1986456393\" class=\"accordion-item\">\n\t\t<a id=\"accordion-1986456393-label\" class=\"accordion-title plain\" href=\"#accordion-item-quality-assurance\" aria-expanded=\"false\" aria-controls=\"accordion-1986456393-content\">\n\t\t\t<button class=\"toggle\" aria-label=\"Prze\u0142\u0105cznik\"><i class=\"icon-angle-down\" aria-hidden=\"true\"><\/i><\/button>\n\t\t\t<span>Zapewnienie jako\u015bci<\/span>\n\t\t<\/a>\n\t\t<div id=\"accordion-1986456393-content\" class=\"accordion-inner\" aria-labelledby=\"accordion-1986456393-label\">\n\t\t\t\n\n<p>Na ka\u017cdym etapie \u2014 rozwoju produktu, produkcji, marketingu i dystrybucji \u2014 nasze zaanga\u017cowanie w jako\u015b\u0107 nigdy nie s\u0142abnie. Nasze jednorazowe waporyzatory przechodz\u0105 rygorystyczne testy, aby upewni\u0107 si\u0119, \u017ce s\u0105 nietoksyczne, czyste i zapewniaj\u0105 wyj\u0105tkowy smak. To zaanga\u017cowanie w doskona\u0142o\u015b\u0107 stanowi kr\u0119gos\u0142up naszej kultury korporacyjnej.<\/p>\n\n\t\t<\/div>\n\t<\/div>\n\t\n\t<div id=\"accordion-2450357072\" class=\"accordion-item\">\n\t\t<a id=\"accordion-2450357072-label\" class=\"accordion-title plain\" href=\"#accordion-item-efficient-logistics-and-delivery\" aria-expanded=\"false\" aria-controls=\"accordion-2450357072-content\">\n\t\t\t<button class=\"toggle\" aria-label=\"Prze\u0142\u0105cznik\"><i class=\"icon-angle-down\" aria-hidden=\"true\"><\/i><\/button>\n\t\t\t<span>Wydajna logistyka i dostawa<\/span>\n\t\t<\/a>\n\t\t<div id=\"accordion-2450357072-content\" class=\"accordion-inner\" aria-labelledby=\"accordion-2450357072-label\">\n\t\t\t\n\n<p>AiviouVape zapewnia wydajn\u0105 logistyk\u0119 i dostaw\u0119, w tym us\u0142ugi DDP (Delivered Duty Paid), zapewniaj\u0105c bezproblemow\u0105 odpraw\u0119 celn\u0105 bez \u017cadnych op\u0142at ani podatk\u00f3w. Dzi\u0119ki szybkiej dostawie i wyj\u0105tkowej obs\u0142udze klienta oferujemy p\u0142ynne i niezawodne do\u015bwiadczenie, co czyni nas zaufanym partnerem w bran\u017cy.<\/p>\n\n\t\t<\/div>\n\t<\/div>\n\t\n\t<div id=\"accordion-2394990250\" class=\"accordion-item\">\n\t\t<a id=\"accordion-2394990250-label\" class=\"accordion-title plain\" href=\"#accordion-item-odm-and-oem-services\" aria-expanded=\"false\" aria-controls=\"accordion-2394990250-content\">\n\t\t\t<button class=\"toggle\" aria-label=\"Prze\u0142\u0105cznik\"><i class=\"icon-angle-down\" aria-hidden=\"true\"><\/i><\/button>\n\t\t\t<span>Us\u0142ugi ODM i OEM<\/span>\n\t\t<\/a>\n\t\t<div id=\"accordion-2394990250-content\" class=\"accordion-inner\" aria-labelledby=\"accordion-2394990250-label\">\n\t\t\t\n\n<p>AiviouVapes oferuje pe\u0142ne us\u0142ugi ODM (Original Design Manufacturing) i OEM (Original Equipment Manufacturing). Dzi\u0119ki dw\u00f3m du\u017cym zak\u0142adom pomagamy klientom projektowa\u0107 wyj\u0105tkowe produkty i przyci\u0105gaj\u0105ce wzrok loga do opakowa\u0144. Zapewniamy r\u00f3wnie\u017c bezp\u0142atne wskaz\u00f3wki dotycz\u0105ce projektowania opakowa\u0144 i wspieramy klient\u00f3w, kt\u00f3rzy sami pakuj\u0105 swoje produkty, zapewniaj\u0105c, \u017ce ich marka wyr\u00f3\u017cnia si\u0119 na rynku.<\/p>\n\n\t\t<\/div>\n\t<\/div>\n\t\n\n<\/div>\n\n\t\t<\/div>\n\t\t\t\t\t<\/div>\n\n\t\n\n<\/div>","protected":false},"excerpt":{"rendered":"<p>Bang Vape 20000 Puffs oferuje do 20 000 zaci\u0105gni\u0119\u0107, pojemno\u015b\u0107 25 ml e-liquidu i szybkie \u0142adowanie typu C. Dzi\u0119ki grza\u0142ce mesh 0,8\u03a9 i konfigurowalnym mocom nikotyny zapewnia najwy\u017cszej jako\u015bci, d\u0142ugotrwa\u0142e i pe\u0142ne smaku wra\u017cenia z wapowania. Idealny dla sprzedawc\u00f3w detalicznych i hurtowych.<\/p>","protected":false},"featured_media":2732,"comment_status":"open","ping_status":"closed","template":"","meta":[],"product_brand":[239],"product_cat":[37,129,90,117,81,76,134,135,133,136,137,146,138,139,140,141,142,143,144,145,79,132,82],"product_tag":[],"class_list":{"0":"post-2719","1":"product","2":"type-product","3":"status-publish","4":"has-post-thumbnail","6":"product_brand-bang","7":"product_cat-bang","8":"product_cat-20000-puffs-disposable-vape","9":"product_cat-big-puffs-vapes","10":"product_cat-different-puffs-of-diposable-vapes","11":"product_cat-digital-box-vapes","12":"product_cat-disposable-vape-types","13":"product_cat-disposable-vapes-in-austria","14":"product_cat-disposable-vapes-in-belgium","15":"product_cat-disposable-vapes-in-europe","16":"product_cat-disposable-vapes-in-france","17":"product_cat-disposable-vapes-in-germany","18":"product_cat-disposable-vapes-in-hungary","19":"product_cat-disposable-vapes-in-ltaly","20":"product_cat-disposable-vapes-in-netherlands","21":"product_cat-disposable-vapes-in-norway","22":"product_cat-disposable-vapes-in-poland","23":"product_cat-disposable-vapes-in-portugal","24":"product_cat-disposable-vapes-in-spain","25":"product_cat-disposable-vapes-in-sweden","26":"product_cat-disposable-vapes-in-switzerland","27":"product_cat-dual-mesh-vapes","28":"product_cat-rechargeable-vapes","29":"product_cat-smart-screen-vapes","31":"first","32":"instock","33":"shipping-taxable","34":"purchasable","35":"product-type-variable","36":"has-default-attributes"},"jetpack_sharing_enabled":true,"tiered_pricing_type":"fixed","tiered_pricing_fixed_rules":{"30":7.2599999999999997868371792719699442386627197265625,"50":6.3499999999999996447286321199499070644378662109375,"100":5.57000000000000028421709430404007434844970703125,"200":5.30999999999999960920149533194489777088165283203125,"400":4.730000000000000426325641456060111522674560546875},"tiered_pricing_product_settings":{"layout":"default","base_unit_name":{"singular":null,"plural":null},"default_variation":null},"tiered_pricing_minimum_quantity":10,"tiered_pricing_roles_data":[],"tiered_pricing_percentage_rules":[],"tiered_pricing_maximum_quantity":null,"tiered_pricing_quantity_step":"10","_links":{"self":[{"href":"https:\/\/aiviouvapes.com\/pl\/wp-json\/wp\/v2\/product\/2719","targetHints":{"allow":["GET"]}}],"collection":[{"href":"https:\/\/aiviouvapes.com\/pl\/wp-json\/wp\/v2\/product"}],"about":[{"href":"https:\/\/aiviouvapes.com\/pl\/wp-json\/wp\/v2\/types\/product"}],"replies":[{"embeddable":true,"href":"https:\/\/aiviouvapes.com\/pl\/wp-json\/wp\/v2\/comments?post=2719"}],"wp:featuredmedia":[{"embeddable":true,"href":"https:\/\/aiviouvapes.com\/pl\/wp-json\/wp\/v2\/media\/2732"}],"wp:attachment":[{"href":"https:\/\/aiviouvapes.com\/pl\/wp-json\/wp\/v2\/media?parent=2719"}],"wp:term":[{"taxonomy":"product_brand","embeddable":true,"href":"https:\/\/aiviouvapes.com\/pl\/wp-json\/wp\/v2\/product_brand?post=2719"},{"taxonomy":"product_cat","embeddable":true,"href":"https:\/\/aiviouvapes.com\/pl\/wp-json\/wp\/v2\/product_cat?post=2719"},{"taxonomy":"product_tag","embeddable":true,"href":"https:\/\/aiviouvapes.com\/pl\/wp-json\/wp\/v2\/product_tag?post=2719"}],"curies":[{"name":"wp","href":"https:\/\/api.w.org\/{rel}","templated":true}]}}