{"id":24616,"date":"2024-11-09T14:42:54","date_gmt":"2024-11-09T06:42:54","guid":{"rendered":"https:\/\/aiviouvapes.com\/?post_type=product&#038;p=24616"},"modified":"2025-12-30T17:14:46","modified_gmt":"2025-12-30T09:14:46","slug":"mrvi-winning-30k-puffs-2-5-nicotine-rechargeable-bulk-buy-disposable-vape-wholesale","status":"publish","type":"product","link":"https:\/\/aiviouvapes.com\/pl\/product\/mrvi-winning-30k-puffs-2-5-nicotine-rechargeable-bulk-buy-disposable-vape-wholesale\/","title":{"rendered":"MRVI WINNING 30000 Puffs | 2%-5% nikotyna, 35mL, 800mAh, vape jednorazowe luzem"},"content":{"rendered":"<p><iframe title=\"Odtwarzacz wideo VideoPress\" aria-label='Odtwarzacz wideo VideoPress' width='1020' height='574' src='https:\/\/videopress.com\/embed\/13e6MPsk?hd=0&amp;cover=1' frameborder='0' allowfullscreen allow='clipboard-write'><\/iframe><script src='https:\/\/v0.wordpress.com\/js\/next\/videopress-iframe.js?m=1739540970'><\/script><\/p>\n<h2><strong>MRVI WINNING 30K - 30 000 puff\u00f3w jednorazowego u\u017cytku Vape<\/strong><\/h2>\n<p>Jednorazowy waporyzator MRVI WINNING 30K zosta\u0142 zaprojektowany z my\u015bl\u0105 o niezr\u00f3wnanym do\u015bwiadczeniu waporyzacji, zapewniaj\u0105c do 30 000 zaci\u0105gni\u0119\u0107. Zaawansowana technologia zapewnia d\u0142ugotrwa\u0142e cieszenie si\u0119 smakiem, dzi\u0119ki czemu jest idealny zar\u00f3wno dla oddanych vaper\u00f3w, jak i nowicjuszy.<\/p>\n<p>Zaprojektowany z du\u017c\u0105 pojemno\u015bci\u0105 35 ml e-liquidu i bateri\u0105 800 mAh, MRVI WINNING 30K obiecuje p\u0142ynn\u0105, nieprzerwan\u0105 przyjemno\u015b\u0107 z waporyzacji. To eleganckie, przeno\u015bne urz\u0105dzenie z \u0142atwo\u015bci\u0105 mie\u015bci si\u0119 w kieszeni, dzi\u0119ki czemu idealnie nadaje si\u0119 do u\u017cytku domowego lub waporyzacji w podr\u00f3\u017cy.<\/p>\n<p>Wyposa\u017cony w wysokiej jako\u015bci cewk\u0119 siatkow\u0105, MRVI WINNING 30K zapewnia intensywny, satysfakcjonuj\u0105cy smak przy ka\u017cdym zaci\u0105gni\u0119ciu. Dostosuj swoje wra\u017cenia dzi\u0119ki dw\u00f3m opcjom mocy nikotyny - 2% i 5% - i ciesz si\u0119 wygod\u0105 szybkiego \u0142adowania przez port typu C, aby zminimalizowa\u0107 przestoje mi\u0119dzy sesjami.<\/p>\n<h3>MRVI WINNING 30000 Puff Najwa\u017cniejsze cechy produktu:<\/h3>\n<ul>\n<li><strong>Liczba zaci\u0105gni\u0119\u0107:<\/strong> Do 30 000 zaci\u0105gni\u0119\u0107 dla d\u0142u\u017cszych sesji waporyzacji<\/li>\n<li><strong>Pojemno\u015b\u0107 e-liquidu:<\/strong> 35 ml dla mniejszej liczby uzupe\u0142nie\u0144 i d\u0142u\u017cszego czasu waporyzacji<\/li>\n<li><strong>Pojemno\u015b\u0107 akumulatora:<\/strong> 800 mAh dla d\u0142ugotrwa\u0142ej wydajno\u015bci<\/li>\n<li><strong>Moc nikotyny:<\/strong> Wybierz mi\u0119dzy 2% i 5%, aby dopasowa\u0107 je do swoich preferencji<\/li>\n<li><strong>Port \u0142adowania:<\/strong> Szybkie \u0142adowanie typu C dla szybkiego \u0142adowania<\/li>\n<li><strong>Technologia cewki siatkowej:<\/strong> G\u0142adka, sp\u00f3jna para o lepszej jako\u015bci smaku<\/li>\n<\/ul>\n<h3>MRVI WINNING 30000 Puff Dost\u0119pne smaki:<\/h3>\n<p>Blueberry Watermelon, Cherry Lemon, Blue Razz Ice, Mixed Berries, Strawberry Ice, Watermelon Ice, Juicy Peach, Pineapple Mango, Grape Ice, Sour Apple.<\/p>\n<p>Odkryj ekscytuj\u0105c\u0105 gam\u0119 smak\u00f3w, kt\u00f3re zaspokoj\u0105 ka\u017cde podniebienie, od owocowych faworyt\u00f3w, takich jak Blueberry Watermelon i Juicy Peach, po lodowe opcje, takie jak Strawberry Ice i Grape Ice. Ka\u017cdy smak jest starannie opracowany, aby zapewni\u0107 bogate i przyjemne doznania.<\/p>\n<h3>MRVI ZWYCI\u0118ZCA 30000 Puff Mo\u017cliwo\u015b\u0107 zakupu hurtowego i indywidualnego:<\/h3>\n<p>MRVI WINNING 30000 Puff to idealny wyb\u00f3r dla ka\u017cdego, kto szuka d\u0142ugowieczno\u015bci, jako\u015bci i szerokiego wyboru smak\u00f3w. Oferuj\u0105c do 30 000 zaci\u0105gni\u0119\u0107, szybkie \u0142adowanie typu C i niezawodn\u0105 wydajno\u015b\u0107, ten wysokiej jako\u015bci vape zapewnia wyj\u0105tkow\u0105 warto\u015b\u0107 i niezapomniane wra\u017cenia, niezale\u017cnie od tego, czy kupujesz hurtowo dla biznesu, czy kupujesz indywidualnie dla osobistej przyjemno\u015bci.<\/p>\n<h4>MRVI WINNING 30 tys. zaci\u0105gni\u0119\u0107 | 2% 5% nikotyna, 35 ml e-liquidu, grza\u0142ka typu mesh, bateria 800 mAh, akumulator typu C, do 30 000 zaci\u0105gni\u0119\u0107, hurtowy zakup jednorazowego waporyzatora<\/h4>\n<p><img data-recalc-dims=\"1\" loading=\"lazy\" decoding=\"async\" class=\"alignnone size-full wp-image-24620\" title=\"MRVI WINNING 30K Puffs 2% 5% Akumulator nikotynowy Bulk Buy Jednorazowe Vape Hurtownia\" src=\"https:\/\/i0.wp.com\/aiviouvapes.com\/wp-content\/uploads\/2024\/11\/%E5%BE%AE%E4%BF%A1%E5%9B%BE%E7%89%87_20240924171847.jpg?resize=1020%2C1020&#038;ssl=1\" alt=\"MRVI WINNING 30K Puffs 2% 5% Akumulator nikotynowy Bulk Buy Jednorazowe Vape Hurtownia\" width=\"1020\" height=\"1020\" srcset=\"https:\/\/i0.wp.com\/aiviouvapes.com\/wp-content\/uploads\/2024\/11\/%E5%BE%AE%E4%BF%A1%E5%9B%BE%E7%89%87_20240924171847.jpg?w=1600&amp;ssl=1 1600w, https:\/\/i0.wp.com\/aiviouvapes.com\/wp-content\/uploads\/2024\/11\/%E5%BE%AE%E4%BF%A1%E5%9B%BE%E7%89%87_20240924171847.jpg?resize=300%2C300&amp;ssl=1 300w, https:\/\/i0.wp.com\/aiviouvapes.com\/wp-content\/uploads\/2024\/11\/%E5%BE%AE%E4%BF%A1%E5%9B%BE%E7%89%87_20240924171847.jpg?resize=1024%2C1024&amp;ssl=1 1024w, https:\/\/i0.wp.com\/aiviouvapes.com\/wp-content\/uploads\/2024\/11\/%E5%BE%AE%E4%BF%A1%E5%9B%BE%E7%89%87_20240924171847.jpg?resize=150%2C150&amp;ssl=1 150w, https:\/\/i0.wp.com\/aiviouvapes.com\/wp-content\/uploads\/2024\/11\/%E5%BE%AE%E4%BF%A1%E5%9B%BE%E7%89%87_20240924171847.jpg?resize=768%2C768&amp;ssl=1 768w, https:\/\/i0.wp.com\/aiviouvapes.com\/wp-content\/uploads\/2024\/11\/%E5%BE%AE%E4%BF%A1%E5%9B%BE%E7%89%87_20240924171847.jpg?resize=1536%2C1536&amp;ssl=1 1536w, https:\/\/i0.wp.com\/aiviouvapes.com\/wp-content\/uploads\/2024\/11\/%E5%BE%AE%E4%BF%A1%E5%9B%BE%E7%89%87_20240924171847.jpg?resize=12%2C12&amp;ssl=1 12w, https:\/\/i0.wp.com\/aiviouvapes.com\/wp-content\/uploads\/2024\/11\/%E5%BE%AE%E4%BF%A1%E5%9B%BE%E7%89%87_20240924171847.jpg?resize=800%2C800&amp;ssl=1 800w, https:\/\/i0.wp.com\/aiviouvapes.com\/wp-content\/uploads\/2024\/11\/%E5%BE%AE%E4%BF%A1%E5%9B%BE%E7%89%87_20240924171847.jpg?resize=100%2C100&amp;ssl=1 100w\" sizes=\"auto, (max-width: 1020px) 100vw, 1020px\" \/><\/p>\n<p>&nbsp;<\/p>","protected":false},"excerpt":{"rendered":"<p>MRVI WINNING 30K Disposable Vape oferuje do 30 000 zaci\u0105gni\u0119\u0107 z pojemno\u015bci\u0105 35 ml e-liquidu i bateri\u0105 800 mAh dla przed\u0142u\u017conego, p\u0142ynnego wapowania. Wyposa\u017cony w cewk\u0119 siatkow\u0105, szybkie \u0142adowanie typu C i r\u00f3\u017cnorodne smaki, jest idealny zar\u00f3wno dla okazjonalnych, jak i do\u015bwiadczonych waper\u00f3w.<\/p>","protected":false},"featured_media":24621,"comment_status":"open","ping_status":"closed","template":"","meta":[],"product_brand":[229],"product_cat":[33,131,320,90,117,81,76,134,135,133,136,137,146,138,139,140,141,142,143,144,145,79,132,82],"product_tag":[],"class_list":{"0":"post-24616","1":"product","2":"type-product","3":"status-publish","4":"has-post-thumbnail","6":"product_brand-mrvi","7":"product_cat-mrvi","8":"product_cat-30000-puffs-disposable-vape","9":"product_cat-best-disposable-vapes","10":"product_cat-big-puffs-vapes","11":"product_cat-different-puffs-of-diposable-vapes","12":"product_cat-digital-box-vapes","13":"product_cat-disposable-vape-types","14":"product_cat-disposable-vapes-in-austria","15":"product_cat-disposable-vapes-in-belgium","16":"product_cat-disposable-vapes-in-europe","17":"product_cat-disposable-vapes-in-france","18":"product_cat-disposable-vapes-in-germany","19":"product_cat-disposable-vapes-in-hungary","20":"product_cat-disposable-vapes-in-ltaly","21":"product_cat-disposable-vapes-in-netherlands","22":"product_cat-disposable-vapes-in-norway","23":"product_cat-disposable-vapes-in-poland","24":"product_cat-disposable-vapes-in-portugal","25":"product_cat-disposable-vapes-in-spain","26":"product_cat-disposable-vapes-in-sweden","27":"product_cat-disposable-vapes-in-switzerland","28":"product_cat-dual-mesh-vapes","29":"product_cat-rechargeable-vapes","30":"product_cat-smart-screen-vapes","32":"first","33":"instock","34":"shipping-taxable","35":"purchasable","36":"product-type-variable","37":"has-default-attributes"},"jetpack_sharing_enabled":true,"tiered_pricing_type":"fixed","tiered_pricing_fixed_rules":[],"tiered_pricing_product_settings":{"layout":"default","base_unit_name":{"singular":null,"plural":null},"default_variation":null},"tiered_pricing_minimum_quantity":1000,"tiered_pricing_roles_data":[],"tiered_pricing_percentage_rules":[],"tiered_pricing_maximum_quantity":null,"tiered_pricing_quantity_step":"10","_links":{"self":[{"href":"https:\/\/aiviouvapes.com\/pl\/wp-json\/wp\/v2\/product\/24616","targetHints":{"allow":["GET"]}}],"collection":[{"href":"https:\/\/aiviouvapes.com\/pl\/wp-json\/wp\/v2\/product"}],"about":[{"href":"https:\/\/aiviouvapes.com\/pl\/wp-json\/wp\/v2\/types\/product"}],"replies":[{"embeddable":true,"href":"https:\/\/aiviouvapes.com\/pl\/wp-json\/wp\/v2\/comments?post=24616"}],"wp:featuredmedia":[{"embeddable":true,"href":"https:\/\/aiviouvapes.com\/pl\/wp-json\/wp\/v2\/media\/24621"}],"wp:attachment":[{"href":"https:\/\/aiviouvapes.com\/pl\/wp-json\/wp\/v2\/media?parent=24616"}],"wp:term":[{"taxonomy":"product_brand","embeddable":true,"href":"https:\/\/aiviouvapes.com\/pl\/wp-json\/wp\/v2\/product_brand?post=24616"},{"taxonomy":"product_cat","embeddable":true,"href":"https:\/\/aiviouvapes.com\/pl\/wp-json\/wp\/v2\/product_cat?post=24616"},{"taxonomy":"product_tag","embeddable":true,"href":"https:\/\/aiviouvapes.com\/pl\/wp-json\/wp\/v2\/product_tag?post=24616"}],"curies":[{"name":"wp","href":"https:\/\/api.w.org\/{rel}","templated":true}]}}