{"id":1930,"date":"2024-08-17T13:59:27","date_gmt":"2024-08-17T05:59:27","guid":{"rendered":"https:\/\/aiviouvapes.com\/?post_type=product&#038;p=1930"},"modified":"2025-11-13T14:36:22","modified_gmt":"2025-11-13T06:36:22","slug":"elf-box-shisha-16000-disposable-wholesale","status":"publish","type":"product","link":"https:\/\/aiviouvapes.com\/pl\/product\/elf-box-shisha-16000-disposable-wholesale\/","title":{"rendered":"ELF BOX SHISHA 16000 Puffs | 0%-5% nikotyna, 28mL, 600mAh, wy\u015bwietlacz LED, kontrola przep\u0142ywu powietrza"},"content":{"rendered":"<p><iframe title=\"Odtwarzacz wideo VideoPress\" aria-label='Odtwarzacz wideo VideoPress' width='562' height='1000' src='https:\/\/videopress.com\/embed\/y9kkjdtJ?hd=0&amp;cover=1' frameborder='0' allowfullscreen allow='clipboard-write'><\/iframe><script src='https:\/\/v0.wordpress.com\/js\/next\/videopress-iframe.js?m=1739540970'><\/script><\/p>\n<h2>ELF BOX SHISHA 16000 zaci\u0105gni\u0119\u0107 | 0% 2% 3% 5% nikotyna, 28 ml e-liquidu, bateria 600 mAh, grza\u0142ka siatkowa 0,6 \u03a9, wy\u015bwietlacz LED, regulowany przep\u0142yw powietrza, \u0142adowalny typ C, hurtowy zakup jednorazowych waporyzator\u00f3w<\/h2>\n<h3>ELF BOX SHISHA 16000 Puffs Przegl\u0105d i funkcje<\/h3>\n<p>ELF BOX SHISHA 16000 Puffs zosta\u0142 stworzony, aby zapewni\u0107 niezr\u00f3wnane wra\u017cenia z wapowania dzi\u0119ki zaawansowanym funkcjom i d\u0142u\u017cszemu u\u017cytkowaniu. Dzi\u0119ki imponuj\u0105cym 16 000 zaci\u0105gni\u0119\u0107 i du\u017cej pojemno\u015bci 28 ml e-liquidu, urz\u0105dzenie to zmniejsza potrzeb\u0119 cz\u0119stego uzupe\u0142niania. Zasilane wytrzyma\u0142\u0105 bateri\u0105 600 mAh i wyposa\u017cone w \u0142adowanie typu C, zapewnia szybkie i niezawodne \u0142adowanie. Cewka siatkowa o rezystancji 0,6 \u03a9 zapewnia g\u0142adk\u0105, sp\u00f3jn\u0105 par\u0119, podczas gdy wy\u015bwietlacz LED i regulowany przep\u0142yw powietrza umo\u017cliwiaj\u0105 dostosowanie wra\u017ce\u0144.<\/p>\n<ul>\n<li><strong>Do 16 000 zaci\u0105gni\u0119\u0107<\/strong>:Zapewnia d\u0142u\u017csz\u0105 satysfakcj\u0119 przy mniejszej liczbie przerw.<\/li>\n<li><strong>Pojemno\u015b\u0107 e-liquidu 28 ml<\/strong>: Minimalizuje potrzeb\u0119 uzupe\u0142niania, zapewniaj\u0105c d\u0142ugotrwa\u0142\u0105 przyjemno\u015b\u0107.<\/li>\n<li><strong>Bateria 600 mAh<\/strong>: Zapewnia sta\u0142\u0105 wydajno\u015b\u0107 i szybkie \u0142adowanie przez port typu C.<\/li>\n<li><strong>Siatkowa cewka 0,6\u03a9<\/strong>:Poprawia smak i produkcj\u0119 pary, zapewniaj\u0105c wyj\u0105tkowe doznania.<\/li>\n<li><strong>Wy\u015bwietlacz LED i regulowany przep\u0142yw powietrza<\/strong>:Monitorowanie w czasie rzeczywistym i spersonalizowana kontrola przep\u0142ywu powietrza dla spersonalizowanego wapowania.<\/li>\n<\/ul>\n<h3>ELF BOX SHISHA 16000 smak\u00f3w w magazynie:<\/h3>\n<p>Blue Razz Ice, Strawberry Ice, Peach Ice, Kiwi Passion Fruit, Blackberry Ice, Double Apple, Lush Ice, Grape Ice, Cherry Raspberry, Strawberry Watermelon, Peach Mango Pineapple, Mixed Berries.<\/p>\n<h3>Dlaczego warto wybra\u0107 ELF BOX SHISHA 16000 Puffs?<\/h3>\n<p>ELF BOX SHISHA 16000 Puffs \u0142\u0105czy w sobie du\u017c\u0105 pojemno\u015b\u0107 zaci\u0105gni\u0119\u0107, r\u00f3\u017cnorodne profile smakowe i zaawansowane funkcje, dzi\u0119ki czemu jest najlepszym wyborem dla waper\u00f3w poszukuj\u0105cych jako\u015bci i wygody. Idealny do u\u017cytku w podr\u00f3\u017cy, jego \u0142adowalna konstrukcja i wy\u015bwietlacz LED zwi\u0119kszaj\u0105 u\u017cyteczno\u015b\u0107 i wydajno\u015b\u0107. Dost\u0119pne w hurtowej sprzeda\u017cy hurtowej, to urz\u0105dzenie jest idealne dla sprzedawc\u00f3w detalicznych i dystrybutor\u00f3w, kt\u00f3rzy chc\u0105 sprosta\u0107 wymaganiom klient\u00f3w, oferuj\u0105c produkt premium.<\/p>\n<p>Udoskonal sw\u00f3j asortyment dzi\u0119ki wk\u0142adom ELF BOX SHISHA 16000 Puffs i zapewnij klientom wyj\u0105tkowe wra\u017cenia z wapowania, stawiaj\u0105c na smak, wydajno\u015b\u0107 i satysfakcj\u0119.<\/p>\n<p><a href=\"https:\/\/i0.wp.com\/aiviouvapes.com\/wp-content\/uploads\/2024\/08\/045aa8ed1bb05f3a46cb700b2a048e7.jpg?ssl=1\"><img data-recalc-dims=\"1\" loading=\"lazy\" decoding=\"async\" class=\"alignnone size-full wp-image-7126\" title=\"ELF BOX SHISHA 16000 Puff 28mL E-liquid Regulowany przep\u0142yw powietrza 2% 5% Akumulator nikotynowy Bulk Buy Jednorazowe Vape Wholesale\" src=\"https:\/\/i0.wp.com\/aiviouvapes.com\/wp-content\/uploads\/2024\/08\/045aa8ed1bb05f3a46cb700b2a048e7.jpg?resize=1020%2C1020&#038;ssl=1\" alt=\"ELF BOX SHISHA 16000 Puff 28mL E-liquid Regulowany przep\u0142yw powietrza 2% 5% Akumulator nikotynowy Bulk Buy Jednorazowe Vape Wholesale\" width=\"1020\" height=\"1020\" srcset=\"https:\/\/i0.wp.com\/aiviouvapes.com\/wp-content\/uploads\/2024\/08\/045aa8ed1bb05f3a46cb700b2a048e7.jpg?w=1920&amp;ssl=1 1920w, https:\/\/i0.wp.com\/aiviouvapes.com\/wp-content\/uploads\/2024\/08\/045aa8ed1bb05f3a46cb700b2a048e7.jpg?resize=300%2C300&amp;ssl=1 300w, https:\/\/i0.wp.com\/aiviouvapes.com\/wp-content\/uploads\/2024\/08\/045aa8ed1bb05f3a46cb700b2a048e7.jpg?resize=1024%2C1024&amp;ssl=1 1024w, https:\/\/i0.wp.com\/aiviouvapes.com\/wp-content\/uploads\/2024\/08\/045aa8ed1bb05f3a46cb700b2a048e7.jpg?resize=150%2C150&amp;ssl=1 150w, https:\/\/i0.wp.com\/aiviouvapes.com\/wp-content\/uploads\/2024\/08\/045aa8ed1bb05f3a46cb700b2a048e7.jpg?resize=768%2C768&amp;ssl=1 768w, https:\/\/i0.wp.com\/aiviouvapes.com\/wp-content\/uploads\/2024\/08\/045aa8ed1bb05f3a46cb700b2a048e7.jpg?resize=1536%2C1536&amp;ssl=1 1536w, https:\/\/i0.wp.com\/aiviouvapes.com\/wp-content\/uploads\/2024\/08\/045aa8ed1bb05f3a46cb700b2a048e7.jpg?resize=12%2C12&amp;ssl=1 12w, https:\/\/i0.wp.com\/aiviouvapes.com\/wp-content\/uploads\/2024\/08\/045aa8ed1bb05f3a46cb700b2a048e7.jpg?resize=800%2C800&amp;ssl=1 800w, https:\/\/i0.wp.com\/aiviouvapes.com\/wp-content\/uploads\/2024\/08\/045aa8ed1bb05f3a46cb700b2a048e7.jpg?resize=100%2C100&amp;ssl=1 100w\" sizes=\"auto, (max-width: 1020px) 100vw, 1020px\" \/><\/a><br \/>\n<h3>Dlaczego warto wybra\u0107 AiviouVapes<\/h3>\n<p>Witamy w <a href=\"https:\/\/aiviouvapes.com\/pl\/\">AiviouVapes<\/a> - Zaufane \u017ar\u00f3d\u0142o wysokiej jako\u015bci, przyst\u0119pnych cen <a href=\"https:\/\/aiviouvapes.com\/pl\/shop\/\">hurtowe waporyzatory jednorazowe<\/a> w naprawd\u0119 niskich cenach. Dzi\u0119ki ponad pi\u0119cioletniemu do\u015bwiadczeniu w bran\u017cy vape, z dum\u0105 oferujemy starannie wyselekcjonowany wyb\u00f3r wiod\u0105cych marek, w tym <a href=\"https:\/\/aiviouvapes.com\/pl\/kategoria-produktu\/waspe\/\">WASPE<\/a>, <a href=\"https:\/\/aiviouvapes.com\/pl\/kategoria-produktu\/bang\/\">Bang Vape<\/a>, <a href=\"https:\/\/aiviouvapes.com\/pl\/kategoria-produktu\/vapme-vapes\/\">Vapme<\/a>oraz <a href=\"https:\/\/aiviouvapes.com\/pl\/kategoria-produktu\/mrvi\/\">MRVI<\/a>.<\/p>\n<p>Od urz\u0105dze\u0144 o wysokiej wydajno\u015bci, takich jak <a href=\"https:\/\/aiviouvapes.com\/pl\/produkt\/waspe-4-in-1-100000-puffs\/\">WASPE 100K 4 w 1 Smak<\/a> do odwa\u017cnych faworyt\u00f3w, takich jak <a href=\"https:\/\/aiviouvapes.com\/pl\/produkt\/bang-king-triple-flavors-85000\/\">Bang 85,000 Triple Puff<\/a>a nawet ekscytuj\u0105ce <a class=\"woocommerce-LoopProduct-link woocommerce-loop-product__link\" href=\"https:\/\/aiviouvapes.com\/pl\/produkt\/mystery-vape-blind-box\/\">Tajemnicze jednorazowe pude\u0142ko Vape<\/a>Ka\u017cdy produkt jest wybierany ze wzgl\u0119du na najwy\u017csz\u0105 jako\u015b\u0107 i bezkonkurencyjn\u0105 warto\u015b\u0107. W AiviouVapes b\u0119dziesz cieszy\u0107 si\u0119 doskona\u0142\u0105 obs\u0142ug\u0105, hurtowymi oszcz\u0119dno\u015bciami i kolekcj\u0105 zaprojektowan\u0105 tak, aby pasowa\u0142a do Twoich potrzeb w zakresie waporyzacji.<\/p>\n<div class=\"row row-large row-full-width align-middle\"  id=\"row-1186601008\">\n\n\n\t<div id=\"col-188008891\" class=\"col medium-3 small-6 large-3\"  >\n\t\t\t\t<div class=\"col-inner text-center\"  >\n\t\t\t\n\t\t\t\n\n\n\t\t<div class=\"icon-box featured-box icon-box-top text-left\"  >\n\t\t\t\t\t<div class=\"icon-box-img\" style=\"width: 90px\">\n\t\t\t\t<div class=\"icon\">\n\t\t\t\t\t<div class=\"icon-inner\" >\n\t\t\t\t\t\t<img loading=\"lazy\" decoding=\"async\" width=\"200\" height=\"200\" src=\"https:\/\/i0.wp.com\/aiviouvapes.com\/wp-content\/uploads\/2024\/08\/vape-1-1.png?fit=200%2C200&amp;ssl=1\" class=\"attachment-medium size-medium\" alt=\"Dlaczego warto wybra\u0107 AIVIOUVAPES\" srcset=\"https:\/\/i0.wp.com\/aiviouvapes.com\/wp-content\/uploads\/2024\/08\/vape-1-1.png?w=200&amp;ssl=1 200w, https:\/\/i0.wp.com\/aiviouvapes.com\/wp-content\/uploads\/2024\/08\/vape-1-1.png?resize=150%2C150&amp;ssl=1 150w, https:\/\/i0.wp.com\/aiviouvapes.com\/wp-content\/uploads\/2024\/08\/vape-1-1.png?resize=12%2C12&amp;ssl=1 12w, https:\/\/i0.wp.com\/aiviouvapes.com\/wp-content\/uploads\/2024\/08\/vape-1-1.png?resize=100%2C100&amp;ssl=1 100w\" sizes=\"auto, (max-width: 200px) 100vw, 200px\" title=\"\">\t\t\t\t\t<\/div>\n\t\t\t\t<\/div>\n\t\t\t<\/div>\n\t\t\t\t<div class=\"icon-box-text last-reset\">\n\t\t\t\t\t\t\t\t\t\n\n\t<div id=\"text-546301646\" class=\"text\">\n\t\t\n\n<h3 style=\"text-align: center;\">Szeroka gama produkt\u00f3w Vape<\/h3>\n<p style=\"text-align: center;\">Odkryj nasz\u0105 szerok\u0105 ofert\u0119 produkt\u00f3w, zaprojektowanych tak, aby spe\u0142ni\u0107 wszelkie preferencje.<\/p>\n\t\t\n<style>\n#text-546301646 {\n  font-size: 0.9rem;\n}\n<\/style>\n\t<\/div>\n\t\n\n\t\t<\/div>\n\t<\/div>\n\t\n\t\n\n\t\t<\/div>\n\t\t\t\t\t<\/div>\n\n\t\n\n\t<div id=\"col-1268238839\" class=\"col medium-3 small-6 large-3\"  >\n\t\t\t\t<div class=\"col-inner text-center\"  >\n\t\t\t\n\t\t\t\n\n\n\t\t<div class=\"icon-box featured-box icon-box-top text-left\"  >\n\t\t\t\t\t<div class=\"icon-box-img\" style=\"width: 90px\">\n\t\t\t\t<div class=\"icon\">\n\t\t\t\t\t<div class=\"icon-inner\" >\n\t\t\t\t\t\t<img loading=\"lazy\" decoding=\"async\" width=\"200\" height=\"200\" src=\"https:\/\/i0.wp.com\/aiviouvapes.com\/wp-content\/uploads\/2024\/08\/save-money-1-1-1.png?fit=200%2C200&amp;ssl=1\" class=\"attachment-medium size-medium\" alt=\"Dlaczego warto wybra\u0107 AIVIOUVAPES\" srcset=\"https:\/\/i0.wp.com\/aiviouvapes.com\/wp-content\/uploads\/2024\/08\/save-money-1-1-1.png?w=200&amp;ssl=1 200w, https:\/\/i0.wp.com\/aiviouvapes.com\/wp-content\/uploads\/2024\/08\/save-money-1-1-1.png?resize=150%2C150&amp;ssl=1 150w, https:\/\/i0.wp.com\/aiviouvapes.com\/wp-content\/uploads\/2024\/08\/save-money-1-1-1.png?resize=12%2C12&amp;ssl=1 12w, https:\/\/i0.wp.com\/aiviouvapes.com\/wp-content\/uploads\/2024\/08\/save-money-1-1-1.png?resize=100%2C100&amp;ssl=1 100w\" sizes=\"auto, (max-width: 200px) 100vw, 200px\" title=\"\">\t\t\t\t\t<\/div>\n\t\t\t\t<\/div>\n\t\t\t<\/div>\n\t\t\t\t<div class=\"icon-box-text last-reset\">\n\t\t\t\t\t\t\t\t\t\n\n\t<div id=\"text-1466576845\" class=\"text\">\n\t\t\n\n<h3 style=\"text-align: center;\">Niezr\u00f3wnana warto\u015b\u0107<\/h3>\n<p style=\"text-align: center;\">Ciesz si\u0119 produktami najwy\u017cszej jako\u015bci w cenach dostosowanych do Twojego bud\u017cetu.<\/p>\n\t\t\n<style>\n#text-1466576845 {\n  font-size: 0.9rem;\n}\n<\/style>\n\t<\/div>\n\t\n\n\t\t<\/div>\n\t<\/div>\n\t\n\t\n\n\t\t<\/div>\n\t\t\t\t\t<\/div>\n\n\t\n\n\t<div id=\"col-4297909\" class=\"col medium-3 small-6 large-3\"  >\n\t\t\t\t<div class=\"col-inner text-center\"  >\n\t\t\t\n\t\t\t\n\n\n\t\t<div class=\"icon-box featured-box icon-box-top text-left\"  >\n\t\t\t\t\t<div class=\"icon-box-img\" style=\"width: 90px\">\n\t\t\t\t<div class=\"icon\">\n\t\t\t\t\t<div class=\"icon-inner\" >\n\t\t\t\t\t\t<img loading=\"lazy\" decoding=\"async\" width=\"200\" height=\"200\" src=\"https:\/\/i0.wp.com\/aiviouvapes.com\/wp-content\/uploads\/2024\/08\/delivery-truck-1-1.png?fit=200%2C200&amp;ssl=1\" class=\"attachment-medium size-medium\" alt=\"Dlaczego warto wybra\u0107 AIVIOUVAPES\" srcset=\"https:\/\/i0.wp.com\/aiviouvapes.com\/wp-content\/uploads\/2024\/08\/delivery-truck-1-1.png?w=200&amp;ssl=1 200w, https:\/\/i0.wp.com\/aiviouvapes.com\/wp-content\/uploads\/2024\/08\/delivery-truck-1-1.png?resize=150%2C150&amp;ssl=1 150w, https:\/\/i0.wp.com\/aiviouvapes.com\/wp-content\/uploads\/2024\/08\/delivery-truck-1-1.png?resize=12%2C12&amp;ssl=1 12w, https:\/\/i0.wp.com\/aiviouvapes.com\/wp-content\/uploads\/2024\/08\/delivery-truck-1-1.png?resize=100%2C100&amp;ssl=1 100w\" sizes=\"auto, (max-width: 200px) 100vw, 200px\" title=\"\">\t\t\t\t\t<\/div>\n\t\t\t\t<\/div>\n\t\t\t<\/div>\n\t\t\t\t<div class=\"icon-box-text last-reset\">\n\t\t\t\t\t\t\t\t\t\n\n\t<div id=\"text-986969298\" class=\"text\">\n\t\t\n\n<h3 style=\"text-align: center;\">Szybka wysy\u0142ka na ca\u0142y \u015bwiat<\/h3>\n<p style=\"text-align: center;\">Dostarczamy przesy\u0142ki na ca\u0142y \u015bwiat, gwarantuj\u0105c odpraw\u0119 celn\u0105, co zapewnia bezproblemow\u0105 realizacj\u0119 zam\u00f3wienia.<\/p>\n\t\t\n<style>\n#text-986969298 {\n  font-size: 0.9rem;\n}\n<\/style>\n\t<\/div>\n\t\n\n\t\t<\/div>\n\t<\/div>\n\t\n\t\n\n\t\t<\/div>\n\t\t\t\t\t<\/div>\n\n\t\n\n\t<div id=\"col-1957679486\" class=\"col medium-3 small-6 large-3\"  >\n\t\t\t\t<div class=\"col-inner text-center\"  >\n\t\t\t\n\t\t\t\n\n\n\t\t<div class=\"icon-box featured-box icon-box-top text-left\"  >\n\t\t\t\t\t<div class=\"icon-box-img\" style=\"width: 90px\">\n\t\t\t\t<div class=\"icon\">\n\t\t\t\t\t<div class=\"icon-inner\" >\n\t\t\t\t\t\t<img loading=\"lazy\" decoding=\"async\" width=\"200\" height=\"200\" src=\"https:\/\/i0.wp.com\/aiviouvapes.com\/wp-content\/uploads\/2024\/08\/support-1-1.png?fit=200%2C200&amp;ssl=1\" class=\"attachment-medium size-medium\" alt=\"Dlaczego warto wybra\u0107 AIVIOUVAPES\" srcset=\"https:\/\/i0.wp.com\/aiviouvapes.com\/wp-content\/uploads\/2024\/08\/support-1-1.png?w=200&amp;ssl=1 200w, https:\/\/i0.wp.com\/aiviouvapes.com\/wp-content\/uploads\/2024\/08\/support-1-1.png?resize=150%2C150&amp;ssl=1 150w, https:\/\/i0.wp.com\/aiviouvapes.com\/wp-content\/uploads\/2024\/08\/support-1-1.png?resize=12%2C12&amp;ssl=1 12w, https:\/\/i0.wp.com\/aiviouvapes.com\/wp-content\/uploads\/2024\/08\/support-1-1.png?resize=100%2C100&amp;ssl=1 100w\" sizes=\"auto, (max-width: 200px) 100vw, 200px\" title=\"\">\t\t\t\t\t<\/div>\n\t\t\t\t<\/div>\n\t\t\t<\/div>\n\t\t\t\t<div class=\"icon-box-text last-reset\">\n\t\t\t\t\t\t\t\t\t\n\n\t<div id=\"text-3853302794\" class=\"text\">\n\t\t\n\n<h3 style=\"text-align: center;\">Pomoc ca\u0142odobowa<\/h3>\n<p style=\"text-align: center;\">Mo\u017cesz skontaktowa\u0107 si\u0119 z naszym zespo\u0142em wsparcia o ka\u017cdej porze, 24 godziny na dob\u0119, 7 dni w tygodniu, za po\u015brednictwem WhatsApp lub poczty e-mail.<\/p>\n\t\t\n<style>\n#text-3853302794 {\n  font-size: 0.9rem;\n}\n<\/style>\n\t<\/div>\n\t\n\n\t\t<\/div>\n\t<\/div>\n\t\n\t\n\n\t\t<\/div>\n\t\t\t\t\t<\/div>\n\n\t\n\n<\/div>\n<div class=\"row row-full-width align-middle\"  id=\"row-1352772773\">\n\n\n\t<div id=\"col-889347864\" class=\"col medium-6 small-12 large-6\"  >\n\t\t\t\t<div class=\"col-inner\"  >\n\t\t\t\n\t\t\t\n\n\t<div class=\"img has-hover x md-x lg-x y md-y lg-y\" id=\"image_736690691\">\n\t\t\t\t\t\t\t\t<div class=\"img-inner dark\" >\n\t\t\t<img loading=\"lazy\" decoding=\"async\" width=\"930\" height=\"1024\" src=\"https:\/\/i0.wp.com\/aiviouvapes.com\/wp-content\/uploads\/2024\/08\/%E6%8B%BC%E5%9B%BE.jpg?fit=930%2C1024&amp;ssl=1\" class=\"attachment-large size-large\" alt=\"Dlaczego warto wybra\u0107 AIVIOUVAPES\" title=\"\">\t\t\t\t\t\t\n\t\t\t\t\t<\/div>\n\t\t\t\t\t\t\t\t\n<style>\n#image_736690691 {\n  width: 100%;\n}\n<\/style>\n\t<\/div>\n\t\n\n\n\t\t<\/div>\n\t\t\t\t\t<\/div>\n\n\t\n\n\t<div id=\"col-198736475\" class=\"col medium-6 small-12 large-6\"  >\n\t\t\t\t<div class=\"col-inner\"  >\n\t\t\t\n\t\t\t\n\n<div class=\"container section-title-container\" ><h4 class=\"section-title section-title-normal\"><b aria-hidden=\"true\"><\/b><span class=\"section-title-main\" style=\"font-size:91%;\">Nasze zalety<\/span><b aria-hidden=\"true\"><\/b><\/h4><\/div>\n\n<div class=\"accordion\">\n\n\t<div id=\"accordion-1858396833\" class=\"accordion-item\">\n\t\t<a id=\"accordion-1858396833-label\" class=\"accordion-title plain\" href=\"#accordion-item-commitment-to-quality\" aria-expanded=\"false\" aria-controls=\"accordion-1858396833-content\">\n\t\t\t<button class=\"toggle\" aria-label=\"Prze\u0142\u0105cznik\"><i class=\"icon-angle-down\" aria-hidden=\"true\"><\/i><\/button>\n\t\t\t<span>Zaanga\u017cowanie w jako\u015b\u0107<\/span>\n\t\t<\/a>\n\t\t<div id=\"accordion-1858396833-content\" class=\"accordion-inner\" aria-labelledby=\"accordion-1858396833-label\">\n\t\t\t\n\n<p>Przy <a href=\"https:\/\/aiviouvapes.com\/pl\/\">AiviouVape<\/a>, jako\u015b\u0107 nap\u0119dza wszystko, co robimy. Nasze jednorazowe waporyzatory s\u0105 starannie wykonane i rygorystycznie testowane, aby spe\u0142nia\u0107 najwy\u017csze standardy, zapewniaj\u0105c p\u0142ynne, niezawodne wra\u017cenia z wapowania za ka\u017cdym razem. Dzi\u0119ki naszemu zaanga\u017cowaniu w zerow\u0105 liczb\u0119 wad i zerow\u0105 liczb\u0119 reklamacji mo\u017cesz by\u0107 pewien, \u017ce otrzymujesz to, co najlepsze.<\/p>\n\n\t\t<\/div>\n\t<\/div>\n\t\n\t<div id=\"accordion-2793103337\" class=\"accordion-item\">\n\t\t<a id=\"accordion-2793103337-label\" class=\"accordion-title plain\" href=\"#accordion-item-diverse-range-of-products\" aria-expanded=\"false\" aria-controls=\"accordion-2793103337-content\">\n\t\t\t<button class=\"toggle\" aria-label=\"Prze\u0142\u0105cznik\"><i class=\"icon-angle-down\" aria-hidden=\"true\"><\/i><\/button>\n\t\t\t<span>Zr\u00f3\u017cnicowany zakres produkt\u00f3w<\/span>\n\t\t<\/a>\n\t\t<div id=\"accordion-2793103337-content\" class=\"accordion-inner\" aria-labelledby=\"accordion-2793103337-label\">\n\t\t\t\n\n<p>Jeste\u015bmy dumni z oferowania szerokiej gamy wysokiej jako\u015bci waporyzator\u00f3w jednorazowych, kt\u00f3re zaspokoj\u0105 ka\u017cde preferencje. Od najnowszych innowacji po d\u0142ugoletnich ulubie\u0144c\u00f3w fan\u00f3w, nasz wyb\u00f3r obejmuje zaufane marki, takie jak Waspe, Vapme, RandM Tornado, Bang Box, ELF Box i Bang King. Niezale\u017cnie od tego, czy szukasz odwa\u017cnych smak\u00f3w Vapme, czy eleganckiego designu RandM Tornado, nasza kolekcja zosta\u0142a stworzona, aby pom\u00f3c Ci odkry\u0107 idealny waporyzator pasuj\u0105cy do Twojego gustu i stylu \u017cycia.<\/p>\n\n\n\t\t<\/div>\n\t<\/div>\n\t\n\t<div id=\"accordion-1464538984\" class=\"accordion-item\">\n\t\t<a id=\"accordion-1464538984-label\" class=\"accordion-title plain\" href=\"#accordion-item-wholesale-and-retail-solutions\" aria-expanded=\"false\" aria-controls=\"accordion-1464538984-content\">\n\t\t\t<button class=\"toggle\" aria-label=\"Prze\u0142\u0105cznik\"><i class=\"icon-angle-down\" aria-hidden=\"true\"><\/i><\/button>\n\t\t\t<span>Rozwi\u0105zania hurtowe i detaliczne<\/span>\n\t\t<\/a>\n\t\t<div id=\"accordion-1464538984-content\" class=\"accordion-inner\" aria-labelledby=\"accordion-1464538984-label\">\n\t\t\t\n\n<p>AiviouVape spe\u0142nia wymagania zar\u00f3wno klient\u00f3w detalicznych, jak i hurtowych, dostarczaj\u0105c wyj\u0105tkowe produkty i us\u0142ugi za ka\u017cdym razem. Je\u015bli jeste\u015b u nas nowy, zalecamy rozpocz\u0119cie od ma\u0142ej partii, aby do\u015bwiadczy\u0107 naszej jako\u015bci z pierwszej r\u0119ki. Dzi\u0119ki konkurencyjnym cenom i najwy\u017cszym standardom jeste\u015bmy zaufanym wyborem w bran\u017cy jednorazowych waporyzator\u00f3w.\u00a0<\/p>\n\n\t\t<\/div>\n\t<\/div>\n\t\n\t<div id=\"accordion-3787298694\" class=\"accordion-item\">\n\t\t<a id=\"accordion-3787298694-label\" class=\"accordion-title plain\" href=\"#accordion-item-continuous-improvement\" aria-expanded=\"false\" aria-controls=\"accordion-3787298694-content\">\n\t\t\t<button class=\"toggle\" aria-label=\"Prze\u0142\u0105cznik\"><i class=\"icon-angle-down\" aria-hidden=\"true\"><\/i><\/button>\n\t\t\t<span>Ci\u0105g\u0142e doskonalenie<\/span>\n\t\t<\/a>\n\t\t<div id=\"accordion-3787298694-content\" class=\"accordion-inner\" aria-labelledby=\"accordion-3787298694-label\">\n\t\t\t\n\n<p>To, co wyr\u00f3\u017cnia AiviouVape, to nasze oddanie wyj\u0105tkowej obs\u0142udze klienta. Niezale\u017cnie od tego, czy potrzebujesz porady przed zakupem, czy pomocy przy zam\u00f3wieniu, nasz zesp\u00f3\u0142 jest zawsze dost\u0119pny za po\u015brednictwem WhatsApp lub poczty e-mail. Staramy si\u0119 budowa\u0107 trwa\u0142e relacje z naszymi klientami, zapewniaj\u0105c satysfakcj\u0119 na ka\u017cdym etapie.<\/p>\n\n\t\t<\/div>\n\t<\/div>\n\t\n\t<div id=\"accordion-4151989293\" class=\"accordion-item\">\n\t\t<a id=\"accordion-4151989293-label\" class=\"accordion-title plain\" href=\"#accordion-item-quality-assurance\" aria-expanded=\"false\" aria-controls=\"accordion-4151989293-content\">\n\t\t\t<button class=\"toggle\" aria-label=\"Prze\u0142\u0105cznik\"><i class=\"icon-angle-down\" aria-hidden=\"true\"><\/i><\/button>\n\t\t\t<span>Zapewnienie jako\u015bci<\/span>\n\t\t<\/a>\n\t\t<div id=\"accordion-4151989293-content\" class=\"accordion-inner\" aria-labelledby=\"accordion-4151989293-label\">\n\t\t\t\n\n<p>Na ka\u017cdym etapie \u2014 rozwoju produktu, produkcji, marketingu i dystrybucji \u2014 nasze zaanga\u017cowanie w jako\u015b\u0107 nigdy nie s\u0142abnie. Nasze jednorazowe waporyzatory przechodz\u0105 rygorystyczne testy, aby upewni\u0107 si\u0119, \u017ce s\u0105 nietoksyczne, czyste i zapewniaj\u0105 wyj\u0105tkowy smak. To zaanga\u017cowanie w doskona\u0142o\u015b\u0107 stanowi kr\u0119gos\u0142up naszej kultury korporacyjnej.<\/p>\n\n\t\t<\/div>\n\t<\/div>\n\t\n\t<div id=\"accordion-3468274656\" class=\"accordion-item\">\n\t\t<a id=\"accordion-3468274656-label\" class=\"accordion-title plain\" href=\"#accordion-item-efficient-logistics-and-delivery\" aria-expanded=\"false\" aria-controls=\"accordion-3468274656-content\">\n\t\t\t<button class=\"toggle\" aria-label=\"Prze\u0142\u0105cznik\"><i class=\"icon-angle-down\" aria-hidden=\"true\"><\/i><\/button>\n\t\t\t<span>Wydajna logistyka i dostawa<\/span>\n\t\t<\/a>\n\t\t<div id=\"accordion-3468274656-content\" class=\"accordion-inner\" aria-labelledby=\"accordion-3468274656-label\">\n\t\t\t\n\n<p>AiviouVape zapewnia wydajn\u0105 logistyk\u0119 i dostaw\u0119, w tym us\u0142ugi DDP (Delivered Duty Paid), zapewniaj\u0105c bezproblemow\u0105 odpraw\u0119 celn\u0105 bez \u017cadnych op\u0142at ani podatk\u00f3w. Dzi\u0119ki szybkiej dostawie i wyj\u0105tkowej obs\u0142udze klienta oferujemy p\u0142ynne i niezawodne do\u015bwiadczenie, co czyni nas zaufanym partnerem w bran\u017cy.<\/p>\n\n\t\t<\/div>\n\t<\/div>\n\t\n\t<div id=\"accordion-2618726927\" class=\"accordion-item\">\n\t\t<a id=\"accordion-2618726927-label\" class=\"accordion-title plain\" href=\"#accordion-item-odm-and-oem-services\" aria-expanded=\"false\" aria-controls=\"accordion-2618726927-content\">\n\t\t\t<button class=\"toggle\" aria-label=\"Prze\u0142\u0105cznik\"><i class=\"icon-angle-down\" aria-hidden=\"true\"><\/i><\/button>\n\t\t\t<span>Us\u0142ugi ODM i OEM<\/span>\n\t\t<\/a>\n\t\t<div id=\"accordion-2618726927-content\" class=\"accordion-inner\" aria-labelledby=\"accordion-2618726927-label\">\n\t\t\t\n\n<p>AiviouVapes oferuje pe\u0142ne us\u0142ugi ODM (Original Design Manufacturing) i OEM (Original Equipment Manufacturing). Dzi\u0119ki dw\u00f3m du\u017cym zak\u0142adom pomagamy klientom projektowa\u0107 wyj\u0105tkowe produkty i przyci\u0105gaj\u0105ce wzrok loga do opakowa\u0144. Zapewniamy r\u00f3wnie\u017c bezp\u0142atne wskaz\u00f3wki dotycz\u0105ce projektowania opakowa\u0144 i wspieramy klient\u00f3w, kt\u00f3rzy sami pakuj\u0105 swoje produkty, zapewniaj\u0105c, \u017ce ich marka wyr\u00f3\u017cnia si\u0119 na rynku.<\/p>\n\n\t\t<\/div>\n\t<\/div>\n\t\n\n<\/div>\n\n\t\t<\/div>\n\t\t\t\t\t<\/div>\n\n\t\n\n<\/div>","protected":false},"excerpt":{"rendered":"<p>ELF BOX SHISHA 16000 Puffs oferuje do 16 000 zaci\u0105gni\u0119\u0107, pojemno\u015b\u0107 28 ml e-liquidu i akumulator 600 mAh. Wyposa\u017cony w grza\u0142k\u0119 mesh 0,6 \u03a9, regulowany przep\u0142yw powietrza i wy\u015bwietlacz LED, zapewnia g\u0142adk\u0105, konfigurowaln\u0105 par\u0119 dla doskona\u0142ych wra\u017ce\u0144 z wapowania.<\/p>","protected":false},"featured_media":1931,"comment_status":"open","ping_status":"closed","template":"","meta":[],"product_brand":[234],"product_cat":[34,127,90,117,76,134,135,133,136,137,146,138,139,140,141,142,143,144,145,77],"product_tag":[],"class_list":{"0":"post-1930","1":"product","2":"type-product","3":"status-publish","4":"has-post-thumbnail","6":"product_brand-elf-box","7":"product_cat-elf-box","8":"product_cat-16000-puffs-disposable-vape","9":"product_cat-big-puffs-vapes","10":"product_cat-different-puffs-of-diposable-vapes","11":"product_cat-disposable-vape-types","12":"product_cat-disposable-vapes-in-austria","13":"product_cat-disposable-vapes-in-belgium","14":"product_cat-disposable-vapes-in-europe","15":"product_cat-disposable-vapes-in-france","16":"product_cat-disposable-vapes-in-germany","17":"product_cat-disposable-vapes-in-hungary","18":"product_cat-disposable-vapes-in-ltaly","19":"product_cat-disposable-vapes-in-netherlands","20":"product_cat-disposable-vapes-in-norway","21":"product_cat-disposable-vapes-in-poland","22":"product_cat-disposable-vapes-in-portugal","23":"product_cat-disposable-vapes-in-spain","24":"product_cat-disposable-vapes-in-sweden","25":"product_cat-disposable-vapes-in-switzerland","26":"product_cat-shisha-hookah-vapes","28":"first","29":"instock","30":"featured","31":"shipping-taxable","32":"purchasable","33":"product-type-variable","34":"has-default-attributes"},"jetpack_sharing_enabled":true,"tiered_pricing_type":"fixed","tiered_pricing_fixed_rules":{"2000":5.589999999999999857891452847979962825775146484375},"tiered_pricing_product_settings":{"layout":"default","base_unit_name":{"singular":null,"plural":null},"default_variation":null},"tiered_pricing_minimum_quantity":1000,"tiered_pricing_roles_data":[],"tiered_pricing_percentage_rules":[],"tiered_pricing_maximum_quantity":null,"tiered_pricing_quantity_step":"10","_links":{"self":[{"href":"https:\/\/aiviouvapes.com\/pl\/wp-json\/wp\/v2\/product\/1930","targetHints":{"allow":["GET"]}}],"collection":[{"href":"https:\/\/aiviouvapes.com\/pl\/wp-json\/wp\/v2\/product"}],"about":[{"href":"https:\/\/aiviouvapes.com\/pl\/wp-json\/wp\/v2\/types\/product"}],"replies":[{"embeddable":true,"href":"https:\/\/aiviouvapes.com\/pl\/wp-json\/wp\/v2\/comments?post=1930"}],"wp:featuredmedia":[{"embeddable":true,"href":"https:\/\/aiviouvapes.com\/pl\/wp-json\/wp\/v2\/media\/1931"}],"wp:attachment":[{"href":"https:\/\/aiviouvapes.com\/pl\/wp-json\/wp\/v2\/media?parent=1930"}],"wp:term":[{"taxonomy":"product_brand","embeddable":true,"href":"https:\/\/aiviouvapes.com\/pl\/wp-json\/wp\/v2\/product_brand?post=1930"},{"taxonomy":"product_cat","embeddable":true,"href":"https:\/\/aiviouvapes.com\/pl\/wp-json\/wp\/v2\/product_cat?post=1930"},{"taxonomy":"product_tag","embeddable":true,"href":"https:\/\/aiviouvapes.com\/pl\/wp-json\/wp\/v2\/product_tag?post=1930"}],"curies":[{"name":"wp","href":"https:\/\/api.w.org\/{rel}","templated":true}]}}