{"id":1746,"date":"2024-08-17T12:45:04","date_gmt":"2024-08-17T04:45:04","guid":{"rendered":"https:\/\/aiviouvapes.com\/?post_type=product&#038;p=1746"},"modified":"2025-08-15T19:04:10","modified_gmt":"2025-08-15T11:04:10","slug":"sora-25k-dual-mesh","status":"publish","type":"product","link":"https:\/\/aiviouvapes.com\/pl\/product\/sora-25k-dual-mesh\/","title":{"rendered":"SORA 25K Dual Mesh 25000 Puffs | 5% nikotyna, vape jednorazowe luzem"},"content":{"rendered":"<h2>SORA 25K Dual Mesh 25000 zaci\u0105gni\u0119\u0107 | 5% nikotyna akumulator hurtowy zakup jednorazowego waporyzatora hurtowo<\/h2>\n<h3>SORA 25000 Puff Dual Mesh Jednorazowy Vape Przegl\u0105d<\/h3>\n<ul>\n<li><strong>Zwi\u0119kszona pojemno\u015b\u0107 dmuchawy<\/strong>: Do 25 000 zaci\u0105gni\u0119\u0107 dla d\u0142ugotrwa\u0142ej satysfakcji.<\/li>\n<li><strong>Du\u017ca pojemno\u015b\u0107 p\u0142ynu E-Liquid<\/strong>Zbiornik o pojemno\u015bci 20 ml zmniejsza potrzeb\u0119 uzupe\u0142niania, zwi\u0119kszaj\u0105c wygod\u0119.<\/li>\n<li><strong>Wydajny akumulator<\/strong>Akumulator o pojemno\u015bci 900 mAh zapewnia niezawodne i d\u0142ugotrwa\u0142e u\u017cytkowanie.<\/li>\n<li><strong>Si\u0142a nikotyny<\/strong>: Dost\u0119pny w wersji z nikotyn\u0105 5% dla satysfakcjonuj\u0105cych dozna\u0144.<\/li>\n<li><strong>P\u0142ynna produkcja pary<\/strong>: Podw\u00f3jna cewka siatkowa zapewnia g\u0142adk\u0105, aromatyczn\u0105 par\u0119 przy ka\u017cdym zaci\u0105gni\u0119ciu.<\/li>\n<li><strong>Wy\u015bwietlacz LCD<\/strong>: Wy\u015bwietlacz w czasie rzeczywistym pokazuje \u017cywotno\u015b\u0107 baterii i liczb\u0119 zaci\u0105gni\u0119\u0107, informuj\u0105c u\u017cytkownika na bie\u017c\u0105co.<\/li>\n<\/ul>\n<h3>SORA 25000 Puff Dual Mesh Jednorazowy Vape Kluczowe cechy<\/h3>\n<ul>\n<li><strong>Wyj\u0105tkowa trwa\u0142o\u015b\u0107<\/strong>25 000 zaci\u0105gni\u0119\u0107 na urz\u0105dzenie, co zapewnia doskona\u0142\u0105 warto\u015b\u0107 i d\u0142ugotrwa\u0142\u0105 przyjemno\u015b\u0107.<\/li>\n<li><strong>Przeno\u015bny i przyjazny dla u\u017cytkownika<\/strong>: Kompaktowa konstrukcja z wy\u015bwietlaczem LCD u\u0142atwia monitorowanie w podr\u00f3\u017cy.<\/li>\n<li><strong>Szybkie \u0142adowanie<\/strong>: \u0141adowanie typu C zapewnia szybkie zasilanie, minimalizuj\u0105c przestoje.<\/li>\n<li><strong>Bezobs\u0142ugowy<\/strong>: Jednorazowe, \u0142adowalne i bezproblemowe w u\u017cyciu.<\/li>\n<\/ul>\n<h3>SORA 25000 Puff Dual Mesh Jednorazowy Vape Wyb\u00f3r Smak\u00f3w<\/h3>\n<p>Blue Razz Ice, Icy Mint, Watermelon Ice, Dragon Melon Ice, Berry Bliss, Passion Fruit Orange Mango, Mexico Mango, Strawberry Banana, Clear, Clear-Red, Clear-Blue, Clear-Pink, Clear-Ruby, Clear-Yellow, Clear-Green, Clear-Purple.<\/p>\n<h3>Dlaczego warto wybra\u0107 SORA 25K Dual Mesh?<\/h3>\n<p>SORA 25K Dual Mesh zosta\u0142 zaprojektowany dla waper\u00f3w, kt\u00f3rzy chc\u0105 zar\u00f3wno wygody, jak i wydajno\u015bci. Dzi\u0119ki du\u017cej liczbie zaci\u0105gni\u0119\u0107, akumulatorowi i wyborowi odwa\u017cnych smak\u00f3w, urz\u0105dzenie to zosta\u0142o stworzone z my\u015bl\u0105 o wyj\u0105tkowym do\u015bwiadczeniu waporyzacji. Idealny do codziennego u\u017cytku, SORA 25K \u0142\u0105czy w sobie d\u0142ugotrwa\u0142\u0105 jako\u015b\u0107 z \u0142atw\u0105 obs\u0142ug\u0105. Dost\u0119pny w hurtowych ilo\u015bciach, jest idealnym wyborem dla sprzedawc\u00f3w detalicznych, kt\u00f3rzy chc\u0105 zaoferowa\u0107 klientom wysokiej jako\u015bci waporyzator o du\u017cej pojemno\u015bci. Do\u015bwiadcz SORA i podnie\u015b swoj\u0105 gr\u0119 vape z ka\u017cdym zaci\u0105gni\u0119ciem.<\/p>\n<p><a href=\"https:\/\/i0.wp.com\/aiviouvapes.com\/wp-content\/uploads\/2024\/08\/SORA-25000-%E4%BA%A7%E5%93%81%E6%95%88%E6%9E%9C%E5%9B%BE-16%E6%AC%BE.jpg?ssl=1\"><img data-recalc-dims=\"1\" loading=\"lazy\" decoding=\"async\" class=\"alignnone wp-image-1780 size-full\" title=\"SORA 25K Dual Mesh 5% Akumulator nikotynowy Bulk Buy Jednorazowy Vape Wholesale\" src=\"https:\/\/i0.wp.com\/aiviouvapes.com\/wp-content\/uploads\/2024\/08\/SORA-25000-%E4%BA%A7%E5%93%81%E6%95%88%E6%9E%9C%E5%9B%BE-16%E6%AC%BE.jpg?resize=1020%2C1293&#038;ssl=1\" alt=\"SORA 25K Dual Mesh 5% Akumulator nikotynowy Bulk Buy Jednorazowy Vape Wholesale\" width=\"1020\" height=\"1293\" srcset=\"https:\/\/i0.wp.com\/aiviouvapes.com\/wp-content\/uploads\/2024\/08\/SORA-25000-%E4%BA%A7%E5%93%81%E6%95%88%E6%9E%9C%E5%9B%BE-16%E6%AC%BE.jpg?w=1515&amp;ssl=1 1515w, https:\/\/i0.wp.com\/aiviouvapes.com\/wp-content\/uploads\/2024\/08\/SORA-25000-%E4%BA%A7%E5%93%81%E6%95%88%E6%9E%9C%E5%9B%BE-16%E6%AC%BE.jpg?resize=237%2C300&amp;ssl=1 237w, https:\/\/i0.wp.com\/aiviouvapes.com\/wp-content\/uploads\/2024\/08\/SORA-25000-%E4%BA%A7%E5%93%81%E6%95%88%E6%9E%9C%E5%9B%BE-16%E6%AC%BE.jpg?resize=808%2C1024&amp;ssl=1 808w, https:\/\/i0.wp.com\/aiviouvapes.com\/wp-content\/uploads\/2024\/08\/SORA-25000-%E4%BA%A7%E5%93%81%E6%95%88%E6%9E%9C%E5%9B%BE-16%E6%AC%BE.jpg?resize=768%2C973&amp;ssl=1 768w, https:\/\/i0.wp.com\/aiviouvapes.com\/wp-content\/uploads\/2024\/08\/SORA-25000-%E4%BA%A7%E5%93%81%E6%95%88%E6%9E%9C%E5%9B%BE-16%E6%AC%BE.jpg?resize=1212%2C1536&amp;ssl=1 1212w, https:\/\/i0.wp.com\/aiviouvapes.com\/wp-content\/uploads\/2024\/08\/SORA-25000-%E4%BA%A7%E5%93%81%E6%95%88%E6%9E%9C%E5%9B%BE-16%E6%AC%BE.jpg?resize=9%2C12&amp;ssl=1 9w, https:\/\/i0.wp.com\/aiviouvapes.com\/wp-content\/uploads\/2024\/08\/SORA-25000-%E4%BA%A7%E5%93%81%E6%95%88%E6%9E%9C%E5%9B%BE-16%E6%AC%BE.jpg?resize=800%2C1014&amp;ssl=1 800w\" sizes=\"auto, (max-width: 1020px) 100vw, 1020px\" \/><\/a><br \/>\n<h3>Dlaczego warto wybra\u0107 AiviouVapes<\/h3>\n<p>Witamy w <a href=\"https:\/\/aiviouvapes.com\/pl\/\">AiviouVapes<\/a> - Zaufane \u017ar\u00f3d\u0142o wysokiej jako\u015bci, przyst\u0119pnych cen <a href=\"https:\/\/aiviouvapes.com\/pl\/shop\/\">hurtowe waporyzatory jednorazowe<\/a> w naprawd\u0119 niskich cenach. Dzi\u0119ki ponad pi\u0119cioletniemu do\u015bwiadczeniu w bran\u017cy vape, z dum\u0105 oferujemy starannie wyselekcjonowany wyb\u00f3r wiod\u0105cych marek, w tym <a href=\"https:\/\/aiviouvapes.com\/pl\/kategoria-produktu\/waspe\/\">WASPE<\/a>, <a href=\"https:\/\/aiviouvapes.com\/pl\/kategoria-produktu\/bang\/\">Bang Vape<\/a>, <a href=\"https:\/\/aiviouvapes.com\/pl\/kategoria-produktu\/vapme-vapes\/\">Vapme<\/a>oraz <a href=\"https:\/\/aiviouvapes.com\/pl\/kategoria-produktu\/mrvi\/\">MRVI<\/a>.<\/p>\n<p>Od urz\u0105dze\u0144 o wysokiej wydajno\u015bci, takich jak <a href=\"https:\/\/aiviouvapes.com\/pl\/produkt\/waspe-4-in-1-100000-puffs\/\">WASPE 100K 4 w 1 Smak<\/a> do odwa\u017cnych faworyt\u00f3w, takich jak <a href=\"https:\/\/aiviouvapes.com\/pl\/produkt\/bang-king-triple-flavors-85000\/\">Bang 85,000 Triple Puff<\/a>a nawet ekscytuj\u0105ce <a class=\"woocommerce-LoopProduct-link woocommerce-loop-product__link\" href=\"https:\/\/aiviouvapes.com\/pl\/produkt\/mystery-vape-blind-box\/\">Tajemnicze jednorazowe pude\u0142ko Vape<\/a>Ka\u017cdy produkt jest wybierany ze wzgl\u0119du na najwy\u017csz\u0105 jako\u015b\u0107 i bezkonkurencyjn\u0105 warto\u015b\u0107. W AiviouVapes b\u0119dziesz cieszy\u0107 si\u0119 doskona\u0142\u0105 obs\u0142ug\u0105, hurtowymi oszcz\u0119dno\u015bciami i kolekcj\u0105 zaprojektowan\u0105 tak, aby pasowa\u0142a do Twoich potrzeb w zakresie waporyzacji.<\/p>\n<div class=\"row row-large row-full-width align-middle\"  id=\"row-578227438\">\n\n\n\t<div id=\"col-174164232\" class=\"col medium-3 small-6 large-3\"  >\n\t\t\t\t<div class=\"col-inner text-center\"  >\n\t\t\t\n\t\t\t\n\n\n\t\t<div class=\"icon-box featured-box icon-box-top text-left\"  >\n\t\t\t\t\t<div class=\"icon-box-img\" style=\"width: 90px\">\n\t\t\t\t<div class=\"icon\">\n\t\t\t\t\t<div class=\"icon-inner\" >\n\t\t\t\t\t\t<img loading=\"lazy\" decoding=\"async\" width=\"200\" height=\"200\" src=\"https:\/\/i0.wp.com\/aiviouvapes.com\/wp-content\/uploads\/2024\/08\/vape-1-1.png?fit=200%2C200&amp;ssl=1\" class=\"attachment-medium size-medium\" alt=\"Dlaczego warto wybra\u0107 AIVIOUVAPES\" srcset=\"https:\/\/i0.wp.com\/aiviouvapes.com\/wp-content\/uploads\/2024\/08\/vape-1-1.png?w=200&amp;ssl=1 200w, https:\/\/i0.wp.com\/aiviouvapes.com\/wp-content\/uploads\/2024\/08\/vape-1-1.png?resize=150%2C150&amp;ssl=1 150w, https:\/\/i0.wp.com\/aiviouvapes.com\/wp-content\/uploads\/2024\/08\/vape-1-1.png?resize=12%2C12&amp;ssl=1 12w, https:\/\/i0.wp.com\/aiviouvapes.com\/wp-content\/uploads\/2024\/08\/vape-1-1.png?resize=100%2C100&amp;ssl=1 100w\" sizes=\"auto, (max-width: 200px) 100vw, 200px\" title=\"\">\t\t\t\t\t<\/div>\n\t\t\t\t<\/div>\n\t\t\t<\/div>\n\t\t\t\t<div class=\"icon-box-text last-reset\">\n\t\t\t\t\t\t\t\t\t\n\n\t<div id=\"text-3039264625\" class=\"text\">\n\t\t\n\n<h3 style=\"text-align: center;\">Szeroka gama produkt\u00f3w Vape<\/h3>\n<p style=\"text-align: center;\">Odkryj nasz\u0105 szerok\u0105 ofert\u0119 produkt\u00f3w, zaprojektowanych tak, aby spe\u0142ni\u0107 wszelkie preferencje.<\/p>\n\t\t\n<style>\n#text-3039264625 {\n  font-size: 0.9rem;\n}\n<\/style>\n\t<\/div>\n\t\n\n\t\t<\/div>\n\t<\/div>\n\t\n\t\n\n\t\t<\/div>\n\t\t\t\t\t<\/div>\n\n\t\n\n\t<div id=\"col-440991927\" class=\"col medium-3 small-6 large-3\"  >\n\t\t\t\t<div class=\"col-inner text-center\"  >\n\t\t\t\n\t\t\t\n\n\n\t\t<div class=\"icon-box featured-box icon-box-top text-left\"  >\n\t\t\t\t\t<div class=\"icon-box-img\" style=\"width: 90px\">\n\t\t\t\t<div class=\"icon\">\n\t\t\t\t\t<div class=\"icon-inner\" >\n\t\t\t\t\t\t<img loading=\"lazy\" decoding=\"async\" width=\"200\" height=\"200\" src=\"https:\/\/i0.wp.com\/aiviouvapes.com\/wp-content\/uploads\/2024\/08\/save-money-1-1-1.png?fit=200%2C200&amp;ssl=1\" class=\"attachment-medium size-medium\" alt=\"Dlaczego warto wybra\u0107 AIVIOUVAPES\" srcset=\"https:\/\/i0.wp.com\/aiviouvapes.com\/wp-content\/uploads\/2024\/08\/save-money-1-1-1.png?w=200&amp;ssl=1 200w, https:\/\/i0.wp.com\/aiviouvapes.com\/wp-content\/uploads\/2024\/08\/save-money-1-1-1.png?resize=150%2C150&amp;ssl=1 150w, https:\/\/i0.wp.com\/aiviouvapes.com\/wp-content\/uploads\/2024\/08\/save-money-1-1-1.png?resize=12%2C12&amp;ssl=1 12w, https:\/\/i0.wp.com\/aiviouvapes.com\/wp-content\/uploads\/2024\/08\/save-money-1-1-1.png?resize=100%2C100&amp;ssl=1 100w\" sizes=\"auto, (max-width: 200px) 100vw, 200px\" title=\"\">\t\t\t\t\t<\/div>\n\t\t\t\t<\/div>\n\t\t\t<\/div>\n\t\t\t\t<div class=\"icon-box-text last-reset\">\n\t\t\t\t\t\t\t\t\t\n\n\t<div id=\"text-1093229317\" class=\"text\">\n\t\t\n\n<h3 style=\"text-align: center;\">Niezr\u00f3wnana warto\u015b\u0107<\/h3>\n<p style=\"text-align: center;\">Ciesz si\u0119 produktami najwy\u017cszej jako\u015bci w cenach dostosowanych do Twojego bud\u017cetu.<\/p>\n\t\t\n<style>\n#text-1093229317 {\n  font-size: 0.9rem;\n}\n<\/style>\n\t<\/div>\n\t\n\n\t\t<\/div>\n\t<\/div>\n\t\n\t\n\n\t\t<\/div>\n\t\t\t\t\t<\/div>\n\n\t\n\n\t<div id=\"col-1279613996\" class=\"col medium-3 small-6 large-3\"  >\n\t\t\t\t<div class=\"col-inner text-center\"  >\n\t\t\t\n\t\t\t\n\n\n\t\t<div class=\"icon-box featured-box icon-box-top text-left\"  >\n\t\t\t\t\t<div class=\"icon-box-img\" style=\"width: 90px\">\n\t\t\t\t<div class=\"icon\">\n\t\t\t\t\t<div class=\"icon-inner\" >\n\t\t\t\t\t\t<img loading=\"lazy\" decoding=\"async\" width=\"200\" height=\"200\" src=\"https:\/\/i0.wp.com\/aiviouvapes.com\/wp-content\/uploads\/2024\/08\/delivery-truck-1-1.png?fit=200%2C200&amp;ssl=1\" class=\"attachment-medium size-medium\" alt=\"Dlaczego warto wybra\u0107 AIVIOUVAPES\" srcset=\"https:\/\/i0.wp.com\/aiviouvapes.com\/wp-content\/uploads\/2024\/08\/delivery-truck-1-1.png?w=200&amp;ssl=1 200w, https:\/\/i0.wp.com\/aiviouvapes.com\/wp-content\/uploads\/2024\/08\/delivery-truck-1-1.png?resize=150%2C150&amp;ssl=1 150w, https:\/\/i0.wp.com\/aiviouvapes.com\/wp-content\/uploads\/2024\/08\/delivery-truck-1-1.png?resize=12%2C12&amp;ssl=1 12w, https:\/\/i0.wp.com\/aiviouvapes.com\/wp-content\/uploads\/2024\/08\/delivery-truck-1-1.png?resize=100%2C100&amp;ssl=1 100w\" sizes=\"auto, (max-width: 200px) 100vw, 200px\" title=\"\">\t\t\t\t\t<\/div>\n\t\t\t\t<\/div>\n\t\t\t<\/div>\n\t\t\t\t<div class=\"icon-box-text last-reset\">\n\t\t\t\t\t\t\t\t\t\n\n\t<div id=\"text-424724598\" class=\"text\">\n\t\t\n\n<h3 style=\"text-align: center;\">Szybka wysy\u0142ka na ca\u0142y \u015bwiat<\/h3>\n<p style=\"text-align: center;\">Dostarczamy przesy\u0142ki na ca\u0142y \u015bwiat, gwarantuj\u0105c odpraw\u0119 celn\u0105, co zapewnia bezproblemow\u0105 realizacj\u0119 zam\u00f3wienia.<\/p>\n\t\t\n<style>\n#text-424724598 {\n  font-size: 0.9rem;\n}\n<\/style>\n\t<\/div>\n\t\n\n\t\t<\/div>\n\t<\/div>\n\t\n\t\n\n\t\t<\/div>\n\t\t\t\t\t<\/div>\n\n\t\n\n\t<div id=\"col-656386884\" class=\"col medium-3 small-6 large-3\"  >\n\t\t\t\t<div class=\"col-inner text-center\"  >\n\t\t\t\n\t\t\t\n\n\n\t\t<div class=\"icon-box featured-box icon-box-top text-left\"  >\n\t\t\t\t\t<div class=\"icon-box-img\" style=\"width: 90px\">\n\t\t\t\t<div class=\"icon\">\n\t\t\t\t\t<div class=\"icon-inner\" >\n\t\t\t\t\t\t<img loading=\"lazy\" decoding=\"async\" width=\"200\" height=\"200\" src=\"https:\/\/i0.wp.com\/aiviouvapes.com\/wp-content\/uploads\/2024\/08\/support-1-1.png?fit=200%2C200&amp;ssl=1\" class=\"attachment-medium size-medium\" alt=\"Dlaczego warto wybra\u0107 AIVIOUVAPES\" srcset=\"https:\/\/i0.wp.com\/aiviouvapes.com\/wp-content\/uploads\/2024\/08\/support-1-1.png?w=200&amp;ssl=1 200w, https:\/\/i0.wp.com\/aiviouvapes.com\/wp-content\/uploads\/2024\/08\/support-1-1.png?resize=150%2C150&amp;ssl=1 150w, https:\/\/i0.wp.com\/aiviouvapes.com\/wp-content\/uploads\/2024\/08\/support-1-1.png?resize=12%2C12&amp;ssl=1 12w, https:\/\/i0.wp.com\/aiviouvapes.com\/wp-content\/uploads\/2024\/08\/support-1-1.png?resize=100%2C100&amp;ssl=1 100w\" sizes=\"auto, (max-width: 200px) 100vw, 200px\" title=\"\">\t\t\t\t\t<\/div>\n\t\t\t\t<\/div>\n\t\t\t<\/div>\n\t\t\t\t<div class=\"icon-box-text last-reset\">\n\t\t\t\t\t\t\t\t\t\n\n\t<div id=\"text-1504767813\" class=\"text\">\n\t\t\n\n<h3 style=\"text-align: center;\">Pomoc ca\u0142odobowa<\/h3>\n<p style=\"text-align: center;\">Mo\u017cesz skontaktowa\u0107 si\u0119 z naszym zespo\u0142em wsparcia o ka\u017cdej porze, 24 godziny na dob\u0119, 7 dni w tygodniu, za po\u015brednictwem WhatsApp lub poczty e-mail.<\/p>\n\t\t\n<style>\n#text-1504767813 {\n  font-size: 0.9rem;\n}\n<\/style>\n\t<\/div>\n\t\n\n\t\t<\/div>\n\t<\/div>\n\t\n\t\n\n\t\t<\/div>\n\t\t\t\t\t<\/div>\n\n\t\n\n<\/div>\n<div class=\"row row-full-width align-middle\"  id=\"row-795195966\">\n\n\n\t<div id=\"col-473401656\" class=\"col medium-6 small-12 large-6\"  >\n\t\t\t\t<div class=\"col-inner\"  >\n\t\t\t\n\t\t\t\n\n\t<div class=\"img has-hover x md-x lg-x y md-y lg-y\" id=\"image_603061439\">\n\t\t\t\t\t\t\t\t<div class=\"img-inner dark\" >\n\t\t\t<img loading=\"lazy\" decoding=\"async\" width=\"930\" height=\"1024\" src=\"https:\/\/i0.wp.com\/aiviouvapes.com\/wp-content\/uploads\/2024\/08\/%E6%8B%BC%E5%9B%BE.jpg?fit=930%2C1024&amp;ssl=1\" class=\"attachment-large size-large\" alt=\"Dlaczego warto wybra\u0107 AIVIOUVAPES\" title=\"\">\t\t\t\t\t\t\n\t\t\t\t\t<\/div>\n\t\t\t\t\t\t\t\t\n<style>\n#image_603061439 {\n  width: 100%;\n}\n<\/style>\n\t<\/div>\n\t\n\n\n\t\t<\/div>\n\t\t\t\t\t<\/div>\n\n\t\n\n\t<div id=\"col-138511623\" class=\"col medium-6 small-12 large-6\"  >\n\t\t\t\t<div class=\"col-inner\"  >\n\t\t\t\n\t\t\t\n\n<div class=\"container section-title-container\" ><h4 class=\"section-title section-title-normal\"><b aria-hidden=\"true\"><\/b><span class=\"section-title-main\" style=\"font-size:91%;\">Nasze zalety<\/span><b aria-hidden=\"true\"><\/b><\/h4><\/div>\n\n<div class=\"accordion\">\n\n\t<div id=\"accordion-1747556018\" class=\"accordion-item\">\n\t\t<a id=\"accordion-1747556018-label\" class=\"accordion-title plain\" href=\"#accordion-item-commitment-to-quality\" aria-expanded=\"false\" aria-controls=\"accordion-1747556018-content\">\n\t\t\t<button class=\"toggle\" aria-label=\"Prze\u0142\u0105cznik\"><i class=\"icon-angle-down\" aria-hidden=\"true\"><\/i><\/button>\n\t\t\t<span>Zaanga\u017cowanie w jako\u015b\u0107<\/span>\n\t\t<\/a>\n\t\t<div id=\"accordion-1747556018-content\" class=\"accordion-inner\" aria-labelledby=\"accordion-1747556018-label\">\n\t\t\t\n\n<p>Przy <a href=\"https:\/\/aiviouvapes.com\/pl\/\">AiviouVape<\/a>, jako\u015b\u0107 nap\u0119dza wszystko, co robimy. Nasze jednorazowe waporyzatory s\u0105 starannie wykonane i rygorystycznie testowane, aby spe\u0142nia\u0107 najwy\u017csze standardy, zapewniaj\u0105c p\u0142ynne, niezawodne wra\u017cenia z wapowania za ka\u017cdym razem. Dzi\u0119ki naszemu zaanga\u017cowaniu w zerow\u0105 liczb\u0119 wad i zerow\u0105 liczb\u0119 reklamacji mo\u017cesz by\u0107 pewien, \u017ce otrzymujesz to, co najlepsze.<\/p>\n\n\t\t<\/div>\n\t<\/div>\n\t\n\t<div id=\"accordion-3789585819\" class=\"accordion-item\">\n\t\t<a id=\"accordion-3789585819-label\" class=\"accordion-title plain\" href=\"#accordion-item-diverse-range-of-products\" aria-expanded=\"false\" aria-controls=\"accordion-3789585819-content\">\n\t\t\t<button class=\"toggle\" aria-label=\"Prze\u0142\u0105cznik\"><i class=\"icon-angle-down\" aria-hidden=\"true\"><\/i><\/button>\n\t\t\t<span>Zr\u00f3\u017cnicowany zakres produkt\u00f3w<\/span>\n\t\t<\/a>\n\t\t<div id=\"accordion-3789585819-content\" class=\"accordion-inner\" aria-labelledby=\"accordion-3789585819-label\">\n\t\t\t\n\n<p>Jeste\u015bmy dumni z oferowania szerokiej gamy wysokiej jako\u015bci waporyzator\u00f3w jednorazowych, kt\u00f3re zaspokoj\u0105 ka\u017cde preferencje. Od najnowszych innowacji po d\u0142ugoletnich ulubie\u0144c\u00f3w fan\u00f3w, nasz wyb\u00f3r obejmuje zaufane marki, takie jak Waspe, Vapme, RandM Tornado, Bang Box, ELF Box i Bang King. Niezale\u017cnie od tego, czy szukasz odwa\u017cnych smak\u00f3w Vapme, czy eleganckiego designu RandM Tornado, nasza kolekcja zosta\u0142a stworzona, aby pom\u00f3c Ci odkry\u0107 idealny waporyzator pasuj\u0105cy do Twojego gustu i stylu \u017cycia.<\/p>\n\n\n\t\t<\/div>\n\t<\/div>\n\t\n\t<div id=\"accordion-381905243\" class=\"accordion-item\">\n\t\t<a id=\"accordion-381905243-label\" class=\"accordion-title plain\" href=\"#accordion-item-wholesale-and-retail-solutions\" aria-expanded=\"false\" aria-controls=\"accordion-381905243-content\">\n\t\t\t<button class=\"toggle\" aria-label=\"Prze\u0142\u0105cznik\"><i class=\"icon-angle-down\" aria-hidden=\"true\"><\/i><\/button>\n\t\t\t<span>Rozwi\u0105zania hurtowe i detaliczne<\/span>\n\t\t<\/a>\n\t\t<div id=\"accordion-381905243-content\" class=\"accordion-inner\" aria-labelledby=\"accordion-381905243-label\">\n\t\t\t\n\n<p>AiviouVape spe\u0142nia wymagania zar\u00f3wno klient\u00f3w detalicznych, jak i hurtowych, dostarczaj\u0105c wyj\u0105tkowe produkty i us\u0142ugi za ka\u017cdym razem. Je\u015bli jeste\u015b u nas nowy, zalecamy rozpocz\u0119cie od ma\u0142ej partii, aby do\u015bwiadczy\u0107 naszej jako\u015bci z pierwszej r\u0119ki. Dzi\u0119ki konkurencyjnym cenom i najwy\u017cszym standardom jeste\u015bmy zaufanym wyborem w bran\u017cy jednorazowych waporyzator\u00f3w.\u00a0<\/p>\n\n\t\t<\/div>\n\t<\/div>\n\t\n\t<div id=\"accordion-2542261790\" class=\"accordion-item\">\n\t\t<a id=\"accordion-2542261790-label\" class=\"accordion-title plain\" href=\"#accordion-item-continuous-improvement\" aria-expanded=\"false\" aria-controls=\"accordion-2542261790-content\">\n\t\t\t<button class=\"toggle\" aria-label=\"Prze\u0142\u0105cznik\"><i class=\"icon-angle-down\" aria-hidden=\"true\"><\/i><\/button>\n\t\t\t<span>Ci\u0105g\u0142e doskonalenie<\/span>\n\t\t<\/a>\n\t\t<div id=\"accordion-2542261790-content\" class=\"accordion-inner\" aria-labelledby=\"accordion-2542261790-label\">\n\t\t\t\n\n<p>To, co wyr\u00f3\u017cnia AiviouVape, to nasze oddanie wyj\u0105tkowej obs\u0142udze klienta. Niezale\u017cnie od tego, czy potrzebujesz porady przed zakupem, czy pomocy przy zam\u00f3wieniu, nasz zesp\u00f3\u0142 jest zawsze dost\u0119pny za po\u015brednictwem WhatsApp lub poczty e-mail. Staramy si\u0119 budowa\u0107 trwa\u0142e relacje z naszymi klientami, zapewniaj\u0105c satysfakcj\u0119 na ka\u017cdym etapie.<\/p>\n\n\t\t<\/div>\n\t<\/div>\n\t\n\t<div id=\"accordion-1218001494\" class=\"accordion-item\">\n\t\t<a id=\"accordion-1218001494-label\" class=\"accordion-title plain\" href=\"#accordion-item-quality-assurance\" aria-expanded=\"false\" aria-controls=\"accordion-1218001494-content\">\n\t\t\t<button class=\"toggle\" aria-label=\"Prze\u0142\u0105cznik\"><i class=\"icon-angle-down\" aria-hidden=\"true\"><\/i><\/button>\n\t\t\t<span>Zapewnienie jako\u015bci<\/span>\n\t\t<\/a>\n\t\t<div id=\"accordion-1218001494-content\" class=\"accordion-inner\" aria-labelledby=\"accordion-1218001494-label\">\n\t\t\t\n\n<p>Na ka\u017cdym etapie \u2014 rozwoju produktu, produkcji, marketingu i dystrybucji \u2014 nasze zaanga\u017cowanie w jako\u015b\u0107 nigdy nie s\u0142abnie. Nasze jednorazowe waporyzatory przechodz\u0105 rygorystyczne testy, aby upewni\u0107 si\u0119, \u017ce s\u0105 nietoksyczne, czyste i zapewniaj\u0105 wyj\u0105tkowy smak. To zaanga\u017cowanie w doskona\u0142o\u015b\u0107 stanowi kr\u0119gos\u0142up naszej kultury korporacyjnej.<\/p>\n\n\t\t<\/div>\n\t<\/div>\n\t\n\t<div id=\"accordion-3377490874\" class=\"accordion-item\">\n\t\t<a id=\"accordion-3377490874-label\" class=\"accordion-title plain\" href=\"#accordion-item-efficient-logistics-and-delivery\" aria-expanded=\"false\" aria-controls=\"accordion-3377490874-content\">\n\t\t\t<button class=\"toggle\" aria-label=\"Prze\u0142\u0105cznik\"><i class=\"icon-angle-down\" aria-hidden=\"true\"><\/i><\/button>\n\t\t\t<span>Wydajna logistyka i dostawa<\/span>\n\t\t<\/a>\n\t\t<div id=\"accordion-3377490874-content\" class=\"accordion-inner\" aria-labelledby=\"accordion-3377490874-label\">\n\t\t\t\n\n<p>AiviouVape zapewnia wydajn\u0105 logistyk\u0119 i dostaw\u0119, w tym us\u0142ugi DDP (Delivered Duty Paid), zapewniaj\u0105c bezproblemow\u0105 odpraw\u0119 celn\u0105 bez \u017cadnych op\u0142at ani podatk\u00f3w. Dzi\u0119ki szybkiej dostawie i wyj\u0105tkowej obs\u0142udze klienta oferujemy p\u0142ynne i niezawodne do\u015bwiadczenie, co czyni nas zaufanym partnerem w bran\u017cy.<\/p>\n\n\t\t<\/div>\n\t<\/div>\n\t\n\t<div id=\"accordion-2525044241\" class=\"accordion-item\">\n\t\t<a id=\"accordion-2525044241-label\" class=\"accordion-title plain\" href=\"#accordion-item-odm-and-oem-services\" aria-expanded=\"false\" aria-controls=\"accordion-2525044241-content\">\n\t\t\t<button class=\"toggle\" aria-label=\"Prze\u0142\u0105cznik\"><i class=\"icon-angle-down\" aria-hidden=\"true\"><\/i><\/button>\n\t\t\t<span>Us\u0142ugi ODM i OEM<\/span>\n\t\t<\/a>\n\t\t<div id=\"accordion-2525044241-content\" class=\"accordion-inner\" aria-labelledby=\"accordion-2525044241-label\">\n\t\t\t\n\n<p>AiviouVapes oferuje pe\u0142ne us\u0142ugi ODM (Original Design Manufacturing) i OEM (Original Equipment Manufacturing). Dzi\u0119ki dw\u00f3m du\u017cym zak\u0142adom pomagamy klientom projektowa\u0107 wyj\u0105tkowe produkty i przyci\u0105gaj\u0105ce wzrok loga do opakowa\u0144. Zapewniamy r\u00f3wnie\u017c bezp\u0142atne wskaz\u00f3wki dotycz\u0105ce projektowania opakowa\u0144 i wspieramy klient\u00f3w, kt\u00f3rzy sami pakuj\u0105 swoje produkty, zapewniaj\u0105c, \u017ce ich marka wyr\u00f3\u017cnia si\u0119 na rynku.<\/p>\n\n\t\t<\/div>\n\t<\/div>\n\t\n\n<\/div>\n\n\t\t<\/div>\n\t\t\t\t\t<\/div>\n\n\t\n\n<\/div>","protected":false},"excerpt":{"rendered":"<p>SORA 25K Dual Mesh Disposable Vape zapewnia do 25 000 zaci\u0105gni\u0119\u0107 z pojemno\u015bci\u0105 20 ml e-liquidu, akumulatorem 900 mAh i podw\u00f3jn\u0105 grza\u0142k\u0105 mesh dla bogatego, g\u0142adkiego smaku. Wyposa\u017cony w wy\u015bwietlacz LCD i szybkie \u0142adowanie typu C, jest idealny do d\u0142ugotrwa\u0142ego, bezproblemowego wapowania. Dost\u0119pny w wielu unikalnych smakach.<\/p>","protected":false},"featured_media":1747,"comment_status":"open","ping_status":"closed","template":"","meta":[],"product_brand":[238],"product_cat":[43,130,90,117,81,76,134,135,133,136,137,146,138,139,140,141,142,143,144,145,79,132,82],"product_tag":[],"class_list":{"0":"post-1746","1":"product","2":"type-product","3":"status-publish","4":"has-post-thumbnail","6":"product_brand-sora","7":"product_cat-sora","8":"product_cat-25000-puffs-disposable-vape","9":"product_cat-big-puffs-vapes","10":"product_cat-different-puffs-of-diposable-vapes","11":"product_cat-digital-box-vapes","12":"product_cat-disposable-vape-types","13":"product_cat-disposable-vapes-in-austria","14":"product_cat-disposable-vapes-in-belgium","15":"product_cat-disposable-vapes-in-europe","16":"product_cat-disposable-vapes-in-france","17":"product_cat-disposable-vapes-in-germany","18":"product_cat-disposable-vapes-in-hungary","19":"product_cat-disposable-vapes-in-ltaly","20":"product_cat-disposable-vapes-in-netherlands","21":"product_cat-disposable-vapes-in-norway","22":"product_cat-disposable-vapes-in-poland","23":"product_cat-disposable-vapes-in-portugal","24":"product_cat-disposable-vapes-in-spain","25":"product_cat-disposable-vapes-in-sweden","26":"product_cat-disposable-vapes-in-switzerland","27":"product_cat-dual-mesh-vapes","28":"product_cat-rechargeable-vapes","29":"product_cat-smart-screen-vapes","31":"first","32":"instock","33":"shipping-taxable","34":"purchasable","35":"product-type-variable","36":"has-default-attributes"},"jetpack_sharing_enabled":true,"tiered_pricing_type":"fixed","tiered_pricing_fixed_rules":{"2000":5.62000000000000010658141036401502788066864013671875},"tiered_pricing_product_settings":{"layout":"default","base_unit_name":{"singular":null,"plural":null},"default_variation":null},"tiered_pricing_minimum_quantity":1000,"tiered_pricing_roles_data":[],"tiered_pricing_percentage_rules":[],"tiered_pricing_maximum_quantity":null,"tiered_pricing_quantity_step":"5","_links":{"self":[{"href":"https:\/\/aiviouvapes.com\/pl\/wp-json\/wp\/v2\/product\/1746","targetHints":{"allow":["GET"]}}],"collection":[{"href":"https:\/\/aiviouvapes.com\/pl\/wp-json\/wp\/v2\/product"}],"about":[{"href":"https:\/\/aiviouvapes.com\/pl\/wp-json\/wp\/v2\/types\/product"}],"replies":[{"embeddable":true,"href":"https:\/\/aiviouvapes.com\/pl\/wp-json\/wp\/v2\/comments?post=1746"}],"wp:featuredmedia":[{"embeddable":true,"href":"https:\/\/aiviouvapes.com\/pl\/wp-json\/wp\/v2\/media\/1747"}],"wp:attachment":[{"href":"https:\/\/aiviouvapes.com\/pl\/wp-json\/wp\/v2\/media?parent=1746"}],"wp:term":[{"taxonomy":"product_brand","embeddable":true,"href":"https:\/\/aiviouvapes.com\/pl\/wp-json\/wp\/v2\/product_brand?post=1746"},{"taxonomy":"product_cat","embeddable":true,"href":"https:\/\/aiviouvapes.com\/pl\/wp-json\/wp\/v2\/product_cat?post=1746"},{"taxonomy":"product_tag","embeddable":true,"href":"https:\/\/aiviouvapes.com\/pl\/wp-json\/wp\/v2\/product_tag?post=1746"}],"curies":[{"name":"wp","href":"https:\/\/api.w.org\/{rel}","templated":true}]}}