{"id":118575,"date":"2026-03-27T09:31:45","date_gmt":"2026-03-27T01:31:45","guid":{"rendered":"https:\/\/aiviouvapes.com\/?post_type=product&#038;p=118575"},"modified":"2026-04-22T09:03:50","modified_gmt":"2026-04-22T01:03:50","slug":"uzy-crystal-star-60k","status":"publish","type":"product","link":"https:\/\/aiviouvapes.com\/pl\/product\/uzy-crystal-star-60k\/","title":{"rendered":"UZY Crystal Star 60K | 60000 zaci\u0105gni\u0119\u0107, inteligentny wy\u015bwietlacz, podw\u00f3jna cewka siatkowa, 12 smak\u00f3w, jednorazowy vape luzem"},"content":{"rendered":"<h2>Poznaj UZY Crystal Star 60K \u2b50<\/h2>\n<p>Szukasz jednorazowego waporyzatora, kt\u00f3ry po prostu nie przestaje dzia\u0142a\u0107? The <strong>UZY Crystal Star 60000 Puffs<\/strong> zosta\u0142 stworzony dla vaper\u00f3w, kt\u00f3rzy nienawidz\u0105 ucieka\u0107. Z ogromnym <strong>Pojemno\u015b\u0107 e-liquidu 40 ml<\/strong>, <strong>technologia podw\u00f3jnej siatki cewek<\/strong> dla g\u0142adkiego i bogatego smaku oraz <strong>Inteligentny ekran wy\u015bwietlacza<\/strong> kt\u00f3ry \u015bledzi poziom na\u0142adowania baterii i soku w czasie rzeczywistym, ten model spe\u0142nia wszystkie wymagania. Niezale\u017cnie od tego, czy wapujesz przez ca\u0142y dzie\u0144, czy te\u017c zaopatrujesz p\u00f3\u0142ki dla swoich klient\u00f3w, Crystal Star 60K zapewnia to, co najlepsze.<\/p>\n<h2>Dlaczego warto wybra\u0107 UZY Crystal Star 60K? \u2705<\/h2>\n<ul>\n<li><strong>60000 zaci\u0105gni\u0119\u0107<\/strong> d\u0142ugotrwa\u0142a wydajno\u015b\u0107 - mniej wymian, wi\u0119cej przyjemno\u015bci \ud83d\udd25<\/li>\n<li><strong>Pojemno\u015b\u0107 e-liquidu 40 ml<\/strong> Dzi\u0119ki temu mo\u017cesz waporyzowa\u0107 tygodniami bez obaw.<\/li>\n<li><strong>Technologia podw\u00f3jnej cewki siatkowej<\/strong> dla p\u0142ynniejszych uderze\u0144 i odwa\u017cniejszego smaku \u2601\ufe0f<\/li>\n<li><strong>Inteligentny ekran wy\u015bwietlacza<\/strong> pokazuje poziom baterii i e-cieczy na pierwszy rzut oka \ud83d\udc40<\/li>\n<li><strong>Regulowany przep\u0142yw powietrza<\/strong> pozwala dostosowa\u0107 rysunek - ciasny lub przewiewny, tw\u00f3j wyb\u00f3r \ud83c\udf2c\ufe0f<\/li>\n<li><strong>Akumulator o pojemno\u015bci 650 mAh<\/strong> z szybkim \u0142adowaniem przez USB typu C \u26a1<\/li>\n<li><strong>12 opcji smakowych<\/strong> obejmuj\u0105ce owoce, l\u00f3d, s\u0142odycze i klasyczne profile \ud83c\udf53<\/li>\n<li><strong>Doskona\u0142e dla sklep\u00f3w i hurtowni<\/strong> - Kryszta\u0142owy wz\u00f3r o wysokim popycie, kt\u00f3ry szybko schodzi z p\u00f3\u0142ek \ud83d\udce6<\/li>\n<\/ul>\n<h2>Specyfikacja UZY Crystal Star 60K \ud83d\udccc<\/h2>\n<table>\n<tbody>\n<tr>\n<td><strong>Nazwa produktu<\/strong><\/td>\n<td>UZY Crystal Star 60000 puff\u00f3w jednorazowych Vape<\/td>\n<\/tr>\n<tr>\n<td><strong>Max Puffs<\/strong><\/td>\n<td>Do 60000 zaci\u0105gni\u0119\u0107<\/td>\n<\/tr>\n<tr>\n<td><strong>Pojemno\u015b\u0107 e-liquidu<\/strong><\/td>\n<td>40 ml<\/td>\n<\/tr>\n<tr>\n<td><strong>Cewka<\/strong><\/td>\n<td>Podw\u00f3jna cewka siatkowa<\/td>\n<\/tr>\n<tr>\n<td><strong>Si\u0142a nikotyny<\/strong><\/td>\n<td>0% \/ 2% \/ 3% \/ 5%<\/td>\n<\/tr>\n<tr>\n<td><strong>Bateria<\/strong><\/td>\n<td>Akumulator 650 mAh<\/td>\n<\/tr>\n<tr>\n<td><strong>\u0141adowanie<\/strong><\/td>\n<td>Szybkie \u0142adowanie przez USB typu C<\/td>\n<\/tr>\n<tr>\n<td><strong>Wy\u015bwietlacz<\/strong><\/td>\n<td>Inteligentny ekran (wska\u017anik baterii i e-cieczy)<\/td>\n<\/tr>\n<tr>\n<td><strong>Przep\u0142yw powietrza<\/strong><\/td>\n<td>Regulowany system przep\u0142ywu powietrza<\/td>\n<\/tr>\n<tr>\n<td><strong>Opakowanie<\/strong><\/td>\n<td>10 urz\u0105dze\u0144 w opakowaniu<\/td>\n<\/tr>\n<\/tbody>\n<\/table>\n<h2>UZY Crystal Star 60K Opcje smakowe \ud83c\udf53\ud83c\udf49\ud83e\uddca<\/h2>\n<p>UZY Crystal Star 60000 jest dost\u0119pny w nast\u0119puj\u0105cych wersjach <strong>12 pysznych smak\u00f3w<\/strong>, Ka\u017cdy z nich zosta\u0142 opracowany z my\u015bl\u0105 o p\u0142ynnej i satysfakcjonuj\u0105cej waporyzacji. Oto pe\u0142na oferta:<\/p>\n<ul>\n<li><strong>Bor\u00f3wka Malina<\/strong> - Soczysta jagoda \u0142\u0105czy si\u0119 z pikantn\u0105 malin\u0105, tworz\u0105c idealny jagodowy duet \ud83e\uded0<\/li>\n<li><strong>Kiwi Passion Fruit Guava<\/strong> - tropikalne trio, kt\u00f3re jest jasne, s\u0142odkie i orze\u017awiaj\u0105ce \ud83e\udd5d\ud83c\udf48<\/li>\n<li><strong>Wi\u015bnia cola lodowa<\/strong> - Klasyczna wi\u015bniowa cola z lodowym akcentem \ud83c\udf52\ud83e\uddca<\/li>\n<li><strong>Arbuz truskawkowy<\/strong> - s\u0142odka truskawka zmieszana ze \u015bwie\u017cym arbuzem \ud83c\udf53\ud83c\udf49<\/li>\n<li><strong>Jagody mieszane<\/strong> - mieszanka dojrza\u0142ych jag\u00f3d, zr\u00f3wnowa\u017cona i g\u0142adka \ud83c\udf47<\/li>\n<li><strong>L\u00f3d brzoskwiniowy<\/strong> - soczysta brzoskwinia z ch\u0142odnym mentolowym wyko\u0144czeniem \ud83c\udf51\u2744\ufe0f<\/li>\n<li><strong>Cytryna Limonka<\/strong> - cytrusowe po\u0142\u0105czenie, czyste i rze\u015bkie \ud83c\udf4b<\/li>\n<li><strong>L\u00f3d winogronowy<\/strong> - wyrazisty winogronowy smak z mro\u017anym kopem \ud83c\udf47\ud83e\uddca<\/li>\n<li><strong>Arbuzowy l\u00f3d<\/strong> - s\u0142odki arbuz z lodowatym wydechem \ud83c\udf49\u2744\ufe0f<\/li>\n<li><strong>Love 66<\/strong> - s\u0142odka, owocowa mieszanka cukierk\u00f3w, kt\u00f3r\u0105 fani uwielbiaj\u0105 \ud83d\udc95<\/li>\n<li><strong>Dwa jab\u0142ka<\/strong> - podw\u00f3jna jab\u0142kowa dobro\u0107 z nut\u0105 ch\u0142odu \ud83c\udf4f\ud83c\udf4e<\/li>\n<li><strong>L\u00f3d jagodowy<\/strong> - bogata jagoda z orze\u017awiaj\u0105cym lodowym wyko\u0144czeniem \ud83e\uded0\u2744\ufe0f<\/li>\n<\/ul>\n<h2>Stworzony dla sukcesu w sprzeda\u017cy detalicznej i hurtowej \ud83c\udfea\ud83d\udce6<\/h2>\n<p>The <strong>UZY Crystal Star 60K<\/strong> \u015bwietnie pasuje do <strong>osoby intensywnie u\u017cywaj\u0105ce e-papieros\u00f3w<\/strong> kt\u00f3rzy chc\u0105 trwa\u0142ego urz\u0105dzenia, <strong>mi\u0142o\u015bnicy smak\u00f3w<\/strong> kt\u00f3rzy ceni\u0105 sobie r\u00f3\u017cnorodno\u015b\u0107 i <strong>sklepy vape<\/strong> szukaj\u0105c przyci\u0105gaj\u0105cego wzrok kryszta\u0142owego wzoru, kt\u00f3ry sprzedaje si\u0119 sam. Dla <strong>dystrybutorzy i hurtownicy<\/strong>, Po\u0142\u0105czenie 60000 puff\u00f3w, inteligentnego ekranu i 12 popularnych smak\u00f3w sprawia, \u017ce jest to silny SKU w kategorii jednorazowych papieros\u00f3w z du\u017c\u0105 ilo\u015bci\u0105 puff\u00f3w.<\/p>\n<h2>UZY Crystal Star 60K FAQ \u2753<\/h2>\n<h3>Ile zaci\u0105gni\u0119\u0107 daje UZY Crystal Star?<\/h3>\n<p>UZY Crystal Star oferuje do <strong>60000 zaci\u0105gni\u0119\u0107<\/strong>, dzi\u0119ki czemu jest to jeden z najd\u0142u\u017cej dost\u0119pnych waporyzator\u00f3w jednorazowych.<\/p>\n<h3>Czy UZY Crystal Star 60K jest \u0142adowalny?<\/h3>\n<p>Tak! <strong>Bateria 650mAh<\/strong> z <strong>Szybkie \u0142adowanie przez USB typu C<\/strong>, dzi\u0119ki czemu mo\u017cna go szybko na\u0142adowa\u0107 i kontynuowa\u0107 waporyzacj\u0119. \u26a1<\/p>\n<h3>Jakie st\u0119\u017cenia nikotyny s\u0105 dost\u0119pne?<\/h3>\n<p>Do wyboru s\u0105 <strong>0%<\/strong>, <strong>2%<\/strong>, <strong>3%<\/strong>oraz <strong>5%<\/strong> opcje nikotynowe dopasowane do preferencji lub wymaga\u0144 rynku.<\/p>\n<h3>Ile e-liquidu mie\u015bci?<\/h3>\n<p>Posiada du\u017cy <strong>Pojemno\u015b\u0107 e-liquidu 40 ml<\/strong>, Dlatego jest w stanie dostarczy\u0107 tak wiele zaci\u0105gni\u0119\u0107 bez wysychania.<\/p>\n<h3>Jakiego typu cewki u\u017cywa?<\/h3>\n<p>U\u017cywa <strong>technologia podw\u00f3jnej siatki cewek<\/strong> dla g\u0142adszej pary i lepszego smaku przy ka\u017cdym zaci\u0105gni\u0119ciu. \u2601\ufe0f<\/p>\n<h3>Ile jest dost\u0119pnych smak\u00f3w?<\/h3>\n<p>Istniej\u0105 <strong>12 opcji smakowych<\/strong> W tym owocowe, lodowe, cukierkowe i klasyczne profile - co\u015b na ka\u017cdy gust.<\/p>\n<h3>Czy UZY Crystal Star jest dobry do sprzeda\u017cy hurtowej?<\/h3>\n<p>Absolutnie. Kryszta\u0142owy design \u015bwietnie prezentuje si\u0119 na p\u00f3\u0142kach sklepowych, liczba 60 tysi\u0119cy puff\u00f3w przemawia do ci\u0119\u017ckich u\u017cytkownik\u00f3w, a inteligentny wy\u015bwietlacz jest punktem sprzeda\u017cy, kt\u00f3ry klienci uwielbiaj\u0105. Zapakowany <strong>10 urz\u0105dze\u0144 w opakowaniu<\/strong>. \ud83d\udce6<\/p>","protected":false},"excerpt":{"rendered":"<p>Jednorazowy waporyzator UZY Crystal Star 60K z inteligentnym wy\u015bwietlaczem, podw\u00f3jnymi cewkami siatkowymi i regulowanym przep\u0142ywem powietrza. Ogromne 40 ml e-liquidu + 60000 zaci\u0105gni\u0119\u0107 - idealne dla nabywc\u00f3w detalicznych i hurtowych. \u2728<\/p>\n<h3>Ten produkt jest dost\u0119pny w magazynie w UE!<\/h3>\n<h4>Skr\u00f3\u0107 czas oczekiwania: <strong>Dostawa w ci\u0105gu 5-7 dni z naszej siedziby w Europie<\/strong> magazyn (dla domy\u015blnego <strong>Moc nikotyny 2%<\/strong> tylko wersja).<\/h4>\n<p><span style=\"font-size: 75%;\"><em>Wi\u0119kszo\u015b\u0107 zam\u00f3wie\u0144 wysy\u0142amy z naszego europejskiego magazynu, je\u015bli jest dost\u0119pny. Czasami, je\u015bli nie ma go w magazynie, zamiast tego wysy\u0142amy z Chin.<\/em><\/span><\/p>","protected":false},"featured_media":118664,"comment_status":"open","ping_status":"closed","template":"","meta":[],"product_brand":[254],"product_cat":[242,90,280,78,81,76,133,132,82,253],"product_tag":[556],"class_list":{"0":"post-118575","1":"product","2":"type-product","3":"status-publish","4":"has-post-thumbnail","6":"product_brand-uzy","7":"product_cat-60000-puffs-disposable-vape","8":"product_cat-big-puffs-vapes","9":"product_cat-cheap-rechargeable-disposable-vapes","10":"product_cat-crystal-vapes","11":"product_cat-digital-box-vapes","12":"product_cat-disposable-vape-types","13":"product_cat-disposable-vapes-in-europe","14":"product_cat-rechargeable-vapes","15":"product_cat-smart-screen-vapes","16":"product_cat-uzy","17":"product_tag-uzy-crystal-star-60000-disposable-vape","19":"first","20":"instock","21":"shipping-taxable","22":"purchasable","23":"product-type-variable","24":"has-default-attributes"},"jetpack_sharing_enabled":true,"tiered_pricing_type":"fixed","tiered_pricing_fixed_rules":{"30":8.519999999999999573674358543939888477325439453125,"50":7.2599999999999997868371792719699442386627197265625,"100":6.7400000000000002131628207280300557613372802734375,"200":6.46999999999999975131004248396493494510650634765625,"400":5.75},"tiered_pricing_product_settings":{"layout":"default","base_unit_name":{"singular":null,"plural":null},"default_variation":null},"tiered_pricing_minimum_quantity":10,"tiered_pricing_roles_data":[],"tiered_pricing_percentage_rules":[],"tiered_pricing_maximum_quantity":null,"tiered_pricing_quantity_step":"10","_links":{"self":[{"href":"https:\/\/aiviouvapes.com\/pl\/wp-json\/wp\/v2\/product\/118575","targetHints":{"allow":["GET"]}}],"collection":[{"href":"https:\/\/aiviouvapes.com\/pl\/wp-json\/wp\/v2\/product"}],"about":[{"href":"https:\/\/aiviouvapes.com\/pl\/wp-json\/wp\/v2\/types\/product"}],"replies":[{"embeddable":true,"href":"https:\/\/aiviouvapes.com\/pl\/wp-json\/wp\/v2\/comments?post=118575"}],"wp:featuredmedia":[{"embeddable":true,"href":"https:\/\/aiviouvapes.com\/pl\/wp-json\/wp\/v2\/media\/118664"}],"wp:attachment":[{"href":"https:\/\/aiviouvapes.com\/pl\/wp-json\/wp\/v2\/media?parent=118575"}],"wp:term":[{"taxonomy":"product_brand","embeddable":true,"href":"https:\/\/aiviouvapes.com\/pl\/wp-json\/wp\/v2\/product_brand?post=118575"},{"taxonomy":"product_cat","embeddable":true,"href":"https:\/\/aiviouvapes.com\/pl\/wp-json\/wp\/v2\/product_cat?post=118575"},{"taxonomy":"product_tag","embeddable":true,"href":"https:\/\/aiviouvapes.com\/pl\/wp-json\/wp\/v2\/product_tag?post=118575"}],"curies":[{"name":"wp","href":"https:\/\/api.w.org\/{rel}","templated":true}]}}