{"id":117910,"date":"2026-03-26T18:53:15","date_gmt":"2026-03-26T10:53:15","guid":{"rendered":"https:\/\/aiviouvapes.com\/?post_type=product&#038;p=117910"},"modified":"2026-04-15T09:06:08","modified_gmt":"2026-04-15T01:06:08","slug":"qq-bang-180000","status":"publish","type":"product","link":"https:\/\/aiviouvapes.com\/pl\/product\/qq-bang-180000\/","title":{"rendered":"QQ BANG 180000 | smak quad 4 w 1, 180000 zaci\u0105gni\u0119\u0107, ma\u0142pi design, jednorazowe vape luzem"},"content":{"rendered":"<p><img data-recalc-dims=\"1\" loading=\"lazy\" decoding=\"async\" class=\"alignnone size-full wp-image-117916\" src=\"https:\/\/i0.wp.com\/aiviouvapes.com\/wp-content\/uploads\/2026\/03\/QQ-BANG-180000-60ml-180k-puff-6.jpg?resize=800%2C1860&#038;ssl=1\" alt=\"QQ BANG 180000 60ml 180k puff 14\" width=\"800\" height=\"1860\" title=\"\" srcset=\"https:\/\/i0.wp.com\/aiviouvapes.com\/wp-content\/uploads\/2026\/03\/QQ-BANG-180000-60ml-180k-puff-6.jpg?w=800&amp;ssl=1 800w, https:\/\/i0.wp.com\/aiviouvapes.com\/wp-content\/uploads\/2026\/03\/QQ-BANG-180000-60ml-180k-puff-6.jpg?resize=129%2C300&amp;ssl=1 129w, https:\/\/i0.wp.com\/aiviouvapes.com\/wp-content\/uploads\/2026\/03\/QQ-BANG-180000-60ml-180k-puff-6.jpg?resize=440%2C1024&amp;ssl=1 440w, https:\/\/i0.wp.com\/aiviouvapes.com\/wp-content\/uploads\/2026\/03\/QQ-BANG-180000-60ml-180k-puff-6.jpg?resize=768%2C1786&amp;ssl=1 768w, https:\/\/i0.wp.com\/aiviouvapes.com\/wp-content\/uploads\/2026\/03\/QQ-BANG-180000-60ml-180k-puff-6.jpg?resize=661%2C1536&amp;ssl=1 661w, https:\/\/i0.wp.com\/aiviouvapes.com\/wp-content\/uploads\/2026\/03\/QQ-BANG-180000-60ml-180k-puff-6.jpg?resize=5%2C12&amp;ssl=1 5w\" sizes=\"auto, (max-width: 800px) 100vw, 800px\" \/><\/p>\n<h2>Poznaj QQ BANG 180000 \ud83d\udc35<\/h2>\n<p>Szukasz wysokiej jako\u015bci jednoraz\u00f3wki z osobowo\u015bci\u0105? The <strong>QQ BANG 180000<\/strong> zapewnia zabaw\u0119 dzi\u0119ki uroczemu wygl\u0105dowi ma\u0142pki i powa\u017cnej mocy waporyzacji. Z <strong>do 180000 zaci\u0105gni\u0119\u0107<\/strong>masywny <strong>Pojemno\u015b\u0107 e-liquidu 60 ml<\/strong> (15 ml x 4 komory) i prawdziwy <strong>System prze\u0142\u0105czania smak\u00f3w 4 w 1<\/strong>, Jest to produkt stworzony dla vaper\u00f3w, kt\u00f3rzy chc\u0105 r\u00f3\u017cnorodno\u015bci i d\u0142ugowieczno\u015bci w jednym urz\u0105dzeniu. M\u0105dry wyb\u00f3r dla sklep\u00f3w i hurtowni poszukuj\u0105cych produktu, kt\u00f3ry wyr\u00f3\u017cnia si\u0119 na p\u00f3\u0142ce.<\/p>\n<h2>Dlaczego warto wybra\u0107 QQ BANG 180000? \u2705<\/h2>\n<ul>\n<li><strong>Prze\u0142\u0105czanie smak\u00f3w 4 w 1<\/strong>-cztery smaki w jednym urz\u0105dzeniu, prze\u0142\u0105czaj si\u0119 w dowolnym momencie \ud83d\ude0b<\/li>\n<li><strong>Do 180000 zaci\u0105gni\u0119\u0107<\/strong> dla bardzo d\u0142ugiego u\u017cytkowania i mniejszej liczby wymian \ud83d\udd25<\/li>\n<li><strong>60 ml e-liquidu<\/strong> pojemno\u015b\u0107 (15 ml x 4 komory) dla d\u0142u\u017cszych sesji<\/li>\n<li><strong>Poczw\u00f3rna cewka siatkowa<\/strong> (1,0\u03a9 x 4) dla bogatego smaku i g\u0142adkiej pary \u2601\ufe0f<\/li>\n<li><strong>Zabawny wz\u00f3r ma\u0142pki<\/strong>-Przyci\u0105gaj\u0105ce wzrok, kolekcjonerskie i \u015bwietne do medi\u00f3w spo\u0142eczno\u015bciowych \ud83d\udc35<\/li>\n<li><strong>Szybkie \u0142adowanie typu C<\/strong> z akumulatorem o pojemno\u015bci 650 mAh \u26a1<\/li>\n<li><strong>Wiele opcji nikotyny<\/strong> (2% \/ 5%) dla r\u00f3\u017cnych rynk\u00f3w<\/li>\n<li><strong>Idealny dla sklep\u00f3w i hurtowni<\/strong>-zabawny design + du\u017ca liczba puff\u00f3w = szybko zmieniaj\u0105ce si\u0119 SKU \ud83d\udce6<\/li>\n<\/ul>\n<h2>Specyfikacja QQ BANG 180000 \ud83d\udccc<\/h2>\n<table>\n<tbody>\n<tr>\n<td><strong>Nazwa produktu<\/strong><\/td>\n<td>QQ BANG 180000 Vape jednorazowego u\u017cytku<\/td>\n<\/tr>\n<tr>\n<td><strong>Max Puffs<\/strong><\/td>\n<td>Do 180000 zaci\u0105gni\u0119\u0107<\/td>\n<\/tr>\n<tr>\n<td><strong>Pojemno\u015b\u0107 e-liquidu<\/strong><\/td>\n<td>60 ml (15 ml x 4)<\/td>\n<\/tr>\n<tr>\n<td><strong>Cewka<\/strong><\/td>\n<td>Cewka siatkowa 1,0\u03a9 x 4<\/td>\n<\/tr>\n<tr>\n<td><strong>Si\u0142a nikotyny<\/strong><\/td>\n<td>2% \/ 5%<\/td>\n<\/tr>\n<tr>\n<td><strong>Bateria<\/strong><\/td>\n<td>650mAh<\/td>\n<\/tr>\n<tr>\n<td><strong>\u0141adowanie<\/strong><\/td>\n<td>Szybkie \u0142adowanie przez USB typu C<\/td>\n<\/tr>\n<tr>\n<td><strong>Smaki<\/strong><\/td>\n<td>12 kombinacji smakowych (4 w 1)<\/td>\n<\/tr>\n<tr>\n<td><strong>Waga produktu<\/strong><\/td>\n<td>159 g \/ szt.<\/td>\n<\/tr>\n<tr>\n<td><strong>Pakowanie<\/strong><\/td>\n<td>10 sztuk \/ pude\u0142ko, 100 sztuk \/ karton<\/td>\n<\/tr>\n<tr>\n<td><strong>Waga kartonu<\/strong><\/td>\n<td>17 kg<\/td>\n<\/tr>\n<\/tbody>\n<\/table>\n<h2>Kombinacje smakowe 4 w 1 (12 opcji) \ud83c\udf53\ud83c\udf49\ud83e\uddca<\/h2>\n<p>Ka\u017cdy QQ BANG 180000 jest wyposa\u017cony w <strong>4 smaki w 1 urz\u0105dzeniu<\/strong>. Wystarczy prze\u0142\u0105cza\u0107 si\u0119 mi\u0119dzy przedzia\u0142ami, aby w ka\u017cdej chwili cieszy\u0107 si\u0119 \u015bwie\u017cym smakiem. Oto wszystkie 12 kombinacji:<\/p>\n<table>\n<thead>\n<tr>\n<th>Nie.<\/th>\n<th>Kombinacja smak\u00f3w (4 w 1)<\/th>\n<\/tr>\n<\/thead>\n<tbody>\n<tr>\n<td>1<\/td>\n<td><strong>Owoce tropikalne<\/strong> \/ <strong>L\u00f3d brzoskwiniowy<\/strong> \/ <strong>Kr\u0119gle<\/strong> \/ <strong>Arbuz truskawkowy<\/strong><\/td>\n<\/tr>\n<tr>\n<td>2<\/td>\n<td><strong>Mango Brzoskwinia<\/strong> \/ <strong>L\u00f3d winogronowy<\/strong> \/ <strong>Jagody mieszane<\/strong> \/ <strong>Jagodowy Red Bull<\/strong><\/td>\n<\/tr>\n<tr>\n<td>3<\/td>\n<td><strong>Arbuzowy l\u00f3d<\/strong> \/ <strong>Aloe Apple<\/strong> \/ <strong>Malina z cytryn\u0105<\/strong> \/ <strong>Brzoskwinia Mango Arbuz<\/strong><\/td>\n<\/tr>\n<tr>\n<td>4<\/td>\n<td><strong>Potr\u00f3jne Mango<\/strong> \/ <strong>L\u00f3d jagodowy<\/strong> \/ <strong>L\u00f3d ananasowy z czarn\u0105 porzeczk\u0105<\/strong> \/ <strong>L\u00f3d brzoskwiniowo-gruszkowy<\/strong><\/td>\n<\/tr>\n<tr>\n<td>5<\/td>\n<td><strong>Arbuz jagodowy<\/strong> \/ <strong>Cherry Ice<\/strong> \/ <strong>Kiwi Passionfruit Guava<\/strong> \/ <strong>Lodowy Czarny Smok<\/strong><\/td>\n<\/tr>\n<tr>\n<td>6<\/td>\n<td><strong>L\u00f3d bananowy<\/strong> \/ <strong>Arbuz Bubblegum<\/strong> \/ <strong>Jagoda Winogrono<\/strong> \/ <strong>Aloe Mango Melon<\/strong><\/td>\n<\/tr>\n<tr>\n<td>7<\/td>\n<td><strong>Cappuccino<\/strong> \/ <strong>L\u00f3d ananasowy<\/strong> \/ <strong>Jagoda \u017burawina Wi\u015bnia<\/strong> \/ <strong>Arbuz Smoczy Owoc<\/strong><\/td>\n<\/tr>\n<tr>\n<td>8<\/td>\n<td><strong>Truskawka Kiwi<\/strong> \/ <strong>Jab\u0142ko Winogrono<\/strong> \/ <strong>Potr\u00f3jny Melon<\/strong> \/ <strong>Cytryna Limonka<\/strong><\/td>\n<\/tr>\n<tr>\n<td>9<\/td>\n<td><strong>Czarna porzeczka<\/strong> \/ <strong>Love 66<\/strong> \/ <strong>Jagoda Je\u017cyna Truskawka<\/strong> \/ <strong>Mango truskawkowe<\/strong><\/td>\n<\/tr>\n<tr>\n<td>10<\/td>\n<td><strong>Ananas Kokos<\/strong> \/ <strong>L\u00f3d truskawkowy<\/strong> \/ <strong>Mi\u0119ta jagodowa<\/strong> \/ <strong>Zielone Jab\u0142ko Kiwi<\/strong><\/td>\n<\/tr>\n<tr>\n<td>11<\/td>\n<td><strong>L\u00f3d brzoskwiniowy z marakuj\u0105 i ananasem<\/strong> \/ <strong>Apple Ice<\/strong> \/ <strong>Blueberry Peach<\/strong> \/ <strong>Malina winogrono<\/strong><\/td>\n<\/tr>\n<tr>\n<td>12<\/td>\n<td><strong>Arbuz malinowy<\/strong> \/ <strong>Lody truskawkowe<\/strong> \/ <strong>Lemoniada brzoskwiniowa<\/strong> \/ <strong>Gummy Bear<\/strong><\/td>\n<\/tr>\n<\/tbody>\n<\/table>\n<p>Od owocowych i lodowych po cukierkowe i kawowe - ka\u017cdy znajdzie co\u015b dla siebie.<\/p>\n<h2>Jak zmienia\u0107 smaki \ud83d\udd04<\/h2>\n<p>Ka\u017cdy QQ BANG 180000 ma <strong>4 oddzielne komory smakowe<\/strong>. Wystarczy je obraca\u0107 lub prze\u0142\u0105cza\u0107 mi\u0119dzy nimi, aby cieszy\u0107 si\u0119 innym smakiem. Bez przycisk\u00f3w, bez k\u0142opot\u00f3w - po prostu przekr\u0119\u0107 i wapuj.<\/p>\n<h2>Stworzony dla sukcesu w sprzeda\u017cy detalicznej i hurtowej \ud83c\udfea\ud83d\udce6<\/h2>\n<p>The <strong>QQ BANG 180000<\/strong> \u015bwietnie pasuje do <strong>u\u017cytkownicy intensywnie korzystaj\u0105cy<\/strong> kt\u00f3rzy oczekuj\u0105 wyj\u0105tkowo d\u0142ugotrwa\u0142ej wydajno\u015bci, <strong>mi\u0142o\u015bnicy smak\u00f3w<\/strong> kt\u00f3rzy lubi\u0105 zmienia\u0107 smaki i <strong>sklepy vape<\/strong> kt\u00f3rzy chc\u0105 przyci\u0105gaj\u0105cego wzrok produktu z zabawnym wzorem ma\u0142py. Dla <strong>dystrybutorzy i hurtownicy<\/strong>, Unikalny wygl\u0105d i funkcja 4 w 1 sprawiaj\u0105, \u017ce \u0142atwo go sprzeda\u0107 - klienci zapami\u0119tuj\u0105 go i wracaj\u0105 po wi\u0119cej.<\/p>\n<h2>QQ BANG 180000 FAQ \u2753<\/h2>\n<h3>Ile zaci\u0105gni\u0119\u0107 zapewnia QQ BANG 180000?<\/h3>\n<p>A\u017c do <strong>180000 zaci\u0105gni\u0119\u0107<\/strong>, Dzi\u0119ki du\u017cej pojemno\u015bci 60 ml e-liquidu podzielonej na 4 komory.<\/p>\n<h3>Jak dzia\u0142a system aromat\u00f3w 4 w 1?<\/h3>\n<p>Ka\u017cde urz\u0105dzenie ma <strong>4 oddzielne komory smakowe<\/strong> (15 ml ka\u017cdy). Obracaj lub prze\u0142\u0105czaj si\u0119 mi\u0119dzy nimi, aby cieszy\u0107 si\u0119 innym smakiem w dowolnym momencie. \ud83d\udd04<\/p>\n<h3>Czy to urz\u0105dzenie jest \u0142adowalne?<\/h3>\n<p>Tak, ma <strong>650mAh<\/strong> bateria z <strong>Szybkie \u0142adowanie przez USB typu C<\/strong>. \u26a1<\/p>\n<h3>Jakie st\u0119\u017cenia nikotyny s\u0105 dost\u0119pne?<\/h3>\n<p>Jest dost\u0119pny w <strong>2%<\/strong> i <strong>5%<\/strong> opcje nikotynowe, w zale\u017cno\u015bci od potrzeb rynku.<\/p>\n<h3>Ile e-liquidu znajduje si\u0119 w \u015brodku?<\/h3>\n<p>\u0141\u0105cznie <strong>60 ml<\/strong> e-liquid, podzielony na 4 przedzia\u0142y po 15 ml ka\u017cdy.<\/p>\n<h3>Czy jest to dobre rozwi\u0105zanie dla sklep\u00f3w vape i zam\u00f3wie\u0144 hurtowych?<\/h3>\n<p>Absolutnie. Zabawny design ma\u0142pki, funkcja 4 w 1 i bardzo du\u017ca liczba puff\u00f3w sprawiaj\u0105, \u017ce jest to wyr\u00f3\u017cniaj\u0105cy si\u0119 produkt dla <strong>p\u00f3\u0142ki sklepowe<\/strong> i <strong>dystrybucja masowa<\/strong>. \ud83d\udce6<\/p>\n<h3>Jaka jest waga urz\u0105dzenia?<\/h3>\n<p>Ka\u017cda sztuka wa\u017cy <strong>159g<\/strong>. Opakowanie: 10 sztuk w pude\u0142ku, 100 sztuk w kartonie (17 kg).<\/p>\n<p><img data-recalc-dims=\"1\" loading=\"lazy\" decoding=\"async\" class=\"alignnone size-full wp-image-117913\" src=\"https:\/\/i0.wp.com\/aiviouvapes.com\/wp-content\/uploads\/2026\/03\/QQ-BANG-180000-60ml-180k-puff-3.jpg?resize=800%2C470&#038;ssl=1\" alt=\"QQ BANG 180000 60ml 180k puff 14\" width=\"800\" height=\"470\" title=\"\" srcset=\"https:\/\/i0.wp.com\/aiviouvapes.com\/wp-content\/uploads\/2026\/03\/QQ-BANG-180000-60ml-180k-puff-3.jpg?w=800&amp;ssl=1 800w, https:\/\/i0.wp.com\/aiviouvapes.com\/wp-content\/uploads\/2026\/03\/QQ-BANG-180000-60ml-180k-puff-3.jpg?resize=300%2C176&amp;ssl=1 300w, https:\/\/i0.wp.com\/aiviouvapes.com\/wp-content\/uploads\/2026\/03\/QQ-BANG-180000-60ml-180k-puff-3.jpg?resize=768%2C451&amp;ssl=1 768w, https:\/\/i0.wp.com\/aiviouvapes.com\/wp-content\/uploads\/2026\/03\/QQ-BANG-180000-60ml-180k-puff-3.jpg?resize=18%2C12&amp;ssl=1 18w\" sizes=\"auto, (max-width: 800px) 100vw, 800px\" \/> <img data-recalc-dims=\"1\" loading=\"lazy\" decoding=\"async\" class=\"alignnone size-full wp-image-117912\" src=\"https:\/\/i0.wp.com\/aiviouvapes.com\/wp-content\/uploads\/2026\/03\/QQ-BANG-180000-60ml-180k-puff-2.jpg?resize=800%2C470&#038;ssl=1\" alt=\"QQ BANG 180000 60ml 180k puff 14\" width=\"800\" height=\"470\" title=\"\" srcset=\"https:\/\/i0.wp.com\/aiviouvapes.com\/wp-content\/uploads\/2026\/03\/QQ-BANG-180000-60ml-180k-puff-2.jpg?w=800&amp;ssl=1 800w, https:\/\/i0.wp.com\/aiviouvapes.com\/wp-content\/uploads\/2026\/03\/QQ-BANG-180000-60ml-180k-puff-2.jpg?resize=300%2C176&amp;ssl=1 300w, https:\/\/i0.wp.com\/aiviouvapes.com\/wp-content\/uploads\/2026\/03\/QQ-BANG-180000-60ml-180k-puff-2.jpg?resize=768%2C451&amp;ssl=1 768w, https:\/\/i0.wp.com\/aiviouvapes.com\/wp-content\/uploads\/2026\/03\/QQ-BANG-180000-60ml-180k-puff-2.jpg?resize=18%2C12&amp;ssl=1 18w\" sizes=\"auto, (max-width: 800px) 100vw, 800px\" \/> <img data-recalc-dims=\"1\" loading=\"lazy\" decoding=\"async\" class=\"alignnone size-full wp-image-117911\" src=\"https:\/\/i0.wp.com\/aiviouvapes.com\/wp-content\/uploads\/2026\/03\/QQ-BANG-180000-60ml-180k-puff-1.jpg?resize=800%2C470&#038;ssl=1\" alt=\"QQ BANG 180000 60ml 180k puff 14\" width=\"800\" height=\"470\" title=\"\" srcset=\"https:\/\/i0.wp.com\/aiviouvapes.com\/wp-content\/uploads\/2026\/03\/QQ-BANG-180000-60ml-180k-puff-1.jpg?w=800&amp;ssl=1 800w, https:\/\/i0.wp.com\/aiviouvapes.com\/wp-content\/uploads\/2026\/03\/QQ-BANG-180000-60ml-180k-puff-1.jpg?resize=300%2C176&amp;ssl=1 300w, https:\/\/i0.wp.com\/aiviouvapes.com\/wp-content\/uploads\/2026\/03\/QQ-BANG-180000-60ml-180k-puff-1.jpg?resize=768%2C451&amp;ssl=1 768w, https:\/\/i0.wp.com\/aiviouvapes.com\/wp-content\/uploads\/2026\/03\/QQ-BANG-180000-60ml-180k-puff-1.jpg?resize=18%2C12&amp;ssl=1 18w\" sizes=\"auto, (max-width: 800px) 100vw, 800px\" \/><\/p>","protected":false},"excerpt":{"rendered":"<p>Jednorazowy waporyzator QQ BANG 180000 4 w 1 z zabawnym wzorem ma\u0142pki, cewk\u0105 siatkow\u0105 x4, \u0142adowaniem typu C i 12 kombinacjami smakowymi. Ogromne 60 ml e-liquidu + 180000 zaci\u0105gni\u0119\u0107 - idealne dla nabywc\u00f3w detalicznych i hurtowych. \u2728<\/p>\n<h3>Ten produkt jest dost\u0119pny w magazynie w UE!<\/h3>\n<h4>Skr\u00f3\u0107 czas oczekiwania: <strong>Dostawa w ci\u0105gu 5-7 dni z naszej siedziby w Europie<\/strong> magazyn (dla domy\u015blnego <strong>Moc nikotyny 2%<\/strong> tylko wersja).<\/h4>\n<p><span style=\"font-size: 75%;\"><em>Wi\u0119kszo\u015b\u0107 zam\u00f3wie\u0144 wysy\u0142amy z naszego europejskiego magazynu, je\u015bli jest dost\u0119pny. Czasami, je\u015bli nie ma go w magazynie, zamiast tego wysy\u0142amy z Chin.<\/em><\/span><\/p>","protected":false},"featured_media":117923,"comment_status":"open","ping_status":"closed","template":"","meta":[],"product_brand":[239],"product_cat":[336,37,320,90,280,76,133,136,137,138,139,141,143,132],"product_tag":[499,408,351,349,478,543,541,542],"class_list":{"0":"post-117910","1":"product","2":"type-product","3":"status-publish","4":"has-post-thumbnail","6":"product_brand-bang","7":"product_cat-100k-puffs-disposable-vape","8":"product_cat-bang","9":"product_cat-best-disposable-vapes","10":"product_cat-big-puffs-vapes","11":"product_cat-cheap-rechargeable-disposable-vapes","12":"product_cat-disposable-vape-types","13":"product_cat-disposable-vapes-in-europe","14":"product_cat-disposable-vapes-in-france","15":"product_cat-disposable-vapes-in-germany","16":"product_cat-disposable-vapes-in-ltaly","17":"product_cat-disposable-vapes-in-netherlands","18":"product_cat-disposable-vapes-in-poland","19":"product_cat-disposable-vapes-in-spain","20":"product_cat-rechargeable-vapes","21":"product_tag-180000-puffs-vape","22":"product_tag-4-in-1-disposable-vape","23":"product_tag-4-in-1-flavor-vape","24":"product_tag-bulk-disposable-vape","25":"product_tag-high-puff-disposable-vape","26":"product_tag-monkey-design-vape","27":"product_tag-qq-bang","28":"product_tag-qq-bang-180000","30":"first","31":"instock","32":"shipping-taxable","33":"purchasable","34":"product-type-variable","35":"has-default-attributes"},"jetpack_sharing_enabled":true,"tiered_pricing_type":"fixed","tiered_pricing_fixed_rules":{"30":9.3800000000000007815970093361102044582366943359375,"50":7.79000000000000003552713678800500929355621337890625,"100":7.2599999999999997868371792719699442386627197265625,"200":6.5999999999999996447286321199499070644378662109375,"400":5.9900000000000002131628207280300557613372802734375},"tiered_pricing_product_settings":{"layout":"default","base_unit_name":{"singular":null,"plural":null},"default_variation":null},"tiered_pricing_minimum_quantity":10,"tiered_pricing_roles_data":[],"tiered_pricing_percentage_rules":[],"tiered_pricing_maximum_quantity":null,"tiered_pricing_quantity_step":"10","_links":{"self":[{"href":"https:\/\/aiviouvapes.com\/pl\/wp-json\/wp\/v2\/product\/117910","targetHints":{"allow":["GET"]}}],"collection":[{"href":"https:\/\/aiviouvapes.com\/pl\/wp-json\/wp\/v2\/product"}],"about":[{"href":"https:\/\/aiviouvapes.com\/pl\/wp-json\/wp\/v2\/types\/product"}],"replies":[{"embeddable":true,"href":"https:\/\/aiviouvapes.com\/pl\/wp-json\/wp\/v2\/comments?post=117910"}],"wp:featuredmedia":[{"embeddable":true,"href":"https:\/\/aiviouvapes.com\/pl\/wp-json\/wp\/v2\/media\/117923"}],"wp:attachment":[{"href":"https:\/\/aiviouvapes.com\/pl\/wp-json\/wp\/v2\/media?parent=117910"}],"wp:term":[{"taxonomy":"product_brand","embeddable":true,"href":"https:\/\/aiviouvapes.com\/pl\/wp-json\/wp\/v2\/product_brand?post=117910"},{"taxonomy":"product_cat","embeddable":true,"href":"https:\/\/aiviouvapes.com\/pl\/wp-json\/wp\/v2\/product_cat?post=117910"},{"taxonomy":"product_tag","embeddable":true,"href":"https:\/\/aiviouvapes.com\/pl\/wp-json\/wp\/v2\/product_tag?post=117910"}],"curies":[{"name":"wp","href":"https:\/\/api.w.org\/{rel}","templated":true}]}}