{"id":117908,"date":"2026-03-26T18:57:59","date_gmt":"2026-03-26T10:57:59","guid":{"rendered":"https:\/\/aiviouvapes.com\/?post_type=product&#038;p=117908"},"modified":"2026-04-15T09:06:22","modified_gmt":"2026-04-15T01:06:22","slug":"bang-legend-geek-300k","status":"publish","type":"product","link":"https:\/\/aiviouvapes.com\/pl\/product\/bang-legend-geek-300k\/","title":{"rendered":"Bang Legend Geek 300K | Prze\u0142\u0105cznik smak\u00f3w 8 w 1, 300000 zaci\u0105gni\u0119\u0107, \u0142adowalny, jednorazowy vape luzem"},"content":{"rendered":"<h2>Poznaj Bang Legend Geek 300K \u26a1<\/h2>\n<p>Gotowy na kolejny poziom jednorazowej waporyzacji? The <strong>Bang Legend Geek 300K<\/strong> to pakuj\u0105ca si\u0119 bestia <strong>do 300000 zaci\u0105gni\u0119\u0107<\/strong> i innowacyjny <strong>System prze\u0142\u0105czania smak\u00f3w 8 w 1<\/strong> w jednym futurystycznym urz\u0105dzeniu. Dzi\u0119ki odwa\u017cnemu wzornictwu inspirowanemu geekami, pot\u0119\u017cnej cewce siatkowej i akumulatorowi typu C, jest on przeznaczony dla vaper\u00f3w, kt\u00f3rzy chc\u0105 maksymalnej wydajno\u015bci i r\u00f3\u017cnorodno\u015bci. Dla sklep\u00f3w i hurtownik\u00f3w jest to bardzo poszukiwany SKU w kategorii mega-puff.<\/p>\n<h2>Dlaczego warto wybra\u0107 Bang Legend Geek 300K? \u2705<\/h2>\n<ul>\n<li><strong>Prze\u0142\u0105cznik smaku 8 w 1<\/strong>-Osiem tryb\u00f3w smakowych w jednym urz\u0105dzeniu dla maksymalnej r\u00f3\u017cnorodno\u015bci \ud83d\ude0b<\/li>\n<li><strong>Do 300000 zaci\u0105gni\u0119\u0107<\/strong> dla bardzo d\u0142ugiego u\u017cytkowania i rzadszej wymiany urz\u0105dze\u0144 \ud83d\udd25<\/li>\n<li><strong>Technologia cewek siatkowych<\/strong> dla wyrazistego, g\u0142adkiego smaku i g\u0119stej pary \u2601\ufe0f<\/li>\n<li><strong>Akumulator typu C<\/strong> do wygodnego codziennego u\u017cytku \u26a1<\/li>\n<li><strong>Futurystyczny design w stylu geek<\/strong>-Odwa\u017cny, inspirowany technologi\u0105 wygl\u0105d, kt\u00f3ry si\u0119 wyr\u00f3\u017cnia \ud83c\udfae<\/li>\n<li><strong>Inteligentny system przep\u0142ywu powietrza<\/strong> dla p\u0142ynnego i satysfakcjonuj\u0105cego przeci\u0105gania za ka\u017cdym razem<\/li>\n<li><strong>Aktywowane rysowaniem<\/strong>-Bez przycisk\u00f3w, po prostu wdychaj i ciesz si\u0119<\/li>\n<li><strong>Doskona\u0142e dla sklep\u00f3w i hurtowni<\/strong>-mega liczba dmuchni\u0119\u0107 + funkcja 8 w 1 = szybka sprzeda\u017c \ud83d\udce6<\/li>\n<\/ul>\n<h2>Specyfikacja Bang Legend Geek 300K \ud83d\udccc<\/h2>\n<table>\n<tbody>\n<tr>\n<td><strong>Nazwa produktu<\/strong><\/td>\n<td>Bang Legend Geek 300K Jednorazowy Vape<\/td>\n<\/tr>\n<tr>\n<td><strong>Max Puffs<\/strong><\/td>\n<td>Do 300000 zaci\u0105gni\u0119\u0107<\/td>\n<\/tr>\n<tr>\n<td><strong>System aromat\u00f3w<\/strong><\/td>\n<td>Komora aromatu 8 w 1<\/td>\n<\/tr>\n<tr>\n<td><strong>Cewka<\/strong><\/td>\n<td>Siatkowa cewka<\/td>\n<\/tr>\n<tr>\n<td><strong>Si\u0142a nikotyny<\/strong><\/td>\n<td>0% \/ 2% \/ 3% \/ 5%<\/td>\n<\/tr>\n<tr>\n<td><strong>Bateria<\/strong><\/td>\n<td>Akumulator<\/td>\n<\/tr>\n<tr>\n<td><strong>\u0141adowanie<\/strong><\/td>\n<td>USB typu C<\/td>\n<\/tr>\n<tr>\n<td><strong>Projekt<\/strong><\/td>\n<td>Futurystyczny styl maniaka<\/td>\n<\/tr>\n<tr>\n<td><strong>Aktywacja<\/strong><\/td>\n<td>Draw-Activated (bez przycisk\u00f3w)<\/td>\n<\/tr>\n<\/tbody>\n<\/table>\n<h2>Kombinacje smakowe 8 w 1 (13 opcji) \ud83c\udf53\ud83c\udf49\ud83e\uddca<\/h2>\n<p>Ka\u017cdy Bang Legend Geek 300K wyposa\u017cony jest w innowacyjny <strong>System prze\u0142\u0105czania smak\u00f3w 8 w 1<\/strong>. Ka\u017cde urz\u0105dzenie zawiera cztery podstawowe smaki oraz cztery automatyczne kombinacje mieszanek (1+2, 2+3, 3+4, 4+1), zapewniaj\u0105c zar\u00f3wno czyste smaki, jak i mieszane smaki w jednym waporyzatorze.<\/p>\n<table>\n<thead>\n<tr>\n<th>Nie.<\/th>\n<th>Zestaw smakowy (4 podstawowe smaki)<\/th>\n<\/tr>\n<\/thead>\n<tbody>\n<tr>\n<td>1<\/td>\n<td><strong>Mamba<\/strong> \/ <strong>Brzoskwinia Mango Arbuz<\/strong> \/ <strong>Nap\u00f3j energetyczny<\/strong> \/ <strong>L\u00f3d winogronowy<\/strong><\/td>\n<\/tr>\n<tr>\n<td>2<\/td>\n<td><strong>Mango z owocami m\u0119czennicy<\/strong> \/ <strong>Brzoskwinia Ananas<\/strong> \/ <strong>Bor\u00f3wka Malina<\/strong> \/ <strong>Arbuzowy l\u00f3d<\/strong><\/td>\n<\/tr>\n<tr>\n<td>3<\/td>\n<td><strong>Cytryna Kwa\u015bna Pomara\u0144cza<\/strong> \/ <strong>Mango Brzoskwinia<\/strong> \/ <strong>Arbuzowy l\u00f3d<\/strong> \/ <strong>Berry Ice<\/strong><\/td>\n<\/tr>\n<tr>\n<td>4<\/td>\n<td><strong>Jab\u0142ko Gruszka<\/strong> \/ <strong>Mango truskawkowe<\/strong> \/ <strong>Arbuz truskawkowy<\/strong> \/ <strong>L\u00f3d jagodowy<\/strong><\/td>\n<\/tr>\n<tr>\n<td>5<\/td>\n<td><strong>Arbuz Berry<\/strong> \/ <strong>Mango Brzoskwinia Morela<\/strong> \/ <strong>Truskawka Kiwi<\/strong> \/ <strong>Brzoskwinia Mango Arbuz<\/strong><\/td>\n<\/tr>\n<tr>\n<td>6<\/td>\n<td><strong>Czas letni<\/strong> \/ <strong>Mango Ice<\/strong> \/ <strong>Love 66<\/strong> \/ <strong>Kwa\u015bny ananas z mango<\/strong><\/td>\n<\/tr>\n<tr>\n<td>7<\/td>\n<td><strong>Kiwi Passion Fruit Guava<\/strong> \/ <strong>L\u00f3d winogronowy<\/strong> \/ <strong>Nami\u0119tny poca\u0142unek<\/strong> \/ <strong>Arbuz Kwa\u015bna Brzoskwinia<\/strong><\/td>\n<\/tr>\n<tr>\n<td>8<\/td>\n<td><strong>Arbuz Smoczy Owoc<\/strong> \/ <strong>Jab\u0142ko Gruszka<\/strong> \/ <strong>Passion Fruit Kiwi Lime<\/strong> \/ <strong>Blueberry Peach<\/strong><\/td>\n<\/tr>\n<tr>\n<td>9<\/td>\n<td><strong>Banan truskawkowy<\/strong> \/ <strong>Arbuz Berry<\/strong> \/ <strong>L\u00f3d jagodowy<\/strong> \/ <strong>Fuji Ice<\/strong><\/td>\n<\/tr>\n<tr>\n<td>10<\/td>\n<td><strong>Gummy Bear<\/strong> \/ <strong>Jagody mieszane<\/strong> \/ <strong>Arbuz truskawkowy<\/strong> \/ <strong>Lime Romance<\/strong><\/td>\n<\/tr>\n<tr>\n<td>11<\/td>\n<td><strong>Arbuzowa guma balonowa<\/strong> \/ <strong>L\u00f3d jagodowo-brzoskwiniowy<\/strong> \/ <strong>Jab\u0142ko kantalupa<\/strong> \/ <strong>Banan truskawkowy<\/strong><\/td>\n<\/tr>\n<tr>\n<td>12<\/td>\n<td><strong>Arbuz Kwa\u015bna Brzoskwinia<\/strong> \/ <strong>L\u00f3d jagodowy<\/strong> \/ <strong>Wi\u015bnia kalifornijska<\/strong> \/ <strong>Mango truskawkowe<\/strong><\/td>\n<\/tr>\n<\/tbody>\n<\/table>\n<p>Od owocowych i lodowych po s\u0142odycze i napoje energetyczne - ka\u017cdy znajdzie co\u015b dla siebie.<\/p>\n<h2>Jak dzia\u0142a system aromat\u00f3w 8 w 1 \ud83d\udd04<\/h2>\n<p>Bang Legend Geek 300K wykorzystuje <strong>Komora aromatu 8 w 1<\/strong> z 4 podstawowymi smakami na urz\u0105dzenie. Opr\u00f3cz 4 czystych smak\u00f3w, urz\u0105dzenie automatycznie tworzy 4 mieszane kombinacje (1+2, 2+3, 3+4, 4+1), zapewniaj\u0105c Ci <strong>8 wyj\u0105tkowych dozna\u0144 smakowych<\/strong> z jednego urz\u0105dzenia. Proste, zabawne i idealne dla vaper\u00f3w, kt\u00f3rzy \u0142atwo si\u0119 nudz\u0105.<\/p>\n<h2>Stworzony dla sukcesu w sprzeda\u017cy detalicznej i hurtowej \ud83c\udfea\ud83d\udce6<\/h2>\n<p>The <strong>Bang Legend Geek 300K<\/strong> jest idealnym rozwi\u0105zaniem dla <strong>u\u017cytkownicy intensywnie korzystaj\u0105cy<\/strong> kt\u00f3rzy oczekuj\u0105 maksymalnej wydajno\u015bci puff, <strong>poszukiwacze smak\u00f3w<\/strong> kt\u00f3rzy uwielbiaj\u0105 prze\u0142\u0105cza\u0107 si\u0119 mi\u0119dzy smakami i <strong>sklepy vape<\/strong> kt\u00f3rzy chc\u0105 produktu premium o odwa\u017cnym, futurystycznym wygl\u0105dzie. Dla <strong>dystrybutorzy i hurtownicy<\/strong>, Liczba puff\u00f3w na poziomie 300 tys. i funkcja 8 w 1 sprawiaj\u0105, \u017ce jest to lider w swojej kategorii - wysoki popyt, \u015bwietne mar\u017ce i du\u017ca powtarzalno\u015b\u0107 zakup\u00f3w.<\/p>\n<h2>Bang Legend Geek 300K FAQ \u2753<\/h2>\n<h3>Jak wiele zaci\u0105gni\u0119\u0107 oferuje Bang Legend Geek 300K?<\/h3>\n<p>A\u017c do <strong>300000 zaci\u0105gni\u0119\u0107<\/strong>, dzi\u0119ki czemu jest to jeden z dost\u0119pnych waporyzator\u00f3w jednorazowych o najwi\u0119kszej pojemno\u015bci.<\/p>\n<h3>Jak dzia\u0142a system aromat\u00f3w 8 w 1?<\/h3>\n<p>Ka\u017cde urz\u0105dzenie ma <strong>4 podstawowe smaki<\/strong>. System tworzy r\u00f3wnie\u017c 4 automatyczne kombinacje mieszane (1+2, 2+3, 3+4, 4+1), w sumie <strong>8 unikalnych tryb\u00f3w smaku<\/strong>. \ud83d\udd04<\/p>\n<h3>Czy to urz\u0105dzenie jest \u0142adowalne?<\/h3>\n<p>Tak, jest dostarczany z akumulatorem i bateri\u0105. <strong>USB typu C<\/strong> port \u0142adowania. \u26a1<\/p>\n<h3>Jakie st\u0119\u017cenia nikotyny s\u0105 dost\u0119pne?<\/h3>\n<p>Obs\u0142uguje <strong>0%<\/strong>, <strong>2%<\/strong>, <strong>3%<\/strong>oraz <strong>5%<\/strong> opcje nikotynowe dla r\u00f3\u017cnych rynk\u00f3w.<\/p>\n<h3>Jaki typ cewki jest u\u017cywany?<\/h3>\n<p>U\u017cywa <strong>cewka siatkowa<\/strong> zapewnia p\u0142ynne uderzenia i bogaty smak. \u2601\ufe0f<\/p>\n<h3>Czy jest to dobre rozwi\u0105zanie dla sklep\u00f3w vape i zam\u00f3wie\u0144 hurtowych?<\/h3>\n<p>Tak. Funkcja 8 w 1, du\u017ca liczba zaci\u0105gni\u0119\u0107 i futurystyczny design sprawiaj\u0105, \u017ce jest to dobry wyb\u00f3r dla <strong>p\u00f3\u0142ki sklepowe<\/strong> i <strong>dystrybucja masowa<\/strong>. \ud83d\udce6<\/p>\n<h3>Ile kombinacji smakowych jest dost\u0119pnych?<\/h3>\n<p>Istniej\u0105 <strong>13 kombinacji smakowych<\/strong> do wyboru (12 nazwanych kombinacji + 1 losowa opcja mieszana dla szybkiej dostawy).<\/p>","protected":false},"excerpt":{"rendered":"<p>Jednorazowy waporyzator Bang Legend Geek 300K 8 w 1 z 300000 zaci\u0105gni\u0119\u0107, cewk\u0105 siatkow\u0105, \u0142adowaniem typu C i 13 kombinacjami smakowymi. Futurystyczny design w stylu geek\u00f3w z prze\u0142\u0105czaniem wielu smak\u00f3w - idealny dla nabywc\u00f3w detalicznych i hurtowych. \u2728<\/p>\n<h3>Ten produkt jest dost\u0119pny w magazynie w UE!<\/h3>\n<h4>Skr\u00f3\u0107 czas oczekiwania: <strong>Dostawa w ci\u0105gu 5-7 dni z naszej siedziby w Europie<\/strong> magazyn (dla domy\u015blnego <strong>Moc nikotyny 2%<\/strong> tylko wersja).<\/h4>\n<p><span style=\"font-size: 75%;\"><em>Wi\u0119kszo\u015b\u0107 zam\u00f3wie\u0144 wysy\u0142amy z naszego europejskiego magazynu, je\u015bli jest dost\u0119pny. Czasami, je\u015bli nie ma go w magazynie, zamiast tego wysy\u0142amy z Chin.<\/em><\/span><\/p>","protected":false},"featured_media":117909,"comment_status":"open","ping_status":"closed","template":"","meta":[],"product_brand":[239],"product_cat":[37,336,320,90,280,76,133,136,137,138,139,141,143,132],"product_tag":[493,547,544,545,546,349,478],"class_list":{"0":"post-117908","1":"product","2":"type-product","3":"status-publish","4":"has-post-thumbnail","6":"product_brand-bang","7":"product_cat-bang","8":"product_cat-100k-puffs-disposable-vape","9":"product_cat-best-disposable-vapes","10":"product_cat-big-puffs-vapes","11":"product_cat-cheap-rechargeable-disposable-vapes","12":"product_cat-disposable-vape-types","13":"product_cat-disposable-vapes-in-europe","14":"product_cat-disposable-vapes-in-france","15":"product_cat-disposable-vapes-in-germany","16":"product_cat-disposable-vapes-in-ltaly","17":"product_cat-disposable-vapes-in-netherlands","18":"product_cat-disposable-vapes-in-poland","19":"product_cat-disposable-vapes-in-spain","20":"product_cat-rechargeable-vapes","21":"product_tag-300000-puffs-vape","22":"product_tag-300k-disposable-vape","23":"product_tag-8-in-1-flavor-vape","24":"product_tag-bang-legend-geek","25":"product_tag-bang-legend-geek-300k","26":"product_tag-bulk-disposable-vape","27":"product_tag-high-puff-disposable-vape","29":"first","30":"instock","31":"shipping-taxable","32":"purchasable","33":"product-type-variable","34":"has-default-attributes"},"jetpack_sharing_enabled":true,"tiered_pricing_type":"fixed","tiered_pricing_fixed_rules":{"30":9.9000000000000003552713678800500929355621337890625,"50":8.5800000000000000710542735760100185871124267578125,"100":7.79000000000000003552713678800500929355621337890625,"200":7.4000000000000003552713678800500929355621337890625,"400":6.8499999999999996447286321199499070644378662109375},"tiered_pricing_product_settings":{"layout":"default","base_unit_name":{"singular":null,"plural":null},"default_variation":null},"tiered_pricing_minimum_quantity":10,"tiered_pricing_roles_data":[],"tiered_pricing_percentage_rules":[],"tiered_pricing_maximum_quantity":null,"tiered_pricing_quantity_step":"10","_links":{"self":[{"href":"https:\/\/aiviouvapes.com\/pl\/wp-json\/wp\/v2\/product\/117908","targetHints":{"allow":["GET"]}}],"collection":[{"href":"https:\/\/aiviouvapes.com\/pl\/wp-json\/wp\/v2\/product"}],"about":[{"href":"https:\/\/aiviouvapes.com\/pl\/wp-json\/wp\/v2\/types\/product"}],"replies":[{"embeddable":true,"href":"https:\/\/aiviouvapes.com\/pl\/wp-json\/wp\/v2\/comments?post=117908"}],"wp:featuredmedia":[{"embeddable":true,"href":"https:\/\/aiviouvapes.com\/pl\/wp-json\/wp\/v2\/media\/117909"}],"wp:attachment":[{"href":"https:\/\/aiviouvapes.com\/pl\/wp-json\/wp\/v2\/media?parent=117908"}],"wp:term":[{"taxonomy":"product_brand","embeddable":true,"href":"https:\/\/aiviouvapes.com\/pl\/wp-json\/wp\/v2\/product_brand?post=117908"},{"taxonomy":"product_cat","embeddable":true,"href":"https:\/\/aiviouvapes.com\/pl\/wp-json\/wp\/v2\/product_cat?post=117908"},{"taxonomy":"product_tag","embeddable":true,"href":"https:\/\/aiviouvapes.com\/pl\/wp-json\/wp\/v2\/product_tag?post=117908"}],"curies":[{"name":"wp","href":"https:\/\/api.w.org\/{rel}","templated":true}]}}