{"id":115794,"date":"2026-03-17T10:28:34","date_gmt":"2026-03-17T02:28:34","guid":{"rendered":"https:\/\/aiviouvapes.com\/?post_type=product&#038;p=115794"},"modified":"2026-04-07T10:00:07","modified_gmt":"2026-04-07T02:00:07","slug":"happ-bar-mt50000","status":"publish","type":"product","link":"https:\/\/aiviouvapes.com\/pl\/product\/happ-bar-mt50000\/","title":{"rendered":"Happ Bar MT50000 | 50000 zaci\u0105gni\u0119\u0107, ekran LCD, 15 smak\u00f3w, 45 ml, akumulator typu C, jednorazowy vape luzem"},"content":{"rendered":"<h2>Poznaj Happ Bar MT50000 \ud83d\udd25<\/h2>\n<p>Szukasz jednorazowego waporyzatora, kt\u00f3ry po prostu nie przestaje dzia\u0142a\u0107? The <strong>Happ Bar MT50000<\/strong> pakuje powa\u017cne <strong>50000 zaci\u0105gni\u0119\u0107<\/strong> w eleganckie, przyjazne dla kieszeni urz\u0105dzenie. Z ogromnym <strong>45 ml<\/strong> zbiornik e-liquidu, por\u0119czny <strong>Ekran LCD<\/strong> do \u015bledzenia poziomu na\u0142adowania baterii i energii oraz <strong>15 pysznych smak\u00f3w<\/strong>, Jest to produkt stworzony dla vaper\u00f3w, kt\u00f3rzy nienawidz\u0105 ucieka\u0107 - i dla sklep\u00f3w, kt\u00f3re chc\u0105 mie\u0107 produkt, po kt\u00f3ry klienci b\u0119d\u0105 wraca\u0107.<\/p>\n<h2>Dlaczego warto wybra\u0107 Happ Bar MT50000? \u2705<\/h2>\n<ul>\n<li><strong>50000 zaci\u0105gni\u0119\u0107<\/strong> dla bardzo d\u0142ugiego u\u017cytkowania - mniej wymian, wi\u0119ksza warto\u015b\u0107 \ud83d\udd25<\/li>\n<li><strong>Pojemno\u015b\u0107 e-liquidu 45 ml<\/strong> pozwala wapowa\u0107 bez obaw przez wiele tygodni<\/li>\n<li><strong>Wy\u015bwietlacz LCD<\/strong> Pokazuje \u017cywotno\u015b\u0107 baterii i poziom e-cieczy na pierwszy rzut oka \ud83d\udc40<\/li>\n<li><strong>Cewka 1,0\u03a9<\/strong> zapewnia g\u0142adkie, aromatyczne uderzenia za ka\u017cdym razem \u2601\ufe0f<\/li>\n<li><strong>Akumulator o pojemno\u015bci 650 mAh<\/strong> z szybkim \u0142adowaniem typu C \u26a1<\/li>\n<li><strong>15 unikalnych smak\u00f3w<\/strong>-od owocowych klasyk\u00f3w po kreatywne kombinacje \ud83c\udf53<\/li>\n<li><strong>Opcje nikotynowe 2% i 5%<\/strong> dla r\u00f3\u017cnych rynk\u00f3w i preferencji<\/li>\n<li><strong>Doskona\u0142e dla sklep\u00f3w i hurtowni<\/strong>-du\u017ca liczba puff\u00f3w + r\u00f3\u017cnorodno\u015b\u0107 = szybko rotuj\u0105ce zapasy \ud83d\udce6<\/li>\n<\/ul>\n<h2>Specyfikacja Happ Bar MT50000 \ud83d\udccc<\/h2>\n<table>\n<tbody>\n<tr>\n<td><strong>Nazwa produktu<\/strong><\/td>\n<td>Vape jednorazowego u\u017cytku Happ Bar MT50000<\/td>\n<\/tr>\n<tr>\n<td><strong>Max Puffs<\/strong><\/td>\n<td>Do 50000 zaci\u0105gni\u0119\u0107<\/td>\n<\/tr>\n<tr>\n<td><strong>Pojemno\u015b\u0107 e-liquidu<\/strong><\/td>\n<td>45 ml<\/td>\n<\/tr>\n<tr>\n<td><strong>Cewka<\/strong><\/td>\n<td>1.0\u03a9<\/td>\n<\/tr>\n<tr>\n<td><strong>Si\u0142a nikotyny<\/strong><\/td>\n<td>2% \/ 5%<\/td>\n<\/tr>\n<tr>\n<td><strong>Bateria<\/strong><\/td>\n<td>650mAh<\/td>\n<\/tr>\n<tr>\n<td><strong>\u0141adowanie<\/strong><\/td>\n<td>Akumulator USB typu C<\/td>\n<\/tr>\n<tr>\n<td><strong>Wy\u015bwietlacz<\/strong><\/td>\n<td>Ekran LCD (poziom na\u0142adowania baterii + poziom e-cieczy)<\/td>\n<\/tr>\n<\/tbody>\n<\/table>\n<h2>Linia smak\u00f3w Happ Bar MT50000<\/h2>\n<p>Z <strong>15 smak\u00f3w<\/strong> do wyboru, ka\u017cdy znajdzie co\u015b dla siebie. Niezale\u017cnie od tego, czy lubisz lodowate owoce, tropikalne mieszanki, czy co\u015b nieco bardziej wyj\u0105tkowego - MT50000 MTTP35T zapewni Ci ochron\u0119.<\/p>\n<ul>\n<li><strong>L\u00f3d truskawkowy<\/strong> - s\u0142odka truskawka z ch\u0142odnym lodowym wyko\u0144czeniem \ud83c\udf53\u2744\ufe0f<\/li>\n<li><strong>Truskawka Kiwi<\/strong> - klasyczny owocowy duet, jasny i orze\u017awiaj\u0105cy \ud83c\udf53\ud83e\udd5d<\/li>\n<li><strong>Niebieska Truskawka Lodowa<\/strong> - niebieska malina spotyka truskawk\u0119 z ch\u0142odem \ud83e\uded0\ud83c\udf53<\/li>\n<li><strong>Arbuzowy l\u00f3d<\/strong> - soczysty arbuz z chrupi\u0105c\u0105 lodow\u0105 nut\u0105 \ud83c\udf49\u2744\ufe0f<\/li>\n<li><strong>Ananas Kokos Limonka Rum<\/strong> - tropikalny koktajl w ka\u017cdym ptysiu \ud83c\udf4d\ud83e\udd65<\/li>\n<li><strong>Czarny Smok Truskawka<\/strong> - Egzotyczny smoczy owoc zmieszany z truskawk\u0105 \ud83d\udc09\ud83c\udf53<\/li>\n<li><strong>Wi\u015bniowa bomba<\/strong> - odwa\u017cny, mocny smak wi\u015bni, kt\u00f3ry uderza mocno \ud83c\udf52\ud83d\udca5<\/li>\n<li><strong>Letni sen<\/strong> - lekka, przewiewna mieszanka owocowa idealna na ciep\u0142e dni \u2600\ufe0f<\/li>\n<li><strong>Arbuz Kokos<\/strong> - kremowy kokos i s\u0142odki arbuz \ud83c\udf49\ud83e\udd65<\/li>\n<li><strong>Banan truskawkowy<\/strong> - g\u0142adkie po\u0142\u0105czenie banana i s\u0142odkiej truskawki \ud83c\udf4c\ud83c\udf53<\/li>\n<li><strong>Love 66<\/strong> - tajemnicza mieszanka ze s\u0142odkim, cukierkowym akcentem \ud83d\udc96<\/li>\n<li><strong>Brzoskwinia Grad<\/strong> - dojrza\u0142a brzoskwinia z lodowatym finiszem burzy gradowej \ud83c\udf51\ud83e\uddca<\/li>\n<li><strong>Cytryna Grad<\/strong> - ostra cytryna z mro\u017anym ch\u0142odnym wydechem \ud83c\udf4b\ud83e\uddca<\/li>\n<li><strong>Cola Lodowa<\/strong> - Musuj\u0105cy smak coli z orze\u017awiaj\u0105c\u0105 lodow\u0105 nut\u0105 \ud83e\udd64\u2744\ufe0f<\/li>\n<li><strong>Kokosowy Raj<\/strong> - g\u0142adki, kremowy kokos, kt\u00f3ry zabierze Ci\u0119 w tropiki \ud83e\udd65\ud83c\udf34<\/li>\n<\/ul>\n<h2>Stworzony dla sukcesu w sprzeda\u017cy detalicznej i hurtowej \ud83c\udfea\ud83d\udce6<\/h2>\n<p>The <strong>Happ Bar MT50000<\/strong> to solidny wyb\u00f3r dla <strong>codzienni vaperzy<\/strong> kt\u00f3rzy chc\u0105 czego\u015b niezawodnego i trwa\u0142ego, <strong>mi\u0142o\u015bnicy smak\u00f3w<\/strong> kt\u00f3rzy lubi\u0105 r\u00f3\u017cnorodno\u015b\u0107 bez konieczno\u015bci noszenia ze sob\u0105 wielu urz\u0105dze\u0144, oraz <strong>sklepy vape<\/strong> poszukuj\u0105cych niezawodnego produktu o szerokim zastosowaniu. Dla <strong>dystrybutorzy i hurtownicy<\/strong>, Po\u0142\u0105czenie 50000 zaci\u0105gni\u0119\u0107, 15 smak\u00f3w i wy\u015bwietlacza LCD sprawia, \u017ce \u0142atwo go sprzeda\u0107 na ka\u017cdym rynku.<\/p>\n<h2>Happ Bar MT50000 FAQ \u2753<\/h2>\n<h3>Ile zaci\u0105gni\u0119\u0107 ma Happ Bar MT50000?<\/h3>\n<p>Happ Bar MT50000 zapewnia do <strong>50000 zaci\u0105gni\u0119\u0107<\/strong>, co czyni go jednym z najd\u0142u\u017cej dzia\u0142aj\u0105cych waporyzator\u00f3w jednorazowych. \ud83d\udd25<\/p>\n<h3>Czy Happ Bar MT50000 jest \u0142adowalny?<\/h3>\n<p>Tak! <strong>650mAh<\/strong> bateria z <strong>USB typu C<\/strong> \u0142adowania, dzi\u0119ki czemu mo\u017cna na\u0142adowa\u0107 i kontynuowa\u0107 waporyzacj\u0119. \u26a1<\/p>\n<h3>Jakie st\u0119\u017cenia nikotyny s\u0105 dost\u0119pne?<\/h3>\n<p>Jest dost\u0119pny w <strong>2%<\/strong> i <strong>5%<\/strong> opcje nikotynowe dostosowane do r\u00f3\u017cnych preferencji i rynk\u00f3w.<\/p>\n<h3>Ile e-liquidu mie\u015bci?<\/h3>\n<p>Ma hojny <strong>45 ml<\/strong> Pojemno\u015b\u0107 e-liquidu dla d\u0142u\u017cszych sesji waporyzacji.<\/p>\n<h3>Co pokazuje ekran LCD?<\/h3>\n<p>Wy\u015bwietlacz LCD pokazuje <strong>Poziom na\u0142adowania baterii w czasie rzeczywistym<\/strong> i <strong>Poziom e-cieczy<\/strong>, dzi\u0119ki czemu zawsze wiesz, na czym stoisz. \ud83d\udc40<\/p>\n<h3>Ile jest dost\u0119pnych smak\u00f3w?<\/h3>\n<p>Istniej\u0105 <strong>15 smak\u00f3w<\/strong> do wyboru, obejmuj\u0105ce profile owocowe, lodowe, tropikalne i inspirowane cukierkami. \ud83c\udf53<\/p>\n<h3>Czy Happ Bar MT50000 jest dobry do sprzeda\u017cy hurtowej?<\/h3>\n<p>Absolutnie. Du\u017ca liczba puff\u00f3w, szeroki zakres smak\u00f3w i wy\u015bwietlacz LCD sprawiaj\u0105, \u017ce jest to silny sprzedawca dla <strong>sklepy detaliczne<\/strong> i <strong>dystrybutorzy hurtowi<\/strong>. \ud83d\udce6<\/p>","protected":false},"excerpt":{"rendered":"<p>Jednorazowy waporyzator Happ Bar MT50000 z ekranem LCD, \u0142adowaniem typu C i 15 smakami do wyboru. Ogromna pojemno\u015b\u0107 45 ml e-liquidu + 50000 zaci\u0105gni\u0119\u0107 - idealna dla nabywc\u00f3w detalicznych i hurtowych. \u2728<\/p>","protected":false},"featured_media":115924,"comment_status":"open","ping_status":"closed","template":"","meta":[],"product_brand":[531],"product_cat":[526,320,90,280,81,76,133,136,137,138,139,141,143,522,521,132,82],"product_tag":[477,436,463,492,523,525,409,509,424,356],"class_list":{"0":"post-115794","1":"product","2":"type-product","3":"status-publish","4":"has-post-thumbnail","6":"product_brand-happ","7":"product_cat-50000-puffs-disposable-vape","8":"product_cat-best-disposable-vapes","9":"product_cat-big-puffs-vapes","10":"product_cat-cheap-rechargeable-disposable-vapes","11":"product_cat-digital-box-vapes","12":"product_cat-disposable-vape-types","13":"product_cat-disposable-vapes-in-europe","14":"product_cat-disposable-vapes-in-france","15":"product_cat-disposable-vapes-in-germany","16":"product_cat-disposable-vapes-in-ltaly","17":"product_cat-disposable-vapes-in-netherlands","18":"product_cat-disposable-vapes-in-poland","19":"product_cat-disposable-vapes-in-spain","20":"product_cat-happ-bar","21":"product_cat-new","22":"product_cat-rechargeable-vapes","23":"product_cat-smart-screen-vapes","24":"product_tag-50000-puffs-rechargeable-vape","25":"product_tag-50000-puffs-vape","26":"product_tag-bulk-disposable-vape-wholesale","27":"product_tag-disposable-vape-wholesale","28":"product_tag-happ-bar","29":"product_tag-happ-bar-disposable-vape","30":"product_tag-lcd-display-vape-wholesale","31":"product_tag-lcd-screen-disposable-vape","32":"product_tag-mesh-coil-rechargeable-vape","33":"product_tag-rechargeable-650mah-disposable-vape","35":"first","36":"instock","37":"shipping-taxable","38":"purchasable","39":"product-type-variable","40":"has-default-attributes"},"jetpack_sharing_enabled":true,"tiered_pricing_type":"fixed","tiered_pricing_fixed_rules":{"100":6.96999999999999975131004248396493494510650634765625,"200":6.480000000000000426325641456060111522674560546875,"400":6.21999999999999975131004248396493494510650634765625},"tiered_pricing_product_settings":{"layout":"default","base_unit_name":{"singular":null,"plural":null},"default_variation":null},"tiered_pricing_minimum_quantity":50,"tiered_pricing_roles_data":[],"tiered_pricing_percentage_rules":[],"tiered_pricing_maximum_quantity":null,"tiered_pricing_quantity_step":"10","_links":{"self":[{"href":"https:\/\/aiviouvapes.com\/pl\/wp-json\/wp\/v2\/product\/115794","targetHints":{"allow":["GET"]}}],"collection":[{"href":"https:\/\/aiviouvapes.com\/pl\/wp-json\/wp\/v2\/product"}],"about":[{"href":"https:\/\/aiviouvapes.com\/pl\/wp-json\/wp\/v2\/types\/product"}],"replies":[{"embeddable":true,"href":"https:\/\/aiviouvapes.com\/pl\/wp-json\/wp\/v2\/comments?post=115794"}],"wp:featuredmedia":[{"embeddable":true,"href":"https:\/\/aiviouvapes.com\/pl\/wp-json\/wp\/v2\/media\/115924"}],"wp:attachment":[{"href":"https:\/\/aiviouvapes.com\/pl\/wp-json\/wp\/v2\/media?parent=115794"}],"wp:term":[{"taxonomy":"product_brand","embeddable":true,"href":"https:\/\/aiviouvapes.com\/pl\/wp-json\/wp\/v2\/product_brand?post=115794"},{"taxonomy":"product_cat","embeddable":true,"href":"https:\/\/aiviouvapes.com\/pl\/wp-json\/wp\/v2\/product_cat?post=115794"},{"taxonomy":"product_tag","embeddable":true,"href":"https:\/\/aiviouvapes.com\/pl\/wp-json\/wp\/v2\/product_tag?post=115794"}],"curies":[{"name":"wp","href":"https:\/\/api.w.org\/{rel}","templated":true}]}}