{"id":114776,"date":"2026-03-12T11:41:24","date_gmt":"2026-03-12T03:41:24","guid":{"rendered":"https:\/\/aiviouvapes.com\/?post_type=product&#038;p=114776"},"modified":"2026-03-28T12:20:07","modified_gmt":"2026-03-28T04:20:07","slug":"bang-leader-350k","status":"publish","type":"product","link":"https:\/\/aiviouvapes.com\/pl\/product\/bang-leader-350k\/","title":{"rendered":"Bang Leader 350K | 8 smak\u00f3w, 8 w 1, 350000 zaci\u0105gni\u0119\u0107, inteligentny wy\u015bwietlacz, jednorazowe vape luzem"},"content":{"rendered":"<p><img data-recalc-dims=\"1\" loading=\"lazy\" decoding=\"async\" class=\"alignnone size-full wp-image-114792\" src=\"https:\/\/i0.wp.com\/aiviouvapes.com\/wp-content\/uploads\/2026\/03\/BANG-LEADER-350K-16.jpg?resize=1020%2C605&#038;ssl=1\" alt=\"Bang Leader 350K\" width=\"1020\" height=\"605\" title=\"\" srcset=\"https:\/\/i0.wp.com\/aiviouvapes.com\/wp-content\/uploads\/2026\/03\/BANG-LEADER-350K-16.jpg?w=1920&amp;ssl=1 1920w, https:\/\/i0.wp.com\/aiviouvapes.com\/wp-content\/uploads\/2026\/03\/BANG-LEADER-350K-16.jpg?resize=300%2C178&amp;ssl=1 300w, https:\/\/i0.wp.com\/aiviouvapes.com\/wp-content\/uploads\/2026\/03\/BANG-LEADER-350K-16.jpg?resize=1024%2C607&amp;ssl=1 1024w, https:\/\/i0.wp.com\/aiviouvapes.com\/wp-content\/uploads\/2026\/03\/BANG-LEADER-350K-16.jpg?resize=768%2C455&amp;ssl=1 768w, https:\/\/i0.wp.com\/aiviouvapes.com\/wp-content\/uploads\/2026\/03\/BANG-LEADER-350K-16.jpg?resize=1536%2C910&amp;ssl=1 1536w, https:\/\/i0.wp.com\/aiviouvapes.com\/wp-content\/uploads\/2026\/03\/BANG-LEADER-350K-16.jpg?resize=18%2C12&amp;ssl=1 18w, https:\/\/i0.wp.com\/aiviouvapes.com\/wp-content\/uploads\/2026\/03\/BANG-LEADER-350K-16.jpg?resize=800%2C474&amp;ssl=1 800w\" sizes=\"auto, (max-width: 1020px) 100vw, 1020px\" \/><\/p>\n<p>Szukasz wysokiej jako\u015bci mega puff vape do sprzeda\u017cy hurtowej? Bang Leader 350K \u0142\u0105czy w sobie d\u0142ugi czas u\u017cytkowania, p\u0142ynny smak, personalizacj\u0119 OEM\/ODM i elastyczne opcje nikotyny dla rynk\u00f3w globalnych.<\/p>\n<h3>Dlaczego warto wybra\u0107 Bang Leader 350K?<\/h3>\n<ul>\n<li>Do 350000 zaci\u0105gni\u0119\u0107 dla d\u0142ugotrwa\u0142ego u\u017cytkowania<\/li>\n<li>\ud83c\udf08 Prze\u0142\u0105czanie smak\u00f3w 8 w 1 dla wi\u0119kszej r\u00f3\u017cnorodno\u015bci w jednym urz\u0105dzeniu<\/li>\n<li>Mo\u017cliwo\u015b\u0107 \u0142adowania za pomoc\u0105 portu \u0142adowania typu C<\/li>\n<li>Cewka 1,0 mesh zapewniaj\u0105ca \u0142agodniejszy smak i stabiln\u0105 par\u0119<\/li>\n<li>Akumulator 17350 o pojemno\u015bci 850 mAh<\/li>\n<li>\ud83d\udee0\ufe0f OEM\/ODM obs\u0142ugiwane dla niestandardowych projekt\u00f3w marki<\/li>\n<li>J\u0119zyk opakowania mo\u017cna dostosowa\u0107 w j\u0119zyku angielskim, rosyjskim, hiszpa\u0144skim i innych.<\/li>\n<li>Opcje mocy nikotyny: 0%, 2%, 3%, 5%<\/li>\n<li>Doskona\u0142y dla hurtownik\u00f3w, dystrybutor\u00f3w i detalicznych sklep\u00f3w vape<\/li>\n<\/ul>\n<h3>Bang Leader 350K Przegl\u0105d<\/h3>\n<p>Bang Leader 350K jest przeznaczony dla klient\u00f3w, kt\u00f3rzy chc\u0105 bardzo du\u017cej liczby zaci\u0105gni\u0119\u0107 i wi\u0119kszego wyboru smak\u00f3w w jednym jednorazowym waporyzatorze. Konfiguracja 8 w 1 zapewnia u\u017cytkownikom 4 g\u0142\u00f3wne smaki oraz 4 mieszane kombinacje smakowe, dzi\u0119ki czemu waporyzacja jest bardziej interesuj\u0105ca i elastyczna. Sprawia to, \u017ce urz\u0105dzenie jest szczeg\u00f3lnie atrakcyjne dla klient\u00f3w, kt\u00f3rzy lubi\u0105 zmienia\u0107 smaki bez konieczno\u015bci noszenia przy sobie wielu waporyzator\u00f3w.<\/p>\n<p>Dla nabywc\u00f3w B2B model ten ma r\u00f3wnie\u017c du\u017c\u0105 warto\u015b\u0107 handlow\u0105. Obs\u0142uguje on us\u0142ugi OEM\/ODM, wiele opcji nikotyny i wieloj\u0119zyczne opakowania, co pomaga dystrybutorom dostosowa\u0107 produkt do r\u00f3\u017cnych rynk\u00f3w. Odwa\u017cny wygl\u0105d, du\u017ca pojemno\u015b\u0107 i bogata w aromaty koncepcja sprawiaj\u0105, \u017ce nadaje si\u0119 on jako flagowy produkt o wysokiej zawarto\u015bci puchu w sklepach vape i katalogach hurtowych.<\/p>\n<p>Bang Leader 350K to odwa\u017cny jednorazowy waporyzator mega puff stworzony dla klient\u00f3w, kt\u00f3rzy oczekuj\u0105 d\u0142ugiego czasu u\u017cytkowania, bogatszej r\u00f3\u017cnorodno\u015bci i du\u017cej atrakcyjno\u015bci rynkowej. Dzi\u0119ki kombinacjom smak\u00f3w 8 w 1, \u0142adowalnej konstrukcji typu C, wyj\u015bciu cewki siatkowej i obs\u0142udze OEM \/ ODM, jest to pot\u0119\u017cna opcja dla ci\u0119\u017ckich u\u017cytkownik\u00f3w, poszukiwaczy smak\u00f3w, sklep\u00f3w z waporyzatorami i globalnych nabywc\u00f3w hurtowych. Je\u015bli chcesz wzmocni\u0107 sw\u00f3j katalog o wysokiej jako\u015bci produkt, Bang Leader 350K jest silnym kandydatem na flagowy produkt.<\/p>\n<h3>Specyfikacja Bang Leader 350K<\/h3>\n<table>\n<tbody>\n<tr>\n<th>Cecha<\/th>\n<th>Szczeg\u00f3\u0142y<\/th>\n<\/tr>\n<tr>\n<td>Nazwa produktu<\/td>\n<td>Bang Leader 350K<\/td>\n<\/tr>\n<tr>\n<td>Typ urz\u0105dzenia<\/td>\n<td>Jednorazowy vape 8 w 1<\/td>\n<\/tr>\n<tr>\n<td>Liczba zaci\u0105gni\u0119\u0107<\/td>\n<td>Do 350000 zaci\u0105gni\u0119\u0107<\/td>\n<\/tr>\n<tr>\n<td>Bateria<\/td>\n<td>17350 850mAh<\/td>\n<\/tr>\n<tr>\n<td>Typ cewki<\/td>\n<td>Cewka 1,0 mesh<\/td>\n<\/tr>\n<tr>\n<td>Port \u0142adowania<\/td>\n<td>Typ-C<\/td>\n<\/tr>\n<tr>\n<td>Si\u0142a nikotyny<\/td>\n<td>0% \/ 2% \/ 3% \/ 5%<\/td>\n<\/tr>\n<tr>\n<td>Personalizacja<\/td>\n<td>Obs\u0142uga OEM \/ ODM<\/td>\n<\/tr>\n<tr>\n<td>J\u0119zyki opakowa\u0144<\/td>\n<td>Angielski \/ rosyjski \/ hiszpa\u0144ski \/ j\u0119zyki niestandardowe<\/td>\n<\/tr>\n<tr>\n<td>Waga pojedynczego urz\u0105dzenia<\/td>\n<td>140g<\/td>\n<\/tr>\n<tr>\n<td>10 Waga urz\u0105dzenia<\/td>\n<td>1400g<\/td>\n<\/tr>\n<tr>\n<td>Ilo\u015b\u0107 w kartonie<\/td>\n<td>200 szt.<\/td>\n<\/tr>\n<tr>\n<td>Rozmiar kartonu<\/td>\n<td>51,5 \u00d7 51,5 \u00d7 30,5 cm<\/td>\n<\/tr>\n<tr>\n<td>Waga kartonu<\/td>\n<td>28 kg (bez wagi zewn\u0119trznej kartonu)<\/td>\n<\/tr>\n<tr>\n<td>MOQ<\/td>\n<td>10 sztuk w jednym zestawie smakowym<\/td>\n<\/tr>\n<\/tbody>\n<\/table>\n<h3><img data-recalc-dims=\"1\" loading=\"lazy\" decoding=\"async\" class=\"alignnone size-full wp-image-114777\" src=\"https:\/\/i0.wp.com\/aiviouvapes.com\/wp-content\/uploads\/2026\/03\/BANG-LEADER-350K-1.jpg?resize=1020%2C372&#038;ssl=1\" alt=\"Bang Leader 350K\" width=\"1020\" height=\"372\" title=\"\" srcset=\"https:\/\/i0.wp.com\/aiviouvapes.com\/wp-content\/uploads\/2026\/03\/BANG-LEADER-350K-1.jpg?w=1920&amp;ssl=1 1920w, https:\/\/i0.wp.com\/aiviouvapes.com\/wp-content\/uploads\/2026\/03\/BANG-LEADER-350K-1.jpg?resize=300%2C109&amp;ssl=1 300w, https:\/\/i0.wp.com\/aiviouvapes.com\/wp-content\/uploads\/2026\/03\/BANG-LEADER-350K-1.jpg?resize=1024%2C373&amp;ssl=1 1024w, https:\/\/i0.wp.com\/aiviouvapes.com\/wp-content\/uploads\/2026\/03\/BANG-LEADER-350K-1.jpg?resize=768%2C280&amp;ssl=1 768w, https:\/\/i0.wp.com\/aiviouvapes.com\/wp-content\/uploads\/2026\/03\/BANG-LEADER-350K-1.jpg?resize=1536%2C560&amp;ssl=1 1536w, https:\/\/i0.wp.com\/aiviouvapes.com\/wp-content\/uploads\/2026\/03\/BANG-LEADER-350K-1.jpg?resize=18%2C7&amp;ssl=1 18w, https:\/\/i0.wp.com\/aiviouvapes.com\/wp-content\/uploads\/2026\/03\/BANG-LEADER-350K-1.jpg?resize=800%2C292&amp;ssl=1 800w\" sizes=\"auto, (max-width: 1020px) 100vw, 1020px\" \/><\/h3>\n<h3>Kombinacje smak\u00f3w<\/h3>\n<p>Bang Leader 350K wykorzystuje innowacyjny <strong>System prze\u0142\u0105czania smak\u00f3w 8 w 1<\/strong>. Ka\u017cde urz\u0105dzenie zawiera cztery podstawowe smaki oraz cztery automatyczne kombinacje mieszanek (1+2, 2+3, 3+4 i 4+1), pozwalaj\u0105c u\u017cytkownikom cieszy\u0107 si\u0119 zar\u00f3wno czystymi smakami, jak i mieszanymi smakami w jednym waporyzatorze.<\/p>\n<p>Zestawy smakowe obejmuj\u0105 szeroki zakres popularnych profili. Niekt\u00f3re koncentruj\u0105 si\u0119 na <strong>fajne owocowe klasyki<\/strong> takie jak Blue Razz Ice, Watermelon Ice, Strawberry Ice i Lemon Lime. Inne przynosz\u0105 <strong>S\u0142odkie jagody i mieszanki tropikalne<\/strong> takie jak Blueberry Ice, Tropical Fruit, Apple Kiwi Ice i Blue Razz Cherry.<\/p>\n<p>Istniej\u0105 r\u00f3wnie\u017c bardziej zabawne kombinacje inspirowane napojami i deserami, w tym Cherry Cola, Pink Lemonade, Mango Passion Fruit i Lemon Peach. Mi\u0142o\u015bnikom tropik\u00f3w polecamy smaki takie jak Pineapple Coconut Ice, Kiwi Passion Fruit Guava i Peach Mango Watermelon, kt\u00f3re zapewniaj\u0105 bogatszy egzotyczny smak.<\/p>\n<p>Wiele zestaw\u00f3w podkre\u015bla popularne mieszanki jag\u00f3d i arbuz\u00f3w, takie jak Strawberry Watermelon, Raspberry Watermelon, Blueberry Raspberry i Strawberry Banana, podczas gdy inne zawieraj\u0105 unikalne smaki, takie jak Dragonfruit Ice, Cherry Pomegranate, Love 66 i dobrze znany profil Fucking Fab.<\/p>\n<p>Og\u00f3lnie rzecz bior\u0105c, linia smak\u00f3w Bang Leader 350K zosta\u0142a zaprojektowana tak, aby zapewni\u0107 \u015bwie\u017ce i interesuj\u0105ce doznania. Niezale\u017cnie od tego, czy u\u017cytkownicy preferuj\u0105 lodowate owoce, tropikalne mieszanki, s\u0142odkie jagody czy smaki w stylu drink\u00f3w, system prze\u0142\u0105czania wielu smak\u00f3w u\u0142atwia odkrywanie r\u00f3\u017cnych smak\u00f3w bez konieczno\u015bci zmiany urz\u0105dzenia.<\/p>\n<h3>Dla kogo ten Vape jest najlepszy?<\/h3>\n<ul>\n<li>Intensywni u\u017cytkownicy, kt\u00f3rzy oczekuj\u0105 d\u0142ugotrwa\u0142ego dzia\u0142ania urz\u0105dzenia typu high-puff<\/li>\n<li>Poszukiwacze smak\u00f3w, kt\u00f3rzy lubi\u0105 prze\u0142\u0105cza\u0107 si\u0119 mi\u0119dzy wieloma smakami<\/li>\n<li>Sklepy Vape, kt\u00f3re chc\u0105 wyr\u00f3\u017cnia\u0107 si\u0119 flagowym vape jednorazowego u\u017cytku<\/li>\n<li>Hurtownicy i dystrybutorzy poszukuj\u0105cy gotowych na OEM produkt\u00f3w typu mega puff<\/li>\n<li>Nabywcy eksportowi, kt\u00f3rzy potrzebuj\u0105 elastycznych opcji nikotyny i opakowa\u0144<\/li>\n<\/ul>\n<h3>FAQ<\/h3>\n<h4>1. Ile zaci\u0105gni\u0119\u0107 oferuje Bang Leader 350K?<\/h4>\n<p>Bang Leader 350K oferuje do 350000 zaci\u0105gni\u0119\u0107, dzi\u0119ki czemu jest to jednorazowy waporyzator o bardzo du\u017cej pojemno\u015bci do d\u0142ugotrwa\u0142ego u\u017cytkowania.<\/p>\n<h4>2. Czy Bang Leader 350K jest \u0142adowalny?<\/h4>\n<p>Tak. Obs\u0142uguje \u0142adowanie typu C, co pomaga u\u017cytkownikom wygodniej korzysta\u0107 z pe\u0142nej pojemno\u015bci urz\u0105dzenia.<\/p>\n<h4>3. Jakiej baterii u\u017cywa to urz\u0105dzenie?<\/h4>\n<p>Urz\u0105dzenie wykorzystuje bateri\u0119 17350 850 mAh.<\/p>\n<h4>4. Jaka cewka jest u\u017cywana w Bang Leader 350K?<\/h4>\n<p>Wykorzystuje on cewk\u0119 o oczku 1,0 dla stabilnego ogrzewania, g\u0142adszej pary i lepszej wydajno\u015bci smakowej.<\/p>\n<h4>5. Jakie moce nikotyny s\u0105 dost\u0119pne?<\/h4>\n<p>Opcje mocy nikotyny obejmuj\u0105 0%, 2%, 3% i 5%.<\/p>\n<h4>6. Czy ten produkt obs\u0142uguje OEM lub ODM?<\/h4>\n<p>Tak. Bang Leader 350K obs\u0142uguje personalizacj\u0119 OEM i ODM, co jest idealnym rozwi\u0105zaniem dla marek w\u0142asnych i projekt\u00f3w hurtowych.<\/p>\n<h4>7. Jakie j\u0119zyki opakowa\u0144 s\u0105 dost\u0119pne?<\/h4>\n<p>Opakowania mog\u0105 by\u0107 dostosowane w j\u0119zyku angielskim, rosyjskim, hiszpa\u0144skim i innych j\u0119zykach w zale\u017cno\u015bci od potrzeb rynku.<\/p>\n<h4>8. Ile opcji smakowych znajduje si\u0119 w jednym urz\u0105dzeniu?<\/h4>\n<p>Ka\u017cde urz\u0105dzenie Bang Leader 350K zosta\u0142o zaprojektowane jako waporyzator 8 w 1, z 4 g\u0142\u00f3wnymi smakami i 4 mieszanymi kombinacjami.<\/p>\n<h4>9. Jakie jest MOQ?<\/h4>\n<p>Minimalna ilo\u015b\u0107 zam\u00f3wienia to 10 sztuk dla jednego zestawu smakowego.<\/p>\n<h4>10. Czy Bang Leader 350K nadaje si\u0119 do sprzeda\u017cy hurtowej?<\/h4>\n<p>Tak, wysoka liczba puff\u00f3w, wsparcie w zakresie personalizacji, przyjazne dla eksportu opcje pakowania i przyci\u0105gaj\u0105cy wzrok system smakowy sprawiaj\u0105, \u017ce jest to dobry wyb\u00f3r do dystrybucji hurtowej.<\/p>\n<h3><img data-recalc-dims=\"1\" loading=\"lazy\" decoding=\"async\" class=\"alignnone size-full wp-image-114793\" src=\"https:\/\/i0.wp.com\/aiviouvapes.com\/wp-content\/uploads\/2026\/03\/BANG-LEADER-350K-17.jpg?resize=800%2C1920&#038;ssl=1\" alt=\"Bang Leader 350K\" width=\"800\" height=\"1920\" title=\"\" srcset=\"https:\/\/i0.wp.com\/aiviouvapes.com\/wp-content\/uploads\/2026\/03\/BANG-LEADER-350K-17.jpg?w=800&amp;ssl=1 800w, https:\/\/i0.wp.com\/aiviouvapes.com\/wp-content\/uploads\/2026\/03\/BANG-LEADER-350K-17.jpg?resize=125%2C300&amp;ssl=1 125w, https:\/\/i0.wp.com\/aiviouvapes.com\/wp-content\/uploads\/2026\/03\/BANG-LEADER-350K-17.jpg?resize=427%2C1024&amp;ssl=1 427w, https:\/\/i0.wp.com\/aiviouvapes.com\/wp-content\/uploads\/2026\/03\/BANG-LEADER-350K-17.jpg?resize=768%2C1843&amp;ssl=1 768w, https:\/\/i0.wp.com\/aiviouvapes.com\/wp-content\/uploads\/2026\/03\/BANG-LEADER-350K-17.jpg?resize=640%2C1536&amp;ssl=1 640w, https:\/\/i0.wp.com\/aiviouvapes.com\/wp-content\/uploads\/2026\/03\/BANG-LEADER-350K-17.jpg?resize=5%2C12&amp;ssl=1 5w\" sizes=\"auto, (max-width: 800px) 100vw, 800px\" \/><\/h3>","protected":false},"excerpt":{"rendered":"<p>Bang Leader 350K to jednorazowy waporyzator 8 w 1 o du\u017cej pojemno\u015bci, stworzony z my\u015bl\u0105 o intensywnych u\u017cytkownikach, mi\u0142o\u015bnikach smak\u00f3w i nabywcach hurtowych. Dzi\u0119ki nawet 350000 zaci\u0105gni\u0119\u0107, mo\u017cliwo\u015bci \u0142adowania za pomoc\u0105 \u0142adowarki typu C, wydajno\u015bci cewki siatkowej i 8 trybom smakowym w jednym urz\u0105dzeniu, jest to dobry wyb\u00f3r dla sklep\u00f3w i dystrybutor\u00f3w vape.<\/p>","protected":false},"featured_media":114785,"comment_status":"open","ping_status":"closed","template":"","meta":[],"product_brand":[239],"product_cat":[37],"product_tag":[],"class_list":{"0":"post-114776","1":"product","2":"type-product","3":"status-publish","4":"has-post-thumbnail","6":"product_brand-bang","7":"product_cat-bang","9":"first","10":"instock","11":"shipping-taxable","12":"product-type-simple"},"jetpack_sharing_enabled":true,"tiered_pricing_type":"fixed","tiered_pricing_fixed_rules":[],"tiered_pricing_product_settings":{"layout":"default","base_unit_name":{"singular":null,"plural":null},"default_variation":null},"tiered_pricing_minimum_quantity":null,"tiered_pricing_roles_data":[],"tiered_pricing_percentage_rules":[],"tiered_pricing_maximum_quantity":null,"tiered_pricing_quantity_step":null,"_links":{"self":[{"href":"https:\/\/aiviouvapes.com\/pl\/wp-json\/wp\/v2\/product\/114776","targetHints":{"allow":["GET"]}}],"collection":[{"href":"https:\/\/aiviouvapes.com\/pl\/wp-json\/wp\/v2\/product"}],"about":[{"href":"https:\/\/aiviouvapes.com\/pl\/wp-json\/wp\/v2\/types\/product"}],"replies":[{"embeddable":true,"href":"https:\/\/aiviouvapes.com\/pl\/wp-json\/wp\/v2\/comments?post=114776"}],"wp:featuredmedia":[{"embeddable":true,"href":"https:\/\/aiviouvapes.com\/pl\/wp-json\/wp\/v2\/media\/114785"}],"wp:attachment":[{"href":"https:\/\/aiviouvapes.com\/pl\/wp-json\/wp\/v2\/media?parent=114776"}],"wp:term":[{"taxonomy":"product_brand","embeddable":true,"href":"https:\/\/aiviouvapes.com\/pl\/wp-json\/wp\/v2\/product_brand?post=114776"},{"taxonomy":"product_cat","embeddable":true,"href":"https:\/\/aiviouvapes.com\/pl\/wp-json\/wp\/v2\/product_cat?post=114776"},{"taxonomy":"product_tag","embeddable":true,"href":"https:\/\/aiviouvapes.com\/pl\/wp-json\/wp\/v2\/product_tag?post=114776"}],"curies":[{"name":"wp","href":"https:\/\/api.w.org\/{rel}","templated":true}]}}