{"id":114623,"date":"2026-03-12T11:10:04","date_gmt":"2026-03-12T03:10:04","guid":{"rendered":"https:\/\/aiviouvapes.com\/?post_type=product&#038;p=114623"},"modified":"2026-04-22T09:03:55","modified_gmt":"2026-04-22T01:03:55","slug":"waspe-bar-60k","status":"publish","type":"product","link":"https:\/\/aiviouvapes.com\/pl\/product\/waspe-bar-60k\/","title":{"rendered":"WASPE Bar 60K | 60000 zaci\u0105gni\u0119\u0107, d\u0142ugotrwa\u0142y, 16 opcji smakowych, jednorazowy vape luzem"},"content":{"rendered":"<p><img data-recalc-dims=\"1\" loading=\"lazy\" decoding=\"async\" class=\"alignnone size-full wp-image-114648\" src=\"https:\/\/i0.wp.com\/aiviouvapes.com\/wp-content\/uploads\/2026\/03\/WASPE-Bar-60K-Puffs-25.jpg?resize=1020%2C1192&#038;ssl=1\" alt=\"WASPE Bar 60K Puffs\" width=\"1020\" height=\"1192\" title=\"\" srcset=\"https:\/\/i0.wp.com\/aiviouvapes.com\/wp-content\/uploads\/2026\/03\/WASPE-Bar-60K-Puffs-25.jpg?w=1643&amp;ssl=1 1643w, https:\/\/i0.wp.com\/aiviouvapes.com\/wp-content\/uploads\/2026\/03\/WASPE-Bar-60K-Puffs-25.jpg?resize=257%2C300&amp;ssl=1 257w, https:\/\/i0.wp.com\/aiviouvapes.com\/wp-content\/uploads\/2026\/03\/WASPE-Bar-60K-Puffs-25.jpg?resize=876%2C1024&amp;ssl=1 876w, https:\/\/i0.wp.com\/aiviouvapes.com\/wp-content\/uploads\/2026\/03\/WASPE-Bar-60K-Puffs-25.jpg?resize=768%2C897&amp;ssl=1 768w, https:\/\/i0.wp.com\/aiviouvapes.com\/wp-content\/uploads\/2026\/03\/WASPE-Bar-60K-Puffs-25.jpg?resize=1314%2C1536&amp;ssl=1 1314w, https:\/\/i0.wp.com\/aiviouvapes.com\/wp-content\/uploads\/2026\/03\/WASPE-Bar-60K-Puffs-25.jpg?resize=10%2C12&amp;ssl=1 10w, https:\/\/i0.wp.com\/aiviouvapes.com\/wp-content\/uploads\/2026\/03\/WASPE-Bar-60K-Puffs-25.jpg?resize=800%2C935&amp;ssl=1 800w\" sizes=\"auto, (max-width: 1020px) 100vw, 1020px\" \/><\/p>\n<h3>Dlaczego warto wybra\u0107 WASPE Bar 60K?<\/h3>\n<ul>\n<li>\ud83d\udca8 <strong>Do 60000 zaci\u0105gni\u0119\u0107<\/strong> dla d\u0142ugotrwa\u0142ego u\u017cytkowania i lepszej warto\u015bci<\/li>\n<li>\ud83c\udf53 <strong>16 popularnych smak\u00f3w owocowych i lodowych<\/strong> dopasowanie do r\u00f3\u017cnych gust\u00f3w klient\u00f3w<\/li>\n<li>G\u0142adkie i przyjemne doznania smakowe podczas codziennej waporyzacji<\/li>\n<li>Zaprojektowany dla intensywnych u\u017cytkownik\u00f3w, kt\u00f3rzy potrzebuj\u0105 jednorazowego urz\u0105dzenia o d\u0142ugim czasie u\u017cytkowania.<\/li>\n<li>Dost\u0119pne w <strong>0%, 2% i 5% nikotyna<\/strong> dla r\u00f3\u017cnych potrzeb rynkowych<\/li>\n<li>\ud83d\udce6 <strong>160 sztuk w kartonie<\/strong> i <strong>10 sztuk w opakowaniu<\/strong>, idealny do zam\u00f3wie\u0144 hurtowych<\/li>\n<li>\u015awietne rozwi\u0105zanie dla sklep\u00f3w vape, dystrybutor\u00f3w, importer\u00f3w i sprzedawc\u00f3w vape online.<\/li>\n<li>\ud83d\ude80 Mocny produkt o du\u017cej mocy do budowania atrakcyjnego asortymentu jednorazowych urz\u0105dze\u0144 vape<\/li>\n<\/ul>\n<h3>WASPE Bar 60K Jednorazowy Vape Szczeg\u00f3\u0142y<\/h3>\n<p>The <strong>WASPE Bar 60K Puffs jednorazowy vape<\/strong> to urz\u0105dzenie o du\u017cej pojemno\u015bci stworzone dla klient\u00f3w, kt\u00f3rzy chc\u0105 wi\u0119cej zaci\u0105gni\u0119\u0107, wi\u0119cej smaku i wi\u0119cej wygody w jednym produkcie. Jest to \u015bwietna opcja dla rynk\u00f3w, kt\u00f3re wymagaj\u0105 d\u0142ugotrwa\u0142ych jednorazowych waporyzator\u00f3w z przyci\u0105gaj\u0105cym wzrok wyborem smak\u00f3w i elastyczn\u0105 moc\u0105 nikotyny.<\/p>\n<p>Dla nabywc\u00f3w B2B, WASPE Bar 60K jest \u0142atwym produktem do dodania do katalogu hurtowego. Pojemno\u015b\u0107 60000 zaci\u0105gni\u0119\u0107 pozwala mu wyr\u00f3\u017cni\u0107 si\u0119 na konkurencyjnym rynku jednorazowych urz\u0105dze\u0144 vape, a wyb\u00f3r smak\u00f3w obejmuje owocowe, lodowe, s\u0142odkie i mieszane profile, kt\u00f3re s\u0105 popularne w\u015br\u00f3d wielu konsument\u00f3w. U\u0142atwia to dystrybutorom i sklepom vape dotarcie zar\u00f3wno do codziennych vaper\u00f3w, jak i klient\u00f3w poszukuj\u0105cych nowych, odwa\u017cnych dozna\u0144 smakowych. \u2728<\/p>\n<h3>Specyfikacja WASPE Bar 60K<\/h3>\n<table>\n<tbody>\n<tr>\n<th>Nazwa produktu<\/th>\n<td>WASPE Bar 60K Puffs<\/td>\n<\/tr>\n<tr>\n<th>Typ urz\u0105dzenia<\/th>\n<td>Jednorazowe urz\u0105dzenie Vape<\/td>\n<\/tr>\n<tr>\n<th>Liczba zaci\u0105gni\u0119\u0107<\/th>\n<td>60000 Puff\u00f3w<\/td>\n<\/tr>\n<tr>\n<th>Si\u0142a nikotyny<\/th>\n<td>0% \/ 2% \/ 5%<\/td>\n<\/tr>\n<tr>\n<th>Opcje smakowe<\/th>\n<td>16 smak\u00f3w<\/td>\n<\/tr>\n<tr>\n<th>Pakowanie<\/th>\n<td>10szt\/pude\u0142ko<\/td>\n<\/tr>\n<tr>\n<th>Ilo\u015b\u0107 w kartonie<\/th>\n<td>160szt\/ctn<\/td>\n<\/tr>\n<tr>\n<th>Waga brutto<\/th>\n<td>20,8 kg<\/td>\n<\/tr>\n<tr>\n<th>Docelowi nabywcy<\/th>\n<td>Hurtownicy, dystrybutorzy, sklepy vape, sprzedawcy detaliczni<\/td>\n<\/tr>\n<\/tbody>\n<\/table>\n<h3>WASPE Bar 60K Flavors \ud83c\udf4d\ud83c\udf47\ud83c\udf49<\/h3>\n<p><strong>Arbuzowy l\u00f3d<\/strong> - Soczysty smak arbuza z ch\u0142odnym, lodowatym wyko\u0144czeniem, \u015bwie\u017cy i przyjemny.<\/p>\n<p><strong>L\u00f3d jagodowy<\/strong> - S\u0142odki smak jag\u00f3d po\u0142\u0105czony z rze\u015bkim, ch\u0142odz\u0105cym akcentem.<\/p>\n<p><strong>L\u00f3d winogronowy<\/strong> - Bogata s\u0142odycz winogron z orze\u017awiaj\u0105c\u0105 lodow\u0105 nut\u0105.<\/p>\n<p><strong>Cytryna Limonka<\/strong> - Jasny cytrusowy aromat z pikantnym i \u017cywym smakiem.<\/p>\n<p><strong>Banan truskawkowy<\/strong> - G\u0142adka i s\u0142odka mieszanka owoc\u00f3w uwielbiana przez wielu u\u017cytkownik\u00f3w waporyzator\u00f3w.<\/p>\n<p><strong>Jagody mieszane<\/strong> - Odwa\u017cna mieszanka jag\u00f3d z warstwowymi s\u0142odkimi i cierpkimi nutami.<\/p>\n<p><strong>Red Bull lodowy<\/strong> - Smak inspirowany napojami energetycznymi z ch\u0142odnym wyko\u0144czeniem dla mocniejszego kopa smakowego.<\/p>\n<p><strong>Arbuz Kiwi<\/strong> - Zr\u00f3wnowa\u017cona mieszanka soczystego arbuza i pikantnego kiwi.<\/p>\n<p><strong>Arbuz truskawkowy<\/strong> - S\u0142odka i orze\u017awiaj\u0105ca kombinacja owoc\u00f3w o szerokim zainteresowaniu klient\u00f3w.<\/p>\n<p><strong>Bor\u00f3wka Malina Wi\u015bnia<\/strong> - Bogaty profil potr\u00f3jnej jagody z g\u0142\u0119bok\u0105 s\u0142odycz\u0105 i owocow\u0105 z\u0142o\u017cono\u015bci\u0105.<\/p>\n<p><strong>Je\u017cyna Czarna porzeczka<\/strong> - Smak ciemnych jag\u00f3d z wyrazistym i lekko pikantnym finiszem.<\/p>\n<p><strong>Strawberry Black Dragon Ice<\/strong> - Specjalna mieszanka owoc\u00f3w ze s\u0142odk\u0105 truskawk\u0105 i egzotycznym akcentem.<\/p>\n<p><strong>Truskawka Kiwi<\/strong> - Klasyczna owocowa kombinacja ze s\u0142odk\u0105 i pikantn\u0105 r\u00f3wnowag\u0105.<\/p>\n<p><strong>Blue Cherry Cola<\/strong> - Zabawna i wyj\u0105tkowa mieszanka smaku jag\u00f3d, wi\u015bni i coli.<\/p>\n<p><strong>Lodowe Kiwi Melon<\/strong> - \u015awie\u017ca mieszanka melona z jasno\u015bci\u0105 kiwi i lodowat\u0105 g\u0142adko\u015bci\u0105.<\/p>\n<p><strong>Brzoskwinia Mango Ananas<\/strong> - Mieszanka owoc\u00f3w tropikalnych pe\u0142na s\u0142odkiego, soczystego i s\u0142onecznego smaku. \ud83c\udf34<\/p>\n<p><img data-recalc-dims=\"1\" loading=\"lazy\" decoding=\"async\" class=\"alignnone size-full wp-image-114647\" src=\"https:\/\/i0.wp.com\/aiviouvapes.com\/wp-content\/uploads\/2026\/03\/WASPE-Bar-60K-Puffs-24.jpg?resize=1020%2C574&#038;ssl=1\" alt=\"WASPE Bar 60K Puffs\" width=\"1020\" height=\"574\" title=\"\" srcset=\"https:\/\/i0.wp.com\/aiviouvapes.com\/wp-content\/uploads\/2026\/03\/WASPE-Bar-60K-Puffs-24.jpg?w=1920&amp;ssl=1 1920w, https:\/\/i0.wp.com\/aiviouvapes.com\/wp-content\/uploads\/2026\/03\/WASPE-Bar-60K-Puffs-24.jpg?resize=300%2C169&amp;ssl=1 300w, https:\/\/i0.wp.com\/aiviouvapes.com\/wp-content\/uploads\/2026\/03\/WASPE-Bar-60K-Puffs-24.jpg?resize=1024%2C576&amp;ssl=1 1024w, https:\/\/i0.wp.com\/aiviouvapes.com\/wp-content\/uploads\/2026\/03\/WASPE-Bar-60K-Puffs-24.jpg?resize=768%2C432&amp;ssl=1 768w, https:\/\/i0.wp.com\/aiviouvapes.com\/wp-content\/uploads\/2026\/03\/WASPE-Bar-60K-Puffs-24.jpg?resize=1536%2C864&amp;ssl=1 1536w, https:\/\/i0.wp.com\/aiviouvapes.com\/wp-content\/uploads\/2026\/03\/WASPE-Bar-60K-Puffs-24.jpg?resize=18%2C10&amp;ssl=1 18w, https:\/\/i0.wp.com\/aiviouvapes.com\/wp-content\/uploads\/2026\/03\/WASPE-Bar-60K-Puffs-24.jpg?resize=800%2C450&amp;ssl=1 800w\" sizes=\"auto, (max-width: 1020px) 100vw, 1020px\" \/> <img data-recalc-dims=\"1\" loading=\"lazy\" decoding=\"async\" class=\"alignnone size-full wp-image-114646\" src=\"https:\/\/i0.wp.com\/aiviouvapes.com\/wp-content\/uploads\/2026\/03\/WASPE-Bar-60K-Puffs-23.jpg?resize=1020%2C574&#038;ssl=1\" alt=\"WASPE Bar 60K Puffs\" width=\"1020\" height=\"574\" title=\"\" srcset=\"https:\/\/i0.wp.com\/aiviouvapes.com\/wp-content\/uploads\/2026\/03\/WASPE-Bar-60K-Puffs-23.jpg?w=1920&amp;ssl=1 1920w, https:\/\/i0.wp.com\/aiviouvapes.com\/wp-content\/uploads\/2026\/03\/WASPE-Bar-60K-Puffs-23.jpg?resize=300%2C169&amp;ssl=1 300w, https:\/\/i0.wp.com\/aiviouvapes.com\/wp-content\/uploads\/2026\/03\/WASPE-Bar-60K-Puffs-23.jpg?resize=1024%2C576&amp;ssl=1 1024w, https:\/\/i0.wp.com\/aiviouvapes.com\/wp-content\/uploads\/2026\/03\/WASPE-Bar-60K-Puffs-23.jpg?resize=768%2C432&amp;ssl=1 768w, https:\/\/i0.wp.com\/aiviouvapes.com\/wp-content\/uploads\/2026\/03\/WASPE-Bar-60K-Puffs-23.jpg?resize=1536%2C864&amp;ssl=1 1536w, https:\/\/i0.wp.com\/aiviouvapes.com\/wp-content\/uploads\/2026\/03\/WASPE-Bar-60K-Puffs-23.jpg?resize=18%2C10&amp;ssl=1 18w, https:\/\/i0.wp.com\/aiviouvapes.com\/wp-content\/uploads\/2026\/03\/WASPE-Bar-60K-Puffs-23.jpg?resize=800%2C450&amp;ssl=1 800w\" sizes=\"auto, (max-width: 1020px) 100vw, 1020px\" \/><\/p>\n<h3>FAQ dotycz\u0105ce WASPE Bar 60K \u2753<\/h3>\n<h4>1. Ile zaci\u0105gni\u0119\u0107 oferuje model WASPE Bar 60K?<\/h4>\n<p>WASPE Bar 60K oferuje do <strong>60000 zaci\u0105gni\u0119\u0107<\/strong>, co czyni go doskona\u0142ym wyborem dla u\u017cytkownik\u00f3w, kt\u00f3rzy chc\u0105 d\u0142ugotrwa\u0142ego jednorazowego waporyzatora.<\/p>\n<h4>2. Jakie st\u0119\u017cenia nikotyny s\u0105 dost\u0119pne?<\/h4>\n<p>To urz\u0105dzenie jest dost\u0119pne w nast\u0119puj\u0105cych wersjach <strong>0%, 2% i 5% nikotyna<\/strong>, Dzi\u0119ki temu mo\u017cna j\u0105 dopasowa\u0107 do r\u00f3\u017cnych preferencji klient\u00f3w i wymaga\u0144 rynku.<\/p>\n<h4>3. Ile smak\u00f3w ma ten model?<\/h4>\n<p>WASPE Bar 60K jest dost\u0119pny w nast\u0119puj\u0105cych wersjach <strong>16 opcji smakowych<\/strong>, w tym smaki owocowe, lodowe, jagodowe, tropikalne i inspirowane napojami.<\/p>\n<h4>4. Czy WASPE Bar 60K jest dobry do sprzeda\u017cy hurtowej?<\/h4>\n<p>Tak. Z <strong>10 sztuk w opakowaniu<\/strong> i <strong>160 sztuk w kartonie<\/strong>, Jest to idealne rozwi\u0105zanie dla hurtownik\u00f3w, dystrybutor\u00f3w i sklep\u00f3w vape poszukuj\u0105cych hurtowych dostaw jednorazowych vape.<\/p>\n<h4>5. Dla kogo przeznaczony jest ten produkt?<\/h4>\n<p>Produkt ten jest idealny dla intensywnych u\u017cytkownik\u00f3w, mi\u0142o\u015bnik\u00f3w aromat\u00f3w, sprzedawc\u00f3w jednorazowych vape i nabywc\u00f3w B2B, kt\u00f3rzy chc\u0105 modelu o wysokim poziomie zaci\u0105gni\u0119cia i szerokim potencjale sprzeda\u017cy.<\/p>\n<h4>6. Dlaczego WASPE Bar 60K jest atrakcyjny dla sklep\u00f3w vape?<\/h4>\n<p>\u0141\u0105czy w sobie bardzo du\u017c\u0105 liczb\u0119 zaci\u0105gni\u0119\u0107, elastyczny wyb\u00f3r nikotyny i popularne smaki w jednym urz\u0105dzeniu, co pomaga sklepom vape oferowa\u0107 bardziej konkurencyjny i atrakcyjny wyb\u00f3r produkt\u00f3w.<\/p>\n<h3>Przegl\u0105d WASPE Bar 60K<\/h3>\n<p><strong>WASPE Bar 60K jednorazowy vape<\/strong> jest siln\u0105 opcj\u0105 dla <strong>u\u017cytkownicy intensywnie korzystaj\u0105cy<\/strong> kt\u00f3rzy chc\u0105 d\u0142u\u017cej korzysta\u0107 z <strong>poszukiwacze smak\u00f3w<\/strong> kt\u00f3rzy lubi\u0105 owocowe i lodowe mieszanki, a tak\u017ce dla <strong>Sklepy vape i dystrybutorzy hurtowi<\/strong> poszukuj\u0105cych jednorazowego produktu vape o wysokim popycie. Oferuj\u0105c do 60000 zaci\u0105gni\u0119\u0107, elastyczne poziomy nikotyny i opakowania gotowe do sprzeda\u017cy hurtowej, model ten zosta\u0142 stworzony, aby wspiera\u0107 zar\u00f3wno sukces detaliczny, jak i rozw\u00f3j dystrybucji masowej. \ud83d\udcc8<\/p>","protected":false},"excerpt":{"rendered":"<p>Ciesz si\u0119 pot\u0119\u017cnym <strong>WASPE Bar 60K jednorazowy vape<\/strong> z maksymalnie <strong>60000 zaci\u0105gni\u0119\u0107<\/strong>, bogate smaki owocowe i lodowe oraz elastyczno\u015b\u0107 <strong>0% \/ 2% \/ 5% nikotyna<\/strong> opcje. M\u0105dry wyb\u00f3r dla hurtownik\u00f3w vape, dystrybutor\u00f3w i ci\u0119\u017ckich u\u017cytkownik\u00f3w poszukuj\u0105cych jednorazowego waporyzatora o du\u017cej mocy i du\u017cej atrakcyjno\u015bci rynkowej. \ud83d\ude80<\/p>","protected":false},"featured_media":114657,"comment_status":"open","ping_status":"closed","template":"","meta":[],"product_brand":[227],"product_cat":[19,242],"product_tag":[],"class_list":{"0":"post-114623","1":"product","2":"type-product","3":"status-publish","4":"has-post-thumbnail","6":"product_brand-waspe","7":"product_cat-waspe","8":"product_cat-60000-puffs-disposable-vape","10":"first","11":"instock","12":"shipping-taxable","13":"purchasable","14":"product-type-variable","15":"has-default-attributes"},"jetpack_sharing_enabled":true,"tiered_pricing_type":"fixed","tiered_pricing_fixed_rules":{"30":8.3599999999999994315658113919198513031005859375,"50":7.12999999999999989341858963598497211933135986328125,"100":6.589999999999999857891452847979962825775146484375,"200":6.29000000000000003552713678800500929355621337890625,"400":5.9900000000000002131628207280300557613372802734375},"tiered_pricing_product_settings":{"layout":"default","base_unit_name":{"singular":null,"plural":null},"default_variation":null},"tiered_pricing_minimum_quantity":10,"tiered_pricing_roles_data":[],"tiered_pricing_percentage_rules":[],"tiered_pricing_maximum_quantity":null,"tiered_pricing_quantity_step":"10","_links":{"self":[{"href":"https:\/\/aiviouvapes.com\/pl\/wp-json\/wp\/v2\/product\/114623","targetHints":{"allow":["GET"]}}],"collection":[{"href":"https:\/\/aiviouvapes.com\/pl\/wp-json\/wp\/v2\/product"}],"about":[{"href":"https:\/\/aiviouvapes.com\/pl\/wp-json\/wp\/v2\/types\/product"}],"replies":[{"embeddable":true,"href":"https:\/\/aiviouvapes.com\/pl\/wp-json\/wp\/v2\/comments?post=114623"}],"wp:featuredmedia":[{"embeddable":true,"href":"https:\/\/aiviouvapes.com\/pl\/wp-json\/wp\/v2\/media\/114657"}],"wp:attachment":[{"href":"https:\/\/aiviouvapes.com\/pl\/wp-json\/wp\/v2\/media?parent=114623"}],"wp:term":[{"taxonomy":"product_brand","embeddable":true,"href":"https:\/\/aiviouvapes.com\/pl\/wp-json\/wp\/v2\/product_brand?post=114623"},{"taxonomy":"product_cat","embeddable":true,"href":"https:\/\/aiviouvapes.com\/pl\/wp-json\/wp\/v2\/product_cat?post=114623"},{"taxonomy":"product_tag","embeddable":true,"href":"https:\/\/aiviouvapes.com\/pl\/wp-json\/wp\/v2\/product_tag?post=114623"}],"curies":[{"name":"wp","href":"https:\/\/api.w.org\/{rel}","templated":true}]}}