{"id":111831,"date":"2026-02-28T11:05:29","date_gmt":"2026-02-28T03:05:29","guid":{"rendered":"https:\/\/aiviouvapes.com\/?post_type=product&#038;p=111831"},"modified":"2026-03-19T14:48:38","modified_gmt":"2026-03-19T06:48:38","slug":"bang-king-250k","status":"publish","type":"product","link":"https:\/\/aiviouvapes.com\/pl\/product\/bang-king-250k\/","title":{"rendered":"Bang King 250K | 4 w 1 quad smak, 250000 zaci\u0105gni\u0119\u0107, d\u0142ugotrwa\u0142y, jednorazowy vape luzem"},"content":{"rendered":"<h2>Bang King 250K | 4 w 1 poczw\u00f3rny smak 250000 zaci\u0105gni\u0119\u0107 du\u017ca pojemno\u015b\u0107 jednorazowy vape<\/h2>\n<p><strong>Bang King 250K poczw\u00f3rny smak 4 w 1 jednorazowy vape<\/strong> zosta\u0142 zaprojektowany z my\u015bl\u0105 o maksymalnej wydajno\u015bci i r\u00f3\u017cnorodno\u015bci. Dzi\u0119ki 4 wbudowanym smakom w jednym urz\u0105dzeniu, ogromnej pojemno\u015bci e-liquidu i pot\u0119\u017cnym cewkom quad 1.0\u03a9, ten jednorazowy papieros o du\u017cej mocy jest idealny dla vape shop\u00f3w, dystrybutor\u00f3w i intensywnych u\u017cytkownik\u00f3w, kt\u00f3rzy chc\u0105 d\u0142ugotrwa\u0142ej warto\u015bci i ekscytuj\u0105cej rotacji smak\u00f3w. \ud83d\udd25\ud83d\udca8<\/p>\n<h3>Dlaczego warto wybra\u0107 jednorazowy vape Bang King 250K o smaku quad 4 w 1? \ud83d\ude80<\/h3>\n<ul>\n<li><strong>Do 250 000 zaci\u0105gni\u0119\u0107:<\/strong> Bardzo du\u017ca liczba puff\u00f3w zaprojektowana z my\u015bl\u0105 o d\u0142ugotrwa\u0142ym u\u017cytkowaniu i du\u017cej atrakcyjno\u015bci detalicznej.<\/li>\n<li><strong>System czterech smak\u00f3w 4 w 1:<\/strong> Prze\u0142\u0105czaj si\u0119 mi\u0119dzy czterema smakami w jednym urz\u0105dzeniu - wi\u0119cej zabawy, wi\u0119cej r\u00f3\u017cnorodno\u015bci! \ud83c\udf53\ud83c\udf49\ud83c\udf4b<\/li>\n<li><strong>Pojemno\u015b\u0107 4 x 15 ml e-p\u0142ynu:<\/strong> \u0141\u0105czna pojemno\u015b\u0107 60 ml umo\u017cliwia d\u0142u\u017csze wapowanie bez konieczno\u015bci cz\u0119stej wymiany.<\/li>\n<li><strong>Wbudowany akumulator 650 mAh:<\/strong> Stabilna moc wyj\u015bciowa zapewnia p\u0142ynn\u0105 i sta\u0142\u0105 wydajno\u015b\u0107.<\/li>\n<li><strong>Cewki siatkowe 1,0\u03a9 x4:<\/strong> Silne dostarczanie smaku i g\u0119sta produkcja pary.<\/li>\n<li><strong>Opakowanie gotowe do sprzeda\u017cy hurtowej:<\/strong> Zoptymalizowany rozmiar kartonu do masowej wysy\u0142ki i dystrybucji.<\/li>\n<li><strong>Ci\u0119\u017cki, luksusowy design:<\/strong> 130 g na urz\u0105dzenie zapewnia solidne i wysokiej klasy wyczucie d\u0142oni.<\/li>\n<\/ul>\n<h3>Specyfikacja Bang King 250K \ud83d\udcca<\/h3>\n<table>\n<tbody>\n<tr>\n<td><strong>Nazwa produktu<\/strong><\/td>\n<td>Bang King 250K poczw\u00f3rny smak 4 w 1 jednorazowy vape<\/td>\n<\/tr>\n<tr>\n<td><strong>Liczba zaci\u0105gni\u0119\u0107<\/strong><\/td>\n<td>Do 250 000 zaci\u0105gni\u0119\u0107<\/td>\n<\/tr>\n<tr>\n<td><strong>Pojemno\u015b\u0107 akumulatora<\/strong><\/td>\n<td>Wbudowana bateria 650 mAh<\/td>\n<\/tr>\n<tr>\n<td><strong>Pojemno\u015b\u0107 e-liquidu<\/strong><\/td>\n<td>15 ml x 4 (\u0142\u0105cznie 60 ml)<\/td>\n<\/tr>\n<tr>\n<td><strong>Cewka<\/strong><\/td>\n<td>Cewki 1,0\u03a9 x4<\/td>\n<\/tr>\n<tr>\n<td><strong>Waga urz\u0105dzenia<\/strong><\/td>\n<td>130 g na jednostk\u0119<\/td>\n<\/tr>\n<tr>\n<td><strong>10 jednostek Waga<\/strong><\/td>\n<td>1300g<\/td>\n<\/tr>\n<tr>\n<td><strong>200 jednostek Waga<\/strong><\/td>\n<td>27 kg<\/td>\n<\/tr>\n<tr>\n<td><strong>Rozmiar pude\u0142ka<\/strong><\/td>\n<td>227 x 92 x 128 mm<\/td>\n<\/tr>\n<tr>\n<td><strong>Rozmiar kartonu<\/strong><\/td>\n<td>48 x 47 x 28 cm<\/td>\n<\/tr>\n<\/tbody>\n<\/table>\n<h3>Zestawy smakowe - 4 smaki w 1 urz\u0105dzeniu \ud83c\udf79\ud83c\udf53<\/h3>\n<p><strong>Cytryna Limonka \/ Arbuz L\u00f3d \/ Czarny L\u00f3d Smoczy Owoc Truskawka \/ Love66<\/strong><br \/>\n\u015awie\u017ce cytrusy, lodowaty arbuz, egzotyczna mieszanka smoczych owoc\u00f3w i klasyczna mieszanka w stylu shishy Love66.<\/p>\n<p><strong>Cytryna Limonka \/ Truskawka L\u00f3d \/ Malina Arbuz \/ Fizy Wi\u015bnia<\/strong><br \/>\nS\u0142odki truskawkowy ch\u0142\u00f3d, soczysty malinowy arbuz i musuj\u0105cy wi\u015bniowy finisz.<\/p>\n<p><strong>Waniliowa Cola \/ Cytryna Brzoskwinia \/ Truskawka Malina Wi\u015bnia L\u00f3d \/ Winogrono L\u00f3d<\/strong><br \/>\nKremowa s\u0142odycz coli, owocowa r\u00f3wnowaga brzoskwiniowo-cytrynowa, potr\u00f3jna jagodowa eksplozja lodu i ch\u0142odne winogrona.<\/p>\n<p><strong>R\u00f3\u017cowa Lemoniada \/ Kiwi Marakuja Guawa \/ Brzoskwinia Jagoda \/ Truskawka Banan<\/strong><br \/>\nTropikalna s\u0142odycz z \u0142agodnym bananem i orze\u017awiaj\u0105cymi cytrusami.<\/p>\n<p><strong>Eksplozja Winogron \/ Liczi L\u00f3d \/ Brzoskwinia Jagoda \/ Kiwi Marakuja Guawa<\/strong><br \/>\nWyrazisty cukierek winogronowy, lodowata \u015bwie\u017co\u015b\u0107 liczi i po\u0142\u0105czenie owoc\u00f3w tropikalnych.<\/p>\n<p><strong>Truskawka Mango \/ Niebieska Malina Lemoniada \/ Lody Waniliowe \/ Kwa\u015bna Potr\u00f3jna Jagoda<\/strong><br \/>\nS\u0142odka mieszanka mango, pikantna lemoniada blue razz, kremowy deser i kwa\u015bny poncz jagodowy.<\/p>\n<p><strong>L\u00f3d arbuzowy \/ Mango truskawkowe \/ L\u00f3d jagodowy \/ Fizy Wi\u015bnia<\/strong><br \/>\nKlasyczne owoce lodowe ze s\u0142odkim jagodowym blaskiem.<\/p>\n<p><strong>Mieszanka Jagodowa \/ Wi\u015bnia Cytryna \/ Truskawka Kiwi \/ Truskawka Arbuz Guma Balonowa<\/strong><br \/>\nCukierkowe po\u0142\u0105czenie owoc\u00f3w z orze\u017awiaj\u0105cymi cytrusami.<\/p>\n<p><strong>Truskawkowy arbuz \/ Wi\u015bniowa cola \/ Soczysty l\u00f3d brzoskwiniowy \/ Grejpfrutowy orze\u017awiaj\u0105cy<\/strong><br \/>\nS\u0142odki duet owoc\u00f3w, musuj\u0105ca cola, brzoskwiniowa g\u0142adko\u015b\u0107 lodu i cytrusowy grejpfrut.<\/p>\n<p><strong>Mojito \/ Monster Mango \/ Lady Killer \/ R\u00f3\u017cowa Lemoniada<\/strong><br \/>\nMi\u0119towa \u015bwie\u017co\u015b\u0107 mojito, odwa\u017cna energia mango, najwy\u017cszej jako\u015bci mieszanka shishy i pikantna r\u00f3\u017cowa lemoniada.<\/p>\n<h3>Idealny do dystrybucji detalicznej i hurtowej \ud83c\udfea\ud83d\udce6<\/h3>\n<p>Bang King 250K zosta\u0142 stworzony z my\u015bl\u0105 o intensywnych u\u017cytkownikach, kt\u00f3rzy chc\u0105 d\u0142ugotrwa\u0142ej waporyzacji, poszukiwaczach smak\u00f3w, kt\u00f3rzy uwielbiaj\u0105 zmienia\u0107 smaki, oraz sklepach vape poszukuj\u0105cych wysokomar\u017cowych urz\u0105dze\u0144 jednorazowego u\u017cytku. Jego du\u017ca liczba zaci\u0105gni\u0119\u0107 i system wielu smak\u00f3w sprawiaj\u0105, \u017ce jest on bardzo atrakcyjny dla ekspozycji detalicznych i dystrybucji hurtowej na ca\u0142ym \u015bwiecie.<\/p>\n<h3>FAQ\u2753 Bang King 250K<\/h3>\n<p><strong>P1: Czy Bang King 250K jest \u0142adowalny?<\/strong><br \/>\nUrz\u0105dzenie posiada wbudowan\u0105 bateri\u0119 o pojemno\u015bci 650 mAh zaprojektowan\u0105 do obs\u0142ugi du\u017cej pojemno\u015bci e-liquidu w celu d\u0142ugiego u\u017cytkowania.<\/p>\n<p><strong>P2: Jak dzia\u0142a system aromat\u00f3w 4 w 1?<\/strong><br \/>\nKa\u017cde urz\u0105dzenie zawiera cztery oddzielne komory smakowe o pojemno\u015bci 15 ml, dzi\u0119ki czemu u\u017cytkownicy mog\u0105 prze\u0142\u0105cza\u0107 si\u0119 mi\u0119dzy smakami, aby uzyska\u0107 \u015bwie\u017ce doznania w dowolnym momencie.<\/p>\n<p><strong>P3: Czy ten produkt nadaje si\u0119 do zam\u00f3wie\u0144 hurtowych?<\/strong><br \/>\nTak. Dzi\u0119ki zoptymalizowanemu rozmiarowi kartonu i opakowaniu zbiorczemu (200 sztuk w kartonie) jest to idealne rozwi\u0105zanie dla dystrybutor\u00f3w i nabywc\u00f3w du\u017cych ilo\u015bci.<\/p>\n<p><strong>P4: Dla kogo to urz\u0105dzenie jest najlepsze?<\/strong><br \/>\nJest to idealne rozwi\u0105zanie dla intensywnych u\u017cytkownik\u00f3w, mi\u0142o\u015bnik\u00f3w smaku, sprzedawc\u00f3w detalicznych vape shop\u00f3w i globalnych nabywc\u00f3w hurtowych poszukuj\u0105cych jednorazowych produkt\u00f3w premium o du\u017cej liczbie zaci\u0105gni\u0119\u0107.<\/p>\n<p><strong>P5: Co wyr\u00f3\u017cnia ten model na rynku?<\/strong><br \/>\nBardzo du\u017ca liczba zaci\u0105gni\u0119\u0107, poczw\u00f3rny system prze\u0142\u0105czania smak\u00f3w i silna moc aromatu z cewek 1,0 \u03a9 sprawiaj\u0105, \u017ce jest to konkurencyjny bestseller na rynku jednorazowych waporyzator\u00f3w luzem. \ud83d\udca8\ud83d\udd25<\/p>\n<h3><img data-recalc-dims=\"1\" loading=\"lazy\" decoding=\"async\" class=\"alignnone size-full wp-image-111896\" src=\"https:\/\/i0.wp.com\/aiviouvapes.com\/wp-content\/uploads\/2026\/02\/Bang-King-250k-11.jpg?resize=774%2C1920&#038;ssl=1\" alt=\"Bang King 250k\" width=\"774\" height=\"1920\" title=\"\" srcset=\"https:\/\/i0.wp.com\/aiviouvapes.com\/wp-content\/uploads\/2026\/02\/Bang-King-250k-11.jpg?w=774&amp;ssl=1 774w, https:\/\/i0.wp.com\/aiviouvapes.com\/wp-content\/uploads\/2026\/02\/Bang-King-250k-11.jpg?resize=121%2C300&amp;ssl=1 121w, https:\/\/i0.wp.com\/aiviouvapes.com\/wp-content\/uploads\/2026\/02\/Bang-King-250k-11.jpg?resize=413%2C1024&amp;ssl=1 413w, https:\/\/i0.wp.com\/aiviouvapes.com\/wp-content\/uploads\/2026\/02\/Bang-King-250k-11.jpg?resize=768%2C1905&amp;ssl=1 768w, https:\/\/i0.wp.com\/aiviouvapes.com\/wp-content\/uploads\/2026\/02\/Bang-King-250k-11.jpg?resize=619%2C1536&amp;ssl=1 619w, https:\/\/i0.wp.com\/aiviouvapes.com\/wp-content\/uploads\/2026\/02\/Bang-King-250k-11.jpg?resize=5%2C12&amp;ssl=1 5w\" sizes=\"auto, (max-width: 774px) 100vw, 774px\" \/><\/h3>","protected":false},"excerpt":{"rendered":"<p>Bang King 250K poczw\u00f3rny smak to jednorazowe urz\u0105dzenie vape 4 w 1 z 250000 zaci\u0105gni\u0119ciami, bateri\u0105 650 mAh, 4x15 ml e-liquidu i poczw\u00f3rnymi cewkami 1,0 \u03a9. Idealny dla hurtownik\u00f3w, dystrybutor\u00f3w i intensywnych u\u017cytkownik\u00f3w vape poszukuj\u0105cych urz\u0105dze\u0144 o du\u017cej ilo\u015bci zaci\u0105gni\u0119\u0107.<\/p>","protected":false},"featured_media":112376,"comment_status":"open","ping_status":"closed","template":"","meta":[],"product_brand":[239],"product_cat":[37,336],"product_tag":[517,408,349,478,518],"class_list":{"0":"post-111831","1":"product","2":"type-product","3":"status-publish","4":"has-post-thumbnail","6":"product_brand-bang","7":"product_cat-bang","8":"product_cat-100k-puffs-disposable-vape","9":"product_tag-250k-disposable-vape","10":"product_tag-4-in-1-disposable-vape","11":"product_tag-bulk-disposable-vape","12":"product_tag-high-puff-disposable-vape","13":"product_tag-quad-flavor-vape","15":"first","16":"instock","17":"shipping-taxable","18":"purchasable","19":"product-type-variable","20":"has-default-attributes"},"jetpack_sharing_enabled":true,"tiered_pricing_type":"fixed","tiered_pricing_fixed_rules":{"30":9.589999999999999857891452847979962825775146484375,"50":7.9900000000000002131628207280300557613372802734375,"100":7.519999999999999573674358543939888477325439453125,"200":6.87000000000000010658141036401502788066864013671875,"400":6.3499999999999996447286321199499070644378662109375},"tiered_pricing_product_settings":{"layout":"default","base_unit_name":{"singular":null,"plural":null},"default_variation":null},"tiered_pricing_minimum_quantity":10,"tiered_pricing_roles_data":[],"tiered_pricing_percentage_rules":[],"tiered_pricing_maximum_quantity":null,"tiered_pricing_quantity_step":"10","_links":{"self":[{"href":"https:\/\/aiviouvapes.com\/pl\/wp-json\/wp\/v2\/product\/111831","targetHints":{"allow":["GET"]}}],"collection":[{"href":"https:\/\/aiviouvapes.com\/pl\/wp-json\/wp\/v2\/product"}],"about":[{"href":"https:\/\/aiviouvapes.com\/pl\/wp-json\/wp\/v2\/types\/product"}],"replies":[{"embeddable":true,"href":"https:\/\/aiviouvapes.com\/pl\/wp-json\/wp\/v2\/comments?post=111831"}],"wp:featuredmedia":[{"embeddable":true,"href":"https:\/\/aiviouvapes.com\/pl\/wp-json\/wp\/v2\/media\/112376"}],"wp:attachment":[{"href":"https:\/\/aiviouvapes.com\/pl\/wp-json\/wp\/v2\/media?parent=111831"}],"wp:term":[{"taxonomy":"product_brand","embeddable":true,"href":"https:\/\/aiviouvapes.com\/pl\/wp-json\/wp\/v2\/product_brand?post=111831"},{"taxonomy":"product_cat","embeddable":true,"href":"https:\/\/aiviouvapes.com\/pl\/wp-json\/wp\/v2\/product_cat?post=111831"},{"taxonomy":"product_tag","embeddable":true,"href":"https:\/\/aiviouvapes.com\/pl\/wp-json\/wp\/v2\/product_tag?post=111831"}],"curies":[{"name":"wp","href":"https:\/\/api.w.org\/{rel}","templated":true}]}}