{"id":111650,"date":"2026-02-28T10:30:51","date_gmt":"2026-02-28T02:30:51","guid":{"rendered":"https:\/\/aiviouvapes.com\/?post_type=product&#038;p=111650"},"modified":"2026-04-07T09:59:22","modified_gmt":"2026-04-07T01:59:22","slug":"bang-king-200k","status":"publish","type":"product","link":"https:\/\/aiviouvapes.com\/pl\/product\/bang-king-200k\/","title":{"rendered":"Bang King 200K | 8-w-1 200000 zaci\u0105gni\u0119\u0107, poczw\u00f3rny zbiornik, 8 smak\u00f3w, du\u017ca pojemno\u015b\u0107, jednorazowy vape luzem"},"content":{"rendered":"<h2>Bang King 200K | 8 w 1 200000 zaci\u0105gni\u0119\u0107 mega pojemno\u015b\u0107 poczw\u00f3rna cewka jednorazowa vape<\/h2>\n<h3>\ud83d\udd25 Bang King 200K jednorazowy vape 8 w 1 - pot\u0119\u017cne zaci\u0105gni\u0119cia, pot\u0119\u017cne smaki<\/h3>\n<p>The <strong>Bang King 200K jednorazowy vape 8 w 1<\/strong> jest zbudowany z my\u015bl\u0105 o powa\u017cnej wydajno\u015bci. Z niesamowit\u0105 <strong>Wydajno\u015b\u0107 200000 zaci\u0105gni\u0119\u0107<\/strong>, dzi\u0119ki czterem zbiornikom e-liquidu 16 ml i cewkom 1,0\u03a9, to urz\u0105dzenie jest przeznaczone do d\u0142ugotrwa\u0142ego smaku i silnej produkcji pary. \ud83d\udca8<\/p>\n<p>Niezale\u017cnie od tego, czy jeste\u015b w\u0142a\u015bcicielem vape shopu, dystrybutorem, czy te\u017c intensywnym u\u017cytkownikiem poszukuj\u0105cym d\u0142u\u017cszego czasu waporyzacji, Bang King 200K oferuje moc, r\u00f3\u017cnorodno\u015b\u0107 smak\u00f3w i doskona\u0142\u0105 warto\u015b\u0107 hurtow\u0105 w jednym urz\u0105dzeniu premium.<\/p>\n<h3>\u2705 Dlaczego warto wybra\u0107 Bang King 200K?<\/h3>\n<ul>\n<li>\ud83d\udd25 Do 200000 zaci\u0105gni\u0119\u0107 - jednorazowy vape o bardzo du\u017cej pojemno\u015bci do d\u0142ugotrwa\u0142ego u\u017cytkowania<\/li>\n<li>\ud83c\udfaf Prze\u0142\u0105czanie smak\u00f3w 8 w 1 - wiele kombinacji smakowych w jednym urz\u0105dzeniu<\/li>\n<li>\ud83d\udca7 16 ml x 4 zbiorniki e-liquidu - \u0142\u0105czna pojemno\u015b\u0107 64 ml<\/li>\n<li>\u26a1 Wbudowany akumulator o pojemno\u015bci 650 mAh - stabilna moc wyj\u015bciowa i p\u0142ynne dzia\u0142anie<\/li>\n<li>\ud83c\udf00 System poczw\u00f3rnej cewki 1,0\u03a9 - mocny smak, \u0142agodne uderzenie w gard\u0142o<\/li>\n<li>\ud83d\udce6 Opakowanie zbiorcze - zaprojektowane z my\u015bl\u0105 o sprzeda\u017cy hurtowej i dystrybucji<\/li>\n<li>\ud83d\udcbc Wysoka mar\u017ca zysku - idealna dla dystrybutor\u00f3w vape i nabywc\u00f3w B2B<\/li>\n<\/ul>\n<h3>\ud83d\udcca Specyfikacja Bang King 200K<\/h3>\n<table>\n<tbody>\n<tr>\n<td><strong>Liczba zaci\u0105gni\u0119\u0107<\/strong><\/td>\n<td>Do 200000 zaci\u0105gni\u0119\u0107<\/td>\n<\/tr>\n<tr>\n<td><strong>Pojemno\u015b\u0107 e-liquidu<\/strong><\/td>\n<td>16 ml x 4 (\u0142\u0105cznie 64 ml)<\/td>\n<\/tr>\n<tr>\n<td><strong>Bateria<\/strong><\/td>\n<td>Wbudowany akumulator 650 mAh<\/td>\n<\/tr>\n<tr>\n<td><strong>Rezystancja cewki<\/strong><\/td>\n<td>1,0\u03a9 x 4<\/td>\n<\/tr>\n<tr>\n<td><strong>Waga urz\u0105dzenia<\/strong><\/td>\n<td>150g (pojedyncza jednostka)<\/td>\n<\/tr>\n<tr>\n<td><strong>Rozmiar pude\u0142ka (6 szt.)<\/strong><\/td>\n<td>137 \u00d7 91 \u00d7 127,5 mm<\/td>\n<\/tr>\n<tr>\n<td><strong>Rozmiar kartonu<\/strong><\/td>\n<td>57 \u00d7 48 \u00d7 15 cm<\/td>\n<\/tr>\n<tr>\n<td><strong>Waga kartonu<\/strong><\/td>\n<td>120 sztuk \/ 20 kg<\/td>\n<\/tr>\n<\/tbody>\n<\/table>\n<h3>\ud83c\udf53 Kombinacje smak\u00f3w - doznania smakowe 8 w 1<\/h3>\n<p><strong>Niebieska Malina L\u00f3d \/ Brzoskwiniowy L\u00f3d \/ Winogronowy L\u00f3d \/ Mango L\u00f3d<\/strong> - Ch\u0142odna owocowa mieszanka z orze\u017awiaj\u0105cym lodowym wyko\u0144czeniem \u2744\ufe0f<\/p>\n<p><strong>Brzoskwinia Mango Arbuz \/ Red Bull \/ Truskawka Red Bull \/ Truskawka Kiwi<\/strong> - S\u0142odki nap\u00f3j energetyczny z owocami tropikalnymi \u26a1<\/p>\n<p><strong>Truskawka z mango \/ lody truskawkowe \/ lody bananowe \/ truskawka z liczi<\/strong> - Kremowa i owocowa kolekcja deser\u00f3w \ud83c\udf68<\/p>\n<p><strong>Podw\u00f3jne Jab\u0142ko \/ Mango Brzoskwinia \/ Truskawka Arbuz \/ Truskawka Cola Waniliowa<\/strong> - Klasyczne owoce z sodow\u0105 nut\u0105 \ud83e\udd64<\/p>\n<p><strong>Czarny Smok L\u00f3d \/ Mi\u0142o\u015b\u0107 66 \/ Pan Niebieski \/ Truskawkowa Lemoniada<\/strong> - Najwy\u017cszej jako\u015bci mieszanka jag\u00f3d i cytrus\u00f3w \ud83c\udf4b<\/p>\n<p><strong>Kiwi Marakuja Guawa \/ \u017belkowy Mi\u015b \/ T\u0119czowy Cukierek \/ Wata Cukrowa<\/strong> - Egzotyczna i cukierkowa s\u0142odycz \ud83c\udf6c<\/p>\n<p><strong>Arbuzowy L\u00f3d \/ Cytryna i Mi\u0119ta \/ Truskawkowy L\u00f3d \/ Niebieska Malina Wi\u015bnia<\/strong> - \u015awie\u017cy i ch\u0142odz\u0105cy smak przez ca\u0142y dzie\u0144 \ud83c\udf3f<\/p>\n<p><strong>Potr\u00f3jna Jagoda \/ Owoc Tropikalny \/ Truskawka Banan \/ R\u00f3\u017cowa Lemoniada<\/strong> - Zr\u00f3wnowa\u017cona s\u0142odko-kwa\u015bna mieszanka owoc\u00f3w \ud83c\udf53<\/p>\n<p><strong>Potr\u00f3jny Melon \/ Jagodowy L\u00f3d \/ Wi\u015bniowa Bomba \/ Ananas Kokos<\/strong> - Odwa\u017cne tropikalne i jagodowe po\u0142\u0105czenie \ud83c\udf34<\/p>\n<p><strong>Arbuz Guma Balonowa \/ Jagody Maliny \/ Malina Arbuz \/ Arbuz Jagody<\/strong> - S\u0142odka, soczysta eksplozja jag\u00f3d \ud83d\udca5<\/p>\n<p><strong>Ch\u0142odna Mi\u0119ta \/ Brzoskwinia Wi\u015bnia \/ Brzoskwinia Jagoda Cytryna \/ Kiwi Arbuz L\u00f3d<\/strong> - Od\u015bwie\u017caj\u0105ce i \u0142agodne uderzenia ch\u0142odzenia \u2744\ufe0f<\/p>\n<p><strong>Musuj\u0105ca Cytryna i Limonka \/ Jab\u0142kowe Mojito \/ Ananasowy L\u00f3d \/ Colowy L\u00f3d<\/strong> - Soda gazowana i lodowata kolekcja cytrus\u00f3w \ud83e\uddca<\/p>\n<h3>\ud83d\ude80 Idealny dla intensywnych u\u017cytkownik\u00f3w i nabywc\u00f3w hurtowych<\/h3>\n<p>Waporyzator jednorazowy Bang King 200K jest idealny dla <strong>osoby intensywnie u\u017cywaj\u0105ce e-papieros\u00f3w<\/strong> kt\u00f3rzy oczekuj\u0105 d\u0142ugotrwa\u0142ej wydajno\u015bci bez konieczno\u015bci cz\u0119stej wymiany. Jest to r\u00f3wnie\u017c idealne rozwi\u0105zanie dla <strong>poszukiwacze smak\u00f3w<\/strong> kt\u00f3rzy lubi\u0105 prze\u0142\u0105cza\u0107 si\u0119 mi\u0119dzy wieloma smakami za pomoc\u0105 jednego urz\u0105dzenia.<\/p>\n<p>Dla <strong>sklepy vape, dystrybutorzy i odbiorcy hurtowi<\/strong>, ten jednorazowy vape o du\u017cej pojemno\u015bci oferuje silny popyt rynkowy, atrakcyjne mar\u017ce i wydajno\u015b\u0107 pakowania hurtowego. Doskona\u0142y wyb\u00f3r do rozszerzenia linii produkt\u00f3w jednorazowych vape.<\/p>\n<h3>\u2753 FAQ - Bang King 200K jednorazowy Vape<\/h3>\n<p><strong>P1: Czy Bang King 200K mo\u017cna \u0142adowa\u0107?<\/strong><br \/>\nO: Urz\u0105dzenie posiada wbudowan\u0105 bateri\u0119 o pojemno\u015bci 650 mAh, kt\u00f3ra zosta\u0142a zaprojektowana z my\u015bl\u0105 o d\u0142u\u017cszym u\u017cytkowaniu.<\/p>\n<p><strong>P2: Ile smak\u00f3w znajduje si\u0119 w jednym urz\u0105dzeniu?<\/strong><br \/>\nO: Ka\u017cde urz\u0105dzenie posiada system smakowy 8 w 1, pozwalaj\u0105cy u\u017cytkownikom cieszy\u0107 si\u0119 wieloma kombinacjami smakowymi w jednym waporyzatorze.<\/p>\n<p><strong>P3: Czy ten produkt nadaje si\u0119 do zam\u00f3wie\u0144 hurtowych?<\/strong><br \/>\nTak. Bang King 200K jest pakowany do dystrybucji hurtowej, po 120 sztuk w kartonie, co czyni go idealnym rozwi\u0105zaniem dla nabywc\u00f3w B2B i dystrybutor\u00f3w.<\/p>\n<p><strong>P4: Dla kogo to urz\u0105dzenie jest najlepsze?<\/strong><br \/>\nJest on odpowiedni dla intensywnych u\u017cytkownik\u00f3w, vaper\u00f3w o d\u0142ugich sesjach, mi\u0142o\u015bnik\u00f3w aromat\u00f3w, sprzedawc\u00f3w vape i dystrybutor\u00f3w hurtowych poszukuj\u0105cych jednorazowych urz\u0105dze\u0144 o du\u017cej pojemno\u015bci.<\/p>\n<p><strong>P5: Czym r\u00f3\u017cni si\u0119 od standardowych waporyzator\u00f3w jednorazowych?<\/strong><br \/>\nO: Bardzo du\u017ca liczba zaci\u0105gni\u0119\u0107, poczw\u00f3rne zbiorniki e-liquidu i system prze\u0142\u0105czania smak\u00f3w 8 w 1 sprawiaj\u0105, \u017ce wyr\u00f3\u017cnia si\u0119 on na rynku jednorazowych waporyzator\u00f3w o du\u017cej pojemno\u015bci.<\/p>","protected":false},"excerpt":{"rendered":"<p>Jednorazowy waporyzator Bang King 200K 8 w 1 zapewnia do 200000 zaci\u0105gni\u0119\u0107 dzi\u0119ki czterem zbiornikom o pojemno\u015bci 16 ml, baterii 650 mAh i cewkom siatkowym 1,0 \u03a9. Idealny jednorazowy waporyzator o du\u017cej pojemno\u015bci dla dystrybutor\u00f3w i intensywnych u\u017cytkownik\u00f3w.<\/p>","protected":false},"featured_media":111677,"comment_status":"open","ping_status":"closed","template":"","meta":[],"product_brand":[239],"product_cat":[37,336],"product_tag":[519,500,463,478,520],"class_list":{"0":"post-111650","1":"product","2":"type-product","3":"status-publish","4":"has-post-thumbnail","6":"product_brand-bang","7":"product_cat-bang","8":"product_cat-100k-puffs-disposable-vape","9":"product_tag-200k-disposable-vape","10":"product_tag-8-in-1-disposable-vape","11":"product_tag-bulk-disposable-vape-wholesale","12":"product_tag-high-puff-disposable-vape","13":"product_tag-quad-tank-vape-device","15":"first","16":"instock","17":"shipping-taxable","18":"purchasable","19":"product-type-variable","20":"has-default-attributes"},"jetpack_sharing_enabled":true,"tiered_pricing_type":"fixed","tiered_pricing_fixed_rules":{"30":9.589999999999999857891452847979962825775146484375,"50":8.1699999999999999289457264239899814128875732421875,"100":7.519999999999999573674358543939888477325439453125,"200":6.9900000000000002131628207280300557613372802734375,"400":6.480000000000000426325641456060111522674560546875},"tiered_pricing_product_settings":{"layout":"default","base_unit_name":{"singular":null,"plural":null},"default_variation":null},"tiered_pricing_minimum_quantity":10,"tiered_pricing_roles_data":[],"tiered_pricing_percentage_rules":[],"tiered_pricing_maximum_quantity":null,"tiered_pricing_quantity_step":"10","_links":{"self":[{"href":"https:\/\/aiviouvapes.com\/pl\/wp-json\/wp\/v2\/product\/111650","targetHints":{"allow":["GET"]}}],"collection":[{"href":"https:\/\/aiviouvapes.com\/pl\/wp-json\/wp\/v2\/product"}],"about":[{"href":"https:\/\/aiviouvapes.com\/pl\/wp-json\/wp\/v2\/types\/product"}],"replies":[{"embeddable":true,"href":"https:\/\/aiviouvapes.com\/pl\/wp-json\/wp\/v2\/comments?post=111650"}],"wp:featuredmedia":[{"embeddable":true,"href":"https:\/\/aiviouvapes.com\/pl\/wp-json\/wp\/v2\/media\/111677"}],"wp:attachment":[{"href":"https:\/\/aiviouvapes.com\/pl\/wp-json\/wp\/v2\/media?parent=111650"}],"wp:term":[{"taxonomy":"product_brand","embeddable":true,"href":"https:\/\/aiviouvapes.com\/pl\/wp-json\/wp\/v2\/product_brand?post=111650"},{"taxonomy":"product_cat","embeddable":true,"href":"https:\/\/aiviouvapes.com\/pl\/wp-json\/wp\/v2\/product_cat?post=111650"},{"taxonomy":"product_tag","embeddable":true,"href":"https:\/\/aiviouvapes.com\/pl\/wp-json\/wp\/v2\/product_tag?post=111650"}],"curies":[{"name":"wp","href":"https:\/\/api.w.org\/{rel}","templated":true}]}}