{"id":111052,"date":"2026-02-27T00:02:11","date_gmt":"2026-02-26T16:02:11","guid":{"rendered":"https:\/\/aiviouvapes.com\/?post_type=product&#038;p=111052"},"modified":"2026-03-17T11:19:06","modified_gmt":"2026-03-17T03:19:06","slug":"fihp-90k","status":"publish","type":"product","link":"https:\/\/aiviouvapes.com\/pl\/product\/fihp-90k\/","title":{"rendered":"FIHP 90K 3 w 1 | 90 000 zaci\u0105gni\u0119\u0107, 42 ml, potr\u00f3jny smak, ekran LED, jednorazowy vape"},"content":{"rendered":"<p><!-- Short SEO Description --><\/p>\n<h2>FIHP 90000 3 w 1 90 000 zaci\u0105gni\u0119\u0107 | potr\u00f3jny smak ekran LED jednorazowy akumulator vape<\/h2>\n<p>\ud83d\udd25 <strong>Potr\u00f3jna moc smaku. Ogromna wydajno\u015b\u0107 90K. Inteligentne sterowanie LED.<\/strong> \ud83d\udd25<\/p>\n<p><strong>FIHP 90000 90K zaci\u0105gni\u0119\u0107 vape jednorazowego u\u017cytku<\/strong> zosta\u0142 zaprojektowany dla powa\u017cnych waper\u00f3w, kt\u00f3rzy wymagaj\u0105 ekstremalnej trwa\u0142o\u015bci, odwa\u017cnego dostarczania smaku i inteligentnej u\u017cyteczno\u015bci. Wyposa\u017cony w innowacyjny <strong>System potr\u00f3jnego smaku 3 w 1<\/strong>, To urz\u0105dzenie \u0142\u0105czy w sobie trzy smaki premium w jednym pot\u0119\u017cnym urz\u0105dzeniu o ogromnej mocy. <strong>Pojemno\u015b\u0107 e-liquidu 42 ml<\/strong>.<\/p>\n<p>Zaprojektowany z my\u015bl\u0105 o intensywnych u\u017cytkownikach i rynkach hurtowych, zapewnia do <strong>90 000 zaci\u0105gni\u0119\u0107<\/strong> przy jednoczesnym zachowaniu g\u0142adkiej, sp\u00f3jnej pary od pierwszego do ostatniego zaci\u0105gni\u0119cia. Wyposa\u017cony w <strong>Podw\u00f3jna cewka 0,9\u03a9<\/strong> i <strong>Akumulator o pojemno\u015bci 650 mAh<\/strong> Dzi\u0119ki szybkiemu \u0142adowaniu typu C ten zaawansowany jednorazowy produkt zapewnia g\u0119ste chmury i doskona\u0142\u0105 wyrazisto\u015b\u0107 smaku za ka\u017cdym razem.<\/p>\n<h3>Przegl\u0105d i funkcje FIHP 90K<\/h3>\n<p>- Bardzo d\u0142uga wydajno\u015b\u0107 do 90 000 zaci\u0105gni\u0119\u0107<br \/>\n- System potr\u00f3jnego smaku 3 w 1 (ca\u0142kowita pojemno\u015b\u0107 42 ml)<br \/>\n- Podw\u00f3jna cewka 0,9\u03a9 dla wi\u0119kszej g\u0119sto\u015bci pary<br \/>\n- Akumulator o pojemno\u015bci 650 mAh<br \/>\n- Obs\u0142uga szybkiego \u0142adowania typu C<br \/>\n- Inteligentny ekran LED z procentow\u0105 warto\u015bci\u0105 baterii w czasie rzeczywistym<br \/>\n- Dost\u0119pne w wersjach o zawarto\u015bci nikotyny 2% i 5%.<br \/>\n- 10 kombinacji smakowych premium<br \/>\n- 10 sztuk w pude\u0142ku - opakowanie przyjazne dla sprzeda\u017cy hurtowej<\/p>\n<h3>Specyfikacja FIHP 90K<\/h3>\n<table>\n<tbody>\n<tr>\n<th>Cecha<\/th>\n<th>Szczeg\u00f3\u0142y<\/th>\n<\/tr>\n<tr>\n<td>Liczba zaci\u0105gni\u0119\u0107<\/td>\n<td>Do 90 000 zaci\u0105gni\u0119\u0107<\/td>\n<\/tr>\n<tr>\n<td>Pojemno\u015b\u0107 e-liquidu<\/td>\n<td>42 ml (system potr\u00f3jnego smaku)<\/td>\n<\/tr>\n<tr>\n<td>Cewka<\/td>\n<td>Cewka Dual Mesh 0,9\u03a9<\/td>\n<\/tr>\n<tr>\n<td>Bateria<\/td>\n<td>Akumulator 650 mAh<\/td>\n<\/tr>\n<tr>\n<td>\u0141adowanie<\/td>\n<td>Szybkie \u0142adowanie typu C<\/td>\n<\/tr>\n<tr>\n<td>Wy\u015bwietlacz<\/td>\n<td>Inteligentna dioda LED (bateria czasu rzeczywistego %)<\/td>\n<\/tr>\n<tr>\n<td>Si\u0142a nikotyny<\/td>\n<td>2% \/ 5%<\/td>\n<\/tr>\n<tr>\n<td>Opakowanie<\/td>\n<td>10 sztuk w opakowaniu<\/td>\n<\/tr>\n<\/tbody>\n<\/table>\n<h3>FIHP 90K kombinacji smakowych (system 3 w 1)<\/h3>\n<table>\n<tbody>\n<tr>\n<th>Kombinacja smak\u00f3w<\/th>\n<th>Potr\u00f3jna mieszanka<\/th>\n<\/tr>\n<tr>\n<td>Combo 1<\/td>\n<td>Fizzy Cherry | Lady Killer | Gummy Bear<\/td>\n<\/tr>\n<tr>\n<td>Combo 2<\/td>\n<td>Blueberry Raspberry | Love 666 | Peach Ice<\/td>\n<\/tr>\n<tr>\n<td>Combo 3<\/td>\n<td>Arbuz malinowy | Mieszane jagody | Brzoskwinia z mango<\/td>\n<\/tr>\n<tr>\n<td>Combo 4<\/td>\n<td>Blue Razz Lemonade | Strawberry Raspberry | Rainbow Candy<\/td>\n<\/tr>\n<tr>\n<td>Combo 5<\/td>\n<td>Watermelon Bubblegum | Grape Ice | Black Dragon Ice<\/td>\n<\/tr>\n<tr>\n<td>Combo 6<\/td>\n<td>Ananas Kokos | Owoce mieszane | Cytryna Brzoskwinia<\/td>\n<\/tr>\n<tr>\n<td>Combo 7<\/td>\n<td>Podw\u00f3jne jab\u0142ko | Truskawka banan | Malina arbuz<\/td>\n<\/tr>\n<tr>\n<td>Combo 8<\/td>\n<td>Watermelon Ice | Red Bull | Strawberry Kiwi<\/td>\n<\/tr>\n<tr>\n<td>Combo 9<\/td>\n<td>Blueberry Ice | Strawberry Watermelon | Lemon Lime<\/td>\n<\/tr>\n<tr>\n<td>Combo 10<\/td>\n<td>Peach Berry | Triple Melon | Watermelon Ice<\/td>\n<\/tr>\n<\/tbody>\n<\/table>\n<h3>FIHP 90K dost\u0119pnych smak\u00f3w<\/h3>\n<p>Fizzy Cherry &amp; Lady Killer &amp; Gummy Bear<br \/>\nBlueberry Raspberry &amp; Love 666 &amp; Peach Ice<br \/>\nArbuz malinowy i mieszane jagody oraz brzoskwinia z mango<br \/>\nBlue Razz Lemonade &amp; Strawberry Raspberry &amp; Rainbow Candy<br \/>\nWatermelon Bubblegum &amp; Grape Ice &amp; Black Dragon Ice<br \/>\nAnanas, kokos, mieszanka owoc\u00f3w i brzoskwinia z cytryn\u0105<br \/>\nPodw\u00f3jne jab\u0142ko i truskawka Banan i arbuz Malina<br \/>\nWatermelon Ice &amp; Red Bull &amp; Strawberry Kiwi<br \/>\nBlueberry Ice &amp; Strawberry Watermelon &amp; Lemon Lime<br \/>\nPeach Berry &amp; Triple Melon &amp; Watermelon Ice<\/p>\n<h3>Dlaczego warto wybra\u0107 FIHP 90000 3-w-1 90K?<\/h3>\n<ul>\n<li>\ud83d\ude80 Ekstremalna pojemno\u015b\u0107 90 000 zaci\u0105gni\u0119\u0107 zmniejsza cz\u0119stotliwo\u015b\u0107 wymiany<\/li>\n<li>\ud83c\udf53 Potr\u00f3jne prze\u0142\u0105czanie smak\u00f3w dla wi\u0119kszej r\u00f3\u017cnorodno\u015bci<\/li>\n<li>\ud83d\udca8 Podw\u00f3jna cewka siatkowa dla ogromnych chmur i bogatego smaku<\/li>\n<li>\ud83d\udd0b Akumulator z funkcj\u0105 monitorowania baterii za pomoc\u0105 diody LED<\/li>\n<li>\u26a1 Wygoda szybkiego \u0142adowania typu C<\/li>\n<li>\ud83d\udce6 Gotowe do sprzeda\u017cy hurtowej opakowanie 10 szt.<\/li>\n<li>\ud83c\udfea Idealny dla sklep\u00f3w vape, dystrybutor\u00f3w i odbiorc\u00f3w hurtowych<\/li>\n<\/ul>\n<p><strong>FIHP 90000 jednorazowy vape 3 w 1<\/strong> zosta\u0142 stworzony z my\u015bl\u0105 o intensywnych u\u017cytkownikach, poszukiwaczach smak\u00f3w i dystrybutorach hurtowych poszukuj\u0105cych urz\u0105dze\u0144 o du\u017cej pojemno\u015bci i najwy\u017cszej wydajno\u015bci. Dzi\u0119ki potr\u00f3jnej innowacji smakowej, ogromnej mocy zaci\u0105gania si\u0119 i inteligentnemu sterowaniu LED, jest to pot\u0119\u017cny dodatek do ka\u017cdego sklepu vape lub portfolio dystrybucji na du\u017c\u0105 skal\u0119.<\/p>\n<h3>FIHP 90K FAQ<\/h3>\n<p><strong>P1: Jak d\u0142ugo dzia\u0142a FIHP 90000?<\/strong><br \/>\nO: Zapewnia do 90 000 zaci\u0105gni\u0119\u0107 w zale\u017cno\u015bci od nawyk\u00f3w u\u017cytkowania, znacznie zmniejszaj\u0105c cz\u0119stotliwo\u015b\u0107 wymiany.<\/p>\n<p><strong>P2: Czy urz\u0105dzenie mo\u017cna \u0142adowa\u0107?<\/strong><br \/>\nO: Tak, jest wyposa\u017cony w akumulator o pojemno\u015bci 650 mAh z funkcj\u0105 szybkiego \u0142adowania typu C.<\/p>\n<p><strong>P3: Czy u\u017cytkownicy mog\u0105 prze\u0142\u0105cza\u0107 si\u0119 mi\u0119dzy smakami?<\/strong><br \/>\nO: Tak, system 3 w 1 integruje trzy smaki w jednym urz\u0105dzeniu, zapewniaj\u0105c dynamiczne doznania podczas waporyzacji.<\/p>\n<p><strong>P4: Jakie moce nikotyny s\u0105 dost\u0119pne?<\/strong><br \/>\nO: Jest dost\u0119pny w wersjach z nikotyn\u0105 2% i 5%.<\/p>\n<p><strong>P5: Czy nadaje si\u0119 do sprzeda\u017cy hurtowej?<\/strong><br \/>\nOczywi\u015bcie. Dost\u0119pny jest w opakowaniach po 10 sztuk, dzi\u0119ki czemu idealnie nadaje si\u0119 do sklep\u00f3w vape i dystrybucji hurtowej.<\/p>","protected":false},"excerpt":{"rendered":"<p><strong>FIHP 90000 jednorazowy vape 3 w 1<\/strong> Zapewnia do 90 000 zaci\u0105gni\u0119\u0107 z potr\u00f3jnymi smakami, 42 ml e-cieczy, ekran LED i zasilanie akumulatorowe, podw\u00f3jn\u0105 cewk\u0119 siatkow\u0105, ogromne chmury, gotowe opakowanie hurtowe.<\/p>","protected":false},"featured_media":111131,"comment_status":"open","ping_status":"closed","template":"","meta":[],"product_brand":[236],"product_cat":[18],"product_tag":[513,516,512,349,330,511,515,331,514,497],"class_list":{"0":"post-111052","1":"product","2":"type-product","3":"status-publish","4":"has-post-thumbnail","6":"product_brand-fihp","7":"product_cat-fihp","8":"product_tag-3-in-1-vape","9":"product_tag-90000-puffs-vape","10":"product_tag-90k-disposable-vape","11":"product_tag-bulk-disposable-vape","12":"product_tag-dual-mesh-coil-vape","13":"product_tag-fihp-90000","14":"product_tag-led-screen-disposable-vape","15":"product_tag-rechargeable-disposable-vape","16":"product_tag-triple-flavor-vape","17":"product_tag-wholesale-vape-supplier","19":"first","20":"instock","21":"shipping-taxable","22":"purchasable","23":"product-type-variable","24":"has-default-attributes"},"jetpack_sharing_enabled":true,"tiered_pricing_type":"fixed","tiered_pricing_fixed_rules":{"30":9.589999999999999857891452847979962825775146484375,"50":7.910000000000000142108547152020037174224853515625,"100":7.38999999999999968025576890795491635799407958984375,"200":6.7400000000000002131628207280300557613372802734375,"400":6.21999999999999975131004248396493494510650634765625},"tiered_pricing_product_settings":{"layout":"default","base_unit_name":{"singular":null,"plural":null},"default_variation":null},"tiered_pricing_minimum_quantity":10,"tiered_pricing_roles_data":[],"tiered_pricing_percentage_rules":[],"tiered_pricing_maximum_quantity":null,"tiered_pricing_quantity_step":"10","_links":{"self":[{"href":"https:\/\/aiviouvapes.com\/pl\/wp-json\/wp\/v2\/product\/111052","targetHints":{"allow":["GET"]}}],"collection":[{"href":"https:\/\/aiviouvapes.com\/pl\/wp-json\/wp\/v2\/product"}],"about":[{"href":"https:\/\/aiviouvapes.com\/pl\/wp-json\/wp\/v2\/types\/product"}],"replies":[{"embeddable":true,"href":"https:\/\/aiviouvapes.com\/pl\/wp-json\/wp\/v2\/comments?post=111052"}],"wp:featuredmedia":[{"embeddable":true,"href":"https:\/\/aiviouvapes.com\/pl\/wp-json\/wp\/v2\/media\/111131"}],"wp:attachment":[{"href":"https:\/\/aiviouvapes.com\/pl\/wp-json\/wp\/v2\/media?parent=111052"}],"wp:term":[{"taxonomy":"product_brand","embeddable":true,"href":"https:\/\/aiviouvapes.com\/pl\/wp-json\/wp\/v2\/product_brand?post=111052"},{"taxonomy":"product_cat","embeddable":true,"href":"https:\/\/aiviouvapes.com\/pl\/wp-json\/wp\/v2\/product_cat?post=111052"},{"taxonomy":"product_tag","embeddable":true,"href":"https:\/\/aiviouvapes.com\/pl\/wp-json\/wp\/v2\/product_tag?post=111052"}],"curies":[{"name":"wp","href":"https:\/\/api.w.org\/{rel}","templated":true}]}}