{"id":110979,"date":"2026-02-26T23:47:30","date_gmt":"2026-02-26T15:47:30","guid":{"rendered":"https:\/\/aiviouvapes.com\/?post_type=product&#038;p=110979"},"modified":"2026-04-07T09:59:54","modified_gmt":"2026-04-07T01:59:54","slug":"bang-box-50k","status":"publish","type":"product","link":"https:\/\/aiviouvapes.com\/pl\/product\/bang-box-50k\/","title":{"rendered":"Bang Box 50K | 50ml 50000 zaci\u0105gni\u0119\u0107, podw\u00f3jny smak, ekran LCD, akumulator 850mAh, hurtowa sprzeda\u017c jednorazowych vape"},"content":{"rendered":"<h3>\ud83d\udd25Bang Box 50K 50000 zaci\u0105gni\u0119\u0107 | podw\u00f3jny smak jednorazowy vape z ekranem LCD<\/h3>\n<p><strong>Bang Box 50K jednorazowy vape<\/strong> zosta\u0142 zaprojektowany z my\u015bl\u0105 o powa\u017cnych vaperach i nabywcach hurtowych, kt\u00f3rzy wymagaj\u0105 mocy, d\u0142ugowieczno\u015bci i innowacji smakowych. Dostarcza do <strong>50 000 zaci\u0105gni\u0119\u0107<\/strong>, to urz\u0105dzenie o du\u017cej pojemno\u015bci i dw\u00f3ch smakach \u0142\u0105czy wydajno\u015b\u0107 i wygod\u0119 w jednym eleganckim urz\u0105dzeniu.<\/p>\n<p>Wyposa\u017cony w <strong>Cewka o oczkach 1,0\u03a9<\/strong>, <strong>50 ml e-liquidu premium<\/strong>oraz <strong>akumulator 850mAh<\/strong>, model Bang Box 50K zapewnia p\u0142ynn\u0105 produkcj\u0119 pary i sp\u00f3jny smak od pierwszego do ostatniego zaci\u0105gni\u0119cia. Wbudowany <strong>cyfrowy wy\u015bwietlacz LCD<\/strong> Wyra\u017anie pokazuje poziom na\u0142adowania baterii i e-liquidu, daj\u0105c u\u017cytkownikom pe\u0142n\u0105 kontrol\u0119.<\/p>\n<p>Z <strong>regulowany przep\u0142yw powietrza<\/strong> i wielu mocach nikotyny (0%, 2%, 3%, 5%), zadowoli zar\u00f3wno mi\u0142o\u015bnik\u00f3w chmur, jak i u\u017cytkownik\u00f3w nikotyny. Idealny do p\u00f3\u0142ek detalicznych, sklep\u00f3w vape i hurtowych kana\u0142\u00f3w dystrybucji.<\/p>\n<h3>\u2699 Specyfikacja Bang Box 50K<\/h3>\n<table>\n<tbody>\n<tr>\n<th>Cecha<\/th>\n<th>Szczeg\u00f3\u0142y<\/th>\n<\/tr>\n<tr>\n<td>Liczba zaci\u0105gni\u0119\u0107<\/td>\n<td>Do 50 000 zaci\u0105gni\u0119\u0107<\/td>\n<\/tr>\n<tr>\n<td>Pojemno\u015b\u0107 E-Liquid<\/td>\n<td>50 ml<\/td>\n<\/tr>\n<tr>\n<td>Bateria<\/td>\n<td>Akumulator 850 mAh<\/td>\n<\/tr>\n<tr>\n<td>Cewka<\/td>\n<td>Cewka siatkowa 1,0\u03a9<\/td>\n<\/tr>\n<tr>\n<td>Si\u0142a nikotyny<\/td>\n<td>0% \/ 2% \/ 3% \/ 5%<\/td>\n<\/tr>\n<tr>\n<td>Wy\u015bwietlacz<\/td>\n<td>Ekran LCD (bateria + wska\u017anik cieczy)<\/td>\n<\/tr>\n<tr>\n<td>Przep\u0142yw powietrza<\/td>\n<td>Regulowany<\/td>\n<\/tr>\n<tr>\n<td>Opcje smakowe<\/td>\n<td>12 podw\u00f3jnych kombinacji smakowych<\/td>\n<\/tr>\n<\/tbody>\n<\/table>\n<h3>\ud83c\udf53 Bang Box 50K Kombinacje smakowe (podw\u00f3jny smak)<\/h3>\n<table>\n<tbody>\n<tr>\n<th>Smak A<\/th>\n<th>Smak B<\/th>\n<\/tr>\n<tr>\n<td>Truskawka Kiwi<\/td>\n<td>Double Grape<\/td>\n<\/tr>\n<tr>\n<td>Sok brzoskwiniowy<\/td>\n<td>Lemoniada Blue Razz<\/td>\n<\/tr>\n<tr>\n<td>Ananas Mango Brzoskwinia<\/td>\n<td>Truskawka z wi\u015bni\u0105<\/td>\n<\/tr>\n<tr>\n<td>Kwa\u015bny l\u00f3d jagodowo-malinowy<\/td>\n<td>Owoce mieszane<\/td>\n<\/tr>\n<tr>\n<td>L\u00f3d jagodowy<\/td>\n<td>Lemon Cola Soda<\/td>\n<\/tr>\n<tr>\n<td>Cukierki truskawkowo-malinowe<\/td>\n<td>Love 666<\/td>\n<\/tr>\n<tr>\n<td>L\u00f3d truskawkowy<\/td>\n<td>Marakuja<\/td>\n<\/tr>\n<tr>\n<td>Arbuz Bubblegum<\/td>\n<td>Arbuz truskawkowy<\/td>\n<\/tr>\n<tr>\n<td>Lodowy Czarny Smok<\/td>\n<td>Mango Brzoskwinia Arbuz<\/td>\n<\/tr>\n<tr>\n<td>Jab\u0142ko Gruszka<\/td>\n<td>Kiwi Passion Fruit Guava<\/td>\n<\/tr>\n<tr>\n<td>Blue Razz Ice<\/td>\n<td>Cytryna Limonka<\/td>\n<\/tr>\n<tr>\n<td>Red Bull<\/td>\n<td>Arbuzowy l\u00f3d<\/td>\n<\/tr>\n<\/tbody>\n<\/table>\n<h3>\ud83c\udf08 Bang Box 50K Dost\u0119pne smaki<\/h3>\n<p>Strawberry Kiwi &amp; Double Grape | Peach Juice &amp; Blue Razz Lemonade | Pineapple Mango Peach &amp; Strawberry Cherry | Blueberry Sour Raspberry Ice &amp; Mixed Fruit | Blueberry Ice &amp; Lemon Cola Soda | Strawberry Raspberry Candy &amp; Love 666 | L\u00f3d truskawkowy i marakuja | Arbuz Bubblegum i arbuz truskawkowy | Black Dragon Ice i arbuz mango-brzoskwinia | Jab\u0142ko gruszka i kiwi marakuja-gujawa | Blue Razz Ice i limonka cytrynowa | Red Bull i l\u00f3d arbuzowy<\/p>\n<h3>\ud83d\ude80 Dlaczego warto wybra\u0107 Bang Box 50K?<\/h3>\n<ul>\n<li>\u2714 Ogromna pojemno\u015b\u0107 50 000 puff\u00f3w do d\u0142ugotrwa\u0142ego u\u017cytkowania<\/li>\n<li>\u2714 Podw\u00f3jne prze\u0142\u0105czanie smak\u00f3w zapewnia dynamiczne doznania podczas waporyzacji<\/li>\n<li>\u2714 Ekran LCD do inteligentnego monitorowania baterii i cieczy<\/li>\n<li>\u2714 Regulowany przep\u0142yw powietrza umo\u017cliwiaj\u0105cy dostosowanie ci\u0105gu<\/li>\n<li>\u2714 Siatkowa cewka zapewniaj\u0105ca g\u0142adsz\u0105, bogatsz\u0105 par\u0119<\/li>\n<li>\u2714 Wiele mocy nikotyny dla r\u00f3\u017cnych rynk\u00f3w<\/li>\n<li>\u2714 Idealny dla hurtowni, dystrybutor\u00f3w i sklep\u00f3w vape<\/li>\n<\/ul>\n<p>Niezale\u017cnie od tego, czy jeste\u015b <strong>ci\u0119\u017cki u\u017cytkownik poszukuj\u0105cy zwi\u0119kszonej wydajno\u015bci<\/strong>, a <strong>poszukiwacz smak\u00f3w pragn\u0105cy r\u00f3\u017cnorodno\u015bci<\/strong>lub <strong>Sklep vape zaopatruj\u0105cy si\u0119 w wysokomar\u017cowe bestsellery<\/strong>, Model Bang Box 50K zapewnia najwy\u017csz\u0105 jako\u015b\u0107, atrakcyjno\u015b\u0107 na p\u00f3\u0142ce i niezawodn\u0105 warto\u015b\u0107 hurtow\u0105. Zosta\u0142 stworzony z my\u015bl\u0105 o du\u017cej sprzeda\u017cy i sta\u0142ych klientach.<\/p>\n<h3>\u2753 Bang Box 50K FAQ<\/h3>\n<p><strong>P1: Czy Bang Box 50K mo\u017cna \u0142adowa\u0107?<\/strong><br \/>\nTak, posiada akumulator o pojemno\u015bci 850 mAh, kt\u00f3ry zapewnia pe\u0142ne wykorzystanie 50 ml e-liquidu.<\/p>\n<p><strong>P2: Sk\u0105d u\u017cytkownicy maj\u0105 wiedzie\u0107, kiedy do\u0142adowa\u0107 bateri\u0119?<\/strong><br \/>\nCyfrowy ekran LCD wyra\u017anie wy\u015bwietla procent baterii i poziom e-cieczy.<\/p>\n<p><strong>P3: Czy klienci mog\u0105 prze\u0142\u0105cza\u0107 si\u0119 mi\u0119dzy smakami?<\/strong><br \/>\nTak, jest to jednorazowy waporyzator o dw\u00f3ch smakach, pozwalaj\u0105cy u\u017cytkownikom cieszy\u0107 si\u0119 dwoma smakami w jednym urz\u0105dzeniu.<\/p>\n<p><strong>P4: Jakie moce nikotyny s\u0105 dost\u0119pne?<\/strong><br \/>\nOpcje nikotynowe 0%, 2%, 3% i 5% s\u0105 dost\u0119pne dla r\u00f3\u017cnych potrzeb rynkowych.<\/p>\n<p><strong>P5: Czy ten produkt nadaje si\u0119 do zam\u00f3wie\u0144 hurtowych?<\/strong><br \/>\nAbsolutnie. Du\u017ca liczba puff\u00f3w, funkcja podw\u00f3jnego smaku i silna atrakcyjno\u015b\u0107 detaliczna sprawiaj\u0105, \u017ce idealnie nadaje si\u0119 do zakup\u00f3w hurtowych i dystrybucji.<\/p>","protected":false},"excerpt":{"rendered":"<p>Bang Box 50000 zaci\u0105gni\u0119\u0107 podw\u00f3jnego smaku jednorazowego vape z 50 ml e-liquidu, ekran LCD, akumulator 850 mAh, regulowany przep\u0142yw powietrza, gotowy do sprzeda\u017cy hurtowej.<\/p>","protected":false},"featured_media":110981,"comment_status":"open","ping_status":"closed","template":"","meta":[],"product_brand":[239],"product_cat":[37],"product_tag":[508,510,394,509],"class_list":{"0":"post-110979","1":"product","2":"type-product","3":"status-publish","4":"has-post-thumbnail","6":"product_brand-bang","7":"product_cat-bang","8":"product_tag-50ml-rechargeable-vape-850mah","9":"product_tag-bulk-wholesale-disposable-vape","10":"product_tag-dual-flavor-disposable-vape","11":"product_tag-lcd-screen-disposable-vape","13":"first","14":"instock","15":"shipping-taxable","16":"purchasable","17":"product-type-variable","18":"has-default-attributes"},"jetpack_sharing_enabled":true,"tiered_pricing_type":"fixed","tiered_pricing_fixed_rules":{"30":8.8100000000000004973799150320701301097869873046875,"50":7.2599999999999997868371792719699442386627197265625,"100":6.7400000000000002131628207280300557613372802734375,"200":6.089999999999999857891452847979962825775146484375,"400":5.57000000000000028421709430404007434844970703125},"tiered_pricing_product_settings":{"layout":"default","base_unit_name":{"singular":null,"plural":null},"default_variation":null},"tiered_pricing_minimum_quantity":10,"tiered_pricing_roles_data":[],"tiered_pricing_percentage_rules":[],"tiered_pricing_maximum_quantity":null,"tiered_pricing_quantity_step":"10","_links":{"self":[{"href":"https:\/\/aiviouvapes.com\/pl\/wp-json\/wp\/v2\/product\/110979","targetHints":{"allow":["GET"]}}],"collection":[{"href":"https:\/\/aiviouvapes.com\/pl\/wp-json\/wp\/v2\/product"}],"about":[{"href":"https:\/\/aiviouvapes.com\/pl\/wp-json\/wp\/v2\/types\/product"}],"replies":[{"embeddable":true,"href":"https:\/\/aiviouvapes.com\/pl\/wp-json\/wp\/v2\/comments?post=110979"}],"wp:featuredmedia":[{"embeddable":true,"href":"https:\/\/aiviouvapes.com\/pl\/wp-json\/wp\/v2\/media\/110981"}],"wp:attachment":[{"href":"https:\/\/aiviouvapes.com\/pl\/wp-json\/wp\/v2\/media?parent=110979"}],"wp:term":[{"taxonomy":"product_brand","embeddable":true,"href":"https:\/\/aiviouvapes.com\/pl\/wp-json\/wp\/v2\/product_brand?post=110979"},{"taxonomy":"product_cat","embeddable":true,"href":"https:\/\/aiviouvapes.com\/pl\/wp-json\/wp\/v2\/product_cat?post=110979"},{"taxonomy":"product_tag","embeddable":true,"href":"https:\/\/aiviouvapes.com\/pl\/wp-json\/wp\/v2\/product_tag?post=110979"}],"curies":[{"name":"wp","href":"https:\/\/api.w.org\/{rel}","templated":true}]}}