{"id":110883,"date":"2026-02-26T23:42:34","date_gmt":"2026-02-26T15:42:34","guid":{"rendered":"https:\/\/aiviouvapes.com\/?post_type=product&#038;p=110883"},"modified":"2026-03-17T11:12:02","modified_gmt":"2026-03-17T03:12:02","slug":"bang-box-160k","status":"publish","type":"product","link":"https:\/\/aiviouvapes.com\/pl\/product\/bang-box-160k\/","title":{"rendered":"Bang Box 160K | 4-w-1 160000 zaci\u0105gni\u0119\u0107, poczw\u00f3rny smak, cewka siatkowa 1,0\u03a9, wy\u015bwietlacz LCD, nikotyna 0%-5%, jednorazowy vape wielokrotnego \u0142adowania luzem"},"content":{"rendered":"<h3>\ud83d\udd25 Przegl\u0105d jednorazowych urz\u0105dze\u0144 Vape Bang Box 160K 4 w 1<\/h3>\n<p>Poznaj <strong>Bang Box 160K 4 w 1 jednorazowy Vape<\/strong> - pot\u0119\u017cne urz\u0105dzenie zaprojektowane z my\u015bl\u0105 o ekstremalnej trwa\u0142o\u015bci, wyrazistym smaku i atrakcyjno\u015bci komercyjnej. Zaprojektowany z <strong>Cztery smaki w jednym urz\u0105dzeniu<\/strong>, Ten jednorazowy produkt o du\u017cej pojemno\u015bci zapewnia do <strong>160 000 zaci\u0105gni\u0119\u0107<\/strong> z p\u0142ynn\u0105 wydajno\u015bci\u0105 i sta\u0142\u0105 produkcj\u0105 pary.<\/p>\n<p>Wyposa\u017cony w <strong>Cewka o oczkach 1,0\u03a9<\/strong>, <strong>Wy\u015bwietlacz LCD<\/strong>oraz <strong>Akumulator typu C o pojemno\u015bci 650 mAh<\/strong>, Bang Box 160K \u0142\u0105czy w sobie najnowocze\u015bniejsz\u0105 technologi\u0119 z wszechstronno\u015bci\u0105 smaku. Idealny dla intensywnych u\u017cytkownik\u00f3w, sklep\u00f3w vape, dystrybutor\u00f3w i nabywc\u00f3w hurtowych poszukuj\u0105cych produktu premium o wysokiej mar\u017cy. \ud83d\udca8\u26a1<\/p>\n<h3>\u2699\ufe0f Bang Box 160K 4-w-1 Specyfikacja<\/h3>\n<table>\n<tbody>\n<tr>\n<td><strong>Nazwa urz\u0105dzenia<\/strong><\/td>\n<td>Bang Box 160K 4 w 1 jednorazowy Vape<\/td>\n<\/tr>\n<tr>\n<td><strong>Liczba zaci\u0105gni\u0119\u0107<\/strong><\/td>\n<td>Do 160 000 zaci\u0105gni\u0119\u0107<\/td>\n<\/tr>\n<tr>\n<td><strong>System aromat\u00f3w<\/strong><\/td>\n<td>4 smaki w 1 urz\u0105dzeniu<\/td>\n<\/tr>\n<tr>\n<td><strong>Si\u0142a nikotyny<\/strong><\/td>\n<td>0% \/ 2% \/ 3% \/ 5%<\/td>\n<\/tr>\n<tr>\n<td><strong>Pojemno\u015b\u0107 akumulatora<\/strong><\/td>\n<td>Akumulator 650 mAh<\/td>\n<\/tr>\n<tr>\n<td><strong>Port \u0142adowania<\/strong><\/td>\n<td>Typ-C<\/td>\n<\/tr>\n<tr>\n<td><strong>Typ cewki<\/strong><\/td>\n<td>Cewka siatkowa 1,0\u03a9<\/td>\n<\/tr>\n<tr>\n<td><strong>Wy\u015bwietlacz<\/strong><\/td>\n<td>Ekran LCD<\/td>\n<\/tr>\n<tr>\n<td><strong>Opcje smakowe<\/strong><\/td>\n<td>10 edycji o czterech smakach<\/td>\n<\/tr>\n<\/tbody>\n<\/table>\n<h3>\ud83c\udf53 Bang Box 160K Kombinacje Smak\u00f3w 4 w 1 (Edycje 4 w 1)<\/h3>\n<table>\n<tbody>\n<tr>\n<td><strong>Wydanie<\/strong><\/td>\n<td><strong>Smak 1<\/strong><\/td>\n<td><strong>Flavor 2<\/strong><\/td>\n<td><strong>Smak 3<\/strong><\/td>\n<td><strong>Smak 4<\/strong><\/td>\n<\/tr>\n<tr>\n<td>01<\/td>\n<td>Wi\u015bnia z \u017curawin\u0105<\/td>\n<td>Triple Berry<\/td>\n<td>Pitaya truskawkowa<\/td>\n<td>Arbuz Bubblegum<\/td>\n<\/tr>\n<tr>\n<td>02<\/td>\n<td>L\u00f3d winogronowy<\/td>\n<td>Lychee Ice<\/td>\n<td>Peach Berry<\/td>\n<td>Kiwi Passion Fruit Guava<\/td>\n<\/tr>\n<tr>\n<td>03<\/td>\n<td>Cytryna Limonka<\/td>\n<td>L\u00f3d truskawkowy<\/td>\n<td>Arbuz malinowy<\/td>\n<td>Mango Brzoskwinia<\/td>\n<\/tr>\n<tr>\n<td>04<\/td>\n<td>Cytryna Limonka<\/td>\n<td>Arbuzowy l\u00f3d<\/td>\n<td>Black Ice Dragon Fruit Strawberry<\/td>\n<td>Love66<\/td>\n<\/tr>\n<tr>\n<td>05<\/td>\n<td>Arbuz truskawkowy<\/td>\n<td>R\u00f3\u017cowa Lemoniada<\/td>\n<td>Triple Honeydew<\/td>\n<td>Lodowy Czarny Smok<\/td>\n<\/tr>\n<tr>\n<td>06<\/td>\n<td>Kwa\u015bny ananas z mango<\/td>\n<td>Lemon Cola Soda<\/td>\n<td>Peach Berry<\/td>\n<td>Banan truskawkowy<\/td>\n<\/tr>\n<tr>\n<td>07<\/td>\n<td>Mango truskawkowe<\/td>\n<td>Strawberry Vanilla Cola<\/td>\n<td>Blue Razz Ice<\/td>\n<td>Truskawka Kiwi<\/td>\n<\/tr>\n<tr>\n<td>08<\/td>\n<td>Arbuz truskawkowy<\/td>\n<td>Red Bull<\/td>\n<td>Soczysty brzoskwiniowy l\u00f3d<\/td>\n<td>Od\u015bwie\u017cacz grejpfrutowy<\/td>\n<\/tr>\n<tr>\n<td>09<\/td>\n<td>Vanilla Cola<\/td>\n<td>Brzoskwinia cytrynowa<\/td>\n<td>L\u00f3d truskawkowo-malinowo-wi\u015bniowy<\/td>\n<td>L\u00f3d winogronowy<\/td>\n<\/tr>\n<tr>\n<td>10<\/td>\n<td>Arbuzowy l\u00f3d<\/td>\n<td>Mango truskawkowe<\/td>\n<td>L\u00f3d jagodowy<\/td>\n<td>Fizzy Cherry<\/td>\n<\/tr>\n<\/tbody>\n<\/table>\n<h3>\ud83d\udc8e Dlaczego warto wybra\u0107 Bang Box 160K?<\/h3>\n<ul>\n<li>\ud83d\udd25 Masywny <strong>160 000 puff<\/strong> zdolno\u015b\u0107 do d\u0142ugotrwa\u0142ego u\u017cytkowania<\/li>\n<li>\ud83c\udfaf Prze\u0142\u0105czanie wielu smak\u00f3w 4 w 1 dla maksymalnej r\u00f3\u017cnorodno\u015bci<\/li>\n<li>\u26a1 Akumulator o pojemno\u015bci 650 mAh z funkcj\u0105 szybkiego \u0142adowania Type-C<\/li>\n<li>\ud83d\udcca Inteligentny wy\u015bwietlacz LCD do monitorowania baterii i u\u017cytkowania<\/li>\n<li>\ud83d\udca8 Siatkowa cewka 1,0\u03a9 zapewnia p\u0142ynn\u0105 i g\u0119st\u0105 produkcj\u0119 pary<\/li>\n<li>\ud83d\udce6 Idealny do dystrybucji hurtowej i wysokomar\u017cowej sprzeda\u017cy detalicznej<\/li>\n<li>\ud83c\udf0d Wiele opcji nikotyny, aby dopasowa\u0107 si\u0119 do popytu na rynku<\/li>\n<\/ul>\n<h3>\ud83d\ude80 Idealny dla nabywc\u00f3w detalicznych i hurtowych<\/h3>\n<p>Bang Box 160K jest przeznaczony do <strong>u\u017cytkownicy intensywnie korzystaj\u0105cy<\/strong> kt\u00f3rzy wymagaj\u0105 wytrzyma\u0142o\u015bci, <strong>poszukiwacze smak\u00f3w<\/strong> kt\u00f3rzy pragn\u0105 r\u00f3\u017cnorodno\u015bci i <strong>sklepy i dystrybutorzy vape<\/strong> poszukuj\u0105 wysokiej klasy urz\u0105dzenia o du\u017cej pojemno\u015bci, kt\u00f3re wyr\u00f3\u017cnia si\u0119 na p\u00f3\u0142kach sklepowych. System czterech smak\u00f3w, d\u0142uga \u017cywotno\u015b\u0107 i nowoczesny wy\u015bwietlacz LCD sprawiaj\u0105, \u017ce jest to pot\u0119\u017cny dodatek do ka\u017cdego magazynu hurtowego.<\/p>\n<p>Je\u015bli celujesz w klient\u00f3w vape jednorazowego u\u017cytku o du\u017cej obj\u0119to\u015bci lub rozszerzasz sw\u00f3j katalog hurtowy o urz\u0105dzenie wy\u017cszego poziomu, Bang Box 160K 4-w-1 zosta\u0142 zaprojektowany z my\u015bl\u0105 o zwi\u0119kszeniu powtarzalno\u015bci sprzeda\u017cy i wysokich mar\u017cach zysku. \ud83d\udcbc\ud83d\udca8<\/p>\n<h3>\u2753 FAQ<\/h3>\n<p><strong>P1: Jak d\u0142ugo dzia\u0142a Bang Box 160K?<\/strong><br \/>\nZapewnia do 160 000 zaci\u0105gni\u0119\u0107, w zale\u017cno\u015bci od nawyk\u00f3w u\u017cytkowania i wyboru mocy nikotyny.<\/p>\n<p><strong>P2: Czy urz\u0105dzenie mo\u017cna \u0142adowa\u0107?<\/strong><br \/>\nTak, jest wyposa\u017cony w akumulator o pojemno\u015bci 650 mAh z obs\u0142ug\u0105 \u0142adowania typu C.<\/p>\n<p><strong>P3: Czy u\u017cytkownicy mog\u0105 prze\u0142\u0105cza\u0107 si\u0119 mi\u0119dzy smakami?<\/strong><br \/>\nTak. Ka\u017cde urz\u0105dzenie zawiera cztery zintegrowane smaki w jednym urz\u0105dzeniu.<\/p>\n<p><strong>P4: Jakie moce nikotyny s\u0105 dost\u0119pne?<\/strong><br \/>\nDost\u0119pne w wersjach z nikotyn\u0105 0%, 2%, 3% i 5%.<\/p>\n<p><strong>P5: Czy jest to odpowiednie dla zam\u00f3wie\u0144 hurtowych?<\/strong><br \/>\nAbsolutnie. Model Bang Box 160K zosta\u0142 zaprojektowany z my\u015bl\u0105 o odbiorcach hurtowych, dystrybutorach i sprzedawcach vape poszukuj\u0105cych jednorazowych urz\u0105dze\u0144 o du\u017cej pojemno\u015bci i wysokim popycie.<\/p>","protected":false},"excerpt":{"rendered":"<p>Jednorazowy waporyzator Bang Box 160K 4 w 1 zapewnia 160000 zaci\u0105gni\u0119\u0107, poczw\u00f3rne smaki, moc cewki siatkowej i wygod\u0119 \u0142adowania dla nabywc\u00f3w detalicznych i hurtowych.<\/p>","protected":false},"featured_media":110978,"comment_status":"open","ping_status":"closed","template":"","meta":[],"product_brand":[239],"product_cat":[37,126,127],"product_tag":[506,351,507,468],"class_list":{"0":"post-110883","1":"product","2":"type-product","3":"status-publish","4":"has-post-thumbnail","6":"product_brand-bang","7":"product_cat-bang","8":"product_cat-15000-puffs-disposable-vape","9":"product_cat-16000-puffs-disposable-vape","10":"product_tag-160000-puffs-disposable-vape","11":"product_tag-4-in-1-flavor-vape","12":"product_tag-high-capacity-mesh-coil-vape","13":"product_tag-rechargeable-bulk-disposable-vape","15":"first","16":"instock","17":"shipping-taxable","18":"purchasable","19":"product-type-variable","20":"has-default-attributes"},"jetpack_sharing_enabled":true,"tiered_pricing_type":"fixed","tiered_pricing_fixed_rules":{"30":9.4000000000000003552713678800500929355621337890625,"50":7.839999999999999857891452847979962825775146484375,"100":7.32000000000000028421709430404007434844970703125,"200":6.79999999999999982236431605997495353221893310546875,"400":6.160000000000000142108547152020037174224853515625},"tiered_pricing_product_settings":{"layout":"default","base_unit_name":{"singular":null,"plural":null},"default_variation":null},"tiered_pricing_minimum_quantity":10,"tiered_pricing_roles_data":[],"tiered_pricing_percentage_rules":[],"tiered_pricing_maximum_quantity":null,"tiered_pricing_quantity_step":"10","_links":{"self":[{"href":"https:\/\/aiviouvapes.com\/pl\/wp-json\/wp\/v2\/product\/110883","targetHints":{"allow":["GET"]}}],"collection":[{"href":"https:\/\/aiviouvapes.com\/pl\/wp-json\/wp\/v2\/product"}],"about":[{"href":"https:\/\/aiviouvapes.com\/pl\/wp-json\/wp\/v2\/types\/product"}],"replies":[{"embeddable":true,"href":"https:\/\/aiviouvapes.com\/pl\/wp-json\/wp\/v2\/comments?post=110883"}],"wp:featuredmedia":[{"embeddable":true,"href":"https:\/\/aiviouvapes.com\/pl\/wp-json\/wp\/v2\/media\/110978"}],"wp:attachment":[{"href":"https:\/\/aiviouvapes.com\/pl\/wp-json\/wp\/v2\/media?parent=110883"}],"wp:term":[{"taxonomy":"product_brand","embeddable":true,"href":"https:\/\/aiviouvapes.com\/pl\/wp-json\/wp\/v2\/product_brand?post=110883"},{"taxonomy":"product_cat","embeddable":true,"href":"https:\/\/aiviouvapes.com\/pl\/wp-json\/wp\/v2\/product_cat?post=110883"},{"taxonomy":"product_tag","embeddable":true,"href":"https:\/\/aiviouvapes.com\/pl\/wp-json\/wp\/v2\/product_tag?post=110883"}],"curies":[{"name":"wp","href":"https:\/\/api.w.org\/{rel}","templated":true}]}}