{"id":103,"date":"2024-08-13T13:23:45","date_gmt":"2024-08-13T05:23:45","guid":{"rendered":"https:\/\/aiviouvapes.com\/?post_type=product&#038;p=103"},"modified":"2025-08-06T14:38:02","modified_gmt":"2025-08-06T06:38:02","slug":"waspe-12000-puffs-digital-box-disposable-wholesale","status":"publish","type":"product","link":"https:\/\/aiviouvapes.com\/pl\/product\/waspe-12000-puffs-digital-box-disposable-wholesale\/","title":{"rendered":"WASPE 12000 Puffs | 0%-5% nikotyna, 20mL, 650mAh, wy\u015bwietlacz LCD, vape jednorazowe luzem"},"content":{"rendered":"<figure class=\"wp-block-videopress-video wp-block-jetpack-videopress jetpack-videopress-player\"><div class=\"jetpack-videopress-player__wrapper\"><iframe title=\"Odtwarzacz film\u00f3w VideoPress\" aria-label=\"Odtwarzacz film\u00f3w VideoPress\" src=\"https:\/\/videopress.com\/embed\/jzo8Nz0D?at=0&#038;loop=true&#038;controls=1&#038;preloadContent=metadata\" width=\"720\"height=\"405\" frameborder=\"0\" allowfullscreen allow=\"clipboard-write\"><\/iframe><\/div><\/figure>\n<h2>WASPE 12000 zaci\u0105gni\u0119\u0107 | 0% 2% 3% 5% nikotyna, 20 ml e-liquidu, 650 mAh akumulator, wy\u015bwietlacz LCD, \u0142adowanie typu C, grza\u0142ka siatkowa, hurtowy zakup jednorazowych waporyzator\u00f3w<\/h2>\n<h3>WASPE 12000 PUFFS Przegl\u0105d<\/h3>\n<ul>\n<li><strong>Zwi\u0119kszona pojemno\u015b\u0107 dmuchawy<\/strong>: Do 12 000 zaci\u0105gni\u0119\u0107 dla d\u0142ugotrwa\u0142ej przyjemno\u015bci i satysfakcji.<\/li>\n<li><strong>Du\u017ca pojemno\u015b\u0107 p\u0142ynu E-Liquid<\/strong>Zbiornik o pojemno\u015bci 20 ml minimalizuje potrzeb\u0119 uzupe\u0142niania, zwi\u0119kszaj\u0105c wygod\u0119.<\/li>\n<li><strong>Wydajny akumulator<\/strong>Akumulator o pojemno\u015bci 650 mAh zapewnia d\u0142ugotrwa\u0142\u0105 wydajno\u015b\u0107.<\/li>\n<li><strong>Opcje nikotyny<\/strong>: Dost\u0119pne w wersjach 0%, 2%, 3% i 5% o mocy nikotyny dostosowanej do r\u00f3\u017cnych preferencji.<\/li>\n<li><strong>P\u0142ynna produkcja pary<\/strong>: Siatkowa cewka 0,8\u03a9 zapewnia sta\u0142\u0105, aromatyczn\u0105 par\u0119 przy ka\u017cdym zaci\u0105gni\u0119ciu.<\/li>\n<\/ul>\n<h3>WASPE 12000 PUFFS Funkcje<\/h3>\n<ul>\n<li><strong>Wyj\u0105tkowa trwa\u0142o\u015b\u0107<\/strong>: 12 000 zaci\u0105gni\u0119\u0107 na urz\u0105dzenie dla d\u0142u\u017cszego u\u017cytkowania i doskona\u0142ej warto\u015bci.<\/li>\n<li><strong>Nowoczesna wygoda<\/strong>: Wy\u015bwietlacz LCD i \u0142adowanie typu C zapewniaj\u0105 p\u0142ynne i wydajne dzia\u0142anie.<\/li>\n<li><strong>Przeno\u015bna konstrukcja<\/strong>: Kompaktowe, \u0142atwe do przenoszenia urz\u0105dzenie do waporyzacji w dowolnym miejscu i czasie.<\/li>\n<\/ul>\n<h3>WASPE 12000 PUFFS Wyb\u00f3r smak\u00f3w<\/h3>\n<p>L\u00f3d arbuzowy, l\u00f3d Blue Razz, l\u00f3d winogronowy, arbuz truskawkowy, mieszane owoce jagodowe, p\u0105czki truskawkowe, bor\u00f3wka malina, truskawka malina wi\u015bnia, arbuz mango brzoskwinia, sok z czerwonego wina gruszkowego<\/p>\n<h3>Dlaczego warto wybra\u0107 WASPE 12000 PUFFS Digital Box?<\/h3>\n<p>WASPE 12000 PUFFS Digital Box \u0142\u0105czy w sobie wysok\u0105 wydajno\u015b\u0107 z eleganckim wygl\u0105dem, oferuj\u0105c do 12 000 zaci\u0105gni\u0119\u0107 w \u0142atwym w obs\u0142udze urz\u0105dzeniu z mo\u017cliwo\u015bci\u0105 \u0142adowania. Dzi\u0119ki nowoczesnemu wy\u015bwietlaczowi LCD, szybkiemu \u0142adowaniu typu C i r\u00f3\u017cnorodno\u015bci satysfakcjonuj\u0105cych smak\u00f3w, waporyzator ten jest idealny dla os\u00f3b poszukuj\u0105cych wysokiej jako\u015bci, bezproblemowych wra\u017ce\u0144. Dost\u0119pny w sprzeda\u017cy hurtowej, jest idealnym wyborem dla sprzedawc\u00f3w detalicznych, kt\u00f3rzy chc\u0105 zapewni\u0107 swoim klientom wysokiej jako\u015bci, wszechstronny vape.<\/p>\n<p><a href=\"https:\/\/i0.wp.com\/aiviouvapes.com\/wp-content\/uploads\/2024\/08\/%E6%B5%B7%E6%8A%A511-1.jpg?ssl=1\"><img data-recalc-dims=\"1\" loading=\"lazy\" decoding=\"async\" class=\"alignnone wp-image-6633 size-full\" title=\"WASPE 12000 PUFFS Digital Box Hurtownia\" src=\"https:\/\/i0.wp.com\/aiviouvapes.com\/wp-content\/uploads\/2024\/08\/%E6%B5%B7%E6%8A%A511-1.jpg?resize=980%2C1400&#038;ssl=1\" alt=\"WASPE 12000 PUFFS Digital Box Hurtownia\" width=\"980\" height=\"1400\" srcset=\"https:\/\/i0.wp.com\/aiviouvapes.com\/wp-content\/uploads\/2024\/08\/%E6%B5%B7%E6%8A%A511-1.jpg?w=980&amp;ssl=1 980w, https:\/\/i0.wp.com\/aiviouvapes.com\/wp-content\/uploads\/2024\/08\/%E6%B5%B7%E6%8A%A511-1.jpg?resize=210%2C300&amp;ssl=1 210w, https:\/\/i0.wp.com\/aiviouvapes.com\/wp-content\/uploads\/2024\/08\/%E6%B5%B7%E6%8A%A511-1.jpg?resize=717%2C1024&amp;ssl=1 717w, https:\/\/i0.wp.com\/aiviouvapes.com\/wp-content\/uploads\/2024\/08\/%E6%B5%B7%E6%8A%A511-1.jpg?resize=768%2C1097&amp;ssl=1 768w, https:\/\/i0.wp.com\/aiviouvapes.com\/wp-content\/uploads\/2024\/08\/%E6%B5%B7%E6%8A%A511-1.jpg?resize=8%2C12&amp;ssl=1 8w, https:\/\/i0.wp.com\/aiviouvapes.com\/wp-content\/uploads\/2024\/08\/%E6%B5%B7%E6%8A%A511-1.jpg?resize=800%2C1143&amp;ssl=1 800w\" sizes=\"auto, (max-width: 980px) 100vw, 980px\" \/><\/a><\/p>\n<h3>Dlaczego warto wybra\u0107 AiviouVapes<\/h3>\n<p>Witamy w <a href=\"https:\/\/aiviouvapes.com\/pl\/\">AiviouVapes<\/a> - Zaufane \u017ar\u00f3d\u0142o wysokiej jako\u015bci, przyst\u0119pnych cen <a href=\"https:\/\/aiviouvapes.com\/pl\/shop\/\">hurtowe waporyzatory jednorazowe<\/a> w naprawd\u0119 niskich cenach. Dzi\u0119ki ponad pi\u0119cioletniemu do\u015bwiadczeniu w bran\u017cy vape, z dum\u0105 oferujemy starannie wyselekcjonowany wyb\u00f3r wiod\u0105cych marek, w tym <a href=\"https:\/\/aiviouvapes.com\/pl\/kategoria-produktu\/waspe\/\">WASPE<\/a>, <a href=\"https:\/\/aiviouvapes.com\/pl\/kategoria-produktu\/bang\/\">Bang Vape<\/a>, <a href=\"https:\/\/aiviouvapes.com\/pl\/kategoria-produktu\/vapme-vapes\/\">Vapme<\/a>oraz <a href=\"https:\/\/aiviouvapes.com\/pl\/kategoria-produktu\/mrvi\/\">MRVI<\/a>.<\/p>\n<p>Od urz\u0105dze\u0144 o wysokiej wydajno\u015bci, takich jak <a href=\"https:\/\/aiviouvapes.com\/pl\/produkt\/waspe-4-in-1-100000-puffs\/\">WASPE 100K 4 w 1 Smak<\/a> do odwa\u017cnych faworyt\u00f3w, takich jak <a href=\"https:\/\/aiviouvapes.com\/pl\/produkt\/bang-king-triple-flavors-85000\/\">Bang 85,000 Triple Puff<\/a>a nawet ekscytuj\u0105ce <a class=\"woocommerce-LoopProduct-link woocommerce-loop-product__link\" href=\"https:\/\/aiviouvapes.com\/pl\/produkt\/mystery-vape-blind-box\/\">Tajemnicze jednorazowe pude\u0142ko Vape<\/a>Ka\u017cdy produkt jest wybierany ze wzgl\u0119du na najwy\u017csz\u0105 jako\u015b\u0107 i bezkonkurencyjn\u0105 warto\u015b\u0107. W AiviouVapes b\u0119dziesz cieszy\u0107 si\u0119 doskona\u0142\u0105 obs\u0142ug\u0105, hurtowymi oszcz\u0119dno\u015bciami i kolekcj\u0105 zaprojektowan\u0105 tak, aby pasowa\u0142a do Twoich potrzeb w zakresie waporyzacji.<\/p>\n<div class=\"row row-large row-full-width align-middle\"  id=\"row-1333940541\">\n\n\n\t<div id=\"col-1979924925\" class=\"col medium-3 small-6 large-3\"  >\n\t\t\t\t<div class=\"col-inner text-center\"  >\n\t\t\t\n\t\t\t\n\n\n\t\t<div class=\"icon-box featured-box icon-box-top text-left\"  >\n\t\t\t\t\t<div class=\"icon-box-img\" style=\"width: 90px\">\n\t\t\t\t<div class=\"icon\">\n\t\t\t\t\t<div class=\"icon-inner\" >\n\t\t\t\t\t\t<img loading=\"lazy\" decoding=\"async\" width=\"200\" height=\"200\" src=\"https:\/\/i0.wp.com\/aiviouvapes.com\/wp-content\/uploads\/2024\/08\/vape-1-1.png?fit=200%2C200&amp;ssl=1\" class=\"attachment-medium size-medium\" alt=\"Dlaczego warto wybra\u0107 AIVIOUVAPES\" srcset=\"https:\/\/i0.wp.com\/aiviouvapes.com\/wp-content\/uploads\/2024\/08\/vape-1-1.png?w=200&amp;ssl=1 200w, https:\/\/i0.wp.com\/aiviouvapes.com\/wp-content\/uploads\/2024\/08\/vape-1-1.png?resize=150%2C150&amp;ssl=1 150w, https:\/\/i0.wp.com\/aiviouvapes.com\/wp-content\/uploads\/2024\/08\/vape-1-1.png?resize=12%2C12&amp;ssl=1 12w, https:\/\/i0.wp.com\/aiviouvapes.com\/wp-content\/uploads\/2024\/08\/vape-1-1.png?resize=100%2C100&amp;ssl=1 100w\" sizes=\"auto, (max-width: 200px) 100vw, 200px\" title=\"\">\t\t\t\t\t<\/div>\n\t\t\t\t<\/div>\n\t\t\t<\/div>\n\t\t\t\t<div class=\"icon-box-text last-reset\">\n\t\t\t\t\t\t\t\t\t\n\n\t<div id=\"text-2265606011\" class=\"text\">\n\t\t\n\n<h3 style=\"text-align: center;\">Szeroka gama produkt\u00f3w Vape<\/h3>\n<p style=\"text-align: center;\">Odkryj nasz\u0105 szerok\u0105 ofert\u0119 produkt\u00f3w, zaprojektowanych tak, aby spe\u0142ni\u0107 wszelkie preferencje.<\/p>\n\t\t\n<style>\n#text-2265606011 {\n  font-size: 0.9rem;\n}\n<\/style>\n\t<\/div>\n\t\n\n\t\t<\/div>\n\t<\/div>\n\t\n\t\n\n\t\t<\/div>\n\t\t\t\t\t<\/div>\n\n\t\n\n\t<div id=\"col-1720717053\" class=\"col medium-3 small-6 large-3\"  >\n\t\t\t\t<div class=\"col-inner text-center\"  >\n\t\t\t\n\t\t\t\n\n\n\t\t<div class=\"icon-box featured-box icon-box-top text-left\"  >\n\t\t\t\t\t<div class=\"icon-box-img\" style=\"width: 90px\">\n\t\t\t\t<div class=\"icon\">\n\t\t\t\t\t<div class=\"icon-inner\" >\n\t\t\t\t\t\t<img loading=\"lazy\" decoding=\"async\" width=\"200\" height=\"200\" src=\"https:\/\/i0.wp.com\/aiviouvapes.com\/wp-content\/uploads\/2024\/08\/save-money-1-1-1.png?fit=200%2C200&amp;ssl=1\" class=\"attachment-medium size-medium\" alt=\"Dlaczego warto wybra\u0107 AIVIOUVAPES\" srcset=\"https:\/\/i0.wp.com\/aiviouvapes.com\/wp-content\/uploads\/2024\/08\/save-money-1-1-1.png?w=200&amp;ssl=1 200w, https:\/\/i0.wp.com\/aiviouvapes.com\/wp-content\/uploads\/2024\/08\/save-money-1-1-1.png?resize=150%2C150&amp;ssl=1 150w, https:\/\/i0.wp.com\/aiviouvapes.com\/wp-content\/uploads\/2024\/08\/save-money-1-1-1.png?resize=12%2C12&amp;ssl=1 12w, https:\/\/i0.wp.com\/aiviouvapes.com\/wp-content\/uploads\/2024\/08\/save-money-1-1-1.png?resize=100%2C100&amp;ssl=1 100w\" sizes=\"auto, (max-width: 200px) 100vw, 200px\" title=\"\">\t\t\t\t\t<\/div>\n\t\t\t\t<\/div>\n\t\t\t<\/div>\n\t\t\t\t<div class=\"icon-box-text last-reset\">\n\t\t\t\t\t\t\t\t\t\n\n\t<div id=\"text-3447642253\" class=\"text\">\n\t\t\n\n<h3 style=\"text-align: center;\">Niezr\u00f3wnana warto\u015b\u0107<\/h3>\n<p style=\"text-align: center;\">Ciesz si\u0119 produktami najwy\u017cszej jako\u015bci w cenach dostosowanych do Twojego bud\u017cetu.<\/p>\n\t\t\n<style>\n#text-3447642253 {\n  font-size: 0.9rem;\n}\n<\/style>\n\t<\/div>\n\t\n\n\t\t<\/div>\n\t<\/div>\n\t\n\t\n\n\t\t<\/div>\n\t\t\t\t\t<\/div>\n\n\t\n\n\t<div id=\"col-1216955269\" class=\"col medium-3 small-6 large-3\"  >\n\t\t\t\t<div class=\"col-inner text-center\"  >\n\t\t\t\n\t\t\t\n\n\n\t\t<div class=\"icon-box featured-box icon-box-top text-left\"  >\n\t\t\t\t\t<div class=\"icon-box-img\" style=\"width: 90px\">\n\t\t\t\t<div class=\"icon\">\n\t\t\t\t\t<div class=\"icon-inner\" >\n\t\t\t\t\t\t<img loading=\"lazy\" decoding=\"async\" width=\"200\" height=\"200\" src=\"https:\/\/i0.wp.com\/aiviouvapes.com\/wp-content\/uploads\/2024\/08\/delivery-truck-1-1.png?fit=200%2C200&amp;ssl=1\" class=\"attachment-medium size-medium\" alt=\"Dlaczego warto wybra\u0107 AIVIOUVAPES\" srcset=\"https:\/\/i0.wp.com\/aiviouvapes.com\/wp-content\/uploads\/2024\/08\/delivery-truck-1-1.png?w=200&amp;ssl=1 200w, https:\/\/i0.wp.com\/aiviouvapes.com\/wp-content\/uploads\/2024\/08\/delivery-truck-1-1.png?resize=150%2C150&amp;ssl=1 150w, https:\/\/i0.wp.com\/aiviouvapes.com\/wp-content\/uploads\/2024\/08\/delivery-truck-1-1.png?resize=12%2C12&amp;ssl=1 12w, https:\/\/i0.wp.com\/aiviouvapes.com\/wp-content\/uploads\/2024\/08\/delivery-truck-1-1.png?resize=100%2C100&amp;ssl=1 100w\" sizes=\"auto, (max-width: 200px) 100vw, 200px\" title=\"\">\t\t\t\t\t<\/div>\n\t\t\t\t<\/div>\n\t\t\t<\/div>\n\t\t\t\t<div class=\"icon-box-text last-reset\">\n\t\t\t\t\t\t\t\t\t\n\n\t<div id=\"text-1445109950\" class=\"text\">\n\t\t\n\n<h3 style=\"text-align: center;\">Szybka wysy\u0142ka na ca\u0142y \u015bwiat<\/h3>\n<p style=\"text-align: center;\">Dostarczamy przesy\u0142ki na ca\u0142y \u015bwiat, gwarantuj\u0105c odpraw\u0119 celn\u0105, co zapewnia bezproblemow\u0105 realizacj\u0119 zam\u00f3wienia.<\/p>\n\t\t\n<style>\n#text-1445109950 {\n  font-size: 0.9rem;\n}\n<\/style>\n\t<\/div>\n\t\n\n\t\t<\/div>\n\t<\/div>\n\t\n\t\n\n\t\t<\/div>\n\t\t\t\t\t<\/div>\n\n\t\n\n\t<div id=\"col-1740837960\" class=\"col medium-3 small-6 large-3\"  >\n\t\t\t\t<div class=\"col-inner text-center\"  >\n\t\t\t\n\t\t\t\n\n\n\t\t<div class=\"icon-box featured-box icon-box-top text-left\"  >\n\t\t\t\t\t<div class=\"icon-box-img\" style=\"width: 90px\">\n\t\t\t\t<div class=\"icon\">\n\t\t\t\t\t<div class=\"icon-inner\" >\n\t\t\t\t\t\t<img loading=\"lazy\" decoding=\"async\" width=\"200\" height=\"200\" src=\"https:\/\/i0.wp.com\/aiviouvapes.com\/wp-content\/uploads\/2024\/08\/support-1-1.png?fit=200%2C200&amp;ssl=1\" class=\"attachment-medium size-medium\" alt=\"Dlaczego warto wybra\u0107 AIVIOUVAPES\" srcset=\"https:\/\/i0.wp.com\/aiviouvapes.com\/wp-content\/uploads\/2024\/08\/support-1-1.png?w=200&amp;ssl=1 200w, https:\/\/i0.wp.com\/aiviouvapes.com\/wp-content\/uploads\/2024\/08\/support-1-1.png?resize=150%2C150&amp;ssl=1 150w, https:\/\/i0.wp.com\/aiviouvapes.com\/wp-content\/uploads\/2024\/08\/support-1-1.png?resize=12%2C12&amp;ssl=1 12w, https:\/\/i0.wp.com\/aiviouvapes.com\/wp-content\/uploads\/2024\/08\/support-1-1.png?resize=100%2C100&amp;ssl=1 100w\" sizes=\"auto, (max-width: 200px) 100vw, 200px\" title=\"\">\t\t\t\t\t<\/div>\n\t\t\t\t<\/div>\n\t\t\t<\/div>\n\t\t\t\t<div class=\"icon-box-text last-reset\">\n\t\t\t\t\t\t\t\t\t\n\n\t<div id=\"text-3217244484\" class=\"text\">\n\t\t\n\n<h3 style=\"text-align: center;\">Pomoc ca\u0142odobowa<\/h3>\n<p style=\"text-align: center;\">Mo\u017cesz skontaktowa\u0107 si\u0119 z naszym zespo\u0142em wsparcia o ka\u017cdej porze, 24 godziny na dob\u0119, 7 dni w tygodniu, za po\u015brednictwem WhatsApp lub poczty e-mail.<\/p>\n\t\t\n<style>\n#text-3217244484 {\n  font-size: 0.9rem;\n}\n<\/style>\n\t<\/div>\n\t\n\n\t\t<\/div>\n\t<\/div>\n\t\n\t\n\n\t\t<\/div>\n\t\t\t\t\t<\/div>\n\n\t\n\n<\/div>\n<div class=\"row row-full-width align-middle\"  id=\"row-977137561\">\n\n\n\t<div id=\"col-957989776\" class=\"col medium-6 small-12 large-6\"  >\n\t\t\t\t<div class=\"col-inner\"  >\n\t\t\t\n\t\t\t\n\n\t<div class=\"img has-hover x md-x lg-x y md-y lg-y\" id=\"image_54182113\">\n\t\t\t\t\t\t\t\t<div class=\"img-inner dark\" >\n\t\t\t<img loading=\"lazy\" decoding=\"async\" width=\"930\" height=\"1024\" src=\"https:\/\/i0.wp.com\/aiviouvapes.com\/wp-content\/uploads\/2024\/08\/%E6%8B%BC%E5%9B%BE.jpg?fit=930%2C1024&amp;ssl=1\" class=\"attachment-large size-large\" alt=\"Dlaczego warto wybra\u0107 AIVIOUVAPES\" title=\"\">\t\t\t\t\t\t\n\t\t\t\t\t<\/div>\n\t\t\t\t\t\t\t\t\n<style>\n#image_54182113 {\n  width: 100%;\n}\n<\/style>\n\t<\/div>\n\t\n\n\n\t\t<\/div>\n\t\t\t\t\t<\/div>\n\n\t\n\n\t<div id=\"col-720021281\" class=\"col medium-6 small-12 large-6\"  >\n\t\t\t\t<div class=\"col-inner\"  >\n\t\t\t\n\t\t\t\n\n<div class=\"container section-title-container\" ><h4 class=\"section-title section-title-normal\"><b aria-hidden=\"true\"><\/b><span class=\"section-title-main\" style=\"font-size:91%;\">Nasze zalety<\/span><b aria-hidden=\"true\"><\/b><\/h4><\/div>\n\n<div class=\"accordion\">\n\n\t<div id=\"accordion-414374018\" class=\"accordion-item\">\n\t\t<a id=\"accordion-414374018-label\" class=\"accordion-title plain\" href=\"#accordion-item-commitment-to-quality\" aria-expanded=\"false\" aria-controls=\"accordion-414374018-content\">\n\t\t\t<button class=\"toggle\" aria-label=\"Prze\u0142\u0105cznik\"><i class=\"icon-angle-down\" aria-hidden=\"true\"><\/i><\/button>\n\t\t\t<span>Zaanga\u017cowanie w jako\u015b\u0107<\/span>\n\t\t<\/a>\n\t\t<div id=\"accordion-414374018-content\" class=\"accordion-inner\" aria-labelledby=\"accordion-414374018-label\">\n\t\t\t\n\n<p>Przy <a href=\"https:\/\/aiviouvapes.com\/pl\/\">AiviouVape<\/a>, jako\u015b\u0107 nap\u0119dza wszystko, co robimy. Nasze jednorazowe waporyzatory s\u0105 starannie wykonane i rygorystycznie testowane, aby spe\u0142nia\u0107 najwy\u017csze standardy, zapewniaj\u0105c p\u0142ynne, niezawodne wra\u017cenia z wapowania za ka\u017cdym razem. Dzi\u0119ki naszemu zaanga\u017cowaniu w zerow\u0105 liczb\u0119 wad i zerow\u0105 liczb\u0119 reklamacji mo\u017cesz by\u0107 pewien, \u017ce otrzymujesz to, co najlepsze.<\/p>\n\n\t\t<\/div>\n\t<\/div>\n\t\n\t<div id=\"accordion-2334369654\" class=\"accordion-item\">\n\t\t<a id=\"accordion-2334369654-label\" class=\"accordion-title plain\" href=\"#accordion-item-diverse-range-of-products\" aria-expanded=\"false\" aria-controls=\"accordion-2334369654-content\">\n\t\t\t<button class=\"toggle\" aria-label=\"Prze\u0142\u0105cznik\"><i class=\"icon-angle-down\" aria-hidden=\"true\"><\/i><\/button>\n\t\t\t<span>Zr\u00f3\u017cnicowany zakres produkt\u00f3w<\/span>\n\t\t<\/a>\n\t\t<div id=\"accordion-2334369654-content\" class=\"accordion-inner\" aria-labelledby=\"accordion-2334369654-label\">\n\t\t\t\n\n<p>Jeste\u015bmy dumni z oferowania szerokiej gamy wysokiej jako\u015bci waporyzator\u00f3w jednorazowych, kt\u00f3re zaspokoj\u0105 ka\u017cde preferencje. Od najnowszych innowacji po d\u0142ugoletnich ulubie\u0144c\u00f3w fan\u00f3w, nasz wyb\u00f3r obejmuje zaufane marki, takie jak Waspe, Vapme, RandM Tornado, Bang Box, ELF Box i Bang King. Niezale\u017cnie od tego, czy szukasz odwa\u017cnych smak\u00f3w Vapme, czy eleganckiego designu RandM Tornado, nasza kolekcja zosta\u0142a stworzona, aby pom\u00f3c Ci odkry\u0107 idealny waporyzator pasuj\u0105cy do Twojego gustu i stylu \u017cycia.<\/p>\n\n\n\t\t<\/div>\n\t<\/div>\n\t\n\t<div id=\"accordion-1380665908\" class=\"accordion-item\">\n\t\t<a id=\"accordion-1380665908-label\" class=\"accordion-title plain\" href=\"#accordion-item-wholesale-and-retail-solutions\" aria-expanded=\"false\" aria-controls=\"accordion-1380665908-content\">\n\t\t\t<button class=\"toggle\" aria-label=\"Prze\u0142\u0105cznik\"><i class=\"icon-angle-down\" aria-hidden=\"true\"><\/i><\/button>\n\t\t\t<span>Rozwi\u0105zania hurtowe i detaliczne<\/span>\n\t\t<\/a>\n\t\t<div id=\"accordion-1380665908-content\" class=\"accordion-inner\" aria-labelledby=\"accordion-1380665908-label\">\n\t\t\t\n\n<p>AiviouVape spe\u0142nia wymagania zar\u00f3wno klient\u00f3w detalicznych, jak i hurtowych, dostarczaj\u0105c wyj\u0105tkowe produkty i us\u0142ugi za ka\u017cdym razem. Je\u015bli jeste\u015b u nas nowy, zalecamy rozpocz\u0119cie od ma\u0142ej partii, aby do\u015bwiadczy\u0107 naszej jako\u015bci z pierwszej r\u0119ki. Dzi\u0119ki konkurencyjnym cenom i najwy\u017cszym standardom jeste\u015bmy zaufanym wyborem w bran\u017cy jednorazowych waporyzator\u00f3w.\u00a0<\/p>\n\n\t\t<\/div>\n\t<\/div>\n\t\n\t<div id=\"accordion-2355578439\" class=\"accordion-item\">\n\t\t<a id=\"accordion-2355578439-label\" class=\"accordion-title plain\" href=\"#accordion-item-continuous-improvement\" aria-expanded=\"false\" aria-controls=\"accordion-2355578439-content\">\n\t\t\t<button class=\"toggle\" aria-label=\"Prze\u0142\u0105cznik\"><i class=\"icon-angle-down\" aria-hidden=\"true\"><\/i><\/button>\n\t\t\t<span>Ci\u0105g\u0142e doskonalenie<\/span>\n\t\t<\/a>\n\t\t<div id=\"accordion-2355578439-content\" class=\"accordion-inner\" aria-labelledby=\"accordion-2355578439-label\">\n\t\t\t\n\n<p>To, co wyr\u00f3\u017cnia AiviouVape, to nasze oddanie wyj\u0105tkowej obs\u0142udze klienta. Niezale\u017cnie od tego, czy potrzebujesz porady przed zakupem, czy pomocy przy zam\u00f3wieniu, nasz zesp\u00f3\u0142 jest zawsze dost\u0119pny za po\u015brednictwem WhatsApp lub poczty e-mail. Staramy si\u0119 budowa\u0107 trwa\u0142e relacje z naszymi klientami, zapewniaj\u0105c satysfakcj\u0119 na ka\u017cdym etapie.<\/p>\n\n\t\t<\/div>\n\t<\/div>\n\t\n\t<div id=\"accordion-1116995450\" class=\"accordion-item\">\n\t\t<a id=\"accordion-1116995450-label\" class=\"accordion-title plain\" href=\"#accordion-item-quality-assurance\" aria-expanded=\"false\" aria-controls=\"accordion-1116995450-content\">\n\t\t\t<button class=\"toggle\" aria-label=\"Prze\u0142\u0105cznik\"><i class=\"icon-angle-down\" aria-hidden=\"true\"><\/i><\/button>\n\t\t\t<span>Zapewnienie jako\u015bci<\/span>\n\t\t<\/a>\n\t\t<div id=\"accordion-1116995450-content\" class=\"accordion-inner\" aria-labelledby=\"accordion-1116995450-label\">\n\t\t\t\n\n<p>Na ka\u017cdym etapie \u2014 rozwoju produktu, produkcji, marketingu i dystrybucji \u2014 nasze zaanga\u017cowanie w jako\u015b\u0107 nigdy nie s\u0142abnie. Nasze jednorazowe waporyzatory przechodz\u0105 rygorystyczne testy, aby upewni\u0107 si\u0119, \u017ce s\u0105 nietoksyczne, czyste i zapewniaj\u0105 wyj\u0105tkowy smak. To zaanga\u017cowanie w doskona\u0142o\u015b\u0107 stanowi kr\u0119gos\u0142up naszej kultury korporacyjnej.<\/p>\n\n\t\t<\/div>\n\t<\/div>\n\t\n\t<div id=\"accordion-441315717\" class=\"accordion-item\">\n\t\t<a id=\"accordion-441315717-label\" class=\"accordion-title plain\" href=\"#accordion-item-efficient-logistics-and-delivery\" aria-expanded=\"false\" aria-controls=\"accordion-441315717-content\">\n\t\t\t<button class=\"toggle\" aria-label=\"Prze\u0142\u0105cznik\"><i class=\"icon-angle-down\" aria-hidden=\"true\"><\/i><\/button>\n\t\t\t<span>Wydajna logistyka i dostawa<\/span>\n\t\t<\/a>\n\t\t<div id=\"accordion-441315717-content\" class=\"accordion-inner\" aria-labelledby=\"accordion-441315717-label\">\n\t\t\t\n\n<p>AiviouVape zapewnia wydajn\u0105 logistyk\u0119 i dostaw\u0119, w tym us\u0142ugi DDP (Delivered Duty Paid), zapewniaj\u0105c bezproblemow\u0105 odpraw\u0119 celn\u0105 bez \u017cadnych op\u0142at ani podatk\u00f3w. Dzi\u0119ki szybkiej dostawie i wyj\u0105tkowej obs\u0142udze klienta oferujemy p\u0142ynne i niezawodne do\u015bwiadczenie, co czyni nas zaufanym partnerem w bran\u017cy.<\/p>\n\n\t\t<\/div>\n\t<\/div>\n\t\n\t<div id=\"accordion-783412853\" class=\"accordion-item\">\n\t\t<a id=\"accordion-783412853-label\" class=\"accordion-title plain\" href=\"#accordion-item-odm-and-oem-services\" aria-expanded=\"false\" aria-controls=\"accordion-783412853-content\">\n\t\t\t<button class=\"toggle\" aria-label=\"Prze\u0142\u0105cznik\"><i class=\"icon-angle-down\" aria-hidden=\"true\"><\/i><\/button>\n\t\t\t<span>Us\u0142ugi ODM i OEM<\/span>\n\t\t<\/a>\n\t\t<div id=\"accordion-783412853-content\" class=\"accordion-inner\" aria-labelledby=\"accordion-783412853-label\">\n\t\t\t\n\n<p>AiviouVapes oferuje pe\u0142ne us\u0142ugi ODM (Original Design Manufacturing) i OEM (Original Equipment Manufacturing). Dzi\u0119ki dw\u00f3m du\u017cym zak\u0142adom pomagamy klientom projektowa\u0107 wyj\u0105tkowe produkty i przyci\u0105gaj\u0105ce wzrok loga do opakowa\u0144. Zapewniamy r\u00f3wnie\u017c bezp\u0142atne wskaz\u00f3wki dotycz\u0105ce projektowania opakowa\u0144 i wspieramy klient\u00f3w, kt\u00f3rzy sami pakuj\u0105 swoje produkty, zapewniaj\u0105c, \u017ce ich marka wyr\u00f3\u017cnia si\u0119 na rynku.<\/p>\n\n\t\t<\/div>\n\t<\/div>\n\t\n\n<\/div>\n\n\t\t<\/div>\n\t\t\t\t\t<\/div>\n\n\t\n\n<\/div>","protected":false},"excerpt":{"rendered":"<p>WASPE 12K oferuje do 12 000 zaci\u0105gni\u0119\u0107, pojemno\u015b\u0107 20 ml e-liquidu i akumulator 650 mAh. Wyposa\u017cony w wy\u015bwietlacz LCD, \u0142adowanie typu C oraz wiele mocy i smak\u00f3w nikotyny, zapewnia eleganckie, przeno\u015bne i wysokiej jako\u015bci doznania podczas waporyzacji do u\u017cytku osobistego lub hurtowego.<\/p>","protected":false},"featured_media":104,"comment_status":"open","ping_status":"closed","template":"","meta":[],"product_brand":[227],"product_cat":[19,124,90,117,81,76,134,135,133,136,137,146,138,139,140,141,142,143,144,145,132,82],"product_tag":[],"class_list":{"0":"post-103","1":"product","2":"type-product","3":"status-publish","4":"has-post-thumbnail","6":"product_brand-waspe","7":"product_cat-waspe","8":"product_cat-12000-puffs-disposable-vape","9":"product_cat-big-puffs-vapes","10":"product_cat-different-puffs-of-diposable-vapes","11":"product_cat-digital-box-vapes","12":"product_cat-disposable-vape-types","13":"product_cat-disposable-vapes-in-austria","14":"product_cat-disposable-vapes-in-belgium","15":"product_cat-disposable-vapes-in-europe","16":"product_cat-disposable-vapes-in-france","17":"product_cat-disposable-vapes-in-germany","18":"product_cat-disposable-vapes-in-hungary","19":"product_cat-disposable-vapes-in-ltaly","20":"product_cat-disposable-vapes-in-netherlands","21":"product_cat-disposable-vapes-in-norway","22":"product_cat-disposable-vapes-in-poland","23":"product_cat-disposable-vapes-in-portugal","24":"product_cat-disposable-vapes-in-spain","25":"product_cat-disposable-vapes-in-sweden","26":"product_cat-disposable-vapes-in-switzerland","27":"product_cat-rechargeable-vapes","28":"product_cat-smart-screen-vapes","30":"first","31":"instock","32":"shipping-taxable","33":"purchasable","34":"product-type-variable","35":"has-default-attributes"},"jetpack_sharing_enabled":true,"tiered_pricing_type":"fixed","tiered_pricing_fixed_rules":{"2000":4.13999999999999968025576890795491635799407958984375},"tiered_pricing_product_settings":{"layout":"default","base_unit_name":{"singular":null,"plural":null},"default_variation":null},"tiered_pricing_minimum_quantity":1000,"tiered_pricing_roles_data":[],"tiered_pricing_percentage_rules":[],"tiered_pricing_maximum_quantity":null,"tiered_pricing_quantity_step":"10","_links":{"self":[{"href":"https:\/\/aiviouvapes.com\/pl\/wp-json\/wp\/v2\/product\/103","targetHints":{"allow":["GET"]}}],"collection":[{"href":"https:\/\/aiviouvapes.com\/pl\/wp-json\/wp\/v2\/product"}],"about":[{"href":"https:\/\/aiviouvapes.com\/pl\/wp-json\/wp\/v2\/types\/product"}],"replies":[{"embeddable":true,"href":"https:\/\/aiviouvapes.com\/pl\/wp-json\/wp\/v2\/comments?post=103"}],"wp:featuredmedia":[{"embeddable":true,"href":"https:\/\/aiviouvapes.com\/pl\/wp-json\/wp\/v2\/media\/104"}],"wp:attachment":[{"href":"https:\/\/aiviouvapes.com\/pl\/wp-json\/wp\/v2\/media?parent=103"}],"wp:term":[{"taxonomy":"product_brand","embeddable":true,"href":"https:\/\/aiviouvapes.com\/pl\/wp-json\/wp\/v2\/product_brand?post=103"},{"taxonomy":"product_cat","embeddable":true,"href":"https:\/\/aiviouvapes.com\/pl\/wp-json\/wp\/v2\/product_cat?post=103"},{"taxonomy":"product_tag","embeddable":true,"href":"https:\/\/aiviouvapes.com\/pl\/wp-json\/wp\/v2\/product_tag?post=103"}],"curies":[{"name":"wp","href":"https:\/\/api.w.org\/{rel}","templated":true}]}}