{"id":102955,"date":"2026-01-24T14:06:41","date_gmt":"2026-01-24T06:06:41","guid":{"rendered":"https:\/\/aiviouvapes.com\/?post_type=product&#038;p=102955"},"modified":"2026-04-15T09:06:02","modified_gmt":"2026-04-15T01:06:02","slug":"waspe-crystal-180k","status":"publish","type":"product","link":"https:\/\/aiviouvapes.com\/pl\/product\/waspe-crystal-180k\/","title":{"rendered":"WASPE Crystal 180K | prze\u0142\u0105cznik smak\u00f3w 8 w 1, 180000 zaci\u0105gni\u0119\u0107, wy\u015bwietlacz LED, jednorazowy vape luzem"},"content":{"rendered":"<h2>Poznaj WASPE Crystal 8-in-1 180K\ud83d\udc8e<\/h2>\n<p>Chcesz mie\u0107 w d\u0142oni jednoraz\u00f3wk\u0119, kt\u00f3ra przypomina \u201cmini batonik smakowy\u201d? The <strong>WASPE Crystal 8-in-1 180K<\/strong> zosta\u0142a stworzona z my\u015bl\u0105 o d\u0142ugotrwa\u0142ych sesjach i mi\u0142o\u015bnikach r\u00f3\u017cnorodno\u015bci. Z <strong>do 180000 zaci\u0105gni\u0119\u0107<\/strong>, du\u017cy <strong>68 ml<\/strong> Pojemno\u015b\u0107 e-liquidu i \u0142atwy system prze\u0142\u0105czania smak\u00f3w sprawiaj\u0105, \u017ce jest to mocny wyb\u00f3r dla ci\u0119\u017ckich u\u017cytkownik\u00f3w i inteligentny SKU dla sklep\u00f3w i hurtowni.<\/p>\n<h2>Dlaczego warto wybra\u0107 WASPE Crystal 180K? \u2705<\/h2>\n<ul>\n<li><strong>Prze\u0142\u0105cznik smaku 8 w 1<\/strong> design - jedno urz\u0105dzenie, wiele opcji smakowych \ud83d\ude0b<\/li>\n<li><strong>Do 180000 zaci\u0105gni\u0119\u0107<\/strong> dla d\u0142ugiego u\u017cytkowania i rzadszych wymian \ud83d\udd25<\/li>\n<li><strong>68 ml e-liquidu<\/strong> pojemno\u015b\u0107 zapewniaj\u0105ca d\u0142u\u017cszy czas waporyzacji<\/li>\n<li><strong>Konfiguracja poczw\u00f3rnej cewki siatkowej<\/strong> (1,0\u03a9 x 4) dla wyrazistego smaku i g\u0142adkiej pary \u2601\ufe0f<\/li>\n<li><strong>Wy\u015bwietlacz LED<\/strong> pomaga u\u017cytkownikom \u0142atwo sprawdzi\u0107 status \ud83d\udc40<\/li>\n<li><strong>Akumulator typu C<\/strong> Bateria 650 mAh dla wygodnego codziennego u\u017cytkowania \u26a1<\/li>\n<li><strong>Wiele opcji nikotyny<\/strong> (0% \/ 2% \/ 5%) dla r\u00f3\u017cnych rynk\u00f3w i potrzeb klient\u00f3w<\/li>\n<li><strong>Doskona\u0142e dla sklep\u00f3w i hurtowni<\/strong>-wysoka kategoria \u201cdu\u017cy puff + wiele smak\u00f3w\u201d \ud83d\udce6<\/li>\n<\/ul>\n<h2>WASPE Crystal 8-in-1 180K Specyfikacja \ud83d\udccc<\/h2>\n<table>\n<tbody>\n<tr>\n<td><strong>Nazwa produktu<\/strong><\/td>\n<td>WASPE Crystal 8-w-1 180K Jednorazowy Vape<\/td>\n<\/tr>\n<tr>\n<td><strong>Max Puffs<\/strong><\/td>\n<td>Do 180000 zaci\u0105gni\u0119\u0107<\/td>\n<\/tr>\n<tr>\n<td><strong>Pojemno\u015b\u0107 e-liquidu<\/strong><\/td>\n<td>68 ml<\/td>\n<\/tr>\n<tr>\n<td><strong>Cewka<\/strong><\/td>\n<td>Cewka siatkowa 1,0\u03a9 x 4<\/td>\n<\/tr>\n<tr>\n<td><strong>Si\u0142a nikotyny<\/strong><\/td>\n<td>0% \/ 2% \/ 5%<\/td>\n<\/tr>\n<tr>\n<td><strong>Bateria<\/strong><\/td>\n<td>650mAh<\/td>\n<\/tr>\n<tr>\n<td><strong>\u0141adowanie<\/strong><\/td>\n<td>Akumulator USB typu C<\/td>\n<\/tr>\n<tr>\n<td><strong>Wy\u015bwietlacz<\/strong><\/td>\n<td>Wy\u015bwietlacz LED<\/td>\n<\/tr>\n<tr>\n<td><strong>Rozmiar produktu<\/strong><\/td>\n<td>53 \u00d7 46 \u00d7 138 mm<\/td>\n<\/tr>\n<tr>\n<td><strong>Waga produktu<\/strong><\/td>\n<td>150g \/ szt.<\/td>\n<\/tr>\n<\/tbody>\n<\/table>\n<h2>Zestawy smak\u00f3w 8 w 1 (ka\u017cde urz\u0105dzenie zawiera 4 smaki) \ud83c\udf53\ud83c\udf49\ud83e\uddca<\/h2>\n<p>Ka\u017cdy zestaw smakowy zosta\u0142 zaprojektowany tak, aby obejmowa\u0142 popularne profile, takie jak lodowate owoce, s\u0142odycze, napoje gazowane i mieszanki tropikalne. \u015awietne dla klient\u00f3w, kt\u00f3rzy \u0142atwo si\u0119 nudz\u0105 i chc\u0105 r\u00f3\u017cnorodno\u015bci!<\/p>\n<h3>Zestaw smak\u00f3w 1<\/h3>\n<ul>\n<li><strong>Arbuzowy l\u00f3d<\/strong> - s\u0142odki arbuz z lodowym wyko\u0144czeniem \ud83c\udf49\u2744\ufe0f<\/li>\n<li><strong>Cytryna Limonka<\/strong> - jasny cytrusowy, czysty i rze\u015bki \ud83c\udf4b<\/li>\n<li><strong>Kwa\u015bny l\u00f3d z mango<\/strong> - pikantne mango z fajnym kopem \ud83e\udd6d\ud83e\uddca<\/li>\n<li><strong>Lodowe Kiwi Melon<\/strong> - \u015bwie\u017ce kiwi + melon, sch\u0142odzone i g\u0142adkie \ud83e\udd5d\ud83c\udf48<\/li>\n<\/ul>\n<h3>Zestaw smak\u00f3w 2<\/h3>\n<ul>\n<li><strong>L\u00f3d jagodowy<\/strong> - soczysta jagoda z mro\u017anymi nutami \ud83e\uded0\u2744\ufe0f<\/li>\n<li><strong>Cherry Cola<\/strong> - klasyczna cola ze s\u0142odk\u0105 wi\u015bni\u0105 \ud83e\udd64\ud83c\udf52<\/li>\n<li><strong>Wanilia truskawkowa<\/strong> - kremowy deser truskawkowy \ud83c\udf53\ud83c\udf66<\/li>\n<li><strong>Cytryna Wi\u015bnia<\/strong> - s\u0142odka wi\u015bnia z cytrusowym akcentem \ud83c\udf52\ud83c\udf4b<\/li>\n<\/ul>\n<h3>Zestaw smak\u00f3w 3<\/h3>\n<ul>\n<li><strong>Red Bull lodowy<\/strong> - styl napoju energetycznego z ch\u0142odz\u0105cym wyko\u0144czeniem \u26a1\ud83e\uddca<\/li>\n<li><strong>L\u00f3d truskawkowy<\/strong> - chrupi\u0105ca truskawka, wyj\u0105tkowo orze\u017awiaj\u0105ca \ud83c\udf53\u2744\ufe0f<\/li>\n<li><strong>Sour Fcuking Fab<\/strong> - odwa\u017cna mieszanka w stylu kwa\u015bnych cukierk\u00f3w \ud83c\udf6c\ud83d\ude2e<\/li>\n<li><strong>Cola Lodowa<\/strong> - gazowany smak coli z lodowatym ch\u0142odem \ud83e\udd64\u2744\ufe0f<\/li>\n<\/ul>\n<h3>Zestaw smak\u00f3w 4<\/h3>\n<ul>\n<li><strong>L\u00f3d winogronowy<\/strong> - bogata s\u0142odycz winogron, ch\u0142odna i czysta \ud83c\udf47\ud83e\uddca<\/li>\n<li><strong>Truskawka Kiwi<\/strong> - klasyczny owocowy duet, zr\u00f3wnowa\u017cony i jasny \ud83c\udf53\ud83e\udd5d<\/li>\n<li><strong>Arbuzowy l\u00f3d<\/strong> - s\u0142odki i lodowaty arbuz - ulubiony \ud83c\udf49\u2744\ufe0f<\/li>\n<li><strong>Blue Rancher<\/strong> - niebieski smak w stylu cukierk\u00f3w, zabawny i mocny \ud83d\udc99\ud83c\udf6c<\/li>\n<\/ul>\n<h3>Zestaw smak\u00f3w 5<\/h3>\n<ul>\n<li><strong>Melon Marakuja<\/strong> - \u0142agodny melon z tropikaln\u0105 marakuj\u0105 \ud83c\udf48\ud83e\udd6d<\/li>\n<li><strong>Kwa\u015bny ananas z mango<\/strong> - pikantny k\u0119s mango + ananas \ud83e\udd6d\ud83c\udf4d<\/li>\n<li><strong>Bananowe cukierki toffi<\/strong> - s\u0142odkie bananowe cukierki z nut\u0105 toffi \ud83c\udf4c\ud83c\udf6c<\/li>\n<li><strong>Truskawka Jagoda<\/strong> - mieszanka jag\u00f3d z truskawk\u0105 z przodu \ud83c\udf53\ud83e\uded0<\/li>\n<\/ul>\n<h3>Zestaw 6 smak\u00f3w<\/h3>\n<ul>\n<li><strong>Arbuz truskawkowy<\/strong> - soczysty zestaw owoc\u00f3w do stosowania przez ca\u0142y dzie\u0144 \ud83c\udf53\ud83c\udf49<\/li>\n<li><strong>Ch\u0142odna Mi\u0119ta<\/strong> - czysty mi\u0119towy ch\u0142\u00f3d, super orze\u017awiaj\u0105cy \ud83c\udf3f\ud83e\uddca<\/li>\n<li><strong>Blue Razz Ice<\/strong> - niebieskie cukierki malinowe z lodowym wyko\u0144czeniem \ud83d\udc99\u2744\ufe0f<\/li>\n<li><strong>L\u00f3d z czarnej porzeczki<\/strong> - G\u0142\u0119boki smak jag\u00f3d, ch\u0142odny i mocny \ud83d\udda4\ud83e\uded0<\/li>\n<\/ul>\n<h3>Zestaw smak\u00f3w 7<\/h3>\n<ul>\n<li><strong>Lodowa Je\u017cyna<\/strong> - s\u0142odycz ciemnych jag\u00f3d z ch\u0142odz\u0105c\u0105 nut\u0105 \u2744\ufe0f\ud83e\uded0<\/li>\n<li><strong>Podw\u00f3jne jab\u0142ko<\/strong> - Klasyczna mieszanka jab\u0142ek, s\u0142odka i odwa\u017cna \ud83c\udf4f\ud83c\udf4e<\/li>\n<li><strong>Lodowy Czarny Smok<\/strong> - tajemnicza ciemno-owocowa mieszanka lodowa, mocny klimat \ud83d\udc09\ud83e\uddca<\/li>\n<li><strong>Truskawka Kiwi<\/strong> - g\u0142adka owocowa r\u00f3wnowaga \ud83c\udf53\ud83e\udd5d<\/li>\n<\/ul>\n<h3>Zestaw smak\u00f3w 8<\/h3>\n<ul>\n<li><strong>Truskawkowy Red Bull<\/strong> - jagoda + mieszanka energetyczna \u26a1\ud83c\udf53<\/li>\n<li><strong>Cherry Cola<\/strong> - soda klasyczna z wi\u015bniowym kopem \ud83e\udd64\ud83c\udf52<\/li>\n<li><strong>Wi\u015bnia Cytryna<\/strong> - s\u0142odko-kwa\u015bny cytrus wi\u015bniowy \ud83c\udf52\ud83c\udf4b<\/li>\n<li><strong>Owoce tropikalne<\/strong> - Mieszanka tropikalna, wakacyjny klimat \ud83c\udf34\ud83e\udd6d<\/li>\n<\/ul>\n<h3>Zestaw 9 smak\u00f3w<\/h3>\n<ul>\n<li><strong>Jagody mieszane<\/strong> - warstwowa mieszanka jag\u00f3d, soczysta i g\u0142adka \ud83e\uded0\ud83c\udf53<\/li>\n<li><strong>Cytryna Limonka<\/strong> - cytrusowe orze\u017awienie \ud83c\udf4b<\/li>\n<li><strong>Bor\u00f3wka Malina<\/strong> - mieszanka s\u0142odkich bor\u00f3wek i cierpkich malin \ud83e\uded0\u2764\ufe0f<\/li>\n<li><strong>Zielone jab\u0142ko<\/strong> - chrupi\u0105ce, lekko kwa\u015bne jab\u0142ko \ud83c\udf4f<\/li>\n<\/ul>\n<h3>Zestaw smak\u00f3w 10<\/h3>\n<ul>\n<li><strong>Truskawka Malina Wi\u015bnia<\/strong> - potr\u00f3jny poncz jagodowo-wi\u015bniowy \ud83c\udf53\ud83c\udf52<\/li>\n<li><strong>Arbuz truskawkowy<\/strong> - g\u0142adka owocowa opcja na ca\u0142y dzie\u0144 \ud83c\udf53\ud83c\udf49<\/li>\n<li><strong>Arbuz Kiwi<\/strong> - soczysty arbuz z kiwi \ud83e\udd5d\ud83c\udf49<\/li>\n<li><strong>Cytryna Limonka<\/strong> - czysty cytrusowy reset mi\u0119dzy smakami \ud83c\udf4b<\/li>\n<\/ul>\n<h3>Zestaw smak\u00f3w 11<\/h3>\n<ul>\n<li><strong>Banan truskawkowy<\/strong> - kremowe owocowe smoothie \ud83c\udf53\ud83c\udf4c<\/li>\n<li><strong>Mango Brzoskwinia<\/strong> - s\u0142odkie tropikalne mango z delikatn\u0105 brzoskwini\u0105 \ud83e\udd6d\ud83c\udf51<\/li>\n<li><strong>Potr\u00f3jne jagody<\/strong> - Bogata mieszanka jag\u00f3d, odwa\u017cna i s\u0142odka \ud83e\uded0\ud83c\udf53<\/li>\n<li><strong>Ananas truskawkowy<\/strong> - s\u0142odka truskawka + tropikalny ananas \ud83c\udf53\ud83c\udf4d<\/li>\n<\/ul>\n<h3>Zestaw smak\u00f3w 12<\/h3>\n<ul>\n<li><strong>Lemoniada Blue Razz<\/strong> - niebieski cukierek + lemoniada \ud83d\udc99\ud83c\udf4b<\/li>\n<li><strong>Wi\u015bnia Cytryna<\/strong> - sweet cherry citrus sparkle \ud83c\udf52\ud83c\udf4b<\/li>\n<li><strong>L\u00f3d jagodowy<\/strong> - fajne jagodowe orze\u017awienie \ud83e\uded0\u2744\ufe0f<\/li>\n<li><strong>Arbuz Brzoskwinia<\/strong> - soczysty arbuz z brzoskwiniow\u0105 s\u0142odycz\u0105 \ud83c\udf49\ud83c\udf51<\/li>\n<\/ul>\n<h2>Jak zmienia\u0107 smaki \ud83d\udd04<\/h2>\n<p><strong>Poci\u0105gnij ustnik do g\u00f3ry i obr\u00f3\u0107 go<\/strong> do zmiany smak\u00f3w. Proste, szybkie i przyjemne - idealne dla klient\u00f3w, kt\u00f3rzy lubi\u0105 zmienia\u0107 smak w dowolnym momencie.<\/p>\n<h2>Stworzony dla sukcesu w sprzeda\u017cy detalicznej i hurtowej \ud83c\udfea\ud83d\udce6<\/h2>\n<p><strong>WASPE Crystal 8-in-1 180K<\/strong> \u015bwietnie pasuje do <strong>u\u017cytkownicy intensywnie korzystaj\u0105cy<\/strong> kt\u00f3rzy chc\u0105 d\u0142ugotrwa\u0142ej wydajno\u015bci, <strong>poszukiwacze smak\u00f3w<\/strong> kt\u00f3rzy uwielbiaj\u0105 zmienia\u0107 smaki i <strong>sklepy vape<\/strong> kt\u00f3re chc\u0105 mie\u0107 na p\u00f3\u0142ce silny produkt \u201cwow\u201d. Dla <strong>dystrybutorzy i hurtownicy<\/strong>, To \u0142atwy zwyci\u0119zca kategorii: du\u017ca liczba puff\u00f3w, funkcja wielu smak\u00f3w i popularne profile, kt\u00f3re szybko si\u0119 zmieniaj\u0105.<\/p>\n<h2>WASPE Crystal 180K FAQ \u2753<\/h2>\n<h3>Jak zmieni\u0107 smaki?<\/h3>\n<p>Poci\u0105gnij ustnik do g\u00f3ry i obr\u00f3\u0107, aby zmieni\u0107 smak. \ud83d\udd04<\/p>\n<h3>Czy to urz\u0105dzenie jest \u0142adowalne?<\/h3>\n<p>Tak, ma <strong>650mAh<\/strong> akumulator i obs\u0142uguje <strong>USB typu C<\/strong> \u0142adowanie. \u26a1<\/p>\n<h3>Jakie st\u0119\u017cenia nikotyny s\u0105 dost\u0119pne?<\/h3>\n<p>Obs\u0142uguje <strong>0%<\/strong>, <strong>2%<\/strong>oraz <strong>5%<\/strong> opcje nikotynowe, w zale\u017cno\u015bci od potrzeb rynku.<\/p>\n<h3>Ile zwoj\u00f3w wykorzystuje?<\/h3>\n<p>U\u017cywa <strong>Cewka siatkowa 1,0\u03a9 x 4<\/strong>, Zbudowany z my\u015bl\u0105 o p\u0142ynnych uderzeniach i mocnym smaku. \u2601\ufe0f<\/p>\n<h3>Ile e-liquidu znajduje si\u0119 w \u015brodku?<\/h3>\n<p>Jest wyposa\u017cony w <strong>68 ml<\/strong> Pojemno\u015b\u0107 e-liquidu dla d\u0142u\u017cszego u\u017cytkowania.<\/p>\n<h3>Czy jest to dobre rozwi\u0105zanie dla sklep\u00f3w vape i zam\u00f3wie\u0144 hurtowych?<\/h3>\n<p>Tak. Funkcja 8 w 1 i bardzo du\u017ca liczba puff\u00f3w s\u0105 popularne na wielu rynkach, dzi\u0119ki czemu jest to dobry wyb\u00f3r dla <strong>p\u00f3\u0142ki sklepowe<\/strong> i <strong>dystrybucja masowa<\/strong>. \ud83d\udce6<\/p>\n<h3>Jaki jest rozmiar i waga urz\u0105dzenia?<\/h3>\n<p>Rozmiar: <strong>53 \u00d7 46 \u00d7 138 mm<\/strong>. Waga: <strong>150 g na sztuk\u0119<\/strong>.<\/p>\n<p><img data-recalc-dims=\"1\" loading=\"lazy\" decoding=\"async\" class=\"alignnone size-full wp-image-102961\" src=\"https:\/\/i0.wp.com\/aiviouvapes.com\/wp-content\/uploads\/2026\/01\/Waspe-Crystal-8-in-1-180K-puff6.jpg?resize=1020%2C1531&#038;ssl=1\" alt=\",\" width=\"1020\" height=\"1531\" title=\"\" srcset=\"https:\/\/i0.wp.com\/aiviouvapes.com\/wp-content\/uploads\/2026\/01\/Waspe-Crystal-8-in-1-180K-puff6.jpg?w=1279&amp;ssl=1 1279w, https:\/\/i0.wp.com\/aiviouvapes.com\/wp-content\/uploads\/2026\/01\/Waspe-Crystal-8-in-1-180K-puff6.jpg?resize=200%2C300&amp;ssl=1 200w, https:\/\/i0.wp.com\/aiviouvapes.com\/wp-content\/uploads\/2026\/01\/Waspe-Crystal-8-in-1-180K-puff6.jpg?resize=682%2C1024&amp;ssl=1 682w, https:\/\/i0.wp.com\/aiviouvapes.com\/wp-content\/uploads\/2026\/01\/Waspe-Crystal-8-in-1-180K-puff6.jpg?resize=768%2C1153&amp;ssl=1 768w, https:\/\/i0.wp.com\/aiviouvapes.com\/wp-content\/uploads\/2026\/01\/Waspe-Crystal-8-in-1-180K-puff6.jpg?resize=1023%2C1536&amp;ssl=1 1023w, https:\/\/i0.wp.com\/aiviouvapes.com\/wp-content\/uploads\/2026\/01\/Waspe-Crystal-8-in-1-180K-puff6.jpg?resize=8%2C12&amp;ssl=1 8w, https:\/\/i0.wp.com\/aiviouvapes.com\/wp-content\/uploads\/2026\/01\/Waspe-Crystal-8-in-1-180K-puff6.jpg?resize=800%2C1201&amp;ssl=1 800w\" sizes=\"auto, (max-width: 1020px) 100vw, 1020px\" \/><\/p>","protected":false},"excerpt":{"rendered":"<p>Jednorazowy waporyzator WASPE Crystal 8-in-1 180K z wy\u015bwietlaczem LED, \u0142adowaniem typu C i 8 smakami w 1 urz\u0105dzeniu. Ogromne 68 ml e-liquidu + cewki z poczw\u00f3rn\u0105 siatk\u0105 - idealne dla nabywc\u00f3w detalicznych i hurtowych. \u2728<\/p>\n<h3>Ten produkt jest dost\u0119pny w magazynie w UE!<\/h3>\n<h4>Skr\u00f3\u0107 czas oczekiwania:\u00a0<strong>Dostawa w ci\u0105gu 5-7 dni z naszej siedziby w Europie<\/strong> magazyn (dla domy\u015blnego <strong>Moc nikotyny 2%<\/strong> tylko wersja).<\/h4>\n<p><span style=\"font-size: 75%;\"><em>Wi\u0119kszo\u015b\u0107 zam\u00f3wie\u0144 wysy\u0142amy z naszego europejskiego magazynu, je\u015bli jest dost\u0119pny. Czasami, je\u015bli nie ma go w magazynie, zamiast tego wysy\u0142amy z Chin.<\/em><\/span><\/p>","protected":false},"featured_media":102960,"comment_status":"open","ping_status":"closed","template":"","meta":[],"product_brand":[227],"product_cat":[19,336,505],"product_tag":[499,500,349,331,498],"class_list":{"0":"post-102955","1":"product","2":"type-product","3":"status-publish","4":"has-post-thumbnail","6":"product_brand-waspe","7":"product_cat-waspe","8":"product_cat-100k-puffs-disposable-vape","9":"product_cat-in-stock-at-eu-warehouse","10":"product_tag-180000-puffs-vape","11":"product_tag-8-in-1-disposable-vape","12":"product_tag-bulk-disposable-vape","13":"product_tag-rechargeable-disposable-vape","14":"product_tag-waspe-disposable-vape","16":"first","17":"instock","18":"shipping-taxable","19":"purchasable","20":"product-type-variable","21":"has-default-attributes"},"jetpack_sharing_enabled":true,"tiered_pricing_type":"fixed","tiered_pricing_fixed_rules":{"30":10.17999999999999971578290569595992565155029296875,"50":8.75,"100":7.96999999999999975131004248396493494510650634765625,"200":7.5800000000000000710542735760100185871124267578125,"400":7.0999999999999996447286321199499070644378662109375},"tiered_pricing_product_settings":{"layout":"default","base_unit_name":{"singular":null,"plural":null},"default_variation":null},"tiered_pricing_minimum_quantity":10,"tiered_pricing_roles_data":[],"tiered_pricing_percentage_rules":[],"tiered_pricing_maximum_quantity":null,"tiered_pricing_quantity_step":"10","_links":{"self":[{"href":"https:\/\/aiviouvapes.com\/pl\/wp-json\/wp\/v2\/product\/102955","targetHints":{"allow":["GET"]}}],"collection":[{"href":"https:\/\/aiviouvapes.com\/pl\/wp-json\/wp\/v2\/product"}],"about":[{"href":"https:\/\/aiviouvapes.com\/pl\/wp-json\/wp\/v2\/types\/product"}],"replies":[{"embeddable":true,"href":"https:\/\/aiviouvapes.com\/pl\/wp-json\/wp\/v2\/comments?post=102955"}],"wp:featuredmedia":[{"embeddable":true,"href":"https:\/\/aiviouvapes.com\/pl\/wp-json\/wp\/v2\/media\/102960"}],"wp:attachment":[{"href":"https:\/\/aiviouvapes.com\/pl\/wp-json\/wp\/v2\/media?parent=102955"}],"wp:term":[{"taxonomy":"product_brand","embeddable":true,"href":"https:\/\/aiviouvapes.com\/pl\/wp-json\/wp\/v2\/product_brand?post=102955"},{"taxonomy":"product_cat","embeddable":true,"href":"https:\/\/aiviouvapes.com\/pl\/wp-json\/wp\/v2\/product_cat?post=102955"},{"taxonomy":"product_tag","embeddable":true,"href":"https:\/\/aiviouvapes.com\/pl\/wp-json\/wp\/v2\/product_tag?post=102955"}],"curies":[{"name":"wp","href":"https:\/\/api.w.org\/{rel}","templated":true}]}}