{"id":102546,"date":"2026-01-23T12:01:45","date_gmt":"2026-01-23T04:01:45","guid":{"rendered":"https:\/\/aiviouvapes.com\/?post_type=product&#038;p=102546"},"modified":"2026-03-17T11:13:31","modified_gmt":"2026-03-17T03:13:31","slug":"bang-leader-stoll-300k","status":"publish","type":"product","link":"https:\/\/aiviouvapes.com\/pl\/product\/bang-leader-stoll-300k\/","title":{"rendered":"BANG LEADER STOLL 300K | 6-w-1 300000 zaci\u0105gni\u0119\u0107, \u0142adowalny, jednorazowy vape luzem"},"content":{"rendered":"<p><!-- Short SEO Description --><\/p>\n<p>The <strong>BANG LEADER STOLL 300K Vape jednorazowego u\u017cytku<\/strong> jest przeznaczony dla zaawansowanych u\u017cytkownik\u00f3w i profesjonalist\u00f3w, kt\u00f3rzy oczekuj\u0105 wi\u0119kszej warto\u015bci w jednym urz\u0105dzeniu.<br \/>\nZ niesamowitym <strong>300 000 zaci\u0105gni\u0119\u0107<\/strong> i innowacyjny <strong>Prze\u0142\u0105czany system aromat\u00f3w 6 w 1<\/strong>, ten jednorazowy produkt klasy premium zapewnia d\u0142ugotrwa\u0142\u0105 wydajno\u015b\u0107, r\u00f3\u017cnorodno\u015b\u0107 i wygod\u0119 w jednym urz\u0105dzeniu. \ud83d\ude80<br \/>\nIdealny dla dystrybutor\u00f3w vape, hurtownik\u00f3w i sklep\u00f3w poszukuj\u0105cych wysokiej klasy produktu o wysokim zysku.<\/p>\n<h2>Dlaczego warto wybra\u0107 BANG LEADER STOLL 300K?<\/h2>\n<ul>\n<li>\ud83d\udd25 Masywny <strong>300 000 puff<\/strong> pojemno\u015b\u0107 - wyj\u0105tkowo d\u0142uga \u017cywotno\u015b\u0107<\/li>\n<li>\ud83c\udf9b\ufe0f <strong>Prze\u0142\u0105czane smaki 6 w 1<\/strong> - Sze\u015b\u0107 smak\u00f3w w jednym urz\u0105dzeniu<\/li>\n<li>\ud83d\udd0b Pot\u0119\u017cny <strong>Akumulator o pojemno\u015bci 650 mAh<\/strong> z \u0142adowaniem typu C<\/li>\n<li>\u2601\ufe0f Zaawansowana <strong>podw\u00f3jna cewka siatkowa (1,0\u03a9)<\/strong> dla g\u0142adkich i bogatych chmur<\/li>\n<li>\ud83d\udcbc Opakowanie zbiorcze - idealne do sprzeda\u017cy hurtowej i dystrybucji<\/li>\n<li>\u2728 Solidna konstrukcja o wysokiej jako\u015bci dla ekspozycji detalicznej<\/li>\n<\/ul>\n<h2>Specyfikacja BANG LEADER STOLL 300K<\/h2>\n<table>\n<tbody>\n<tr>\n<td><strong>Pojemno\u015b\u0107 puff\u00f3w<\/strong><\/td>\n<td>Do 300 000 zaci\u0105gni\u0119\u0107<\/td>\n<\/tr>\n<tr>\n<td><strong>System aromat\u00f3w<\/strong><\/td>\n<td>Prze\u0142\u0105czany smak 6 w 1<\/td>\n<\/tr>\n<tr>\n<td><strong>Bateria<\/strong><\/td>\n<td>Bateria 16350, akumulator 650 mAh<\/td>\n<\/tr>\n<tr>\n<td><strong>\u0141adowanie<\/strong><\/td>\n<td>Szybkie \u0142adowanie typu C<\/td>\n<\/tr>\n<tr>\n<td><strong>Cewka<\/strong><\/td>\n<td>Podw\u00f3jna cewka siatkowa, 1,0\u03a9<\/td>\n<\/tr>\n<tr>\n<td><strong>Si\u0142a nikotyny<\/strong><\/td>\n<td>0% \/ 2% \/ 3% \/ 5% (opcjonalnie)<\/td>\n<\/tr>\n<tr>\n<td><strong>Waga<\/strong><\/td>\n<td>Oko\u0142o 140 g na urz\u0105dzenie<\/td>\n<\/tr>\n<tr>\n<td><strong>Pakowanie<\/strong><\/td>\n<td>200 sztuk w kartonie (sprzeda\u017c hurtowa)<\/td>\n<\/tr>\n<\/tbody>\n<\/table>\n<h2>BANG LEADER STOLL 300K opcji smakowych - mieszanki 6 w 1 \ud83c\udf08<\/h2>\n<p>Ka\u017cde urz\u0105dzenie zawiera <strong>sze\u015b\u0107 r\u00f3\u017cnych smak\u00f3w<\/strong> w jednym urz\u0105dzeniu. Wystarczy prze\u0142\u0105czy\u0107 i cieszy\u0107 si\u0119 nowym smakiem w dowolnym momencie.<\/p>\n<ul>\n<li><strong>Red Mix:<\/strong> Watermelon Ice, Red Bull, Strawberry Kiwi, Blueberry Ice, Lemon Lime, Strawberry Watermelon<\/li>\n<li><strong>Tropical Mix:<\/strong> Truskawka Banan, Podw\u00f3jne Jab\u0142ko, Malina Arbuz, Kwa\u015bne Mango Ananas, Owoce Tropikalne, Cytryna Brzoskwinia<\/li>\n<li><strong>Blue Mix:<\/strong> Ananasowo-kokosowy, Blue Razz, Mixed Berries, Mango Peach, Jagodowo-malinowy, Truskawkowo-waniliowy z col\u0105<\/li>\n<li><strong>Candy Mix:<\/strong> Peach Berry, Triple Melon, Grape Ice, Black Dragon Ice, Fizzy Cherry Ice, Gummy Bear<\/li>\n<li><strong>S\u0142odka mieszanka:<\/strong> Rainbow Candy, Cherry Cola Ice, Love 666, Mango Ice, Blueberry Cotton Candy, Peach Ice<\/li>\n<li><strong>Fresh Mix:<\/strong> Aloe Lychee Ice, Pink Lemon, Glacier Ice, Pine Needle Mint, Black Currant Ice, Watermelon Lemon<\/li>\n<\/ul>\n<p><img data-recalc-dims=\"1\" loading=\"lazy\" decoding=\"async\" class=\"alignnone size-full wp-image-102547\" src=\"https:\/\/i0.wp.com\/aiviouvapes.com\/wp-content\/uploads\/2026\/01\/BANG-LEADER-STOLL-300K-1.jpg?resize=1020%2C1905&#038;ssl=1\" alt=\",\" width=\"1020\" height=\"1905\" title=\"\" srcset=\"https:\/\/i0.wp.com\/aiviouvapes.com\/wp-content\/uploads\/2026\/01\/BANG-LEADER-STOLL-300K-1.jpg?w=1028&amp;ssl=1 1028w, https:\/\/i0.wp.com\/aiviouvapes.com\/wp-content\/uploads\/2026\/01\/BANG-LEADER-STOLL-300K-1.jpg?resize=161%2C300&amp;ssl=1 161w, https:\/\/i0.wp.com\/aiviouvapes.com\/wp-content\/uploads\/2026\/01\/BANG-LEADER-STOLL-300K-1.jpg?resize=548%2C1024&amp;ssl=1 548w, https:\/\/i0.wp.com\/aiviouvapes.com\/wp-content\/uploads\/2026\/01\/BANG-LEADER-STOLL-300K-1.jpg?resize=768%2C1434&amp;ssl=1 768w, https:\/\/i0.wp.com\/aiviouvapes.com\/wp-content\/uploads\/2026\/01\/BANG-LEADER-STOLL-300K-1.jpg?resize=822%2C1536&amp;ssl=1 822w, https:\/\/i0.wp.com\/aiviouvapes.com\/wp-content\/uploads\/2026\/01\/BANG-LEADER-STOLL-300K-1.jpg?resize=6%2C12&amp;ssl=1 6w, https:\/\/i0.wp.com\/aiviouvapes.com\/wp-content\/uploads\/2026\/01\/BANG-LEADER-STOLL-300K-1.jpg?resize=800%2C1494&amp;ssl=1 800w\" sizes=\"auto, (max-width: 1020px) 100vw, 1020px\" \/><\/p>\n<h2>Dla kogo?<\/h2>\n<p>The <strong>BANG LEADER STOLL 300K<\/strong> jest idealny dla <strong>u\u017cytkownicy intensywnie korzystaj\u0105cy<\/strong> kt\u00f3rzy chc\u0105 mniej zamiennik\u00f3w,<br \/>\n<strong>poszukiwacze smak\u00f3w<\/strong> kt\u00f3rzy kochaj\u0105 r\u00f3\u017cnorodno\u015b\u0107 i <strong>sklepy i hurtownie vape<\/strong> szukaj\u0105c produktu premium,<br \/>\njednorazowy produkt o du\u017cej pojemno\u015bci, kt\u00f3ry wyr\u00f3\u017cnia si\u0119 i szybko sprzedaje. \ud83d\udcbc\u2601\ufe0f<\/p>\n<h2>Cz\u0119sto zadawane pytania (FAQ)<\/h2>\n<p><strong>P: Jak mog\u0119 na\u0142adowa\u0107 BANG LEADER STOLL 300K?<\/strong><br \/>\nO: U\u017cyj dowolnego standardowego kabla do \u0142adowania typu C. Pod\u0142\u0105cz go, a urz\u0105dzenie na\u0142aduje si\u0119 szybko i bezpiecznie.<\/p>\n<p><strong>P: Czy klienci mog\u0105 \u0142atwo zmienia\u0107 smaki?<\/strong><br \/>\nO: Tak \ud83d\udc4d Urz\u0105dzenie ma wbudowany system prze\u0142\u0105czania, umo\u017cliwiaj\u0105cy natychmiastow\u0105 zmian\u0119 mi\u0119dzy 6 smakami.<\/p>\n<p><strong>P: Czy nadaje si\u0119 do zam\u00f3wie\u0144 hurtowych i hurtowych?<\/strong><br \/>\nOczywi\u015bcie. Jest on pakowany w kartony po 200 sztuk, co czyni go idealnym rozwi\u0105zaniem dla dystrybutor\u00f3w i sklep\u00f3w vape.<\/p>\n<p><strong>P: Co sprawia, \u017ce cewka siatkowa jest lepsza?<\/strong><br \/>\nO: Siatkowe cewki nagrzewaj\u0105 si\u0119 r\u00f3wnomiernie, zapewniaj\u0105c p\u0142ynniejsze uderzenia, mocniejszy smak i bardziej sp\u00f3jn\u0105 par\u0119.<\/p>\n<p><strong>P: Czy to urz\u0105dzenie jest przyjazne dla pocz\u0105tkuj\u0105cych?<\/strong><br \/>\nO: Tak \ud83d\ude0a Jest aktywowany zaci\u0105gni\u0119ciem, \u0142atwy w u\u017cyciu i nie wymaga konfiguracji - wystarczy zmieni\u0107 smak i waporyzowa\u0107.<\/p>\n<p>Ulepsz swoj\u0105 ofert\u0119 produkt\u00f3w dzi\u0119ki <strong>BANG LEADER STOLL 300K Vape jednorazowego u\u017cytku<\/strong> \u2014<br \/>\nOgromne zaci\u0105gni\u0119cia, wiele smak\u00f3w i powa\u017cna warto\u015b\u0107 hurtowa. \ud83d\uded2\ud83d\udd25<\/p>","protected":false},"excerpt":{"rendered":"<p><strong>BANG LEADER STOLL 300K jednorazowy vape<\/strong> z ogromn\u0105 liczb\u0105 300 000 zaci\u0105gni\u0119\u0107, prze\u0142\u0105czanymi smakami 6 w 1, akumulatorem i cewk\u0105 siatkow\u0105. Idealny dla odbiorc\u00f3w hurtowych i sklep\u00f3w vape.<\/p>","protected":false},"featured_media":102555,"comment_status":"open","ping_status":"closed","template":"","meta":[],"product_brand":[239],"product_cat":[37,131],"product_tag":[493,494,349,492,331],"class_list":{"0":"post-102546","1":"product","2":"type-product","3":"status-publish","4":"has-post-thumbnail","6":"product_brand-bang","7":"product_cat-bang","8":"product_cat-30000-puffs-disposable-vape","9":"product_tag-300000-puffs-vape","10":"product_tag-6-in-1-disposable-vape","11":"product_tag-bulk-disposable-vape","12":"product_tag-disposable-vape-wholesale","13":"product_tag-rechargeable-disposable-vape","15":"first","16":"instock","17":"shipping-taxable","18":"purchasable","19":"product-type-variable","20":"has-default-attributes"},"jetpack_sharing_enabled":true,"tiered_pricing_type":"fixed","tiered_pricing_fixed_rules":{"30":10.2400000000000002131628207280300557613372802734375,"50":8.8100000000000004973799150320701301097869873046875,"100":8.03999999999999914734871708787977695465087890625,"200":7.6500000000000003552713678800500929355621337890625,"400":7.12999999999999989341858963598497211933135986328125},"tiered_pricing_product_settings":{"layout":"default","base_unit_name":{"singular":null,"plural":null},"default_variation":null},"tiered_pricing_minimum_quantity":10,"tiered_pricing_roles_data":[],"tiered_pricing_percentage_rules":[],"tiered_pricing_maximum_quantity":null,"tiered_pricing_quantity_step":"10","_links":{"self":[{"href":"https:\/\/aiviouvapes.com\/pl\/wp-json\/wp\/v2\/product\/102546","targetHints":{"allow":["GET"]}}],"collection":[{"href":"https:\/\/aiviouvapes.com\/pl\/wp-json\/wp\/v2\/product"}],"about":[{"href":"https:\/\/aiviouvapes.com\/pl\/wp-json\/wp\/v2\/types\/product"}],"replies":[{"embeddable":true,"href":"https:\/\/aiviouvapes.com\/pl\/wp-json\/wp\/v2\/comments?post=102546"}],"wp:featuredmedia":[{"embeddable":true,"href":"https:\/\/aiviouvapes.com\/pl\/wp-json\/wp\/v2\/media\/102555"}],"wp:attachment":[{"href":"https:\/\/aiviouvapes.com\/pl\/wp-json\/wp\/v2\/media?parent=102546"}],"wp:term":[{"taxonomy":"product_brand","embeddable":true,"href":"https:\/\/aiviouvapes.com\/pl\/wp-json\/wp\/v2\/product_brand?post=102546"},{"taxonomy":"product_cat","embeddable":true,"href":"https:\/\/aiviouvapes.com\/pl\/wp-json\/wp\/v2\/product_cat?post=102546"},{"taxonomy":"product_tag","embeddable":true,"href":"https:\/\/aiviouvapes.com\/pl\/wp-json\/wp\/v2\/product_tag?post=102546"}],"curies":[{"name":"wp","href":"https:\/\/api.w.org\/{rel}","templated":true}]}}