{"id":102435,"date":"2026-02-26T01:55:49","date_gmt":"2026-02-25T17:55:49","guid":{"rendered":"https:\/\/aiviouvapes.com\/?post_type=product&#038;p=102435"},"modified":"2026-03-17T18:41:24","modified_gmt":"2026-03-17T10:41:24","slug":"uwin-digital-box-68k","status":"publish","type":"product","link":"https:\/\/aiviouvapes.com\/pl\/product\/uwin-digital-box-68k\/","title":{"rendered":"UWIN DIGITAL BOX 68K | inteligentny ekran LED, 68000 zaci\u0105gni\u0119\u0107, du\u017ca pojemno\u015b\u0107, jednorazowy vape luzem"},"content":{"rendered":"<p><!-- Short SEO Description --><\/p>\n<p><!-- Product Title --><\/p>\n<p><!-- Long-form Product Description --><\/p>\n<p>The <strong>Uwin Digital Box 68K<\/strong> jest przeznaczony dla u\u017cytkownik\u00f3w, kt\u00f3rzy chc\u0105 <strong>maksymalna liczba zaci\u0105gni\u0119\u0107, mocny smak i inteligentna kontrola<\/strong> w jednym pot\u0119\u017cnym jednorazowym vape.<br \/>\nZ niesamowitym <strong>68 000 zaci\u0105gni\u0119\u0107<\/strong> oraz <strong>Przejrzysty cyfrowy ekran LED<\/strong>, To urz\u0105dzenie zosta\u0142o zaprojektowane z my\u015bl\u0105 o d\u0142u\u017cszej \u017cywotno\u015bci, szybszej sprzeda\u017cy i zrobieniu wra\u017cenia zar\u00f3wno na klientach detalicznych, jak i hurtowych. \ud83d\ude80<\/p>\n<p>Jego nowoczesna konstrukcja w stylu pude\u0142ka wygodnie le\u017cy w d\u0142oni, a inteligentny wy\u015bwietlacz pokazuje stan baterii i u\u017cytkowania w czasie rzeczywistym - bez zgadywania, bez niespodzianek.<br \/>\nDla sklep\u00f3w vape, dystrybutor\u00f3w i odbiorc\u00f3w hurtowych, Uwin Digital Box 68K to niezawodny, wysokomar\u017cowy produkt, po kt\u00f3ry klienci ch\u0119tnie wracaj\u0105. \ud83d\udcbc<\/p>\n<h2>Dlaczego warto wybra\u0107 Uwin Digital Box 68K?<\/h2>\n<ul>\n<li>Masywny <strong>68 000 zaci\u0105gni\u0119\u0107<\/strong> do d\u0142ugotrwa\u0142ego stosowania<\/li>\n<li>\ud83d\udcdf <strong>Inteligentny ekran cyfrowy LED<\/strong> Wyra\u017anie pokazuje bateri\u0119 i zu\u017cycie<\/li>\n<li>Akumulator o du\u017cej pojemno\u015bci zapewniaj\u0105cy d\u0142u\u017csze dzia\u0142anie<\/li>\n<li>P\u0142ynne zaci\u0105ganie ze stabiln\u0105 produkcj\u0105 pary<\/li>\n<li>10 popularnych smak\u00f3w, kt\u00f3re szybko sprzedaj\u0105 si\u0119 w sklepach detalicznych<\/li>\n<li>Idealny dla <strong>Zam\u00f3wienia hurtowe i dystrybucja hurtowa<\/strong><\/li>\n<li>Doskona\u0142y wyb\u00f3r dla sklep\u00f3w vape, sprzedawc\u00f3w i dystrybutor\u00f3w.<\/li>\n<\/ul>\n<h2>Uwin Digital Box 68K Specyfikacje<\/h2>\n<table>\n<tbody>\n<tr>\n<th>Cecha<\/th>\n<th>Szczeg\u00f3\u0142y<\/th>\n<\/tr>\n<tr>\n<td>Liczba zaci\u0105gni\u0119\u0107<\/td>\n<td>Oko\u0142o 68 000 zaci\u0105gni\u0119\u0107 \ud83d\udca8<\/td>\n<\/tr>\n<tr>\n<td>Model<\/td>\n<td>Uwin Digital Box 68K<\/td>\n<\/tr>\n<tr>\n<td>Wy\u015bwietlacz<\/td>\n<td>Inteligentny ekran cyfrowy LED<\/td>\n<\/tr>\n<tr>\n<td>Bateria<\/td>\n<td>Akumulator o du\u017cej pojemno\u015bci \ud83d\udd0b<\/td>\n<\/tr>\n<tr>\n<td>Typ cewki<\/td>\n<td>Zaawansowana cewka siatkowa zapewniaj\u0105ca g\u0142adki smak<\/td>\n<\/tr>\n<tr>\n<td>Si\u0142a nikotyny<\/td>\n<td>0% \/ 2% \/ 3% \/ 5% dost\u0119pne opcje<\/td>\n<\/tr>\n<tr>\n<td>Pakiet<\/td>\n<td>Dost\u0119pne hurtowe opakowania zbiorcze<\/td>\n<\/tr>\n<\/tbody>\n<\/table>\n<p><img data-recalc-dims=\"1\" loading=\"lazy\" decoding=\"async\" class=\"alignnone size-full wp-image-102537\" src=\"https:\/\/i0.wp.com\/aiviouvapes.com\/wp-content\/uploads\/2026\/01\/UWIN-DIGITAL-BOX-68K-2.jpg?resize=1020%2C1020&#038;ssl=1\" alt=\",\" width=\"1020\" height=\"1020\" title=\"\" srcset=\"https:\/\/i0.wp.com\/aiviouvapes.com\/wp-content\/uploads\/2026\/01\/UWIN-DIGITAL-BOX-68K-2.jpg?w=1536&amp;ssl=1 1536w, https:\/\/i0.wp.com\/aiviouvapes.com\/wp-content\/uploads\/2026\/01\/UWIN-DIGITAL-BOX-68K-2.jpg?resize=300%2C300&amp;ssl=1 300w, https:\/\/i0.wp.com\/aiviouvapes.com\/wp-content\/uploads\/2026\/01\/UWIN-DIGITAL-BOX-68K-2.jpg?resize=1024%2C1024&amp;ssl=1 1024w, https:\/\/i0.wp.com\/aiviouvapes.com\/wp-content\/uploads\/2026\/01\/UWIN-DIGITAL-BOX-68K-2.jpg?resize=150%2C150&amp;ssl=1 150w, https:\/\/i0.wp.com\/aiviouvapes.com\/wp-content\/uploads\/2026\/01\/UWIN-DIGITAL-BOX-68K-2.jpg?resize=768%2C768&amp;ssl=1 768w, https:\/\/i0.wp.com\/aiviouvapes.com\/wp-content\/uploads\/2026\/01\/UWIN-DIGITAL-BOX-68K-2.jpg?resize=12%2C12&amp;ssl=1 12w, https:\/\/i0.wp.com\/aiviouvapes.com\/wp-content\/uploads\/2026\/01\/UWIN-DIGITAL-BOX-68K-2.jpg?resize=400%2C400&amp;ssl=1 400w, https:\/\/i0.wp.com\/aiviouvapes.com\/wp-content\/uploads\/2026\/01\/UWIN-DIGITAL-BOX-68K-2.jpg?resize=800%2C800&amp;ssl=1 800w, https:\/\/i0.wp.com\/aiviouvapes.com\/wp-content\/uploads\/2026\/01\/UWIN-DIGITAL-BOX-68K-2.jpg?resize=100%2C100&amp;ssl=1 100w\" sizes=\"auto, (max-width: 1020px) 100vw, 1020px\" \/><\/p>\n<h2>Uwin Digital Box 68K Dost\u0119pne smaki<\/h2>\n<ul>\n<li><strong>Bor\u00f3wka Malina<\/strong> - S\u0142odkie bor\u00f3wki po\u0142\u0105czone z pikantnymi malinami \ud83c\udf47<\/li>\n<li><strong>Arbuz truskawkowy<\/strong> - Soczysty arbuz z dojrza\u0142\u0105 truskawkow\u0105 s\u0142odycz\u0105 \ud83c\udf49<\/li>\n<li><strong>Arbuzowy l\u00f3d<\/strong> - \u015awie\u017cy arbuz wyko\u0144czony lodowatym ch\u0142odem \u2744\ufe0f<\/li>\n<li><strong>Cherry Ice<\/strong> - Odwa\u017cny wi\u015bniowy smak z zimnym wydechem \ud83c\udf52<\/li>\n<li><strong>Kiwi Passion Fruit Guava<\/strong> - Tropikalna mieszanka pe\u0142na jasnych i egzotycznych nut \ud83e\udd5d<\/li>\n<li><strong>Letni l\u00f3d brzoskwiniowy<\/strong> - G\u0142adka brzoskwinia z orze\u017awiaj\u0105cym lodowym akcentem \ud83c\udf51<\/li>\n<li><strong>Truskawka Kiwi<\/strong> - Klasyczne s\u0142odko-kwa\u015bne po\u0142\u0105czenie owoc\u00f3w \ud83c\udf53<\/li>\n<li><strong>Mixed Berry<\/strong> - Bogata mieszanka le\u015bnych jag\u00f3d \ud83e\uded0<\/li>\n<li><strong>Mr Blue<\/strong> - Tajemniczy smak jag\u00f3d ze \u015bwie\u017cym wyko\u0144czeniem \ud83d\udc99<\/li>\n<li><strong>Red Bull<\/strong> - Zainspirowany smakiem napoju energetycznego dla odwa\u017cnego kopa \u26a1<\/li>\n<\/ul>\n<p>The <strong><a href=\"https:\/\/aiviouvapes.com\/pl\/kategoria-produktu\/uwin\/\">Uwin<\/a> Digital Box 68K<\/strong> jest idealny dla <strong>u\u017cytkownicy intensywnie korzystaj\u0105cy<\/strong> kt\u00f3rzy chc\u0105 mniej zamiennik\u00f3w,<br \/>\n<strong>poszukiwacze smak\u00f3w<\/strong> kt\u00f3rzy ciesz\u0105 si\u0119 bogatym smakiem i <strong>sklepy vape<\/strong> szukaj\u0105c produktu o wysokim popycie.<br \/>\nJest to r\u00f3wnie\u017c doskona\u0142a opcja dla <strong>Dystrybucja hurtowa i masowa<\/strong>, oferuj\u0105c wysok\u0105 powtarzalno\u015b\u0107 sprzeda\u017cy i zadowolenie klient\u00f3w.<\/p>\n<h2>FAQ<\/h2>\n<p><strong>P: Jak d\u0142ugo dzia\u0142a Uwin Digital Box 68K?<\/strong><br \/>\nO: Do 68 000 zaci\u0105gni\u0119\u0107 wystarcza na tygodnie lub nawet d\u0142u\u017cej, w zale\u017cno\u015bci od nawyk\u00f3w u\u017cytkowania.<\/p>\n<p><strong>P: Co pokazuje ekran LED?<\/strong><br \/>\nO: Ekran LED wy\u015bwietla poziom na\u0142adowania baterii i status u\u017cytkowania, u\u0142atwiaj\u0105c zarz\u0105dzanie.<\/p>\n<p><strong>P: Czy ten produkt jest odpowiedni dla odbiorc\u00f3w hurtowych?<\/strong><br \/>\nO: Tak, jest on przeznaczony do zakup\u00f3w hurtowych, co czyni go idealnym rozwi\u0105zaniem dla sklep\u00f3w vape i dystrybutor\u00f3w.<\/p>\n<p><strong>P: Czy urz\u0105dzenie wymaga \u0142adowania?<\/strong><br \/>\nO: Tak, urz\u0105dzenie jest wyposa\u017cone w akumulator, kt\u00f3ry obs\u0142uguje du\u017c\u0105 liczb\u0119 zaci\u0105gni\u0119\u0107.<\/p>\n<p><strong>P: Czy mieszane smaki s\u0105 dost\u0119pne w zam\u00f3wieniach hurtowych?<\/strong><br \/>\nO: Tak, losowe pakiety mieszanych smak\u00f3w s\u0105 dost\u0119pne w sprzeda\u017cy hurtowej.<\/p>","protected":false},"excerpt":{"rendered":"<p><strong>Uwin Digital Box 68K jednorazowy vape<\/strong> z inteligentnym ekranem LED, ogromn\u0105 liczb\u0105 68 000 zaci\u0105gni\u0119\u0107, bogatymi smakami i hurtowymi opakowaniami. Idealny dla sklep\u00f3w vape i dystrybutor\u00f3w.<\/p>","protected":false},"featured_media":102540,"comment_status":"open","ping_status":"closed","template":"","meta":[],"product_brand":[247],"product_cat":[224,242],"product_tag":[491,349,464,459],"class_list":{"0":"post-102435","1":"product","2":"type-product","3":"status-publish","4":"has-post-thumbnail","6":"product_brand-uwin","7":"product_cat-uwin","8":"product_cat-60000-puffs-disposable-vape","9":"product_tag-60000-puffs-vape","10":"product_tag-bulk-disposable-vape","11":"product_tag-smart-screen-vape","12":"product_tag-wholesale-vape-device","14":"first","15":"instock","16":"shipping-taxable","17":"purchasable","18":"product-type-variable","19":"has-default-attributes"},"jetpack_sharing_enabled":true,"tiered_pricing_type":"fixed","tiered_pricing_fixed_rules":{"30":8.5600000000000004973799150320701301097869873046875,"50":6.87000000000000010658141036401502788066864013671875,"100":6.3499999999999996447286321199499070644378662109375,"200":5.70000000000000017763568394002504646778106689453125,"400":5.37999999999999989341858963598497211933135986328125},"tiered_pricing_product_settings":{"layout":"default","base_unit_name":{"singular":null,"plural":null},"default_variation":null},"tiered_pricing_minimum_quantity":10,"tiered_pricing_roles_data":[],"tiered_pricing_percentage_rules":[],"tiered_pricing_maximum_quantity":null,"tiered_pricing_quantity_step":"10","_links":{"self":[{"href":"https:\/\/aiviouvapes.com\/pl\/wp-json\/wp\/v2\/product\/102435","targetHints":{"allow":["GET"]}}],"collection":[{"href":"https:\/\/aiviouvapes.com\/pl\/wp-json\/wp\/v2\/product"}],"about":[{"href":"https:\/\/aiviouvapes.com\/pl\/wp-json\/wp\/v2\/types\/product"}],"replies":[{"embeddable":true,"href":"https:\/\/aiviouvapes.com\/pl\/wp-json\/wp\/v2\/comments?post=102435"}],"wp:featuredmedia":[{"embeddable":true,"href":"https:\/\/aiviouvapes.com\/pl\/wp-json\/wp\/v2\/media\/102540"}],"wp:attachment":[{"href":"https:\/\/aiviouvapes.com\/pl\/wp-json\/wp\/v2\/media?parent=102435"}],"wp:term":[{"taxonomy":"product_brand","embeddable":true,"href":"https:\/\/aiviouvapes.com\/pl\/wp-json\/wp\/v2\/product_brand?post=102435"},{"taxonomy":"product_cat","embeddable":true,"href":"https:\/\/aiviouvapes.com\/pl\/wp-json\/wp\/v2\/product_cat?post=102435"},{"taxonomy":"product_tag","embeddable":true,"href":"https:\/\/aiviouvapes.com\/pl\/wp-json\/wp\/v2\/product_tag?post=102435"}],"curies":[{"name":"wp","href":"https:\/\/api.w.org\/{rel}","templated":true}]}}