{"id":102365,"date":"2026-01-23T12:09:52","date_gmt":"2026-01-23T04:09:52","guid":{"rendered":"https:\/\/aiviouvapes.com\/?post_type=product&#038;p=102365"},"modified":"2026-04-17T22:14:01","modified_gmt":"2026-04-17T14:14:01","slug":"bang-box-200k","status":"publish","type":"product","link":"https:\/\/aiviouvapes.com\/pl\/product\/bang-box-200k\/","title":{"rendered":"BANG BOX 200K | 8 w 1 200000 zaci\u0105gni\u0119\u0107, poczw\u00f3rna cewka, wy\u015bwietlacz mocy, jednorazowy vape luzem"},"content":{"rendered":"<p>Poznaj <strong>BANG BOX 200K<\/strong> - prawdziwy gigant na rynku jednorazowych urz\u0105dze\u0144 vape. Zaprojektowane z my\u015bl\u0105 o wytrzyma\u0142o\u015bci, r\u00f3\u017cnorodno\u015bci smak\u00f3w i profesjonalnej dystrybucji, urz\u0105dzenie to zapewnia niesamowit\u0105 <strong>200 000 zaci\u0105gni\u0119\u0107<\/strong> w jednym pot\u0119\u017cnym urz\u0105dzeniu. Dzi\u0119ki zaawansowanym <strong>Technologia poczw\u00f3rnej cewki<\/strong>, a <strong>inteligentny wy\u015bwietlacz zasilania<\/strong>, i unikalny <strong>System aromat\u00f3w 8 w 1<\/strong>, jest to idealne rozwi\u0105zanie dla u\u017cytkownik\u00f3w, kt\u00f3rzy chc\u0105 wi\u0119cej, oraz firm, kt\u00f3re wymagaj\u0105 niezawodno\u015bci i warto\u015bci \ud83d\udce6<\/p>\n<h2>Dlaczego warto wybra\u0107 BANG BOX 200K?<\/h2>\n<ul>\n<li>\ud83d\udd25 Masywne do <strong>200 000 zaci\u0105gni\u0119\u0107<\/strong> - Jedno urz\u0105dzenie wystarcza na wiele tygodni<\/li>\n<li>\ud83c\udfa8 <strong>Smak 8 w 1<\/strong> - Wiele smak\u00f3w w jednym jednorazowym opakowaniu<\/li>\n<li>\u26a1 <strong>System cewek z poczw\u00f3rn\u0105 siatk\u0105<\/strong> dla g\u0142adkiej pary i bogatego smaku<\/li>\n<li>\ud83d\udcfa <strong>Inteligentny ekran zasilania<\/strong> Wyra\u017anie pokazuje stan baterii i e-cieczy<\/li>\n<li>\ud83d\udd0b Wysoka jako\u015b\u0107 <strong>Akumulator kobaltowy o pojemno\u015bci 850 mAh<\/strong><\/li>\n<li>\ud83d\udca7 Ogromny <strong>Ca\u0142kowita pojemno\u015b\u0107 100 ml<\/strong> (4 komory po 25 ml)<\/li>\n<li>\ud83d\ude9a Idealny dla <strong>zam\u00f3wienia hurtowe, sklepy vape i hurtownie<\/strong><\/li>\n<\/ul>\n<h2>Specyfikacja BANG BOX 200K<\/h2>\n<table>\n<tbody>\n<tr>\n<th>Cecha<\/th>\n<th>Szczeg\u00f3\u0142y<\/th>\n<\/tr>\n<tr>\n<td>Liczba zaci\u0105gni\u0119\u0107<\/td>\n<td>Do 200 000 zaci\u0105gni\u0119\u0107<\/td>\n<\/tr>\n<tr>\n<td>System aromat\u00f3w<\/td>\n<td>Jednorazowy zestaw 8 w 1 o wielu smakach<\/td>\n<\/tr>\n<tr>\n<td>Bateria<\/td>\n<td>850mAh Pure Cobalt (akumulator)<\/td>\n<\/tr>\n<tr>\n<td>Ca\u0142kowita pojemno\u015b\u0107 E-liquidu<\/td>\n<td>100 ml (4 \u00d7 25 ml)<\/td>\n<\/tr>\n<tr>\n<td>Technologia cewek<\/td>\n<td>Poczw\u00f3rna cewka siatkowa<\/td>\n<\/tr>\n<tr>\n<td>Port \u0142adowania<\/td>\n<td>Szybkie \u0142adowanie typu C<\/td>\n<\/tr>\n<tr>\n<td>Si\u0142a nikotyny<\/td>\n<td>Opcje niestandardowe dost\u0119pne w sprzeda\u017cy hurtowej<\/td>\n<\/tr>\n<\/tbody>\n<\/table>\n<figure class=\"wp-block-videopress-video wp-block-jetpack-videopress jetpack-videopress-player\"><div class=\"jetpack-videopress-player__wrapper\"><iframe title=\"Odtwarzacz film\u00f3w VideoPress\" aria-label=\"Odtwarzacz film\u00f3w VideoPress\" src=\"https:\/\/videopress.com\/embed\/Szf0xBf7?at=0&#038;controls=1&#038;preloadContent=metadata\" width=\"640\"height=\"360\" frameborder=\"0\" allowfullscreen data-resize-to-parent=\"true\" allow=\"clipboard-write\"><\/iframe><\/div><\/figure>\n<h2><img data-recalc-dims=\"1\" loading=\"lazy\" decoding=\"async\" class=\"alignnone size-full wp-image-102369\" src=\"https:\/\/i0.wp.com\/aiviouvapes.com\/wp-content\/uploads\/2026\/01\/BANG-BOX-200K-1.jpg?resize=1020%2C572&#038;ssl=1\" alt=\"BANG BOX 200K\" width=\"1020\" height=\"572\" title=\"\" srcset=\"https:\/\/i0.wp.com\/aiviouvapes.com\/wp-content\/uploads\/2026\/01\/BANG-BOX-200K-1.jpg?w=1600&amp;ssl=1 1600w, https:\/\/i0.wp.com\/aiviouvapes.com\/wp-content\/uploads\/2026\/01\/BANG-BOX-200K-1.jpg?resize=300%2C168&amp;ssl=1 300w, https:\/\/i0.wp.com\/aiviouvapes.com\/wp-content\/uploads\/2026\/01\/BANG-BOX-200K-1.jpg?resize=1024%2C574&amp;ssl=1 1024w, https:\/\/i0.wp.com\/aiviouvapes.com\/wp-content\/uploads\/2026\/01\/BANG-BOX-200K-1.jpg?resize=768%2C431&amp;ssl=1 768w, https:\/\/i0.wp.com\/aiviouvapes.com\/wp-content\/uploads\/2026\/01\/BANG-BOX-200K-1.jpg?resize=1536%2C861&amp;ssl=1 1536w, https:\/\/i0.wp.com\/aiviouvapes.com\/wp-content\/uploads\/2026\/01\/BANG-BOX-200K-1.jpg?resize=18%2C10&amp;ssl=1 18w, https:\/\/i0.wp.com\/aiviouvapes.com\/wp-content\/uploads\/2026\/01\/BANG-BOX-200K-1.jpg?resize=800%2C449&amp;ssl=1 800w\" sizes=\"auto, (max-width: 1020px) 100vw, 1020px\" \/><\/h2>\n<h2>Dost\u0119pne kombinacje smak\u00f3w<\/h2>\n<p>Ka\u017cdy <a href=\"https:\/\/aiviouvapes.com\/pl\/kategoria-produktu\/bang\/\">BANG BOX<\/a> 200K oferuje ekscytuj\u0105ce po\u0142\u0105czenia smakowe, aby ka\u017cdy puff by\u0142 \u015bwie\u017cy i przyjemny \ud83d\ude0b<\/p>\n<ul>\n<li><strong>Seria Blueberry:<\/strong> Blueberry Ice, Blueberry Watermelon, Raspberry, Lemon Lime<\/li>\n<li><strong>Arbuz i s\u0142odycze:<\/strong> Watermelon Ice, Bubblegum, Cherry Ice<\/li>\n<li><strong>L\u00f3d i mi\u0119ta:<\/strong> Mint Ice, Blueberry Raspberry Ice, Grape Ice, Nerdz Candy<\/li>\n<li><strong>Owoce egzotyczne:<\/strong> Passion Fruit, Pineapple Coconut Ice, LOVE 66, Triple Honeydew<\/li>\n<li><strong>Jab\u0142ko i jagody:<\/strong> Podw\u00f3jne jab\u0142ko, kwa\u015bne jab\u0142ko, malina, je\u017cyna z lodem<\/li>\n<li><strong>Mieszanka truskawkowa:<\/strong> Strawberry Ice, Strawberry Kiwi, Pink Lemonade<\/li>\n<li><strong>Cola &amp; Citrus:<\/strong> Wi\u015bniowa Cola, \u017burawina, Truskawka i Malina<\/li>\n<li><strong>Tropikalne mango:<\/strong> Potr\u00f3jne mango, mango z marakuj\u0105, ananas z lodem<\/li>\n<\/ul>\n<p>Od lodowatej \u015bwie\u017co\u015bci po s\u0142odkie cukierki i tropikalne mieszanki, gama smak\u00f3w zosta\u0142a zaprojektowana tak, aby zadowoli\u0107 zar\u00f3wno zwyk\u0142ych u\u017cytkownik\u00f3w, jak i powa\u017cnych poszukiwaczy smak\u00f3w \ud83c\udf08<\/p>\n<h2>Idealny dla u\u017cytkownik\u00f3w i firm<\/h2>\n<p>The <strong>BANG BOX 200K<\/strong> to doskona\u0142y wyb\u00f3r dla <strong>u\u017cytkownicy intensywnie korzystaj\u0105cy<\/strong> kt\u00f3rzy chc\u0105 mniej zamiennik\u00f3w, <strong>mi\u0142o\u015bnicy smak\u00f3w<\/strong> kt\u00f3rzy lubi\u0105 r\u00f3\u017cnorodno\u015b\u0107 i <strong>sklepy z e-papierosami lub dystrybutorzy<\/strong> szukaj\u0105cych warto\u015bciowych, przyci\u0105gaj\u0105cych wzrok produkt\u00f3w. Jego d\u0142uga \u017cywotno\u015b\u0107, wysokiej jako\u015bci konstrukcja i przyjazny dla du\u017cych ilo\u015bci design sprawiaj\u0105, \u017ce jest to idealne rozwi\u0105zanie dla rynk\u00f3w hurtowych i odsprzeda\u017cy na ca\u0142ym \u015bwiecie.<\/p>\n<h2>Cz\u0119sto zadawane pytania (FAQ)<\/h2>\n<p><strong>P: Czy BANG BOX 200K mo\u017cna \u0142adowa\u0107?<\/strong><br \/>\nO: Tak \ud83d\udc4d Jest wyposa\u017cony w port \u0142adowania typu C, dzi\u0119ki czemu mo\u017cna \u0142adowa\u0107 bateri\u0119 do momentu ca\u0142kowitego wykorzystania e-cieczy.<\/p>\n<p><strong>P: Sk\u0105d mam wiedzie\u0107, kiedy poziom na\u0142adowania baterii lub p\u0142ynu jest niski?<\/strong><br \/>\nO: Inteligentny wy\u015bwietlacz zasilania wyra\u017anie pokazuje pozosta\u0142y poziom na\u0142adowania baterii i stan u\u017cytkowania.<\/p>\n<p><strong>P: Czy nadaje si\u0119 do zakupu hurtowego lub hurtowego?<\/strong><br \/>\nO: Oczywi\u015bcie. Ten model jest przeznaczony do zakup\u00f3w hurtowych i jest bardzo popularny w\u015br\u00f3d dystrybutor\u00f3w i sklep\u00f3w detalicznych.<\/p>\n<p><strong>P: Czy poczw\u00f3rna cewka naprawd\u0119 robi r\u00f3\u017cnic\u0119?<\/strong><br \/>\nO: Tak! Technologia poczw\u00f3rnej cewki zapewnia bardziej r\u00f3wnomierne ogrzewanie, mocniejszy smak i g\u0142adsz\u0105 par\u0119 z mniejszym posmakiem spalenizny.<\/p>\n<p><strong>P: Czy jest przyjazny dla pocz\u0105tkuj\u0105cych?<\/strong><br \/>\nO: Tak \ud83d\ude0a Bez przycisk\u00f3w, bez uzupe\u0142niania, bez konfiguracji. Po prostu wdychaj i ciesz si\u0119.<\/p>","protected":false},"excerpt":{"rendered":"<p>Kup mega 200 000 zaci\u0105gni\u0119\u0107 jednorazowym waporyzatorem BANG BOX 200K z systemem wielu smak\u00f3w 8 w 1, moc\u0105 poczw\u00f3rnej cewki i inteligentnym ekranem. Stworzony dla intensywnych u\u017cytkownik\u00f3w, sklep\u00f3w vape i nabywc\u00f3w hurtowych poszukuj\u0105cych d\u0142ugotrwa\u0142ej wydajno\u015bci \ud83d\udca8<\/p>","protected":false},"featured_media":102374,"comment_status":"open","ping_status":"closed","template":"","meta":[],"product_brand":[239],"product_cat":[37,129],"product_tag":[490,349,456,331,459],"class_list":{"0":"post-102365","1":"product","2":"type-product","3":"status-publish","4":"has-post-thumbnail","6":"product_brand-bang","7":"product_cat-bang","8":"product_cat-20000-puffs-disposable-vape","9":"product_tag-200000-puffs-vape","10":"product_tag-bulk-disposable-vape","11":"product_tag-disposable-vape","12":"product_tag-rechargeable-disposable-vape","13":"product_tag-wholesale-vape-device","15":"first","16":"instock","17":"shipping-taxable","18":"purchasable","19":"product-type-variable","20":"has-default-attributes"},"jetpack_sharing_enabled":true,"tiered_pricing_type":"fixed","tiered_pricing_fixed_rules":{"30":10.2400000000000002131628207280300557613372802734375,"50":8.8100000000000004973799150320701301097869873046875,"100":8.03999999999999914734871708787977695465087890625,"200":7.6500000000000003552713678800500929355621337890625,"400":7.12999999999999989341858963598497211933135986328125},"tiered_pricing_product_settings":{"layout":"default","base_unit_name":{"singular":null,"plural":null},"default_variation":null},"tiered_pricing_minimum_quantity":10,"tiered_pricing_roles_data":[],"tiered_pricing_percentage_rules":[],"tiered_pricing_maximum_quantity":null,"tiered_pricing_quantity_step":"10","_links":{"self":[{"href":"https:\/\/aiviouvapes.com\/pl\/wp-json\/wp\/v2\/product\/102365","targetHints":{"allow":["GET"]}}],"collection":[{"href":"https:\/\/aiviouvapes.com\/pl\/wp-json\/wp\/v2\/product"}],"about":[{"href":"https:\/\/aiviouvapes.com\/pl\/wp-json\/wp\/v2\/types\/product"}],"replies":[{"embeddable":true,"href":"https:\/\/aiviouvapes.com\/pl\/wp-json\/wp\/v2\/comments?post=102365"}],"wp:featuredmedia":[{"embeddable":true,"href":"https:\/\/aiviouvapes.com\/pl\/wp-json\/wp\/v2\/media\/102374"}],"wp:attachment":[{"href":"https:\/\/aiviouvapes.com\/pl\/wp-json\/wp\/v2\/media?parent=102365"}],"wp:term":[{"taxonomy":"product_brand","embeddable":true,"href":"https:\/\/aiviouvapes.com\/pl\/wp-json\/wp\/v2\/product_brand?post=102365"},{"taxonomy":"product_cat","embeddable":true,"href":"https:\/\/aiviouvapes.com\/pl\/wp-json\/wp\/v2\/product_cat?post=102365"},{"taxonomy":"product_tag","embeddable":true,"href":"https:\/\/aiviouvapes.com\/pl\/wp-json\/wp\/v2\/product_tag?post=102365"}],"curies":[{"name":"wp","href":"https:\/\/api.w.org\/{rel}","templated":true}]}}