{"id":9135,"date":"2024-08-21T10:54:29","date_gmt":"2024-08-21T10:54:29","guid":{"rendered":"https:\/\/aiviouvapes.com\/?page_id=9135"},"modified":"2024-12-02T02:32:31","modified_gmt":"2024-12-01T18:32:31","slug":"buy-vapes-in-belgium-with-bancontact","status":"publish","type":"page","link":"https:\/\/aiviouvapes.com\/pl\/buy-vapes-in-belgium-with-bancontact\/","title":{"rendered":"Kup vape w Belgii z Bancontact"},"content":{"rendered":"<p>Bancontact to popularny elektroniczny system p\u0142atno\u015bci w Belgii, zapewniaj\u0105cy bezpieczn\u0105, wydajn\u0105 i przyjazn\u0105 u\u017cytkownikowi metod\u0119 dokonywania transakcji zar\u00f3wno online, jak i offline. Jako krajowo uznana opcja p\u0142atno\u015bci, Bancontact umo\u017cliwia p\u0142ynne i niezawodne transakcje zar\u00f3wno dla belgijskich konsument\u00f3w, jak i firm. System obs\u0142uguje szeroki zakres scenariuszy p\u0142atno\u015bci, od p\u0142atno\u015bci zbli\u017ceniowych i mobilnych po zakupy online, co czyni go wszechstronnym i wygodnym wyborem do codziennego u\u017cytku.<\/p>\n<h3>Dlaczego warto wybra\u0107 Bancontact?<\/h3>\n<p><strong>1. Proste i elastyczne p\u0142atno\u015bci dla wszystkich kwot<\/strong><br \/>\nBancontact jest zaprojektowany tak, aby obs\u0142ugiwa\u0107 transakcje dowolnej wielko\u015bci, niezale\u017cnie od tego, czy dokonujesz ma\u0142ego zakupu, czy wi\u0119kszej p\u0142atno\u015bci. Dzi\u0119ki Bancontact u\u017cytkownicy mog\u0105 pewnie u\u017cywa\u0107 swojej karty do dowolnej kwoty, co czyni j\u0105 wygodn\u0105 opcj\u0105 dla wszystkich rodzaj\u00f3w wydatk\u00f3w, od artyku\u0142\u00f3w spo\u017cywczych po drogie przedmioty.<\/p>\n<p><strong>2. Szybkie p\u0142atno\u015bci zbli\u017ceniowe<\/strong><br \/>\nDla tych, kt\u00f3rzy ceni\u0105 szybko\u015b\u0107 i wygod\u0119, Bancontact oferuje mo\u017cliwo\u015b\u0107 p\u0142atno\u015bci zbli\u017ceniowych. Wystarczy przytrzyma\u0107 kart\u0119 Bancontact w pobli\u017cu terminala zbli\u017ceniowego, a p\u0142atno\u015b\u0107 zostanie zrealizowana natychmiast. Ta funkcja jest idealna do szybkich zakup\u00f3w, dzi\u0119ki czemu kolejki do kas s\u0105 szybsze i bardziej wydajne.<\/p>\n<p><strong>3. Bezpieczne zakupy online<\/strong><br \/>\nBancontact jest powszechnie akceptowany przez sprzedawc\u00f3w internetowych, umo\u017cliwiaj\u0105c belgijskim konsumentom \u0142atwe zakupy w r\u00f3\u017cnych sklepach internetowych. Bezproblemowa integracja Bancontact z platformami e-commerce oferuje bezpieczn\u0105, wydajn\u0105 metod\u0119 p\u0142atno\u015bci za zakupy online, umo\u017cliwiaj\u0105c konsumentom robienie zakup\u00f3w pewnie z domu.<\/p>\n<p><strong>4. \u0141atwe p\u0142atno\u015bci mobilne<\/strong><br \/>\nDzi\u0119ki aplikacji Payconiq by Bancontact u\u017cytkownicy mog\u0105 dokonywa\u0107 p\u0142atno\u015bci mobilnych w sklepach, online, a nawet w restauracjach. Ta aplikacja jeszcze bardziej rozszerza u\u017cyteczno\u015b\u0107 Bancontact, umo\u017cliwiaj\u0105c konsumentom dokonywanie p\u0142atno\u015bci w podr\u00f3\u017cy za pomoc\u0105 urz\u0105dze\u0144 mobilnych, gdziekolwiek akceptowane s\u0105 Bancontact lub Payconiq.<\/p>\n<p><strong>5. Wygodne wyp\u0142aty got\u00f3wki<\/strong><br \/>\nBancontact pozwala r\u00f3wnie\u017c u\u017cytkownikom bezpiecznie i \u0142atwo wyp\u0142aca\u0107 got\u00f3wk\u0119, zapewniaj\u0105c im dost\u0119p do \u015brodk\u00f3w w dowolnym momencie. Ta elastyczno\u015b\u0107 jest szczeg\u00f3lnie korzystna dla tych, kt\u00f3rzy wol\u0105 mie\u0107 got\u00f3wk\u0119 dost\u0119pn\u0105 na okre\u015blone zakupy.<\/p>\n<hr \/>\n<h2>Kup jednorazowe waporyzatory z Bancontact w AiviouVapes<\/h2>\n<p>AiviouVapes z rado\u015bci\u0105 og\u0142asza, \u017ce akceptujemy teraz Bancontact jako metod\u0119 p\u0142atno\u015bci za zakup jednorazowych waporyzator\u00f3w. Ta nowa opcja jest zgodna z naszym zobowi\u0105zaniem do zapewnienia elastycznych i wygodnych opcji p\u0142atno\u015bci dla naszych belgijskich klient\u00f3w. Oto dlaczego Bancontact jest doskona\u0142ym wyborem do zakupu jednorazowych waporyzator\u00f3w od AiviouVapes:<\/p>\n<p><strong>1. Bezproblemowe transakcje<\/strong><br \/>\nKorzystanie z Bancontact w AiviouVapes zapewnia p\u0142ynne i wydajne zakupy. Niezale\u017cnie od tego, czy kupujesz pojedynczy waporyzator, czy te\u017c zaopatrujesz si\u0119 w swoje ulubione smaki, Bancontact obs\u0142uguje p\u0142atno\u015bci bezpiecznie i szybko.<\/p>\n<p><strong>2. Bezpieczne i niezawodne p\u0142atno\u015bci<\/strong><br \/>\nBancontact stosuje zaawansowane \u015brodki bezpiecze\u0144stwa, chroni\u0105c informacje finansowe u\u017cytkownik\u00f3w i chroni\u0105c transakcje przed oszustwami. Ten spok\u00f3j ducha pozwala naszym klientom pewnie dokonywa\u0107 zakup\u00f3w na naszej stronie.<\/p>\n<p><strong>3. Natychmiastowe potwierdzenie p\u0142atno\u015bci<\/strong><br \/>\nTransakcje Bancontact s\u0105 przetwarzane natychmiastowo, co zapewnia, \u017ce Twoje zam\u00f3wienie zostanie potwierdzone i przygotowane do wysy\u0142ki bez op\u00f3\u017anie\u0144. To natychmiastowe potwierdzenie jest idealne dla klient\u00f3w, kt\u00f3rzy chc\u0105, aby ich waporyzatory zosta\u0142y dostarczone szybko.<\/p>\n<hr \/>\n<h3>Jak korzysta\u0107 z Bancontact w AiviouVapes<\/h3>\n<p><strong>Przewodnik krok po kroku dotycz\u0105cy p\u0142acenia za pomoc\u0105 Bancontact:<\/strong><\/p>\n<ol>\n<li><strong>Dodaj produkty do koszyka:<\/strong>\n<ul>\n<li>Przegl\u0105daj nasz\u0105 ofert\u0119 jednorazowych waporyzator\u00f3w i wybierz produkty, kt\u00f3re chcesz kupi\u0107.<\/li>\n<\/ul>\n<\/li>\n<li><strong>Przejd\u017a do kasy:<\/strong>\n<ul>\n<li>Po wybraniu produkt\u00f3w przejd\u017a do strony realizacji zam\u00f3wienia.<\/li>\n<\/ul>\n<\/li>\n<li><strong>Wybierz Bancontact:<\/strong>\n<ul>\n<li>W opcjach p\u0142atno\u015bci wybierz Bancontact jako preferowan\u0105 metod\u0119.<\/li>\n<\/ul>\n<\/li>\n<li><strong>Wprowad\u017a szczeg\u00f3\u0142y p\u0142atno\u015bci:<\/strong>\n<ul>\n<li>Post\u0119puj zgodnie z instrukcjami, aby wprowadzi\u0107 dane swojej karty Bancontact lub skorzystaj z aplikacji Payconiq by Bancontact, aby dokona\u0107 p\u0142atno\u015bci mobilnej.<\/li>\n<\/ul>\n<\/li>\n<li><strong>Potwierd\u017a swoj\u0105 p\u0142atno\u015b\u0107:<\/strong>\n<ul>\n<li>Sfinalizuj p\u0142atno\u015b\u0107, aby zako\u0144czy\u0107 transakcj\u0119. Otrzymasz natychmiastowe potwierdzenie zam\u00f3wienia.<\/li>\n<\/ul>\n<\/li>\n<li><strong>Przetwarzanie zam\u00f3wie\u0144:<\/strong>\n<ul>\n<li>Twoje zam\u00f3wienie zostanie przetworzone i wys\u0142ane na wybrany adres. Ciesz si\u0119 swoimi jednorazowymi waporyzatorami AiviouVapes!<\/li>\n<\/ul>\n<\/li>\n<\/ol>\n<p>Zobacz waporyzatory tutaj:<\/p>\n<p><a href=\"https:\/\/aiviouvapes.com\/pl\/shop\/\">https:\/\/aiviouvapes.com\/shop\/<\/a><\/p>","protected":false},"excerpt":{"rendered":"<p>Bancontact is a popular electronic payment system in Belgium, providing a secure, efficient, and user-friendly method for completing transactions both online and offline. As a nationally recognized payment option, Bancontact enables seamless and reliable transactions for Belgian consumers and businesses alike. The system supports a wide range of payment scenarios, from contactless and mobile payments [&#8230;]\n","protected":false},"author":1,"featured_media":0,"parent":0,"menu_order":0,"comment_status":"closed","ping_status":"closed","template":"page-blank-title-center.php","meta":{"footnotes":""},"class_list":["post-9135","page","type-page","status-publish","hentry"],"jetpack_sharing_enabled":true,"_links":{"self":[{"href":"https:\/\/aiviouvapes.com\/pl\/wp-json\/wp\/v2\/pages\/9135","targetHints":{"allow":["GET"]}}],"collection":[{"href":"https:\/\/aiviouvapes.com\/pl\/wp-json\/wp\/v2\/pages"}],"about":[{"href":"https:\/\/aiviouvapes.com\/pl\/wp-json\/wp\/v2\/types\/page"}],"author":[{"embeddable":true,"href":"https:\/\/aiviouvapes.com\/pl\/wp-json\/wp\/v2\/users\/1"}],"replies":[{"embeddable":true,"href":"https:\/\/aiviouvapes.com\/pl\/wp-json\/wp\/v2\/comments?post=9135"}],"version-history":[{"count":0,"href":"https:\/\/aiviouvapes.com\/pl\/wp-json\/wp\/v2\/pages\/9135\/revisions"}],"wp:attachment":[{"href":"https:\/\/aiviouvapes.com\/pl\/wp-json\/wp\/v2\/media?parent=9135"}],"curies":[{"name":"wp","href":"https:\/\/api.w.org\/{rel}","templated":true}]}}