{"id":9132,"date":"2024-08-21T10:53:56","date_gmt":"2024-08-21T10:53:56","guid":{"rendered":"https:\/\/aiviouvapes.com\/?page_id=9132"},"modified":"2024-12-03T13:01:14","modified_gmt":"2024-12-03T05:01:14","slug":"buy-vapes-in-netherlands-with-ideal","status":"publish","type":"page","link":"https:\/\/aiviouvapes.com\/pl\/buy-vapes-in-netherlands-with-ideal\/","title":{"rendered":"Kup Vapes w Holandii z iDEAL"},"content":{"rendered":"<p><strong>iDEAL: Preferowana metoda p\u0142atno\u015bci w Holandii zapewniaj\u0105ca bezpieczne i szybkie transakcje<\/strong><\/p>\n<p>iDEAL to niezwykle popularna metoda p\u0142atno\u015bci online w Holandii, umo\u017cliwiaj\u0105ca klientom dokonywanie bezpiecznych p\u0142atno\u015bci w czasie rzeczywistym bezpo\u015brednio za po\u015brednictwem w\u0142asnego banku. Bezproblemowo zintegrowana ze \u015brodowiskiem bankowo\u015bci internetowej holenderskich bank\u00f3w, iDEAL oferuje usprawnione do\u015bwiadczenie, z \u0142atwo\u015bci\u0105 przekazuj\u0105c \u015brodki z konta klienta na konto sprzedawcy. Oto, co sprawia, \u017ce iDEAL jest tak skuteczny:<\/p>\n<ol>\n<li><strong>\u0141atwo\u015b\u0107 u\u017cytkowania<\/strong>:P\u0142atno\u015bci dokonywane s\u0105 za po\u015brednictwem aplikacji bankowo\u015bci mobilnej lub witryny bankowo\u015bci internetowej banku klienta, dzi\u0119ki czemu ca\u0142y proces jest znajomy i prosty.<\/li>\n<li><strong>Potwierdzenie w czasie rzeczywistym<\/strong>:Konsumenci otrzymuj\u0105 natychmiastowe potwierdzenie p\u0142atno\u015bci, co zwi\u0119ksza zaufanie i przyspiesza czas transakcji.<\/li>\n<li><strong>Nieodwo\u0142alne p\u0142atno\u015bci<\/strong>:Po zatwierdzeniu transakcji iDEAL nie mo\u017cna jej cofn\u0105\u0107, co zapewnia bezpieczne przesy\u0142anie i natychmiastowe przetwarzanie \u015brodk\u00f3w.<\/li>\n<li><strong>Wszechstronno\u015b\u0107<\/strong>:iDEAL obs\u0142uguje r\u00f3\u017cne scenariusze p\u0142atno\u015bci, w tym bezpo\u015brednie p\u0142atno\u015bci online, p\u0142atno\u015bci za po\u015brednictwem link\u00f3w w wiadomo\u015bciach e-mail lub SMS, a nawet transakcje za po\u015brednictwem kod\u00f3w QR iDEAL w \u015brodowiskach fizycznych i cyfrowych.<\/li>\n<\/ol>\n<p>Dzi\u0119ki bezpiecznej infrastrukturze i wygodzie iDEAL sta\u0142 si\u0119 najbardziej zaufan\u0105 metod\u0105 p\u0142atno\u015bci dla holenderskich konsument\u00f3w, wspieran\u0105 przez wiod\u0105ce w kraju banki konsumenckie.<\/p>\n<hr \/>\n<h2>Zalety korzystania z iDEAL do zakupu jednorazowych waporyzator\u00f3w w AiviouVapes<\/h2>\n<p>Zakup jednorazowych waporyzator\u00f3w w Holandii za po\u015brednictwem iDEAL wi\u0105\u017ce si\u0119 z szeregiem korzy\u015bci, zwi\u0119kszaj\u0105cych bezpiecze\u0144stwo i wygod\u0119 naszych klient\u00f3w:<\/p>\n<ol>\n<li><strong>Zwi\u0119kszone bezpiecze\u0144stwo<\/strong>:iDEAL stosuje najwy\u017csze standardy bezpiecze\u0144stwa bankowo\u015bci internetowej i mobilnej, co gwarantuje ochron\u0119 transakcji przed oszustwami i nieautoryzowanym dost\u0119pem.<\/li>\n<li><strong>Wygoda<\/strong>: iDEAL umo\u017cliwia bezpo\u015brednie przelewy bankowe, eliminuj\u0105c potrzeb\u0119 kart kredytowych lub us\u0142ug p\u0142atniczych stron trzecich. Wszystko, czego potrzebujesz, to dost\u0119p do bankowo\u015bci internetowej.<\/li>\n<li><strong>Natychmiastowe przetwarzanie<\/strong>:P\u0142atno\u015bci s\u0105 przetwarzane natychmiastowo, wi\u0119c nie ma czasu oczekiwania na zaksi\u0119gowanie \u015brodk\u00f3w. Oznacza to, \u017ce Twoje produkty vape s\u0105 szybko przygotowywane do wysy\u0142ki.<\/li>\n<li><strong>Powszechna akceptacja<\/strong>:iDEAL jest akceptowany przez wi\u0119kszo\u015b\u0107 holenderskich platform e-commerce, w tym AiviouVapes, co czyni go powszechnie uznawan\u0105 metod\u0105 p\u0142atno\u015bci w Holandii.<\/li>\n<\/ol>\n<hr \/>\n<h3>Przewodnik krok po kroku po zakupie jednorazowych waporyzator\u00f3w w iDEAL<\/h3>\n<p><strong>Jak dokona\u0107 zakupu w iDEAL:<\/strong><\/p>\n<ol>\n<li><strong>Wybierz swoje produkty<\/strong>:Przegl\u0105daj nasz\u0105 szerok\u0105 ofert\u0119 jednorazowych waporyzator\u00f3w i wybierz produkty, kt\u00f3re chcesz kupi\u0107.<\/li>\n<li><strong>Przejd\u017a do kasy<\/strong>:Po dokonaniu wyboru przejd\u017a do strony realizacji zam\u00f3wienia.<\/li>\n<li><strong>Wybierz iDEAL jako metod\u0119 p\u0142atno\u015bci<\/strong>: Na stronie opcji p\u0142atno\u015bci wybierz iDEAL.<\/li>\n<li><strong>Wybierz sw\u00f3j bank<\/strong>:Zostaniesz przekierowany do portalu p\u0142atno\u015bci iDEAL, gdzie b\u0119dziesz m\u00f3g\u0142 wybra\u0107 sw\u00f3j bank z listy uczestnicz\u0105cych bank\u00f3w holenderskich.<\/li>\n<li><strong>Doko\u0144czenie p\u0142atno\u015bci<\/strong>: Zostaniesz przekierowany do \u015brodowiska bankowo\u015bci internetowej swojego banku. Zaloguj si\u0119, potwierd\u017a p\u0142atno\u015b\u0107, a kwota zostanie pobrana bezpo\u015brednio z Twojego konta z natychmiastowym potwierdzeniem.<\/li>\n<li><strong>Potwierdzenie zam\u00f3wienia<\/strong>:Po zaksi\u0119gowaniu p\u0142atno\u015bci otrzymasz potwierdzenie zam\u00f3wienia od AiviouVapes, a Twoje jednorazowe waporyzatory zostan\u0105 przygotowane do wysy\u0142ki.<\/li>\n<\/ol>\n<p>Wybieraj\u0105c iDEAL, decydujesz si\u0119 na bezpieczne, niezawodne i efektywne transakcje.<\/p>\n<hr \/>\n<h3>Dlaczego warto kupowa\u0107 waporyzatory od AiviouVapes?<\/h3>\n<p>W AiviouVapes jeste\u015bmy oddani oferowaniu wysokiej jako\u015bci produkt\u00f3w i p\u0142ynnego do\u015bwiadczenia zakupowego. Oto dlaczego jeste\u015bmy najlepszym wyborem do zakup\u00f3w vape w Holandii:<\/p>\n<ul>\n<li><strong>Szeroki wyb\u00f3r<\/strong>Oferujemy szerok\u0105 gam\u0119 najwy\u017cszej jako\u015bci jednorazowych waporyzator\u00f3w, kt\u00f3re zaspokoj\u0105 ka\u017cdy gust.<\/li>\n<li><strong>Bezpieczne przetwarzanie p\u0142atno\u015bci<\/strong>:Nasza integracja z iDEAL gwarantuje, \u017ce Twoje informacje dotycz\u0105ce p\u0142atno\u015bci s\u0105 bezpieczne i chronione.<\/li>\n<li><strong>Wyj\u0105tkowa obs\u0142uga klienta<\/strong>:Nasz przyjazny zesp\u00f3\u0142 wsparcia jest do Twojej dyspozycji i ch\u0119tnie odpowie na wszelkie pytania lub w\u0105tpliwo\u015bci zwi\u0105zane z zakupami.<\/li>\n<li><strong>Przejrzyste informacje<\/strong>:Podajemy przejrzyste informacje na temat metod p\u0142atno\u015bci, wysy\u0142ki i podatk\u00f3w, dzi\u0119ki czemu masz wszystko, czego potrzebujesz, aby dokona\u0107 \u015bwiadomego zakupu.<\/li>\n<\/ul>\n<p>Zapoznaj si\u0119 z nasz\u0105 kolekcj\u0105 i ciesz si\u0119 wygod\u0105 zakupu ulubionych jednorazowych waporyzator\u00f3w za pomoc\u0105 iDEAL, zaufanej metody p\u0142atno\u015bci w ca\u0142ej Holandii.<\/p>\n<p>Zobacz waporyzatory tutaj:<\/p>\n<p><a href=\"https:\/\/aiviouvapes.com\/pl\/shop\/\">https:\/\/aiviouvapes.com\/shop\/<\/a><\/p>","protected":false},"excerpt":{"rendered":"<p>iDEAL: The Preferred Payment Method in the Netherlands for Secure and Quick Transactions iDEAL is a highly popular online payment method in the Netherlands, allowing consumers to make secure, real-time payments directly through their own bank. Seamlessly integrated with the online banking environment of Dutch banks, iDEAL offers a streamlined experience, transferring funds from the [&#8230;]\n","protected":false},"author":1,"featured_media":0,"parent":0,"menu_order":0,"comment_status":"closed","ping_status":"closed","template":"page-blank-title-center.php","meta":{"footnotes":""},"class_list":["post-9132","page","type-page","status-publish","hentry"],"jetpack_sharing_enabled":true,"_links":{"self":[{"href":"https:\/\/aiviouvapes.com\/pl\/wp-json\/wp\/v2\/pages\/9132","targetHints":{"allow":["GET"]}}],"collection":[{"href":"https:\/\/aiviouvapes.com\/pl\/wp-json\/wp\/v2\/pages"}],"about":[{"href":"https:\/\/aiviouvapes.com\/pl\/wp-json\/wp\/v2\/types\/page"}],"author":[{"embeddable":true,"href":"https:\/\/aiviouvapes.com\/pl\/wp-json\/wp\/v2\/users\/1"}],"replies":[{"embeddable":true,"href":"https:\/\/aiviouvapes.com\/pl\/wp-json\/wp\/v2\/comments?post=9132"}],"version-history":[{"count":0,"href":"https:\/\/aiviouvapes.com\/pl\/wp-json\/wp\/v2\/pages\/9132\/revisions"}],"wp:attachment":[{"href":"https:\/\/aiviouvapes.com\/pl\/wp-json\/wp\/v2\/media?parent=9132"}],"curies":[{"name":"wp","href":"https:\/\/api.w.org\/{rel}","templated":true}]}}