{"id":9129,"date":"2024-08-21T10:53:20","date_gmt":"2024-08-21T10:53:20","guid":{"rendered":"https:\/\/aiviouvapes.com\/?page_id=9129"},"modified":"2024-12-18T18:35:29","modified_gmt":"2024-12-18T10:35:29","slug":"buy-vapes-with-credit-card","status":"publish","type":"page","link":"https:\/\/aiviouvapes.com\/pl\/buy-vapes-with-credit-card\/","title":{"rendered":"Kup Vapes za pomoc\u0105 karty kredytowej"},"content":{"rendered":"<p>Witamy w Aiviou Vape, Twoim zaufanym miejscu docelowym dla najwy\u017cszej jako\u015bci produkt\u00f3w do wapowania. Z przyjemno\u015bci\u0105 og\u0142aszamy, \u017ce teraz akceptujemy p\u0142atno\u015bci kart\u0105 kredytow\u0105, dzi\u0119ki czemu zakupy wszystkich niezb\u0119dnych produkt\u00f3w do wapowania s\u0105 \u0142atwiejsze ni\u017c kiedykolwiek!<\/p>\n<p><strong>Bezpieczne transakcje:<\/strong> R\u00f3b zakupy ze spokojem \u2014 nasza strona korzysta z zaawansowanej technologii p\u0142atno\u015bci 3D Secure, aby chroni\u0107 Twoje dane. Jeste\u015bmy zobowi\u0105zani do ochrony Twojej prywatno\u015bci, zapewniaj\u0105c, \u017ce ka\u017cda transakcja jest w pe\u0142ni bezpieczna.<\/p>\n<p><strong>Opcje p\u0142atno\u015bci:<\/strong> Akceptujemy szerok\u0105 gam\u0119 popularnych kart kredytowych, w tym Visa, MasterCard i Maestro, co sprawia, \u017ce nasi klienci mog\u0105 szybko i \u0142atwo dokonywa\u0107 p\u0142atno\u015bci.<\/p>\n<p><strong>Wa\u017cne informacje:<\/strong> Nale\u017cy pami\u0119ta\u0107, \u017ce ze wzgl\u0119du na przepisy UE dotycz\u0105ce podatku VAT p\u0142atno\u015bci kart\u0105 kredytow\u0105 b\u0119d\u0105 obejmowa\u0107 dodatkow\u0105 op\u0142at\u0119 VAT 20%. Ponadto, aby zachowa\u0107 zgodno\u015b\u0107 z tymi przepisami, ca\u0142kowita warto\u015b\u0107 pojedynczego zam\u00f3wienia op\u0142aconego kart\u0105 kredytow\u0105 nie mo\u017ce przekroczy\u0107 $600 USD lub 600 EUR.<\/p>\n<p><strong>Alternatywne metody p\u0142atno\u015bci:<\/strong> Je\u015bli chcesz unikn\u0105\u0107 op\u0142aty VAT lub ogranicze\u0144 zam\u00f3wie\u0144 w przypadku p\u0142atno\u015bci kart\u0105 kredytow\u0105, zalecamy rozwa\u017cenie przelew\u00f3w SEPA, przelew\u00f3w IBAN lub p\u0142atno\u015bci kryptowalutowych. Te opcje oferuj\u0105 wi\u0119ksz\u0105 elastyczno\u015b\u0107, szczeg\u00f3lnie w przypadku wi\u0119kszych transakcji.<\/p>\n<p>W AiviouVape jeste\u015bmy oddani zapewnianiu p\u0142ynnych i bezpiecznych zakup\u00f3w wszystkim naszym klientom. Przegl\u0105daj nasz\u0105 szerok\u0105 ofert\u0119 produkt\u00f3w do waporyzacji i r\u00f3b zakupy z ufno\u015bci\u0105!<\/p>\n<p>Je\u015bli masz jakie\u015b pytania lub potrzebujesz wsparcia, nasz zesp\u00f3\u0142 obs\u0142ugi klienta jest tutaj, aby pom\u00f3c. Nie wahaj si\u0119 skontaktowa\u0107!<\/p>\n<p><img data-recalc-dims=\"1\" loading=\"lazy\" decoding=\"async\" title=\"Kup Vapes za pomoc\u0105 karty kredytowej\" class=\"alignnone wp-image-9208 size-full\" src=\"https:\/\/i0.wp.com\/aiviouvapes.com\/wp-content\/uploads\/2024\/08\/card.jpeg?resize=272%2C185&#038;ssl=1\" alt=\"Kup Vapes za pomoc\u0105 karty kredytowej\" width=\"272\" height=\"185\" srcset=\"https:\/\/i0.wp.com\/aiviouvapes.com\/wp-content\/uploads\/2024\/08\/card.jpeg?w=272&amp;ssl=1 272w, https:\/\/i0.wp.com\/aiviouvapes.com\/wp-content\/uploads\/2024\/08\/card.jpeg?resize=18%2C12&amp;ssl=1 18w\" sizes=\"auto, (max-width: 272px) 100vw, 272px\" \/><\/p>\n<div class=\"row align-middle\"  id=\"row-623057772\">\n\n\t<div id=\"col-71258797\" class=\"col small-12 large-12\"  >\n\t\t\t\t<div class=\"col-inner text-center\"  >\n\t\t\t\n\t\t\t\n<a href=\"https:\/\/aiviouvapes.com\/pl\/shop\/\" class=\"button primary is-shade is-larger box-shadow-4 box-shadow-5-hover\" style=\"border-radius:10px;\">\n\t\t<span>Kup teraz<\/span>\n\t<\/a>\n\n\t\t<\/div>\n\t\t\t\t\n<style>\n#col-71258797 > .col-inner {\n  padding: 20px 0px 0px 0px;\n}\n<\/style>\n\t<\/div>\n\n\t\n<\/div>","protected":false},"excerpt":{"rendered":"<p>Welcome to Aiviou Vape, your trusted destination for top-quality vaping products. We\u2019re pleased to announce that we now accept credit card payments, making it easier than ever to shop for all your vaping essentials! Secure Transactions: Shop with peace of mind\u2014our site uses advanced 3D Secure payment technology to protect your information. We are committed [&#8230;]\n","protected":false},"author":1,"featured_media":0,"parent":0,"menu_order":0,"comment_status":"closed","ping_status":"closed","template":"page-blank-title-center.php","meta":{"footnotes":""},"class_list":["post-9129","page","type-page","status-publish","hentry"],"jetpack_sharing_enabled":true,"_links":{"self":[{"href":"https:\/\/aiviouvapes.com\/pl\/wp-json\/wp\/v2\/pages\/9129","targetHints":{"allow":["GET"]}}],"collection":[{"href":"https:\/\/aiviouvapes.com\/pl\/wp-json\/wp\/v2\/pages"}],"about":[{"href":"https:\/\/aiviouvapes.com\/pl\/wp-json\/wp\/v2\/types\/page"}],"author":[{"embeddable":true,"href":"https:\/\/aiviouvapes.com\/pl\/wp-json\/wp\/v2\/users\/1"}],"replies":[{"embeddable":true,"href":"https:\/\/aiviouvapes.com\/pl\/wp-json\/wp\/v2\/comments?post=9129"}],"version-history":[{"count":0,"href":"https:\/\/aiviouvapes.com\/pl\/wp-json\/wp\/v2\/pages\/9129\/revisions"}],"wp:attachment":[{"href":"https:\/\/aiviouvapes.com\/pl\/wp-json\/wp\/v2\/media?parent=9129"}],"curies":[{"name":"wp","href":"https:\/\/api.w.org\/{rel}","templated":true}]}}