{"id":9127,"date":"2024-08-21T10:52:51","date_gmt":"2024-08-21T10:52:51","guid":{"rendered":"https:\/\/aiviouvapes.com\/?page_id=9127"},"modified":"2024-12-18T18:35:26","modified_gmt":"2024-12-18T10:35:26","slug":"buy-vapes-with-sepa-qr-code","status":"publish","type":"page","link":"https:\/\/aiviouvapes.com\/pl\/buy-vapes-with-sepa-qr-code\/","title":{"rendered":"Kup Vapes z kodem QR SEPA"},"content":{"rendered":"<h2>Jak u\u017cywa\u0107 kodu QR SEPA do p\u0142acenia za zakupy Vape za pomoc\u0105 aplikacji bankowej<\/h2>\n<p>P\u0142acenie za pomoc\u0105 kodu SEPA QR to szybki i wygodny spos\u00f3b na przesy\u0142anie \u015brodk\u00f3w w ramach Jednolitego Obszaru P\u0142atno\u015bci w Euro (SEPA). Oto przewodnik krok po kroku, kt\u00f3ry pomo\u017ce Ci u\u017cywa\u0107 aplikacji bankowej do skanowania i dokonywania p\u0142atno\u015bci za pomoc\u0105 kodu SEPA QR.<\/p>\n<h3>Przewodnik krok po kroku<\/h3>\n<ol>\n<li><strong>Otw\u00f3rz aplikacj\u0119 bankow\u0105<\/strong>\n<ul>\n<li>Otw\u00f3rz aplikacj\u0119 bankowo\u015bci mobilnej na swoim smartfonie i upewnij si\u0119, \u017ce jeste\u015b zalogowany do swojego konta.<\/li>\n<\/ul>\n<\/li>\n<li><strong>Przejd\u017a do sekcji Przelewy lub P\u0142atno\u015bci<\/strong>\n<ul>\n<li>Znajd\u017a sekcj\u0119 przeznaczon\u0105 do dokonywania p\u0142atno\u015bci lub przelew\u00f3w \u2014 mo\u017ce ona nosi\u0107 nazw\u0119 \u201ePrzelew\u201d, \u201eP\u0142atno\u015bci\u201d lub podobn\u0105.<\/li>\n<\/ul>\n<\/li>\n<li><strong>Znajd\u017a skaner kod\u00f3w QR<\/strong>\n<ul>\n<li>W sekcji p\u0142atno\u015bci znajdziesz opcj\u0119 skanera kod\u00f3w QR, cz\u0119sto wy\u015bwietlan\u0105 jako ikona aparatu lub kodu QR.<\/li>\n<li>Niekt\u00f3re aplikacje bankowe maj\u0105 r\u00f3wnie\u017c przycisk \u201eSkanuj\u201d, kt\u00f3ry jest \u0142atwo dost\u0119pny na ekranie g\u0142\u00f3wnym lub w sekcji p\u0142atno\u015bci, umo\u017cliwiaj\u0105c szybki dost\u0119p.<\/li>\n<\/ul>\n<\/li>\n<li><strong>Zeskanuj kod QR SEPA<\/strong>\n<ul>\n<li>Skieruj aparat telefonu na kod QR SEPA znajduj\u0105cy si\u0119 na fakturze lub stronie p\u0142atno\u015bci.<\/li>\n<li>Wyr\u00f3wnaj kod QR w ramce, aby dok\u0142adnie uchwyci\u0107 szczeg\u00f3\u0142y.<\/li>\n<\/ul>\n<\/li>\n<li><strong>Sprawd\u017a szczeg\u00f3\u0142y p\u0142atno\u015bci<\/strong>\n<ul>\n<li>Po zeskanowaniu kodu QR aplikacja automatycznie wype\u0142ni formularz p\u0142atno\u015bci danymi z niego pochodz\u0105cymi.<\/li>\n<li>Obejmuje to podstawowe informacje, takie jak numer IBAN i imi\u0119 i nazwisko odbiorcy, co zmniejsza ryzyko wyst\u0105pienia b\u0142\u0119d\u00f3w.<\/li>\n<\/ul>\n<\/li>\n<li><strong>Potwierdzenie p\u0142atno\u015bci<\/strong>\n<ul>\n<li>Sprawd\u017a poprawno\u015b\u0107 szczeg\u00f3\u0142\u00f3w.<\/li>\n<li>Wybierz konto lub kart\u0119, kt\u00f3rej chcesz u\u017cy\u0107 do tej transakcji.<\/li>\n<li>Potwierd\u017a p\u0142atno\u015b\u0107, wykonuj\u0105c kroki uwierzytelniania w aplikacji, np. wprowadzaj\u0105c kod PIN, odcisk palca lub rozpoznaj\u0105c twarz.<\/li>\n<\/ul>\n<\/li>\n<\/ol>\n<p><img data-recalc-dims=\"1\" loading=\"lazy\" decoding=\"async\" title=\"Kup Vapes z kodem QR SEPA\" class=\"alignnone wp-image-9198 size-full\" src=\"https:\/\/i0.wp.com\/aiviouvapes.com\/wp-content\/uploads\/2024\/08\/qr-code-payment-online-shopping-260nw-704697319-e1724305335194.webp?resize=390%2C260&#038;ssl=1\" alt=\"Kup Vapes z kodem QR SEPA\" width=\"390\" height=\"260\" srcset=\"https:\/\/i0.wp.com\/aiviouvapes.com\/wp-content\/uploads\/2024\/08\/qr-code-payment-online-shopping-260nw-704697319-e1724305335194.webp?w=390&amp;ssl=1 390w, https:\/\/i0.wp.com\/aiviouvapes.com\/wp-content\/uploads\/2024\/08\/qr-code-payment-online-shopping-260nw-704697319-e1724305335194.webp?resize=300%2C200&amp;ssl=1 300w, https:\/\/i0.wp.com\/aiviouvapes.com\/wp-content\/uploads\/2024\/08\/qr-code-payment-online-shopping-260nw-704697319-e1724305335194.webp?resize=18%2C12&amp;ssl=1 18w\" sizes=\"auto, (max-width: 390px) 100vw, 390px\" \/><\/p>\n<h3>Dodatkowe wskaz\u00f3wki<\/h3>\n<ul>\n<li><strong>Korzystanie z obraz\u00f3w kod\u00f3w QR<\/strong>\n<ul>\n<li>Je\u015bli otrzymasz kod QR jako obraz (np. przez e-mail), niekt\u00f3re aplikacje bankowe pozwalaj\u0105 przes\u0142a\u0107 obraz zamiast skanowa\u0107 go bezpo\u015brednio. Sprawd\u017a, czy w funkcji skanowania kod\u00f3w QR jest opcja \u201ePrze\u015blij\u201d.<\/li>\n<\/ul>\n<\/li>\n<li><strong>\u015arodki bezpiecze\u0144stwa<\/strong>\n<ul>\n<li>Upewnij si\u0119, \u017ce Twoja aplikacja bankowa jest aktualna i korzystaj z bezpiecznego po\u0142\u0105czenia internetowego, aby unikn\u0105\u0107 potencjalnych oszustw.<\/li>\n<\/ul>\n<\/li>\n<\/ul>\n<h3>Zalety korzystania z kod\u00f3w QR SEPA<\/h3>\n<ul>\n<li><strong>Pr\u0119dko\u015b\u0107:<\/strong> Kody QR upraszczaj\u0105 proces p\u0142atno\u015bci, minimalizuj\u0105c liczb\u0119 b\u0142\u0119d\u00f3w przy wprowadzaniu danych.<\/li>\n<li><strong>\u0141atwo\u015b\u0107 u\u017cytkowania:<\/strong> Szybko realizuj p\u0142atno\u015bci za towary, us\u0142ugi, rachunki lub inne przelewy jednym skanem.<\/li>\n<li><strong>Wielofunkcyjno\u015b\u0107:<\/strong> Kody QR SEPA obs\u0142uguj\u0105 szeroki zakres transakcji \u2014 od op\u0142acania rachunk\u00f3w za media po op\u0142aty administracyjne.<\/li>\n<\/ul>\n<h3>Podsumowanie<\/h3>\n<p>Post\u0119puj\u0105c zgodnie z tymi krokami, korzystanie z kod\u00f3w SEPA QR w aplikacji bankowej staje si\u0119 proste i wydajne. Ta metoda p\u0142atno\u015bci nie tylko oszcz\u0119dza Tw\u00f3j czas, ale tak\u017ce poprawia bezpiecze\u0144stwo i dok\u0142adno\u015b\u0107 transakcji. Ciesz si\u0119 bezproblemowym do\u015bwiadczeniem dokonywania bezpiecznych p\u0142atno\u015bci w ramach SEPA.<\/p>\n<p>List\u0119 bank\u00f3w europejskich obs\u0142uguj\u0105cych p\u0142atno\u015bci za pomoc\u0105 kod\u00f3w QR SEPA mo\u017cna znale\u017a\u0107 na stronie internetowej Europejskiej Rady ds. P\u0142atno\u015bci.<\/p>\n<p><strong>Firma AiviouVapes wprowadzi\u0142a teraz mo\u017cliwo\u015b\u0107 p\u0142atno\u015bci kodem QR SEPA, co zapewnia klientom kupuj\u0105cym jednorazowe waporyzatory nowy poziom wygody.<\/strong><\/p>\n<div class=\"row align-middle\"  id=\"row-196836730\">\n\n\t<div id=\"col-382286256\" class=\"col small-12 large-12\"  >\n\t\t\t\t<div class=\"col-inner text-center\"  >\n\t\t\t\n\t\t\t\n<a href=\"https:\/\/aiviouvapes.com\/pl\/shop\/\" class=\"button primary is-shade is-larger box-shadow-4 box-shadow-5-hover\" style=\"border-radius:10px;\">\n\t\t<span>Kup teraz<\/span>\n\t<\/a>\n\n\t\t<\/div>\n\t\t\t\t\n<style>\n#col-382286256 > .col-inner {\n  padding: 20px 0px 0px 0px;\n}\n<\/style>\n\t<\/div>\n\n\t\n<\/div>","protected":false},"excerpt":{"rendered":"<p>How to Use a SEPA QR Code to Pay with Your Banking App for Vape Purchases Paying with a SEPA QR code is a fast and convenient way to transfer funds within the Single Euro Payments Area (SEPA). Here\u2019s a step-by-step guide to help you use your bank app to scan and make payments via [&#8230;]\n","protected":false},"author":1,"featured_media":0,"parent":0,"menu_order":0,"comment_status":"closed","ping_status":"closed","template":"page-blank-title-center.php","meta":{"footnotes":""},"class_list":["post-9127","page","type-page","status-publish","hentry"],"jetpack_sharing_enabled":true,"_links":{"self":[{"href":"https:\/\/aiviouvapes.com\/pl\/wp-json\/wp\/v2\/pages\/9127","targetHints":{"allow":["GET"]}}],"collection":[{"href":"https:\/\/aiviouvapes.com\/pl\/wp-json\/wp\/v2\/pages"}],"about":[{"href":"https:\/\/aiviouvapes.com\/pl\/wp-json\/wp\/v2\/types\/page"}],"author":[{"embeddable":true,"href":"https:\/\/aiviouvapes.com\/pl\/wp-json\/wp\/v2\/users\/1"}],"replies":[{"embeddable":true,"href":"https:\/\/aiviouvapes.com\/pl\/wp-json\/wp\/v2\/comments?post=9127"}],"version-history":[{"count":0,"href":"https:\/\/aiviouvapes.com\/pl\/wp-json\/wp\/v2\/pages\/9127\/revisions"}],"wp:attachment":[{"href":"https:\/\/aiviouvapes.com\/pl\/wp-json\/wp\/v2\/media?parent=9127"}],"curies":[{"name":"wp","href":"https:\/\/api.w.org\/{rel}","templated":true}]}}