{"id":9124,"date":"2024-08-21T10:52:08","date_gmt":"2024-08-21T10:52:08","guid":{"rendered":"https:\/\/aiviouvapes.com\/?page_id=9124"},"modified":"2024-11-30T12:03:45","modified_gmt":"2024-11-30T04:03:45","slug":"buy-vapes-in-europe-with-paypal","status":"publish","type":"page","link":"https:\/\/aiviouvapes.com\/pl\/buy-vapes-in-europe-with-paypal\/","title":{"rendered":"Kup Vapes w Europie za pomoc\u0105 Paypal"},"content":{"rendered":"<p>Poruszanie si\u0119 po skrzy\u017cowaniu waporyzacji i PayPala stanowi\u0142o wyj\u0105tkowe wyzwanie zar\u00f3wno dla firm, jak i konsument\u00f3w. Ze wzgl\u0119du na zasady PayPala dotycz\u0105ce e-papieros\u00f3w i powi\u0105zanych produkt\u00f3w, wiele transakcji w tej bran\u017cy podlega tym samym ograniczeniom, co tyto\u0144, co skutkuje ograniczeniami kont i zablokowanymi p\u0142atno\u015bciami.<\/p>\n<p>W AiviouVapes uda\u0142o nam si\u0119 znale\u017a\u0107 spos\u00f3b na dzia\u0142anie w ramach tych ogranicze\u0144. W przeciwie\u0144stwie do wielu w bran\u017cy, <strong>uzyskali\u015bmy wst\u0119pn\u0105 zgod\u0119 od PayPal na przetwarzanie sprzeda\u017cy e-papieros\u00f3w w Europie<\/strong>, co pozwala nam zapewni\u0107 naszym klientom p\u0142ynne i nieprzerwane zakupy.<\/p>\n<p>Wst\u0119pna akceptacja PayPal obejmuje szereg produkt\u00f3w, w tym e-papierosy i niekt\u00f3re alternatywy bez tytoniu. Ta autoryzacja umo\u017cliwia nam udost\u0119pnienie PayPal jako wygodnej i bezpiecznej metody p\u0142atno\u015bci, zapewniaj\u0105c naszym klientom znajomo\u015b\u0107 i \u0142atwo\u015b\u0107, kt\u00f3r\u0105 mog\u0105 preferowa\u0107.<\/p>\n<p>Podczas gdy og\u00f3lne ograniczenia PayPal dotycz\u0105ce transakcji e-papierosami pozostaj\u0105 przedmiotem debaty, nasi klienci mog\u0105 \u015bmia\u0142o korzysta\u0107 z PayPal na naszej stronie bez zak\u0142\u00f3ce\u0144. Jest to szczeg\u00f3lnie korzystne dla tych, kt\u00f3rzy ceni\u0105 bezpiecze\u0144stwo i prostot\u0119, jak\u0105 PayPal oferuje w por\u00f3wnaniu z innymi opcjami p\u0142atno\u015bci.<\/p>\n<p>Chcieliby\u015bmy jednak zwr\u00f3ci\u0107 uwag\u0119 na pewn\u0105 now\u0105 kwesti\u0119. <strong>Ze wzgl\u0119du na przepisy podatkowe<\/strong>Zakupy e-papieros\u00f3w z AiviouVapes za po\u015brednictwem PayPal s\u0105 <strong>ograniczona do 200 euro<\/strong> na zam\u00f3wienie i podlegaj\u0105 <strong>20% Podatek VAT od konsumpcji<\/strong>Wymagania podatkowe mog\u0105 mie\u0107 wp\u0142yw na wyb\u00f3r metody p\u0142atno\u015bci. <strong>Aby unikn\u0105\u0107 tego ograniczenia i obci\u0105\u017cenia podatkowego, zalecamy rozwa\u017cenie przelew\u00f3w SEPA, przelew\u00f3w bankowych IBAN lub p\u0142atno\u015bci kryptowalutowych<\/strong>, kt\u00f3re oferuj\u0105 wi\u0119ksz\u0105 elastyczno\u015b\u0107 w przypadku zakup\u00f3w o wi\u0119kszej warto\u015bci.<\/p>\n<p>Ten limit wydatk\u00f3w i uwzgl\u0119dnienie podatku s\u0105 wa\u017cnymi czynnikami przy wyborze preferowanej metody p\u0142atno\u015bci. W AiviouVapes jeste\u015bmy zobowi\u0105zani do przejrzysto\u015bci i zapewniania elastycznych opcji p\u0142atno\u015bci, dzi\u0119ki czemu mo\u017cesz cieszy\u0107 si\u0119 \u015bwiadomym i wygodnym do\u015bwiadczeniem zakupowym.<\/p>\n<p>Odkryj z zaufaniem szerok\u0105 ofert\u0119 smak\u00f3w e-liquid\u00f3w AiviouVapes, wiedz\u0105c, \u017ce mo\u017cesz wybra\u0107 spo\u015br\u00f3d wielu opcji p\u0142atno\u015bci, aby dopasowa\u0107 je do swoich preferencji i potrzeb.<\/p>\n<p>W\u0142\u0105czaj\u0105c te punkty, chcemy w pe\u0142ni zrozumie\u0107 ograniczenia systemu PayPal oraz czynniki zwi\u0105zane z podatkami przy zakupie e-papieros\u00f3w w AiviouVapes, pomagaj\u0105c Ci dokona\u0107 najlepszego wyboru p\u0142atno\u015bci w Twojej sytuacji.<\/p>\n<div class=\"row align-middle\"  id=\"row-1695968899\">\n\n\t<div id=\"col-1091856570\" class=\"col small-12 large-12\"  >\n\t\t\t\t<div class=\"col-inner text-center\"  >\n\t\t\t\n\t\t\t\n<a href=\"https:\/\/aiviouvapes.com\/pl\/shop\/\" class=\"button primary is-shade is-larger box-shadow-4 box-shadow-5-hover\" style=\"border-radius:10px;\">\n\t\t<span>Kup teraz<\/span>\n\t<\/a>\n\n\t\t<\/div>\n\t\t\t\t\n<style>\n#col-1091856570 > .col-inner {\n  padding: 20px 0px 0px 0px;\n}\n<\/style>\n\t<\/div>\n\n\t\n<\/div>","protected":false},"excerpt":{"rendered":"<p>Navigating the intersection between vaping and PayPal has presented unique challenges for businesses and consumers alike. Due to PayPal&#8217;s policies on e-cigarettes and related products, many transactions in this industry face the same restrictions as tobacco, resulting in account limitations and blocked payments. At AiviouVapes, we\u2019ve successfully found a way to operate within these constraints. [&#8230;]\n","protected":false},"author":1,"featured_media":0,"parent":0,"menu_order":0,"comment_status":"closed","ping_status":"closed","template":"page-blank-title-center.php","meta":{"footnotes":""},"class_list":["post-9124","page","type-page","status-publish","hentry"],"jetpack_sharing_enabled":true,"_links":{"self":[{"href":"https:\/\/aiviouvapes.com\/pl\/wp-json\/wp\/v2\/pages\/9124","targetHints":{"allow":["GET"]}}],"collection":[{"href":"https:\/\/aiviouvapes.com\/pl\/wp-json\/wp\/v2\/pages"}],"about":[{"href":"https:\/\/aiviouvapes.com\/pl\/wp-json\/wp\/v2\/types\/page"}],"author":[{"embeddable":true,"href":"https:\/\/aiviouvapes.com\/pl\/wp-json\/wp\/v2\/users\/1"}],"replies":[{"embeddable":true,"href":"https:\/\/aiviouvapes.com\/pl\/wp-json\/wp\/v2\/comments?post=9124"}],"version-history":[{"count":0,"href":"https:\/\/aiviouvapes.com\/pl\/wp-json\/wp\/v2\/pages\/9124\/revisions"}],"wp:attachment":[{"href":"https:\/\/aiviouvapes.com\/pl\/wp-json\/wp\/v2\/media?parent=9124"}],"curies":[{"name":"wp","href":"https:\/\/api.w.org\/{rel}","templated":true}]}}