{"id":9121,"date":"2024-08-21T10:51:22","date_gmt":"2024-08-21T10:51:22","guid":{"rendered":"https:\/\/aiviouvapes.com\/?page_id=9121"},"modified":"2024-12-02T07:55:27","modified_gmt":"2024-12-01T23:55:27","slug":"age-policy","status":"publish","type":"page","link":"https:\/\/aiviouvapes.com\/pl\/age-policy\/","title":{"rendered":"Polityka dotycz\u0105ca wieku"},"content":{"rendered":"<p>Weryfikacja wieku na stronie <a href=\"https:\/\/AiviouVapes.com\/\" rel=\"noopener\">AiviouVapes<\/a><\/p>\n<p>**Wymagania prawne dotycz\u0105ce wieku palenia:** Wszyscy klienci musz\u0105 mie\u0107 uko\u0144czone 21 lat, aby kupowa\u0107 produkty na naszej stronie, zgodnie z obowi\u0105zuj\u0105cym w USA prawem dotycz\u0105cym wieku palenia papieros\u00f3w elektronicznych i pokrewnych produkt\u00f3w. Odwied\u017a <a href=\"https:\/\/AiviouVapes.com\/\" rel=\"noopener\">AiviouVapes<\/a> dla zgodnych z przepisami i odpowiedzialnych zakup\u00f3w.<\/p>\n<p>**Znaczenie dok\u0142adnego przedstawienia wieku:** Fa\u0142szowanie informacji o wieku w celu zakupu naszych produkt\u00f3w jest nie tylko sprzeczne z nasz\u0105 polityk\u0105, ale r\u00f3wnie\u017c nielegalne. Takie dzia\u0142ania mog\u0105 skutkowa\u0107 powa\u017cnymi konsekwencjami prawnymi.<\/p>\n<p>**Zakaz zakup\u00f3w przez pe\u0142nomocnika dla os\u00f3b niepe\u0142noletnich:** Zakup jakichkolwiek <a href=\"https:\/\/AiviouVapes.com\/\" rel=\"noopener\">produkty do waporyzacji<\/a> dla nieletnich jest surowo zabronione i poci\u0105ga za sob\u0105 potencjalne kary prawne. Zobowi\u0105zujemy si\u0119 do zapobiegania nieautoryzowanemu dost\u0119powi do naszych produkt\u00f3w.<\/p>\n<p>**Solidny proces weryfikacji wieku:** Aby spe\u0142ni\u0107 wymogi prawne i chroni\u0107 m\u0142odzie\u017c, stosujemy rygorystyczny system weryfikacji wieku. Klienci s\u0105 zobowi\u0105zani do podania danych osobowych \u2014 imienia, nazwiska, adresu, daty urodzenia i ostatnich czterech cyfr numeru ubezpieczenia spo\u0142ecznego \u2014 kt\u00f3re weryfikujemy w rejestrach publicznych. Je\u015bli weryfikacja si\u0119 nie powiedzie lub nie mo\u017cesz poda\u0107 informacji o swoim ubezpieczeniu spo\u0142ecznym, mo\u017cemy poprosi\u0107 o wydany przez rz\u0105d dow\u00f3d to\u017csamo\u015bci.<\/p>\n<p>**Prawo do odmowy realizacji us\u0142ugi:** Zastrzegamy sobie prawo do anulowania lub odmowy realizacji zam\u00f3wienia, je\u015bli weryfikacja nie zostanie pomy\u015blnie uko\u0144czona lub je\u015bli w\u0142a\u015bciwy dokument to\u017csamo\u015bci nie zostanie dostarczony w odpowiednim czasie.<\/p>\n<p>**Po\u015bwi\u0119cenie na rzecz zapobiegania m\u0142odzie\u017cy:** Zapobieganie sprzeda\u017cy nieletnim jest jednym z naszych najwy\u017cszych priorytet\u00f3w. Nasz system weryfikacji wieku podkre\u015bla nasze zaanga\u017cowanie w utrzymanie odpowiedzialnego \u015brodowiska wapowania.<\/p>\n<p>**Odmowa lub ograniczenie us\u0142ugi:** Jako dostawca internetowy zastrzegamy sobie prawo do odmowy us\u0142ugi w niekt\u00f3rych przypadkach. Je\u015bli klient uwa\u017ca, \u017ce jego dost\u0119p zosta\u0142 nies\u0142usznie ograniczony, zach\u0119camy go do skontaktowania si\u0119 z naszym dzia\u0142em obs\u0142ugi klienta w celu uzyskania pomocy.<\/p>\n<p>**Informacja o ograniczeniu wiekowym:** Na stronie internetowej Aiviou Vape znajduje si\u0119 wyra\u017ane zastrze\u017cenie, podkre\u015blaj\u0105ce wym\u00f3g, \u017ce klienci ze Stan\u00f3w Zjednoczonych musz\u0105 mie\u0107 uko\u0144czone 21 lat, aby m\u00f3c kupowa\u0107 e-papierosy.<\/p>\n<p>Przy <a href=\"https:\/\/AiviouVapes.com\/\" rel=\"noopener\">AiviouVapes<\/a>, stawiamy bezpiecze\u0144stwo i dobre samopoczucie naszych klient\u00f3w na pierwszym miejscu, egzekwuj\u0105c rygorystyczn\u0105 weryfikacj\u0119 wieku. Nasze \u015brodki odzwierciedlaj\u0105 nasze oddanie bezpiecznej i zgodnej z przepisami spo\u0142eczno\u015bci vapingowej, oferuj\u0105c klientom spok\u00f3j ducha podczas zakup\u00f3w u nas.<\/p>\n<p>Zobowi\u0105zanie naszej firmy do zapewnienia, \u017ce tylko osoby prawnie upowa\u017cnione mog\u0105 kupowa\u0107 nasze produkty, wzmacnia znaczenie odpowiedzialnych praktyk wapowania. Zdajemy sobie spraw\u0119, \u017ce skuteczna weryfikacja wieku jest niezb\u0119dna do zapobiegania dost\u0119powi os\u00f3b nieletnich i ustanowili\u015bmy kompleksowy system, aby podtrzymywa\u0107 t\u0119 odpowiedzialno\u015b\u0107.<\/p>\n<p>Nasz proces wymaga konkretnych informacji \u2014 imienia, nazwiska, adresu, daty urodzenia i ostatnich czterech cyfr numeru ubezpieczenia spo\u0142ecznego \u2014 kt\u00f3re weryfikujemy w oparciu o zaufane dane, aby potwierdzi\u0107 wiek. Je\u015bli klient nie mo\u017ce poda\u0107 swoich informacji o ubezpieczeniu spo\u0142ecznym, oferujemy mo\u017cliwo\u015b\u0107 przes\u0142ania rz\u0105dowego dokumentu to\u017csamo\u015bci jako dodatkowej metody weryfikacji.<\/p>\n<p>**Konsekwencje b\u0142\u0119dnego przedstawienia wieku:** Podawanie b\u0142\u0119dnego wieku w celu zakupu naszych produkt\u00f3w jest nielegalne i ma powa\u017cne konsekwencje prawne. Ponadto zakupy dla os\u00f3b nieletnich s\u0105 surowo zabronione i r\u00f3wnie\u017c karalne na mocy prawa. Traktujemy te standardy powa\u017cnie i mo\u017cemy odm\u00f3wi\u0107 realizacji zam\u00f3wienia, je\u015bli nie mo\u017cna szybko zweryfikowa\u0107 to\u017csamo\u015bci.<\/p>\n<p>Aiviou Vape nadal zobowi\u0105zuje si\u0119 do zapobiegania sprzeda\u017cy osobom nieletnim. Nasz protok\u00f3\u0142 weryfikacji wieku jest kluczowy dla naszej misji promowania odpowiedzialnych i bezpiecznych zakup\u00f3w w spo\u0142eczno\u015bci vapingowej.<\/p>\n<p>Je\u015bli klient do\u015bwiadczy ograniczenia us\u0142ugi, kt\u00f3re uwa\u017ca za b\u0142\u0119dne, mo\u017ce skontaktowa\u0107 si\u0119 z naszym zespo\u0142em obs\u0142ugi klienta. Priorytetem jest przejrzysta komunikacja i staramy si\u0119 rozwi\u0105zywa\u0107 wszelkie problemy w spos\u00f3b uczciwy.<\/p>\n<p>Na naszej stronie w widocznym miejscu wy\u015bwietla si\u0119 ostrze\u017cenie o wymogu wiekowym dla zakupu papieros\u00f3w elektronicznych, przypominaj\u0105c wszystkim u\u017cytkownikom o wymogu prawnym w USA, \u017ce w tym kraju trzeba mie\u0107 uko\u0144czone 21 lat<\/p>\n<p>Wyb\u00f3r Aiviou Vape oznacza wyb\u00f3r firmy, kt\u00f3ra ceni uczciwo\u015b\u0107, zgodno\u015b\u0107 z prawem i bezpiecze\u0144stwo klienta. Nasze zaanga\u017cowanie w polityk\u0119 odpowiedzialnego wieku nie jest tylko proceduralne; jest to fundamentalne odzwierciedlenie naszych warto\u015bci i po\u015bwi\u0119cenia w tworzeniu bezpiecznego, godnego zaufania do\u015bwiadczenia zakupowego. Zaufaj Aiviou Vape, aby uzyska\u0107 bezpieczny, odpowiedzialny dost\u0119p do wysokiej jako\u015bci produkt\u00f3w do waporyzacji.<\/p>\n<div class=\"row align-middle\"  id=\"row-1495577537\">\n\n\t<div id=\"col-1287622591\" class=\"col small-12 large-12\"  >\n\t\t\t\t<div class=\"col-inner text-center\"  >\n\t\t\t\n\t\t\t\n<a href=\"https:\/\/aiviouvapes.com\/pl\/shop\/\" class=\"button primary is-shade is-larger box-shadow-4 box-shadow-5-hover\" style=\"border-radius:10px;\">\n\t\t<span>Kup teraz<\/span>\n\t<\/a>\n\n\t\t<\/div>\n\t\t\t\t\n<style>\n#col-1287622591 > .col-inner {\n  padding: 20px 0px 0px 0px;\n}\n<\/style>\n\t<\/div>\n\n\t\n<\/div>","protected":false},"excerpt":{"rendered":"<p>Age Verification at AiviouVapes **Legal Smoking Age Requirement:** All customers must be 21 or older to purchase products on our site, aligning with the U.S. legal smoking age for e-cigarettes and related items. Visit AiviouVapes for compliant and responsible purchases. **Importance of Accurate Age Representation:** Falsifying age information to buy our products is not only [&#8230;]\n","protected":false},"author":1,"featured_media":0,"parent":0,"menu_order":0,"comment_status":"closed","ping_status":"closed","template":"page-blank-title-center.php","meta":{"footnotes":""},"class_list":["post-9121","page","type-page","status-publish","hentry"],"jetpack_sharing_enabled":true,"_links":{"self":[{"href":"https:\/\/aiviouvapes.com\/pl\/wp-json\/wp\/v2\/pages\/9121","targetHints":{"allow":["GET"]}}],"collection":[{"href":"https:\/\/aiviouvapes.com\/pl\/wp-json\/wp\/v2\/pages"}],"about":[{"href":"https:\/\/aiviouvapes.com\/pl\/wp-json\/wp\/v2\/types\/page"}],"author":[{"embeddable":true,"href":"https:\/\/aiviouvapes.com\/pl\/wp-json\/wp\/v2\/users\/1"}],"replies":[{"embeddable":true,"href":"https:\/\/aiviouvapes.com\/pl\/wp-json\/wp\/v2\/comments?post=9121"}],"version-history":[{"count":0,"href":"https:\/\/aiviouvapes.com\/pl\/wp-json\/wp\/v2\/pages\/9121\/revisions"}],"wp:attachment":[{"href":"https:\/\/aiviouvapes.com\/pl\/wp-json\/wp\/v2\/media?parent=9121"}],"curies":[{"name":"wp","href":"https:\/\/api.w.org\/{rel}","templated":true}]}}