{"id":9117,"date":"2024-08-21T10:50:31","date_gmt":"2024-08-21T10:50:31","guid":{"rendered":"https:\/\/aiviouvapes.com\/?page_id=9117"},"modified":"2024-11-24T00:13:56","modified_gmt":"2024-11-23T16:13:56","slug":"terms-conditions","status":"publish","type":"page","link":"https:\/\/aiviouvapes.com\/pl\/terms-conditions\/","title":{"rendered":"Regulamin"},"content":{"rendered":"<p dir=\"auto\">Witamy w <strong>AiviouVape<\/strong>! Przeczytaj uwa\u017cnie niniejsze warunki przed skorzystaniem z naszej witryny. Uzyskuj\u0105c dost\u0119p do naszej witryny i korzystaj\u0105c z niej, zgadzasz si\u0119 przestrzega\u0107 warunk\u00f3w okre\u015blonych tutaj, a tak\u017ce wszystkich obowi\u0105zuj\u0105cych przepis\u00f3w prawa. Je\u015bli nie zgadzasz si\u0119 z tymi warunkami, zaprzesta\u0144 korzystania z naszej witryny. Dokonuj\u0105c zakupu, akceptujesz niniejsze Warunki wraz z nasz\u0105 polityk\u0105 dotycz\u0105c\u0105 wysy\u0142ki, zwrot\u00f3w i gwarancji.<\/p>\n<p dir=\"auto\"><strong>Zam\u00f3wienia mi\u0119dzynarodowe<\/strong><\/p>\n<p dir=\"auto\">AiviouVape dzia\u0142a globalnie z naszej siedziby w Hongkongu. Klienci spoza Hongkongu s\u0105 uwa\u017cani za klient\u00f3w mi\u0119dzynarodowych. Przed z\u0142o\u017ceniem zam\u00f3wienia upewnij si\u0119, \u017ce znasz przepisy swojego kraju dotycz\u0105ce posiadania, importu i u\u017cytkowania produkt\u00f3w do waporyzacji. Niekt\u00f3re kraje mog\u0105 mie\u0107 dodatkowe zasady okre\u015blone w naszych zasadach dotycz\u0105cych wysy\u0142ki, zwrot\u00f3w i gwarancji.<\/p>\n<p dir=\"auto\"><strong>Prawa autorskie<\/strong><\/p>\n<p dir=\"auto\">Ca\u0142a zawarto\u015b\u0107 tej witryny \u2014 w tym tekst, grafika i kod \u2014 jest chroniona prawami autorskimi jako dzie\u0142o zbiorowe nale\u017c\u0105ce do AiviouVape. Copyright 2022, AiviouVape. Wszelkie prawa zastrze\u017cone. Mo\u017cesz elektronicznie kopiowa\u0107 i drukowa\u0107 cz\u0119\u015bci witryny w celu z\u0142o\u017cenia zam\u00f3wienia lub zakupu produkt\u00f3w AiviouVape. Jakiekolwiek inne wykorzystanie, w tym reprodukcja, dystrybucja lub transmisja tre\u015bci witryny, jest zabronione, chyba \u017ce zostanie autoryzowane przez AiviouVape Inc.<\/p>\n<p dir=\"auto\"><strong>Znaki towarowe<\/strong><\/p>\n<p dir=\"auto\">Wszystkie znaki towarowe, znaki us\u0142ugowe i nazwy handlowe wy\u015bwietlane na naszej stronie s\u0105 w\u0142asno\u015bci\u0105 AiviouVape.<\/p>\n<p dir=\"auto\"><strong>Wy\u0142\u0105czenie odpowiedzialno\u015bci z tytu\u0142u gwarancji<\/strong><\/p>\n<p dir=\"auto\">Nasza strona internetowa oraz wszystkie materia\u0142y i produkty s\u0105 dostarczane \u201etak jak s\u0105\u201d bez \u017cadnych gwarancji, wyra\u017anych ani dorozumianych. AiviouVape zrzeka si\u0119 wszelkich gwarancji, w tym mi\u0119dzy innymi gwarancji przydatno\u015bci handlowej, przydatno\u015bci do okre\u015blonego celu i nienaruszalno\u015bci. Nie gwarantujemy, \u017ce funkcje witryny b\u0119d\u0105 nieprzerwane lub wolne od b\u0142\u0119d\u00f3w, ani \u017ce wady zostan\u0105 naprawione, ani \u017ce witryna jest wolna od wirus\u00f3w lub innych szkodliwych komponent\u00f3w. Nie gwarantujemy dok\u0142adno\u015bci, kompletno\u015bci ani niezawodno\u015bci dostarczonych tre\u015bci.<\/p>\n<p dir=\"auto\"><strong>Ograniczenie odpowiedzialno\u015bci<\/strong><\/p>\n<p dir=\"auto\">AiviouVape nie ponosi odpowiedzialno\u015bci za \u017cadne szkody szczeg\u00f3lne lub nast\u0119pcze wynikaj\u0105ce z u\u017cycia lub niemo\u017cno\u015bci u\u017cycia materia\u0142\u00f3w na tej stronie lub dzia\u0142ania produkt\u00f3w, nawet je\u015bli poinformowano o mo\u017cliwo\u015bci wyst\u0105pienia takich szk\u00f3d. Niekt\u00f3re jurysdykcje nie zezwalaj\u0105 na wy\u0142\u0105czenie lub ograniczenie odpowiedzialno\u015bci za szkody nast\u0119pcze lub przypadkowe, wi\u0119c te ograniczenia mog\u0105 nie mie\u0107 do Ciebie zastosowania.<\/p>\n<p dir=\"auto\"><strong>Zako\u0144czenie<\/strong><\/p>\n<p dir=\"auto\">Niniejsze warunki maj\u0105 zastosowanie do wszystkich u\u017cytkownik\u00f3w po uzyskaniu dost\u0119pu do witryny, zarejestrowaniu si\u0119 lub dokonaniu zakupu. AiviouVape zastrzega sobie prawo do rozwi\u0105zania niniejszych warunk\u00f3w, w ca\u0142o\u015bci lub w cz\u0119\u015bci, w dowolnym momencie bez powiadomienia. Postanowienia dotycz\u0105ce praw autorskich, znak\u00f3w towarowych, wy\u0142\u0105czenia gwarancji, ograniczenia odpowiedzialno\u015bci, odszkodowania i innych pozostaj\u0105 w mocy po rozwi\u0105zaniu.<\/p>\n<p dir=\"auto\"><strong>Zawiadomienie<\/strong><\/p>\n<p dir=\"auto\">AiviouVape mo\u017ce wysy\u0142a\u0107 Ci powiadomienia za po\u015brednictwem poczty elektronicznej, og\u00f3lnych powiadomie\u0144 na stronie internetowej lub innymi niezawodnymi metodami, korzystaj\u0105c z podanych przez Ciebie danych kontaktowych.<\/p>\n<p dir=\"auto\"><strong>R\u00f3\u017cne<\/strong><\/p>\n<p dir=\"auto\">Niniejsze warunki podlegaj\u0105 prawu Hongkongu, bez wzgl\u0119du na zasady kolizji prawa. Wszelkie spory wynikaj\u0105ce z niniejszych warunk\u00f3w b\u0119d\u0105 rozstrzygane w s\u0105dach Hongkongu. Roszczenia musz\u0105 zosta\u0107 z\u0142o\u017cone w ci\u0105gu roku od ich powstania. Decyzja AiviouVape o nieegzekwowaniu jakiejkolwiek cz\u0119\u015bci niniejszych warunk\u00f3w nie zrzeka si\u0119 jej praw. Mo\u017cemy przenie\u015b\u0107 nasze prawa i obowi\u0105zki wynikaj\u0105ce z niniejszych warunk\u00f3w bez powiadomienia.<\/p>\n<p dir=\"auto\"><strong>Korzystanie z witryny<\/strong><\/p>\n<p dir=\"auto\">N\u0119kanie lub niew\u0142a\u015bciwe zachowanie na stronie jest zabronione. U\u017cytkownicy nie mog\u0105 przesy\u0142a\u0107 nieodpowiednich tre\u015bci ani namawia\u0107 innych do korzystania z us\u0142ug komercyjnych. AiviouVape zastrzega sobie prawo do blokowania lub usuwania wszelkich tre\u015bci naruszaj\u0105cych niniejsze warunki.<\/p>\n<p dir=\"auto\"><strong>Zastrze\u017cenie dotycz\u0105ce uczestnictwa<\/strong><\/p>\n<p dir=\"auto\">AiviouVape nie ponosi odpowiedzialno\u015bci za tre\u015bci generowane przez u\u017cytkownik\u00f3w na stronie internetowej. Dzia\u0142amy wy\u0142\u0105cznie jako platforma dystrybucyjna i zastrzegamy sobie prawo do usuwania tre\u015bci budz\u0105cych zastrze\u017cenia, je\u015bli uznamy to za konieczne.<\/p>\n<p dir=\"auto\"><strong>Korzystanie z produkt\u00f3w<\/strong><\/p>\n<p dir=\"auto\">AiviouVape nie sk\u0142ada \u017cadnych o\u015bwiadcze\u0144 dotycz\u0105cych skuteczno\u015bci produktu w \u017cadnym konkretnym celu. Wszystkie produkty s\u0105 u\u017cywane na ryzyko kupuj\u0105cego. Produkty nikotynowe s\u0105 przeznaczone wy\u0142\u0105cznie do u\u017cytku przez osoby doros\u0142e. Przed u\u017cyciem produkt\u00f3w nikotynowych nale\u017cy skonsultowa\u0107 si\u0119 z lekarzem.<\/p>\n<p dir=\"auto\"><strong>Odszkodowanie<\/strong><\/p>\n<p dir=\"auto\">Korzystaj\u0105c z naszej strony internetowej, zgadzasz si\u0119 zabezpieczy\u0107 AiviouVape i jego dostawc\u00f3w us\u0142ug przed wszelkimi stratami, szkodami, kosztami i wydatkami wynikaj\u0105cymi z naruszenia niniejszych warunk\u00f3w lub powi\u0105zanych dzia\u0142a\u0144 na Twoim koncie.<\/p>\n<p dir=\"auto\"><strong>Linki stron trzecich<\/strong><\/p>\n<p dir=\"auto\">AiviouVape mo\u017ce udost\u0119pnia\u0107 linki do zewn\u0119trznych witryn dla wygody u\u017cytkownika. Nie kontrolujemy tych witryn i nie ponosimy odpowiedzialno\u015bci za ich tre\u015b\u0107 ani praktyki.<\/p>\n<p dir=\"auto\"><strong>Zastrze\u017cenie dotycz\u0105ce produktu<\/strong><\/p>\n<p dir=\"auto\">Niekt\u00f3re produkty mog\u0105 mie\u0107 szczeg\u00f3\u0142owe wy\u0142\u0105czenia odpowiedzialno\u015bci dotycz\u0105ce zwrot\u00f3w lub kwalifikowalno\u015bci do wymiany. Przed zakupem zapoznaj si\u0119 ze wszystkimi wy\u0142\u0105czeniami odpowiedzialno\u015bci dotycz\u0105cymi konkretnych produkt\u00f3w. Akceptuj\u0105c nasze Warunki korzystania z us\u0142ugi podczas realizacji transakcji, potwierdzasz zrozumienie wszystkich obowi\u0105zuj\u0105cych wy\u0142\u0105cze\u0144 odpowiedzialno\u015bci.<\/p>\n<p dir=\"auto\">Dzi\u0119kujemy za wybranie <strong>AiviouVape<\/strong>!<\/p>\n<div class=\"row align-middle\"  id=\"row-1161208360\">\n\n\t<div id=\"col-1876989428\" class=\"col small-12 large-12\"  >\n\t\t\t\t<div class=\"col-inner text-center\"  >\n\t\t\t\n\t\t\t\n<a href=\"https:\/\/aiviouvapes.com\/pl\/shop\/\" class=\"button primary is-shade is-larger box-shadow-4 box-shadow-5-hover\" style=\"border-radius:10px;\">\n\t\t<span>Kup teraz<\/span>\n\t<\/a>\n\n\t\t<\/div>\n\t\t\t\t\n<style>\n#col-1876989428 > .col-inner {\n  padding: 20px 0px 0px 0px;\n}\n<\/style>\n\t<\/div>\n\n\t\n<\/div>","protected":false},"excerpt":{"rendered":"<p>Welcome to AiviouVape! Please read these terms and conditions carefully before using our website. By accessing and using our site, you agree to comply with the terms outlined here, as well as all applicable laws. If you do not agree with these terms, please discontinue using our website. By making a purchase, you accept these [&#8230;]\n","protected":false},"author":1,"featured_media":0,"parent":0,"menu_order":0,"comment_status":"closed","ping_status":"closed","template":"page-blank-title-center.php","meta":{"footnotes":""},"class_list":["post-9117","page","type-page","status-publish","hentry"],"jetpack_sharing_enabled":true,"_links":{"self":[{"href":"https:\/\/aiviouvapes.com\/pl\/wp-json\/wp\/v2\/pages\/9117","targetHints":{"allow":["GET"]}}],"collection":[{"href":"https:\/\/aiviouvapes.com\/pl\/wp-json\/wp\/v2\/pages"}],"about":[{"href":"https:\/\/aiviouvapes.com\/pl\/wp-json\/wp\/v2\/types\/page"}],"author":[{"embeddable":true,"href":"https:\/\/aiviouvapes.com\/pl\/wp-json\/wp\/v2\/users\/1"}],"replies":[{"embeddable":true,"href":"https:\/\/aiviouvapes.com\/pl\/wp-json\/wp\/v2\/comments?post=9117"}],"version-history":[{"count":0,"href":"https:\/\/aiviouvapes.com\/pl\/wp-json\/wp\/v2\/pages\/9117\/revisions"}],"wp:attachment":[{"href":"https:\/\/aiviouvapes.com\/pl\/wp-json\/wp\/v2\/media?parent=9117"}],"curies":[{"name":"wp","href":"https:\/\/api.w.org\/{rel}","templated":true}]}}