{"id":9111,"date":"2024-08-21T10:48:05","date_gmt":"2024-08-21T10:48:05","guid":{"rendered":"https:\/\/aiviouvapes.com\/?page_id=9111"},"modified":"2024-11-30T20:28:47","modified_gmt":"2024-11-30T12:28:47","slug":"shipping-policy","status":"publish","type":"page","link":"https:\/\/aiviouvapes.com\/pl\/shipping-policy\/","title":{"rendered":"Zasady wysy\u0142ki"},"content":{"rendered":"<div id=\"text-2118724222\" class=\"text\">\n\t\t\n<header class=\"entry-header text-center\"><\/header>\n<p><strong>Zasady wysy\u0142ki<\/strong><\/p>\n<p>1. Zam\u00f3wienia zostan\u0105 przetworzone i wys\u0142ane w ci\u0105gu 1-3 dni roboczych. Czas dostawy wynosi zazwyczaj od 7 do 15 dni roboczych. Nale\u017cy pami\u0119ta\u0107, \u017ce nie wysy\u0142amy zam\u00f3wie\u0144 w weekendy.<\/p>\n<p>2. Po wys\u0142aniu zam\u00f3wienia prze\u015blemy e-mailem informacje dotycz\u0105ce \u015bledzenia przesy\u0142ki. Przesy\u0142k\u0119 mo\u017cna \u015bledzi\u0107 za pomoc\u0105 podanego numeru przesy\u0142ki na nast\u0119puj\u0105cej stronie internetowej:<\/p>\n<p><a href=\"https:\/\/www.17track.net\/en\" target=\"_blank\" rel=\"nofollow noopener\">https:\/\/www.17track.net\/en<\/a><\/p>\n<p>Prosimy o odczekanie 1-2 dni po wysy\u0142ce na pojawienie si\u0119 aktualizacji \u015bledzenia na stronie internetowej.<\/p>\n<p>3. U\u017cytkownik mo\u017ce anulowa\u0107 zam\u00f3wienie lub zaktualizowa\u0107 adres wysy\u0142ki w dowolnym momencie przed wys\u0142aniem produkt\u00f3w. Jednak po wys\u0142aniu zam\u00f3wienia nie mo\u017cemy przetwarza\u0107 zwrot\u00f3w ani zmian adresu.<\/p>\n<p>4. kraje, do kt\u00f3rych mo\u017cemy wysy\u0142a\u0107 towary\u00a0<strong>DDP<\/strong>\u00a0(<strong>Op\u0142acone c\u0142o za dostaw\u0119<\/strong>) Metoda, nie wymaga odprawy celnej i nie ma dla ciebie \u017cadnych ce\u0142.<\/p>\n<ul>\n<li>USA - UPS Express (z wyj\u0105tkiem Alaski i Hawaj\u00f3w)<\/li>\n<li>Wielka Brytania - DPD Express lokalnie<\/li>\n<li>Europa - UPS Express\/ DPD Express\/ DHL Express<\/li>\n<\/ul>\n<p>Lista kraj\u00f3w Europe DDP Method: Niemcy, Belgia, Luksemburg, Holandia, Czechy, Polska, Chorwacja, S\u0142owacja, S\u0142owenia, Finlandia, Dania, Szwecja, Austria, Francja, W\u0142ochy, W\u0119gry, Bu\u0142garia, Litwa, Estonia, \u0141otwa, Grecja, Irlandia, Portugalia, Hiszpania.<\/p>\n<p><strong>Czasy wysy\u0142ki dla okre\u015blonych kraj\u00f3w:<\/strong><\/p>\n<table style=\"height: 810px;\" width=\"518\">\n<thead>\n<tr>\n<th>KRAJ<\/th>\n<th>METODA WYSY\u0141KI<\/th>\n<th>CZAS WYSY\u0141KI<\/th>\n<\/tr>\n<\/thead>\n<tbody>\n<tr>\n<td>USA<\/td>\n<td>Lokalnie UPS Ground<\/td>\n<td>10-15 dni<\/td>\n<\/tr>\n<tr>\n<td>WIELKA BRYTANIA<\/td>\n<td>Lokalny DPD Express<\/td>\n<td>7-12 dni<\/td>\n<\/tr>\n<tr>\n<td>Niemcy<\/td>\n<td>UPS\/DPD\/DHL Niemcy<\/td>\n<td>8-13 dni<\/td>\n<\/tr>\n<tr>\n<td>Francja<\/td>\n<td>UPS\/DPD\/DHL Niemcy<\/td>\n<td>8-13 dni<\/td>\n<\/tr>\n<tr>\n<td>Belgia<\/td>\n<td>UPS\/DPD\/DHL Niemcy<\/td>\n<td>8-13 dni<\/td>\n<\/tr>\n<tr>\n<td>Luksemburg<\/td>\n<td>UPS\/DPD\/DHL Niemcy<\/td>\n<td>8-13 dni<\/td>\n<\/tr>\n<tr>\n<td>Holandia<\/td>\n<td>UPS\/DPD\/DHL Niemcy<\/td>\n<td>8-13 dni<\/td>\n<\/tr>\n<tr>\n<td>Republika Czeska<\/td>\n<td>UPS\/DPD\/DHL Niemcy<\/td>\n<td>8-13 dni<\/td>\n<\/tr>\n<tr>\n<td>Polska<\/td>\n<td>UPS\/DPD\/DHL Niemcy<\/td>\n<td>8-13 dni<\/td>\n<\/tr>\n<tr>\n<td>Chorwacja<\/td>\n<td>UPS\/DPD\/DHL Niemcy<\/td>\n<td>8-13 dni<\/td>\n<\/tr>\n<tr>\n<td>S\u0142owacja<\/td>\n<td>UPS\/DPD\/DHL Niemcy<\/td>\n<td>8-13 dni<\/td>\n<\/tr>\n<tr>\n<td>S\u0142owenia<\/td>\n<td>UPS\/DPD\/DHL Niemcy<\/td>\n<td>8-13 dni<\/td>\n<\/tr>\n<tr>\n<td>Finlandia<\/td>\n<td>UPS\/DPD\/DHL Niemcy<\/td>\n<td>8-13 dni<\/td>\n<\/tr>\n<tr>\n<td>Dania<\/td>\n<td>UPS\/DPD\/DHL Niemcy<\/td>\n<td>8-13 dni<\/td>\n<\/tr>\n<tr>\n<td>Szwecja<\/td>\n<td>UPS\/DPD\/DHL Niemcy<\/td>\n<td>8-13 dni<\/td>\n<\/tr>\n<tr>\n<td>Austria<\/td>\n<td>UPS\/DPD\/DHL Niemcy<\/td>\n<td>8-13 dni<\/td>\n<\/tr>\n<tr>\n<td>W\u0142ochy<\/td>\n<td>UPS\/DPD\/DHL Niemcy<\/td>\n<td>8-13 dni<\/td>\n<\/tr>\n<tr>\n<td>W\u0119gry<\/td>\n<td>UPS\/DPD\/DHL Niemcy<\/td>\n<td>8-13 dni<\/td>\n<\/tr>\n<tr>\n<td>Litwa<\/td>\n<td>UPS\/DPD\/DHL Niemcy<\/td>\n<td>8-13 dni<\/td>\n<\/tr>\n<tr>\n<td>Estonia<\/td>\n<td>UPS\/DPD\/DHL Niemcy<\/td>\n<td>8-13 dni<\/td>\n<\/tr>\n<tr>\n<td>\u0141otwa<\/td>\n<td>UPS\/DPD\/DHL Niemcy<\/td>\n<td>8-13 dni<\/td>\n<\/tr>\n<tr>\n<td>Grecja<\/td>\n<td>UPS\/DPD\/DHL Niemcy<\/td>\n<td>8-13 dni<\/td>\n<\/tr>\n<tr>\n<td>Irlandia<\/td>\n<td>UPS\/DPD\/DHL Niemcy<\/td>\n<td>8-13 dni<\/td>\n<\/tr>\n<tr>\n<td>Portugalia<\/td>\n<td>UPS\/DPD\/DHL Niemcy<\/td>\n<td>8-13 dni<\/td>\n<\/tr>\n<tr>\n<td>Hiszpania<\/td>\n<td>UPS\/DPD\/DHL Niemcy<\/td>\n<td>8-13 dni<\/td>\n<\/tr>\n<tr>\n<td>Zjednoczone Emiraty Arabskie (Dubaj)<\/td>\n<td>Dedykowana linia w Dubaju<\/td>\n<td>12-18 dni<\/td>\n<\/tr>\n<tr>\n<td>Republika Po\u0142udniowej Afryki<\/td>\n<td>Linia dedykowana dla Republiki Po\u0142udniowej Afryki<\/td>\n<td>15-25 dni<\/td>\n<\/tr>\n<tr>\n<td>Wietnam<\/td>\n<td>Linia dedykowana dla Wietnamu<\/td>\n<td>3-5 dni<\/td>\n<\/tr>\n<tr>\n<td>Zachodnia Malezja<\/td>\n<td>Linia dedykowana dla Malezji<\/td>\n<td>4-8 dni<\/td>\n<\/tr>\n<\/tbody>\n<\/table>\n<\/div>\n<\/div>\n<\/div>\n<\/div>\n<div id=\"col-429512057\" class=\"col medium-6 small-12 large-6\"><\/div>\n<\/div>\n<\/div>\n\t\t\n<style>\n#text-2118724222 {\n  text-align: left;\n}\n<\/style>\n\t<\/div>\n\t\n<div class=\"row align-middle\"  id=\"row-1094871423\">\n\n\t<div id=\"col-1182812338\" class=\"col small-12 large-12\"  >\n\t\t\t\t<div class=\"col-inner text-center\"  >\n\t\t\t\n\t\t\t\n<a href=\"https:\/\/aiviouvapes.com\/pl\/shop\/\" class=\"button primary is-shade is-larger box-shadow-4 box-shadow-5-hover\" style=\"border-radius:10px;\">\n\t\t<span>Kup teraz<\/span>\n\t<\/a>\n\n\t\t<\/div>\n\t\t\t\t\n<style>\n#col-1182812338 > .col-inner {\n  padding: 20px 0px 0px 0px;\n}\n<\/style>\n\t<\/div>\n\n\t\n<\/div>","protected":false},"excerpt":{"rendered":"","protected":false},"author":1,"featured_media":0,"parent":0,"menu_order":0,"comment_status":"closed","ping_status":"closed","template":"page-blank-title-center.php","meta":{"footnotes":""},"class_list":["post-9111","page","type-page","status-publish","hentry"],"jetpack_sharing_enabled":true,"_links":{"self":[{"href":"https:\/\/aiviouvapes.com\/pl\/wp-json\/wp\/v2\/pages\/9111","targetHints":{"allow":["GET"]}}],"collection":[{"href":"https:\/\/aiviouvapes.com\/pl\/wp-json\/wp\/v2\/pages"}],"about":[{"href":"https:\/\/aiviouvapes.com\/pl\/wp-json\/wp\/v2\/types\/page"}],"author":[{"embeddable":true,"href":"https:\/\/aiviouvapes.com\/pl\/wp-json\/wp\/v2\/users\/1"}],"replies":[{"embeddable":true,"href":"https:\/\/aiviouvapes.com\/pl\/wp-json\/wp\/v2\/comments?post=9111"}],"version-history":[{"count":0,"href":"https:\/\/aiviouvapes.com\/pl\/wp-json\/wp\/v2\/pages\/9111\/revisions"}],"wp:attachment":[{"href":"https:\/\/aiviouvapes.com\/pl\/wp-json\/wp\/v2\/media?parent=9111"}],"curies":[{"name":"wp","href":"https:\/\/api.w.org\/{rel}","templated":true}]}}