{"id":9102,"date":"2024-08-21T10:43:42","date_gmt":"2024-08-21T10:43:42","guid":{"rendered":"https:\/\/aiviouvapes.com\/?page_id=9102"},"modified":"2024-12-18T18:35:34","modified_gmt":"2024-12-18T10:35:34","slug":"how-to-order","status":"publish","type":"page","link":"https:\/\/aiviouvapes.com\/pl\/how-to-order\/","title":{"rendered":"Jak zamawia\u0107"},"content":{"rendered":"<header class=\"entry-header text-center\">\n<h1 class=\"entry-title\">Jak kupowa\u0107 waporyzatory na AIVIOU VAPES (ze zdj\u0119ciami)<\/h1>\n<\/header>\n<div class=\"entry-content\">\n<p>Witamy w AIVIOU VAPES! Wykonaj te proste kroki, aby kupi\u0107 swoje ulubione jednorazowe waporyzatory w naszym sklepie internetowym.<\/p>\n<h2>Krok 1: Przejrzyj nasz\u0105 kolekcj\u0119<\/h2>\n<ol>\n<li><strong>Odwied\u017a nasz\u0105 stron\u0119 g\u0142\u00f3wn\u0105<\/strong>: Przejd\u017a do\u00a0<a href=\"https:\/\/aiviouvapes.com\/pl\/\" rel=\"noreferrer\">AIVIOUVAPES.com<\/a>.<\/li>\n<li><strong>Przejd\u017a do produkt\u00f3w<\/strong>: Kliknij przycisk \"<a class=\"nav-top-link\" href=\"https:\/\/aiviouvapes.com\/pl\/shop\/\" aria-expanded=\"false\">SKLEP<\/a>\" u g\u00f3ry strony.<a href=\"https:\/\/i0.wp.com\/aiviouvapes.com\/wp-content\/uploads\/2024\/08\/shop.jpg?ssl=1\"><img data-recalc-dims=\"1\" loading=\"lazy\" decoding=\"async\" title=\"Jak zamawia\u0107\" class=\"alignnone size-full wp-image-9276\" src=\"https:\/\/i0.wp.com\/aiviouvapes.com\/wp-content\/uploads\/2024\/08\/shop.jpg?resize=1020%2C749&#038;ssl=1\" alt=\"Jak zamawia\u0107\" width=\"1020\" height=\"749\" srcset=\"https:\/\/i0.wp.com\/aiviouvapes.com\/wp-content\/uploads\/2024\/08\/shop.jpg?w=1121&amp;ssl=1 1121w, https:\/\/i0.wp.com\/aiviouvapes.com\/wp-content\/uploads\/2024\/08\/shop.jpg?resize=300%2C220&amp;ssl=1 300w, https:\/\/i0.wp.com\/aiviouvapes.com\/wp-content\/uploads\/2024\/08\/shop.jpg?resize=1024%2C752&amp;ssl=1 1024w, https:\/\/i0.wp.com\/aiviouvapes.com\/wp-content\/uploads\/2024\/08\/shop.jpg?resize=768%2C564&amp;ssl=1 768w, https:\/\/i0.wp.com\/aiviouvapes.com\/wp-content\/uploads\/2024\/08\/shop.jpg?resize=16%2C12&amp;ssl=1 16w, https:\/\/i0.wp.com\/aiviouvapes.com\/wp-content\/uploads\/2024\/08\/shop.jpg?resize=800%2C587&amp;ssl=1 800w\" sizes=\"auto, (max-width: 1020px) 100vw, 1020px\" \/><\/a><\/li>\n<\/ol>\n<h2>Krok 2: Wybierz sw\u00f3j Vape<\/h2>\n<ol>\n<li><strong>Wybierz Vape<\/strong>: Wybierz <b>vape<\/b> jeste\u015b zainteresowany.<\/li>\n<li><strong>Wy\u015bwietl produkty<\/strong>: Przegl\u0105daj dost\u0119pne produkty. Kliknij zdj\u0119cie lub tytu\u0142 produktu, aby wy\u015bwietli\u0107 wi\u0119cej szczeg\u00f3\u0142\u00f3w.<\/li>\n<\/ol>\n<p><a href=\"https:\/\/i0.wp.com\/aiviouvapes.com\/wp-content\/uploads\/2024\/08\/select_product.jpg?ssl=1\"><img data-recalc-dims=\"1\" loading=\"lazy\" decoding=\"async\" title=\"Jak zamawia\u0107\" class=\"alignnone size-full wp-image-9275\" src=\"https:\/\/i0.wp.com\/aiviouvapes.com\/wp-content\/uploads\/2024\/08\/select_product.jpg?resize=1020%2C426&#038;ssl=1\" alt=\"Jak zamawia\u0107\" width=\"1020\" height=\"426\" data-wp-editing=\"1\" srcset=\"https:\/\/i0.wp.com\/aiviouvapes.com\/wp-content\/uploads\/2024\/08\/select_product.jpg?w=1916&amp;ssl=1 1916w, https:\/\/i0.wp.com\/aiviouvapes.com\/wp-content\/uploads\/2024\/08\/select_product.jpg?resize=300%2C125&amp;ssl=1 300w, https:\/\/i0.wp.com\/aiviouvapes.com\/wp-content\/uploads\/2024\/08\/select_product.jpg?resize=1024%2C428&amp;ssl=1 1024w, https:\/\/i0.wp.com\/aiviouvapes.com\/wp-content\/uploads\/2024\/08\/select_product.jpg?resize=768%2C321&amp;ssl=1 768w, https:\/\/i0.wp.com\/aiviouvapes.com\/wp-content\/uploads\/2024\/08\/select_product.jpg?resize=1536%2C641&amp;ssl=1 1536w, https:\/\/i0.wp.com\/aiviouvapes.com\/wp-content\/uploads\/2024\/08\/select_product.jpg?resize=18%2C8&amp;ssl=1 18w, https:\/\/i0.wp.com\/aiviouvapes.com\/wp-content\/uploads\/2024\/08\/select_product.jpg?resize=800%2C334&amp;ssl=1 800w\" sizes=\"auto, (max-width: 1020px) 100vw, 1020px\" \/><\/a><\/p>\n<h2>Krok 3: Wybierz szczeg\u00f3\u0142y produktu<\/h2>\n<ol>\n<li><strong>Przeczytaj szczeg\u00f3\u0142y<\/strong>: Na stronie produktu przejrzyj opis, sprawd\u017a cen\u0119 i przeczytaj opinie klient\u00f3w.<\/li>\n<li><strong>Wybierz ilo\u015b\u0107<\/strong>: Wybierz ilo\u015b\u0107, kt\u00f3r\u0105 chcesz kupi\u0107.<\/li>\n<li><strong>Dodaj do koszyka<\/strong>: Kliknij przycisk \"Dodaj do koszyka\", aby doda\u0107 produkt do koszyka.<\/li>\n<\/ol>\n<p><a href=\"https:\/\/i0.wp.com\/aiviouvapes.com\/wp-content\/uploads\/2024\/08\/product_detail.png?ssl=1\"><img data-recalc-dims=\"1\" loading=\"lazy\" decoding=\"async\" title=\"Jak zamawia\u0107\" class=\"alignnone size-full wp-image-9274\" src=\"https:\/\/i0.wp.com\/aiviouvapes.com\/wp-content\/uploads\/2024\/08\/product_detail.png?resize=1020%2C619&#038;ssl=1\" alt=\"Jak zamawia\u0107\" width=\"1020\" height=\"619\" srcset=\"https:\/\/i0.wp.com\/aiviouvapes.com\/wp-content\/uploads\/2024\/08\/product_detail.png?w=1527&amp;ssl=1 1527w, https:\/\/i0.wp.com\/aiviouvapes.com\/wp-content\/uploads\/2024\/08\/product_detail.png?resize=300%2C182&amp;ssl=1 300w, https:\/\/i0.wp.com\/aiviouvapes.com\/wp-content\/uploads\/2024\/08\/product_detail.png?resize=1024%2C622&amp;ssl=1 1024w, https:\/\/i0.wp.com\/aiviouvapes.com\/wp-content\/uploads\/2024\/08\/product_detail.png?resize=768%2C466&amp;ssl=1 768w, https:\/\/i0.wp.com\/aiviouvapes.com\/wp-content\/uploads\/2024\/08\/product_detail.png?resize=18%2C12&amp;ssl=1 18w, https:\/\/i0.wp.com\/aiviouvapes.com\/wp-content\/uploads\/2024\/08\/product_detail.png?resize=800%2C486&amp;ssl=1 800w\" sizes=\"auto, (max-width: 1020px) 100vw, 1020px\" \/><\/a><\/p>\n<\/div>\n<h2>Krok 4: Przejrzyj sw\u00f3j koszyk<\/h2>\n<ol>\n<li><strong>Wy\u015bwietl koszyk<\/strong>: Kliknij ikon\u0119 koszyka w prawym g\u00f3rnym rogu strony, aby wy\u015bwietli\u0107 sw\u00f3j koszyk.<\/li>\n<li><strong>Elementy recenzji<\/strong>: Upewnij si\u0119, \u017ce wszystkie pozycje i ilo\u015bci s\u0105 prawid\u0142owe.<\/li>\n<li><strong>Przejd\u017a do kasy<\/strong>: Kliknij przycisk \"Przejd\u017a do kasy\", aby przej\u015b\u0107 do nast\u0119pnego kroku.<\/li>\n<\/ol>\n<p><a href=\"https:\/\/i0.wp.com\/aiviouvapes.com\/wp-content\/uploads\/2024\/08\/cart.png?ssl=1\"><img data-recalc-dims=\"1\" loading=\"lazy\" decoding=\"async\" title=\"Jak zamawia\u0107\" class=\"alignnone size-full wp-image-9272\" src=\"https:\/\/i0.wp.com\/aiviouvapes.com\/wp-content\/uploads\/2024\/08\/cart.png?resize=1020%2C383&#038;ssl=1\" alt=\"Jak zamawia\u0107\" width=\"1020\" height=\"383\" srcset=\"https:\/\/i0.wp.com\/aiviouvapes.com\/wp-content\/uploads\/2024\/08\/cart.png?w=1768&amp;ssl=1 1768w, https:\/\/i0.wp.com\/aiviouvapes.com\/wp-content\/uploads\/2024\/08\/cart.png?resize=300%2C113&amp;ssl=1 300w, https:\/\/i0.wp.com\/aiviouvapes.com\/wp-content\/uploads\/2024\/08\/cart.png?resize=1024%2C384&amp;ssl=1 1024w, https:\/\/i0.wp.com\/aiviouvapes.com\/wp-content\/uploads\/2024\/08\/cart.png?resize=768%2C288&amp;ssl=1 768w, https:\/\/i0.wp.com\/aiviouvapes.com\/wp-content\/uploads\/2024\/08\/cart.png?resize=1536%2C576&amp;ssl=1 1536w, https:\/\/i0.wp.com\/aiviouvapes.com\/wp-content\/uploads\/2024\/08\/cart.png?resize=18%2C7&amp;ssl=1 18w, https:\/\/i0.wp.com\/aiviouvapes.com\/wp-content\/uploads\/2024\/08\/cart.png?resize=800%2C300&amp;ssl=1 800w\" sizes=\"auto, (max-width: 1020px) 100vw, 1020px\" \/><\/a><\/p>\n<h2>Krok 5: Wyp\u0142ata<\/h2>\n<ol>\n<li><strong>Szczeg\u00f3\u0142y rozliczenia<\/strong>: Wype\u0142nij dane rozliczeniowe, w tym imi\u0119 i nazwisko, adres i dane kontaktowe.<\/li>\n<li><strong>Szczeg\u00f3\u0142y wysy\u0142ki<\/strong>: Podaj dane do wysy\u0142ki, je\u015bli r\u00f3\u017cni\u0105 si\u0119 od danych do faktury.<\/li>\n<li><strong>Metoda p\u0142atno\u015bci<\/strong>: Wybierz preferowan\u0105 metod\u0119 p\u0142atno\u015bci.<\/li>\n<li><strong>Sprawd\u017a swoje zam\u00f3wienie<\/strong>: Dok\u0142adnie sprawd\u017a wszystkie szczeg\u00f3\u0142y, w tym pozycje, ilo\u015bci i \u0142\u0105czn\u0105 kwot\u0119.<\/li>\n<li><strong>Z\u0142\u00f3\u017c zam\u00f3wienie<\/strong>: Kliknij przycisk \"Z\u0142\u00f3\u017c zam\u00f3wienie\", aby sfinalizowa\u0107 zakup.<\/li>\n<\/ol>\n<p><a href=\"https:\/\/i0.wp.com\/aiviouvapes.com\/wp-content\/uploads\/2024\/08\/checkout.png?ssl=1\"><img data-recalc-dims=\"1\" loading=\"lazy\" decoding=\"async\" title=\"Jak zamawia\u0107\" class=\"alignnone size-full wp-image-9273\" src=\"https:\/\/i0.wp.com\/aiviouvapes.com\/wp-content\/uploads\/2024\/08\/checkout.png?resize=1020%2C638&#038;ssl=1\" alt=\"Jak zamawia\u0107\" width=\"1020\" height=\"638\" srcset=\"https:\/\/i0.wp.com\/aiviouvapes.com\/wp-content\/uploads\/2024\/08\/checkout.png?w=1328&amp;ssl=1 1328w, https:\/\/i0.wp.com\/aiviouvapes.com\/wp-content\/uploads\/2024\/08\/checkout.png?resize=300%2C188&amp;ssl=1 300w, https:\/\/i0.wp.com\/aiviouvapes.com\/wp-content\/uploads\/2024\/08\/checkout.png?resize=1024%2C640&amp;ssl=1 1024w, https:\/\/i0.wp.com\/aiviouvapes.com\/wp-content\/uploads\/2024\/08\/checkout.png?resize=768%2C480&amp;ssl=1 768w, https:\/\/i0.wp.com\/aiviouvapes.com\/wp-content\/uploads\/2024\/08\/checkout.png?resize=18%2C12&amp;ssl=1 18w, https:\/\/i0.wp.com\/aiviouvapes.com\/wp-content\/uploads\/2024\/08\/checkout.png?resize=800%2C500&amp;ssl=1 800w\" sizes=\"auto, (max-width: 1020px) 100vw, 1020px\" \/><\/a><\/p>\n<h2>Krok 6: Potwierdzenie zam\u00f3wienia<\/h2>\n<ol>\n<li><strong>Wiadomo\u015b\u0107 potwierdzaj\u0105ca<\/strong>: Na ekranie pojawi si\u0119 wiadomo\u015b\u0107 z potwierdzeniem zam\u00f3wienia wraz z numerem zam\u00f3wienia.<\/li>\n<li><strong>Potwierdzenie e-mail<\/strong>: Sprawd\u017a poczt\u0119 e-mail, aby otrzyma\u0107 wiadomo\u015b\u0107 potwierdzaj\u0105c\u0105 ze wszystkimi szczeg\u00f3\u0142ami zam\u00f3wienia.<\/li>\n<\/ol>\n<div class=\"row align-middle\"  id=\"row-1746020412\">\n\n\t<div id=\"col-965169697\" class=\"col small-12 large-12\"  >\n\t\t\t\t<div class=\"col-inner text-center\"  >\n\t\t\t\n\t\t\t\n<a href=\"https:\/\/aiviouvapes.com\/pl\/shop\/\" class=\"button primary is-shade is-larger box-shadow-4 box-shadow-5-hover\" style=\"border-radius:10px;\">\n\t\t<span>Kup teraz<\/span>\n\t<\/a>\n\n\t\t<\/div>\n\t\t\t\t\n<style>\n#col-965169697 > .col-inner {\n  padding: 20px 0px 0px 0px;\n}\n<\/style>\n\t<\/div>\n\n\t\n<\/div>","protected":false},"excerpt":{"rendered":"<p>How to Buy Vapes on AIVIOU VAPES (with Pictures) Welcome to AIVIOU VAPES! Follow these simple steps to purchase your favorite disposable vapes from our online store. Step 1: Browse Our Collection Visit our Homepage: Go to\u00a0AIVIOUVAPES.com. Navigate to Products: Click on the \u201cSHOP\u201d menu at the top of the page. Step 2: Select Your [&#8230;]\n","protected":false},"author":1,"featured_media":0,"parent":0,"menu_order":0,"comment_status":"closed","ping_status":"closed","template":"page-blank-title-center.php","meta":{"footnotes":""},"class_list":["post-9102","page","type-page","status-publish","hentry"],"jetpack_sharing_enabled":true,"_links":{"self":[{"href":"https:\/\/aiviouvapes.com\/pl\/wp-json\/wp\/v2\/pages\/9102","targetHints":{"allow":["GET"]}}],"collection":[{"href":"https:\/\/aiviouvapes.com\/pl\/wp-json\/wp\/v2\/pages"}],"about":[{"href":"https:\/\/aiviouvapes.com\/pl\/wp-json\/wp\/v2\/types\/page"}],"author":[{"embeddable":true,"href":"https:\/\/aiviouvapes.com\/pl\/wp-json\/wp\/v2\/users\/1"}],"replies":[{"embeddable":true,"href":"https:\/\/aiviouvapes.com\/pl\/wp-json\/wp\/v2\/comments?post=9102"}],"version-history":[{"count":0,"href":"https:\/\/aiviouvapes.com\/pl\/wp-json\/wp\/v2\/pages\/9102\/revisions"}],"wp:attachment":[{"href":"https:\/\/aiviouvapes.com\/pl\/wp-json\/wp\/v2\/media?parent=9102"}],"curies":[{"name":"wp","href":"https:\/\/api.w.org\/{rel}","templated":true}]}}