{"id":80783,"date":"2025-11-05T12:53:51","date_gmt":"2025-11-05T04:53:51","guid":{"rendered":"https:\/\/aiviouvapes.com\/?page_id=80783"},"modified":"2025-11-05T13:10:35","modified_gmt":"2025-11-05T05:10:35","slug":"why-waspe-100k-4-in-1-outshines-vapsolo-triple-30k","status":"publish","type":"page","link":"https:\/\/aiviouvapes.com\/pl\/why-waspe-100k-4-in-1-outshines-vapsolo-triple-30k\/","title":{"rendered":"Dlaczego WASPE 100K 4-w-1 przewy\u017csza VapSolo Triple 30K?"},"content":{"rendered":"<div id=\"tab-description\" class=\"woocommerce-Tabs-panel woocommerce-Tabs-panel--description panel entry-content active\" style=\"font-family: Arial, sans-serif; line-height: 1.6; color: #333;\" role=\"tabpanel\" aria-labelledby=\"tab-title-description\">\n<h2 style=\"color: #2c3e50; border-bottom: 2px solid #3498db; padding-bottom: 10px; margin-bottom: 20px;\">Zastanawiasz si\u0119 nad VapSolo Triple 30K? Odkryj dlaczego WASPE 100K 4-w-1 to lepszy wyb\u00f3r!<\/h2>\n<p style=\"margin-bottom: 20px;\">Rozumiemy atrakcyjno\u015b\u0107 VapSolo Triple 30K - to niezawodny waporyzator z dobrymi funkcjami. Je\u015bli jednak szukasz wi\u0119kszej liczby zaci\u0105gni\u0119\u0107, dodatkowych opcji smakowych i lepszej warto\u015bci, z przyjemno\u015bci\u0105 polecamy WASPE 100K 4-w-1 jako doskona\u0142\u0105 alternatyw\u0119. To jak przej\u015bcie na urz\u0105dzenie, kt\u00f3re dzia\u0142a d\u0142u\u017cej i oferuje wi\u0119cej bez kompromis\u00f3w w zakresie jako\u015bci. Odkryjmy, dlaczego ten prze\u0142\u0105cznik mo\u017ce podnie\u015b\u0107 twoje wra\u017cenia z waporyzacji!<\/p>\n<h3 style=\"color: #2980b9; margin-bottom: 15px;\">Przedstawiamy opcj\u0119 Superior: WASPE 100K 4-w-1<\/h3>\n<p style=\"margin-bottom: 20px;\">Model WASPE 100K 4 w 1 zosta\u0142 zaprojektowany z my\u015bl\u0105 o najwy\u017cszej wygodzie i wydajno\u015bci, zapewniaj\u0105c bogate smaki i wyd\u0142u\u017con\u0105 \u017cywotno\u015b\u0107. Idealne dla waper\u00f3w, kt\u00f3rzy wymagaj\u0105 r\u00f3\u017cnorodno\u015bci i niezawodno\u015bci, urz\u0105dzenie to zapewnia maksymalne wykorzystanie ka\u017cdego zaci\u0105gni\u0119cia. Przywitaj si\u0119 z nowym ulubie\u0144cem!<\/p>\n<div style=\"display: flex; justify-content: space-around; flex-wrap: wrap; margin: 30px 0;\">\n<div style=\"border: 1px solid #ddd; border-radius: 10px; padding: 20px; text-align: center; width: 45%; box-shadow: 0 4px 8px rgba(0,0,0,0.1); margin-bottom: 20px;\">\n<h4 style=\"color: #e74c3c; margin-top: 0; margin-bottom: 10px;\">Konkurent<\/h4>\n<p style=\"font-size: 1.5em; font-weight: bold; color: #34495e; margin-bottom: 10px;\"><a href=\"https:\/\/aiviouvapes.com\/pl\/produkt\/vapsolo-triple-30000-puffs\/\">VapSolo Triple 30K<\/a><\/p>\n<p><img loading=\"lazy\" decoding=\"async\" class=\"alignnone\" src=\"https:\/\/i0.wp.com\/aiviouvapes.com\/wp-content\/uploads\/2025\/06\/vapsolo-triple-30000-flavors1.jpg?fit=800%2C800&amp;ssl=1\" alt=\"vapsolo triple 30000 smak\u00f3w1\" width=\"353\" height=\"353\" title=\"\"><\/p>\n<p>Przyzwoity vape z potr\u00f3jnymi smakami i dobr\u0105 liczb\u0105 zaci\u0105gni\u0119\u0107, ale przyda\u0142oby si\u0119 ulepszenie, aby zapewni\u0107 d\u0142u\u017csz\u0105 satysfakcj\u0119!<\/p>\n<\/div>\n<div style=\"border: 1px solid #2ecc71; border-radius: 10px; padding: 20px; text-align: center; width: 45%; box-shadow: 0 4px 8px rgba(0,0,0,0.1); margin-bottom: 20px; background-color: #f0fff4;\">\n<h4 style=\"color: #27ae60; margin-top: 0; margin-bottom: 10px;\">Lepsza alternatywa<\/h4>\n<p style=\"font-size: 1.5em; font-weight: bold; color: #34495e; margin-bottom: 10px;\"><a style=\"color: #2980b9; text-decoration: none;\" href=\"https:\/\/aiviouvapes.com\/pl\/produkt\/waspe-4-in-1-100000-puffs\/\">WASPE 100K 4-w-1<\/a><\/p>\n<p><img loading=\"lazy\" decoding=\"async\" class=\"alignnone\" src=\"https:\/\/i0.wp.com\/aiviouvapes.com\/wp-content\/uploads\/2025\/07\/ce9ab875bcc8e8bad463b9393eb003fb.jpg?fit=800%2C800&amp;ssl=1\" alt=\"https:\/\/aiviouvapes.com\/product\/waspe-4-in-1-100000-puffs\/\" width=\"343\" height=\"343\" title=\"\"><\/p>\n<p>Oferuje poczw\u00f3rne smaki, ogromn\u0105 pojemno\u015b\u0107 i zaawansowan\u0105 technologi\u0119 zapewniaj\u0105c\u0105 najwy\u017cszej jako\u015bci, bezproblemow\u0105 podr\u00f3\u017c waporyzacyjn\u0105!<\/p>\n<\/div>\n<\/div>\n<p style=\"text-align: center;\"><a href=\"https:\/\/aiviouvapes.com\/pl\/produkt\/waspe-4-in-1-100000-puffs\/\" target=\"_blank\" class=\"button primary is-primary is-medium\" rel=\"noopener\" >\n\t\t<span>Kup teraz WASPE 100K<\/span>\n\t<\/a>\n\n<h3 style=\"color: #2980b9; margin-bottom: 15px;\">Side-by-Side: Jasne por\u00f3wnanie<\/h3>\n<p style=\"margin-bottom: 20px;\">Por\u00f3wnajmy specyfikacje, aby zobaczy\u0107, dlaczego WASPE przewy\u017csza VapSolo. Dla u\u0142atwienia wyr\u00f3\u017cnili\u015bmy kluczowe r\u00f3\u017cnice.<\/p>\n<table style=\"width: 100%; border-collapse: collapse; margin: 30px 0; box-shadow: 0 4px 8px rgba(0,0,0,0.1);\">\n<thead style=\"background-color: #3498db; color: white;\">\n<tr>\n<th style=\"padding: 12px; border: 1px solid #ddd; text-align: left;\">Cecha<\/th>\n<th style=\"padding: 12px; border: 1px solid #ddd; text-align: left;\">VapSolo Triple 30K<\/th>\n<th style=\"padding: 12px; border: 1px solid #ddd; text-align: left; background-color: #2ecc71;\">WASPE 100K 4-w-1 (najlepszy wyb\u00f3r!)<\/th>\n<\/tr>\n<\/thead>\n<tbody>\n<tr style=\"background-color: #f9f9f9;\">\n<td style=\"padding: 12px; border: 1px solid #ddd;\">Liczba zaci\u0105gni\u0119\u0107<\/td>\n<td style=\"padding: 12px; border: 1px solid #ddd;\">Do 30 000<\/td>\n<td style=\"padding: 12px; border: 1px solid #ddd;\">Do 100 000 (ponad 3x wi\u0119cej dla d\u0142u\u017cszej zabawy!)<\/td>\n<\/tr>\n<tr>\n<td style=\"padding: 12px; border: 1px solid #ddd;\">Pojemno\u015b\u0107 E-Liquid<\/td>\n<td style=\"padding: 12px; border: 1px solid #ddd;\">40 ml (3 zbiorniki ~13,3 ml)<\/td>\n<td style=\"padding: 12px; border: 1px solid #ddd;\">56 ml (4 zbiorniki na d\u0142u\u017csze sesje)<\/td>\n<\/tr>\n<tr style=\"background-color: #f9f9f9;\">\n<td style=\"padding: 12px; border: 1px solid #ddd;\">System aromat\u00f3w<\/td>\n<td style=\"padding: 12px; border: 1px solid #ddd;\">Potr\u00f3jne smaki z prze\u0142\u0105cznikiem obrotowym<\/td>\n<td style=\"padding: 12px; border: 1px solid #ddd;\">Cztery smaki (jeden dodatkowy dla wi\u0119kszej r\u00f3\u017cnorodno\u015bci!)<\/td>\n<\/tr>\n<tr>\n<td style=\"padding: 12px; border: 1px solid #ddd;\">Typ cewki<\/td>\n<td style=\"padding: 12px; border: 1px solid #ddd;\">Cewka z potr\u00f3jn\u0105 siatk\u0105 1,0\u03a9<\/td>\n<td style=\"padding: 12px; border: 1px solid #ddd;\">4 cewki siatkowe 1,0\u03a9 (sp\u00f3jna, bogata para)<\/td>\n<\/tr>\n<tr style=\"background-color: #f9f9f9;\">\n<td style=\"padding: 12px; border: 1px solid #ddd;\">Bateria<\/td>\n<td style=\"padding: 12px; border: 1px solid #ddd;\">Akumulator 650 mAh (typ C)<\/td>\n<td style=\"padding: 12px; border: 1px solid #ddd;\">Akumulator 650 mAh (typ C)<\/td>\n<\/tr>\n<tr>\n<td style=\"padding: 12px; border: 1px solid #ddd;\">Wy\u015bwietlacz<\/td>\n<td style=\"padding: 12px; border: 1px solid #ddd;\">Inteligentny wy\u015bwietlacz LCD (liczba zaci\u0105gni\u0119\u0107, bateria, smak)<\/td>\n<td style=\"padding: 12px; border: 1px solid #ddd;\">Wy\u015bwietlacz LED (monitorowanie baterii i e-cieczy)<\/td>\n<\/tr>\n<tr style=\"background-color: #f9f9f9;\">\n<td style=\"padding: 12px; border: 1px solid #ddd;\">Opcje nikotyny<\/td>\n<td style=\"padding: 12px; border: 1px solid #ddd;\">2%, 5%<\/td>\n<td style=\"padding: 12px; border: 1px solid #ddd;\">0%, 2%, 5%<\/td>\n<\/tr>\n<tr>\n<td style=\"padding: 12px; border: 1px solid #ddd;\">Ceny hurtowe (za sztuk\u0119, 400+)<\/td>\n<td style=\"padding: 12px; border: 1px solid #ddd;\">~\u20ac7.65<\/td>\n<td style=\"padding: 12px; border: 1px solid #ddd;\">~6,54 \u20ac (wi\u0119cej oszcz\u0119dno\u015bci!)<\/td>\n<\/tr>\n<tr style=\"background-color: #f9f9f9;\">\n<td style=\"padding: 12px; border: 1px solid #ddd;\">Dlaczego warto j\u0105 wybra\u0107?<\/td>\n<td style=\"padding: 12px; border: 1px solid #ddd;\">Dobra do umiarkowanego u\u017cytkowania z ergonomiczn\u0105 konstrukcj\u0105.<\/td>\n<td style=\"padding: 12px; border: 1px solid #ddd;\">Niezr\u00f3wnana trwa\u0142o\u015b\u0107 i warto\u015b\u0107 dla intensywnych vaper\u00f3w.<\/td>\n<\/tr>\n<\/tbody>\n<\/table>\n<h3 style=\"color: #2980b9; margin-bottom: 15px;\">Co wyr\u00f3\u017cnia WASPE 100K?<\/h3>\n<div style=\"background-color: #eafaf1; border-left: 5px solid #2ecc71; padding: 20px; margin: 20px 0; border-radius: 5px;\">\n<h4 style=\"color: #27ae60; margin-top: 0; margin-bottom: 15px;\">Przewaga WASPE: Wi\u0119cej wszystkiego!<\/h4>\n<ul style=\"list-style-type: none; padding: 0; margin: 0;\">\n<li style=\"margin-bottom: 10px;\">Potr\u00f3jna ilo\u015b\u0107 zaci\u0105gni\u0119\u0107: Dzi\u0119ki 100 000 zaci\u0105gni\u0119\u0107, WASPE dzia\u0142a znacznie d\u0142u\u017cej ni\u017c 30 000 zaci\u0105gni\u0119\u0107 VapSolo, minimalizuj\u0105c liczb\u0119 wymian i maksymalizuj\u0105c wygod\u0119.<\/li>\n<li style=\"margin-bottom: 10px;\">Dodatkowa r\u00f3\u017cnorodno\u015b\u0107 smak\u00f3w: Cztery smaki oznaczaj\u0105 wi\u0119cej opcji do wyboru, zapobiegaj\u0105c nudzie i zwi\u0119kszaj\u0105c satysfakcj\u0119 - brak przenikania si\u0119 smak\u00f3w dzi\u0119ki oddzielnym zbiornikom.<\/li>\n<li style=\"margin-bottom: 10px;\">Wi\u0119ksza pojemno\u015b\u0107 dla mniej k\u0142opot\u00f3w: 56 ml e-liquidu zapewnia d\u0142u\u017csze sesje, w po\u0142\u0105czeniu z poczw\u00f3rnymi cewkami siatkowymi dla p\u0142ynnych, intensywnych uderze\u0144 za ka\u017cdym razem.<\/li>\n<li style=\"margin-bottom: 10px;\">Funkcje przyjazne dla u\u017cytkownika: Akumulatorowa konstrukcja, wy\u015bwietlacz LED i ergonomiczna budowa sprawiaj\u0105, \u017ce jest on dost\u0119pny dla wszystkich vaper\u00f3w, z pozytywnymi opiniami na temat czysto\u015bci smaku i jako\u015bci pary.<\/li>\n<li>\n<p dir=\"auto\">Ekonomiczne opcje hurtowe: WASPE oferuje elastyczne ceny zaczynaj\u0105ce si\u0119 od niskiego MOQ wynosz\u0105cego zaledwie 10 sztuk, dzi\u0119ki czemu jest dost\u0119pny dla ma\u0142ych zam\u00f3wie\u0144 lub test\u00f3w - w przeciwie\u0144stwie do VapSolo, kt\u00f3re wymaga minimum 1000 sztuk przy wy\u017cszych kosztach jednostkowych dla mniejszych nabywc\u00f3w. Jest to prze\u0142omowe rozwi\u0105zanie dla vaper\u00f3w lub sklep\u00f3w, kt\u00f3re chc\u0105 zam\u00f3wi\u0107 kilka sztuk bez anga\u017cowania si\u0119 w ogromne ilo\u015bci, cho\u0107 og\u00f3lne do\u015bwiadczenie VapSolo nie dor\u00f3wnuje doskona\u0142ej trwa\u0142o\u015bci i funkcjom WASPE. Tymczasem ni\u017csze ceny w wi\u0119kszych ilo\u015bciach sprawiaj\u0105, \u017ce WASPE jest idealny dla hurtownik\u00f3w lub zapalonych u\u017cytkownik\u00f3w, kt\u00f3rzy chc\u0105 zaoszcz\u0119dzi\u0107. Oto kr\u00f3tkie zestawienie cen:<\/p>\n<p dir=\"auto\"><strong>WASPE Ceny:<\/strong><\/p>\n<ul dir=\"auto\">\n<li>10-29: 12,10 \u20ac za sztuk\u0119<\/li>\n<li>30-49: 9,63 \u20ac za sztuk\u0119<\/li>\n<li>50-99: 7,90 \u20ac za sztuk\u0119<\/li>\n<li>100-199: 7,65 \u20ac za sztuk\u0119<\/li>\n<li>200-399: 6,99 \u20ac za sztuk\u0119<\/li>\n<li>400+: 6,54 \u20ac za sztuk\u0119<\/li>\n<\/ul>\n<p dir=\"auto\"><strong>Cennik VapSolo:<\/strong><\/p>\n<ul dir=\"auto\">\n<li>1,000-1,999: 8,52 \u20ac za sztuk\u0119<\/li>\n<li>2 000+: 7,65 \u20ac za sztuk\u0119<\/li>\n<\/ul>\n<\/li>\n<\/ul>\n<\/div>\n<p style=\"text-align: center;\"><a href=\"https:\/\/aiviouvapes.com\/pl\/produkt\/waspe-4-in-1-100000-puffs\/\" target=\"_blank\" class=\"button secondary is-secondary is-medium\" rel=\"noopener\" >\n\t\t<span>Get WASPE 100K Wholesale<\/span>\n\t<\/a>\n\n<h3 style=\"color: #2980b9; margin-bottom: 15px;\">Rozwi\u0105zywanie typowych problem\u00f3w<\/h3>\n<div style=\"background-color: #f4f6f7; border-radius: 8px; padding: 20px; margin-bottom: 20px;\">\n<div style=\"margin-bottom: 15px;\">\n<h4 style=\"font-weight: bold; color: #34495e; margin: 0;\">\ud83e\udd14 \u201cVapSolo ma fantazyjny wy\u015bwietlacz LCD - czy WASPE mu dor\u00f3wnuje?\u201d.\u201d<\/h4>\n<p style=\"margin-top: 5px; margin-bottom: 0;\">Wy\u015bwietlacz LED WASPE jest intuicyjny i pokazuje najwa\u017cniejsze informacje, takie jak poziom baterii i e-cieczy. Podczas gdy ekran VapSolo jest szczeg\u00f3\u0142owy, WASPE przedk\u0142ada niezawodno\u015b\u0107 i d\u0142ugowieczno\u015b\u0107 nad dodatki.<\/p>\n<\/div>\n<div style=\"margin-bottom: 15px;\">\n<h4 style=\"font-weight: bold; color: #34495e; margin: 0;\">\ud83e\udd14 \u201cCzy WASPE jest r\u00f3wnie przeno\u015bny i \u0142atwy w u\u017cyciu?\u201d<\/h4>\n<p style=\"margin-top: 5px; margin-bottom: 0;\">Tak! Jest kompaktowy, lekki i wyposa\u017cony w prosty prze\u0142\u0105cznik smak\u00f3w. Podobnie jak VapSolo, mo\u017cna go \u0142adowa\u0107 przez Type-C i jest gotowy do waporyzacji w podr\u00f3\u017cy.<\/p>\n<\/div>\n<div>\n<h4 style=\"font-weight: bold; color: #34495e; margin: 0;\">\u201cA co z aromatami i podobn\u0105 jako\u015bci\u0105 nikotyny?\u201d<\/h4>\n<p style=\"margin-top: 5px; margin-bottom: 0;\">WASPE oferuje r\u00f3\u017cnorodne kombinacje, takie jak Watermelon Ice i Strawberry Kiwi, z nikotyn\u0105 0-5%. U\u017cytkownicy chwal\u0105 jego czyste, intensywne smaki, cz\u0119sto zauwa\u017caj\u0105c lepsz\u0105 konsystencj\u0119 ni\u017c konkurenci.<\/p>\n<\/div>\n<\/div>\n<h3 style=\"color: #2980b9; margin-top: 40px; text-align: left; margin-bottom: 15px;\">Gotowy na ulepszenie swojego Vape?<\/h3>\n<p style=\"font-size: 1.1em; text-align: left; margin-bottom: 0;\">Przej\u015bcie na WASPE 100K 4-w-1 oznacza wi\u0119cej zaci\u0105gni\u0119\u0107, wi\u0119cej smak\u00f3w i wi\u0119cej oszcz\u0119dno\u015bci. To nie tylko zamiennik - to ulepszenie rutyny waporyzacji. Sprawd\u017a ju\u017c dzi\u015b i poczuj r\u00f3\u017cnic\u0119!<\/p>\n<p style=\"text-align: center;\"><a href=\"https:\/\/aiviouvapes.com\/pl\/produkt\/waspe-4-in-1-100000-puffs\/\" target=\"_blank\" class=\"button primary is-primary is-medium\" rel=\"noopener\" >\n\t\t<span>Sklep WASPE 100K tutaj<\/span>\n\t<\/a>\n\n<div id=\"row-210236194\" class=\"row row-collapse\" style=\"margin-top: 20px;\">\n<div id=\"col-1507800244\" class=\"col small-12 large-12\"><\/div>\n<\/div>\n<\/div>","protected":false},"excerpt":{"rendered":"<p>Considering the VapSolo Triple 30K? Discover Why WASPE 100K 4-in-1 is the Better Choice! We understand the appeal of the VapSolo Triple 30K\u2014it&#8217;s a reliable vape with good features. However, if you&#8217;re looking for more puffs, extra flavor options, and better value, we&#8217;re excited to recommend the WASPE 100K 4-in-1 as the superior alternative. It&#8217;s [&#8230;]\n","protected":false},"author":2170,"featured_media":0,"parent":0,"menu_order":0,"comment_status":"closed","ping_status":"closed","template":"","meta":{"footnotes":""},"class_list":["post-80783","page","type-page","status-publish","hentry"],"jetpack_sharing_enabled":true,"_links":{"self":[{"href":"https:\/\/aiviouvapes.com\/pl\/wp-json\/wp\/v2\/pages\/80783","targetHints":{"allow":["GET"]}}],"collection":[{"href":"https:\/\/aiviouvapes.com\/pl\/wp-json\/wp\/v2\/pages"}],"about":[{"href":"https:\/\/aiviouvapes.com\/pl\/wp-json\/wp\/v2\/types\/page"}],"author":[{"embeddable":true,"href":"https:\/\/aiviouvapes.com\/pl\/wp-json\/wp\/v2\/users\/2170"}],"replies":[{"embeddable":true,"href":"https:\/\/aiviouvapes.com\/pl\/wp-json\/wp\/v2\/comments?post=80783"}],"version-history":[{"count":6,"href":"https:\/\/aiviouvapes.com\/pl\/wp-json\/wp\/v2\/pages\/80783\/revisions"}],"predecessor-version":[{"id":80792,"href":"https:\/\/aiviouvapes.com\/pl\/wp-json\/wp\/v2\/pages\/80783\/revisions\/80792"}],"wp:attachment":[{"href":"https:\/\/aiviouvapes.com\/pl\/wp-json\/wp\/v2\/media?parent=80783"}],"curies":[{"name":"wp","href":"https:\/\/api.w.org\/{rel}","templated":true}]}}