{"id":70,"date":"2024-08-12T12:55:00","date_gmt":"2024-08-12T12:55:00","guid":{"rendered":"https:\/\/aiviouvapes.com\/?page_id=70"},"modified":"2026-03-12T10:34:37","modified_gmt":"2026-03-12T02:34:37","slug":"about","status":"publish","type":"page","link":"https:\/\/aiviouvapes.com\/pl\/about\/","title":{"rendered":"O nas"},"content":{"rendered":"<div class=\"row\"  id=\"row-80528521\">\n\n\t<div id=\"col-1624202070\" class=\"col medium-6 small-12 large-6\"  >\n\t\t\t\t<div class=\"col-inner\"  >\n\t\t\t\n\t\t\t\n\t<div class=\"img has-hover x md-x lg-x y md-y lg-y\" id=\"image_376371204\">\n\t\t\t\t\t\t\t\t<div class=\"img-inner dark\" >\n\t\t\t<img data-recalc-dims=\"1\" loading=\"lazy\" decoding=\"async\" width=\"1020\" height=\"1360\" src=\"https:\/\/i0.wp.com\/aiviouvapes.com\/wp-content\/uploads\/2025\/04\/waspe-60k4.jpg?resize=1020%2C1360&#038;ssl=1\" class=\"attachment-original size-original\" alt=\"waspe 60k\" srcset=\"https:\/\/i0.wp.com\/aiviouvapes.com\/wp-content\/uploads\/2025\/04\/waspe-60k4.jpg?w=1440&amp;ssl=1 1440w, https:\/\/i0.wp.com\/aiviouvapes.com\/wp-content\/uploads\/2025\/04\/waspe-60k4.jpg?resize=225%2C300&amp;ssl=1 225w, https:\/\/i0.wp.com\/aiviouvapes.com\/wp-content\/uploads\/2025\/04\/waspe-60k4.jpg?resize=768%2C1024&amp;ssl=1 768w, https:\/\/i0.wp.com\/aiviouvapes.com\/wp-content\/uploads\/2025\/04\/waspe-60k4.jpg?resize=1152%2C1536&amp;ssl=1 1152w, https:\/\/i0.wp.com\/aiviouvapes.com\/wp-content\/uploads\/2025\/04\/waspe-60k4.jpg?resize=9%2C12&amp;ssl=1 9w, https:\/\/i0.wp.com\/aiviouvapes.com\/wp-content\/uploads\/2025\/04\/waspe-60k4.jpg?resize=1320%2C1760&amp;ssl=1 1320w, https:\/\/i0.wp.com\/aiviouvapes.com\/wp-content\/uploads\/2025\/04\/waspe-60k4.jpg?resize=800%2C1067&amp;ssl=1 800w\" sizes=\"auto, (max-width: 1020px) 100vw, 1020px\" title=\"\">\t\t\t\t\t\t\n\t\t\t\t\t<\/div>\n\t\t\t\t\t\t\t\t\n<style>\n#image_376371204 {\n  width: 100%;\n}\n<\/style>\n\t<\/div>\n\t\n<p>CC Toyar Trade Co., Limited<br \/>Adres: UNIT D18, 3\/F WONG KING IND<br \/>BLDG NO.2-4 TAI YAU ST SAN PO KONG<br \/>HONGKONG<\/p>\n\t\t<\/div>\n\t\t\t\t\t<\/div>\n\n\t\n\n\t<div id=\"col-1984546754\" class=\"col medium-6 small-12 large-6\"  >\n\t\t\t\t<div class=\"col-inner\"  >\n\t\t\t\n\t\t\t\n<div class=\"container section-title-container\" ><h3 class=\"section-title section-title-normal\"><b aria-hidden=\"true\"><\/b><span class=\"section-title-main\" >Kupuj hurtowo jednorazowe waporyzatory online w AIVIOU VAPES<\/span><b aria-hidden=\"true\"><\/b><\/h3><\/div>\n<p dir=\"auto\">Witamy w\u00a0<a href=\"https:\/\/aiviouvapes.com\/pl\/\">Aiviouvapes<\/a>, najwa\u017cniejsze miejsce online dla\u00a0<a href=\"https:\/\/aiviouvapes.com\/pl\/\">vape jednorazowe<\/a>. Z bogat\u0105 histori\u0105 obejmuj\u0105c\u0105 ponad 5 lat w bran\u017cy, jeste\u015bmy dumni z oferowania r\u00f3\u017cnorodnej gamy najlepszych marek, takich jak Bang King, Al Fakher Vape, Vapeme, Waspe, RandM Tornado, Bang Box i nie tylko.<\/p>\n<p dir=\"auto\">W Aiviouvapes jeste\u015bmy synonimem doskona\u0142o\u015bci w \u015bwiecie waporyzacji elektronicznej. Nasze produkty dotar\u0142y do wielu kraj\u00f3w na ca\u0142ym \u015bwiecie, co jest \u015bwiadectwem naszego zaanga\u017cowania w jako\u015b\u0107 i zadowolenie klient\u00f3w. Jako do\u015bwiadczeni profesjonali\u015bci w dziedzinie dystrybucji e-papieros\u00f3w, zaspokajamy zar\u00f3wno potrzeby detaliczne, jak i hurtowe, zapewniaj\u0105c naszym klientom najlepsze produkty i us\u0142ugi na rynku.<\/p>\n<p dir=\"auto\">Nasza strona internetowa, aiviouvapes.com, s\u0142u\u017cy jako centrum zar\u00f3wno dla entuzjast\u00f3w, jak i nowicjuszy, zapewniaj\u0105c p\u0142ynne zakupy i szeroki wyb\u00f3r\u00a0<a href=\"https:\/\/aiviouvapes.com\/pl\/kategoria-produktu\/waspe\/\">jednorazowy e-papieros<\/a>\u00a0opcje. Niezale\u017cnie od tego, czy szukasz najnowszych innowacji, czy ponadczasowych klasyk\u00f3w, Aiviouvapes jest Twoim zaufanym partnerem w \u015bwiecie waporyzacji.<\/p>\n<p dir=\"auto\">Do\u0142\u0105cz do nas w tej podr\u00f3\u017cy, poniewa\u017c nadal na nowo definiujemy standardy doskona\u0142o\u015bci w\u00a0<a href=\"https:\/\/aiviouvapes.com\/pl\/shop\/\">jednorazowe vape<\/a>\u00a0przemys\u0142. Poczuj r\u00f3\u017cnic\u0119 dzi\u0119ki Aiviouvapes - gdzie jako\u015b\u0107, r\u00f3\u017cnorodno\u015b\u0107 i zadowolenie klienta zbiegaj\u0105 si\u0119 p\u0142ynnie.<\/p>\n<p><strong>E-mail:<\/strong>\u00a0<a href=\"mailto:support@aiviouvapes.com\">support@aiviouvapes.com<\/a><\/p>\n<p style=\"display: none;\"><strong>WhatsApp:<\/strong>\u00a0<a href=\"https:\/\/api.whatsapp.com\/send?phone=8618241953968\" rel=\"noopener\">+8618241953968<\/a><\/p>\n<p><strong>Aiviou Vape Technology Co., Ltd (Aivio Vapes Technology Co., Ltd, Aiviou Vapes Technology Co., Ltd)<\/strong><\/p>\n\t<div class=\"img has-hover x md-x lg-x y md-y lg-y\" id=\"image_1304466893\">\n\t\t\t\t\t\t\t\t<div class=\"img-inner dark\" >\n\t\t\t<img data-recalc-dims=\"1\" loading=\"lazy\" decoding=\"async\" width=\"1020\" height=\"765\" src=\"https:\/\/i0.wp.com\/aiviouvapes.com\/wp-content\/uploads\/2026\/03\/aiviouvapes-warehouse.jpg?resize=1020%2C765&#038;ssl=1\" class=\"attachment-original size-original\" alt=\"magazyn aiviouvapes\" srcset=\"https:\/\/i0.wp.com\/aiviouvapes.com\/wp-content\/uploads\/2026\/03\/aiviouvapes-warehouse.jpg?w=1706&amp;ssl=1 1706w, https:\/\/i0.wp.com\/aiviouvapes.com\/wp-content\/uploads\/2026\/03\/aiviouvapes-warehouse.jpg?resize=300%2C225&amp;ssl=1 300w, https:\/\/i0.wp.com\/aiviouvapes.com\/wp-content\/uploads\/2026\/03\/aiviouvapes-warehouse.jpg?resize=1024%2C768&amp;ssl=1 1024w, https:\/\/i0.wp.com\/aiviouvapes.com\/wp-content\/uploads\/2026\/03\/aiviouvapes-warehouse.jpg?resize=768%2C576&amp;ssl=1 768w, https:\/\/i0.wp.com\/aiviouvapes.com\/wp-content\/uploads\/2026\/03\/aiviouvapes-warehouse.jpg?resize=1536%2C1152&amp;ssl=1 1536w, https:\/\/i0.wp.com\/aiviouvapes.com\/wp-content\/uploads\/2026\/03\/aiviouvapes-warehouse.jpg?resize=16%2C12&amp;ssl=1 16w, https:\/\/i0.wp.com\/aiviouvapes.com\/wp-content\/uploads\/2026\/03\/aiviouvapes-warehouse.jpg?resize=800%2C600&amp;ssl=1 800w\" sizes=\"auto, (max-width: 1020px) 100vw, 1020px\" title=\"\">\t\t\t\t\t\t\n\t\t\t\t\t<\/div>\n\t\t\t\t\t\t\t\t\n<style>\n#image_1304466893 {\n  width: 100%;\n}\n<\/style>\n\t<\/div>\n\t\n<a href=\"https:\/\/aiviouvapes.com\/pl\/shop\/\" class=\"button primary is-outline is-larger\">\n\t\t<span>Odwied\u017a sklep!<\/span>\n\t<\/a>\n\n\t\t<\/div>\n\t\t\t\t\t<\/div>\n\n\t\n<\/div>","protected":false},"excerpt":{"rendered":"","protected":false},"author":1,"featured_media":0,"parent":0,"menu_order":0,"comment_status":"closed","ping_status":"closed","template":"","meta":{"footnotes":""},"class_list":["post-70","page","type-page","status-publish","hentry"],"jetpack_sharing_enabled":true,"_links":{"self":[{"href":"https:\/\/aiviouvapes.com\/pl\/wp-json\/wp\/v2\/pages\/70","targetHints":{"allow":["GET"]}}],"collection":[{"href":"https:\/\/aiviouvapes.com\/pl\/wp-json\/wp\/v2\/pages"}],"about":[{"href":"https:\/\/aiviouvapes.com\/pl\/wp-json\/wp\/v2\/types\/page"}],"author":[{"embeddable":true,"href":"https:\/\/aiviouvapes.com\/pl\/wp-json\/wp\/v2\/users\/1"}],"replies":[{"embeddable":true,"href":"https:\/\/aiviouvapes.com\/pl\/wp-json\/wp\/v2\/comments?post=70"}],"version-history":[{"count":8,"href":"https:\/\/aiviouvapes.com\/pl\/wp-json\/wp\/v2\/pages\/70\/revisions"}],"predecessor-version":[{"id":114619,"href":"https:\/\/aiviouvapes.com\/pl\/wp-json\/wp\/v2\/pages\/70\/revisions\/114619"}],"wp:attachment":[{"href":"https:\/\/aiviouvapes.com\/pl\/wp-json\/wp\/v2\/media?parent=70"}],"curies":[{"name":"wp","href":"https:\/\/api.w.org\/{rel}","templated":true}]}}